{"id":9970,"date":"2024-11-01T05:48:12","date_gmt":"2024-11-01T12:48:12","guid":{"rendered":"https:\/\/covers4car.wpenginepowered.com\/?page_id=9970"},"modified":"2025-07-24T17:18:37","modified_gmt":"2025-07-25T00:18:37","slug":"terms-of-service","status":"publish","type":"page","link":"https:\/\/covers4car.com\/at\/terms-of-service\/","title":{"rendered":"Servicebedingungen"},"content":{"rendered":"<h2 class=\"wp-block-heading\" id=\"h-terms-of-service\">Servicebedingungen<\/h2>\n\n\n\n<p>Willkommen im <strong>abdeckungen4car.com<\/strong> Website. Durch den Zugriff auf und die Nutzung dieser Website erkl\u00e4ren Sie sich mit den folgenden Bedingungen (der \u201eVereinbarung\u201c) einverstanden. Diese Vereinbarung regelt Ihre Nutzung der Dienste, Funktionen und Inhalte von <strong>Covers4Car<\/strong> (im Folgenden als \u201ewir\u201c, \u201euns\u201c oder \u201eunser\u201c bezeichnet). Dar\u00fcber hinaus, wenn Sie irgendwelche <strong>abdeckungen4car.com<\/strong> Wenn Sie einen Service nutzen (z. B. Kundenrezensionen), unterliegen Sie den f\u00fcr diese Dienste geltenden Regeln, Richtlinien, Bestimmungen und Bedingungen, die hiermit durch Bezugnahme in diese Vereinbarung aufgenommen werden. Wir behalten uns das Recht vor, diese Website und diese Bedingungen jederzeit zu \u00e4ndern.<\/p>\n\n\n\n<p><strong>Durch Ihren fortgesetzten Zugriff, das Browsen oder die sonstige Nutzung dieser Website erkl\u00e4ren Sie sich ausdr\u00fccklich mit allen in dieser Vereinbarung festgelegten Bedingungen einverstanden. Bitte lesen Sie diese Vereinbarung sorgf\u00e4ltig durch, bevor Sie fortfahren.<\/strong><\/p>\n\n\n\n<h3 class=\"wp-block-heading\">1. Nutzung der Site<\/h3>\n\n\n\n<p>Sie erkl\u00e4ren und garantieren, dass Sie mindestens 18 Jahre alt sind oder unter der direkten Aufsicht eines Elternteils oder Erziehungsberechtigten auf diese Website zugreifen. Vorbehaltlich der Bedingungen dieser Vereinbarung <strong>abdeckungen4car.com<\/strong> gew\u00e4hrt Ihnen hiermit eine beschr\u00e4nkte, widerrufliche, nicht \u00fcbertragbare und nicht exklusive Lizenz f\u00fcr den Zugriff auf und die Nutzung der Website durch Anzeige in Ihrem Internetbrowser ausschlie\u00dflich zum Zwecke des Einkaufs von pers\u00f6nlichen Artikeln, die auf der Website verkauft werden, und nicht f\u00fcr kommerzielle Zwecke oder die Nutzung im Auftrag Dritter, es sei denn, dies ist ausdr\u00fccklich gestattet durch <strong>abdeckungen4car.com<\/strong> im Voraus schriftlich. Jeder Versto\u00df gegen diese Vereinbarung f\u00fchrt zum sofortigen und automatischen Widerruf der hierin gew\u00e4hrten Lizenz ohne vorherige Benachrichtigung an Sie.<\/p>\n\n\n\n<p>Sofern im vorhergehenden Absatz nicht ausdr\u00fccklich gestattet, ist es Ihnen untersagt, diese Website oder Teile davon zu reproduzieren, zu verteilen, anzuzeigen, zu verkaufen, zu vermieten, zu \u00fcbertragen, abgeleitete Werke davon zu erstellen, zu \u00fcbersetzen, zu modifizieren, zur\u00fcckzuentwickeln, zu disassemblieren, zu dekompilieren oder anderweitig zu nutzen, es sei denn, dies ist ausdr\u00fccklich gestattet durch <strong>abdeckungen4car.com<\/strong> schriftlich. Sie d\u00fcrfen die auf der Website bereitgestellten Informationen nicht kommerziell nutzen oder die Website zum Nutzen eines anderen Unternehmens nutzen, ohne die ausdr\u00fcckliche vorherige schriftliche Zustimmung von <strong>abdeckungen4car.com<\/strong>. Wir behalten uns das Recht vor, nach eigenem Ermessen Dienstleistungen zu verweigern, Konten zu schlie\u00dfen und\/oder Bestellungen zu stornieren, insbesondere wenn wir der Ansicht sind, dass das Verhalten des Kunden gegen geltendes Recht verst\u00f6\u00dft oder sch\u00e4dlich ist f\u00fcr <strong>Covers4Car<\/strong>&#039;s Interessen.<\/p>\n\n\n\n<p>Sie d\u00fcrfen \u00fcber diese Website keine Inhalte, Informationen oder sonstigen Materialien hochladen, verteilen oder anderweitig ver\u00f6ffentlichen, die: (a) Urheberrechte, Patente, Marken, Dienstleistungsmarken, Gesch\u00e4ftsgeheimnisse oder sonstige Eigentumsrechte einer Person verletzen oder gegen diese versto\u00dfen; (b) verleumderisch, bedrohlich, diffamierend, obsz\u00f6n, unanst\u00e4ndig oder pornografisch sind oder nach US-amerikanischem oder internationalem Recht zu zivil- oder strafrechtlicher Haftung f\u00fchren k\u00f6nnten; oder (c) Bugs, Viren, W\u00fcrmer, Hintert\u00fcren, Trojaner oder sonstige sch\u00e4dliche Codes oder Eigenschaften enthalten.<\/p>\n\n\n\n<p><strong>Covers4car.com<\/strong> kann Ihnen ein Passwort und eine Konto-ID zuweisen, um den Zugriff auf bestimmte Teile dieser Website zu erm\u00f6glichen. Jedes Mal, wenn Sie ein solches Passwort oder eine solche ID verwenden, gelten Sie als berechtigt, auf die Website zuzugreifen und sie in \u00dcbereinstimmung mit den Bedingungen dieser Vereinbarung zu nutzen. <strong>abdeckungen4car.com<\/strong> ist nicht verpflichtet, die Autorisierung oder Quelle eines solchen Zugriffs oder einer solchen Nutzung zu untersuchen.<\/p>\n\n\n\n<p>Sie sind allein verantwortlich f\u00fcr den Zugriff auf diese Website und deren Nutzung durch Personen, die das Ihnen urspr\u00fcnglich zugewiesene Passwort und die Ihnen zugewiesene Identifikation verwenden, unabh\u00e4ngig davon, ob dieser Zugriff und diese Nutzung tats\u00e4chlich von Ihnen autorisiert wurden. Dies umfasst, ohne Einschr\u00e4nkung, s\u00e4mtliche Kommunikationen, \u00dcbertragungen und alle Verpflichtungen (einschlie\u00dflich finanzieller Verpflichtungen), die durch diesen Zugriff und diese Nutzung entstehen. Sie sind allein verantwortlich f\u00fcr die Sicherheit und Vertraulichkeit des Ihnen zugewiesenen Passworts und der Ihnen zugewiesenen Identifikation. Sie sind verpflichtet, unverz\u00fcglich zu benachrichtigen <strong>abdeckungen4car.com<\/strong> \u00fcber die unbefugte Verwendung Ihres Passworts oder Ihrer Identifikation oder \u00fcber jeden anderen Versto\u00df oder drohenden Versto\u00df gegen die Sicherheit dieser Website.<\/p>\n\n\n\n<h3 class=\"wp-block-heading\">2. Bewertungen und Kommentare<\/h3>\n\n\n\n<p>Sofern in dieser Vereinbarung oder auf der Website nichts anderes bestimmt ist, gelten alle Inhalte, die Sie auf der Website einreichen oder ver\u00f6ffentlichen und\/oder bereitstellen <strong>abdeckungen4car.com<\/strong>, einschlie\u00dflich, aber nicht beschr\u00e4nkt auf Ideen, Know-how, Techniken, Fragen, Bewertungen, Kommentare und Vorschl\u00e4ge (zusammen \u201eEinreichungen\u201c), werden als nicht vertraulich und nicht urheberrechtlich gesch\u00fctzt behandelt. Mit der Einreichung oder Ver\u00f6ffentlichung gew\u00e4hren Sie unwiderruflich <strong>abdeckungen4car.com<\/strong> ein geb\u00fchrenfreies, weltweites, unbefristetes, unwiderrufliches, \u00fcbertragbares und unterlizenzierbares Recht und eine Lizenz zur Nutzung, Vervielf\u00e4ltigung, Verbreitung, Anzeige, Ver\u00f6ffentlichung, Auff\u00fchrung, zum Verkauf, zur Vermietung, zur \u00dcbertragung, Anpassung und Erstellung abgeleiteter Werke aus solchen Einsendungen mit allen Mitteln und in jeder Form sowie zur \u00dcbersetzung, \u00c4nderung, R\u00fcckentwicklung, Disassemblierung oder Dekompilierung solcher Einsendungen. Alle Einsendungen gehen automatisch in das alleinige und ausschlie\u00dfliche Eigentum von \u00fcber <strong>abdeckungen4car.com<\/strong> und wird nicht an Sie zur\u00fcckgegeben. Sie erkl\u00e4ren sich damit einverstanden, keine moralischen Rechte oder andere Rechte an geistigem Eigentum im Zusammenhang mit der Nutzung der Einsendungen durch <strong>abdeckungen4car.com<\/strong> in der Zukunft.<\/p>\n\n\n\n<p>Sie garantieren, dass Ihre Einsendungen, ganz oder teilweise, klar und frei von jeglichen Verletzungen geistiger Eigentumsrechte, Streitigkeiten oder Anspr\u00fcchen Dritter sind. <strong>Covers4car.com<\/strong> \u00fcbernimmt keine Haftung f\u00fcr den Missbrauch von Urheberrechten oder anderen Rechten Dritter durch Sie. Sie verpflichten sich, <strong>Covers4Car<\/strong> gegen jegliche Verluste, die durch die Verwendung der Eintr\u00e4ge f\u00fcr beliebige Zwecke entstehen.<\/p>\n\n\n\n<p>Zus\u00e4tzlich zu den Rechten, die f\u00fcr jede Einreichung gelten, gew\u00e4hren Sie, wenn Sie Kommentare oder Bewertungen auf der Site ver\u00f6ffentlichen, auch <strong>abdeckungen4car.com<\/strong> das Recht, den Namen, den Sie mit einer Bewertung, einem Kommentar oder anderen Inhalten, falls vorhanden, in Verbindung mit dieser Bewertung, diesem Kommentar oder anderen Inhalten zu verwenden. Sie erkl\u00e4ren und garantieren, dass Sie alle Rechte an den Bewertungen, Kommentaren und anderen Inhalten, die Sie auf dieser Website ver\u00f6ffentlichen, besitzen oder anderweitig kontrollieren und dass die Verwendung Ihrer Bewertungen, Kommentare oder anderen Inhalte durch <strong>abdeckungen4car.com<\/strong> wird nicht gegen die Rechte Dritter versto\u00dfen. Sie d\u00fcrfen keine falsche E-Mail-Adresse verwenden, sich als eine andere Person oder Organisation ausgeben oder auf andere Weise irref\u00fchren <strong>abdeckungen4car.com<\/strong> oder Drittparteien hinsichtlich der Herkunft jeglicher Einsendungen oder Inhalte. <strong>Covers4car.com<\/strong> kann, ist aber nicht verpflichtet, Einsendungen (einschlie\u00dflich Kommentare oder Bewertungen) aus beliebigen Gr\u00fcnden zu entfernen oder zu bearbeiten.<\/p>\n\n\n\n<h3 class=\"wp-block-heading\">3. Urheberrecht<\/h3>\n\n\n\n<p>Alle Texte, Grafiken, Fotos oder andere Bilder, Schaltfl\u00e4chensymbole, Audioclips, Logos, Slogans, Handelsnamen, Word-Software und andere Inhalte auf der Website von <strong>abdeckungen4car.com<\/strong> (zusammen \u201eInhalte\u201c) sind das ausschlie\u00dfliche Eigentum von <strong>abdeckungen4car.com<\/strong> oder den jeweiligen Inhaltsanbietern. Sie d\u00fcrfen die Inhalte nicht verwenden, reproduzieren, kopieren, \u00e4ndern, \u00fcbertragen, anzeigen, ver\u00f6ffentlichen, verkaufen, lizenzieren, \u00f6ffentlich vorf\u00fchren, verteilen oder kommerziell nutzen oder anderweitig \u00fcber die Inhalte in einer Weise verf\u00fcgen, die nicht durch <strong>abdeckungen4car.com<\/strong>, ohne <strong>abdeckungen4car.com<\/strong>ausdr\u00fcckliche vorherige schriftliche Zustimmung. Die Verwendung von Data Mining, Robotern oder \u00e4hnlichen Datenerfassungs- und Extraktionstools auf <strong>abdeckungen4car.com<\/strong>sowie die Verwendung von <strong>abdeckungen4car.com<\/strong> Marken oder Dienstleistungsmarken in Meta-Tags sind strengstens untersagt. Sie d\u00fcrfen die Inhalte ausschlie\u00dflich zu Ihrer pers\u00f6nlichen Information, zum Einkaufen und Bestellen auf der Website und zu keinem anderen Zweck ansehen und verwenden. Die Sammlung, Anordnung und Zusammenstellung aller Inhalte auf dieser Website (die \u201eZusammenstellung\u201c) geh\u00f6rt ausschlie\u00dflich <strong>abdeckungen4car.com<\/strong>. Sie d\u00fcrfen nicht verwenden <strong>abdeckungen4car.com<\/strong>Inhalte oder Zusammenstellungen von in irgendeiner Weise, die herabw\u00fcrdigt oder diskreditiert <strong>Covers4Car<\/strong> oder in einer Weise, die wahrscheinlich Verwirrung oder einen Versto\u00df gegen geltende Gesetze oder Vorschriften verursacht. Die gesamte auf dieser Site verwendete Software (die \u201eSoftware\u201c) ist Eigentum von <strong>abdeckungen4car.com<\/strong> und\/oder seinen Softwarelieferanten. Der Inhalt, die Zusammenstellung und die Software sind durch staatliche, nationale und internationale Urheberrechtsgesetze gesch\u00fctzt. Alle nicht ausdr\u00fccklich gew\u00e4hrten Rechte bleiben vorbehalten <strong>abdeckungen4car.com<\/strong>. Verst\u00f6\u00dfe werden im vollen Umfang des Gesetzes geahndet.<\/p>\n\n\n\n<h3 class=\"wp-block-heading\">4. Haftungsausschluss bez\u00fcglich Zugeh\u00f6rigkeit und Authentizit\u00e4t<\/h3>\n\n\n\n<p><strong>Covers4Car<\/strong> ist der Handelsname von <strong>Gotouchup Inc.<\/strong> Wir sind ein unabh\u00e4ngiger Einzelh\u00e4ndler f\u00fcr Autozubeh\u00f6r und sind weder mit einem Automobilhersteller verbunden noch werden wir von ihm unterst\u00fctzt oder haben eine offizielle Verbindung zu ihm.<\/p>\n\n\n\n<p>Alle Herstellernamen, Logos, Fahrzeugmarken\/-modelle und Beschreibungen in unseren Inhalten, Produktlisten und Bildern dienen ausschlie\u00dflich zu Identifikationszwecken. Unsere Produkte werden unabh\u00e4ngig entwickelt und bezogen und nicht von Dritten weiterverkauft, neu verpackt oder umbenannt. Es wird weder gefolgert noch impliziert, dass ein auf dieser Website verkauftes Produkt von einem Automobilhersteller autorisiert, direkt mit diesem verbunden oder in irgendeiner Weise mit ihm verbunden ist.<\/p>\n\n\n\n<h3 class=\"wp-block-heading\">5. K\u00fcndigung und Wirkung der K\u00fcndigung<\/h3>\n\n\n\n<p>Zus\u00e4tzlich zu allen anderen Rechtsmitteln oder Billigkeitsanspr\u00fcchen <strong>abdeckungen4car.com<\/strong> kann diesen Vertrag ohne vorherige Ank\u00fcndigung mit sofortiger Wirkung k\u00fcndigen oder alle oder einzelne Ihrer Rechte aus diesem Vertrag widerrufen. Bei K\u00fcndigung dieses Vertrags sind Sie verpflichtet, den Zugriff auf die Website und deren Nutzung unverz\u00fcglich einzustellen. <strong>Covers4car.com<\/strong> Zus\u00e4tzlich zu allen anderen Rechtsmitteln oder Billigkeitsrechten wird die Gesellschaft unverz\u00fcglich alle Ihnen zugeteilten Passw\u00f6rter und Kontoidentifikationen widerrufen und Ihnen den Zugriff auf diese Website und deren Nutzung ganz oder teilweise verweigern. Eine K\u00fcndigung dieser Vereinbarung ber\u00fchrt nicht die jeweiligen Rechte und Pflichten (einschlie\u00dflich, aber nicht beschr\u00e4nkt auf Zahlungsverpflichtungen) der Parteien, die vor dem K\u00fcndigungsdatum entstanden sind.<\/p>\n\n\n\n<h3 class=\"wp-block-heading\">6. Auftragsannahme<\/h3>\n\n\n\n<p>Bitte beachten Sie, dass es bestimmte Bestellungen geben kann, die wir nicht annehmen k\u00f6nnen und stornieren m\u00fcssen. <strong>Covers4car.com<\/strong> beh\u00e4lt sich das Recht vor, Bestellungen nach eigenem Ermessen aus beliebigem Grund abzulehnen oder zu stornieren. M\u00f6gliche Gr\u00fcnde f\u00fcr die Stornierung Ihrer Bestellung sind beispielsweise Mengenbeschr\u00e4nkungen, Ungenauigkeiten oder Fehler in Produkt- oder Preisinformationen oder Probleme, die von unserer Kredit- und Betrugspr\u00e4ventionsabteilung festgestellt wurden. Wir k\u00f6nnen au\u00dferdem zus\u00e4tzliche \u00dcberpr\u00fcfungen oder Informationen verlangen, bevor wir eine Bestellung annehmen. Wir werden Sie kontaktieren, wenn Ihre Bestellung ganz oder teilweise storniert wird oder wenn zus\u00e4tzliche Informationen zur Annahme Ihrer Bestellung erforderlich sind.<\/p>\n\n\n\n<h3 class=\"wp-block-heading\">7. Tippfehler<\/h3>\n\n\n\n<p>W\u00e4hrend <strong>abdeckungen4car.com<\/strong> ist bestrebt, genaue Produkt- und Preisinformationen bereitzustellen, es k\u00f6nnen jedoch Preis- oder Tippfehler auftreten. <strong>Covers4car.com<\/strong> Der Preis eines Artikels kann erst best\u00e4tigt werden, nachdem Sie eine Bestellung aufgegeben haben. F\u00fcr den Fall, dass ein Artikel aufgrund eines Fehlers bei der Preisgestaltung oder den Produktinformationen mit einem falschen Preis oder mit falschen Informationen aufgef\u00fchrt ist, <strong>abdeckungen4car.com<\/strong> haben das Recht, nach eigenem Ermessen alle Bestellungen f\u00fcr diesen Artikel abzulehnen oder zu stornieren. F\u00fcr den Fall, dass ein Artikel falsch ausgezeichnet ist, <strong>abdeckungen4car.com<\/strong> Wir k\u00f6nnen Sie nach eigenem Ermessen entweder um Anweisungen bitten oder Ihre Bestellung stornieren und Sie \u00fcber die Stornierung informieren.<\/p>\n\n\n\n<h3 class=\"wp-block-heading\">8. Rechtsmittel<\/h3>\n\n\n\n<p>Sie stimmen zu, dass <strong>abdeckungen4car.com<\/strong>Rechtsmittel f\u00fcr einen tats\u00e4chlichen oder drohenden Versto\u00df gegen diese Vereinbarung unzureichend w\u00e4ren und dass <strong>abdeckungen4car.com<\/strong> hat Anspruch auf Erf\u00fcllung oder Unterlassung oder beides, zus\u00e4tzlich zu jeglichem Schadenersatz, der <strong>abdeckungen4car.com<\/strong> m\u00f6glicherweise einen gesetzlichen Anspruch auf Erstattung sowie auf angemessene Kosten jeglicher Form der Streitbeilegung, einschlie\u00dflich, aber nicht beschr\u00e4nkt auf Anwaltskosten.<\/p>\n\n\n\n<p>Kein Recht oder Rechtsmittel von <strong>abdeckungen4car.com<\/strong> schlie\u00dft alle anderen Anspr\u00fcche aus, ob gesetzlich oder nach Billigkeitsrecht, einschlie\u00dflich, aber nicht beschr\u00e4nkt auf Schadensersatz, Unterlassungsanspr\u00fcche, Anwaltsgeb\u00fchren und -kosten.<\/p>\n\n\n\n<p>Kein Verzicht durch <strong>abdeckungen4car.com<\/strong> Die Nichteinhaltung seiner Rechte oder Rechtsmittel gem\u00e4\u00df diesen Gesch\u00e4ftsbedingungen impliziert die Verpflichtung, einen \u00e4hnlichen, zuk\u00fcnftigen oder sonstigen Verzicht zu gew\u00e4hren.<\/p>\n\n\n\n<h3 class=\"wp-block-heading\">9. Geltendes Recht<\/h3>\n\n\n\n<p>Diese Servicebedingungen und alle separaten Vereinbarungen, im Rahmen derer wir Ihnen Dienste bereitstellen, unterliegen den Gesetzen der Vereinigten Staaten und werden in \u00dcbereinstimmung mit diesen ausgelegt.<\/p>\n\n\n\n<h3 class=\"wp-block-heading\">10. Kontaktinformationen<\/h3>\n\n\n\n<p>Fragen zu den Servicebedingungen richten Sie bitte an uns \u00fcber die unten angegebenen Kontaktdaten:<\/p>\n\n\n\n<p><strong>Handelsname:<\/strong> Covers4Car <\/p>\n\n\n\n<p><strong>Adresse:<\/strong> 3422 Old Capitol Trl Ste 4001, Wilmington, DE 19808, Vereinigte Staaten <\/p>\n\n\n\n<p><strong>Telefon:<\/strong> <a href=\"tel:+1 (619) 534-4662\">+1 (619) 534-4662 <\/a><\/p>\n\n\n\n<p><strong>E-Mail:<\/strong> <a href=\"mailto:support@covers4car.com\">support@covers4car.com<\/a><\/p>\n\n\n\n<p><\/p>","protected":false},"excerpt":{"rendered":"<p>Nutzungsbedingungen Willkommen auf der Website covers4car.com. Durch den Zugriff auf und die Nutzung dieser Website erkl\u00e4ren Sie sich mit den folgenden Nutzungsbedingungen einverstanden:<\/p>","protected":false},"author":1,"featured_media":0,"parent":0,"menu_order":0,"comment_status":"closed","ping_status":"closed","template":"","meta":{"_acf_changed":false,"_monsterinsights_skip_tracking":false,"_monsterinsights_sitenote_active":false,"_monsterinsights_sitenote_note":"","_monsterinsights_sitenote_category":0,"footnotes":""},"class_list":["post-9970","page","type-page","status-publish","hentry"],"acf":[],"yoast_head":"<!-- This site is optimized with the Yoast SEO Premium plugin v26.4 (Yoast SEO v26.4) - https:\/\/yoast.com\/wordpress\/plugins\/seo\/ -->\n<title>Terms of Service - Covers4Car<\/title>\n<meta name=\"description\" content=\"Terms of Service Terms of Service Welcome to the covers4car.com website. By accessing and using this website, you agree to be bound by the following terms and conditions\" \/>\n<meta name=\"robots\" content=\"index, follow, max-snippet:-1, max-image-preview:large, max-video-preview:-1\" \/>\n<link rel=\"canonical\" href=\"https:\/\/covers4car.com\/at\/terms-of-service\/\" \/>\n<meta property=\"og:locale\" content=\"de_DE\" \/>\n<meta property=\"og:type\" content=\"article\" \/>\n<meta property=\"og:title\" content=\"Terms of Service\" \/>\n<meta property=\"og:description\" content=\"Terms of Service Terms of Service Welcome to the covers4car.com website. By accessing and using this website, you agree to be bound by the following terms and conditions\" \/>\n<meta property=\"og:url\" content=\"https:\/\/covers4car.com\/at\/terms-of-service\/\" \/>\n<meta property=\"og:site_name\" content=\"Covers4Car\" \/>\n<meta property=\"article:publisher\" content=\"https:\/\/www.facebook.com\/profile.php?id=61564533557142\" \/>\n<meta property=\"article:modified_time\" content=\"2025-07-25T00:18:37+00:00\" \/>\n<meta name=\"twitter:card\" content=\"summary_large_image\" \/>\n<meta name=\"twitter:site\" content=\"@covers4carstore\" \/>\n<meta name=\"twitter:label1\" content=\"Gesch\u00e4tzte Lesezeit\" \/>\n\t<meta name=\"twitter:data1\" content=\"9 Minuten\" \/>\n<script type=\"application\/ld+json\" class=\"yoast-schema-graph\">{\"@context\":\"https:\/\/schema.org\",\"@graph\":[{\"@type\":\"WebPage\",\"@id\":\"https:\/\/covers4car.com\/terms-of-service\/\",\"url\":\"https:\/\/covers4car.com\/terms-of-service\/\",\"name\":\"Terms of Service - Covers4Car\",\"isPartOf\":{\"@id\":\"https:\/\/covers4car.com\/#website\"},\"datePublished\":\"2024-11-01T12:48:12+00:00\",\"dateModified\":\"2025-07-25T00:18:37+00:00\",\"description\":\"Terms of Service Terms of Service Welcome to the covers4car.com website. By accessing and using this website, you agree to be bound by the following terms and conditions\",\"breadcrumb\":{\"@id\":\"https:\/\/covers4car.com\/terms-of-service\/#breadcrumb\"},\"inLanguage\":\"de-AT\",\"potentialAction\":[{\"@type\":\"ReadAction\",\"target\":[\"https:\/\/covers4car.com\/terms-of-service\/\"]}]},{\"@type\":\"BreadcrumbList\",\"@id\":\"https:\/\/covers4car.com\/terms-of-service\/#breadcrumb\",\"itemListElement\":[{\"@type\":\"ListItem\",\"position\":1,\"name\":\"Home\",\"item\":\"https:\/\/covers4car.com\/\"},{\"@type\":\"ListItem\",\"position\":2,\"name\":\"Terms of Service\"}]},{\"@type\":\"WebSite\",\"@id\":\"https:\/\/covers4car.com\/#website\",\"url\":\"https:\/\/covers4car.com\/\",\"name\":\"Covers4Car\",\"description\":\"Professional Seat Covers Tailored for Your Vehicle\",\"publisher\":{\"@id\":\"https:\/\/covers4car.com\/#organization\"},\"potentialAction\":[{\"@type\":\"SearchAction\",\"target\":{\"@type\":\"EntryPoint\",\"urlTemplate\":\"https:\/\/covers4car.com\/?s={search_term_string}\"},\"query-input\":{\"@type\":\"PropertyValueSpecification\",\"valueRequired\":true,\"valueName\":\"search_term_string\"}}],\"inLanguage\":\"de-AT\"},{\"@type\":\"Organization\",\"@id\":\"https:\/\/covers4car.com\/#organization\",\"name\":\"Covers4Car\",\"url\":\"https:\/\/covers4car.com\/\",\"logo\":{\"@type\":\"ImageObject\",\"inLanguage\":\"de-AT\",\"@id\":\"https:\/\/covers4car.com\/#\/schema\/logo\/image\/\",\"url\":\"https:\/\/covers4car.com\/wp-content\/uploads\/2024\/11\/Asset-2@5x-copy.jpg\",\"contentUrl\":\"https:\/\/covers4car.com\/wp-content\/uploads\/2024\/11\/Asset-2@5x-copy.jpg\",\"width\":877,\"height\":877,\"caption\":\"Covers4Car\"},\"image\":{\"@id\":\"https:\/\/covers4car.com\/#\/schema\/logo\/image\/\"},\"sameAs\":[\"https:\/\/www.facebook.com\/profile.php?id=61564533557142\",\"https:\/\/x.com\/covers4carstore\"]}]}<\/script>\n<!-- \/ Yoast SEO Premium plugin. -->","yoast_head_json":{"title":"Nutzungsbedingungen - Covers4Car","description":"Nutzungsbedingungen Willkommen auf der Website covers4car.com. Durch den Zugriff auf und die Nutzung dieser Website erkl\u00e4ren Sie sich mit den folgenden Nutzungsbedingungen einverstanden.","robots":{"index":"index","follow":"follow","max-snippet":"max-snippet:-1","max-image-preview":"max-image-preview:large","max-video-preview":"max-video-preview:-1"},"canonical":"https:\/\/covers4car.com\/at\/terms-of-service\/","og_locale":"de_DE","og_type":"article","og_title":"Terms of Service","og_description":"Terms of Service Terms of Service Welcome to the covers4car.com website. By accessing and using this website, you agree to be bound by the following terms and conditions","og_url":"https:\/\/covers4car.com\/at\/terms-of-service\/","og_site_name":"Covers4Car","article_publisher":"https:\/\/www.facebook.com\/profile.php?id=61564533557142","article_modified_time":"2025-07-25T00:18:37+00:00","twitter_card":"summary_large_image","twitter_site":"@covers4carstore","twitter_misc":{"Gesch\u00e4tzte Lesezeit":"9 Minuten"},"schema":{"@context":"https:\/\/schema.org","@graph":[{"@type":"WebPage","@id":"https:\/\/covers4car.com\/terms-of-service\/","url":"https:\/\/covers4car.com\/terms-of-service\/","name":"Nutzungsbedingungen - Covers4Car","isPartOf":{"@id":"https:\/\/covers4car.com\/#website"},"datePublished":"2024-11-01T12:48:12+00:00","dateModified":"2025-07-25T00:18:37+00:00","description":"Nutzungsbedingungen Willkommen auf der Website covers4car.com. Durch den Zugriff auf und die Nutzung dieser Website erkl\u00e4ren Sie sich mit den folgenden Nutzungsbedingungen einverstanden.","breadcrumb":{"@id":"https:\/\/covers4car.com\/terms-of-service\/#breadcrumb"},"inLanguage":"de-AT","potentialAction":[{"@type":"ReadAction","target":["https:\/\/covers4car.com\/terms-of-service\/"]}]},{"@type":"BreadcrumbList","@id":"https:\/\/covers4car.com\/terms-of-service\/#breadcrumb","itemListElement":[{"@type":"ListItem","position":1,"name":"Home","item":"https:\/\/covers4car.com\/"},{"@type":"ListItem","position":2,"name":"Terms of Service"}]},{"@type":"WebSite","@id":"https:\/\/covers4car.com\/#website","url":"https:\/\/covers4car.com\/","name":"Covers4Car","description":"Professionelle Sitzbez\u00fcge, ma\u00dfgeschneidert f\u00fcr Ihr Fahrzeug","publisher":{"@id":"https:\/\/covers4car.com\/#organization"},"potentialAction":[{"@type":"SearchAction","target":{"@type":"EntryPoint","urlTemplate":"https:\/\/covers4car.com\/?s={search_term_string}"},"query-input":{"@type":"PropertyValueSpecification","valueRequired":true,"valueName":"search_term_string"}}],"inLanguage":"de-AT"},{"@type":"Organization","@id":"https:\/\/covers4car.com\/#organization","name":"Covers4Car","url":"https:\/\/covers4car.com\/","logo":{"@type":"ImageObject","inLanguage":"de-AT","@id":"https:\/\/covers4car.com\/#\/schema\/logo\/image\/","url":"https:\/\/covers4car.com\/wp-content\/uploads\/2024\/11\/Asset-2@5x-copy.jpg","contentUrl":"https:\/\/covers4car.com\/wp-content\/uploads\/2024\/11\/Asset-2@5x-copy.jpg","width":877,"height":877,"caption":"Covers4Car"},"image":{"@id":"https:\/\/covers4car.com\/#\/schema\/logo\/image\/"},"sameAs":["https:\/\/www.facebook.com\/profile.php?id=61564533557142","https:\/\/x.com\/covers4carstore"]}]}},"_links":{"self":[{"href":"https:\/\/covers4car.com\/at\/wp-json\/wp\/v2\/pages\/9970","targetHints":{"allow":["GET"]}}],"collection":[{"href":"https:\/\/covers4car.com\/at\/wp-json\/wp\/v2\/pages"}],"about":[{"href":"https:\/\/covers4car.com\/at\/wp-json\/wp\/v2\/types\/page"}],"author":[{"embeddable":true,"href":"https:\/\/covers4car.com\/at\/wp-json\/wp\/v2\/users\/1"}],"replies":[{"embeddable":true,"href":"https:\/\/covers4car.com\/at\/wp-json\/wp\/v2\/comments?post=9970"}],"version-history":[{"count":0,"href":"https:\/\/covers4car.com\/at\/wp-json\/wp\/v2\/pages\/9970\/revisions"}],"wp:attachment":[{"href":"https:\/\/covers4car.com\/at\/wp-json\/wp\/v2\/media?parent=9970"}],"curies":[{"name":"wp","href":"https:\/\/api.w.org\/{rel}","templated":true}]}}