{"id":9971,"date":"2024-11-01T05:50:02","date_gmt":"2024-11-01T12:50:02","guid":{"rendered":"https:\/\/covers4car.wpenginepowered.com\/?page_id=9971"},"modified":"2026-03-28T04:42:04","modified_gmt":"2026-03-28T11:42:04","slug":"refund-and-returns-policy","status":"publish","type":"page","link":"https:\/\/covers4car.com\/at\/refund-and-returns-policy\/","title":{"rendered":"R\u00fcckerstattungs- und R\u00fcckgaberecht"},"content":{"rendered":"<h3 class=\"wp-block-heading\" id=\"h-refund-and-returns-policy\"><strong>R\u00fcckerstattungs- und R\u00fcckgaberecht <\/strong><strong><\/strong><\/h3>\n\n\n\n<p><strong>Kundenzufriedenheit steht bei uns an erster Stelle. Wir von Covers4Car (einer Marke der Gotouchup Inc.) garantieren die Qualit\u00e4t unserer Produkte und sind jederzeit f\u00fcr Sie da, um eventuelle Probleme zu l\u00f6sen.<\/strong><\/p>\n\n\n\n<h4 class=\"wp-block-heading\"><strong>1. R\u00fcckgabefenster<\/strong><strong><\/strong><\/h4>\n\n\n\n<p>Wir bieten ein <strong>30-t\u00e4giges R\u00fcckgaberecht<\/strong>, Das bedeutet, dass Sie nach Erhalt Ihrer Ware 30 Tage Zeit haben, eine R\u00fcckgabe zu beantragen. So haben Sie ausreichend Zeit, um sicherzustellen, dass Ihre Sitzbez\u00fcge Ihren Erwartungen entsprechen.<\/p>\n\n\n\n<h4 class=\"wp-block-heading\"><strong>2. R\u00fcckgabeberechtigung<\/strong><strong><\/strong><\/h4>\n\n\n\n<p>Um f\u00fcr eine R\u00fcckgabe berechtigt zu sein, muss Ihr Artikel folgende Bedingungen erf\u00fcllen:<\/p>\n\n\n\n<p>Im selben Zustand, in dem Sie es erhalten haben (ungetragen oder unbenutzt).<\/p>\n\n\n\n<p>Mit allen Originaletiketten und in Originalverpackung.<\/p>\n\n\n\n<p>Beizuf\u00fcgen ist die Quittung oder ein Kaufnachweis.<\/p>\n\n\n\n<h4 class=\"wp-block-heading\"><strong>3. Besch\u00e4digte oder defekte Artikel<\/strong><strong><\/strong><\/h4>\n\n\n\n<p>Sollte Ihr Artikel besch\u00e4digt oder defekt ankommen oder sollten Sie den falschen Artikel erhalten haben, kontaktieren Sie uns bitte unter <strong>support@covers4car.com<\/strong>&nbsp;innerhalb <strong>3 Tage<\/strong>&nbsp;Nach Erhalt der Quittung veranlassen wir umgehend einen Ersatz oder eine vollst\u00e4ndige R\u00fcckerstattung.<\/p>\n\n\n\n<p><strong>Notiz:<\/strong>&nbsp;Bei nachgewiesenen Qualit\u00e4tsm\u00e4ngeln oder besch\u00e4digter Ware, <strong>Covers4Car stellt ein vorfrankiertes R\u00fccksendeetikett zur Verf\u00fcgung.<\/strong>, und dem Kunden werden die R\u00fccksendekosten nicht in Rechnung gestellt.<\/p>\n\n\n\n<h4 class=\"wp-block-heading\"><strong>4. R\u00fccksendekosten<\/strong><strong><\/strong><\/h4>\n\n\n\n<p><strong>Herstellerfehler\/Falscher Artikel:<\/strong>&nbsp;F\u00fcr den Kunden entstehen keine Kosten. Wir stellen das R\u00fccksendeetikett zur Verf\u00fcgung.<\/p>\n\n\n\n<p><strong>Verantwortung des Kunden (z. B. falsche Farbe\/Passform bestellt):<\/strong>&nbsp;Bei R\u00fccksendungen aufgrund von Kundenpr\u00e4ferenzen tr\u00e4gt der Kunde die tats\u00e4chlichen R\u00fccksendekosten.<\/p>\n\n\n\n<p><strong>Wiedereinlagerungsgeb\u00fchren:<\/strong>&nbsp;Wir erheben keine Wiedereinlagerungsgeb\u00fchren ($0).<\/p>\n\n\n\n<h4 class=\"wp-block-heading\"><strong>5. Stornierungsbedingungen<\/strong><strong><\/strong><\/h4>\n\n\n\n<p>Bestellungen k\u00f6nnen innerhalb von <strong>24 Stunden<\/strong>&nbsp;Sobald eine Bestellung in Produktion oder Versand gegangen ist, ist eine Stornierung nicht mehr m\u00f6glich. Bitte kontaktieren Sie uns. <strong>support@covers4car.com<\/strong>&nbsp;\u00c4nderungen werden sofort mitgeteilt.<\/p>\n\n\n\n<h4 class=\"wp-block-heading\"><strong>6. R\u00fcckerstattungsprozess<\/strong><strong><\/strong><\/h4>\n\n\n\n<p>Sobald wir Ihre R\u00fccksendung erhalten und gepr\u00fcft haben, erstatten wir Ihnen den Betrag \u00fcber Ihre urspr\u00fcngliche Zahlungsmethode zur\u00fcck:<\/p>\n\n\n\n<p><strong>Bearbeitungszeit:<\/strong>&nbsp;Im Allgemeinen dauert es <strong>7 Werktage<\/strong>&nbsp;damit wir die R\u00fcckerstattung nach Erhalt bearbeiten k\u00f6nnen.<\/p>\n\n\n\n<p><strong>Zahlungsmethode:<\/strong>&nbsp;R\u00fcckerstattungen erfolgen ausschlie\u00dflich \u00fcber die urspr\u00fcngliche Zahlungsart (PayPal zu PayPal, Kreditkarte zu Kreditkarte).<\/p>\n\n\n\n<p><strong>Best\u00e4tigung:<\/strong>&nbsp;Sie erhalten eine automatische E-Mail-Best\u00e4tigung, sobald die R\u00fcckerstattung veranlasst wurde.<\/p>\n\n\n\n<h4 class=\"wp-block-heading\"><strong>7. R\u00fccksendeadresse<\/strong><strong><\/strong><\/h4>\n\n\n\n<p>Um eine R\u00fccksendung einzuleiten, kontaktieren Sie uns bitte zun\u00e4chst per E-Mail. Sobald Ihre Anfrage best\u00e4tigt wurde, erhalten Sie von uns die genaue R\u00fccksendeadresse (autorisiert von Gotouchup Inc.). <strong>R\u00fccksendungen ohne vorherige Genehmigung werden nicht angenommen.<\/strong><\/p>\n\n\n\n<h4 class=\"wp-block-heading\"><strong>8. Kontaktinformationen<\/strong><strong><\/strong><\/h4>\n\n\n\n<p>Sollten Sie Fragen haben oder Ihre R\u00fcckerstattung nach Ablauf der angegebenen Frist nicht erhalten haben, wenden Sie sich bitte an unseren offiziellen Support:<\/p>\n\n\n\n<p><strong>Name der Firma:<\/strong>&nbsp;Gotouchup Inc<\/p>\n\n\n\n<p><strong>E-Mail:<\/strong>&nbsp;support@covers4car.com<\/p>\n\n\n\n<p><strong>Telefon:<\/strong>&nbsp;+1 (619) 534-4662<\/p>\n\n\n\n<p><strong>Registrierte Adresse:<\/strong>&nbsp;3422 Old Capitol Trl, Ste 4001, Wilmington, DE 19808, Vereinigte Staaten<\/p>\n\n\n\n<p><strong>\u00d6ffnungszeiten:<\/strong>&nbsp;Mo-Sa 10-20 Uhr (PST)<\/p>\n\n\n\n<p><\/p>","protected":false},"excerpt":{"rendered":"<p>Refund and Returns Policy Customer satisfaction is our top priority. At Covers4Car (a brand owned and operated by Gotouchup Inc),<\/p>","protected":false},"author":1,"featured_media":0,"parent":0,"menu_order":0,"comment_status":"closed","ping_status":"closed","template":"","meta":{"_acf_changed":false,"_monsterinsights_skip_tracking":false,"_monsterinsights_sitenote_active":false,"_monsterinsights_sitenote_note":"","_monsterinsights_sitenote_category":0,"footnotes":""},"class_list":["post-9971","page","type-page","status-publish","hentry"],"acf":[],"yoast_head":"<!-- This site is optimized with the Yoast SEO Premium plugin v26.4 (Yoast SEO v26.4) - https:\/\/yoast.com\/wordpress\/plugins\/seo\/ -->\n<title>Refund and Returns Policy - Covers4Car<\/title>\n<meta name=\"description\" content=\"Refund and Returns Policy Refund and Returns Policy Customer satisfaction is our top priority. At Covers4Car (a brand owned and operated by Gotouchup Inc), we stand behind the\" \/>\n<meta name=\"robots\" content=\"index, follow, max-snippet:-1, max-image-preview:large, max-video-preview:-1\" \/>\n<link rel=\"canonical\" href=\"https:\/\/covers4car.com\/at\/refund-and-returns-policy\/\" \/>\n<meta property=\"og:locale\" content=\"de_DE\" \/>\n<meta property=\"og:type\" content=\"article\" \/>\n<meta property=\"og:title\" content=\"Refund and Returns Policy\" \/>\n<meta property=\"og:description\" content=\"Refund and Returns Policy Refund and Returns Policy Customer satisfaction is our top priority. At Covers4Car (a brand owned and operated by Gotouchup Inc), we stand behind the\" \/>\n<meta property=\"og:url\" content=\"https:\/\/covers4car.com\/at\/refund-and-returns-policy\/\" \/>\n<meta property=\"og:site_name\" content=\"Covers4Car\" \/>\n<meta property=\"article:publisher\" content=\"https:\/\/www.facebook.com\/profile.php?id=61564533557142\" \/>\n<meta property=\"article:modified_time\" content=\"2026-03-28T11:42:04+00:00\" \/>\n<meta name=\"twitter:card\" content=\"summary_large_image\" \/>\n<meta name=\"twitter:site\" content=\"@covers4carstore\" \/>\n<meta name=\"twitter:label1\" content=\"Gesch\u00e4tzte Lesezeit\" \/>\n\t<meta name=\"twitter:data1\" content=\"2 Minuten\" \/>\n<script type=\"application\/ld+json\" class=\"yoast-schema-graph\">{\"@context\":\"https:\/\/schema.org\",\"@graph\":[{\"@type\":\"WebPage\",\"@id\":\"https:\/\/covers4car.com\/refund-and-returns-policy\/\",\"url\":\"https:\/\/covers4car.com\/refund-and-returns-policy\/\",\"name\":\"Refund and Returns Policy - Covers4Car\",\"isPartOf\":{\"@id\":\"https:\/\/covers4car.com\/#website\"},\"datePublished\":\"2024-11-01T12:50:02+00:00\",\"dateModified\":\"2026-03-28T11:42:04+00:00\",\"description\":\"Refund and Returns Policy Refund and Returns Policy Customer satisfaction is our top priority. At Covers4Car (a brand owned and operated by Gotouchup Inc), we stand behind the\",\"breadcrumb\":{\"@id\":\"https:\/\/covers4car.com\/refund-and-returns-policy\/#breadcrumb\"},\"inLanguage\":\"de-AT\",\"potentialAction\":[{\"@type\":\"ReadAction\",\"target\":[\"https:\/\/covers4car.com\/refund-and-returns-policy\/\"]}]},{\"@type\":\"BreadcrumbList\",\"@id\":\"https:\/\/covers4car.com\/refund-and-returns-policy\/#breadcrumb\",\"itemListElement\":[{\"@type\":\"ListItem\",\"position\":1,\"name\":\"Home\",\"item\":\"https:\/\/covers4car.com\/\"},{\"@type\":\"ListItem\",\"position\":2,\"name\":\"Refund and Returns Policy\"}]},{\"@type\":\"WebSite\",\"@id\":\"https:\/\/covers4car.com\/#website\",\"url\":\"https:\/\/covers4car.com\/\",\"name\":\"Covers4Car\",\"description\":\"Professional Seat Covers Tailored for Your Vehicle\",\"publisher\":{\"@id\":\"https:\/\/covers4car.com\/#organization\"},\"potentialAction\":[{\"@type\":\"SearchAction\",\"target\":{\"@type\":\"EntryPoint\",\"urlTemplate\":\"https:\/\/covers4car.com\/?s={search_term_string}\"},\"query-input\":{\"@type\":\"PropertyValueSpecification\",\"valueRequired\":true,\"valueName\":\"search_term_string\"}}],\"inLanguage\":\"de-AT\"},{\"@type\":\"Organization\",\"@id\":\"https:\/\/covers4car.com\/#organization\",\"name\":\"Covers4Car\",\"url\":\"https:\/\/covers4car.com\/\",\"logo\":{\"@type\":\"ImageObject\",\"inLanguage\":\"de-AT\",\"@id\":\"https:\/\/covers4car.com\/#\/schema\/logo\/image\/\",\"url\":\"https:\/\/covers4car.com\/wp-content\/uploads\/2024\/11\/Asset-2@5x-copy.jpg\",\"contentUrl\":\"https:\/\/covers4car.com\/wp-content\/uploads\/2024\/11\/Asset-2@5x-copy.jpg\",\"width\":877,\"height\":877,\"caption\":\"Covers4Car\"},\"image\":{\"@id\":\"https:\/\/covers4car.com\/#\/schema\/logo\/image\/\"},\"sameAs\":[\"https:\/\/www.facebook.com\/profile.php?id=61564533557142\",\"https:\/\/x.com\/covers4carstore\"]}]}<\/script>\n<!-- \/ Yoast SEO Premium plugin. -->","yoast_head_json":{"title":"Refund and Returns Policy - Covers4Car","description":"Refund and Returns Policy Refund and Returns Policy Customer satisfaction is our top priority. At Covers4Car (a brand owned and operated by Gotouchup Inc), we stand behind the","robots":{"index":"index","follow":"follow","max-snippet":"max-snippet:-1","max-image-preview":"max-image-preview:large","max-video-preview":"max-video-preview:-1"},"canonical":"https:\/\/covers4car.com\/at\/refund-and-returns-policy\/","og_locale":"de_DE","og_type":"article","og_title":"Refund and Returns Policy","og_description":"Refund and Returns Policy Refund and Returns Policy Customer satisfaction is our top priority. At Covers4Car (a brand owned and operated by Gotouchup Inc), we stand behind the","og_url":"https:\/\/covers4car.com\/at\/refund-and-returns-policy\/","og_site_name":"Covers4Car","article_publisher":"https:\/\/www.facebook.com\/profile.php?id=61564533557142","article_modified_time":"2026-03-28T11:42:04+00:00","twitter_card":"summary_large_image","twitter_site":"@covers4carstore","twitter_misc":{"Gesch\u00e4tzte Lesezeit":"2 Minuten"},"schema":{"@context":"https:\/\/schema.org","@graph":[{"@type":"WebPage","@id":"https:\/\/covers4car.com\/refund-and-returns-policy\/","url":"https:\/\/covers4car.com\/refund-and-returns-policy\/","name":"Refund and Returns Policy - Covers4Car","isPartOf":{"@id":"https:\/\/covers4car.com\/#website"},"datePublished":"2024-11-01T12:50:02+00:00","dateModified":"2026-03-28T11:42:04+00:00","description":"Refund and Returns Policy Refund and Returns Policy Customer satisfaction is our top priority. At Covers4Car (a brand owned and operated by Gotouchup Inc), we stand behind the","breadcrumb":{"@id":"https:\/\/covers4car.com\/refund-and-returns-policy\/#breadcrumb"},"inLanguage":"de-AT","potentialAction":[{"@type":"ReadAction","target":["https:\/\/covers4car.com\/refund-and-returns-policy\/"]}]},{"@type":"BreadcrumbList","@id":"https:\/\/covers4car.com\/refund-and-returns-policy\/#breadcrumb","itemListElement":[{"@type":"ListItem","position":1,"name":"Home","item":"https:\/\/covers4car.com\/"},{"@type":"ListItem","position":2,"name":"Refund and Returns Policy"}]},{"@type":"WebSite","@id":"https:\/\/covers4car.com\/#website","url":"https:\/\/covers4car.com\/","name":"Covers4Car","description":"Professionelle Sitzbez\u00fcge, ma\u00dfgeschneidert f\u00fcr Ihr Fahrzeug","publisher":{"@id":"https:\/\/covers4car.com\/#organization"},"potentialAction":[{"@type":"SearchAction","target":{"@type":"EntryPoint","urlTemplate":"https:\/\/covers4car.com\/?s={search_term_string}"},"query-input":{"@type":"PropertyValueSpecification","valueRequired":true,"valueName":"search_term_string"}}],"inLanguage":"de-AT"},{"@type":"Organization","@id":"https:\/\/covers4car.com\/#organization","name":"Covers4Car","url":"https:\/\/covers4car.com\/","logo":{"@type":"ImageObject","inLanguage":"de-AT","@id":"https:\/\/covers4car.com\/#\/schema\/logo\/image\/","url":"https:\/\/covers4car.com\/wp-content\/uploads\/2024\/11\/Asset-2@5x-copy.jpg","contentUrl":"https:\/\/covers4car.com\/wp-content\/uploads\/2024\/11\/Asset-2@5x-copy.jpg","width":877,"height":877,"caption":"Covers4Car"},"image":{"@id":"https:\/\/covers4car.com\/#\/schema\/logo\/image\/"},"sameAs":["https:\/\/www.facebook.com\/profile.php?id=61564533557142","https:\/\/x.com\/covers4carstore"]}]}},"_links":{"self":[{"href":"https:\/\/covers4car.com\/at\/wp-json\/wp\/v2\/pages\/9971","targetHints":{"allow":["GET"]}}],"collection":[{"href":"https:\/\/covers4car.com\/at\/wp-json\/wp\/v2\/pages"}],"about":[{"href":"https:\/\/covers4car.com\/at\/wp-json\/wp\/v2\/types\/page"}],"author":[{"embeddable":true,"href":"https:\/\/covers4car.com\/at\/wp-json\/wp\/v2\/users\/1"}],"replies":[{"embeddable":true,"href":"https:\/\/covers4car.com\/at\/wp-json\/wp\/v2\/comments?post=9971"}],"version-history":[{"count":0,"href":"https:\/\/covers4car.com\/at\/wp-json\/wp\/v2\/pages\/9971\/revisions"}],"wp:attachment":[{"href":"https:\/\/covers4car.com\/at\/wp-json\/wp\/v2\/media?parent=9971"}],"curies":[{"name":"wp","href":"https:\/\/api.w.org\/{rel}","templated":true}]}}