{"id":16406,"date":"2025-07-03T04:25:18","date_gmt":"2025-07-03T11:25:18","guid":{"rendered":"https:\/\/covers4car.com\/?post_type=product&#038;p=16406"},"modified":"2025-11-06T23:20:58","modified_gmt":"2025-11-07T07:20:58","slug":"front-linen-car-seat-cushion-for-all-cars-non-slip-soft-breathable-universal-fit","status":"publish","type":"product","link":"https:\/\/covers4car.com\/at\/product\/front-linen-car-seat-cushion-for-all-cars-non-slip-soft-breathable-universal-fit\/","title":{"rendered":"Leinen-Autositzkissen vorne f\u00fcr alle Autos, rutschfest, weich und atmungsaktiv, universelle Passform"},"content":{"rendered":"<p>Verleihen Sie Ihrem Auto Komfort und Stil. Dieses Leinen-Vordersitzkissen besteht aus ausgew\u00e4hlten weichen und atmungsaktiven Stoffen und ist f\u00fcr alle Jahreszeiten geeignet. Es w\u00e4rmt im Winter, k\u00fchlt im Sommer und ist auch bei l\u00e4ngerem Sitzen angenehm. Die \u00e4u\u00dferst rutschfesten Silikonpartikel an der Unterseite passen sich dem Sitz an und verrutschen nicht so leicht. Es ist einfach zu installieren und die ideale Wahl, die Funktionalit\u00e4t und Sch\u00f6nheit vereint.<\/p>\n<p><strong>Merkmale:<\/strong><\/p>\n<ul>\n<li><strong>Atmungsaktiver Leinenstoff:<\/strong> Weiches, hautfreundliches Material mit hervorragender Bel\u00fcftung f\u00fcr ein k\u00fchles und komfortables Fahrerlebnis.<\/li>\n<li><strong>Ganzjahreskomfort:<\/strong> H\u00e4lt Sie bei hei\u00dfem Wetter k\u00fchl und bei K\u00e4lte wohlig warm \u2013 ideal f\u00fcr den ganzj\u00e4hrigen Einsatz.<\/li>\n<li><strong>Rutschfeste Silikonr\u00fcckseite:<\/strong> Hochdichte Silikonpartikel auf der Unterseite verhindern ein Verschieben und Rutschen und sorgen so f\u00fcr sichereres Fahren.<\/li>\n<li><strong>Langlebig und leicht zu reinigen:<\/strong> Best\u00e4ndig gegen Abnutzung und Flecken, einfach abzuwischen oder abzusaugen f\u00fcr m\u00fchelose Pflege.<\/li>\n<li><strong>Schlichtes und passendes Design:<\/strong> Hohe Passform, einfache Installation, beeintr\u00e4chtigt nicht die Sch\u00f6nheit und Funktion des Original-Autositzes.<\/li>\n<\/ul>","protected":false},"excerpt":{"rendered":"<p>Add comfort and style to your car. This linen front seat cushion is made of selected soft and breathable fabrics,<\/p>","protected":false},"featured_media":16411,"comment_status":"open","ping_status":"closed","template":"","meta":{"_acf_changed":false,"_monsterinsights_skip_tracking":false,"_monsterinsights_sitenote_active":false,"_monsterinsights_sitenote_note":"","_monsterinsights_sitenote_category":0},"product_brand":[],"product_cat":[22976,22978,23254],"product_tag":[23273,54969],"jet_color":[],"jet_material":[],"jet_coverage":[],"class_list":{"0":"post-16406","1":"product","2":"type-product","3":"status-publish","4":"has-post-thumbnail","6":"product_cat-seat-cushion","7":"product_cat-functional-seat-cushion","8":"product_cat-cooling-ventilation-seat-cushion","9":"product_tag-cooling-seat-cushion","10":"product_tag-fit-universal-fit","12":"first","13":"instock","14":"shipping-taxable","15":"purchasable","16":"product-type-variable","17":"has-default-attributes","18":"wvs-archive-product-wrapper"},"acf":[],"yoast_head":"<!-- This site is optimized with the Yoast SEO Premium plugin v26.4 (Yoast SEO v26.4) - https:\/\/yoast.com\/wordpress\/plugins\/seo\/ -->\n<title>Front Linen Car Seat Cushion for All Cars-Non-Slip Soft &amp; Breathable Universal Fit - Covers4Car<\/title>\n<meta name=\"description\" content=\"Front Linen Car Seat Cushion for All Cars-Non-Slip Soft &amp; Breathable Universal Fit Add comfort and style to your car. This linen front seat cushion is made of selected soft and breathable fabrics, suitable for all seasons, warm in winter\" \/>\n<meta name=\"robots\" content=\"index, follow, max-snippet:-1, max-image-preview:large, max-video-preview:-1\" \/>\n<link rel=\"canonical\" href=\"https:\/\/covers4car.com\/at\/product\/front-linen-car-seat-cushion-for-all-cars-non-slip-soft-breathable-universal-fit\/\" \/>\n<meta property=\"og:locale\" content=\"de_DE\" \/>\n<meta property=\"og:type\" content=\"article\" \/>\n<meta property=\"og:title\" content=\"Front Linen Car Seat Cushion for All Cars-Non-Slip Soft &amp; Breathable Universal Fit\" \/>\n<meta property=\"og:description\" content=\"Front Linen Car Seat Cushion for All Cars-Non-Slip Soft &amp; Breathable Universal Fit Add comfort and style to your car. This linen front seat cushion is made of selected soft and breathable fabrics, suitable for all seasons, warm in winter\" \/>\n<meta property=\"og:url\" content=\"https:\/\/covers4car.com\/at\/product\/front-linen-car-seat-cushion-for-all-cars-non-slip-soft-breathable-universal-fit\/\" \/>\n<meta property=\"og:site_name\" content=\"Covers4Car\" \/>\n<meta property=\"article:publisher\" content=\"https:\/\/www.facebook.com\/profile.php?id=61564533557142\" \/>\n<meta property=\"article:modified_time\" content=\"2025-11-07T07:20:58+00:00\" \/>\n<meta property=\"og:image\" content=\"https:\/\/covers4car.com\/wp-content\/uploads\/2025\/05\/black-15.webp\" \/>\n\t<meta property=\"og:image:width\" content=\"1000\" \/>\n\t<meta property=\"og:image:height\" content=\"1000\" \/>\n\t<meta property=\"og:image:type\" content=\"image\/webp\" \/>\n<meta name=\"twitter:card\" content=\"summary_large_image\" \/>\n<meta name=\"twitter:site\" content=\"@covers4carstore\" \/>\n<meta name=\"twitter:label1\" content=\"Gesch\u00e4tzte Lesezeit\" \/>\n\t<meta name=\"twitter:data1\" content=\"1 Minute\" \/>\n<script type=\"application\/ld+json\" class=\"yoast-schema-graph\">{\"@context\":\"https:\/\/schema.org\",\"@graph\":[{\"@type\":\"WebPage\",\"@id\":\"https:\/\/covers4car.com\/product\/front-linen-car-seat-cushion-for-all-cars-non-slip-soft-breathable-universal-fit\/\",\"url\":\"https:\/\/covers4car.com\/product\/front-linen-car-seat-cushion-for-all-cars-non-slip-soft-breathable-universal-fit\/\",\"name\":\"Front Linen Car Seat Cushion for All Cars-Non-Slip Soft & Breathable Universal Fit - Covers4Car\",\"isPartOf\":{\"@id\":\"https:\/\/covers4car.com\/#website\"},\"primaryImageOfPage\":{\"@id\":\"https:\/\/covers4car.com\/product\/front-linen-car-seat-cushion-for-all-cars-non-slip-soft-breathable-universal-fit\/#primaryimage\"},\"image\":{\"@id\":\"https:\/\/covers4car.com\/product\/front-linen-car-seat-cushion-for-all-cars-non-slip-soft-breathable-universal-fit\/#primaryimage\"},\"thumbnailUrl\":\"https:\/\/covers4car.com\/wp-content\/uploads\/2025\/05\/black-15.webp\",\"datePublished\":\"2025-07-03T11:25:18+00:00\",\"dateModified\":\"2025-11-07T07:20:58+00:00\",\"description\":\"Front Linen Car Seat Cushion for All Cars-Non-Slip Soft & Breathable Universal Fit Add comfort and style to your car. This linen front seat cushion is made of selected soft and breathable fabrics, suitable for all seasons, warm in winter\",\"breadcrumb\":{\"@id\":\"https:\/\/covers4car.com\/product\/front-linen-car-seat-cushion-for-all-cars-non-slip-soft-breathable-universal-fit\/#breadcrumb\"},\"inLanguage\":\"de-AT\",\"potentialAction\":[{\"@type\":\"ReadAction\",\"target\":[\"https:\/\/covers4car.com\/product\/front-linen-car-seat-cushion-for-all-cars-non-slip-soft-breathable-universal-fit\/\"]}]},{\"@type\":\"ImageObject\",\"inLanguage\":\"de-AT\",\"@id\":\"https:\/\/covers4car.com\/product\/front-linen-car-seat-cushion-for-all-cars-non-slip-soft-breathable-universal-fit\/#primaryimage\",\"url\":\"https:\/\/covers4car.com\/wp-content\/uploads\/2025\/05\/black-15.webp\",\"contentUrl\":\"https:\/\/covers4car.com\/wp-content\/uploads\/2025\/05\/black-15.webp\",\"width\":1000,\"height\":1000},{\"@type\":\"BreadcrumbList\",\"@id\":\"https:\/\/covers4car.com\/product\/front-linen-car-seat-cushion-for-all-cars-non-slip-soft-breathable-universal-fit\/#breadcrumb\",\"itemListElement\":[{\"@type\":\"ListItem\",\"position\":1,\"name\":\"Home\",\"item\":\"https:\/\/covers4car.com\/\"},{\"@type\":\"ListItem\",\"position\":2,\"name\":\"Shop\",\"item\":\"https:\/\/covers4car.com\/shop\/\"},{\"@type\":\"ListItem\",\"position\":3,\"name\":\"Front Linen Car Seat Cushion for All Cars-Non-Slip Soft &#038; Breathable Universal Fit\"}]},{\"@type\":\"WebSite\",\"@id\":\"https:\/\/covers4car.com\/#website\",\"url\":\"https:\/\/covers4car.com\/\",\"name\":\"Covers4Car\",\"description\":\"Professional Seat Covers Tailored for Your Vehicle\",\"publisher\":{\"@id\":\"https:\/\/covers4car.com\/#organization\"},\"potentialAction\":[{\"@type\":\"SearchAction\",\"target\":{\"@type\":\"EntryPoint\",\"urlTemplate\":\"https:\/\/covers4car.com\/?s={search_term_string}\"},\"query-input\":{\"@type\":\"PropertyValueSpecification\",\"valueRequired\":true,\"valueName\":\"search_term_string\"}}],\"inLanguage\":\"de-AT\"},{\"@type\":\"Organization\",\"@id\":\"https:\/\/covers4car.com\/#organization\",\"name\":\"Covers4Car\",\"url\":\"https:\/\/covers4car.com\/\",\"logo\":{\"@type\":\"ImageObject\",\"inLanguage\":\"de-AT\",\"@id\":\"https:\/\/covers4car.com\/#\/schema\/logo\/image\/\",\"url\":\"https:\/\/covers4car.com\/wp-content\/uploads\/2024\/11\/Asset-2@5x-copy.jpg\",\"contentUrl\":\"https:\/\/covers4car.com\/wp-content\/uploads\/2024\/11\/Asset-2@5x-copy.jpg\",\"width\":877,\"height\":877,\"caption\":\"Covers4Car\"},\"image\":{\"@id\":\"https:\/\/covers4car.com\/#\/schema\/logo\/image\/\"},\"sameAs\":[\"https:\/\/www.facebook.com\/profile.php?id=61564533557142\",\"https:\/\/x.com\/covers4carstore\"]}]}<\/script>\n<!-- \/ Yoast SEO Premium plugin. -->","yoast_head_json":{"title":"Front Linen Car Seat Cushion for All Cars-Non-Slip Soft & Breathable Universal Fit - Covers4Car","description":"Front Linen Car Seat Cushion for All Cars-Non-Slip Soft & Breathable Universal Fit Add comfort and style to your car. This linen front seat cushion is made of selected soft and breathable fabrics, suitable for all seasons, warm in winter","robots":{"index":"index","follow":"follow","max-snippet":"max-snippet:-1","max-image-preview":"max-image-preview:large","max-video-preview":"max-video-preview:-1"},"canonical":"https:\/\/covers4car.com\/at\/product\/front-linen-car-seat-cushion-for-all-cars-non-slip-soft-breathable-universal-fit\/","og_locale":"de_DE","og_type":"article","og_title":"Front Linen Car Seat Cushion for All Cars-Non-Slip Soft & Breathable Universal Fit","og_description":"Front Linen Car Seat Cushion for All Cars-Non-Slip Soft & Breathable Universal Fit Add comfort and style to your car. This linen front seat cushion is made of selected soft and breathable fabrics, suitable for all seasons, warm in winter","og_url":"https:\/\/covers4car.com\/at\/product\/front-linen-car-seat-cushion-for-all-cars-non-slip-soft-breathable-universal-fit\/","og_site_name":"Covers4Car","article_publisher":"https:\/\/www.facebook.com\/profile.php?id=61564533557142","article_modified_time":"2025-11-07T07:20:58+00:00","og_image":[{"width":1000,"height":1000,"url":"https:\/\/covers4car.com\/wp-content\/uploads\/2025\/05\/black-15.webp","type":"image\/webp"}],"twitter_card":"summary_large_image","twitter_site":"@covers4carstore","twitter_misc":{"Gesch\u00e4tzte Lesezeit":"1 Minute"},"schema":{"@context":"https:\/\/schema.org","@graph":[{"@type":"WebPage","@id":"https:\/\/covers4car.com\/product\/front-linen-car-seat-cushion-for-all-cars-non-slip-soft-breathable-universal-fit\/","url":"https:\/\/covers4car.com\/product\/front-linen-car-seat-cushion-for-all-cars-non-slip-soft-breathable-universal-fit\/","name":"Front Linen Car Seat Cushion for All Cars-Non-Slip Soft & Breathable Universal Fit - Covers4Car","isPartOf":{"@id":"https:\/\/covers4car.com\/#website"},"primaryImageOfPage":{"@id":"https:\/\/covers4car.com\/product\/front-linen-car-seat-cushion-for-all-cars-non-slip-soft-breathable-universal-fit\/#primaryimage"},"image":{"@id":"https:\/\/covers4car.com\/product\/front-linen-car-seat-cushion-for-all-cars-non-slip-soft-breathable-universal-fit\/#primaryimage"},"thumbnailUrl":"https:\/\/covers4car.com\/wp-content\/uploads\/2025\/05\/black-15.webp","datePublished":"2025-07-03T11:25:18+00:00","dateModified":"2025-11-07T07:20:58+00:00","description":"Front Linen Car Seat Cushion for All Cars-Non-Slip Soft & Breathable Universal Fit Add comfort and style to your car. This linen front seat cushion is made of selected soft and breathable fabrics, suitable for all seasons, warm in winter","breadcrumb":{"@id":"https:\/\/covers4car.com\/product\/front-linen-car-seat-cushion-for-all-cars-non-slip-soft-breathable-universal-fit\/#breadcrumb"},"inLanguage":"de-AT","potentialAction":[{"@type":"ReadAction","target":["https:\/\/covers4car.com\/product\/front-linen-car-seat-cushion-for-all-cars-non-slip-soft-breathable-universal-fit\/"]}]},{"@type":"ImageObject","inLanguage":"de-AT","@id":"https:\/\/covers4car.com\/product\/front-linen-car-seat-cushion-for-all-cars-non-slip-soft-breathable-universal-fit\/#primaryimage","url":"https:\/\/covers4car.com\/wp-content\/uploads\/2025\/05\/black-15.webp","contentUrl":"https:\/\/covers4car.com\/wp-content\/uploads\/2025\/05\/black-15.webp","width":1000,"height":1000},{"@type":"BreadcrumbList","@id":"https:\/\/covers4car.com\/product\/front-linen-car-seat-cushion-for-all-cars-non-slip-soft-breathable-universal-fit\/#breadcrumb","itemListElement":[{"@type":"ListItem","position":1,"name":"Home","item":"https:\/\/covers4car.com\/"},{"@type":"ListItem","position":2,"name":"Shop","item":"https:\/\/covers4car.com\/shop\/"},{"@type":"ListItem","position":3,"name":"Front Linen Car Seat Cushion for All Cars-Non-Slip Soft &#038; Breathable Universal Fit"}]},{"@type":"WebSite","@id":"https:\/\/covers4car.com\/#website","url":"https:\/\/covers4car.com\/","name":"Covers4Car","description":"Professionelle Sitzbez\u00fcge, ma\u00dfgeschneidert f\u00fcr Ihr Fahrzeug","publisher":{"@id":"https:\/\/covers4car.com\/#organization"},"potentialAction":[{"@type":"SearchAction","target":{"@type":"EntryPoint","urlTemplate":"https:\/\/covers4car.com\/?s={search_term_string}"},"query-input":{"@type":"PropertyValueSpecification","valueRequired":true,"valueName":"search_term_string"}}],"inLanguage":"de-AT"},{"@type":"Organization","@id":"https:\/\/covers4car.com\/#organization","name":"Covers4Car","url":"https:\/\/covers4car.com\/","logo":{"@type":"ImageObject","inLanguage":"de-AT","@id":"https:\/\/covers4car.com\/#\/schema\/logo\/image\/","url":"https:\/\/covers4car.com\/wp-content\/uploads\/2024\/11\/Asset-2@5x-copy.jpg","contentUrl":"https:\/\/covers4car.com\/wp-content\/uploads\/2024\/11\/Asset-2@5x-copy.jpg","width":877,"height":877,"caption":"Covers4Car"},"image":{"@id":"https:\/\/covers4car.com\/#\/schema\/logo\/image\/"},"sameAs":["https:\/\/www.facebook.com\/profile.php?id=61564533557142","https:\/\/x.com\/covers4carstore"]}]}},"_links":{"self":[{"href":"https:\/\/covers4car.com\/at\/wp-json\/wp\/v2\/product\/16406","targetHints":{"allow":["GET"]}}],"collection":[{"href":"https:\/\/covers4car.com\/at\/wp-json\/wp\/v2\/product"}],"about":[{"href":"https:\/\/covers4car.com\/at\/wp-json\/wp\/v2\/types\/product"}],"replies":[{"embeddable":true,"href":"https:\/\/covers4car.com\/at\/wp-json\/wp\/v2\/comments?post=16406"}],"version-history":[{"count":0,"href":"https:\/\/covers4car.com\/at\/wp-json\/wp\/v2\/product\/16406\/revisions"}],"wp:featuredmedia":[{"embeddable":true,"href":"https:\/\/covers4car.com\/at\/wp-json\/wp\/v2\/media\/16411"}],"wp:attachment":[{"href":"https:\/\/covers4car.com\/at\/wp-json\/wp\/v2\/media?parent=16406"}],"wp:term":[{"taxonomy":"product_brand","embeddable":true,"href":"https:\/\/covers4car.com\/at\/wp-json\/wp\/v2\/product_brand?post=16406"},{"taxonomy":"product_cat","embeddable":true,"href":"https:\/\/covers4car.com\/at\/wp-json\/wp\/v2\/product_cat?post=16406"},{"taxonomy":"product_tag","embeddable":true,"href":"https:\/\/covers4car.com\/at\/wp-json\/wp\/v2\/product_tag?post=16406"},{"taxonomy":"jet_color","embeddable":true,"href":"https:\/\/covers4car.com\/at\/wp-json\/wp\/v2\/jet_color?post=16406"},{"taxonomy":"jet_material","embeddable":true,"href":"https:\/\/covers4car.com\/at\/wp-json\/wp\/v2\/jet_material?post=16406"},{"taxonomy":"jet_coverage","embeddable":true,"href":"https:\/\/covers4car.com\/at\/wp-json\/wp\/v2\/jet_coverage?post=16406"}],"curies":[{"name":"wp","href":"https:\/\/api.w.org\/{rel}","templated":true}]}}