{"id":18362,"date":"2025-06-27T03:01:14","date_gmt":"2025-06-27T10:01:14","guid":{"rendered":"https:\/\/covers4car.com\/?post_type=product&#038;p=18362"},"modified":"2025-11-06T23:48:56","modified_gmt":"2025-11-07T07:48:56","slug":"linen-seat-cushion-for-all-cars-breathable-anti-slip-universal-fit-4","status":"publish","type":"product","link":"https:\/\/covers4car.com\/at\/product\/linen-seat-cushion-for-all-cars-breathable-anti-slip-universal-fit-4\/","title":{"rendered":"Leinen-Sitzkissen f\u00fcr alle Autos \u2013 atmungsaktiv und rutschfest, universelle Passform"},"content":{"rendered":"<p>Bleiben Sie k\u00fchl, sauber und komfortabel \u2013 egal zu welcher Jahreszeit. Dieses atmungsaktive Autositzkissen aus Leinen wurde f\u00fcr den t\u00e4glichen Fahrkomfort entwickelt. Die hautfreundliche Oberfl\u00e4che h\u00e4lt Sie an hei\u00dfen Tagen trocken und sorgt an kalten Tagen f\u00fcr wohlige W\u00e4rme. Dank der universellen Passform ist es mit Fahrzeugen der Baureihe 99% kompatibel und die rutschfeste Unterseite h\u00e4lt es sicher an seinem Platz. Ben\u00f6tigen Sie schnellen Zugriff auf Ihr Handy oder Portemonnaie? Die integrierte Tasche bietet daf\u00fcr ausreichend Platz. Stilvoll, praktisch und m\u00fchelos zu reinigen \u2013 alles, was Ihr Autositz braucht.<\/p>\n<p><strong>Merkmale:<\/strong><\/p>\n<ul>\n<li><strong>Atmungsaktives Leinen:<\/strong> Hergestellt aus nat\u00fcrlichem Leinenstoff, der k\u00fchl bleibt, Feuchtigkeit ableitet und sich weich auf der Haut anf\u00fchlt.<\/li>\n<li><strong>Rutschfeste Unterseite:<\/strong> Silikonpunkte auf der Unterseite und rutschfestes Netzgewebe auf der Vorderseite halten die Abdeckung sicher an ihrem Platz.<\/li>\n<li><strong>Leicht zu reinigen:<\/strong> Einfach anheben, sch\u00fctteln oder abwischen, um Staub, Kr\u00fcmel oder Flecken zu entfernen \u2013 ganz ohne Aufwand.<\/li>\n<li><strong>Intelligente Speicherung:<\/strong> In der integrierten Vordertasche haben Sie wichtige Dinge wie Telefon, Geldb\u00f6rse und Karten immer griffbereit.<\/li>\n<li><strong>Ganzjahreskomfort:<\/strong> Sch\u00fctzt Ihre Beine und H\u00fcften vor hei\u00dfen Sommern und kalten Wintern.<\/li>\n<li><strong>Universelle Passform:<\/strong> Entwickelt f\u00fcr die Montage an Pkw, SUVs und LKWs mit der 99%-Norm \u2013 Kompatibilit\u00e4tsprobleme geh\u00f6ren der Vergangenheit an.<\/li>\n<\/ul>","protected":false},"excerpt":{"rendered":"<p>Stay cool, clean, and comfortable-no matter the season. This breathable linen car seat cushion is designed for everyday driving comfort,<\/p>","protected":false},"featured_media":18366,"comment_status":"open","ping_status":"closed","template":"","meta":{"_acf_changed":false,"_monsterinsights_skip_tracking":false,"_monsterinsights_sitenote_active":false,"_monsterinsights_sitenote_note":"","_monsterinsights_sitenote_category":0},"product_brand":[],"product_cat":[23254,22978,22976],"product_tag":[23273,54969],"jet_color":[],"jet_material":[],"jet_coverage":[],"class_list":{"0":"post-18362","1":"product","2":"type-product","3":"status-publish","4":"has-post-thumbnail","6":"product_cat-cooling-ventilation-seat-cushion","7":"product_cat-functional-seat-cushion","8":"product_cat-seat-cushion","9":"product_tag-cooling-seat-cushion","10":"product_tag-fit-universal-fit","12":"first","13":"instock","14":"shipping-taxable","15":"purchasable","16":"product-type-variable","17":"has-default-attributes","18":"wvs-archive-product-wrapper"},"acf":[],"yoast_head":"<!-- This site is optimized with the Yoast SEO Premium plugin v26.4 (Yoast SEO v26.4) - https:\/\/yoast.com\/wordpress\/plugins\/seo\/ -->\n<title>Linen Seat Cushion for All Cars-Breathable &amp; Anti-Slip Universal Fit - Covers4Car<\/title>\n<meta name=\"description\" content=\"Linen Seat Cushion for All Cars-Breathable &amp; Anti-Slip Universal Fit Stay cool, clean, and comfortable-no matter the season. This breathable linen car seat cushion is designed for everyday driving comfort, with a\" \/>\n<meta name=\"robots\" content=\"index, follow, max-snippet:-1, max-image-preview:large, max-video-preview:-1\" \/>\n<link rel=\"canonical\" href=\"https:\/\/covers4car.com\/at\/product\/linen-seat-cushion-for-all-cars-breathable-anti-slip-universal-fit-4\/\" \/>\n<meta property=\"og:locale\" content=\"de_DE\" \/>\n<meta property=\"og:type\" content=\"article\" \/>\n<meta property=\"og:title\" content=\"Linen Seat Cushion for All Cars-Breathable &amp; Anti-Slip Universal Fit\" \/>\n<meta property=\"og:description\" content=\"Linen Seat Cushion for All Cars-Breathable &amp; Anti-Slip Universal Fit Stay cool, clean, and comfortable-no matter the season. This breathable linen car seat cushion is designed for everyday driving comfort, with a\" \/>\n<meta property=\"og:url\" content=\"https:\/\/covers4car.com\/at\/product\/linen-seat-cushion-for-all-cars-breathable-anti-slip-universal-fit-4\/\" \/>\n<meta property=\"og:site_name\" content=\"Covers4Car\" \/>\n<meta property=\"article:publisher\" content=\"https:\/\/www.facebook.com\/profile.php?id=61564533557142\" \/>\n<meta property=\"article:modified_time\" content=\"2025-11-07T07:48:56+00:00\" \/>\n<meta property=\"og:image\" content=\"https:\/\/covers4car.com\/wp-content\/uploads\/2025\/06\/gray-2-4.webp\" \/>\n\t<meta property=\"og:image:width\" content=\"1000\" \/>\n\t<meta property=\"og:image:height\" content=\"1000\" \/>\n\t<meta property=\"og:image:type\" content=\"image\/webp\" \/>\n<meta name=\"twitter:card\" content=\"summary_large_image\" \/>\n<meta name=\"twitter:site\" content=\"@covers4carstore\" \/>\n<meta name=\"twitter:label1\" content=\"Gesch\u00e4tzte Lesezeit\" \/>\n\t<meta name=\"twitter:data1\" content=\"1 Minute\" \/>\n<script type=\"application\/ld+json\" class=\"yoast-schema-graph\">{\"@context\":\"https:\/\/schema.org\",\"@graph\":[{\"@type\":\"WebPage\",\"@id\":\"https:\/\/covers4car.com\/product\/linen-seat-cushion-for-all-cars-breathable-anti-slip-universal-fit-4\/\",\"url\":\"https:\/\/covers4car.com\/product\/linen-seat-cushion-for-all-cars-breathable-anti-slip-universal-fit-4\/\",\"name\":\"Linen Seat Cushion for All Cars-Breathable & Anti-Slip Universal Fit - Covers4Car\",\"isPartOf\":{\"@id\":\"https:\/\/covers4car.com\/#website\"},\"primaryImageOfPage\":{\"@id\":\"https:\/\/covers4car.com\/product\/linen-seat-cushion-for-all-cars-breathable-anti-slip-universal-fit-4\/#primaryimage\"},\"image\":{\"@id\":\"https:\/\/covers4car.com\/product\/linen-seat-cushion-for-all-cars-breathable-anti-slip-universal-fit-4\/#primaryimage\"},\"thumbnailUrl\":\"https:\/\/covers4car.com\/wp-content\/uploads\/2025\/06\/gray-2-4.webp\",\"datePublished\":\"2025-06-27T10:01:14+00:00\",\"dateModified\":\"2025-11-07T07:48:56+00:00\",\"description\":\"Linen Seat Cushion for All Cars-Breathable & Anti-Slip Universal Fit Stay cool, clean, and comfortable-no matter the season. This breathable linen car seat cushion is designed for everyday driving comfort, with a\",\"breadcrumb\":{\"@id\":\"https:\/\/covers4car.com\/product\/linen-seat-cushion-for-all-cars-breathable-anti-slip-universal-fit-4\/#breadcrumb\"},\"inLanguage\":\"de-AT\",\"potentialAction\":[{\"@type\":\"ReadAction\",\"target\":[\"https:\/\/covers4car.com\/product\/linen-seat-cushion-for-all-cars-breathable-anti-slip-universal-fit-4\/\"]}]},{\"@type\":\"ImageObject\",\"inLanguage\":\"de-AT\",\"@id\":\"https:\/\/covers4car.com\/product\/linen-seat-cushion-for-all-cars-breathable-anti-slip-universal-fit-4\/#primaryimage\",\"url\":\"https:\/\/covers4car.com\/wp-content\/uploads\/2025\/06\/gray-2-4.webp\",\"contentUrl\":\"https:\/\/covers4car.com\/wp-content\/uploads\/2025\/06\/gray-2-4.webp\",\"width\":1000,\"height\":1000},{\"@type\":\"BreadcrumbList\",\"@id\":\"https:\/\/covers4car.com\/product\/linen-seat-cushion-for-all-cars-breathable-anti-slip-universal-fit-4\/#breadcrumb\",\"itemListElement\":[{\"@type\":\"ListItem\",\"position\":1,\"name\":\"Home\",\"item\":\"https:\/\/covers4car.com\/\"},{\"@type\":\"ListItem\",\"position\":2,\"name\":\"Shop\",\"item\":\"https:\/\/covers4car.com\/shop\/\"},{\"@type\":\"ListItem\",\"position\":3,\"name\":\"Linen Seat Cushion for All Cars-Breathable &#038; Anti-Slip Universal Fit\"}]},{\"@type\":\"WebSite\",\"@id\":\"https:\/\/covers4car.com\/#website\",\"url\":\"https:\/\/covers4car.com\/\",\"name\":\"Covers4Car\",\"description\":\"Professional Seat Covers Tailored for Your Vehicle\",\"publisher\":{\"@id\":\"https:\/\/covers4car.com\/#organization\"},\"potentialAction\":[{\"@type\":\"SearchAction\",\"target\":{\"@type\":\"EntryPoint\",\"urlTemplate\":\"https:\/\/covers4car.com\/?s={search_term_string}\"},\"query-input\":{\"@type\":\"PropertyValueSpecification\",\"valueRequired\":true,\"valueName\":\"search_term_string\"}}],\"inLanguage\":\"de-AT\"},{\"@type\":\"Organization\",\"@id\":\"https:\/\/covers4car.com\/#organization\",\"name\":\"Covers4Car\",\"url\":\"https:\/\/covers4car.com\/\",\"logo\":{\"@type\":\"ImageObject\",\"inLanguage\":\"de-AT\",\"@id\":\"https:\/\/covers4car.com\/#\/schema\/logo\/image\/\",\"url\":\"https:\/\/covers4car.com\/wp-content\/uploads\/2024\/11\/Asset-2@5x-copy.jpg\",\"contentUrl\":\"https:\/\/covers4car.com\/wp-content\/uploads\/2024\/11\/Asset-2@5x-copy.jpg\",\"width\":877,\"height\":877,\"caption\":\"Covers4Car\"},\"image\":{\"@id\":\"https:\/\/covers4car.com\/#\/schema\/logo\/image\/\"},\"sameAs\":[\"https:\/\/www.facebook.com\/profile.php?id=61564533557142\",\"https:\/\/x.com\/covers4carstore\"]}]}<\/script>\n<!-- \/ Yoast SEO Premium plugin. -->","yoast_head_json":{"title":"Leinen-Sitzkissen f\u00fcr alle Autos \u2013 atmungsaktiv und rutschfest, universelle Passform \u2013 Covers4Car","description":"Linen Seat Cushion for All Cars-Breathable & Anti-Slip Universal Fit Stay cool, clean, and comfortable-no matter the season. This breathable linen car seat cushion is designed for everyday driving comfort, with a","robots":{"index":"index","follow":"follow","max-snippet":"max-snippet:-1","max-image-preview":"max-image-preview:large","max-video-preview":"max-video-preview:-1"},"canonical":"https:\/\/covers4car.com\/at\/product\/linen-seat-cushion-for-all-cars-breathable-anti-slip-universal-fit-4\/","og_locale":"de_DE","og_type":"article","og_title":"Linen Seat Cushion for All Cars-Breathable & Anti-Slip Universal Fit","og_description":"Linen Seat Cushion for All Cars-Breathable & Anti-Slip Universal Fit Stay cool, clean, and comfortable-no matter the season. This breathable linen car seat cushion is designed for everyday driving comfort, with a","og_url":"https:\/\/covers4car.com\/at\/product\/linen-seat-cushion-for-all-cars-breathable-anti-slip-universal-fit-4\/","og_site_name":"Covers4Car","article_publisher":"https:\/\/www.facebook.com\/profile.php?id=61564533557142","article_modified_time":"2025-11-07T07:48:56+00:00","og_image":[{"width":1000,"height":1000,"url":"https:\/\/covers4car.com\/wp-content\/uploads\/2025\/06\/gray-2-4.webp","type":"image\/webp"}],"twitter_card":"summary_large_image","twitter_site":"@covers4carstore","twitter_misc":{"Gesch\u00e4tzte Lesezeit":"1 Minute"},"schema":{"@context":"https:\/\/schema.org","@graph":[{"@type":"WebPage","@id":"https:\/\/covers4car.com\/product\/linen-seat-cushion-for-all-cars-breathable-anti-slip-universal-fit-4\/","url":"https:\/\/covers4car.com\/product\/linen-seat-cushion-for-all-cars-breathable-anti-slip-universal-fit-4\/","name":"Leinen-Sitzkissen f\u00fcr alle Autos \u2013 atmungsaktiv und rutschfest, universelle Passform \u2013 Covers4Car","isPartOf":{"@id":"https:\/\/covers4car.com\/#website"},"primaryImageOfPage":{"@id":"https:\/\/covers4car.com\/product\/linen-seat-cushion-for-all-cars-breathable-anti-slip-universal-fit-4\/#primaryimage"},"image":{"@id":"https:\/\/covers4car.com\/product\/linen-seat-cushion-for-all-cars-breathable-anti-slip-universal-fit-4\/#primaryimage"},"thumbnailUrl":"https:\/\/covers4car.com\/wp-content\/uploads\/2025\/06\/gray-2-4.webp","datePublished":"2025-06-27T10:01:14+00:00","dateModified":"2025-11-07T07:48:56+00:00","description":"Linen Seat Cushion for All Cars-Breathable & Anti-Slip Universal Fit Stay cool, clean, and comfortable-no matter the season. This breathable linen car seat cushion is designed for everyday driving comfort, with a","breadcrumb":{"@id":"https:\/\/covers4car.com\/product\/linen-seat-cushion-for-all-cars-breathable-anti-slip-universal-fit-4\/#breadcrumb"},"inLanguage":"de-AT","potentialAction":[{"@type":"ReadAction","target":["https:\/\/covers4car.com\/product\/linen-seat-cushion-for-all-cars-breathable-anti-slip-universal-fit-4\/"]}]},{"@type":"ImageObject","inLanguage":"de-AT","@id":"https:\/\/covers4car.com\/product\/linen-seat-cushion-for-all-cars-breathable-anti-slip-universal-fit-4\/#primaryimage","url":"https:\/\/covers4car.com\/wp-content\/uploads\/2025\/06\/gray-2-4.webp","contentUrl":"https:\/\/covers4car.com\/wp-content\/uploads\/2025\/06\/gray-2-4.webp","width":1000,"height":1000},{"@type":"BreadcrumbList","@id":"https:\/\/covers4car.com\/product\/linen-seat-cushion-for-all-cars-breathable-anti-slip-universal-fit-4\/#breadcrumb","itemListElement":[{"@type":"ListItem","position":1,"name":"Home","item":"https:\/\/covers4car.com\/"},{"@type":"ListItem","position":2,"name":"Shop","item":"https:\/\/covers4car.com\/shop\/"},{"@type":"ListItem","position":3,"name":"Linen Seat Cushion for All Cars-Breathable &#038; Anti-Slip Universal Fit"}]},{"@type":"WebSite","@id":"https:\/\/covers4car.com\/#website","url":"https:\/\/covers4car.com\/","name":"Covers4Car","description":"Professionelle Sitzbez\u00fcge, ma\u00dfgeschneidert f\u00fcr Ihr Fahrzeug","publisher":{"@id":"https:\/\/covers4car.com\/#organization"},"potentialAction":[{"@type":"SearchAction","target":{"@type":"EntryPoint","urlTemplate":"https:\/\/covers4car.com\/?s={search_term_string}"},"query-input":{"@type":"PropertyValueSpecification","valueRequired":true,"valueName":"search_term_string"}}],"inLanguage":"de-AT"},{"@type":"Organization","@id":"https:\/\/covers4car.com\/#organization","name":"Covers4Car","url":"https:\/\/covers4car.com\/","logo":{"@type":"ImageObject","inLanguage":"de-AT","@id":"https:\/\/covers4car.com\/#\/schema\/logo\/image\/","url":"https:\/\/covers4car.com\/wp-content\/uploads\/2024\/11\/Asset-2@5x-copy.jpg","contentUrl":"https:\/\/covers4car.com\/wp-content\/uploads\/2024\/11\/Asset-2@5x-copy.jpg","width":877,"height":877,"caption":"Covers4Car"},"image":{"@id":"https:\/\/covers4car.com\/#\/schema\/logo\/image\/"},"sameAs":["https:\/\/www.facebook.com\/profile.php?id=61564533557142","https:\/\/x.com\/covers4carstore"]}]}},"_links":{"self":[{"href":"https:\/\/covers4car.com\/at\/wp-json\/wp\/v2\/product\/18362","targetHints":{"allow":["GET"]}}],"collection":[{"href":"https:\/\/covers4car.com\/at\/wp-json\/wp\/v2\/product"}],"about":[{"href":"https:\/\/covers4car.com\/at\/wp-json\/wp\/v2\/types\/product"}],"replies":[{"embeddable":true,"href":"https:\/\/covers4car.com\/at\/wp-json\/wp\/v2\/comments?post=18362"}],"version-history":[{"count":0,"href":"https:\/\/covers4car.com\/at\/wp-json\/wp\/v2\/product\/18362\/revisions"}],"wp:featuredmedia":[{"embeddable":true,"href":"https:\/\/covers4car.com\/at\/wp-json\/wp\/v2\/media\/18366"}],"wp:attachment":[{"href":"https:\/\/covers4car.com\/at\/wp-json\/wp\/v2\/media?parent=18362"}],"wp:term":[{"taxonomy":"product_brand","embeddable":true,"href":"https:\/\/covers4car.com\/at\/wp-json\/wp\/v2\/product_brand?post=18362"},{"taxonomy":"product_cat","embeddable":true,"href":"https:\/\/covers4car.com\/at\/wp-json\/wp\/v2\/product_cat?post=18362"},{"taxonomy":"product_tag","embeddable":true,"href":"https:\/\/covers4car.com\/at\/wp-json\/wp\/v2\/product_tag?post=18362"},{"taxonomy":"jet_color","embeddable":true,"href":"https:\/\/covers4car.com\/at\/wp-json\/wp\/v2\/jet_color?post=18362"},{"taxonomy":"jet_material","embeddable":true,"href":"https:\/\/covers4car.com\/at\/wp-json\/wp\/v2\/jet_material?post=18362"},{"taxonomy":"jet_coverage","embeddable":true,"href":"https:\/\/covers4car.com\/at\/wp-json\/wp\/v2\/jet_coverage?post=18362"}],"curies":[{"name":"wp","href":"https:\/\/api.w.org\/{rel}","templated":true}]}}