{"id":18996,"date":"2025-07-03T03:32:13","date_gmt":"2025-07-03T10:32:13","guid":{"rendered":"https:\/\/covers4car.com\/?post_type=product&#038;p=18996"},"modified":"2025-11-06T06:35:34","modified_gmt":"2025-11-06T14:35:34","slug":"gel-seat-cushion-for-all-cars-cooling-comfort-universal-fit","status":"publish","type":"product","link":"https:\/\/covers4car.com\/at\/product\/gel-seat-cushion-for-all-cars-cooling-comfort-universal-fit\/","title":{"rendered":"Gel-Sitzkissen f\u00fcr alle Autos \u2013 K\u00fchlung und Komfort, universelle Passform"},"content":{"rendered":"<p>Suchen Sie nach einer M\u00f6glichkeit, beim Autofahren k\u00fchl und komfortabel zu bleiben? Dann sind Sie mit dem Tesla K\u00fchlsitzkissen genau richtig! Dieses Kissen ist mit K\u00fchlgel gef\u00fcllt, das W\u00e4rme schnell ableitet, die Temperatur Ihres Sitzes senkt und Ihr Fahrerlebnis verbessert.<\/p>\n<p><strong>Merkmale:<\/strong><\/p>\n<ul>\n<li><strong>Kompatibel mit allen Fahrzeugen:<\/strong> Egal, ob Sie eine Limousine, einen SUV oder einen Pickup fahren, dieses universelle K\u00fchlsitzkissen bietet umfassende Kompatibilit\u00e4t und sorgt jedes Mal f\u00fcr eine komfortable, entspannte Fahrt.<\/li>\n<li><strong>Bleiben Sie k\u00fchl und bequem:<\/strong> Dieser mit K\u00fchlgel gef\u00fcllte Polstersitz leitet die W\u00e4rme schnell ab, senkt die Sitztemperatur und sorgt daf\u00fcr, dass Sie bei langen Fahrten k\u00fchl und komfortabel bleiben.<\/li>\n<li><strong>Verbessern Sie Ihr Fahrerlebnis:<\/strong> Verbessern Sie Ihr Fahrerlebnis mit dem k\u00fchlenden Sitzkissen. Es reduziert M\u00fcdigkeit und Unbehagen und sorgt daf\u00fcr, dass Sie w\u00e4hrend der Fahrt konzentriert und aufmerksam bleiben.<\/li>\n<li><strong>Verabschieden Sie sich von verschwitzten Sitzen:<\/strong> Keine verschwitzten Sitze mehr! Mit diesem k\u00fchlenden Sitzkissen genie\u00dfen Sie auch an den hei\u00dfesten Tagen eine komfortable und k\u00fchle Fahrt.<\/li>\n<li><strong>Einfach zu installieren und zu verwenden:<\/strong> Der K\u00fchlsitz ist einfach zu installieren und zu verwenden. Legen Sie ihn einfach auf Ihren Sitz, schlie\u00dfen Sie ihn an eine Stromquelle an und schon kann es losgehen.<\/li>\n<\/ul>","protected":false},"excerpt":{"rendered":"<p>Looking for a way to stay cool and comfortable while driving your car? Look no further than the Tesla Cooling<\/p>","protected":false},"featured_media":19006,"comment_status":"open","ping_status":"closed","template":"","meta":{"_acf_changed":false,"_monsterinsights_skip_tracking":false,"_monsterinsights_sitenote_active":false,"_monsterinsights_sitenote_note":"","_monsterinsights_sitenote_category":0},"product_brand":[],"product_cat":[22976,22978,23254],"product_tag":[54969],"jet_color":[],"jet_material":[],"jet_coverage":[],"class_list":{"0":"post-18996","1":"product","2":"type-product","3":"status-publish","4":"has-post-thumbnail","6":"product_cat-seat-cushion","7":"product_cat-functional-seat-cushion","8":"product_cat-cooling-ventilation-seat-cushion","9":"product_tag-fit-universal-fit","11":"first","12":"instock","13":"shipping-taxable","14":"purchasable","15":"product-type-variable","16":"has-default-attributes","17":"wvs-archive-product-wrapper"},"acf":[],"yoast_head":"<!-- This site is optimized with the Yoast SEO Premium plugin v26.4 (Yoast SEO v26.4) - https:\/\/yoast.com\/wordpress\/plugins\/seo\/ -->\n<title>Gel Seat Cushion for All Cars-Cooling &amp; Comfort Universal Fit - Covers4Car<\/title>\n<meta name=\"description\" content=\"Gel Seat Cushion for All Cars-Cooling &amp; Comfort Universal Fit Looking for a way to stay cool and comfortable while driving your car? Look no further than the Tesla Cooling Cushion Seat! This cushion is filled with\" \/>\n<meta name=\"robots\" content=\"index, follow, max-snippet:-1, max-image-preview:large, max-video-preview:-1\" \/>\n<link rel=\"canonical\" href=\"https:\/\/covers4car.com\/at\/product\/gel-seat-cushion-for-all-cars-cooling-comfort-universal-fit\/\" \/>\n<meta property=\"og:locale\" content=\"de_DE\" \/>\n<meta property=\"og:type\" content=\"article\" \/>\n<meta property=\"og:title\" content=\"Gel Seat Cushion for All Cars-Cooling &amp; Comfort Universal Fit\" \/>\n<meta property=\"og:description\" content=\"Gel Seat Cushion for All Cars-Cooling &amp; Comfort Universal Fit Looking for a way to stay cool and comfortable while driving your car? Look no further than the Tesla Cooling Cushion Seat! This cushion is filled with\" \/>\n<meta property=\"og:url\" content=\"https:\/\/covers4car.com\/at\/product\/gel-seat-cushion-for-all-cars-cooling-comfort-universal-fit\/\" \/>\n<meta property=\"og:site_name\" content=\"Covers4Car\" \/>\n<meta property=\"article:publisher\" content=\"https:\/\/www.facebook.com\/profile.php?id=61564533557142\" \/>\n<meta property=\"article:modified_time\" content=\"2025-11-06T14:35:34+00:00\" \/>\n<meta property=\"og:image\" content=\"https:\/\/covers4car.com\/wp-content\/uploads\/2025\/07\/img-4.webp\" \/>\n\t<meta property=\"og:image:width\" content=\"1000\" \/>\n\t<meta property=\"og:image:height\" content=\"1000\" \/>\n\t<meta property=\"og:image:type\" content=\"image\/webp\" \/>\n<meta name=\"twitter:card\" content=\"summary_large_image\" \/>\n<meta name=\"twitter:site\" content=\"@covers4carstore\" \/>\n<meta name=\"twitter:label1\" content=\"Gesch\u00e4tzte Lesezeit\" \/>\n\t<meta name=\"twitter:data1\" content=\"2 Minuten\" \/>\n<script type=\"application\/ld+json\" class=\"yoast-schema-graph\">{\"@context\":\"https:\/\/schema.org\",\"@graph\":[{\"@type\":\"WebPage\",\"@id\":\"https:\/\/covers4car.com\/product\/gel-seat-cushion-for-all-cars-cooling-comfort-universal-fit\/\",\"url\":\"https:\/\/covers4car.com\/product\/gel-seat-cushion-for-all-cars-cooling-comfort-universal-fit\/\",\"name\":\"Gel Seat Cushion for All Cars-Cooling & Comfort Universal Fit - Covers4Car\",\"isPartOf\":{\"@id\":\"https:\/\/covers4car.com\/#website\"},\"primaryImageOfPage\":{\"@id\":\"https:\/\/covers4car.com\/product\/gel-seat-cushion-for-all-cars-cooling-comfort-universal-fit\/#primaryimage\"},\"image\":{\"@id\":\"https:\/\/covers4car.com\/product\/gel-seat-cushion-for-all-cars-cooling-comfort-universal-fit\/#primaryimage\"},\"thumbnailUrl\":\"https:\/\/covers4car.com\/wp-content\/uploads\/2025\/07\/img-4.webp\",\"datePublished\":\"2025-07-03T10:32:13+00:00\",\"dateModified\":\"2025-11-06T14:35:34+00:00\",\"description\":\"Gel Seat Cushion for All Cars-Cooling & Comfort Universal Fit Looking for a way to stay cool and comfortable while driving your car? Look no further than the Tesla Cooling Cushion Seat! This cushion is filled with\",\"breadcrumb\":{\"@id\":\"https:\/\/covers4car.com\/product\/gel-seat-cushion-for-all-cars-cooling-comfort-universal-fit\/#breadcrumb\"},\"inLanguage\":\"de-AT\",\"potentialAction\":[{\"@type\":\"ReadAction\",\"target\":[\"https:\/\/covers4car.com\/product\/gel-seat-cushion-for-all-cars-cooling-comfort-universal-fit\/\"]}]},{\"@type\":\"ImageObject\",\"inLanguage\":\"de-AT\",\"@id\":\"https:\/\/covers4car.com\/product\/gel-seat-cushion-for-all-cars-cooling-comfort-universal-fit\/#primaryimage\",\"url\":\"https:\/\/covers4car.com\/wp-content\/uploads\/2025\/07\/img-4.webp\",\"contentUrl\":\"https:\/\/covers4car.com\/wp-content\/uploads\/2025\/07\/img-4.webp\",\"width\":1000,\"height\":1000},{\"@type\":\"BreadcrumbList\",\"@id\":\"https:\/\/covers4car.com\/product\/gel-seat-cushion-for-all-cars-cooling-comfort-universal-fit\/#breadcrumb\",\"itemListElement\":[{\"@type\":\"ListItem\",\"position\":1,\"name\":\"Home\",\"item\":\"https:\/\/covers4car.com\/\"},{\"@type\":\"ListItem\",\"position\":2,\"name\":\"Shop\",\"item\":\"https:\/\/covers4car.com\/shop\/\"},{\"@type\":\"ListItem\",\"position\":3,\"name\":\"Gel Seat Cushion for All Cars-Cooling &#038; Comfort Universal Fit\"}]},{\"@type\":\"WebSite\",\"@id\":\"https:\/\/covers4car.com\/#website\",\"url\":\"https:\/\/covers4car.com\/\",\"name\":\"Covers4Car\",\"description\":\"Professional Seat Covers Tailored for Your Vehicle\",\"publisher\":{\"@id\":\"https:\/\/covers4car.com\/#organization\"},\"potentialAction\":[{\"@type\":\"SearchAction\",\"target\":{\"@type\":\"EntryPoint\",\"urlTemplate\":\"https:\/\/covers4car.com\/?s={search_term_string}\"},\"query-input\":{\"@type\":\"PropertyValueSpecification\",\"valueRequired\":true,\"valueName\":\"search_term_string\"}}],\"inLanguage\":\"de-AT\"},{\"@type\":\"Organization\",\"@id\":\"https:\/\/covers4car.com\/#organization\",\"name\":\"Covers4Car\",\"url\":\"https:\/\/covers4car.com\/\",\"logo\":{\"@type\":\"ImageObject\",\"inLanguage\":\"de-AT\",\"@id\":\"https:\/\/covers4car.com\/#\/schema\/logo\/image\/\",\"url\":\"https:\/\/covers4car.com\/wp-content\/uploads\/2024\/11\/Asset-2@5x-copy.jpg\",\"contentUrl\":\"https:\/\/covers4car.com\/wp-content\/uploads\/2024\/11\/Asset-2@5x-copy.jpg\",\"width\":877,\"height\":877,\"caption\":\"Covers4Car\"},\"image\":{\"@id\":\"https:\/\/covers4car.com\/#\/schema\/logo\/image\/\"},\"sameAs\":[\"https:\/\/www.facebook.com\/profile.php?id=61564533557142\",\"https:\/\/x.com\/covers4carstore\"]}]}<\/script>\n<!-- \/ Yoast SEO Premium plugin. -->","yoast_head_json":{"title":"Gel Seat Cushion for All Cars-Cooling & Comfort Universal Fit - Covers4Car","description":"Gel Seat Cushion for All Cars-Cooling & Comfort Universal Fit Looking for a way to stay cool and comfortable while driving your car? Look no further than the Tesla Cooling Cushion Seat! This cushion is filled with","robots":{"index":"index","follow":"follow","max-snippet":"max-snippet:-1","max-image-preview":"max-image-preview:large","max-video-preview":"max-video-preview:-1"},"canonical":"https:\/\/covers4car.com\/at\/product\/gel-seat-cushion-for-all-cars-cooling-comfort-universal-fit\/","og_locale":"de_DE","og_type":"article","og_title":"Gel Seat Cushion for All Cars-Cooling & Comfort Universal Fit","og_description":"Gel Seat Cushion for All Cars-Cooling & Comfort Universal Fit Looking for a way to stay cool and comfortable while driving your car? Look no further than the Tesla Cooling Cushion Seat! This cushion is filled with","og_url":"https:\/\/covers4car.com\/at\/product\/gel-seat-cushion-for-all-cars-cooling-comfort-universal-fit\/","og_site_name":"Covers4Car","article_publisher":"https:\/\/www.facebook.com\/profile.php?id=61564533557142","article_modified_time":"2025-11-06T14:35:34+00:00","og_image":[{"width":1000,"height":1000,"url":"https:\/\/covers4car.com\/wp-content\/uploads\/2025\/07\/img-4.webp","type":"image\/webp"}],"twitter_card":"summary_large_image","twitter_site":"@covers4carstore","twitter_misc":{"Gesch\u00e4tzte Lesezeit":"2 Minuten"},"schema":{"@context":"https:\/\/schema.org","@graph":[{"@type":"WebPage","@id":"https:\/\/covers4car.com\/product\/gel-seat-cushion-for-all-cars-cooling-comfort-universal-fit\/","url":"https:\/\/covers4car.com\/product\/gel-seat-cushion-for-all-cars-cooling-comfort-universal-fit\/","name":"Gel Seat Cushion for All Cars-Cooling & Comfort Universal Fit - Covers4Car","isPartOf":{"@id":"https:\/\/covers4car.com\/#website"},"primaryImageOfPage":{"@id":"https:\/\/covers4car.com\/product\/gel-seat-cushion-for-all-cars-cooling-comfort-universal-fit\/#primaryimage"},"image":{"@id":"https:\/\/covers4car.com\/product\/gel-seat-cushion-for-all-cars-cooling-comfort-universal-fit\/#primaryimage"},"thumbnailUrl":"https:\/\/covers4car.com\/wp-content\/uploads\/2025\/07\/img-4.webp","datePublished":"2025-07-03T10:32:13+00:00","dateModified":"2025-11-06T14:35:34+00:00","description":"Gel Seat Cushion for All Cars-Cooling & Comfort Universal Fit Looking for a way to stay cool and comfortable while driving your car? Look no further than the Tesla Cooling Cushion Seat! This cushion is filled with","breadcrumb":{"@id":"https:\/\/covers4car.com\/product\/gel-seat-cushion-for-all-cars-cooling-comfort-universal-fit\/#breadcrumb"},"inLanguage":"de-AT","potentialAction":[{"@type":"ReadAction","target":["https:\/\/covers4car.com\/product\/gel-seat-cushion-for-all-cars-cooling-comfort-universal-fit\/"]}]},{"@type":"ImageObject","inLanguage":"de-AT","@id":"https:\/\/covers4car.com\/product\/gel-seat-cushion-for-all-cars-cooling-comfort-universal-fit\/#primaryimage","url":"https:\/\/covers4car.com\/wp-content\/uploads\/2025\/07\/img-4.webp","contentUrl":"https:\/\/covers4car.com\/wp-content\/uploads\/2025\/07\/img-4.webp","width":1000,"height":1000},{"@type":"BreadcrumbList","@id":"https:\/\/covers4car.com\/product\/gel-seat-cushion-for-all-cars-cooling-comfort-universal-fit\/#breadcrumb","itemListElement":[{"@type":"ListItem","position":1,"name":"Home","item":"https:\/\/covers4car.com\/"},{"@type":"ListItem","position":2,"name":"Shop","item":"https:\/\/covers4car.com\/shop\/"},{"@type":"ListItem","position":3,"name":"Gel Seat Cushion for All Cars-Cooling &#038; Comfort Universal Fit"}]},{"@type":"WebSite","@id":"https:\/\/covers4car.com\/#website","url":"https:\/\/covers4car.com\/","name":"Covers4Car","description":"Professionelle Sitzbez\u00fcge, ma\u00dfgeschneidert f\u00fcr Ihr Fahrzeug","publisher":{"@id":"https:\/\/covers4car.com\/#organization"},"potentialAction":[{"@type":"SearchAction","target":{"@type":"EntryPoint","urlTemplate":"https:\/\/covers4car.com\/?s={search_term_string}"},"query-input":{"@type":"PropertyValueSpecification","valueRequired":true,"valueName":"search_term_string"}}],"inLanguage":"de-AT"},{"@type":"Organization","@id":"https:\/\/covers4car.com\/#organization","name":"Covers4Car","url":"https:\/\/covers4car.com\/","logo":{"@type":"ImageObject","inLanguage":"de-AT","@id":"https:\/\/covers4car.com\/#\/schema\/logo\/image\/","url":"https:\/\/covers4car.com\/wp-content\/uploads\/2024\/11\/Asset-2@5x-copy.jpg","contentUrl":"https:\/\/covers4car.com\/wp-content\/uploads\/2024\/11\/Asset-2@5x-copy.jpg","width":877,"height":877,"caption":"Covers4Car"},"image":{"@id":"https:\/\/covers4car.com\/#\/schema\/logo\/image\/"},"sameAs":["https:\/\/www.facebook.com\/profile.php?id=61564533557142","https:\/\/x.com\/covers4carstore"]}]}},"_links":{"self":[{"href":"https:\/\/covers4car.com\/at\/wp-json\/wp\/v2\/product\/18996","targetHints":{"allow":["GET"]}}],"collection":[{"href":"https:\/\/covers4car.com\/at\/wp-json\/wp\/v2\/product"}],"about":[{"href":"https:\/\/covers4car.com\/at\/wp-json\/wp\/v2\/types\/product"}],"replies":[{"embeddable":true,"href":"https:\/\/covers4car.com\/at\/wp-json\/wp\/v2\/comments?post=18996"}],"version-history":[{"count":0,"href":"https:\/\/covers4car.com\/at\/wp-json\/wp\/v2\/product\/18996\/revisions"}],"wp:featuredmedia":[{"embeddable":true,"href":"https:\/\/covers4car.com\/at\/wp-json\/wp\/v2\/media\/19006"}],"wp:attachment":[{"href":"https:\/\/covers4car.com\/at\/wp-json\/wp\/v2\/media?parent=18996"}],"wp:term":[{"taxonomy":"product_brand","embeddable":true,"href":"https:\/\/covers4car.com\/at\/wp-json\/wp\/v2\/product_brand?post=18996"},{"taxonomy":"product_cat","embeddable":true,"href":"https:\/\/covers4car.com\/at\/wp-json\/wp\/v2\/product_cat?post=18996"},{"taxonomy":"product_tag","embeddable":true,"href":"https:\/\/covers4car.com\/at\/wp-json\/wp\/v2\/product_tag?post=18996"},{"taxonomy":"jet_color","embeddable":true,"href":"https:\/\/covers4car.com\/at\/wp-json\/wp\/v2\/jet_color?post=18996"},{"taxonomy":"jet_material","embeddable":true,"href":"https:\/\/covers4car.com\/at\/wp-json\/wp\/v2\/jet_material?post=18996"},{"taxonomy":"jet_coverage","embeddable":true,"href":"https:\/\/covers4car.com\/at\/wp-json\/wp\/v2\/jet_coverage?post=18996"}],"curies":[{"name":"wp","href":"https:\/\/api.w.org\/{rel}","templated":true}]}}