{"id":20483,"date":"2025-08-21T02:50:53","date_gmt":"2025-08-21T09:50:53","guid":{"rendered":"https:\/\/covers4car.com\/?post_type=product&#038;p=20483"},"modified":"2025-12-08T19:04:57","modified_gmt":"2025-12-09T03:04:57","slug":"all-inclusive-seat-cover-for-tesla-model-3-highland-2024","status":"publish","type":"product","link":"https:\/\/covers4car.com\/at\/product\/all-inclusive-seat-cover-for-tesla-model-3-highland-2024\/","title":{"rendered":"All-Inclusive-Sitzbezug f\u00fcr Tesla Model 3 Highland 2024+"},"content":{"rendered":"<p>Verwandeln Sie Ihr Fahrerlebnis mit dem All-Inclusive 2024+ Model 3 Highland-Sitzbezug von Covers4car f\u00fcr Tesla. Er wurde sorgf\u00e4ltig gefertigt, um Eleganz im Fabrikstil, \u00fcberragende Haltbarkeit, umfassenden Schutz und anpassbaren Komfort zu bieten und sicherzustellen, dass Ihr Tesla jahrelang stilvoll und komfortabel bleibt, w\u00e4hrend gleichzeitig sein Wiederverkaufswert gesteigert wird.<\/p>\n<ul>\n<li><strong>Passend f\u00fcr: 2024+ Model 3 Highland (Nicht passend f\u00fcr 2024+ Model 3 Highland Performance)<\/strong><\/li>\n<\/ul>\n<ul>\n<li>Perfekte Passform im Werksstil: Entworfen, um dem luxuri\u00f6sen Aussehen und Gef\u00fchl der Werkssitze von Tesla zu entsprechen und eine nahtlose Passform und \u00e4sthetische Attraktivit\u00e4t zu gew\u00e4hrleisten.<\/li>\n<\/ul>\n<p><img fetchpriority=\"high\" decoding=\"async\" class=\"wd-lazy-fade alignnone wp-image-10073\" src=\"https:\/\/covers4car.com\/wp-content\/themes\/woodmart\/images\/lazy.svg\" data-src=\"https:\/\/covers4car.com\/wp-content\/uploads\/2024\/11\/10001-15-1.jpg\" alt=\"\" width=\"750\" height=\"464\" srcset=\"\" data-srcset=\"https:\/\/covers4car.com\/wp-content\/uploads\/2024\/11\/10001-15-1.jpg 970w, https:\/\/covers4car.com\/wp-content\/uploads\/2024\/11\/10001-15-1-148x92.jpg 148w, https:\/\/covers4car.com\/wp-content\/uploads\/2024\/11\/10001-15-1-300x186.jpg 300w, https:\/\/covers4car.com\/wp-content\/uploads\/2024\/11\/10001-15-1-768x475.jpg 768w\" sizes=\"(max-width: 750px) 100vw, 750px\" \/><\/p>\n<p><img decoding=\"async\" class=\"wd-lazy-fade alignnone wp-image-10213\" src=\"https:\/\/covers4car.com\/wp-content\/themes\/woodmart\/images\/lazy.svg\" data-src=\"https:\/\/covers4car.com\/wp-content\/uploads\/2024\/11\/10005-1.jpg\" alt=\"\" width=\"750\" height=\"750\" srcset=\"\" data-srcset=\"https:\/\/covers4car.com\/wp-content\/uploads\/2024\/11\/10005-1.jpg 1080w, https:\/\/covers4car.com\/wp-content\/uploads\/2024\/11\/10005-1-600x600.jpg 600w, https:\/\/covers4car.com\/wp-content\/uploads\/2024\/11\/10005-1-148x148.jpg 148w, https:\/\/covers4car.com\/wp-content\/uploads\/2024\/11\/10005-1-300x300.jpg 300w, https:\/\/covers4car.com\/wp-content\/uploads\/2024\/11\/10005-1-1024x1024.jpg 1024w, https:\/\/covers4car.com\/wp-content\/uploads\/2024\/11\/10005-1-150x150.jpg 150w, https:\/\/covers4car.com\/wp-content\/uploads\/2024\/11\/10005-1-768x768.jpg 768w\" sizes=\"(max-width: 750px) 100vw, 750px\" \/><\/p>\n<ul>\n<li>Verbesserte Haltbarkeit: Hergestellt aus langlebigen Materialien mit einer glatten, atmungsaktiven Oberfl\u00e4che, die leicht zu reinigen ist und zu jeder Jahreszeit bequem bleibt.<\/li>\n<\/ul>\n<p><img decoding=\"async\" class=\"wd-lazy-fade alignnone wp-image-10054\" src=\"https:\/\/covers4car.com\/wp-content\/themes\/woodmart\/images\/lazy.svg\" data-src=\"https:\/\/covers4car.com\/wp-content\/uploads\/2024\/11\/7.jpg\" alt=\"\" width=\"750\" height=\"750\" srcset=\"\" data-srcset=\"https:\/\/covers4car.com\/wp-content\/uploads\/2024\/11\/7.jpg 2000w, https:\/\/covers4car.com\/wp-content\/uploads\/2024\/11\/7-600x600.jpg 600w, https:\/\/covers4car.com\/wp-content\/uploads\/2024\/11\/7-148x148.jpg 148w, https:\/\/covers4car.com\/wp-content\/uploads\/2024\/11\/7-1200x1200.jpg 1200w, https:\/\/covers4car.com\/wp-content\/uploads\/2024\/11\/7-300x300.jpg 300w, https:\/\/covers4car.com\/wp-content\/uploads\/2024\/11\/7-1024x1024.jpg 1024w, https:\/\/covers4car.com\/wp-content\/uploads\/2024\/11\/7-150x150.jpg 150w, https:\/\/covers4car.com\/wp-content\/uploads\/2024\/11\/7-768x768.jpg 768w, https:\/\/covers4car.com\/wp-content\/uploads\/2024\/11\/7-1536x1536.jpg 1536w\" sizes=\"(max-width: 750px) 100vw, 750px\" \/><\/p>\n<ul>\n<li>Sicherheit beim Fahren: Verf\u00fcgt \u00fcber reservierte Airbag-\u00d6ffnungen f\u00fcr mehr Sicherheit und Seelenfrieden.<\/li>\n<\/ul>\n<p><img loading=\"lazy\" decoding=\"async\" class=\"wd-lazy-fade alignnone wp-image-10214\" src=\"https:\/\/covers4car.com\/wp-content\/themes\/woodmart\/images\/lazy.svg\" data-src=\"https:\/\/covers4car.com\/wp-content\/uploads\/2024\/11\/10007.jpg\" alt=\"\" width=\"750\" height=\"750\" srcset=\"\" data-srcset=\"https:\/\/covers4car.com\/wp-content\/uploads\/2024\/11\/10007.jpg 1600w, https:\/\/covers4car.com\/wp-content\/uploads\/2024\/11\/10007-600x600.jpg 600w, https:\/\/covers4car.com\/wp-content\/uploads\/2024\/11\/10007-148x148.jpg 148w, https:\/\/covers4car.com\/wp-content\/uploads\/2024\/11\/10007-1200x1200.jpg 1200w, https:\/\/covers4car.com\/wp-content\/uploads\/2024\/11\/10007-300x300.jpg 300w, https:\/\/covers4car.com\/wp-content\/uploads\/2024\/11\/10007-1024x1024.jpg 1024w, https:\/\/covers4car.com\/wp-content\/uploads\/2024\/11\/10007-150x150.jpg 150w, https:\/\/covers4car.com\/wp-content\/uploads\/2024\/11\/10007-768x768.jpg 768w, https:\/\/covers4car.com\/wp-content\/uploads\/2024\/11\/10007-1536x1536.jpg 1536w\" sizes=\"(max-width: 750px) 100vw, 750px\" \/><\/p>\n<ul>\n<li>Umfassender Schutz: Bietet 360\u00b0-Abdeckung, um Ihre Tesla Model 3 Highland-Sitze vor Schmutz, Flecken, Abrieb und Abnutzung durch Haustiere oder Kinder zu sch\u00fctzen und sie makellos zu halten. Schmutzige Pfotenabdr\u00fccke von Haustieren oder getrunkene Getr\u00e4nke von Kindern lassen sich schnell mit einem Handtuch abwischen, sodass Ihre Sitze wieder wie neu aussehen.<\/li>\n<\/ul>\n<p><img loading=\"lazy\" decoding=\"async\" class=\"wd-lazy-fade alignnone size-full wp-image-10048\" src=\"https:\/\/covers4car.com\/wp-content\/themes\/woodmart\/images\/lazy.svg\" data-src=\"https:\/\/covers4car.com\/wp-content\/uploads\/2024\/11\/A4_a7f33a7e-b5d8-4877-b302-171eb64df151.jpg\" alt=\"\" width=\"750\" height=\"463\" srcset=\"\" data-srcset=\"https:\/\/covers4car.com\/wp-content\/uploads\/2024\/11\/A4_a7f33a7e-b5d8-4877-b302-171eb64df151.jpg 750w, https:\/\/covers4car.com\/wp-content\/uploads\/2024\/11\/A4_a7f33a7e-b5d8-4877-b302-171eb64df151-148x91.jpg 148w, https:\/\/covers4car.com\/wp-content\/uploads\/2024\/11\/A4_a7f33a7e-b5d8-4877-b302-171eb64df151-300x185.jpg 300w\" sizes=\"(max-width: 750px) 100vw, 750px\" \/><\/p>\n<ul>\n<li>Langlebigkeit und Wiederverkaufswert: Verl\u00e4ngert die Lebensdauer Ihrer Tesla-Sitze um 5\u20136 Jahre, sch\u00fctzt sie vor Sch\u00e4den und bewahrt das Wiederverkaufspotenzial des Fahrzeugs.<\/li>\n<\/ul>\n<p><img loading=\"lazy\" decoding=\"async\" class=\"wd-lazy-fade alignnone size-full wp-image-10050\" src=\"https:\/\/covers4car.com\/wp-content\/themes\/woodmart\/images\/lazy.svg\" data-src=\"https:\/\/covers4car.com\/wp-content\/uploads\/2024\/11\/B6_dd615875-ce16-4f9a-a1c1-f298f3c03383.jpg\" alt=\"\" width=\"750\" height=\"463\" srcset=\"\" data-srcset=\"https:\/\/covers4car.com\/wp-content\/uploads\/2024\/11\/B6_dd615875-ce16-4f9a-a1c1-f298f3c03383.jpg 750w, https:\/\/covers4car.com\/wp-content\/uploads\/2024\/11\/B6_dd615875-ce16-4f9a-a1c1-f298f3c03383-148x91.jpg 148w, https:\/\/covers4car.com\/wp-content\/uploads\/2024\/11\/B6_dd615875-ce16-4f9a-a1c1-f298f3c03383-300x185.jpg 300w\" sizes=\"(max-width: 750px) 100vw, 750px\" \/><\/p>\n<ul>\n<li>Mehrere Farben: Erh\u00e4ltlich in mehreren Farben mit Optionen f\u00fcr zweifarbige Kombinationen, sodass Sie den Innenraum Ihres Tesla Model 3 Highland individuell gestalten k\u00f6nnen.<\/li>\n<\/ul>\n<p><img loading=\"lazy\" decoding=\"async\" class=\"wd-lazy-fade alignnone size-full wp-image-10099\" src=\"https:\/\/covers4car.com\/wp-content\/themes\/woodmart\/images\/lazy.svg\" data-src=\"https:\/\/covers4car.com\/wp-content\/uploads\/2024\/11\/750-888.jpg\" alt=\"\" width=\"750\" height=\"750\" srcset=\"\" data-srcset=\"https:\/\/covers4car.com\/wp-content\/uploads\/2024\/11\/750-888.jpg 750w, https:\/\/covers4car.com\/wp-content\/uploads\/2024\/11\/750-888-600x600.jpg 600w, https:\/\/covers4car.com\/wp-content\/uploads\/2024\/11\/750-888-148x148.jpg 148w, https:\/\/covers4car.com\/wp-content\/uploads\/2024\/11\/750-888-300x300.jpg 300w, https:\/\/covers4car.com\/wp-content\/uploads\/2024\/11\/750-888-150x150.jpg 150w\" sizes=\"(max-width: 750px) 100vw, 750px\" \/><\/p>\n<p><strong>Komplettset (Vorder- und R\u00fccksitze):<\/strong><\/p>\n<ul>\n<li>2x Vordersitzbez\u00fcge<\/li>\n<li>1x Armlehnenbezug<\/li>\n<li>1x komplette R\u00fccksitzabdeckung<\/li>\n<\/ul>\n<p><strong>Nur Vordersitze<\/strong><\/p>\n<ul>\n<li>2x Vordersitzbez\u00fcge<\/li>\n<li>1x Armlehnenbezug<\/li>\n<\/ul>\n<p><strong>Nur R\u00fccksitze<\/strong><\/p>\n<ul>\n<li>1x komplette R\u00fccksitzabdeckung<\/li>\n<\/ul>\n<p><strong>Installationsanleitung:<\/strong><br \/>\n<iframe title=\"YouTube-Videoplayer\" src=\"https:\/\/www.youtube.com\/embed\/fxy40yOQ-W8?si=RKtGC1vu-4E3pIUw\" width=\"560\" height=\"315\" frameborder=\"0\" allowfullscreen=\"allowfullscreen\"><\/iframe><\/p>\n<p><iframe title=\"YouTube-Videoplayer\" src=\"https:\/\/www.youtube.com\/embed\/mHfcbLZHCb4?si=0cU-8To2PVwwkNZ6\" width=\"560\" height=\"315\" frameborder=\"0\" allowfullscreen=\"allowfullscreen\"><\/iframe><\/p>","protected":false},"excerpt":{"rendered":"<p>Ver\u00e4ndern Sie Ihr Fahrerlebnis mit dem Covers4car All-Inclusive 2024+ Model 3 Highland Sitzbezug f\u00fcr Tesla, der sorgf\u00e4ltig gefertigt wurde, um einen werkseitigen Look zu bieten.<\/p>","protected":false},"featured_media":21594,"comment_status":"open","ping_status":"closed","template":"","meta":{"_acf_changed":false,"_monsterinsights_skip_tracking":false,"_monsterinsights_sitenote_active":false,"_monsterinsights_sitenote_note":"","_monsterinsights_sitenote_category":0},"product_brand":[],"product_cat":[124,87,22971],"product_tag":[55002],"jet_color":[],"jet_material":[],"jet_coverage":[],"class_list":{"0":"post-20483","1":"product","2":"type-product","3":"status-publish","4":"has-post-thumbnail","6":"product_cat-seat-cover","7":"product_cat-seat-cover-for-tesla","8":"product_cat-seat-cover-for-tesla-model-3","9":"product_tag-fit-m3-highland","11":"first","12":"instock","13":"shipping-taxable","14":"purchasable","15":"product-type-variable","16":"has-default-attributes","17":"wvs-archive-product-wrapper"},"acf":[],"yoast_head":"<!-- This site is optimized with the Yoast SEO Premium plugin v26.4 (Yoast SEO v26.4) - https:\/\/yoast.com\/wordpress\/plugins\/seo\/ -->\n<title>All-Inclusive Seat Cover for Tesla Model 3 Highland 2024+ - Covers4Car<\/title>\n<meta name=\"description\" content=\"All-Inclusive Seat Cover for Tesla Model 3 Highland 2024+ Transform your driving experience with Covers4car All-Inclusive 2024+ Model 3 Highland Seat Cover for Tesla, meticulously crafted to provide factory-style\" \/>\n<meta name=\"robots\" content=\"index, follow, max-snippet:-1, max-image-preview:large, max-video-preview:-1\" \/>\n<link rel=\"canonical\" href=\"https:\/\/covers4car.com\/at\/product\/all-inclusive-seat-cover-for-tesla-model-3-highland-2024\/\" \/>\n<meta property=\"og:locale\" content=\"de_DE\" \/>\n<meta property=\"og:type\" content=\"article\" \/>\n<meta property=\"og:title\" content=\"All-Inclusive Seat Cover for Tesla Model 3 Highland 2024+\" \/>\n<meta property=\"og:description\" content=\"All-Inclusive Seat Cover for Tesla Model 3 Highland 2024+ Transform your driving experience with Covers4car All-Inclusive 2024+ Model 3 Highland Seat Cover for Tesla, meticulously crafted to provide factory-style\" \/>\n<meta property=\"og:url\" content=\"https:\/\/covers4car.com\/at\/product\/all-inclusive-seat-cover-for-tesla-model-3-highland-2024\/\" \/>\n<meta property=\"og:site_name\" content=\"Covers4Car\" \/>\n<meta property=\"article:publisher\" content=\"https:\/\/www.facebook.com\/profile.php?id=61564533557142\" \/>\n<meta property=\"article:modified_time\" content=\"2025-12-09T03:04:57+00:00\" \/>\n<meta property=\"og:image\" content=\"https:\/\/covers4car.com\/wp-content\/uploads\/2025\/08\/1-1-2.webp\" \/>\n\t<meta property=\"og:image:width\" content=\"1000\" \/>\n\t<meta property=\"og:image:height\" content=\"1000\" \/>\n\t<meta property=\"og:image:type\" content=\"image\/webp\" \/>\n<meta name=\"twitter:card\" content=\"summary_large_image\" \/>\n<meta name=\"twitter:site\" content=\"@covers4carstore\" \/>\n<meta name=\"twitter:label1\" content=\"Gesch\u00e4tzte Lesezeit\" \/>\n\t<meta name=\"twitter:data1\" content=\"3 Minuten\" \/>\n<script type=\"application\/ld+json\" class=\"yoast-schema-graph\">{\"@context\":\"https:\/\/schema.org\",\"@graph\":[{\"@type\":\"WebPage\",\"@id\":\"https:\/\/covers4car.com\/product\/all-inclusive-seat-cover-for-tesla-model-3-highland-2024\/\",\"url\":\"https:\/\/covers4car.com\/product\/all-inclusive-seat-cover-for-tesla-model-3-highland-2024\/\",\"name\":\"All-Inclusive Seat Cover for Tesla Model 3 Highland 2024+ - Covers4Car\",\"isPartOf\":{\"@id\":\"https:\/\/covers4car.com\/#website\"},\"primaryImageOfPage\":{\"@id\":\"https:\/\/covers4car.com\/product\/all-inclusive-seat-cover-for-tesla-model-3-highland-2024\/#primaryimage\"},\"image\":{\"@id\":\"https:\/\/covers4car.com\/product\/all-inclusive-seat-cover-for-tesla-model-3-highland-2024\/#primaryimage\"},\"thumbnailUrl\":\"https:\/\/covers4car.com\/wp-content\/uploads\/2025\/08\/1-1-2.webp\",\"datePublished\":\"2025-08-21T09:50:53+00:00\",\"dateModified\":\"2025-12-09T03:04:57+00:00\",\"description\":\"All-Inclusive Seat Cover for Tesla Model 3 Highland 2024+ Transform your driving experience with Covers4car All-Inclusive 2024+ Model 3 Highland Seat Cover for Tesla, meticulously crafted to provide factory-style\",\"breadcrumb\":{\"@id\":\"https:\/\/covers4car.com\/product\/all-inclusive-seat-cover-for-tesla-model-3-highland-2024\/#breadcrumb\"},\"inLanguage\":\"de-AT\",\"potentialAction\":[{\"@type\":\"ReadAction\",\"target\":[\"https:\/\/covers4car.com\/product\/all-inclusive-seat-cover-for-tesla-model-3-highland-2024\/\"]}]},{\"@type\":\"ImageObject\",\"inLanguage\":\"de-AT\",\"@id\":\"https:\/\/covers4car.com\/product\/all-inclusive-seat-cover-for-tesla-model-3-highland-2024\/#primaryimage\",\"url\":\"https:\/\/covers4car.com\/wp-content\/uploads\/2025\/08\/1-1-2.webp\",\"contentUrl\":\"https:\/\/covers4car.com\/wp-content\/uploads\/2025\/08\/1-1-2.webp\",\"width\":1000,\"height\":1000},{\"@type\":\"BreadcrumbList\",\"@id\":\"https:\/\/covers4car.com\/product\/all-inclusive-seat-cover-for-tesla-model-3-highland-2024\/#breadcrumb\",\"itemListElement\":[{\"@type\":\"ListItem\",\"position\":1,\"name\":\"Home\",\"item\":\"https:\/\/covers4car.com\/\"},{\"@type\":\"ListItem\",\"position\":2,\"name\":\"Shop\",\"item\":\"https:\/\/covers4car.com\/shop\/\"},{\"@type\":\"ListItem\",\"position\":3,\"name\":\"All-Inclusive Seat Cover for Tesla Model 3 Highland 2024+\"}]},{\"@type\":\"WebSite\",\"@id\":\"https:\/\/covers4car.com\/#website\",\"url\":\"https:\/\/covers4car.com\/\",\"name\":\"Covers4Car\",\"description\":\"Professional Seat Covers Tailored for Your Vehicle\",\"publisher\":{\"@id\":\"https:\/\/covers4car.com\/#organization\"},\"potentialAction\":[{\"@type\":\"SearchAction\",\"target\":{\"@type\":\"EntryPoint\",\"urlTemplate\":\"https:\/\/covers4car.com\/?s={search_term_string}\"},\"query-input\":{\"@type\":\"PropertyValueSpecification\",\"valueRequired\":true,\"valueName\":\"search_term_string\"}}],\"inLanguage\":\"de-AT\"},{\"@type\":\"Organization\",\"@id\":\"https:\/\/covers4car.com\/#organization\",\"name\":\"Covers4Car\",\"url\":\"https:\/\/covers4car.com\/\",\"logo\":{\"@type\":\"ImageObject\",\"inLanguage\":\"de-AT\",\"@id\":\"https:\/\/covers4car.com\/#\/schema\/logo\/image\/\",\"url\":\"https:\/\/covers4car.com\/wp-content\/uploads\/2024\/11\/Asset-2@5x-copy.jpg\",\"contentUrl\":\"https:\/\/covers4car.com\/wp-content\/uploads\/2024\/11\/Asset-2@5x-copy.jpg\",\"width\":877,\"height\":877,\"caption\":\"Covers4Car\"},\"image\":{\"@id\":\"https:\/\/covers4car.com\/#\/schema\/logo\/image\/\"},\"sameAs\":[\"https:\/\/www.facebook.com\/profile.php?id=61564533557142\",\"https:\/\/x.com\/covers4carstore\"]}]}<\/script>\n<!-- \/ Yoast SEO Premium plugin. -->","yoast_head_json":{"title":"Kompletter Sitzbezug f\u00fcr Tesla, Model und 3 Highland ab 2024 - Covers4Car","description":"Kompletter Sitzbezug f\u00fcr Tesla, Model und 3 Highland ab 2024: Verleihen Sie Ihrem Fahrerlebnis mit dem Covers4car Komplett-Sitzbezug f\u00fcr den Tesla (ab 2024) einen neuen Look \u2013 sorgf\u00e4ltig gefertigt f\u00fcr ein perfektes Erscheinungsbild wie ab Werk.","robots":{"index":"index","follow":"follow","max-snippet":"max-snippet:-1","max-image-preview":"max-image-preview:large","max-video-preview":"max-video-preview:-1"},"canonical":"https:\/\/covers4car.com\/at\/product\/all-inclusive-seat-cover-for-tesla-model-3-highland-2024\/","og_locale":"de_DE","og_type":"article","og_title":"All-Inclusive Seat Cover for Tesla Model 3 Highland 2024+","og_description":"All-Inclusive Seat Cover for Tesla Model 3 Highland 2024+ Transform your driving experience with Covers4car All-Inclusive 2024+ Model 3 Highland Seat Cover for Tesla, meticulously crafted to provide factory-style","og_url":"https:\/\/covers4car.com\/at\/product\/all-inclusive-seat-cover-for-tesla-model-3-highland-2024\/","og_site_name":"Covers4Car","article_publisher":"https:\/\/www.facebook.com\/profile.php?id=61564533557142","article_modified_time":"2025-12-09T03:04:57+00:00","og_image":[{"width":1000,"height":1000,"url":"https:\/\/covers4car.com\/wp-content\/uploads\/2025\/08\/1-1-2.webp","type":"image\/webp"}],"twitter_card":"summary_large_image","twitter_site":"@covers4carstore","twitter_misc":{"Gesch\u00e4tzte Lesezeit":"3 Minuten"},"schema":{"@context":"https:\/\/schema.org","@graph":[{"@type":"WebPage","@id":"https:\/\/covers4car.com\/product\/all-inclusive-seat-cover-for-tesla-model-3-highland-2024\/","url":"https:\/\/covers4car.com\/product\/all-inclusive-seat-cover-for-tesla-model-3-highland-2024\/","name":"Kompletter Sitzbezug f\u00fcr Tesla, Model und 3 Highland ab 2024 - Covers4Car","isPartOf":{"@id":"https:\/\/covers4car.com\/#website"},"primaryImageOfPage":{"@id":"https:\/\/covers4car.com\/product\/all-inclusive-seat-cover-for-tesla-model-3-highland-2024\/#primaryimage"},"image":{"@id":"https:\/\/covers4car.com\/product\/all-inclusive-seat-cover-for-tesla-model-3-highland-2024\/#primaryimage"},"thumbnailUrl":"https:\/\/covers4car.com\/wp-content\/uploads\/2025\/08\/1-1-2.webp","datePublished":"2025-08-21T09:50:53+00:00","dateModified":"2025-12-09T03:04:57+00:00","description":"Kompletter Sitzbezug f\u00fcr Tesla, Model und 3 Highland ab 2024: Verleihen Sie Ihrem Fahrerlebnis mit dem Covers4car Komplett-Sitzbezug f\u00fcr den Tesla (ab 2024) einen neuen Look \u2013 sorgf\u00e4ltig gefertigt f\u00fcr ein perfektes Erscheinungsbild wie ab Werk.","breadcrumb":{"@id":"https:\/\/covers4car.com\/product\/all-inclusive-seat-cover-for-tesla-model-3-highland-2024\/#breadcrumb"},"inLanguage":"de-AT","potentialAction":[{"@type":"ReadAction","target":["https:\/\/covers4car.com\/product\/all-inclusive-seat-cover-for-tesla-model-3-highland-2024\/"]}]},{"@type":"ImageObject","inLanguage":"de-AT","@id":"https:\/\/covers4car.com\/product\/all-inclusive-seat-cover-for-tesla-model-3-highland-2024\/#primaryimage","url":"https:\/\/covers4car.com\/wp-content\/uploads\/2025\/08\/1-1-2.webp","contentUrl":"https:\/\/covers4car.com\/wp-content\/uploads\/2025\/08\/1-1-2.webp","width":1000,"height":1000},{"@type":"BreadcrumbList","@id":"https:\/\/covers4car.com\/product\/all-inclusive-seat-cover-for-tesla-model-3-highland-2024\/#breadcrumb","itemListElement":[{"@type":"ListItem","position":1,"name":"Home","item":"https:\/\/covers4car.com\/"},{"@type":"ListItem","position":2,"name":"Shop","item":"https:\/\/covers4car.com\/shop\/"},{"@type":"ListItem","position":3,"name":"All-Inclusive Seat Cover for Tesla Model 3 Highland 2024+"}]},{"@type":"WebSite","@id":"https:\/\/covers4car.com\/#website","url":"https:\/\/covers4car.com\/","name":"Covers4Car","description":"Professionelle Sitzbez\u00fcge, ma\u00dfgeschneidert f\u00fcr Ihr Fahrzeug","publisher":{"@id":"https:\/\/covers4car.com\/#organization"},"potentialAction":[{"@type":"SearchAction","target":{"@type":"EntryPoint","urlTemplate":"https:\/\/covers4car.com\/?s={search_term_string}"},"query-input":{"@type":"PropertyValueSpecification","valueRequired":true,"valueName":"search_term_string"}}],"inLanguage":"de-AT"},{"@type":"Organization","@id":"https:\/\/covers4car.com\/#organization","name":"Covers4Car","url":"https:\/\/covers4car.com\/","logo":{"@type":"ImageObject","inLanguage":"de-AT","@id":"https:\/\/covers4car.com\/#\/schema\/logo\/image\/","url":"https:\/\/covers4car.com\/wp-content\/uploads\/2024\/11\/Asset-2@5x-copy.jpg","contentUrl":"https:\/\/covers4car.com\/wp-content\/uploads\/2024\/11\/Asset-2@5x-copy.jpg","width":877,"height":877,"caption":"Covers4Car"},"image":{"@id":"https:\/\/covers4car.com\/#\/schema\/logo\/image\/"},"sameAs":["https:\/\/www.facebook.com\/profile.php?id=61564533557142","https:\/\/x.com\/covers4carstore"]}]}},"_links":{"self":[{"href":"https:\/\/covers4car.com\/at\/wp-json\/wp\/v2\/product\/20483","targetHints":{"allow":["GET"]}}],"collection":[{"href":"https:\/\/covers4car.com\/at\/wp-json\/wp\/v2\/product"}],"about":[{"href":"https:\/\/covers4car.com\/at\/wp-json\/wp\/v2\/types\/product"}],"replies":[{"embeddable":true,"href":"https:\/\/covers4car.com\/at\/wp-json\/wp\/v2\/comments?post=20483"}],"version-history":[{"count":0,"href":"https:\/\/covers4car.com\/at\/wp-json\/wp\/v2\/product\/20483\/revisions"}],"wp:featuredmedia":[{"embeddable":true,"href":"https:\/\/covers4car.com\/at\/wp-json\/wp\/v2\/media\/21594"}],"wp:attachment":[{"href":"https:\/\/covers4car.com\/at\/wp-json\/wp\/v2\/media?parent=20483"}],"wp:term":[{"taxonomy":"product_brand","embeddable":true,"href":"https:\/\/covers4car.com\/at\/wp-json\/wp\/v2\/product_brand?post=20483"},{"taxonomy":"product_cat","embeddable":true,"href":"https:\/\/covers4car.com\/at\/wp-json\/wp\/v2\/product_cat?post=20483"},{"taxonomy":"product_tag","embeddable":true,"href":"https:\/\/covers4car.com\/at\/wp-json\/wp\/v2\/product_tag?post=20483"},{"taxonomy":"jet_color","embeddable":true,"href":"https:\/\/covers4car.com\/at\/wp-json\/wp\/v2\/jet_color?post=20483"},{"taxonomy":"jet_material","embeddable":true,"href":"https:\/\/covers4car.com\/at\/wp-json\/wp\/v2\/jet_material?post=20483"},{"taxonomy":"jet_coverage","embeddable":true,"href":"https:\/\/covers4car.com\/at\/wp-json\/wp\/v2\/jet_coverage?post=20483"}],"curies":[{"name":"wp","href":"https:\/\/api.w.org\/{rel}","templated":true}]}}