{"id":20487,"date":"2025-08-21T02:50:54","date_gmt":"2025-08-21T09:50:54","guid":{"rendered":"https:\/\/covers4car.com\/?post_type=product&#038;p=20487"},"modified":"2025-12-29T09:52:15","modified_gmt":"2025-12-29T17:52:15","slug":"custom-fit-all-inclusive-seat-cover-for-5-seat-tesla-model-x-2022-2024","status":"publish","type":"product","link":"https:\/\/covers4car.com\/at\/product\/custom-fit-all-inclusive-seat-cover-for-5-seat-tesla-model-x-2022-2024\/","title":{"rendered":"All-Inclusive-Sitzbezug f\u00fcr 5-Sitzer Tesla Model X 2022-2025+"},"content":{"rendered":"<p>Verwandeln Sie Ihr Fahrerlebnis mit dem All-Inclusive-Sitzbezug Model X f\u00fcr 5 Sitze (2022\u20132024) von Covers4car f\u00fcr Tesla. Er wurde sorgf\u00e4ltig gefertigt, um Eleganz im Fabrikstil, \u00fcberragende Haltbarkeit, umfassenden Schutz und anpassbaren Komfort zu bieten und sicherzustellen, dass Ihr Tesla \u00fcber Jahre hinweg stilvoll und komfortabel bleibt und gleichzeitig seinen Wiederverkaufswert steigert.<\/p>\n<ul>\n<li><span style=\"background-color: #d77777;\"><strong>Passend f\u00fcr: 2022-2025+ Model X<\/strong><\/span><\/li>\n<\/ul>\n<p><strong><span style=\"background-color: #e27a7a;\">Notiz: <\/span>Bitte w\u00e4hlen Sie bei der Bestellung Sitz und Farbe aus und senden Sie dann das Bild des Autositzes an die E-Mail-Adresse <span class=\"text-only\" data-eleid=\"3-0\">support@covers4car.com<\/span>, Oder hinterlassen Sie eine Nachricht bei der Bestellung. Da jeder Sitzbezug f\u00fcr das Model X individuell angefertigt wird, ben\u00f6tigen wir Fotos Ihrer Innenausstattung, um den Bezug optimal an Ihren Stil anzupassen.<\/strong><\/p>\n<p><strong><span style=\"color: #080808;\">Bei Sonderanfertigungen beginnt die Produktion sofort nach Einsendung Ihrer Sitzfotos. Eine Stornierung der Bestellung ist ab diesem Zeitpunkt nicht mehr m\u00f6glich. Bitte stellen Sie vor der Bestellung sicher, dass alle Angaben korrekt sind.<\/span><\/strong><\/p>\n<p><a href=\"https:\/\/covers4car.com\/wp-content\/uploads\/2025\/08\/B-2.webp\"><img fetchpriority=\"high\" decoding=\"async\" class=\"wd-lazy-fade alignnone size-full wp-image-21200\" src=\"https:\/\/covers4car.com\/wp-content\/themes\/woodmart\/images\/lazy.svg\" data-src=\"https:\/\/covers4car.com\/wp-content\/uploads\/2025\/08\/B-2.webp\" alt=\"\" width=\"1000\" height=\"1000\" srcset=\"\" data-srcset=\"https:\/\/covers4car.com\/wp-content\/uploads\/2025\/08\/B-2.webp 1000w, https:\/\/covers4car.com\/wp-content\/uploads\/2025\/08\/B-2-300x300.webp 300w, https:\/\/covers4car.com\/wp-content\/uploads\/2025\/08\/B-2-150x150.webp 150w, https:\/\/covers4car.com\/wp-content\/uploads\/2025\/08\/B-2-768x768.webp 768w, https:\/\/covers4car.com\/wp-content\/uploads\/2025\/08\/B-2-12x12.webp 12w, https:\/\/covers4car.com\/wp-content\/uploads\/2025\/08\/B-2-600x600.webp 600w, https:\/\/covers4car.com\/wp-content\/uploads\/2025\/08\/B-2-148x148.webp 148w, https:\/\/covers4car.com\/wp-content\/uploads\/2025\/08\/B-2-50x50.webp 50w, https:\/\/covers4car.com\/wp-content\/uploads\/2025\/08\/B-2-100x100.webp 100w\" sizes=\"(max-width: 1000px) 100vw, 1000px\" \/><\/a><\/p>\n<ul>\n<li><span style=\"color: #ff2a00;\"><strong>Bitte beachten Sie: <span style=\"color: #f42c05;\">das ganze Set ist <\/span><\/strong><\/span><span style=\"color: #f42c05;\"><strong>ohne Armlehnenbezug (dies hat jedoch keinen Einfluss auf die Gesamtwirkung oder Kompatibilit\u00e4t).<\/strong><\/span><\/li>\n<li>Perfekte Passform im Werksstil: Entworfen, um dem luxuri\u00f6sen Aussehen und Gef\u00fchl der Werkssitze von Tesla zu entsprechen und eine nahtlose Passform und \u00e4sthetische Attraktivit\u00e4t zu gew\u00e4hrleisten. <strong>Die Innenraumfotos f\u00fcr Model X werden ben\u00f6tigt, um die Konsistenz Ihres Model X-Innenraums zu wahren<br \/>\n<\/strong><\/li>\n<\/ul>\n<p><img decoding=\"async\" class=\"wd-lazy-fade alignnone wp-image-10073\" src=\"https:\/\/covers4car.com\/wp-content\/themes\/woodmart\/images\/lazy.svg\" data-src=\"https:\/\/covers4car.com\/wp-content\/uploads\/2024\/11\/10001-15-1.jpg\" alt=\"\" width=\"750\" height=\"464\" srcset=\"\" data-srcset=\"https:\/\/covers4car.com\/wp-content\/uploads\/2024\/11\/10001-15-1.jpg 970w, https:\/\/covers4car.com\/wp-content\/uploads\/2024\/11\/10001-15-1-148x92.jpg 148w, https:\/\/covers4car.com\/wp-content\/uploads\/2024\/11\/10001-15-1-300x186.jpg 300w, https:\/\/covers4car.com\/wp-content\/uploads\/2024\/11\/10001-15-1-768x475.jpg 768w\" sizes=\"(max-width: 750px) 100vw, 750px\" \/><br \/>\n<img decoding=\"async\" class=\"wd-lazy-fade alignnone size-full wp-image-10074\" src=\"https:\/\/covers4car.com\/wp-content\/themes\/woodmart\/images\/lazy.svg\" data-src=\"https:\/\/covers4car.com\/wp-content\/uploads\/2024\/11\/10003-1.jpg\" alt=\"\" width=\"750\" height=\"1002\" srcset=\"\" data-srcset=\"https:\/\/covers4car.com\/wp-content\/uploads\/2024\/11\/10003-1.jpg 750w, https:\/\/covers4car.com\/wp-content\/uploads\/2024\/11\/10003-1-148x198.jpg 148w, https:\/\/covers4car.com\/wp-content\/uploads\/2024\/11\/10003-1-225x300.jpg 225w\" sizes=\"(max-width: 750px) 100vw, 750px\" \/><\/p>\n<ul>\n<li>Verbesserte Haltbarkeit: Hergestellt aus langlebigen Materialien mit einer glatten, atmungsaktiven Oberfl\u00e4che, die leicht zu reinigen ist und zu jeder Jahreszeit bequem bleibt.<\/li>\n<\/ul>\n<p><a href=\"https:\/\/covers4car.com\/wp-content\/uploads\/2025\/08\/10002-1.webp\"><img loading=\"lazy\" decoding=\"async\" class=\"wd-lazy-fade alignnone size-full wp-image-22176\" src=\"https:\/\/covers4car.com\/wp-content\/themes\/woodmart\/images\/lazy.svg\" data-src=\"https:\/\/covers4car.com\/wp-content\/uploads\/2025\/08\/10002-1.webp\" alt=\"\" width=\"1000\" height=\"1000\" srcset=\"\" data-srcset=\"https:\/\/covers4car.com\/wp-content\/uploads\/2025\/08\/10002-1.webp 1000w, https:\/\/covers4car.com\/wp-content\/uploads\/2025\/08\/10002-1-300x300.webp 300w, https:\/\/covers4car.com\/wp-content\/uploads\/2025\/08\/10002-1-150x150.webp 150w, https:\/\/covers4car.com\/wp-content\/uploads\/2025\/08\/10002-1-768x768.webp 768w, https:\/\/covers4car.com\/wp-content\/uploads\/2025\/08\/10002-1-12x12.webp 12w, https:\/\/covers4car.com\/wp-content\/uploads\/2025\/08\/10002-1-600x600.webp 600w, https:\/\/covers4car.com\/wp-content\/uploads\/2025\/08\/10002-1-148x148.webp 148w, https:\/\/covers4car.com\/wp-content\/uploads\/2025\/08\/10002-1-50x50.webp 50w, https:\/\/covers4car.com\/wp-content\/uploads\/2025\/08\/10002-1-100x100.webp 100w\" sizes=\"(max-width: 1000px) 100vw, 1000px\" \/><\/a><\/p>\n<ul>\n<li>Sicherheit beim Fahren: Verf\u00fcgt \u00fcber reservierte Airbag-\u00d6ffnungen f\u00fcr mehr Sicherheit und Seelenfrieden.<\/li>\n<\/ul>\n<p><a href=\"https:\/\/covers4car.com\/wp-content\/uploads\/2025\/08\/5-9.webp\"><img loading=\"lazy\" decoding=\"async\" class=\"wd-lazy-fade alignnone size-full wp-image-22175\" src=\"https:\/\/covers4car.com\/wp-content\/themes\/woodmart\/images\/lazy.svg\" data-src=\"https:\/\/covers4car.com\/wp-content\/uploads\/2025\/08\/5-9.webp\" alt=\"\" width=\"1000\" height=\"1000\" srcset=\"\" data-srcset=\"https:\/\/covers4car.com\/wp-content\/uploads\/2025\/08\/5-9.webp 1000w, https:\/\/covers4car.com\/wp-content\/uploads\/2025\/08\/5-9-300x300.webp 300w, https:\/\/covers4car.com\/wp-content\/uploads\/2025\/08\/5-9-150x150.webp 150w, https:\/\/covers4car.com\/wp-content\/uploads\/2025\/08\/5-9-768x768.webp 768w, https:\/\/covers4car.com\/wp-content\/uploads\/2025\/08\/5-9-12x12.webp 12w, https:\/\/covers4car.com\/wp-content\/uploads\/2025\/08\/5-9-600x600.webp 600w, https:\/\/covers4car.com\/wp-content\/uploads\/2025\/08\/5-9-148x148.webp 148w, https:\/\/covers4car.com\/wp-content\/uploads\/2025\/08\/5-9-50x50.webp 50w, https:\/\/covers4car.com\/wp-content\/uploads\/2025\/08\/5-9-100x100.webp 100w\" sizes=\"(max-width: 1000px) 100vw, 1000px\" \/><\/a><\/p>\n<ul>\n<li>Umfassender Schutz: Bietet 360\u00b0-Abdeckung, um Ihre Tesla Model S-Sitze vor Schmutz, Flecken, Abrieb und Abnutzung durch Haustiere oder Kinder zu sch\u00fctzen und sie makellos zu halten. Schlammige Pfotenabdr\u00fccke von Haustieren oder ausgetrunkene Getr\u00e4nke von Kindern k\u00f6nnen schnell mit einem Handtuch abgewischt werden, sodass Ihre Sitze wieder wie neu aussehen.<\/li>\n<\/ul>\n<p><img loading=\"lazy\" decoding=\"async\" class=\"wd-lazy-fade alignnone size-full wp-image-10048\" src=\"https:\/\/covers4car.com\/wp-content\/themes\/woodmart\/images\/lazy.svg\" data-src=\"https:\/\/covers4car.com\/wp-content\/uploads\/2024\/11\/A4_a7f33a7e-b5d8-4877-b302-171eb64df151.jpg\" alt=\"\" width=\"750\" height=\"463\" srcset=\"\" data-srcset=\"https:\/\/covers4car.com\/wp-content\/uploads\/2024\/11\/A4_a7f33a7e-b5d8-4877-b302-171eb64df151.jpg 750w, https:\/\/covers4car.com\/wp-content\/uploads\/2024\/11\/A4_a7f33a7e-b5d8-4877-b302-171eb64df151-148x91.jpg 148w, https:\/\/covers4car.com\/wp-content\/uploads\/2024\/11\/A4_a7f33a7e-b5d8-4877-b302-171eb64df151-300x185.jpg 300w\" sizes=\"(max-width: 750px) 100vw, 750px\" \/><\/p>\n<ul>\n<li>Langlebigkeit und Wiederverkaufswert: Verl\u00e4ngert die Lebensdauer Ihrer Tesla-Sitze um 5\u20136 Jahre, sch\u00fctzt sie vor Sch\u00e4den und bewahrt das Wiederverkaufspotenzial des Fahrzeugs.<\/li>\n<\/ul>\n<p><a href=\"https:\/\/covers4car.com\/wp-content\/uploads\/2025\/08\/4-9.webp\"><img loading=\"lazy\" decoding=\"async\" class=\"wd-lazy-fade alignnone size-full wp-image-22174\" src=\"https:\/\/covers4car.com\/wp-content\/themes\/woodmart\/images\/lazy.svg\" data-src=\"https:\/\/covers4car.com\/wp-content\/uploads\/2025\/08\/4-9.webp\" alt=\"\" width=\"1000\" height=\"1000\" srcset=\"\" data-srcset=\"https:\/\/covers4car.com\/wp-content\/uploads\/2025\/08\/4-9.webp 1000w, https:\/\/covers4car.com\/wp-content\/uploads\/2025\/08\/4-9-300x300.webp 300w, https:\/\/covers4car.com\/wp-content\/uploads\/2025\/08\/4-9-150x150.webp 150w, https:\/\/covers4car.com\/wp-content\/uploads\/2025\/08\/4-9-768x768.webp 768w, https:\/\/covers4car.com\/wp-content\/uploads\/2025\/08\/4-9-12x12.webp 12w, https:\/\/covers4car.com\/wp-content\/uploads\/2025\/08\/4-9-600x600.webp 600w, https:\/\/covers4car.com\/wp-content\/uploads\/2025\/08\/4-9-148x148.webp 148w, https:\/\/covers4car.com\/wp-content\/uploads\/2025\/08\/4-9-50x50.webp 50w, https:\/\/covers4car.com\/wp-content\/uploads\/2025\/08\/4-9-100x100.webp 100w\" sizes=\"(max-width: 1000px) 100vw, 1000px\" \/><\/a><\/p>\n<p><img loading=\"lazy\" decoding=\"async\" class=\"wd-lazy-fade alignnone size-full wp-image-10050\" src=\"https:\/\/covers4car.com\/wp-content\/themes\/woodmart\/images\/lazy.svg\" data-src=\"https:\/\/covers4car.com\/wp-content\/uploads\/2024\/11\/B6_dd615875-ce16-4f9a-a1c1-f298f3c03383.jpg\" alt=\"\" width=\"750\" height=\"463\" srcset=\"\" data-srcset=\"https:\/\/covers4car.com\/wp-content\/uploads\/2024\/11\/B6_dd615875-ce16-4f9a-a1c1-f298f3c03383.jpg 750w, https:\/\/covers4car.com\/wp-content\/uploads\/2024\/11\/B6_dd615875-ce16-4f9a-a1c1-f298f3c03383-148x91.jpg 148w, https:\/\/covers4car.com\/wp-content\/uploads\/2024\/11\/B6_dd615875-ce16-4f9a-a1c1-f298f3c03383-300x185.jpg 300w\" sizes=\"(max-width: 750px) 100vw, 750px\" \/><\/p>\n<ul>\n<li>Mehrere Farben: Erh\u00e4ltlich in mehreren Farben mit Optionen f\u00fcr zweifarbige Kombinationen, sodass Sie den Innenraum Ihres Model S individuell gestalten k\u00f6nnen.<\/li>\n<\/ul>\n<p><img loading=\"lazy\" decoding=\"async\" class=\"wd-lazy-fade alignnone wp-image-10438\" src=\"https:\/\/covers4car.com\/wp-content\/themes\/woodmart\/images\/lazy.svg\" data-src=\"https:\/\/covers4car.com\/wp-content\/uploads\/2024\/11\/10003-2.jpg\" alt=\"\" width=\"750\" height=\"750\" srcset=\"\" data-srcset=\"https:\/\/covers4car.com\/wp-content\/uploads\/2024\/11\/10003-2.jpg 800w, https:\/\/covers4car.com\/wp-content\/uploads\/2024\/11\/10003-2-600x600.jpg 600w, https:\/\/covers4car.com\/wp-content\/uploads\/2024\/11\/10003-2-148x148.jpg 148w, https:\/\/covers4car.com\/wp-content\/uploads\/2024\/11\/10003-2-300x300.jpg 300w, https:\/\/covers4car.com\/wp-content\/uploads\/2024\/11\/10003-2-150x150.jpg 150w, https:\/\/covers4car.com\/wp-content\/uploads\/2024\/11\/10003-2-768x768.jpg 768w\" sizes=\"(max-width: 750px) 100vw, 750px\" \/><\/p>\n<p><img loading=\"lazy\" decoding=\"async\" class=\"wd-lazy-fade alignnone wp-image-10439\" src=\"https:\/\/covers4car.com\/wp-content\/themes\/woodmart\/images\/lazy.svg\" data-src=\"https:\/\/covers4car.com\/wp-content\/uploads\/2024\/11\/10001-2-3.jpg\" alt=\"\" width=\"750\" height=\"676\" srcset=\"\" data-srcset=\"https:\/\/covers4car.com\/wp-content\/uploads\/2024\/11\/10001-2-3.jpg 800w, https:\/\/covers4car.com\/wp-content\/uploads\/2024\/11\/10001-2-3-148x133.jpg 148w, https:\/\/covers4car.com\/wp-content\/uploads\/2024\/11\/10001-2-3-300x270.jpg 300w, https:\/\/covers4car.com\/wp-content\/uploads\/2024\/11\/10001-2-3-768x692.jpg 768w\" sizes=\"(max-width: 750px) 100vw, 750px\" \/><\/p>\n<p><img loading=\"lazy\" decoding=\"async\" class=\"wd-lazy-fade alignnone size-full wp-image-10099\" src=\"https:\/\/covers4car.com\/wp-content\/themes\/woodmart\/images\/lazy.svg\" data-src=\"https:\/\/covers4car.com\/wp-content\/uploads\/2024\/11\/750-888.jpg\" alt=\"\" width=\"750\" height=\"750\" srcset=\"\" data-srcset=\"https:\/\/covers4car.com\/wp-content\/uploads\/2024\/11\/750-888.jpg 750w, https:\/\/covers4car.com\/wp-content\/uploads\/2024\/11\/750-888-600x600.jpg 600w, https:\/\/covers4car.com\/wp-content\/uploads\/2024\/11\/750-888-148x148.jpg 148w, https:\/\/covers4car.com\/wp-content\/uploads\/2024\/11\/750-888-300x300.jpg 300w, https:\/\/covers4car.com\/wp-content\/uploads\/2024\/11\/750-888-150x150.jpg 150w\" sizes=\"(max-width: 750px) 100vw, 750px\" \/><br \/>\n<iframe title=\"YouTube-Videoplayer\" src=\"https:\/\/www.youtube.com\/embed\/mHfcbLZHCb4?si=CRy_rU7-WvIRHeDg\" width=\"560\" height=\"315\" frameborder=\"0\" allowfullscreen=\"allowfullscreen\"><\/iframe><\/p>","protected":false},"excerpt":{"rendered":"<p>Transform your driving experience with Covers4car All-Inclusive 2022-2024 5 seat Model X Seat Cover for Tesla, meticulously crafted to provide<\/p>","protected":false},"featured_media":22186,"comment_status":"open","ping_status":"closed","template":"","meta":{"_acf_changed":false,"_monsterinsights_skip_tracking":false,"_monsterinsights_sitenote_active":false,"_monsterinsights_sitenote_note":"","_monsterinsights_sitenote_category":0},"product_brand":[],"product_cat":[124,87,22974],"product_tag":[55007],"jet_color":[],"jet_material":[],"jet_coverage":[],"class_list":{"0":"post-20487","1":"product","2":"type-product","3":"status-publish","4":"has-post-thumbnail","6":"product_cat-seat-cover","7":"product_cat-seat-cover-for-tesla","8":"product_cat-seat-cover-for-tesla-model-x","9":"product_tag-fit-model-x","11":"first","12":"instock","13":"shipping-taxable","14":"purchasable","15":"product-type-variable","16":"has-default-attributes","17":"wvs-archive-product-wrapper"},"acf":[],"yoast_head":"<!-- This site is optimized with the Yoast SEO Premium plugin v26.4 (Yoast SEO v26.4) - https:\/\/yoast.com\/wordpress\/plugins\/seo\/ -->\n<title>Custom Fit Seat Cover for Tesla Model X 2022-2025+ | 5 Seat<\/title>\n<meta name=\"description\" content=\"Protect your 2022-2025+ Tesla Model X with our custom-fit 5 seat cover. Stylish, durable, and tailored for comfort. Enhance your Tesla\u2019s value and style.\" \/>\n<meta name=\"robots\" content=\"index, follow, max-snippet:-1, max-image-preview:large, max-video-preview:-1\" \/>\n<link rel=\"canonical\" href=\"https:\/\/covers4car.com\/at\/product\/custom-fit-all-inclusive-seat-cover-for-5-seat-tesla-model-x-2022-2024\/\" \/>\n<meta property=\"og:locale\" content=\"de_DE\" \/>\n<meta property=\"og:type\" content=\"article\" \/>\n<meta property=\"og:title\" content=\"All-Inclusive Seat Cover for 5 Seat Tesla Model X 2022-2025+\" \/>\n<meta property=\"og:description\" content=\"Protect your 2022-2025+ Tesla Model X with our custom-fit 5 seat cover. Stylish, durable, and tailored for comfort. Enhance your Tesla\u2019s value and style.\" \/>\n<meta property=\"og:url\" content=\"https:\/\/covers4car.com\/at\/product\/custom-fit-all-inclusive-seat-cover-for-5-seat-tesla-model-x-2022-2024\/\" \/>\n<meta property=\"og:site_name\" content=\"Covers4Car\" \/>\n<meta property=\"article:publisher\" content=\"https:\/\/www.facebook.com\/profile.php?id=61564533557142\" \/>\n<meta property=\"article:modified_time\" content=\"2025-12-29T17:52:15+00:00\" \/>\n<meta property=\"og:image\" content=\"https:\/\/covers4car.com\/wp-content\/uploads\/2025\/08\/1-1-6.webp\" \/>\n\t<meta property=\"og:image:width\" content=\"1000\" \/>\n\t<meta property=\"og:image:height\" content=\"1000\" \/>\n\t<meta property=\"og:image:type\" content=\"image\/webp\" \/>\n<meta name=\"twitter:card\" content=\"summary_large_image\" \/>\n<meta name=\"twitter:site\" content=\"@covers4carstore\" \/>\n<meta name=\"twitter:label1\" content=\"Gesch\u00e4tzte Lesezeit\" \/>\n\t<meta name=\"twitter:data1\" content=\"4 Minuten\" \/>\n<script type=\"application\/ld+json\" class=\"yoast-schema-graph\">{\"@context\":\"https:\/\/schema.org\",\"@graph\":[{\"@type\":\"WebPage\",\"@id\":\"https:\/\/covers4car.com\/product\/custom-fit-all-inclusive-seat-cover-for-5-seat-tesla-model-x-2022-2024\/\",\"url\":\"https:\/\/covers4car.com\/product\/custom-fit-all-inclusive-seat-cover-for-5-seat-tesla-model-x-2022-2024\/\",\"name\":\"Custom Fit Seat Cover for Tesla Model X 2022-2025+ | 5 Seat\",\"isPartOf\":{\"@id\":\"https:\/\/covers4car.com\/#website\"},\"primaryImageOfPage\":{\"@id\":\"https:\/\/covers4car.com\/product\/custom-fit-all-inclusive-seat-cover-for-5-seat-tesla-model-x-2022-2024\/#primaryimage\"},\"image\":{\"@id\":\"https:\/\/covers4car.com\/product\/custom-fit-all-inclusive-seat-cover-for-5-seat-tesla-model-x-2022-2024\/#primaryimage\"},\"thumbnailUrl\":\"https:\/\/covers4car.com\/wp-content\/uploads\/2025\/08\/1-1-6.webp\",\"datePublished\":\"2025-08-21T09:50:54+00:00\",\"dateModified\":\"2025-12-29T17:52:15+00:00\",\"description\":\"Protect your 2022-2025+ Tesla Model X with our custom-fit 5 seat cover. Stylish, durable, and tailored for comfort. Enhance your Tesla\u2019s value and style.\",\"breadcrumb\":{\"@id\":\"https:\/\/covers4car.com\/product\/custom-fit-all-inclusive-seat-cover-for-5-seat-tesla-model-x-2022-2024\/#breadcrumb\"},\"inLanguage\":\"de-AT\",\"potentialAction\":[{\"@type\":\"ReadAction\",\"target\":[\"https:\/\/covers4car.com\/product\/custom-fit-all-inclusive-seat-cover-for-5-seat-tesla-model-x-2022-2024\/\"]}]},{\"@type\":\"ImageObject\",\"inLanguage\":\"de-AT\",\"@id\":\"https:\/\/covers4car.com\/product\/custom-fit-all-inclusive-seat-cover-for-5-seat-tesla-model-x-2022-2024\/#primaryimage\",\"url\":\"https:\/\/covers4car.com\/wp-content\/uploads\/2025\/08\/1-1-6.webp\",\"contentUrl\":\"https:\/\/covers4car.com\/wp-content\/uploads\/2025\/08\/1-1-6.webp\",\"width\":1000,\"height\":1000},{\"@type\":\"BreadcrumbList\",\"@id\":\"https:\/\/covers4car.com\/product\/custom-fit-all-inclusive-seat-cover-for-5-seat-tesla-model-x-2022-2024\/#breadcrumb\",\"itemListElement\":[{\"@type\":\"ListItem\",\"position\":1,\"name\":\"Home\",\"item\":\"https:\/\/covers4car.com\/\"},{\"@type\":\"ListItem\",\"position\":2,\"name\":\"Shop\",\"item\":\"https:\/\/covers4car.com\/shop\/\"},{\"@type\":\"ListItem\",\"position\":3,\"name\":\"All-Inclusive Seat Cover for 5 Seat Tesla Model X 2022-2025+\"}]},{\"@type\":\"WebSite\",\"@id\":\"https:\/\/covers4car.com\/#website\",\"url\":\"https:\/\/covers4car.com\/\",\"name\":\"Covers4Car\",\"description\":\"Professional Seat Covers Tailored for Your Vehicle\",\"publisher\":{\"@id\":\"https:\/\/covers4car.com\/#organization\"},\"potentialAction\":[{\"@type\":\"SearchAction\",\"target\":{\"@type\":\"EntryPoint\",\"urlTemplate\":\"https:\/\/covers4car.com\/?s={search_term_string}\"},\"query-input\":{\"@type\":\"PropertyValueSpecification\",\"valueRequired\":true,\"valueName\":\"search_term_string\"}}],\"inLanguage\":\"de-AT\"},{\"@type\":\"Organization\",\"@id\":\"https:\/\/covers4car.com\/#organization\",\"name\":\"Covers4Car\",\"url\":\"https:\/\/covers4car.com\/\",\"logo\":{\"@type\":\"ImageObject\",\"inLanguage\":\"de-AT\",\"@id\":\"https:\/\/covers4car.com\/#\/schema\/logo\/image\/\",\"url\":\"https:\/\/covers4car.com\/wp-content\/uploads\/2024\/11\/Asset-2@5x-copy.jpg\",\"contentUrl\":\"https:\/\/covers4car.com\/wp-content\/uploads\/2024\/11\/Asset-2@5x-copy.jpg\",\"width\":877,\"height\":877,\"caption\":\"Covers4Car\"},\"image\":{\"@id\":\"https:\/\/covers4car.com\/#\/schema\/logo\/image\/\"},\"sameAs\":[\"https:\/\/www.facebook.com\/profile.php?id=61564533557142\",\"https:\/\/x.com\/covers4carstore\"]}]}<\/script>\n<!-- \/ Yoast SEO Premium plugin. -->","yoast_head_json":{"title":"Custom Fit Seat Cover for Tesla Model X 2022-2025+ | 5 Seat","description":"Protect your 2022-2025+ Tesla Model X with our custom-fit 5 seat cover. Stylish, durable, and tailored for comfort. Enhance your Tesla\u2019s value and style.","robots":{"index":"index","follow":"follow","max-snippet":"max-snippet:-1","max-image-preview":"max-image-preview:large","max-video-preview":"max-video-preview:-1"},"canonical":"https:\/\/covers4car.com\/at\/product\/custom-fit-all-inclusive-seat-cover-for-5-seat-tesla-model-x-2022-2024\/","og_locale":"de_DE","og_type":"article","og_title":"All-Inclusive Seat Cover for 5 Seat Tesla Model X 2022-2025+","og_description":"Protect your 2022-2025+ Tesla Model X with our custom-fit 5 seat cover. Stylish, durable, and tailored for comfort. Enhance your Tesla\u2019s value and style.","og_url":"https:\/\/covers4car.com\/at\/product\/custom-fit-all-inclusive-seat-cover-for-5-seat-tesla-model-x-2022-2024\/","og_site_name":"Covers4Car","article_publisher":"https:\/\/www.facebook.com\/profile.php?id=61564533557142","article_modified_time":"2025-12-29T17:52:15+00:00","og_image":[{"width":1000,"height":1000,"url":"https:\/\/covers4car.com\/wp-content\/uploads\/2025\/08\/1-1-6.webp","type":"image\/webp"}],"twitter_card":"summary_large_image","twitter_site":"@covers4carstore","twitter_misc":{"Gesch\u00e4tzte Lesezeit":"4 Minuten"},"schema":{"@context":"https:\/\/schema.org","@graph":[{"@type":"WebPage","@id":"https:\/\/covers4car.com\/product\/custom-fit-all-inclusive-seat-cover-for-5-seat-tesla-model-x-2022-2024\/","url":"https:\/\/covers4car.com\/product\/custom-fit-all-inclusive-seat-cover-for-5-seat-tesla-model-x-2022-2024\/","name":"Custom Fit Seat Cover for Tesla Model X 2022-2025+ | 5 Seat","isPartOf":{"@id":"https:\/\/covers4car.com\/#website"},"primaryImageOfPage":{"@id":"https:\/\/covers4car.com\/product\/custom-fit-all-inclusive-seat-cover-for-5-seat-tesla-model-x-2022-2024\/#primaryimage"},"image":{"@id":"https:\/\/covers4car.com\/product\/custom-fit-all-inclusive-seat-cover-for-5-seat-tesla-model-x-2022-2024\/#primaryimage"},"thumbnailUrl":"https:\/\/covers4car.com\/wp-content\/uploads\/2025\/08\/1-1-6.webp","datePublished":"2025-08-21T09:50:54+00:00","dateModified":"2025-12-29T17:52:15+00:00","description":"Protect your 2022-2025+ Tesla Model X with our custom-fit 5 seat cover. Stylish, durable, and tailored for comfort. Enhance your Tesla\u2019s value and style.","breadcrumb":{"@id":"https:\/\/covers4car.com\/product\/custom-fit-all-inclusive-seat-cover-for-5-seat-tesla-model-x-2022-2024\/#breadcrumb"},"inLanguage":"de-AT","potentialAction":[{"@type":"ReadAction","target":["https:\/\/covers4car.com\/product\/custom-fit-all-inclusive-seat-cover-for-5-seat-tesla-model-x-2022-2024\/"]}]},{"@type":"ImageObject","inLanguage":"de-AT","@id":"https:\/\/covers4car.com\/product\/custom-fit-all-inclusive-seat-cover-for-5-seat-tesla-model-x-2022-2024\/#primaryimage","url":"https:\/\/covers4car.com\/wp-content\/uploads\/2025\/08\/1-1-6.webp","contentUrl":"https:\/\/covers4car.com\/wp-content\/uploads\/2025\/08\/1-1-6.webp","width":1000,"height":1000},{"@type":"BreadcrumbList","@id":"https:\/\/covers4car.com\/product\/custom-fit-all-inclusive-seat-cover-for-5-seat-tesla-model-x-2022-2024\/#breadcrumb","itemListElement":[{"@type":"ListItem","position":1,"name":"Home","item":"https:\/\/covers4car.com\/"},{"@type":"ListItem","position":2,"name":"Shop","item":"https:\/\/covers4car.com\/shop\/"},{"@type":"ListItem","position":3,"name":"All-Inclusive Seat Cover for 5 Seat Tesla Model X 2022-2025+"}]},{"@type":"WebSite","@id":"https:\/\/covers4car.com\/#website","url":"https:\/\/covers4car.com\/","name":"Covers4Car","description":"Professionelle Sitzbez\u00fcge, ma\u00dfgeschneidert f\u00fcr Ihr Fahrzeug","publisher":{"@id":"https:\/\/covers4car.com\/#organization"},"potentialAction":[{"@type":"SearchAction","target":{"@type":"EntryPoint","urlTemplate":"https:\/\/covers4car.com\/?s={search_term_string}"},"query-input":{"@type":"PropertyValueSpecification","valueRequired":true,"valueName":"search_term_string"}}],"inLanguage":"de-AT"},{"@type":"Organization","@id":"https:\/\/covers4car.com\/#organization","name":"Covers4Car","url":"https:\/\/covers4car.com\/","logo":{"@type":"ImageObject","inLanguage":"de-AT","@id":"https:\/\/covers4car.com\/#\/schema\/logo\/image\/","url":"https:\/\/covers4car.com\/wp-content\/uploads\/2024\/11\/Asset-2@5x-copy.jpg","contentUrl":"https:\/\/covers4car.com\/wp-content\/uploads\/2024\/11\/Asset-2@5x-copy.jpg","width":877,"height":877,"caption":"Covers4Car"},"image":{"@id":"https:\/\/covers4car.com\/#\/schema\/logo\/image\/"},"sameAs":["https:\/\/www.facebook.com\/profile.php?id=61564533557142","https:\/\/x.com\/covers4carstore"]}]}},"_links":{"self":[{"href":"https:\/\/covers4car.com\/at\/wp-json\/wp\/v2\/product\/20487","targetHints":{"allow":["GET"]}}],"collection":[{"href":"https:\/\/covers4car.com\/at\/wp-json\/wp\/v2\/product"}],"about":[{"href":"https:\/\/covers4car.com\/at\/wp-json\/wp\/v2\/types\/product"}],"replies":[{"embeddable":true,"href":"https:\/\/covers4car.com\/at\/wp-json\/wp\/v2\/comments?post=20487"}],"version-history":[{"count":0,"href":"https:\/\/covers4car.com\/at\/wp-json\/wp\/v2\/product\/20487\/revisions"}],"wp:featuredmedia":[{"embeddable":true,"href":"https:\/\/covers4car.com\/at\/wp-json\/wp\/v2\/media\/22186"}],"wp:attachment":[{"href":"https:\/\/covers4car.com\/at\/wp-json\/wp\/v2\/media?parent=20487"}],"wp:term":[{"taxonomy":"product_brand","embeddable":true,"href":"https:\/\/covers4car.com\/at\/wp-json\/wp\/v2\/product_brand?post=20487"},{"taxonomy":"product_cat","embeddable":true,"href":"https:\/\/covers4car.com\/at\/wp-json\/wp\/v2\/product_cat?post=20487"},{"taxonomy":"product_tag","embeddable":true,"href":"https:\/\/covers4car.com\/at\/wp-json\/wp\/v2\/product_tag?post=20487"},{"taxonomy":"jet_color","embeddable":true,"href":"https:\/\/covers4car.com\/at\/wp-json\/wp\/v2\/jet_color?post=20487"},{"taxonomy":"jet_material","embeddable":true,"href":"https:\/\/covers4car.com\/at\/wp-json\/wp\/v2\/jet_material?post=20487"},{"taxonomy":"jet_coverage","embeddable":true,"href":"https:\/\/covers4car.com\/at\/wp-json\/wp\/v2\/jet_coverage?post=20487"}],"curies":[{"name":"wp","href":"https:\/\/api.w.org\/{rel}","templated":true}]}}