{"id":28531,"date":"2025-11-16T23:52:24","date_gmt":"2025-11-17T07:52:24","guid":{"rendered":"https:\/\/covers4car.com\/?post_type=product&#038;p=28531"},"modified":"2025-11-20T01:03:36","modified_gmt":"2025-11-20T09:03:36","slug":"custom-fit-seat-covers-for-nissan-frontier-navara-pick-up-truck-front-rear-seat-protector-02","status":"publish","type":"product","link":"https:\/\/covers4car.com\/at\/product\/custom-fit-seat-covers-for-nissan-frontier-navara-pick-up-truck-front-rear-seat-protector-02\/","title":{"rendered":"Passgenaue Sitzbez\u00fcge f\u00fcr Nissan Frontier Navara Pick-up Truck \u2013 Vorder- und R\u00fccksitzschutz 02"},"content":{"rendered":"<p>Werten Sie Ihren Nissan Frontier mit den passgenauen Sitzbez\u00fcgen von Covers4Car f\u00fcr Nissan Frontier Navara (Modelljahre 2005\u20132025) auf. Diese Ledersitzbez\u00fcge sind ideal f\u00fcr Fahrer, die Wert auf einen originalgetreuen Look, lange Haltbarkeit und umfassenden Schutz f\u00fcr Vorder- und R\u00fccksitze legen. Sie sch\u00fctzen Ihre Sitze vor Schmutz, Flecken und Kratzern und bieten gleichzeitig mehr Komfort auf jeder Fahrt. Dank airbagkompatibler \u00d6ffnungen, leicht zu reinigender Oberfl\u00e4chen und sorgf\u00e4ltiger Verarbeitung bleibt Ihr Nissan Frontier Navara stilvoll, komfortabel und bestens gesch\u00fctzt \u2013 und das \u00fcber Jahre hinweg.<\/p>\n<ul>\n<li><strong>Passend f\u00fcr: Nissan Frontier (2005\u20132025)<\/strong><\/li>\n<li>Passgenau wie ab Werk: Die Sitze sind so konzipiert, dass sie dem luxuri\u00f6sen Erscheinungsbild und der Haptik der Originalsitze des Nissan Frontier entsprechen und somit eine nahtlose Passform und \u00e4sthetische Wirkung gew\u00e4hrleisten.<\/li>\n<li>Verbesserte Haltbarkeit: Hergestellt aus langlebigen Materialien mit einer glatten, atmungsaktiven Oberfl\u00e4che, die leicht zu reinigen ist und zu jeder Jahreszeit bequem bleibt.<\/li>\n<li>Sicherheit beim Fahren: Verf\u00fcgt \u00fcber reservierte Airbag-\u00d6ffnungen f\u00fcr mehr Sicherheit und Seelenfrieden.<\/li>\n<li>Rundumschutz: Bietet eine 360\u00b0-Abdeckung und sch\u00fctzt Ihre Nissan Frontier-Sitze vor Schmutz, Flecken, Abrieb und Abnutzung durch Haustiere oder Kinder. So bleiben sie wie neu. Schlammige Pfotenabdr\u00fccke von Haustieren und Getr\u00e4nkereste von Kindern lassen sich einfach mit einem Tuch abwischen \u2013 Ihre Sitze sehen danach aus wie neu.<\/li>\n<li>Langlebigkeit und Wiederverkaufswert: Verl\u00e4ngert die Lebensdauer Ihres Nissan Frontier um 5-6 Jahre, sch\u00fctzt ihn vor Besch\u00e4digungen und erh\u00e4lt das Wiederverkaufspotenzial des Fahrzeugs.<\/li>\n<li>Komfort auf langen Fahrten: Erleben Sie unvergleichlichen Komfort auf langen Fahrten mit unseren individuell angepassten, umfassenden Sitzbez\u00fcgen, die f\u00fcr eine hervorragende Polsterung und Unterst\u00fctzung sorgen und daf\u00fcr sorgen, dass Sie entspannt und bequem sitzen, egal, wie weit Sie reisen.<\/li>\n<\/ul>\n<p><strong>Komplettset:<\/strong><\/p>\n<ul>\n<li>2x Vordersitzbez\u00fcge<\/li>\n<li>1x komplette R\u00fccksitzbez\u00fcge<\/li>\n<\/ul>\n<p><strong>Nur Vordersitze<\/strong><\/p>\n<ul>\n<li>1x komplette Vordersitzbez\u00fcge<\/li>\n<\/ul>","protected":false},"excerpt":{"rendered":"<p>Werten Sie Ihren Nissan Frontier mit den passgenauen Sitzbez\u00fcgen von Covers4Car f\u00fcr Nissan Frontier und Navara (Baujahre 2005\u20132025) auf. Diese Ledersitzbez\u00fcge bieten h\u00f6chsten Tragekomfort.<\/p>","protected":false},"featured_media":28395,"comment_status":"open","ping_status":"closed","template":"","meta":{"_acf_changed":false,"_monsterinsights_skip_tracking":false,"_monsterinsights_sitenote_active":false,"_monsterinsights_sitenote_note":"","_monsterinsights_sitenote_category":0},"product_brand":[],"product_cat":[77689,77690,124],"product_tag":[77660],"jet_color":[],"jet_material":[],"jet_coverage":[],"class_list":{"0":"post-28531","1":"product","2":"type-product","3":"status-publish","4":"has-post-thumbnail","6":"product_cat-seat-cover-for-nissan","7":"product_cat-seat-cover-for-nissan-frontier","8":"product_cat-seat-cover","9":"product_tag-fit-frontier","11":"first","12":"instock","13":"shipping-taxable","14":"purchasable","15":"product-type-variable","16":"has-default-attributes","17":"wvs-archive-product-wrapper"},"acf":[],"yoast_head":"<!-- This site is optimized with the Yoast SEO Premium plugin v26.4 (Yoast SEO v26.4) - https:\/\/yoast.com\/wordpress\/plugins\/seo\/ -->\n<title>Custom Fit Nissan Frontier Seat Covers<\/title>\n<meta name=\"description\" content=\"Nissan Frontier Navara seat covers custom fit for 2005\u20132025 trucks with leather finish, airbag-safe design and full front &amp; rear seat protection.\" \/>\n<meta name=\"robots\" content=\"index, follow, max-snippet:-1, max-image-preview:large, max-video-preview:-1\" \/>\n<link rel=\"canonical\" href=\"https:\/\/covers4car.com\/at\/product\/custom-fit-seat-covers-for-nissan-frontier-navara-pick-up-truck-front-rear-seat-protector-02\/\" \/>\n<meta property=\"og:locale\" content=\"de_DE\" \/>\n<meta property=\"og:type\" content=\"article\" \/>\n<meta property=\"og:title\" content=\"Custom Fit Seat Covers for Nissan Frontier Navara Pick-up Truck-Front &amp; Rear Seat Protector 02\" \/>\n<meta property=\"og:description\" content=\"Nissan Frontier Navara seat covers custom fit for 2005\u20132025 trucks with leather finish, airbag-safe design and full front &amp; rear seat protection.\" \/>\n<meta property=\"og:url\" content=\"https:\/\/covers4car.com\/at\/product\/custom-fit-seat-covers-for-nissan-frontier-navara-pick-up-truck-front-rear-seat-protector-02\/\" \/>\n<meta property=\"og:site_name\" content=\"Covers4Car\" \/>\n<meta property=\"article:publisher\" content=\"https:\/\/www.facebook.com\/profile.php?id=61564533557142\" \/>\n<meta property=\"article:modified_time\" content=\"2025-11-20T09:03:36+00:00\" \/>\n<meta property=\"og:image\" content=\"https:\/\/covers4car.com\/wp-content\/uploads\/2025\/11\/1-9.webp\" \/>\n\t<meta property=\"og:image:width\" content=\"1000\" \/>\n\t<meta property=\"og:image:height\" content=\"1000\" \/>\n\t<meta property=\"og:image:type\" content=\"image\/webp\" \/>\n<meta name=\"twitter:card\" content=\"summary_large_image\" \/>\n<meta name=\"twitter:site\" content=\"@covers4carstore\" \/>\n<meta name=\"twitter:label1\" content=\"Gesch\u00e4tzte Lesezeit\" \/>\n\t<meta name=\"twitter:data1\" content=\"2 Minuten\" \/>\n<script type=\"application\/ld+json\" class=\"yoast-schema-graph\">{\"@context\":\"https:\/\/schema.org\",\"@graph\":[{\"@type\":\"WebPage\",\"@id\":\"https:\/\/covers4car.com\/product\/custom-fit-seat-covers-for-nissan-frontier-navara-pick-up-truck-front-rear-seat-protector-02\/\",\"url\":\"https:\/\/covers4car.com\/product\/custom-fit-seat-covers-for-nissan-frontier-navara-pick-up-truck-front-rear-seat-protector-02\/\",\"name\":\"Custom Fit Nissan Frontier Seat Covers\",\"isPartOf\":{\"@id\":\"https:\/\/covers4car.com\/#website\"},\"primaryImageOfPage\":{\"@id\":\"https:\/\/covers4car.com\/product\/custom-fit-seat-covers-for-nissan-frontier-navara-pick-up-truck-front-rear-seat-protector-02\/#primaryimage\"},\"image\":{\"@id\":\"https:\/\/covers4car.com\/product\/custom-fit-seat-covers-for-nissan-frontier-navara-pick-up-truck-front-rear-seat-protector-02\/#primaryimage\"},\"thumbnailUrl\":\"https:\/\/covers4car.com\/wp-content\/uploads\/2025\/11\/1-9.webp\",\"datePublished\":\"2025-11-17T07:52:24+00:00\",\"dateModified\":\"2025-11-20T09:03:36+00:00\",\"description\":\"Nissan Frontier Navara seat covers custom fit for 2005\u20132025 trucks with leather finish, airbag-safe design and full front & rear seat protection.\",\"breadcrumb\":{\"@id\":\"https:\/\/covers4car.com\/product\/custom-fit-seat-covers-for-nissan-frontier-navara-pick-up-truck-front-rear-seat-protector-02\/#breadcrumb\"},\"inLanguage\":\"de-AT\",\"potentialAction\":[{\"@type\":\"ReadAction\",\"target\":[\"https:\/\/covers4car.com\/product\/custom-fit-seat-covers-for-nissan-frontier-navara-pick-up-truck-front-rear-seat-protector-02\/\"]}]},{\"@type\":\"ImageObject\",\"inLanguage\":\"de-AT\",\"@id\":\"https:\/\/covers4car.com\/product\/custom-fit-seat-covers-for-nissan-frontier-navara-pick-up-truck-front-rear-seat-protector-02\/#primaryimage\",\"url\":\"https:\/\/covers4car.com\/wp-content\/uploads\/2025\/11\/1-9.webp\",\"contentUrl\":\"https:\/\/covers4car.com\/wp-content\/uploads\/2025\/11\/1-9.webp\",\"width\":1000,\"height\":1000},{\"@type\":\"BreadcrumbList\",\"@id\":\"https:\/\/covers4car.com\/product\/custom-fit-seat-covers-for-nissan-frontier-navara-pick-up-truck-front-rear-seat-protector-02\/#breadcrumb\",\"itemListElement\":[{\"@type\":\"ListItem\",\"position\":1,\"name\":\"Home\",\"item\":\"https:\/\/covers4car.com\/\"},{\"@type\":\"ListItem\",\"position\":2,\"name\":\"Shop\",\"item\":\"https:\/\/covers4car.com\/shop\/\"},{\"@type\":\"ListItem\",\"position\":3,\"name\":\"Custom Fit Seat Covers for Nissan Frontier Navara Pick-up Truck-Front &#038; Rear Seat Protector 02\"}]},{\"@type\":\"WebSite\",\"@id\":\"https:\/\/covers4car.com\/#website\",\"url\":\"https:\/\/covers4car.com\/\",\"name\":\"Covers4Car\",\"description\":\"Professional Seat Covers Tailored for Your Vehicle\",\"publisher\":{\"@id\":\"https:\/\/covers4car.com\/#organization\"},\"potentialAction\":[{\"@type\":\"SearchAction\",\"target\":{\"@type\":\"EntryPoint\",\"urlTemplate\":\"https:\/\/covers4car.com\/?s={search_term_string}\"},\"query-input\":{\"@type\":\"PropertyValueSpecification\",\"valueRequired\":true,\"valueName\":\"search_term_string\"}}],\"inLanguage\":\"de-AT\"},{\"@type\":\"Organization\",\"@id\":\"https:\/\/covers4car.com\/#organization\",\"name\":\"Covers4Car\",\"url\":\"https:\/\/covers4car.com\/\",\"logo\":{\"@type\":\"ImageObject\",\"inLanguage\":\"de-AT\",\"@id\":\"https:\/\/covers4car.com\/#\/schema\/logo\/image\/\",\"url\":\"https:\/\/covers4car.com\/wp-content\/uploads\/2024\/11\/Asset-2@5x-copy.jpg\",\"contentUrl\":\"https:\/\/covers4car.com\/wp-content\/uploads\/2024\/11\/Asset-2@5x-copy.jpg\",\"width\":877,\"height\":877,\"caption\":\"Covers4Car\"},\"image\":{\"@id\":\"https:\/\/covers4car.com\/#\/schema\/logo\/image\/\"},\"sameAs\":[\"https:\/\/www.facebook.com\/profile.php?id=61564533557142\",\"https:\/\/x.com\/covers4carstore\"]}]}<\/script>\n<!-- \/ Yoast SEO Premium plugin. -->","yoast_head_json":{"title":"Custom Fit Nissan Frontier Seat Covers","description":"Nissan Frontier Navara seat covers custom fit for 2005\u20132025 trucks with leather finish, airbag-safe design and full front & rear seat protection.","robots":{"index":"index","follow":"follow","max-snippet":"max-snippet:-1","max-image-preview":"max-image-preview:large","max-video-preview":"max-video-preview:-1"},"canonical":"https:\/\/covers4car.com\/at\/product\/custom-fit-seat-covers-for-nissan-frontier-navara-pick-up-truck-front-rear-seat-protector-02\/","og_locale":"de_DE","og_type":"article","og_title":"Custom Fit Seat Covers for Nissan Frontier Navara Pick-up Truck-Front & Rear Seat Protector 02","og_description":"Nissan Frontier Navara seat covers custom fit for 2005\u20132025 trucks with leather finish, airbag-safe design and full front & rear seat protection.","og_url":"https:\/\/covers4car.com\/at\/product\/custom-fit-seat-covers-for-nissan-frontier-navara-pick-up-truck-front-rear-seat-protector-02\/","og_site_name":"Covers4Car","article_publisher":"https:\/\/www.facebook.com\/profile.php?id=61564533557142","article_modified_time":"2025-11-20T09:03:36+00:00","og_image":[{"width":1000,"height":1000,"url":"https:\/\/covers4car.com\/wp-content\/uploads\/2025\/11\/1-9.webp","type":"image\/webp"}],"twitter_card":"summary_large_image","twitter_site":"@covers4carstore","twitter_misc":{"Gesch\u00e4tzte Lesezeit":"2 Minuten"},"schema":{"@context":"https:\/\/schema.org","@graph":[{"@type":"WebPage","@id":"https:\/\/covers4car.com\/product\/custom-fit-seat-covers-for-nissan-frontier-navara-pick-up-truck-front-rear-seat-protector-02\/","url":"https:\/\/covers4car.com\/product\/custom-fit-seat-covers-for-nissan-frontier-navara-pick-up-truck-front-rear-seat-protector-02\/","name":"Custom Fit Nissan Frontier Seat Covers","isPartOf":{"@id":"https:\/\/covers4car.com\/#website"},"primaryImageOfPage":{"@id":"https:\/\/covers4car.com\/product\/custom-fit-seat-covers-for-nissan-frontier-navara-pick-up-truck-front-rear-seat-protector-02\/#primaryimage"},"image":{"@id":"https:\/\/covers4car.com\/product\/custom-fit-seat-covers-for-nissan-frontier-navara-pick-up-truck-front-rear-seat-protector-02\/#primaryimage"},"thumbnailUrl":"https:\/\/covers4car.com\/wp-content\/uploads\/2025\/11\/1-9.webp","datePublished":"2025-11-17T07:52:24+00:00","dateModified":"2025-11-20T09:03:36+00:00","description":"Nissan Frontier Navara seat covers custom fit for 2005\u20132025 trucks with leather finish, airbag-safe design and full front & rear seat protection.","breadcrumb":{"@id":"https:\/\/covers4car.com\/product\/custom-fit-seat-covers-for-nissan-frontier-navara-pick-up-truck-front-rear-seat-protector-02\/#breadcrumb"},"inLanguage":"de-AT","potentialAction":[{"@type":"ReadAction","target":["https:\/\/covers4car.com\/product\/custom-fit-seat-covers-for-nissan-frontier-navara-pick-up-truck-front-rear-seat-protector-02\/"]}]},{"@type":"ImageObject","inLanguage":"de-AT","@id":"https:\/\/covers4car.com\/product\/custom-fit-seat-covers-for-nissan-frontier-navara-pick-up-truck-front-rear-seat-protector-02\/#primaryimage","url":"https:\/\/covers4car.com\/wp-content\/uploads\/2025\/11\/1-9.webp","contentUrl":"https:\/\/covers4car.com\/wp-content\/uploads\/2025\/11\/1-9.webp","width":1000,"height":1000},{"@type":"BreadcrumbList","@id":"https:\/\/covers4car.com\/product\/custom-fit-seat-covers-for-nissan-frontier-navara-pick-up-truck-front-rear-seat-protector-02\/#breadcrumb","itemListElement":[{"@type":"ListItem","position":1,"name":"Home","item":"https:\/\/covers4car.com\/"},{"@type":"ListItem","position":2,"name":"Shop","item":"https:\/\/covers4car.com\/shop\/"},{"@type":"ListItem","position":3,"name":"Custom Fit Seat Covers for Nissan Frontier Navara Pick-up Truck-Front &#038; Rear Seat Protector 02"}]},{"@type":"WebSite","@id":"https:\/\/covers4car.com\/#website","url":"https:\/\/covers4car.com\/","name":"Covers4Car","description":"Professionelle Sitzbez\u00fcge, ma\u00dfgeschneidert f\u00fcr Ihr Fahrzeug","publisher":{"@id":"https:\/\/covers4car.com\/#organization"},"potentialAction":[{"@type":"SearchAction","target":{"@type":"EntryPoint","urlTemplate":"https:\/\/covers4car.com\/?s={search_term_string}"},"query-input":{"@type":"PropertyValueSpecification","valueRequired":true,"valueName":"search_term_string"}}],"inLanguage":"de-AT"},{"@type":"Organization","@id":"https:\/\/covers4car.com\/#organization","name":"Covers4Car","url":"https:\/\/covers4car.com\/","logo":{"@type":"ImageObject","inLanguage":"de-AT","@id":"https:\/\/covers4car.com\/#\/schema\/logo\/image\/","url":"https:\/\/covers4car.com\/wp-content\/uploads\/2024\/11\/Asset-2@5x-copy.jpg","contentUrl":"https:\/\/covers4car.com\/wp-content\/uploads\/2024\/11\/Asset-2@5x-copy.jpg","width":877,"height":877,"caption":"Covers4Car"},"image":{"@id":"https:\/\/covers4car.com\/#\/schema\/logo\/image\/"},"sameAs":["https:\/\/www.facebook.com\/profile.php?id=61564533557142","https:\/\/x.com\/covers4carstore"]}]}},"_links":{"self":[{"href":"https:\/\/covers4car.com\/at\/wp-json\/wp\/v2\/product\/28531","targetHints":{"allow":["GET"]}}],"collection":[{"href":"https:\/\/covers4car.com\/at\/wp-json\/wp\/v2\/product"}],"about":[{"href":"https:\/\/covers4car.com\/at\/wp-json\/wp\/v2\/types\/product"}],"replies":[{"embeddable":true,"href":"https:\/\/covers4car.com\/at\/wp-json\/wp\/v2\/comments?post=28531"}],"version-history":[{"count":0,"href":"https:\/\/covers4car.com\/at\/wp-json\/wp\/v2\/product\/28531\/revisions"}],"wp:featuredmedia":[{"embeddable":true,"href":"https:\/\/covers4car.com\/at\/wp-json\/wp\/v2\/media\/28395"}],"wp:attachment":[{"href":"https:\/\/covers4car.com\/at\/wp-json\/wp\/v2\/media?parent=28531"}],"wp:term":[{"taxonomy":"product_brand","embeddable":true,"href":"https:\/\/covers4car.com\/at\/wp-json\/wp\/v2\/product_brand?post=28531"},{"taxonomy":"product_cat","embeddable":true,"href":"https:\/\/covers4car.com\/at\/wp-json\/wp\/v2\/product_cat?post=28531"},{"taxonomy":"product_tag","embeddable":true,"href":"https:\/\/covers4car.com\/at\/wp-json\/wp\/v2\/product_tag?post=28531"},{"taxonomy":"jet_color","embeddable":true,"href":"https:\/\/covers4car.com\/at\/wp-json\/wp\/v2\/jet_color?post=28531"},{"taxonomy":"jet_material","embeddable":true,"href":"https:\/\/covers4car.com\/at\/wp-json\/wp\/v2\/jet_material?post=28531"},{"taxonomy":"jet_coverage","embeddable":true,"href":"https:\/\/covers4car.com\/at\/wp-json\/wp\/v2\/jet_coverage?post=28531"}],"curies":[{"name":"wp","href":"https:\/\/api.w.org\/{rel}","templated":true}]}}