{"id":28684,"date":"2025-11-17T02:13:01","date_gmt":"2025-11-17T10:13:01","guid":{"rendered":"https:\/\/covers4car.com\/?post_type=product&#038;p=28684"},"modified":"2025-11-20T01:11:58","modified_gmt":"2025-11-20T09:11:58","slug":"custom-fit-seat-covers-for-chevrolet-chevy-equinox-front-rear-seat-protector-01","status":"publish","type":"product","link":"https:\/\/covers4car.com\/at\/product\/custom-fit-seat-covers-for-chevrolet-chevy-equinox-front-rear-seat-protector-01\/","title":{"rendered":"Passgenaue Sitzbez\u00fcge f\u00fcr Chevrolet Equinox \u2013 Vorder- und R\u00fccksitzschutz 01"},"content":{"rendered":"<p>Werten Sie Ihren Chevrolet Equinox mit den passgenauen Sitzbez\u00fcgen von Covers4Car f\u00fcr die Modelle 2018\u20132024 auf. Diese Ledersitzbez\u00fcge sind ideal f\u00fcr Fahrer, die Wert auf einen werkseitigen Look, lange Haltbarkeit und umfassenden Schutz f\u00fcr Vorder- und R\u00fccksitze legen. Sie sch\u00fctzen Ihre Sitze vor Schmutz, Flecken und Kratzern und bieten gleichzeitig zus\u00e4tzlichen Komfort auf jeder Fahrt. Dank airbagkompatibler \u00d6ffnungen, leicht zu reinigender Oberfl\u00e4chen und sorgf\u00e4ltiger Verarbeitung bleibt Ihr Chevrolet Equinox stilvoll, komfortabel und bestens gesch\u00fctzt \u2013 und das \u00fcber Jahre hinweg.<\/p>\n<ul>\n<li><strong>Passend f\u00fcr: Chevrolet Equinox (Baujahre 2018\u20132024)<\/strong><\/li>\n<li>Passgenau wie ab Werk: Die Sitze sind so konzipiert, dass sie dem luxuri\u00f6sen Erscheinungsbild und der Haptik der Originalsitze des Chevrolet Chevy Equinox entsprechen und somit eine nahtlose Passform und \u00e4sthetische Wirkung gew\u00e4hrleisten.<\/li>\n<li>Verbesserte Haltbarkeit: Hergestellt aus langlebigen Materialien mit einer glatten, atmungsaktiven Oberfl\u00e4che, die leicht zu reinigen ist und zu jeder Jahreszeit bequem bleibt.<\/li>\n<li>Sicherheit beim Fahren: Verf\u00fcgt \u00fcber reservierte Airbag-\u00d6ffnungen f\u00fcr mehr Sicherheit und Seelenfrieden.<\/li>\n<li>Rundumschutz: Bietet eine 360\u00b0-Abdeckung und sch\u00fctzt die Sitze Ihres Chevrolet Equinox vor Schmutz, Flecken, Abrieb und Abnutzung durch Haustiere oder Kinder. So bleiben sie wie neu. Schlammige Pfotenabdr\u00fccke von Haustieren und Getr\u00e4nkereste von Kindern lassen sich einfach mit einem Handtuch abwischen, sodass Ihre Sitze wieder wie neu aussehen.<\/li>\n<li>Langlebigkeit und Wiederverkaufswert: Verl\u00e4ngert die Lebensdauer Ihres Chevrolet Chevy Equinox um 5-6 Jahre, sch\u00fctzt ihn vor Besch\u00e4digungen und erh\u00e4lt das Wiederverkaufspotenzial des Fahrzeugs.<\/li>\n<li>Komfort auf langen Fahrten: Erleben Sie unvergleichlichen Komfort auf langen Fahrten mit unseren individuell angepassten, umfassenden Sitzbez\u00fcgen, die f\u00fcr eine hervorragende Polsterung und Unterst\u00fctzung sorgen und daf\u00fcr sorgen, dass Sie entspannt und bequem sitzen, egal, wie weit Sie reisen.<\/li>\n<\/ul>\n<p><strong>Komplettset:<\/strong><\/p>\n<ul>\n<li>2x Vordersitzbez\u00fcge<\/li>\n<li>1x komplette R\u00fccksitzbez\u00fcge<\/li>\n<\/ul>\n<p><strong>Nur Vordersitze<\/strong><\/p>\n<ul>\n<li>1x komplette Vordersitzbez\u00fcge<\/li>\n<\/ul>","protected":false},"excerpt":{"rendered":"<p>Werten Sie Ihren Chevrolet Equinox mit den passgenauen Sitzbez\u00fcgen von Covers4Car f\u00fcr die Modelle 2018\u20132024 auf. Diese Ledersitzbez\u00fcge<\/p>","protected":false},"featured_media":28705,"comment_status":"open","ping_status":"closed","template":"","meta":{"_acf_changed":false,"_monsterinsights_skip_tracking":false,"_monsterinsights_sitenote_active":false,"_monsterinsights_sitenote_note":"","_monsterinsights_sitenote_category":0},"product_brand":[],"product_cat":[77701,124,54978],"product_tag":[77663],"jet_color":[],"jet_material":[],"jet_coverage":[],"class_list":{"0":"post-28684","1":"product","2":"type-product","3":"status-publish","4":"has-post-thumbnail","6":"product_cat-seat-cover-for-chevrolet-equinox","7":"product_cat-seat-cover","8":"product_cat-seat-cover-for-chevrolet","9":"product_tag-fit-equinox","11":"first","12":"instock","13":"shipping-taxable","14":"purchasable","15":"product-type-variable","16":"has-default-attributes","17":"wvs-archive-product-wrapper"},"acf":[],"yoast_head":"<!-- This site is optimized with the Yoast SEO Premium plugin v26.4 (Yoast SEO v26.4) - https:\/\/yoast.com\/wordpress\/plugins\/seo\/ -->\n<title>Custom Fit Chevy Colorado GMC Canyon Seat Covers<\/title>\n<meta name=\"description\" content=\"Chevrolet Equinox seat covers custom fit for 2018\u20132024 SUVs, with leather finish, airbag-safe design and full front &amp; rear seat protection.\" \/>\n<meta name=\"robots\" content=\"index, follow, max-snippet:-1, max-image-preview:large, max-video-preview:-1\" \/>\n<link rel=\"canonical\" href=\"https:\/\/covers4car.com\/at\/product\/custom-fit-seat-covers-for-chevrolet-chevy-equinox-front-rear-seat-protector-01\/\" \/>\n<meta property=\"og:locale\" content=\"de_DE\" \/>\n<meta property=\"og:type\" content=\"article\" \/>\n<meta property=\"og:title\" content=\"Custom Fit Seat Covers for Chevrolet Chevy Equinox-Front &amp; Rear Seat Protector 01\" \/>\n<meta property=\"og:description\" content=\"Chevrolet Equinox seat covers custom fit for 2018\u20132024 SUVs, with leather finish, airbag-safe design and full front &amp; rear seat protection.\" \/>\n<meta property=\"og:url\" content=\"https:\/\/covers4car.com\/at\/product\/custom-fit-seat-covers-for-chevrolet-chevy-equinox-front-rear-seat-protector-01\/\" \/>\n<meta property=\"og:site_name\" content=\"Covers4Car\" \/>\n<meta property=\"article:publisher\" content=\"https:\/\/www.facebook.com\/profile.php?id=61564533557142\" \/>\n<meta property=\"article:modified_time\" content=\"2025-11-20T09:11:58+00:00\" \/>\n<meta property=\"og:image\" content=\"https:\/\/covers4car.com\/wp-content\/uploads\/2025\/11\/new_01-11.webp\" \/>\n\t<meta property=\"og:image:width\" content=\"1000\" \/>\n\t<meta property=\"og:image:height\" content=\"1000\" \/>\n\t<meta property=\"og:image:type\" content=\"image\/webp\" \/>\n<meta name=\"twitter:card\" content=\"summary_large_image\" \/>\n<meta name=\"twitter:site\" content=\"@covers4carstore\" \/>\n<meta name=\"twitter:label1\" content=\"Gesch\u00e4tzte Lesezeit\" \/>\n\t<meta name=\"twitter:data1\" content=\"2 Minuten\" \/>\n<script type=\"application\/ld+json\" class=\"yoast-schema-graph\">{\"@context\":\"https:\/\/schema.org\",\"@graph\":[{\"@type\":\"WebPage\",\"@id\":\"https:\/\/covers4car.com\/product\/custom-fit-seat-covers-for-chevrolet-chevy-equinox-front-rear-seat-protector-01\/\",\"url\":\"https:\/\/covers4car.com\/product\/custom-fit-seat-covers-for-chevrolet-chevy-equinox-front-rear-seat-protector-01\/\",\"name\":\"Custom Fit Chevy Colorado GMC Canyon Seat Covers\",\"isPartOf\":{\"@id\":\"https:\/\/covers4car.com\/#website\"},\"primaryImageOfPage\":{\"@id\":\"https:\/\/covers4car.com\/product\/custom-fit-seat-covers-for-chevrolet-chevy-equinox-front-rear-seat-protector-01\/#primaryimage\"},\"image\":{\"@id\":\"https:\/\/covers4car.com\/product\/custom-fit-seat-covers-for-chevrolet-chevy-equinox-front-rear-seat-protector-01\/#primaryimage\"},\"thumbnailUrl\":\"https:\/\/covers4car.com\/wp-content\/uploads\/2025\/11\/new_01-11.webp\",\"datePublished\":\"2025-11-17T10:13:01+00:00\",\"dateModified\":\"2025-11-20T09:11:58+00:00\",\"description\":\"Chevrolet Equinox seat covers custom fit for 2018\u20132024 SUVs, with leather finish, airbag-safe design and full front & rear seat protection.\",\"breadcrumb\":{\"@id\":\"https:\/\/covers4car.com\/product\/custom-fit-seat-covers-for-chevrolet-chevy-equinox-front-rear-seat-protector-01\/#breadcrumb\"},\"inLanguage\":\"de-AT\",\"potentialAction\":[{\"@type\":\"ReadAction\",\"target\":[\"https:\/\/covers4car.com\/product\/custom-fit-seat-covers-for-chevrolet-chevy-equinox-front-rear-seat-protector-01\/\"]}]},{\"@type\":\"ImageObject\",\"inLanguage\":\"de-AT\",\"@id\":\"https:\/\/covers4car.com\/product\/custom-fit-seat-covers-for-chevrolet-chevy-equinox-front-rear-seat-protector-01\/#primaryimage\",\"url\":\"https:\/\/covers4car.com\/wp-content\/uploads\/2025\/11\/new_01-11.webp\",\"contentUrl\":\"https:\/\/covers4car.com\/wp-content\/uploads\/2025\/11\/new_01-11.webp\",\"width\":1000,\"height\":1000},{\"@type\":\"BreadcrumbList\",\"@id\":\"https:\/\/covers4car.com\/product\/custom-fit-seat-covers-for-chevrolet-chevy-equinox-front-rear-seat-protector-01\/#breadcrumb\",\"itemListElement\":[{\"@type\":\"ListItem\",\"position\":1,\"name\":\"Home\",\"item\":\"https:\/\/covers4car.com\/\"},{\"@type\":\"ListItem\",\"position\":2,\"name\":\"Shop\",\"item\":\"https:\/\/covers4car.com\/shop\/\"},{\"@type\":\"ListItem\",\"position\":3,\"name\":\"Custom Fit Seat Covers for Chevrolet Chevy Equinox-Front &#038; Rear Seat Protector 01\"}]},{\"@type\":\"WebSite\",\"@id\":\"https:\/\/covers4car.com\/#website\",\"url\":\"https:\/\/covers4car.com\/\",\"name\":\"Covers4Car\",\"description\":\"Professional Seat Covers Tailored for Your Vehicle\",\"publisher\":{\"@id\":\"https:\/\/covers4car.com\/#organization\"},\"potentialAction\":[{\"@type\":\"SearchAction\",\"target\":{\"@type\":\"EntryPoint\",\"urlTemplate\":\"https:\/\/covers4car.com\/?s={search_term_string}\"},\"query-input\":{\"@type\":\"PropertyValueSpecification\",\"valueRequired\":true,\"valueName\":\"search_term_string\"}}],\"inLanguage\":\"de-AT\"},{\"@type\":\"Organization\",\"@id\":\"https:\/\/covers4car.com\/#organization\",\"name\":\"Covers4Car\",\"url\":\"https:\/\/covers4car.com\/\",\"logo\":{\"@type\":\"ImageObject\",\"inLanguage\":\"de-AT\",\"@id\":\"https:\/\/covers4car.com\/#\/schema\/logo\/image\/\",\"url\":\"https:\/\/covers4car.com\/wp-content\/uploads\/2024\/11\/Asset-2@5x-copy.jpg\",\"contentUrl\":\"https:\/\/covers4car.com\/wp-content\/uploads\/2024\/11\/Asset-2@5x-copy.jpg\",\"width\":877,\"height\":877,\"caption\":\"Covers4Car\"},\"image\":{\"@id\":\"https:\/\/covers4car.com\/#\/schema\/logo\/image\/\"},\"sameAs\":[\"https:\/\/www.facebook.com\/profile.php?id=61564533557142\",\"https:\/\/x.com\/covers4carstore\"]}]}<\/script>\n<!-- \/ Yoast SEO Premium plugin. -->","yoast_head_json":{"title":"Custom Fit Chevy Colorado GMC Canyon Seat Covers","description":"Chevrolet Equinox seat covers custom fit for 2018\u20132024 SUVs, with leather finish, airbag-safe design and full front & rear seat protection.","robots":{"index":"index","follow":"follow","max-snippet":"max-snippet:-1","max-image-preview":"max-image-preview:large","max-video-preview":"max-video-preview:-1"},"canonical":"https:\/\/covers4car.com\/at\/product\/custom-fit-seat-covers-for-chevrolet-chevy-equinox-front-rear-seat-protector-01\/","og_locale":"de_DE","og_type":"article","og_title":"Custom Fit Seat Covers for Chevrolet Chevy Equinox-Front & Rear Seat Protector 01","og_description":"Chevrolet Equinox seat covers custom fit for 2018\u20132024 SUVs, with leather finish, airbag-safe design and full front & rear seat protection.","og_url":"https:\/\/covers4car.com\/at\/product\/custom-fit-seat-covers-for-chevrolet-chevy-equinox-front-rear-seat-protector-01\/","og_site_name":"Covers4Car","article_publisher":"https:\/\/www.facebook.com\/profile.php?id=61564533557142","article_modified_time":"2025-11-20T09:11:58+00:00","og_image":[{"width":1000,"height":1000,"url":"https:\/\/covers4car.com\/wp-content\/uploads\/2025\/11\/new_01-11.webp","type":"image\/webp"}],"twitter_card":"summary_large_image","twitter_site":"@covers4carstore","twitter_misc":{"Gesch\u00e4tzte Lesezeit":"2 Minuten"},"schema":{"@context":"https:\/\/schema.org","@graph":[{"@type":"WebPage","@id":"https:\/\/covers4car.com\/product\/custom-fit-seat-covers-for-chevrolet-chevy-equinox-front-rear-seat-protector-01\/","url":"https:\/\/covers4car.com\/product\/custom-fit-seat-covers-for-chevrolet-chevy-equinox-front-rear-seat-protector-01\/","name":"Custom Fit Chevy Colorado GMC Canyon Seat Covers","isPartOf":{"@id":"https:\/\/covers4car.com\/#website"},"primaryImageOfPage":{"@id":"https:\/\/covers4car.com\/product\/custom-fit-seat-covers-for-chevrolet-chevy-equinox-front-rear-seat-protector-01\/#primaryimage"},"image":{"@id":"https:\/\/covers4car.com\/product\/custom-fit-seat-covers-for-chevrolet-chevy-equinox-front-rear-seat-protector-01\/#primaryimage"},"thumbnailUrl":"https:\/\/covers4car.com\/wp-content\/uploads\/2025\/11\/new_01-11.webp","datePublished":"2025-11-17T10:13:01+00:00","dateModified":"2025-11-20T09:11:58+00:00","description":"Chevrolet Equinox seat covers custom fit for 2018\u20132024 SUVs, with leather finish, airbag-safe design and full front & rear seat protection.","breadcrumb":{"@id":"https:\/\/covers4car.com\/product\/custom-fit-seat-covers-for-chevrolet-chevy-equinox-front-rear-seat-protector-01\/#breadcrumb"},"inLanguage":"de-AT","potentialAction":[{"@type":"ReadAction","target":["https:\/\/covers4car.com\/product\/custom-fit-seat-covers-for-chevrolet-chevy-equinox-front-rear-seat-protector-01\/"]}]},{"@type":"ImageObject","inLanguage":"de-AT","@id":"https:\/\/covers4car.com\/product\/custom-fit-seat-covers-for-chevrolet-chevy-equinox-front-rear-seat-protector-01\/#primaryimage","url":"https:\/\/covers4car.com\/wp-content\/uploads\/2025\/11\/new_01-11.webp","contentUrl":"https:\/\/covers4car.com\/wp-content\/uploads\/2025\/11\/new_01-11.webp","width":1000,"height":1000},{"@type":"BreadcrumbList","@id":"https:\/\/covers4car.com\/product\/custom-fit-seat-covers-for-chevrolet-chevy-equinox-front-rear-seat-protector-01\/#breadcrumb","itemListElement":[{"@type":"ListItem","position":1,"name":"Home","item":"https:\/\/covers4car.com\/"},{"@type":"ListItem","position":2,"name":"Shop","item":"https:\/\/covers4car.com\/shop\/"},{"@type":"ListItem","position":3,"name":"Custom Fit Seat Covers for Chevrolet Chevy Equinox-Front &#038; Rear Seat Protector 01"}]},{"@type":"WebSite","@id":"https:\/\/covers4car.com\/#website","url":"https:\/\/covers4car.com\/","name":"Covers4Car","description":"Professionelle Sitzbez\u00fcge, ma\u00dfgeschneidert f\u00fcr Ihr Fahrzeug","publisher":{"@id":"https:\/\/covers4car.com\/#organization"},"potentialAction":[{"@type":"SearchAction","target":{"@type":"EntryPoint","urlTemplate":"https:\/\/covers4car.com\/?s={search_term_string}"},"query-input":{"@type":"PropertyValueSpecification","valueRequired":true,"valueName":"search_term_string"}}],"inLanguage":"de-AT"},{"@type":"Organization","@id":"https:\/\/covers4car.com\/#organization","name":"Covers4Car","url":"https:\/\/covers4car.com\/","logo":{"@type":"ImageObject","inLanguage":"de-AT","@id":"https:\/\/covers4car.com\/#\/schema\/logo\/image\/","url":"https:\/\/covers4car.com\/wp-content\/uploads\/2024\/11\/Asset-2@5x-copy.jpg","contentUrl":"https:\/\/covers4car.com\/wp-content\/uploads\/2024\/11\/Asset-2@5x-copy.jpg","width":877,"height":877,"caption":"Covers4Car"},"image":{"@id":"https:\/\/covers4car.com\/#\/schema\/logo\/image\/"},"sameAs":["https:\/\/www.facebook.com\/profile.php?id=61564533557142","https:\/\/x.com\/covers4carstore"]}]}},"_links":{"self":[{"href":"https:\/\/covers4car.com\/at\/wp-json\/wp\/v2\/product\/28684","targetHints":{"allow":["GET"]}}],"collection":[{"href":"https:\/\/covers4car.com\/at\/wp-json\/wp\/v2\/product"}],"about":[{"href":"https:\/\/covers4car.com\/at\/wp-json\/wp\/v2\/types\/product"}],"replies":[{"embeddable":true,"href":"https:\/\/covers4car.com\/at\/wp-json\/wp\/v2\/comments?post=28684"}],"version-history":[{"count":0,"href":"https:\/\/covers4car.com\/at\/wp-json\/wp\/v2\/product\/28684\/revisions"}],"wp:featuredmedia":[{"embeddable":true,"href":"https:\/\/covers4car.com\/at\/wp-json\/wp\/v2\/media\/28705"}],"wp:attachment":[{"href":"https:\/\/covers4car.com\/at\/wp-json\/wp\/v2\/media?parent=28684"}],"wp:term":[{"taxonomy":"product_brand","embeddable":true,"href":"https:\/\/covers4car.com\/at\/wp-json\/wp\/v2\/product_brand?post=28684"},{"taxonomy":"product_cat","embeddable":true,"href":"https:\/\/covers4car.com\/at\/wp-json\/wp\/v2\/product_cat?post=28684"},{"taxonomy":"product_tag","embeddable":true,"href":"https:\/\/covers4car.com\/at\/wp-json\/wp\/v2\/product_tag?post=28684"},{"taxonomy":"jet_color","embeddable":true,"href":"https:\/\/covers4car.com\/at\/wp-json\/wp\/v2\/jet_color?post=28684"},{"taxonomy":"jet_material","embeddable":true,"href":"https:\/\/covers4car.com\/at\/wp-json\/wp\/v2\/jet_material?post=28684"},{"taxonomy":"jet_coverage","embeddable":true,"href":"https:\/\/covers4car.com\/at\/wp-json\/wp\/v2\/jet_coverage?post=28684"}],"curies":[{"name":"wp","href":"https:\/\/api.w.org\/{rel}","templated":true}]}}