{"id":28891,"date":"2025-11-17T05:41:26","date_gmt":"2025-11-17T13:41:26","guid":{"rendered":"https:\/\/covers4car.com\/?post_type=product&#038;p=28891"},"modified":"2026-04-12T18:00:42","modified_gmt":"2026-04-13T01:00:42","slug":"custom-fit-seat-covers-for-ford-maverick-pick-up-truck-front-rear-seat-protector-01","status":"publish","type":"product","link":"https:\/\/covers4car.com\/at\/product\/custom-fit-seat-covers-for-ford-maverick-pick-up-truck-front-rear-seat-protector-01\/","title":{"rendered":"Passgenaue Sitzbez\u00fcge f\u00fcr Ford Maverick Pick-up Truck \u2013 Vorder- und R\u00fccksitzschutz 01"},"content":{"rendered":"<article class=\"text-token-text-primary w-full focus:outline-none [--shadow-height:45px] has-data-writing-block:pointer-events-none has-data-writing-block:-mt-(--shadow-height) has-data-writing-block:pt-(--shadow-height) [&amp;:has([data-writing-block])&gt;*]:pointer-events-auto [content-visibility:auto] supports-[content-visibility:auto]:[contain-intrinsic-size:auto_100lvh] scroll-mt-[calc(var(--header-height)+min(200px,max(70px,20svh)))]\" dir=\"auto\" tabindex=\"-1\" data-turn-id=\"8179511b-ca84-40cf-8609-ba86a8c8ce85\" data-testid=\"conversation-turn-58\" data-scroll-anchor=\"true\" data-turn=\"assistant\">\n<div class=\"text-base my-auto mx-auto pb-10 [--thread-content-margin:--spacing(4)] thread-sm:[--thread-content-margin:--spacing(6)] thread-lg:[--thread-content-margin:--spacing(16)] px-(--thread-content-margin)\">\n<div class=\"[--thread-content-max-width:40rem] thread-lg:[--thread-content-max-width:48rem] mx-auto max-w-(--thread-content-max-width) flex-1 group\/turn-messages focus-visible:outline-hidden relative flex w-full min-w-0 flex-col agent-turn\" tabindex=\"-1\">\n<div class=\"flex max-w-full flex-col grow\">\n<div class=\"min-h-8 text-message relative flex w-full flex-col items-end gap-2 text-start break-words whitespace-normal [.text-message+&amp;]:mt-1\" dir=\"auto\" data-message-author-role=\"assistant\" data-message-id=\"0cba8016-6603-49eb-9aba-4cccaf050857\" data-message-model-slug=\"gpt-5-1-thinking\">\n<div class=\"flex w-full flex-col gap-1 empty:hidden first:pt-[1px]\">\n<div class=\"markdown prose dark:prose-invert w-full break-words light markdown-new-styling\">\n<p data-start=\"774\" data-end=\"1313\" data-is-last-node=\"\" data-is-only-node=\"\">Werten Sie Ihren Ford Maverick mit den passgenauen Sitzbez\u00fcgen von Covers4Car f\u00fcr Pickups der Baujahre 2022\u20132025 auf. Diese hochwertigen Ledersitzbez\u00fcge sind ideal f\u00fcr Fahrer, die Wert auf einen werkseitigen Look, lange Haltbarkeit und umfassenden Schutz f\u00fcr Vorder- und R\u00fccksitze legen. Sie sch\u00fctzen Ihren Innenraum vor Schmutz, Flecken und Kratzern und bieten gleichzeitig zus\u00e4tzlichen Komfort auf jeder Fahrt. Dank airbagkompatibler \u00d6ffnungen, leicht zu reinigender Oberfl\u00e4chen und sorgf\u00e4ltiger Verarbeitung bleibt Ihr Ford Maverick stilvoll, komfortabel und bestens gesch\u00fctzt \u2013 und das \u00fcber Jahre hinweg.<\/p>\n<\/div>\n<\/div>\n<\/div>\n<\/div>\n<\/div>\n<\/div>\n<\/article>\n<ul>\n<li><strong>Passend f\u00fcr: Ford Maverick (2022\u20132025)<\/strong><\/li>\n<li>Passgenau wie ab Werk: Entworfen, um dem luxuri\u00f6sen Erscheinungsbild und der Haptik der Ford Maverick-Werkssitze zu entsprechen und so eine nahtlose Passform und \u00e4sthetische Wirkung zu gew\u00e4hrleisten.<\/li>\n<li>Verbesserte Haltbarkeit: Hergestellt aus langlebigen Materialien mit einer glatten, atmungsaktiven Oberfl\u00e4che, die leicht zu reinigen ist und zu jeder Jahreszeit bequem bleibt.<\/li>\n<li>Sicherheit beim Fahren: Verf\u00fcgt \u00fcber reservierte Airbag-\u00d6ffnungen f\u00fcr mehr Sicherheit und Seelenfrieden.<\/li>\n<li>Rundumschutz: Bietet eine 360\u00b0-Abdeckung und sch\u00fctzt Ihre Ford Maverick-Sitze vor Schmutz, Flecken, Abrieb und Abnutzung durch Haustiere oder Kinder. So bleiben Ihre Sitze wie neu. Schlammige Pfotenabdr\u00fccke Ihrer Haustiere und Getr\u00e4nkereste Ihrer Kinder lassen sich einfach mit einem Handtuch abwischen \u2013 Ihre Sitze sehen danach aus wie neu.<\/li>\n<li>Langlebigkeit und Wiederverkaufswert: Verl\u00e4ngert die Lebensdauer Ihres Ford Maverick um 5-6 Jahre, sch\u00fctzt ihn vor Besch\u00e4digungen und erh\u00e4lt das Wiederverkaufspotenzial des Fahrzeugs.<\/li>\n<li>Komfort auf langen Fahrten: Erleben Sie unvergleichlichen Komfort auf langen Fahrten mit unseren individuell angepassten, umfassenden Sitzbez\u00fcgen, die f\u00fcr eine hervorragende Polsterung und Unterst\u00fctzung sorgen und daf\u00fcr sorgen, dass Sie entspannt und bequem sitzen, egal, wie weit Sie reisen.<\/li>\n<\/ul>\n<p><strong>Komplettset:<\/strong><\/p>\n<ul>\n<li>2x Vordersitzbez\u00fcge<\/li>\n<li>1x komplette R\u00fccksitzbez\u00fcge<\/li>\n<\/ul>\n<p><strong>Nur Vordersitze<\/strong><\/p>\n<ul>\n<li>1x komplette Vordersitzbez\u00fcge<\/li>\n<\/ul>","protected":false},"excerpt":{"rendered":"<p>Werten Sie Ihren Ford Maverick mit den passgenauen Sitzbez\u00fcgen von Covers4Car f\u00fcr Pickups der Baujahre 2022\u20132025 auf. Diese hochwertigen Ledersitzbez\u00fcge sind ideal f\u00fcr den Einsatz in Ihrem Fahrzeug.<\/p>","protected":false},"featured_media":28395,"comment_status":"open","ping_status":"closed","template":"","meta":{"_acf_changed":false,"_monsterinsights_skip_tracking":false,"_monsterinsights_sitenote_active":false,"_monsterinsights_sitenote_note":"","_monsterinsights_sitenote_category":0},"product_brand":[],"product_cat":[124,118,77694],"product_tag":[77669],"jet_color":[],"jet_material":[],"jet_coverage":[],"class_list":{"0":"post-28891","1":"product","2":"type-product","3":"status-publish","4":"has-post-thumbnail","6":"product_cat-seat-cover","7":"product_cat-seat-cover-for-ford","8":"product_cat-seat-cover-for-ford-maverick","9":"product_tag-fit-maverick","11":"first","12":"instock","13":"shipping-taxable","14":"purchasable","15":"product-type-variable","16":"has-default-attributes","17":"wvs-archive-product-wrapper"},"acf":[],"yoast_head":"<!-- This site is optimized with the Yoast SEO Premium plugin v26.4 (Yoast SEO v26.4) - https:\/\/yoast.com\/wordpress\/plugins\/seo\/ -->\n<title>Ford Maverick Seat Covers 2022\u20132025 Custom Fit<\/title>\n<meta name=\"description\" content=\"Ford Maverick seat covers custom fit for 2022\u20132025 trucks with premium leather, airbag-safe design and full front &amp; rear seat protection.\" \/>\n<meta name=\"robots\" content=\"index, follow, max-snippet:-1, max-image-preview:large, max-video-preview:-1\" \/>\n<link rel=\"canonical\" href=\"https:\/\/covers4car.com\/at\/product\/custom-fit-seat-covers-for-ford-maverick-pick-up-truck-front-rear-seat-protector-01\/\" \/>\n<meta property=\"og:locale\" content=\"de_DE\" \/>\n<meta property=\"og:type\" content=\"article\" \/>\n<meta property=\"og:title\" content=\"Custom Fit Seat Covers for Ford Maverick Pick-up Truck-Front &amp; Rear Seat Protector 01\" \/>\n<meta property=\"og:description\" content=\"Ford Maverick seat covers custom fit for 2022\u20132025 trucks with premium leather, airbag-safe design and full front &amp; rear seat protection.\" \/>\n<meta property=\"og:url\" content=\"https:\/\/covers4car.com\/at\/product\/custom-fit-seat-covers-for-ford-maverick-pick-up-truck-front-rear-seat-protector-01\/\" \/>\n<meta property=\"og:site_name\" content=\"Covers4Car\" \/>\n<meta property=\"article:publisher\" content=\"https:\/\/www.facebook.com\/profile.php?id=61564533557142\" \/>\n<meta property=\"article:modified_time\" content=\"2026-04-13T01:00:42+00:00\" \/>\n<meta property=\"og:image\" content=\"https:\/\/covers4car.com\/wp-content\/uploads\/2025\/11\/1-9.webp\" \/>\n\t<meta property=\"og:image:width\" content=\"1000\" \/>\n\t<meta property=\"og:image:height\" content=\"1000\" \/>\n\t<meta property=\"og:image:type\" content=\"image\/webp\" \/>\n<meta name=\"twitter:card\" content=\"summary_large_image\" \/>\n<meta name=\"twitter:site\" content=\"@covers4carstore\" \/>\n<meta name=\"twitter:label1\" content=\"Gesch\u00e4tzte Lesezeit\" \/>\n\t<meta name=\"twitter:data1\" content=\"2 Minuten\" \/>\n<script type=\"application\/ld+json\" class=\"yoast-schema-graph\">{\"@context\":\"https:\/\/schema.org\",\"@graph\":[{\"@type\":\"WebPage\",\"@id\":\"https:\/\/covers4car.com\/product\/custom-fit-seat-covers-for-ford-maverick-pick-up-truck-front-rear-seat-protector-01\/\",\"url\":\"https:\/\/covers4car.com\/product\/custom-fit-seat-covers-for-ford-maverick-pick-up-truck-front-rear-seat-protector-01\/\",\"name\":\"Ford Maverick Seat Covers 2022\u20132025 Custom Fit\",\"isPartOf\":{\"@id\":\"https:\/\/covers4car.com\/#website\"},\"primaryImageOfPage\":{\"@id\":\"https:\/\/covers4car.com\/product\/custom-fit-seat-covers-for-ford-maverick-pick-up-truck-front-rear-seat-protector-01\/#primaryimage\"},\"image\":{\"@id\":\"https:\/\/covers4car.com\/product\/custom-fit-seat-covers-for-ford-maverick-pick-up-truck-front-rear-seat-protector-01\/#primaryimage\"},\"thumbnailUrl\":\"https:\/\/covers4car.com\/wp-content\/uploads\/2025\/11\/1-9.webp\",\"datePublished\":\"2025-11-17T13:41:26+00:00\",\"dateModified\":\"2026-04-13T01:00:42+00:00\",\"description\":\"Ford Maverick seat covers custom fit for 2022\u20132025 trucks with premium leather, airbag-safe design and full front & rear seat protection.\",\"breadcrumb\":{\"@id\":\"https:\/\/covers4car.com\/product\/custom-fit-seat-covers-for-ford-maverick-pick-up-truck-front-rear-seat-protector-01\/#breadcrumb\"},\"inLanguage\":\"de-AT\",\"potentialAction\":[{\"@type\":\"ReadAction\",\"target\":[\"https:\/\/covers4car.com\/product\/custom-fit-seat-covers-for-ford-maverick-pick-up-truck-front-rear-seat-protector-01\/\"]}]},{\"@type\":\"ImageObject\",\"inLanguage\":\"de-AT\",\"@id\":\"https:\/\/covers4car.com\/product\/custom-fit-seat-covers-for-ford-maverick-pick-up-truck-front-rear-seat-protector-01\/#primaryimage\",\"url\":\"https:\/\/covers4car.com\/wp-content\/uploads\/2025\/11\/1-9.webp\",\"contentUrl\":\"https:\/\/covers4car.com\/wp-content\/uploads\/2025\/11\/1-9.webp\",\"width\":1000,\"height\":1000},{\"@type\":\"BreadcrumbList\",\"@id\":\"https:\/\/covers4car.com\/product\/custom-fit-seat-covers-for-ford-maverick-pick-up-truck-front-rear-seat-protector-01\/#breadcrumb\",\"itemListElement\":[{\"@type\":\"ListItem\",\"position\":1,\"name\":\"Home\",\"item\":\"https:\/\/covers4car.com\/\"},{\"@type\":\"ListItem\",\"position\":2,\"name\":\"Shop\",\"item\":\"https:\/\/covers4car.com\/shop\/\"},{\"@type\":\"ListItem\",\"position\":3,\"name\":\"Custom Fit Seat Covers for Ford Maverick Pick-up Truck-Front &#038; Rear Seat Protector 01\"}]},{\"@type\":\"WebSite\",\"@id\":\"https:\/\/covers4car.com\/#website\",\"url\":\"https:\/\/covers4car.com\/\",\"name\":\"Covers4Car\",\"description\":\"Professional Seat Covers Tailored for Your Vehicle\",\"publisher\":{\"@id\":\"https:\/\/covers4car.com\/#organization\"},\"potentialAction\":[{\"@type\":\"SearchAction\",\"target\":{\"@type\":\"EntryPoint\",\"urlTemplate\":\"https:\/\/covers4car.com\/?s={search_term_string}\"},\"query-input\":{\"@type\":\"PropertyValueSpecification\",\"valueRequired\":true,\"valueName\":\"search_term_string\"}}],\"inLanguage\":\"de-AT\"},{\"@type\":\"Organization\",\"@id\":\"https:\/\/covers4car.com\/#organization\",\"name\":\"Covers4Car\",\"url\":\"https:\/\/covers4car.com\/\",\"logo\":{\"@type\":\"ImageObject\",\"inLanguage\":\"de-AT\",\"@id\":\"https:\/\/covers4car.com\/#\/schema\/logo\/image\/\",\"url\":\"https:\/\/covers4car.com\/wp-content\/uploads\/2024\/11\/Asset-2@5x-copy.jpg\",\"contentUrl\":\"https:\/\/covers4car.com\/wp-content\/uploads\/2024\/11\/Asset-2@5x-copy.jpg\",\"width\":877,\"height\":877,\"caption\":\"Covers4Car\"},\"image\":{\"@id\":\"https:\/\/covers4car.com\/#\/schema\/logo\/image\/\"},\"sameAs\":[\"https:\/\/www.facebook.com\/profile.php?id=61564533557142\",\"https:\/\/x.com\/covers4carstore\"]}]}<\/script>\n<!-- \/ Yoast SEO Premium plugin. -->","yoast_head_json":{"title":"Ford Maverick Seat Covers 2022\u20132025 Custom Fit","description":"Ford Maverick seat covers custom fit for 2022\u20132025 trucks with premium leather, airbag-safe design and full front & rear seat protection.","robots":{"index":"index","follow":"follow","max-snippet":"max-snippet:-1","max-image-preview":"max-image-preview:large","max-video-preview":"max-video-preview:-1"},"canonical":"https:\/\/covers4car.com\/at\/product\/custom-fit-seat-covers-for-ford-maverick-pick-up-truck-front-rear-seat-protector-01\/","og_locale":"de_DE","og_type":"article","og_title":"Custom Fit Seat Covers for Ford Maverick Pick-up Truck-Front & Rear Seat Protector 01","og_description":"Ford Maverick seat covers custom fit for 2022\u20132025 trucks with premium leather, airbag-safe design and full front & rear seat protection.","og_url":"https:\/\/covers4car.com\/at\/product\/custom-fit-seat-covers-for-ford-maverick-pick-up-truck-front-rear-seat-protector-01\/","og_site_name":"Covers4Car","article_publisher":"https:\/\/www.facebook.com\/profile.php?id=61564533557142","article_modified_time":"2026-04-13T01:00:42+00:00","og_image":[{"width":1000,"height":1000,"url":"https:\/\/covers4car.com\/wp-content\/uploads\/2025\/11\/1-9.webp","type":"image\/webp"}],"twitter_card":"summary_large_image","twitter_site":"@covers4carstore","twitter_misc":{"Gesch\u00e4tzte Lesezeit":"2 Minuten"},"schema":{"@context":"https:\/\/schema.org","@graph":[{"@type":"WebPage","@id":"https:\/\/covers4car.com\/product\/custom-fit-seat-covers-for-ford-maverick-pick-up-truck-front-rear-seat-protector-01\/","url":"https:\/\/covers4car.com\/product\/custom-fit-seat-covers-for-ford-maverick-pick-up-truck-front-rear-seat-protector-01\/","name":"Ford Maverick Seat Covers 2022\u20132025 Custom Fit","isPartOf":{"@id":"https:\/\/covers4car.com\/#website"},"primaryImageOfPage":{"@id":"https:\/\/covers4car.com\/product\/custom-fit-seat-covers-for-ford-maverick-pick-up-truck-front-rear-seat-protector-01\/#primaryimage"},"image":{"@id":"https:\/\/covers4car.com\/product\/custom-fit-seat-covers-for-ford-maverick-pick-up-truck-front-rear-seat-protector-01\/#primaryimage"},"thumbnailUrl":"https:\/\/covers4car.com\/wp-content\/uploads\/2025\/11\/1-9.webp","datePublished":"2025-11-17T13:41:26+00:00","dateModified":"2026-04-13T01:00:42+00:00","description":"Ford Maverick seat covers custom fit for 2022\u20132025 trucks with premium leather, airbag-safe design and full front & rear seat protection.","breadcrumb":{"@id":"https:\/\/covers4car.com\/product\/custom-fit-seat-covers-for-ford-maverick-pick-up-truck-front-rear-seat-protector-01\/#breadcrumb"},"inLanguage":"de-AT","potentialAction":[{"@type":"ReadAction","target":["https:\/\/covers4car.com\/product\/custom-fit-seat-covers-for-ford-maverick-pick-up-truck-front-rear-seat-protector-01\/"]}]},{"@type":"ImageObject","inLanguage":"de-AT","@id":"https:\/\/covers4car.com\/product\/custom-fit-seat-covers-for-ford-maverick-pick-up-truck-front-rear-seat-protector-01\/#primaryimage","url":"https:\/\/covers4car.com\/wp-content\/uploads\/2025\/11\/1-9.webp","contentUrl":"https:\/\/covers4car.com\/wp-content\/uploads\/2025\/11\/1-9.webp","width":1000,"height":1000},{"@type":"BreadcrumbList","@id":"https:\/\/covers4car.com\/product\/custom-fit-seat-covers-for-ford-maverick-pick-up-truck-front-rear-seat-protector-01\/#breadcrumb","itemListElement":[{"@type":"ListItem","position":1,"name":"Home","item":"https:\/\/covers4car.com\/"},{"@type":"ListItem","position":2,"name":"Shop","item":"https:\/\/covers4car.com\/shop\/"},{"@type":"ListItem","position":3,"name":"Custom Fit Seat Covers for Ford Maverick Pick-up Truck-Front &#038; Rear Seat Protector 01"}]},{"@type":"WebSite","@id":"https:\/\/covers4car.com\/#website","url":"https:\/\/covers4car.com\/","name":"Covers4Car","description":"Professionelle Sitzbez\u00fcge, ma\u00dfgeschneidert f\u00fcr Ihr Fahrzeug","publisher":{"@id":"https:\/\/covers4car.com\/#organization"},"potentialAction":[{"@type":"SearchAction","target":{"@type":"EntryPoint","urlTemplate":"https:\/\/covers4car.com\/?s={search_term_string}"},"query-input":{"@type":"PropertyValueSpecification","valueRequired":true,"valueName":"search_term_string"}}],"inLanguage":"de-AT"},{"@type":"Organization","@id":"https:\/\/covers4car.com\/#organization","name":"Covers4Car","url":"https:\/\/covers4car.com\/","logo":{"@type":"ImageObject","inLanguage":"de-AT","@id":"https:\/\/covers4car.com\/#\/schema\/logo\/image\/","url":"https:\/\/covers4car.com\/wp-content\/uploads\/2024\/11\/Asset-2@5x-copy.jpg","contentUrl":"https:\/\/covers4car.com\/wp-content\/uploads\/2024\/11\/Asset-2@5x-copy.jpg","width":877,"height":877,"caption":"Covers4Car"},"image":{"@id":"https:\/\/covers4car.com\/#\/schema\/logo\/image\/"},"sameAs":["https:\/\/www.facebook.com\/profile.php?id=61564533557142","https:\/\/x.com\/covers4carstore"]}]}},"_links":{"self":[{"href":"https:\/\/covers4car.com\/at\/wp-json\/wp\/v2\/product\/28891","targetHints":{"allow":["GET"]}}],"collection":[{"href":"https:\/\/covers4car.com\/at\/wp-json\/wp\/v2\/product"}],"about":[{"href":"https:\/\/covers4car.com\/at\/wp-json\/wp\/v2\/types\/product"}],"replies":[{"embeddable":true,"href":"https:\/\/covers4car.com\/at\/wp-json\/wp\/v2\/comments?post=28891"}],"version-history":[{"count":0,"href":"https:\/\/covers4car.com\/at\/wp-json\/wp\/v2\/product\/28891\/revisions"}],"wp:featuredmedia":[{"embeddable":true,"href":"https:\/\/covers4car.com\/at\/wp-json\/wp\/v2\/media\/28395"}],"wp:attachment":[{"href":"https:\/\/covers4car.com\/at\/wp-json\/wp\/v2\/media?parent=28891"}],"wp:term":[{"taxonomy":"product_brand","embeddable":true,"href":"https:\/\/covers4car.com\/at\/wp-json\/wp\/v2\/product_brand?post=28891"},{"taxonomy":"product_cat","embeddable":true,"href":"https:\/\/covers4car.com\/at\/wp-json\/wp\/v2\/product_cat?post=28891"},{"taxonomy":"product_tag","embeddable":true,"href":"https:\/\/covers4car.com\/at\/wp-json\/wp\/v2\/product_tag?post=28891"},{"taxonomy":"jet_color","embeddable":true,"href":"https:\/\/covers4car.com\/at\/wp-json\/wp\/v2\/jet_color?post=28891"},{"taxonomy":"jet_material","embeddable":true,"href":"https:\/\/covers4car.com\/at\/wp-json\/wp\/v2\/jet_material?post=28891"},{"taxonomy":"jet_coverage","embeddable":true,"href":"https:\/\/covers4car.com\/at\/wp-json\/wp\/v2\/jet_coverage?post=28891"}],"curies":[{"name":"wp","href":"https:\/\/api.w.org\/{rel}","templated":true}]}}