{"id":12953,"date":"2025-03-31T19:56:04","date_gmt":"2025-04-01T02:56:04","guid":{"rendered":"https:\/\/covers4car.com\/?post_type=product&#038;p=12953"},"modified":"2026-05-06T06:47:06","modified_gmt":"2026-05-06T13:47:06","slug":"premium-leather-car-seat-cover-11","status":"publish","type":"product","link":"https:\/\/covers4car.com\/ch\/produkt\/premium-leather-car-seat-cover-11\/","title":{"rendered":"Premium-Autositzbez\u00fcge aus Leder f\u00fcr Autos, SUVs und LKWs \u2013 Schutz f\u00fcr Vorder- und R\u00fccksitze, passgenaues Design \u2013 mit zus\u00e4tzlicher Polsterung 10"},"content":{"rendered":"<p><iframe title=\"YouTube-Videoplayer\" src=\"https:\/\/www.youtube.com\/embed\/JRtjQSbfyzg?si=_IrYsSc7BlVOGhVv\" width=\"560\" height=\"315\" frameborder=\"0\" allowfullscreen=\"allowfullscreen\"><\/iframe><br \/>\n<iframe title=\"YouTube-Videoplayer\" src=\"https:\/\/www.youtube.com\/embed\/ORuFLQuOsxg?si=FRSKoOYQz-UUAVbn\" width=\"560\" height=\"315\" frameborder=\"0\" allowfullscreen=\"allowfullscreen\"><\/iframe><br \/>\n<iframe title=\"YouTube-Videoplayer\" src=\"https:\/\/www.youtube.com\/embed\/x6AElUqWFqY?si=RYSHOwjZS8WdT8dS\" width=\"560\" height=\"315\" frameborder=\"0\" allowfullscreen=\"allowfullscreen\"><\/iframe><br \/>\nErleben Sie Fahrkomfort der Extraklasse mit den Premium-Ledersitzbez\u00fcgen von Covers4Car. Die passgenauen Bez\u00fcge vereinen Eleganz, Robustheit und Komfort. Sie sch\u00fctzen Ihre Sitze nicht nur vor allt\u00e4glichen Gebrauchsspuren, sondern werten auch den Innenraum Ihres Fahrzeugs optisch und wertig auf. Die perfekte Kombination aus erstklassigem Design und praktischer Funktionalit\u00e4t.<\/p>\n<p><strong>Warum sollten Sie sich f\u00fcr den Sitzbezug von Covers4Car entscheiden? <\/strong> Die Sitzbez\u00fcge von Covers4Car werden von offiziellen Beh\u00f6rden auf Haltbarkeit, Umweltfreundlichkeit, antibakterielle Eigenschaften und Ungiftigkeit gepr\u00fcft und bieten zuverl\u00e4ssige Qualit\u00e4t zu einem angemessenen Preis.<\/p>\n<p><a href=\"https:\/\/covers4car.com\/wp-content\/uploads\/2024\/12\/07-1.jpg\"><img fetchpriority=\"high\" decoding=\"async\" class=\"wd-lazy-fade alignnone wp-image-11488\" src=\"https:\/\/covers4car.com\/wp-content\/themes\/woodmart\/images\/lazy.svg\" data-src=\"https:\/\/covers4car.com\/wp-content\/uploads\/2024\/12\/07-1.jpg\" alt=\"\" width=\"750\" height=\"750\" srcset=\"\" data-srcset=\"https:\/\/covers4car.com\/wp-content\/uploads\/2024\/12\/07-1.jpg 800w, https:\/\/covers4car.com\/wp-content\/uploads\/2024\/12\/07-1-300x300.jpg 300w, https:\/\/covers4car.com\/wp-content\/uploads\/2024\/12\/07-1-150x150.jpg 150w, https:\/\/covers4car.com\/wp-content\/uploads\/2024\/12\/07-1-768x768.jpg 768w, https:\/\/covers4car.com\/wp-content\/uploads\/2024\/12\/07-1-12x12.jpg 12w, https:\/\/covers4car.com\/wp-content\/uploads\/2024\/12\/07-1-600x600.jpg 600w, https:\/\/covers4car.com\/wp-content\/uploads\/2024\/12\/07-1-148x148.jpg 148w, https:\/\/covers4car.com\/wp-content\/uploads\/2024\/12\/07-1-50x50.jpg 50w, https:\/\/covers4car.com\/wp-content\/uploads\/2024\/12\/07-1-100x100.jpg 100w\" sizes=\"(max-width: 750px) 100vw, 750px\" \/><\/a><\/p>\n<p><strong>Verbesserte Haltbarkeit<\/strong>: Hergestellt aus strapazierf\u00e4higen Materialien mit einer glatten, atmungsaktiven Oberfl\u00e4che, die leicht zu reinigen ist und zu jeder Jahreszeit Komfort bietet.<\/p>\n<p><a href=\"https:\/\/covers4car.com\/wp-content\/uploads\/2024\/12\/03-3.jpg\"><img decoding=\"async\" class=\"wd-lazy-fade alignnone wp-image-11489\" src=\"https:\/\/covers4car.com\/wp-content\/themes\/woodmart\/images\/lazy.svg\" data-src=\"https:\/\/covers4car.com\/wp-content\/uploads\/2024\/12\/03-3.jpg\" alt=\"\" width=\"750\" height=\"750\" srcset=\"\" data-srcset=\"https:\/\/covers4car.com\/wp-content\/uploads\/2024\/12\/03-3.jpg 800w, https:\/\/covers4car.com\/wp-content\/uploads\/2024\/12\/03-3-300x300.jpg 300w, https:\/\/covers4car.com\/wp-content\/uploads\/2024\/12\/03-3-150x150.jpg 150w, https:\/\/covers4car.com\/wp-content\/uploads\/2024\/12\/03-3-768x768.jpg 768w, https:\/\/covers4car.com\/wp-content\/uploads\/2024\/12\/03-3-12x12.jpg 12w, https:\/\/covers4car.com\/wp-content\/uploads\/2024\/12\/03-3-600x600.jpg 600w, https:\/\/covers4car.com\/wp-content\/uploads\/2024\/12\/03-3-148x148.jpg 148w, https:\/\/covers4car.com\/wp-content\/uploads\/2024\/12\/03-3-50x50.jpg 50w, https:\/\/covers4car.com\/wp-content\/uploads\/2024\/12\/03-3-100x100.jpg 100w\" sizes=\"(max-width: 750px) 100vw, 750px\" \/><\/a><\/p>\n<p><strong>Sicherheit beim Fahren<\/strong>: Verf\u00fcgt \u00fcber reservierte Airbag\u00f6ffnungen f\u00fcr mehr Sicherheit und Seelenfrieden.<br \/>\n<a href=\"https:\/\/covers4car.com\/wp-content\/uploads\/2025\/03\/5-7.jpg\"><img decoding=\"async\" class=\"wd-lazy-fade alignnone wp-image-12841\" src=\"https:\/\/covers4car.com\/wp-content\/themes\/woodmart\/images\/lazy.svg\" data-src=\"https:\/\/covers4car.com\/wp-content\/uploads\/2025\/03\/5-7.jpg\" alt=\"\" width=\"750\" height=\"750\" srcset=\"\" data-srcset=\"https:\/\/covers4car.com\/wp-content\/uploads\/2025\/03\/5-7.jpg 1200w, https:\/\/covers4car.com\/wp-content\/uploads\/2025\/03\/5-7-300x300.jpg 300w, https:\/\/covers4car.com\/wp-content\/uploads\/2025\/03\/5-7-1024x1024.jpg 1024w, https:\/\/covers4car.com\/wp-content\/uploads\/2025\/03\/5-7-150x150.jpg 150w, https:\/\/covers4car.com\/wp-content\/uploads\/2025\/03\/5-7-768x768.jpg 768w, https:\/\/covers4car.com\/wp-content\/uploads\/2025\/03\/5-7-12x12.jpg 12w, https:\/\/covers4car.com\/wp-content\/uploads\/2025\/03\/5-7-600x600.jpg 600w, https:\/\/covers4car.com\/wp-content\/uploads\/2025\/03\/5-7-148x148.jpg 148w, https:\/\/covers4car.com\/wp-content\/uploads\/2025\/03\/5-7-50x50.jpg 50w, https:\/\/covers4car.com\/wp-content\/uploads\/2025\/03\/5-7-100x100.jpg 100w\" sizes=\"(max-width: 750px) 100vw, 750px\" \/><\/a><\/p>\n<p><strong>Umfassender Schutz<\/strong>Bietet einen 360\u00b0-Schutz f\u00fcr Ihre Autositze und bewahrt sie vor Schmutz, Flecken, Abrieb und Abnutzung durch Haustiere oder Kinder. So bleiben Ihre Sitze wie neu. Schlammige Pfotenabdr\u00fccke und Getr\u00e4nkereste der Kinder lassen sich einfach mit einem Tuch abwischen \u2013 Ihre Sitze sehen danach wieder aus wie neu.<\/p>\n<p><a href=\"https:\/\/covers4car.com\/wp-content\/uploads\/2024\/12\/GIF-0214.gif\"><img loading=\"lazy\" decoding=\"async\" class=\"wd-lazy-fade alignnone wp-image-11476\" src=\"https:\/\/covers4car.com\/wp-content\/themes\/woodmart\/images\/lazy.svg\" data-src=\"https:\/\/covers4car.com\/wp-content\/uploads\/2024\/12\/GIF-0214.gif\" alt=\"\" width=\"750\" height=\"408\" \/><\/a><\/p>\n<p><a href=\"https:\/\/covers4car.com\/wp-content\/uploads\/2024\/12\/GIF-0214-1-2.gif\"><img loading=\"lazy\" decoding=\"async\" class=\"wd-lazy-fade alignnone wp-image-11481\" src=\"https:\/\/covers4car.com\/wp-content\/themes\/woodmart\/images\/lazy.svg\" data-src=\"https:\/\/covers4car.com\/wp-content\/uploads\/2024\/12\/GIF-0214-1-2.gif\" alt=\"\" width=\"750\" height=\"408\" \/><\/a><\/p>\n<p><a href=\"https:\/\/covers4car.com\/wp-content\/uploads\/2025\/03\/5-1.jpg\"><img loading=\"lazy\" decoding=\"async\" class=\"wd-lazy-fade alignnone size-full wp-image-12697\" src=\"https:\/\/covers4car.com\/wp-content\/themes\/woodmart\/images\/lazy.svg\" data-src=\"https:\/\/covers4car.com\/wp-content\/uploads\/2025\/03\/5-1.jpg\" alt=\"\" width=\"750\" height=\"750\" srcset=\"\" data-srcset=\"https:\/\/covers4car.com\/wp-content\/uploads\/2025\/03\/5-1.jpg 750w, https:\/\/covers4car.com\/wp-content\/uploads\/2025\/03\/5-1-300x300.jpg 300w, https:\/\/covers4car.com\/wp-content\/uploads\/2025\/03\/5-1-150x150.jpg 150w, https:\/\/covers4car.com\/wp-content\/uploads\/2025\/03\/5-1-12x12.jpg 12w, https:\/\/covers4car.com\/wp-content\/uploads\/2025\/03\/5-1-600x600.jpg 600w, https:\/\/covers4car.com\/wp-content\/uploads\/2025\/03\/5-1-148x148.jpg 148w, https:\/\/covers4car.com\/wp-content\/uploads\/2025\/03\/5-1-50x50.jpg 50w, https:\/\/covers4car.com\/wp-content\/uploads\/2025\/03\/5-1-100x100.jpg 100w\" sizes=\"(max-width: 750px) 100vw, 750px\" \/><\/a><\/p>\n<p><strong>Langlebigkeit und Wiederverkaufswert<\/strong>: Verl\u00e4ngert die Lebensdauer Ihrer Autositze um 5-6 Jahre, sch\u00fctzt sie vor Besch\u00e4digungen und erh\u00e4lt den Wiederverkaufswert des Fahrzeugs.<\/p>\n<p><strong>Hochwertiges Leder:<\/strong> Robust, wasserdicht und f\u00fcr lang anhaltende Leistung konzipiert.<\/p>\n<p><a href=\"https:\/\/covers4car.com\/wp-content\/uploads\/2024\/12\/GIF-0214-3-1.gif\"><img loading=\"lazy\" decoding=\"async\" class=\"wd-lazy-fade alignnone wp-image-11480\" src=\"https:\/\/covers4car.com\/wp-content\/themes\/woodmart\/images\/lazy.svg\" data-src=\"https:\/\/covers4car.com\/wp-content\/uploads\/2024\/12\/GIF-0214-3-1.gif\" alt=\"\" width=\"750\" height=\"408\" \/><\/a><\/p>\n<p><a href=\"https:\/\/covers4car.com\/wp-content\/uploads\/2024\/12\/Premuim-quality.jpg\"><img loading=\"lazy\" decoding=\"async\" class=\"wd-lazy-fade alignnone wp-image-11465\" src=\"https:\/\/covers4car.com\/wp-content\/themes\/woodmart\/images\/lazy.svg\" data-src=\"https:\/\/covers4car.com\/wp-content\/uploads\/2024\/12\/Premuim-quality.jpg\" alt=\"\" width=\"750\" height=\"750\" srcset=\"\" data-srcset=\"https:\/\/covers4car.com\/wp-content\/uploads\/2024\/12\/Premuim-quality.jpg 800w, https:\/\/covers4car.com\/wp-content\/uploads\/2024\/12\/Premuim-quality-300x300.jpg 300w, https:\/\/covers4car.com\/wp-content\/uploads\/2024\/12\/Premuim-quality-150x150.jpg 150w, https:\/\/covers4car.com\/wp-content\/uploads\/2024\/12\/Premuim-quality-768x768.jpg 768w, https:\/\/covers4car.com\/wp-content\/uploads\/2024\/12\/Premuim-quality-12x12.jpg 12w, https:\/\/covers4car.com\/wp-content\/uploads\/2024\/12\/Premuim-quality-600x600.jpg 600w, https:\/\/covers4car.com\/wp-content\/uploads\/2024\/12\/Premuim-quality-148x148.jpg 148w, https:\/\/covers4car.com\/wp-content\/uploads\/2024\/12\/Premuim-quality-50x50.jpg 50w, https:\/\/covers4car.com\/wp-content\/uploads\/2024\/12\/Premuim-quality-100x100.jpg 100w\" sizes=\"(max-width: 750px) 100vw, 750px\" \/><\/a><\/p>\n<p><strong>Komfortabel auf langen Reisen<\/strong>: Erleben Sie unvergleichlichen Komfort auf langen Reisen mit unseren ma\u00dfgeschneiderten All-Inclusive-Sitzbez\u00fcgen, die f\u00fcr hervorragende Polsterung und Unterst\u00fctzung sorgen und daf\u00fcr sorgen, dass Sie entspannt und bequem bleiben, egal wie weit Sie reisen.<\/p>\n<p><strong>Mehrere Farben<\/strong>Erh\u00e4ltlich in verschiedenen Farben mit der Option auf zweifarbige Kombinationen, sodass Sie den Innenraum Ihres Autos individuell gestalten k\u00f6nnen.<\/p>","protected":false},"excerpt":{"rendered":"<p>Erleben Sie ein verfeinertes Fahrgef\u00fchl mit den Premium-Ledersitzbez\u00fcgen von Covers4Car \u2013 passgenaue Autositzbez\u00fcge, die f\u00fcr Eleganz, St\u00e4rke und \u2026 entwickelt wurden.<\/p>","protected":false},"featured_media":19682,"comment_status":"open","ping_status":"closed","template":"","meta":{"_acf_changed":false,"_monsterinsights_skip_tracking":false,"_monsterinsights_sitenote_active":false,"_monsterinsights_sitenote_note":"","_monsterinsights_sitenote_category":0},"product_brand":[],"product_cat":[80],"product_tag":[54969,22787],"jet_color":[],"jet_material":[],"jet_coverage":[],"class_list":{"0":"post-12953","1":"product","2":"type-product","3":"status-publish","4":"has-post-thumbnail","6":"product_cat-premium-leather-seat-cover","7":"product_tag-fit-universal-fit","8":"product_tag-universal","10":"first","11":"instock","12":"shipping-taxable","13":"purchasable","14":"product-type-variable","15":"has-default-attributes","16":"wvs-archive-product-wrapper"},"acf":[],"yoast_head":"<!-- This site is optimized with the Yoast SEO Premium plugin v26.4 (Yoast SEO v26.4) - https:\/\/yoast.com\/wordpress\/plugins\/seo\/ -->\n<title>Premium Leather Car Seat Covers \u2013 With Extra Padding<\/title>\n<meta name=\"description\" content=\"Experience refined comfort with Premium Leather Car Seat Covers that keep your interior looking fresh. Add value and style\u2014order yours now.\" \/>\n<meta name=\"robots\" content=\"index, follow, max-snippet:-1, max-image-preview:large, max-video-preview:-1\" \/>\n<link rel=\"canonical\" href=\"https:\/\/covers4car.com\/ch\/produkt\/premium-leather-car-seat-cover-11\/\" \/>\n<meta property=\"og:locale\" content=\"de_DE\" \/>\n<meta property=\"og:type\" content=\"article\" \/>\n<meta property=\"og:title\" content=\"Premium Leather Car Seat Covers for Cars, SUVs &amp; Trucks \u2013 Front &amp; Rear Seat Protector, Custom Fit Design \u2013 With Extra Padding 10\" \/>\n<meta property=\"og:description\" content=\"Experience refined comfort with Premium Leather Car Seat Covers that keep your interior looking fresh. Add value and style\u2014order yours now.\" \/>\n<meta property=\"og:url\" content=\"https:\/\/covers4car.com\/ch\/produkt\/premium-leather-car-seat-cover-11\/\" \/>\n<meta property=\"og:site_name\" content=\"Covers4Car\" \/>\n<meta property=\"article:publisher\" content=\"https:\/\/www.facebook.com\/profile.php?id=61564533557142\" \/>\n<meta property=\"article:modified_time\" content=\"2026-05-06T13:47:06+00:00\" \/>\n<meta property=\"og:image\" content=\"https:\/\/covers4car.com\/wp-content\/uploads\/2025\/03\/new_1-12.webp\" \/>\n\t<meta property=\"og:image:width\" content=\"1000\" \/>\n\t<meta property=\"og:image:height\" content=\"1000\" \/>\n\t<meta property=\"og:image:type\" content=\"image\/webp\" \/>\n<meta name=\"twitter:card\" content=\"summary_large_image\" \/>\n<meta name=\"twitter:site\" content=\"@covers4carstore\" \/>\n<meta name=\"twitter:label1\" content=\"Gesch\u00e4tzte Lesezeit\" \/>\n\t<meta name=\"twitter:data1\" content=\"3 Minuten\" \/>\n<script type=\"application\/ld+json\" class=\"yoast-schema-graph\">{\"@context\":\"https:\/\/schema.org\",\"@graph\":[{\"@type\":\"WebPage\",\"@id\":\"https:\/\/covers4car.com\/product\/premium-leather-car-seat-cover-11\/\",\"url\":\"https:\/\/covers4car.com\/product\/premium-leather-car-seat-cover-11\/\",\"name\":\"Premium Leather Car Seat Covers \u2013 With Extra Padding\",\"isPartOf\":{\"@id\":\"https:\/\/covers4car.com\/#website\"},\"primaryImageOfPage\":{\"@id\":\"https:\/\/covers4car.com\/product\/premium-leather-car-seat-cover-11\/#primaryimage\"},\"image\":{\"@id\":\"https:\/\/covers4car.com\/product\/premium-leather-car-seat-cover-11\/#primaryimage\"},\"thumbnailUrl\":\"https:\/\/covers4car.com\/wp-content\/uploads\/2025\/03\/new_1-12.webp\",\"datePublished\":\"2025-04-01T02:56:04+00:00\",\"dateModified\":\"2026-05-06T13:47:06+00:00\",\"description\":\"Experience refined comfort with Premium Leather Car Seat Covers that keep your interior looking fresh. Add value and style\u2014order yours now.\",\"breadcrumb\":{\"@id\":\"https:\/\/covers4car.com\/product\/premium-leather-car-seat-cover-11\/#breadcrumb\"},\"inLanguage\":\"de-CH\",\"potentialAction\":[{\"@type\":\"ReadAction\",\"target\":[\"https:\/\/covers4car.com\/product\/premium-leather-car-seat-cover-11\/\"]}]},{\"@type\":\"ImageObject\",\"inLanguage\":\"de-CH\",\"@id\":\"https:\/\/covers4car.com\/product\/premium-leather-car-seat-cover-11\/#primaryimage\",\"url\":\"https:\/\/covers4car.com\/wp-content\/uploads\/2025\/03\/new_1-12.webp\",\"contentUrl\":\"https:\/\/covers4car.com\/wp-content\/uploads\/2025\/03\/new_1-12.webp\",\"width\":1000,\"height\":1000},{\"@type\":\"BreadcrumbList\",\"@id\":\"https:\/\/covers4car.com\/product\/premium-leather-car-seat-cover-11\/#breadcrumb\",\"itemListElement\":[{\"@type\":\"ListItem\",\"position\":1,\"name\":\"Home\",\"item\":\"https:\/\/covers4car.com\/\"},{\"@type\":\"ListItem\",\"position\":2,\"name\":\"Shop\",\"item\":\"https:\/\/covers4car.com\/shop\/\"},{\"@type\":\"ListItem\",\"position\":3,\"name\":\"Premium Leather Car Seat Covers for Cars, SUVs &#038; Trucks \u2013 Front &#038; Rear Seat Protector, Custom Fit Design \u2013 With Extra Padding 10\"}]},{\"@type\":\"WebSite\",\"@id\":\"https:\/\/covers4car.com\/#website\",\"url\":\"https:\/\/covers4car.com\/\",\"name\":\"Covers4Car\",\"description\":\"Professional Seat Covers Tailored for Your Vehicle\",\"publisher\":{\"@id\":\"https:\/\/covers4car.com\/#organization\"},\"potentialAction\":[{\"@type\":\"SearchAction\",\"target\":{\"@type\":\"EntryPoint\",\"urlTemplate\":\"https:\/\/covers4car.com\/?s={search_term_string}\"},\"query-input\":{\"@type\":\"PropertyValueSpecification\",\"valueRequired\":true,\"valueName\":\"search_term_string\"}}],\"inLanguage\":\"de-CH\"},{\"@type\":\"Organization\",\"@id\":\"https:\/\/covers4car.com\/#organization\",\"name\":\"Covers4Car\",\"url\":\"https:\/\/covers4car.com\/\",\"logo\":{\"@type\":\"ImageObject\",\"inLanguage\":\"de-CH\",\"@id\":\"https:\/\/covers4car.com\/#\/schema\/logo\/image\/\",\"url\":\"https:\/\/covers4car.com\/wp-content\/uploads\/2024\/11\/Asset-2@5x-copy.jpg\",\"contentUrl\":\"https:\/\/covers4car.com\/wp-content\/uploads\/2024\/11\/Asset-2@5x-copy.jpg\",\"width\":877,\"height\":877,\"caption\":\"Covers4Car\"},\"image\":{\"@id\":\"https:\/\/covers4car.com\/#\/schema\/logo\/image\/\"},\"sameAs\":[\"https:\/\/www.facebook.com\/profile.php?id=61564533557142\",\"https:\/\/x.com\/covers4carstore\"]}]}<\/script>\n<!-- \/ Yoast SEO Premium plugin. -->","yoast_head_json":{"title":"Hochwertige Autositzbez\u00fcge aus Leder \u2013 mit extra Polsterung","description":"Erleben Sie h\u00f6chsten Komfort mit Premium-Ledersitzbez\u00fcgen f\u00fcr Ihr Auto, die Ihren Innenraum stets wie neu aussehen lassen. Steigern Sie Wert und Stil \u2013 bestellen Sie jetzt!.","robots":{"index":"index","follow":"follow","max-snippet":"max-snippet:-1","max-image-preview":"max-image-preview:large","max-video-preview":"max-video-preview:-1"},"canonical":"https:\/\/covers4car.com\/ch\/produkt\/premium-leather-car-seat-cover-11\/","og_locale":"de_DE","og_type":"article","og_title":"Premium Leather Car Seat Covers for Cars, SUVs & Trucks \u2013 Front & Rear Seat Protector, Custom Fit Design \u2013 With Extra Padding 10","og_description":"Experience refined comfort with Premium Leather Car Seat Covers that keep your interior looking fresh. Add value and style\u2014order yours now.","og_url":"https:\/\/covers4car.com\/ch\/produkt\/premium-leather-car-seat-cover-11\/","og_site_name":"Covers4Car","article_publisher":"https:\/\/www.facebook.com\/profile.php?id=61564533557142","article_modified_time":"2026-05-06T13:47:06+00:00","og_image":[{"width":1000,"height":1000,"url":"https:\/\/covers4car.com\/wp-content\/uploads\/2025\/03\/new_1-12.webp","type":"image\/webp"}],"twitter_card":"summary_large_image","twitter_site":"@covers4carstore","twitter_misc":{"Gesch\u00e4tzte Lesezeit":"3 Minuten"},"schema":{"@context":"https:\/\/schema.org","@graph":[{"@type":"WebPage","@id":"https:\/\/covers4car.com\/product\/premium-leather-car-seat-cover-11\/","url":"https:\/\/covers4car.com\/product\/premium-leather-car-seat-cover-11\/","name":"Hochwertige Autositzbez\u00fcge aus Leder \u2013 mit extra Polsterung","isPartOf":{"@id":"https:\/\/covers4car.com\/#website"},"primaryImageOfPage":{"@id":"https:\/\/covers4car.com\/product\/premium-leather-car-seat-cover-11\/#primaryimage"},"image":{"@id":"https:\/\/covers4car.com\/product\/premium-leather-car-seat-cover-11\/#primaryimage"},"thumbnailUrl":"https:\/\/covers4car.com\/wp-content\/uploads\/2025\/03\/new_1-12.webp","datePublished":"2025-04-01T02:56:04+00:00","dateModified":"2026-05-06T13:47:06+00:00","description":"Erleben Sie h\u00f6chsten Komfort mit Premium-Ledersitzbez\u00fcgen f\u00fcr Ihr Auto, die Ihren Innenraum stets wie neu aussehen lassen. Steigern Sie Wert und Stil \u2013 bestellen Sie jetzt!.","breadcrumb":{"@id":"https:\/\/covers4car.com\/product\/premium-leather-car-seat-cover-11\/#breadcrumb"},"inLanguage":"de-CH","potentialAction":[{"@type":"ReadAction","target":["https:\/\/covers4car.com\/product\/premium-leather-car-seat-cover-11\/"]}]},{"@type":"ImageObject","inLanguage":"de-CH","@id":"https:\/\/covers4car.com\/product\/premium-leather-car-seat-cover-11\/#primaryimage","url":"https:\/\/covers4car.com\/wp-content\/uploads\/2025\/03\/new_1-12.webp","contentUrl":"https:\/\/covers4car.com\/wp-content\/uploads\/2025\/03\/new_1-12.webp","width":1000,"height":1000},{"@type":"BreadcrumbList","@id":"https:\/\/covers4car.com\/product\/premium-leather-car-seat-cover-11\/#breadcrumb","itemListElement":[{"@type":"ListItem","position":1,"name":"Home","item":"https:\/\/covers4car.com\/"},{"@type":"ListItem","position":2,"name":"Shop","item":"https:\/\/covers4car.com\/shop\/"},{"@type":"ListItem","position":3,"name":"Premium Leather Car Seat Covers for Cars, SUVs &#038; Trucks \u2013 Front &#038; Rear Seat Protector, Custom Fit Design \u2013 With Extra Padding 10"}]},{"@type":"WebSite","@id":"https:\/\/covers4car.com\/#website","url":"https:\/\/covers4car.com\/","name":"Covers4Car","description":"Professionelle Sitzbez\u00fcge, ma\u00dfgeschneidert f\u00fcr Ihr Fahrzeug","publisher":{"@id":"https:\/\/covers4car.com\/#organization"},"potentialAction":[{"@type":"SearchAction","target":{"@type":"EntryPoint","urlTemplate":"https:\/\/covers4car.com\/?s={search_term_string}"},"query-input":{"@type":"PropertyValueSpecification","valueRequired":true,"valueName":"search_term_string"}}],"inLanguage":"de-CH"},{"@type":"Organization","@id":"https:\/\/covers4car.com\/#organization","name":"Covers4Car","url":"https:\/\/covers4car.com\/","logo":{"@type":"ImageObject","inLanguage":"de-CH","@id":"https:\/\/covers4car.com\/#\/schema\/logo\/image\/","url":"https:\/\/covers4car.com\/wp-content\/uploads\/2024\/11\/Asset-2@5x-copy.jpg","contentUrl":"https:\/\/covers4car.com\/wp-content\/uploads\/2024\/11\/Asset-2@5x-copy.jpg","width":877,"height":877,"caption":"Covers4Car"},"image":{"@id":"https:\/\/covers4car.com\/#\/schema\/logo\/image\/"},"sameAs":["https:\/\/www.facebook.com\/profile.php?id=61564533557142","https:\/\/x.com\/covers4carstore"]}]}},"_links":{"self":[{"href":"https:\/\/covers4car.com\/ch\/wp-json\/wp\/v2\/product\/12953","targetHints":{"allow":["GET"]}}],"collection":[{"href":"https:\/\/covers4car.com\/ch\/wp-json\/wp\/v2\/product"}],"about":[{"href":"https:\/\/covers4car.com\/ch\/wp-json\/wp\/v2\/types\/product"}],"replies":[{"embeddable":true,"href":"https:\/\/covers4car.com\/ch\/wp-json\/wp\/v2\/comments?post=12953"}],"version-history":[{"count":0,"href":"https:\/\/covers4car.com\/ch\/wp-json\/wp\/v2\/product\/12953\/revisions"}],"wp:featuredmedia":[{"embeddable":true,"href":"https:\/\/covers4car.com\/ch\/wp-json\/wp\/v2\/media\/19682"}],"wp:attachment":[{"href":"https:\/\/covers4car.com\/ch\/wp-json\/wp\/v2\/media?parent=12953"}],"wp:term":[{"taxonomy":"product_brand","embeddable":true,"href":"https:\/\/covers4car.com\/ch\/wp-json\/wp\/v2\/product_brand?post=12953"},{"taxonomy":"product_cat","embeddable":true,"href":"https:\/\/covers4car.com\/ch\/wp-json\/wp\/v2\/product_cat?post=12953"},{"taxonomy":"product_tag","embeddable":true,"href":"https:\/\/covers4car.com\/ch\/wp-json\/wp\/v2\/product_tag?post=12953"},{"taxonomy":"jet_color","embeddable":true,"href":"https:\/\/covers4car.com\/ch\/wp-json\/wp\/v2\/jet_color?post=12953"},{"taxonomy":"jet_material","embeddable":true,"href":"https:\/\/covers4car.com\/ch\/wp-json\/wp\/v2\/jet_material?post=12953"},{"taxonomy":"jet_coverage","embeddable":true,"href":"https:\/\/covers4car.com\/ch\/wp-json\/wp\/v2\/jet_coverage?post=12953"}],"curies":[{"name":"wp","href":"https:\/\/api.w.org\/{rel}","templated":true}]}}