{"id":15928,"date":"2025-06-10T02:19:12","date_gmt":"2025-06-10T09:19:12","guid":{"rendered":"https:\/\/covers4car.com\/?post_type=product&#038;p=15928"},"modified":"2025-11-06T23:52:19","modified_gmt":"2025-11-07T07:52:19","slug":"neoprene-seat-cover-for-all-cars-non-slip-waterproof-universal-fit","status":"publish","type":"product","link":"https:\/\/covers4car.com\/ch\/produkt\/neoprene-seat-cover-for-all-cars-non-slip-waterproof-universal-fit\/","title":{"rendered":"Neopren-Sitzbezug f\u00fcr alle Autos \u2013 rutschfest und wasserdicht, universelle Passform"},"content":{"rendered":"<p>Steigern Sie Ihr Fahrerlebnis mit unserem wasserdichten und schmutzabweisenden Neopren-Sitzbezug, der Komfort und Schutz in Ihrem Fahrzeug bietet. Dieser hochwertige Sitzbezug ist universell passend und bietet 100%-Schutz vor Wasser, Schwei\u00df und Flecken. Damit ist er ideal f\u00fcr Stoff- und Ledersitze. Unser hochwertiges Neoprenmaterial ist strapazierf\u00e4hig und sch\u00fctzt Ihre Sitze vor Schwei\u00df, versch\u00fctteten Getr\u00e4nken, Tierhaaren, Hautschuppen und allt\u00e4glichem Schmutz.<\/p>\n<p><strong>Merkmale:<\/strong><\/p>\n<ul>\n<li><strong>Universelle Passform und umfassender Schutz:<\/strong> Das verbesserte Neoprenmaterial bietet eine universelle Passform und 100% wasser- und schwei\u00dffesten Schutz f\u00fcr Stoff- und Ledersitze. Es sch\u00fctzt effektiv vor Schwei\u00df, Versch\u00fcttetem, Tierhaaren und allt\u00e4glichem Schmutz.<\/li>\n<li><strong>Rutschfeste R\u00fcckseite:<\/strong> Die einzigartige Anti-Rutsch-R\u00fcckseite verhindert Verrutschen und Faltenbildung und sorgt f\u00fcr einen sicheren und konturierten Sitz auf Vorder- und R\u00fccksitzen. Integrierte Gurte halten den Bezug w\u00e4hrend der Fahrt fest an seinem Platz.<\/li>\n<li><strong>Bequem und langlebig:<\/strong> Im Gegensatz zu herk\u00f6mmlichen Sitzbez\u00fcgen aus Nylon bleibt unser Neoprenbezug angenehm zu tragen und klebt auch bei warmem Wetter oder nach dem Training nicht an der Haut. Er ist zudem strapazierf\u00e4higer als herk\u00f6mmliche Handtuchbez\u00fcge.<\/li>\n<li><strong>Einfache Installation:<\/strong> Dieser Sitzbezug ist f\u00fcr eine einfache Anbringung und Entfernung konzipiert und bietet mit minimalem Aufwand wirksamen Schutz, sodass Ihre Sitze sauber und frisch bleiben.<\/li>\n<li><strong>Perfekte Passform:<\/strong> Ma\u00dfgeschneidert f\u00fcr eine gro\u00dfe Auswahl an Fahrzeugen, bietet pr\u00e4zise Passform und maximale Abdeckung f\u00fcr den Innenraum Ihres Autos.<\/li>\n<\/ul>\n<p><strong>Notiz:<\/strong> Verwenden Sie es nicht, w\u00e4hrend die Sitze beheizt sind.<\/p>","protected":false},"excerpt":{"rendered":"<p>Elevate your driving experience with our Neoprene Waterproof &amp; Stain-Resistant Seat Cover, crafted to enhance comfort and protection in your<\/p>","protected":false},"featured_media":15937,"comment_status":"open","ping_status":"closed","template":"","meta":{"_acf_changed":false,"_monsterinsights_skip_tracking":false,"_monsterinsights_sitenote_active":false,"_monsterinsights_sitenote_note":"","_monsterinsights_sitenote_category":0},"product_brand":[],"product_cat":[124,81],"product_tag":[54969,82],"jet_color":[],"jet_material":[],"jet_coverage":[],"class_list":{"0":"post-15928","1":"product","2":"type-product","3":"status-publish","4":"has-post-thumbnail","6":"product_cat-seat-cover","7":"product_cat-functional-seat-cover","8":"product_tag-fit-universal-fit","9":"product_tag-functional-seat-cover","11":"first","12":"instock","13":"shipping-taxable","14":"purchasable","15":"product-type-variable","16":"has-default-attributes","17":"wvs-archive-product-wrapper"},"acf":[],"yoast_head":"<!-- This site is optimized with the Yoast SEO Premium plugin v26.4 (Yoast SEO v26.4) - https:\/\/yoast.com\/wordpress\/plugins\/seo\/ -->\n<title>Neoprene Seat Cover for All Cars-Non-Slip &amp; Waterproof Universal Fit - Covers4Car<\/title>\n<meta name=\"description\" content=\"Neoprene Seat Cover for All Cars-Non-Slip &amp; Waterproof Universal Fit Elevate your driving experience with our Neoprene Waterproof &amp; Stain-Resistant Seat Cover, crafted to enhance comfort and protection in your vehicle.\" \/>\n<meta name=\"robots\" content=\"index, follow, max-snippet:-1, max-image-preview:large, max-video-preview:-1\" \/>\n<link rel=\"canonical\" href=\"https:\/\/covers4car.com\/ch\/produkt\/neoprene-seat-cover-for-all-cars-non-slip-waterproof-universal-fit\/\" \/>\n<meta property=\"og:locale\" content=\"de_DE\" \/>\n<meta property=\"og:type\" content=\"article\" \/>\n<meta property=\"og:title\" content=\"Neoprene Seat Cover for All Cars-Non-Slip &amp; Waterproof Universal Fit\" \/>\n<meta property=\"og:description\" content=\"Neoprene Seat Cover for All Cars-Non-Slip &amp; Waterproof Universal Fit Elevate your driving experience with our Neoprene Waterproof &amp; Stain-Resistant Seat Cover, crafted to enhance comfort and protection in your vehicle.\" \/>\n<meta property=\"og:url\" content=\"https:\/\/covers4car.com\/ch\/produkt\/neoprene-seat-cover-for-all-cars-non-slip-waterproof-universal-fit\/\" \/>\n<meta property=\"og:site_name\" content=\"Covers4Car\" \/>\n<meta property=\"article:publisher\" content=\"https:\/\/www.facebook.com\/profile.php?id=61564533557142\" \/>\n<meta property=\"article:modified_time\" content=\"2025-11-07T07:52:19+00:00\" \/>\n<meta property=\"og:image\" content=\"https:\/\/covers4car.com\/wp-content\/uploads\/2025\/05\/img1-8.webp\" \/>\n\t<meta property=\"og:image:width\" content=\"1000\" \/>\n\t<meta property=\"og:image:height\" content=\"1000\" \/>\n\t<meta property=\"og:image:type\" content=\"image\/webp\" \/>\n<meta name=\"twitter:card\" content=\"summary_large_image\" \/>\n<meta name=\"twitter:site\" content=\"@covers4carstore\" \/>\n<meta name=\"twitter:label1\" content=\"Gesch\u00e4tzte Lesezeit\" \/>\n\t<meta name=\"twitter:data1\" content=\"2 Minuten\" \/>\n<script type=\"application\/ld+json\" class=\"yoast-schema-graph\">{\"@context\":\"https:\/\/schema.org\",\"@graph\":[{\"@type\":\"WebPage\",\"@id\":\"https:\/\/covers4car.com\/product\/neoprene-seat-cover-for-all-cars-non-slip-waterproof-universal-fit\/\",\"url\":\"https:\/\/covers4car.com\/product\/neoprene-seat-cover-for-all-cars-non-slip-waterproof-universal-fit\/\",\"name\":\"Neoprene Seat Cover for All Cars-Non-Slip & Waterproof Universal Fit - Covers4Car\",\"isPartOf\":{\"@id\":\"https:\/\/covers4car.com\/#website\"},\"primaryImageOfPage\":{\"@id\":\"https:\/\/covers4car.com\/product\/neoprene-seat-cover-for-all-cars-non-slip-waterproof-universal-fit\/#primaryimage\"},\"image\":{\"@id\":\"https:\/\/covers4car.com\/product\/neoprene-seat-cover-for-all-cars-non-slip-waterproof-universal-fit\/#primaryimage\"},\"thumbnailUrl\":\"https:\/\/covers4car.com\/wp-content\/uploads\/2025\/05\/img1-8.webp\",\"datePublished\":\"2025-06-10T09:19:12+00:00\",\"dateModified\":\"2025-11-07T07:52:19+00:00\",\"description\":\"Neoprene Seat Cover for All Cars-Non-Slip & Waterproof Universal Fit Elevate your driving experience with our Neoprene Waterproof &amp; Stain-Resistant Seat Cover, crafted to enhance comfort and protection in your vehicle.\",\"breadcrumb\":{\"@id\":\"https:\/\/covers4car.com\/product\/neoprene-seat-cover-for-all-cars-non-slip-waterproof-universal-fit\/#breadcrumb\"},\"inLanguage\":\"de-CH\",\"potentialAction\":[{\"@type\":\"ReadAction\",\"target\":[\"https:\/\/covers4car.com\/product\/neoprene-seat-cover-for-all-cars-non-slip-waterproof-universal-fit\/\"]}]},{\"@type\":\"ImageObject\",\"inLanguage\":\"de-CH\",\"@id\":\"https:\/\/covers4car.com\/product\/neoprene-seat-cover-for-all-cars-non-slip-waterproof-universal-fit\/#primaryimage\",\"url\":\"https:\/\/covers4car.com\/wp-content\/uploads\/2025\/05\/img1-8.webp\",\"contentUrl\":\"https:\/\/covers4car.com\/wp-content\/uploads\/2025\/05\/img1-8.webp\",\"width\":1000,\"height\":1000},{\"@type\":\"BreadcrumbList\",\"@id\":\"https:\/\/covers4car.com\/product\/neoprene-seat-cover-for-all-cars-non-slip-waterproof-universal-fit\/#breadcrumb\",\"itemListElement\":[{\"@type\":\"ListItem\",\"position\":1,\"name\":\"Home\",\"item\":\"https:\/\/covers4car.com\/\"},{\"@type\":\"ListItem\",\"position\":2,\"name\":\"Shop\",\"item\":\"https:\/\/covers4car.com\/shop\/\"},{\"@type\":\"ListItem\",\"position\":3,\"name\":\"Neoprene Seat Cover for All Cars-Non-Slip &#038; Waterproof Universal Fit\"}]},{\"@type\":\"WebSite\",\"@id\":\"https:\/\/covers4car.com\/#website\",\"url\":\"https:\/\/covers4car.com\/\",\"name\":\"Covers4Car\",\"description\":\"Professional Seat Covers Tailored for Your Vehicle\",\"publisher\":{\"@id\":\"https:\/\/covers4car.com\/#organization\"},\"potentialAction\":[{\"@type\":\"SearchAction\",\"target\":{\"@type\":\"EntryPoint\",\"urlTemplate\":\"https:\/\/covers4car.com\/?s={search_term_string}\"},\"query-input\":{\"@type\":\"PropertyValueSpecification\",\"valueRequired\":true,\"valueName\":\"search_term_string\"}}],\"inLanguage\":\"de-CH\"},{\"@type\":\"Organization\",\"@id\":\"https:\/\/covers4car.com\/#organization\",\"name\":\"Covers4Car\",\"url\":\"https:\/\/covers4car.com\/\",\"logo\":{\"@type\":\"ImageObject\",\"inLanguage\":\"de-CH\",\"@id\":\"https:\/\/covers4car.com\/#\/schema\/logo\/image\/\",\"url\":\"https:\/\/covers4car.com\/wp-content\/uploads\/2024\/11\/Asset-2@5x-copy.jpg\",\"contentUrl\":\"https:\/\/covers4car.com\/wp-content\/uploads\/2024\/11\/Asset-2@5x-copy.jpg\",\"width\":877,\"height\":877,\"caption\":\"Covers4Car\"},\"image\":{\"@id\":\"https:\/\/covers4car.com\/#\/schema\/logo\/image\/\"},\"sameAs\":[\"https:\/\/www.facebook.com\/profile.php?id=61564533557142\",\"https:\/\/x.com\/covers4carstore\"]}]}<\/script>\n<!-- \/ Yoast SEO Premium plugin. -->","yoast_head_json":{"title":"Neoprene Seat Cover for All Cars-Non-Slip & Waterproof Universal Fit - Covers4Car","description":"Neoprene Seat Cover for All Cars-Non-Slip & Waterproof Universal Fit Elevate your driving experience with our Neoprene Waterproof &amp; Stain-Resistant Seat Cover, crafted to enhance comfort and protection in your vehicle.","robots":{"index":"index","follow":"follow","max-snippet":"max-snippet:-1","max-image-preview":"max-image-preview:large","max-video-preview":"max-video-preview:-1"},"canonical":"https:\/\/covers4car.com\/ch\/produkt\/neoprene-seat-cover-for-all-cars-non-slip-waterproof-universal-fit\/","og_locale":"de_DE","og_type":"article","og_title":"Neoprene Seat Cover for All Cars-Non-Slip & Waterproof Universal Fit","og_description":"Neoprene Seat Cover for All Cars-Non-Slip & Waterproof Universal Fit Elevate your driving experience with our Neoprene Waterproof &amp; Stain-Resistant Seat Cover, crafted to enhance comfort and protection in your vehicle.","og_url":"https:\/\/covers4car.com\/ch\/produkt\/neoprene-seat-cover-for-all-cars-non-slip-waterproof-universal-fit\/","og_site_name":"Covers4Car","article_publisher":"https:\/\/www.facebook.com\/profile.php?id=61564533557142","article_modified_time":"2025-11-07T07:52:19+00:00","og_image":[{"width":1000,"height":1000,"url":"https:\/\/covers4car.com\/wp-content\/uploads\/2025\/05\/img1-8.webp","type":"image\/webp"}],"twitter_card":"summary_large_image","twitter_site":"@covers4carstore","twitter_misc":{"Gesch\u00e4tzte Lesezeit":"2 Minuten"},"schema":{"@context":"https:\/\/schema.org","@graph":[{"@type":"WebPage","@id":"https:\/\/covers4car.com\/product\/neoprene-seat-cover-for-all-cars-non-slip-waterproof-universal-fit\/","url":"https:\/\/covers4car.com\/product\/neoprene-seat-cover-for-all-cars-non-slip-waterproof-universal-fit\/","name":"Neoprene Seat Cover for All Cars-Non-Slip & Waterproof Universal Fit - Covers4Car","isPartOf":{"@id":"https:\/\/covers4car.com\/#website"},"primaryImageOfPage":{"@id":"https:\/\/covers4car.com\/product\/neoprene-seat-cover-for-all-cars-non-slip-waterproof-universal-fit\/#primaryimage"},"image":{"@id":"https:\/\/covers4car.com\/product\/neoprene-seat-cover-for-all-cars-non-slip-waterproof-universal-fit\/#primaryimage"},"thumbnailUrl":"https:\/\/covers4car.com\/wp-content\/uploads\/2025\/05\/img1-8.webp","datePublished":"2025-06-10T09:19:12+00:00","dateModified":"2025-11-07T07:52:19+00:00","description":"Neoprene Seat Cover for All Cars-Non-Slip & Waterproof Universal Fit Elevate your driving experience with our Neoprene Waterproof &amp; Stain-Resistant Seat Cover, crafted to enhance comfort and protection in your vehicle.","breadcrumb":{"@id":"https:\/\/covers4car.com\/product\/neoprene-seat-cover-for-all-cars-non-slip-waterproof-universal-fit\/#breadcrumb"},"inLanguage":"de-CH","potentialAction":[{"@type":"ReadAction","target":["https:\/\/covers4car.com\/product\/neoprene-seat-cover-for-all-cars-non-slip-waterproof-universal-fit\/"]}]},{"@type":"ImageObject","inLanguage":"de-CH","@id":"https:\/\/covers4car.com\/product\/neoprene-seat-cover-for-all-cars-non-slip-waterproof-universal-fit\/#primaryimage","url":"https:\/\/covers4car.com\/wp-content\/uploads\/2025\/05\/img1-8.webp","contentUrl":"https:\/\/covers4car.com\/wp-content\/uploads\/2025\/05\/img1-8.webp","width":1000,"height":1000},{"@type":"BreadcrumbList","@id":"https:\/\/covers4car.com\/product\/neoprene-seat-cover-for-all-cars-non-slip-waterproof-universal-fit\/#breadcrumb","itemListElement":[{"@type":"ListItem","position":1,"name":"Home","item":"https:\/\/covers4car.com\/"},{"@type":"ListItem","position":2,"name":"Shop","item":"https:\/\/covers4car.com\/shop\/"},{"@type":"ListItem","position":3,"name":"Neoprene Seat Cover for All Cars-Non-Slip &#038; Waterproof Universal Fit"}]},{"@type":"WebSite","@id":"https:\/\/covers4car.com\/#website","url":"https:\/\/covers4car.com\/","name":"Covers4Car","description":"Professionelle Sitzbez\u00fcge, ma\u00dfgeschneidert f\u00fcr Ihr Fahrzeug","publisher":{"@id":"https:\/\/covers4car.com\/#organization"},"potentialAction":[{"@type":"SearchAction","target":{"@type":"EntryPoint","urlTemplate":"https:\/\/covers4car.com\/?s={search_term_string}"},"query-input":{"@type":"PropertyValueSpecification","valueRequired":true,"valueName":"search_term_string"}}],"inLanguage":"de-CH"},{"@type":"Organization","@id":"https:\/\/covers4car.com\/#organization","name":"Covers4Car","url":"https:\/\/covers4car.com\/","logo":{"@type":"ImageObject","inLanguage":"de-CH","@id":"https:\/\/covers4car.com\/#\/schema\/logo\/image\/","url":"https:\/\/covers4car.com\/wp-content\/uploads\/2024\/11\/Asset-2@5x-copy.jpg","contentUrl":"https:\/\/covers4car.com\/wp-content\/uploads\/2024\/11\/Asset-2@5x-copy.jpg","width":877,"height":877,"caption":"Covers4Car"},"image":{"@id":"https:\/\/covers4car.com\/#\/schema\/logo\/image\/"},"sameAs":["https:\/\/www.facebook.com\/profile.php?id=61564533557142","https:\/\/x.com\/covers4carstore"]}]}},"_links":{"self":[{"href":"https:\/\/covers4car.com\/ch\/wp-json\/wp\/v2\/product\/15928","targetHints":{"allow":["GET"]}}],"collection":[{"href":"https:\/\/covers4car.com\/ch\/wp-json\/wp\/v2\/product"}],"about":[{"href":"https:\/\/covers4car.com\/ch\/wp-json\/wp\/v2\/types\/product"}],"replies":[{"embeddable":true,"href":"https:\/\/covers4car.com\/ch\/wp-json\/wp\/v2\/comments?post=15928"}],"version-history":[{"count":0,"href":"https:\/\/covers4car.com\/ch\/wp-json\/wp\/v2\/product\/15928\/revisions"}],"wp:featuredmedia":[{"embeddable":true,"href":"https:\/\/covers4car.com\/ch\/wp-json\/wp\/v2\/media\/15937"}],"wp:attachment":[{"href":"https:\/\/covers4car.com\/ch\/wp-json\/wp\/v2\/media?parent=15928"}],"wp:term":[{"taxonomy":"product_brand","embeddable":true,"href":"https:\/\/covers4car.com\/ch\/wp-json\/wp\/v2\/product_brand?post=15928"},{"taxonomy":"product_cat","embeddable":true,"href":"https:\/\/covers4car.com\/ch\/wp-json\/wp\/v2\/product_cat?post=15928"},{"taxonomy":"product_tag","embeddable":true,"href":"https:\/\/covers4car.com\/ch\/wp-json\/wp\/v2\/product_tag?post=15928"},{"taxonomy":"jet_color","embeddable":true,"href":"https:\/\/covers4car.com\/ch\/wp-json\/wp\/v2\/jet_color?post=15928"},{"taxonomy":"jet_material","embeddable":true,"href":"https:\/\/covers4car.com\/ch\/wp-json\/wp\/v2\/jet_material?post=15928"},{"taxonomy":"jet_coverage","embeddable":true,"href":"https:\/\/covers4car.com\/ch\/wp-json\/wp\/v2\/jet_coverage?post=15928"}],"curies":[{"name":"wp","href":"https:\/\/api.w.org\/{rel}","templated":true}]}}