{"id":24101,"date":"2025-10-13T21:33:45","date_gmt":"2025-10-14T04:33:45","guid":{"rendered":"https:\/\/covers4car.com\/?post_type=product&#038;p=24101"},"modified":"2026-03-02T00:56:46","modified_gmt":"2026-03-02T08:56:46","slug":"5-99-price-difference","status":"publish","type":"product","link":"https:\/\/covers4car.com\/ch\/produkt\/5-99-price-difference\/","title":{"rendered":"$5.99 Preisunterschied"},"content":{"rendered":"","protected":false},"excerpt":{"rendered":"<p><a href=\"https:\/\/covers4car.com\/wp-content\/uploads\/2024\/12\/??\u04b5\u03a2?\u017d?\u037c_20241220181146.png\"><img decoding=\"async\" class=\"wd-lazy-fade alignnone size-full wp-image-10799\" src=\"https:\/\/covers4car.com\/wp-content\/themes\/woodmart\/images\/lazy.svg\" data-src=\"https:\/\/covers4car.com\/wp-content\/uploads\/2024\/12\/??\u04b5\u03a2?\u017d?\u037c_20241220181146.png\" alt=\"\" width=\"231\" height=\"56\" \/><\/a><\/p>","protected":false},"featured_media":10801,"comment_status":"open","ping_status":"closed","template":"","meta":{"_acf_changed":false,"_monsterinsights_skip_tracking":false,"_monsterinsights_sitenote_active":false,"_monsterinsights_sitenote_note":"","_monsterinsights_sitenote_category":0},"product_brand":[],"product_cat":[72],"product_tag":[],"jet_color":[],"jet_material":[],"jet_coverage":[],"class_list":{"0":"post-24101","1":"product","2":"type-product","3":"status-publish","4":"has-post-thumbnail","6":"product_cat-accessories","8":"first","9":"instock","10":"shipping-taxable","11":"purchasable","12":"product-type-simple"},"acf":[],"yoast_head":"<!-- This site is optimized with the Yoast SEO Premium plugin v26.4 (Yoast SEO v26.4) - https:\/\/yoast.com\/wordpress\/plugins\/seo\/ -->\n<title>$5.99 Price Difference - Covers4Car<\/title>\n<meta name=\"description\" content=\"$5.99 Price Difference\" \/>\n<meta name=\"robots\" content=\"index, follow, max-snippet:-1, max-image-preview:large, max-video-preview:-1\" \/>\n<link rel=\"canonical\" href=\"https:\/\/covers4car.com\/ch\/produkt\/5-99-price-difference\/\" \/>\n<meta property=\"og:locale\" content=\"de_DE\" \/>\n<meta property=\"og:type\" content=\"article\" \/>\n<meta property=\"og:title\" content=\"$5.99 Price Difference\" \/>\n<meta property=\"og:description\" content=\"$5.99 Price Difference\" \/>\n<meta property=\"og:url\" content=\"https:\/\/covers4car.com\/ch\/produkt\/5-99-price-difference\/\" \/>\n<meta property=\"og:site_name\" content=\"Covers4Car\" \/>\n<meta property=\"article:publisher\" content=\"https:\/\/www.facebook.com\/profile.php?id=61564533557142\" \/>\n<meta property=\"article:modified_time\" content=\"2026-03-02T08:56:46+00:00\" \/>\n<meta property=\"og:image\" content=\"https:\/\/covers4car.com\/wp-content\/uploads\/2024\/12\/Asset-2@5x-copy.jpg\" \/>\n\t<meta property=\"og:image:width\" content=\"877\" \/>\n\t<meta property=\"og:image:height\" content=\"877\" \/>\n\t<meta property=\"og:image:type\" content=\"image\/jpeg\" \/>\n<meta name=\"twitter:card\" content=\"summary_large_image\" \/>\n<meta name=\"twitter:site\" content=\"@covers4carstore\" \/>\n<meta name=\"twitter:label1\" content=\"Gesch\u00e4tzte Lesezeit\" \/>\n\t<meta name=\"twitter:data1\" content=\"1 Minute\" \/>\n<script type=\"application\/ld+json\" class=\"yoast-schema-graph\">{\"@context\":\"https:\/\/schema.org\",\"@graph\":[{\"@type\":\"WebPage\",\"@id\":\"https:\/\/covers4car.com\/product\/5-99-price-difference\/\",\"url\":\"https:\/\/covers4car.com\/product\/5-99-price-difference\/\",\"name\":\"$5.99 Price Difference - Covers4Car\",\"isPartOf\":{\"@id\":\"https:\/\/covers4car.com\/#website\"},\"primaryImageOfPage\":{\"@id\":\"https:\/\/covers4car.com\/product\/5-99-price-difference\/#primaryimage\"},\"image\":{\"@id\":\"https:\/\/covers4car.com\/product\/5-99-price-difference\/#primaryimage\"},\"thumbnailUrl\":\"https:\/\/covers4car.com\/wp-content\/uploads\/2024\/12\/Asset-2@5x-copy.jpg\",\"datePublished\":\"2025-10-14T04:33:45+00:00\",\"dateModified\":\"2026-03-02T08:56:46+00:00\",\"description\":\"$5.99 Price Difference\",\"breadcrumb\":{\"@id\":\"https:\/\/covers4car.com\/product\/5-99-price-difference\/#breadcrumb\"},\"inLanguage\":\"de-CH\",\"potentialAction\":[{\"@type\":\"ReadAction\",\"target\":[\"https:\/\/covers4car.com\/product\/5-99-price-difference\/\"]}]},{\"@type\":\"ImageObject\",\"inLanguage\":\"de-CH\",\"@id\":\"https:\/\/covers4car.com\/product\/5-99-price-difference\/#primaryimage\",\"url\":\"https:\/\/covers4car.com\/wp-content\/uploads\/2024\/12\/Asset-2@5x-copy.jpg\",\"contentUrl\":\"https:\/\/covers4car.com\/wp-content\/uploads\/2024\/12\/Asset-2@5x-copy.jpg\",\"width\":877,\"height\":877},{\"@type\":\"BreadcrumbList\",\"@id\":\"https:\/\/covers4car.com\/product\/5-99-price-difference\/#breadcrumb\",\"itemListElement\":[{\"@type\":\"ListItem\",\"position\":1,\"name\":\"Home\",\"item\":\"https:\/\/covers4car.com\/\"},{\"@type\":\"ListItem\",\"position\":2,\"name\":\"Shop\",\"item\":\"https:\/\/covers4car.com\/shop\/\"},{\"@type\":\"ListItem\",\"position\":3,\"name\":\"$5.99 Price Difference\"}]},{\"@type\":\"WebSite\",\"@id\":\"https:\/\/covers4car.com\/#website\",\"url\":\"https:\/\/covers4car.com\/\",\"name\":\"Covers4Car\",\"description\":\"Professional Seat Covers Tailored for Your Vehicle\",\"publisher\":{\"@id\":\"https:\/\/covers4car.com\/#organization\"},\"potentialAction\":[{\"@type\":\"SearchAction\",\"target\":{\"@type\":\"EntryPoint\",\"urlTemplate\":\"https:\/\/covers4car.com\/?s={search_term_string}\"},\"query-input\":{\"@type\":\"PropertyValueSpecification\",\"valueRequired\":true,\"valueName\":\"search_term_string\"}}],\"inLanguage\":\"de-CH\"},{\"@type\":\"Organization\",\"@id\":\"https:\/\/covers4car.com\/#organization\",\"name\":\"Covers4Car\",\"url\":\"https:\/\/covers4car.com\/\",\"logo\":{\"@type\":\"ImageObject\",\"inLanguage\":\"de-CH\",\"@id\":\"https:\/\/covers4car.com\/#\/schema\/logo\/image\/\",\"url\":\"https:\/\/covers4car.com\/wp-content\/uploads\/2024\/11\/Asset-2@5x-copy.jpg\",\"contentUrl\":\"https:\/\/covers4car.com\/wp-content\/uploads\/2024\/11\/Asset-2@5x-copy.jpg\",\"width\":877,\"height\":877,\"caption\":\"Covers4Car\"},\"image\":{\"@id\":\"https:\/\/covers4car.com\/#\/schema\/logo\/image\/\"},\"sameAs\":[\"https:\/\/www.facebook.com\/profile.php?id=61564533557142\",\"https:\/\/x.com\/covers4carstore\"]}]}<\/script>\n<!-- \/ Yoast SEO Premium plugin. -->","yoast_head_json":{"title":"$5.99 Price Difference - Covers4Car","description":"$5.99 Preisunterschied","robots":{"index":"index","follow":"follow","max-snippet":"max-snippet:-1","max-image-preview":"max-image-preview:large","max-video-preview":"max-video-preview:-1"},"canonical":"https:\/\/covers4car.com\/ch\/produkt\/5-99-price-difference\/","og_locale":"de_DE","og_type":"article","og_title":"$5.99 Price Difference","og_description":"$5.99 Price Difference","og_url":"https:\/\/covers4car.com\/ch\/produkt\/5-99-price-difference\/","og_site_name":"Covers4Car","article_publisher":"https:\/\/www.facebook.com\/profile.php?id=61564533557142","article_modified_time":"2026-03-02T08:56:46+00:00","og_image":[{"width":877,"height":877,"url":"https:\/\/covers4car.com\/wp-content\/uploads\/2024\/12\/Asset-2@5x-copy.jpg","type":"image\/jpeg"}],"twitter_card":"summary_large_image","twitter_site":"@covers4carstore","twitter_misc":{"Gesch\u00e4tzte Lesezeit":"1 Minute"},"schema":{"@context":"https:\/\/schema.org","@graph":[{"@type":"WebPage","@id":"https:\/\/covers4car.com\/product\/5-99-price-difference\/","url":"https:\/\/covers4car.com\/product\/5-99-price-difference\/","name":"$5.99 Price Difference - Covers4Car","isPartOf":{"@id":"https:\/\/covers4car.com\/#website"},"primaryImageOfPage":{"@id":"https:\/\/covers4car.com\/product\/5-99-price-difference\/#primaryimage"},"image":{"@id":"https:\/\/covers4car.com\/product\/5-99-price-difference\/#primaryimage"},"thumbnailUrl":"https:\/\/covers4car.com\/wp-content\/uploads\/2024\/12\/Asset-2@5x-copy.jpg","datePublished":"2025-10-14T04:33:45+00:00","dateModified":"2026-03-02T08:56:46+00:00","description":"$5.99 Preisunterschied","breadcrumb":{"@id":"https:\/\/covers4car.com\/product\/5-99-price-difference\/#breadcrumb"},"inLanguage":"de-CH","potentialAction":[{"@type":"ReadAction","target":["https:\/\/covers4car.com\/product\/5-99-price-difference\/"]}]},{"@type":"ImageObject","inLanguage":"de-CH","@id":"https:\/\/covers4car.com\/product\/5-99-price-difference\/#primaryimage","url":"https:\/\/covers4car.com\/wp-content\/uploads\/2024\/12\/Asset-2@5x-copy.jpg","contentUrl":"https:\/\/covers4car.com\/wp-content\/uploads\/2024\/12\/Asset-2@5x-copy.jpg","width":877,"height":877},{"@type":"BreadcrumbList","@id":"https:\/\/covers4car.com\/product\/5-99-price-difference\/#breadcrumb","itemListElement":[{"@type":"ListItem","position":1,"name":"Home","item":"https:\/\/covers4car.com\/"},{"@type":"ListItem","position":2,"name":"Shop","item":"https:\/\/covers4car.com\/shop\/"},{"@type":"ListItem","position":3,"name":"$5.99 Price Difference"}]},{"@type":"WebSite","@id":"https:\/\/covers4car.com\/#website","url":"https:\/\/covers4car.com\/","name":"Covers4Car","description":"Professionelle Sitzbez\u00fcge, ma\u00dfgeschneidert f\u00fcr Ihr Fahrzeug","publisher":{"@id":"https:\/\/covers4car.com\/#organization"},"potentialAction":[{"@type":"SearchAction","target":{"@type":"EntryPoint","urlTemplate":"https:\/\/covers4car.com\/?s={search_term_string}"},"query-input":{"@type":"PropertyValueSpecification","valueRequired":true,"valueName":"search_term_string"}}],"inLanguage":"de-CH"},{"@type":"Organization","@id":"https:\/\/covers4car.com\/#organization","name":"Covers4Car","url":"https:\/\/covers4car.com\/","logo":{"@type":"ImageObject","inLanguage":"de-CH","@id":"https:\/\/covers4car.com\/#\/schema\/logo\/image\/","url":"https:\/\/covers4car.com\/wp-content\/uploads\/2024\/11\/Asset-2@5x-copy.jpg","contentUrl":"https:\/\/covers4car.com\/wp-content\/uploads\/2024\/11\/Asset-2@5x-copy.jpg","width":877,"height":877,"caption":"Covers4Car"},"image":{"@id":"https:\/\/covers4car.com\/#\/schema\/logo\/image\/"},"sameAs":["https:\/\/www.facebook.com\/profile.php?id=61564533557142","https:\/\/x.com\/covers4carstore"]}]}},"_links":{"self":[{"href":"https:\/\/covers4car.com\/ch\/wp-json\/wp\/v2\/product\/24101","targetHints":{"allow":["GET"]}}],"collection":[{"href":"https:\/\/covers4car.com\/ch\/wp-json\/wp\/v2\/product"}],"about":[{"href":"https:\/\/covers4car.com\/ch\/wp-json\/wp\/v2\/types\/product"}],"replies":[{"embeddable":true,"href":"https:\/\/covers4car.com\/ch\/wp-json\/wp\/v2\/comments?post=24101"}],"version-history":[{"count":0,"href":"https:\/\/covers4car.com\/ch\/wp-json\/wp\/v2\/product\/24101\/revisions"}],"wp:featuredmedia":[{"embeddable":true,"href":"https:\/\/covers4car.com\/ch\/wp-json\/wp\/v2\/media\/10801"}],"wp:attachment":[{"href":"https:\/\/covers4car.com\/ch\/wp-json\/wp\/v2\/media?parent=24101"}],"wp:term":[{"taxonomy":"product_brand","embeddable":true,"href":"https:\/\/covers4car.com\/ch\/wp-json\/wp\/v2\/product_brand?post=24101"},{"taxonomy":"product_cat","embeddable":true,"href":"https:\/\/covers4car.com\/ch\/wp-json\/wp\/v2\/product_cat?post=24101"},{"taxonomy":"product_tag","embeddable":true,"href":"https:\/\/covers4car.com\/ch\/wp-json\/wp\/v2\/product_tag?post=24101"},{"taxonomy":"jet_color","embeddable":true,"href":"https:\/\/covers4car.com\/ch\/wp-json\/wp\/v2\/jet_color?post=24101"},{"taxonomy":"jet_material","embeddable":true,"href":"https:\/\/covers4car.com\/ch\/wp-json\/wp\/v2\/jet_material?post=24101"},{"taxonomy":"jet_coverage","embeddable":true,"href":"https:\/\/covers4car.com\/ch\/wp-json\/wp\/v2\/jet_coverage?post=24101"}],"curies":[{"name":"wp","href":"https:\/\/api.w.org\/{rel}","templated":true}]}}