{"id":20051,"date":"2025-08-06T10:45:19","date_gmt":"2025-08-06T17:45:19","guid":{"rendered":"https:\/\/covers4car.com\/?page_id=20051"},"modified":"2025-08-06T11:03:45","modified_gmt":"2025-08-06T18:03:45","slug":"payment-policy","status":"publish","type":"page","link":"https:\/\/covers4car.com\/da\/payment-policy\/","title":{"rendered":"Betalingspolitik"},"content":{"rendered":"<p><strong>Covers4Car <\/strong>Webstedet har et SSL-certifikat, som vises i din browser med en h\u00e6ngel\u00e5s i headeren, ofte ved siden af URL-adressen. Dette krypterer de data, du m\u00e5tte give os, s\u00e5som betalingsoplysninger. Betalinger er certificeret i henhold til niveau 1 PCI DSS. Payment Card Industry Data Security Standard (PCI DSS) er en sikkerhedsstandard for organisationer, der h\u00e5ndterer kredit- og betalingskortoplysninger.<\/p>\n\n\n\n<p><strong>Betalinger opfylder alle 6 PCI-standardkategorier:<\/strong><\/p>\n\n\n\n<p>1. Oprethold et sikkert netv\u00e6rk<br>2. Beskyt kortholderdata<br>3. Vedligehold et program til h\u00e5ndtering af s\u00e5rbarheder<br>4. Implementer st\u00e6rke adgangskontrolforanstaltninger<br>5. Overv\u00e5g og test netv\u00e6rk regelm\u00e6ssigt<br>6. Oprethold en informationssikkerhedspolitik<\/p>\n\n\n\n<p>P\u00e5 <a href=\"https:\/\/covers4car.com\/da\/\">https:\/\/covers4car.com\/<\/a> I butikken accepterer vi alle st\u00f8rre kreditkort\/debetkort og betalinger foretaget via Visa, MasterCard, American Express, Discover, Dinners Club, JCB, Union Pay og elo.<\/p>\n\n\n\n<p>Betaling skal ske fuldt ud inden afsendelse.<\/p>\n\n\n\n<p><strong>Privatlivspolitik<\/strong><\/p>\n\n\n\n<p><strong>Covers4Car <\/strong>afsl\u00f8rer ikke, hvorn\u00e5r nogen giver deres personlige oplysninger. Vi hverken udlejer, s\u00e6lger eller deler dine personlige oplysninger med nogen. Vores privatlivspolitik beskriver, hvordan dine personlige oplysninger indsamles, og dermed hvordan dine personlige oplysninger overhovedet kan blive brugt.<\/p>\n\n\n\n<p>L\u00e6s venligst mere om vores&nbsp;<a href=\"https:\/\/covers4car.com\/da\/privacy-policy\/\">Privatlivspolitik<\/a>.<\/p>\n\n\n\n<h3 class=\"wp-block-heading\" id=\"h-contact-us\"><strong>Kontakt os<\/strong><\/h3>\n\n\n\n<p>Hvis du har yderligere sp\u00f8rgsm\u00e5l, bedes du kontakte vores kundeservice p\u00e5:<\/p>\n\n\n\n<p>E-mail: <a href=\"mailto:support@covers4car.com\">support@covers4car.com<\/a><br>Tlf.: +1(619)534-4662<\/p>\n\n\n\n<p>Kontortid: man-l\u00f8r 10.00-20.00 (PST)<\/p>","protected":false},"excerpt":{"rendered":"<p>Covers4Car-webstedet har et SSL-certifikat, som vises i din browser med en h\u00e6ngel\u00e5s i headeren, ofte ved siden af<\/p>","protected":false},"author":1583,"featured_media":0,"parent":0,"menu_order":0,"comment_status":"closed","ping_status":"closed","template":"","meta":{"_acf_changed":false,"_monsterinsights_skip_tracking":false,"_monsterinsights_sitenote_active":false,"_monsterinsights_sitenote_note":"","_monsterinsights_sitenote_category":0,"footnotes":""},"class_list":["post-20051","page","type-page","status-publish","hentry"],"acf":[],"yoast_head":"<!-- This site is optimized with the Yoast SEO Premium plugin v26.4 (Yoast SEO v26.4) - https:\/\/yoast.com\/wordpress\/plugins\/seo\/ -->\n<title>Payment Policy - Covers4Car<\/title>\n<meta name=\"description\" content=\"Payment Policy Covers4Car site has an SSL certificate, which is shown on your browser by a padlock in the header, often next to the URL address. This encrypts the data\" \/>\n<meta name=\"robots\" content=\"index, follow, max-snippet:-1, max-image-preview:large, max-video-preview:-1\" \/>\n<link rel=\"canonical\" href=\"https:\/\/covers4car.com\/da\/payment-policy\/\" \/>\n<meta property=\"og:locale\" content=\"da_DK\" \/>\n<meta property=\"og:type\" content=\"article\" \/>\n<meta property=\"og:title\" content=\"Payment Policy\" \/>\n<meta property=\"og:description\" content=\"Payment Policy Covers4Car site has an SSL certificate, which is shown on your browser by a padlock in the header, often next to the URL address. This encrypts the data\" \/>\n<meta property=\"og:url\" content=\"https:\/\/covers4car.com\/da\/payment-policy\/\" \/>\n<meta property=\"og:site_name\" content=\"Covers4Car\" \/>\n<meta property=\"article:publisher\" content=\"https:\/\/www.facebook.com\/profile.php?id=61564533557142\" \/>\n<meta property=\"article:modified_time\" content=\"2025-08-06T18:03:45+00:00\" \/>\n<meta name=\"twitter:card\" content=\"summary_large_image\" \/>\n<meta name=\"twitter:site\" content=\"@covers4carstore\" \/>\n<meta name=\"twitter:label1\" content=\"Estimeret l\u00e6setid\" \/>\n\t<meta name=\"twitter:data1\" content=\"1 minut\" \/>\n<script type=\"application\/ld+json\" class=\"yoast-schema-graph\">{\"@context\":\"https:\/\/schema.org\",\"@graph\":[{\"@type\":\"WebPage\",\"@id\":\"https:\/\/covers4car.com\/payment-policy\/\",\"url\":\"https:\/\/covers4car.com\/payment-policy\/\",\"name\":\"Payment Policy - Covers4Car\",\"isPartOf\":{\"@id\":\"https:\/\/covers4car.com\/#website\"},\"datePublished\":\"2025-08-06T17:45:19+00:00\",\"dateModified\":\"2025-08-06T18:03:45+00:00\",\"description\":\"Payment Policy Covers4Car site has an SSL certificate, which is shown on your browser by a padlock in the header, often next to the URL address. This encrypts the data\",\"breadcrumb\":{\"@id\":\"https:\/\/covers4car.com\/payment-policy\/#breadcrumb\"},\"inLanguage\":\"da-DK\",\"potentialAction\":[{\"@type\":\"ReadAction\",\"target\":[\"https:\/\/covers4car.com\/payment-policy\/\"]}]},{\"@type\":\"BreadcrumbList\",\"@id\":\"https:\/\/covers4car.com\/payment-policy\/#breadcrumb\",\"itemListElement\":[{\"@type\":\"ListItem\",\"position\":1,\"name\":\"Home\",\"item\":\"https:\/\/covers4car.com\/\"},{\"@type\":\"ListItem\",\"position\":2,\"name\":\"Payment Policy\"}]},{\"@type\":\"WebSite\",\"@id\":\"https:\/\/covers4car.com\/#website\",\"url\":\"https:\/\/covers4car.com\/\",\"name\":\"Covers4Car\",\"description\":\"Professional Seat Covers Tailored for Your Vehicle\",\"publisher\":{\"@id\":\"https:\/\/covers4car.com\/#organization\"},\"potentialAction\":[{\"@type\":\"SearchAction\",\"target\":{\"@type\":\"EntryPoint\",\"urlTemplate\":\"https:\/\/covers4car.com\/?s={search_term_string}\"},\"query-input\":{\"@type\":\"PropertyValueSpecification\",\"valueRequired\":true,\"valueName\":\"search_term_string\"}}],\"inLanguage\":\"da-DK\"},{\"@type\":\"Organization\",\"@id\":\"https:\/\/covers4car.com\/#organization\",\"name\":\"Covers4Car\",\"url\":\"https:\/\/covers4car.com\/\",\"logo\":{\"@type\":\"ImageObject\",\"inLanguage\":\"da-DK\",\"@id\":\"https:\/\/covers4car.com\/#\/schema\/logo\/image\/\",\"url\":\"https:\/\/covers4car.com\/wp-content\/uploads\/2024\/11\/Asset-2@5x-copy.jpg\",\"contentUrl\":\"https:\/\/covers4car.com\/wp-content\/uploads\/2024\/11\/Asset-2@5x-copy.jpg\",\"width\":877,\"height\":877,\"caption\":\"Covers4Car\"},\"image\":{\"@id\":\"https:\/\/covers4car.com\/#\/schema\/logo\/image\/\"},\"sameAs\":[\"https:\/\/www.facebook.com\/profile.php?id=61564533557142\",\"https:\/\/x.com\/covers4carstore\"]}]}<\/script>\n<!-- \/ Yoast SEO Premium plugin. -->","yoast_head_json":{"title":"Betalingspolitik - Covers4Car","description":"Betalingspolitik Covers4Car-webstedet har et SSL-certifikat, som vises i din browser med en h\u00e6ngel\u00e5s i headeren, ofte ved siden af URL-adressen. Dette krypterer dataene.","robots":{"index":"index","follow":"follow","max-snippet":"max-snippet:-1","max-image-preview":"max-image-preview:large","max-video-preview":"max-video-preview:-1"},"canonical":"https:\/\/covers4car.com\/da\/payment-policy\/","og_locale":"da_DK","og_type":"article","og_title":"Payment Policy","og_description":"Payment Policy Covers4Car site has an SSL certificate, which is shown on your browser by a padlock in the header, often next to the URL address. This encrypts the data","og_url":"https:\/\/covers4car.com\/da\/payment-policy\/","og_site_name":"Covers4Car","article_publisher":"https:\/\/www.facebook.com\/profile.php?id=61564533557142","article_modified_time":"2025-08-06T18:03:45+00:00","twitter_card":"summary_large_image","twitter_site":"@covers4carstore","twitter_misc":{"Estimeret l\u00e6setid":"1 minut"},"schema":{"@context":"https:\/\/schema.org","@graph":[{"@type":"WebPage","@id":"https:\/\/covers4car.com\/payment-policy\/","url":"https:\/\/covers4car.com\/payment-policy\/","name":"Betalingspolitik - Covers4Car","isPartOf":{"@id":"https:\/\/covers4car.com\/#website"},"datePublished":"2025-08-06T17:45:19+00:00","dateModified":"2025-08-06T18:03:45+00:00","description":"Betalingspolitik Covers4Car-webstedet har et SSL-certifikat, som vises i din browser med en h\u00e6ngel\u00e5s i headeren, ofte ved siden af URL-adressen. Dette krypterer dataene.","breadcrumb":{"@id":"https:\/\/covers4car.com\/payment-policy\/#breadcrumb"},"inLanguage":"da-DK","potentialAction":[{"@type":"ReadAction","target":["https:\/\/covers4car.com\/payment-policy\/"]}]},{"@type":"BreadcrumbList","@id":"https:\/\/covers4car.com\/payment-policy\/#breadcrumb","itemListElement":[{"@type":"ListItem","position":1,"name":"Home","item":"https:\/\/covers4car.com\/"},{"@type":"ListItem","position":2,"name":"Payment Policy"}]},{"@type":"WebSite","@id":"https:\/\/covers4car.com\/#website","url":"https:\/\/covers4car.com\/","name":"Covers4Car","description":"Professionelle s\u00e6debetr\u00e6k skr\u00e6ddersyet til dit k\u00f8ret\u00f8j","publisher":{"@id":"https:\/\/covers4car.com\/#organization"},"potentialAction":[{"@type":"SearchAction","target":{"@type":"EntryPoint","urlTemplate":"https:\/\/covers4car.com\/?s={search_term_string}"},"query-input":{"@type":"PropertyValueSpecification","valueRequired":true,"valueName":"search_term_string"}}],"inLanguage":"da-DK"},{"@type":"Organization","@id":"https:\/\/covers4car.com\/#organization","name":"Covers4Car","url":"https:\/\/covers4car.com\/","logo":{"@type":"ImageObject","inLanguage":"da-DK","@id":"https:\/\/covers4car.com\/#\/schema\/logo\/image\/","url":"https:\/\/covers4car.com\/wp-content\/uploads\/2024\/11\/Asset-2@5x-copy.jpg","contentUrl":"https:\/\/covers4car.com\/wp-content\/uploads\/2024\/11\/Asset-2@5x-copy.jpg","width":877,"height":877,"caption":"Covers4Car"},"image":{"@id":"https:\/\/covers4car.com\/#\/schema\/logo\/image\/"},"sameAs":["https:\/\/www.facebook.com\/profile.php?id=61564533557142","https:\/\/x.com\/covers4carstore"]}]}},"_links":{"self":[{"href":"https:\/\/covers4car.com\/da\/wp-json\/wp\/v2\/pages\/20051","targetHints":{"allow":["GET"]}}],"collection":[{"href":"https:\/\/covers4car.com\/da\/wp-json\/wp\/v2\/pages"}],"about":[{"href":"https:\/\/covers4car.com\/da\/wp-json\/wp\/v2\/types\/page"}],"author":[{"embeddable":true,"href":"https:\/\/covers4car.com\/da\/wp-json\/wp\/v2\/users\/1583"}],"replies":[{"embeddable":true,"href":"https:\/\/covers4car.com\/da\/wp-json\/wp\/v2\/comments?post=20051"}],"version-history":[{"count":0,"href":"https:\/\/covers4car.com\/da\/wp-json\/wp\/v2\/pages\/20051\/revisions"}],"wp:attachment":[{"href":"https:\/\/covers4car.com\/da\/wp-json\/wp\/v2\/media?parent=20051"}],"curies":[{"name":"wp","href":"https:\/\/api.w.org\/{rel}","templated":true}]}}