{"id":9971,"date":"2024-11-01T05:50:02","date_gmt":"2024-11-01T12:50:02","guid":{"rendered":"https:\/\/covers4car.wpenginepowered.com\/?page_id=9971"},"modified":"2026-03-28T04:42:04","modified_gmt":"2026-03-28T11:42:04","slug":"refund-and-returns-policy","status":"publish","type":"page","link":"https:\/\/covers4car.com\/da\/refund-and-returns-policy\/","title":{"rendered":"Refusions- og returpolitik"},"content":{"rendered":"<h3 class=\"wp-block-heading\" id=\"h-refund-and-returns-policy\"><strong>Refusions- og returpolitik <\/strong><strong><\/strong><\/h3>\n\n\n\n<p><strong>Kundetilfredshed er vores h\u00f8jeste prioritet. Hos Covers4Car (et m\u00e6rke ejet og drevet af Gotouchup Inc) st\u00e5r vi inde for kvaliteten af vores produkter og er altid til din tjeneste for at l\u00f8se eventuelle problemer.<\/strong><\/p>\n\n\n\n<h4 class=\"wp-block-heading\"><strong>1. Returvindue<\/strong><strong><\/strong><\/h4>\n\n\n\n<p>Vi tilbyder en <strong>30-dages returret<\/strong>, hvilket betyder, at du har 30 dage efter modtagelse af din vare til at anmode om returnering. Dette giver dig rigelig tid til at sikre, at dine s\u00e6debetr\u00e6k lever op til dine forventninger.<\/p>\n\n\n\n<h4 class=\"wp-block-heading\"><strong>2. Berettigelse til returnering<\/strong><strong><\/strong><\/h4>\n\n\n\n<p>For at v\u00e6re berettiget til returnering skal din vare v\u00e6re:<\/p>\n\n\n\n<p>I samme stand, som du modtog den (ubrugt eller ubrugt).<\/p>\n\n\n\n<p>Med alle originale m\u00e6rker og i original emballage.<\/p>\n\n\n\n<p>Vedlagt kvittering eller k\u00f8bsbevis.<\/p>\n\n\n\n<h4 class=\"wp-block-heading\"><strong>3. Beskadigede eller defekte varer<\/strong><strong><\/strong><\/h4>\n\n\n\n<p>Hvis din vare ankommer beskadiget, defekt eller hvis du modtager den forkerte vare, bedes du kontakte os p\u00e5 <strong>support@covers4car.com<\/strong>&nbsp;inden for <strong>3 dage<\/strong>&nbsp;efter modtagelse. Vi vil s\u00f8rge for en hurtig ombytning eller fuld refusion.<\/p>\n\n\n\n<p><strong>Note:<\/strong>&nbsp;Ved verificerede kvalitetsproblemer eller beskadigede varer, <strong>Covers4Car leverer en forudbetalt returforsendelsesetiket<\/strong>, og kunden vil ikke blive opkr\u00e6vet for returforsendelse.<\/p>\n\n\n\n<h4 class=\"wp-block-heading\"><strong>4. Omkostninger ved returforsendelse<\/strong><strong><\/strong><\/h4>\n\n\n\n<p><strong>Producentens defekt\/forkert vare:<\/strong>&nbsp;Ingen omkostninger for kunden. Vi leverer returetiketten.<\/p>\n\n\n\n<p><strong>Kundens ansvar (f.eks. bestilt forkert farve\/pasform):<\/strong>&nbsp;Ved returnering p\u00e5 grund af kundens pr\u00e6ference er kunden ansvarlig for de faktiske returforsendelsesomkostninger.<\/p>\n\n\n\n<p><strong>Genopfyldningsgebyrer:<\/strong>&nbsp;Vi opkr\u00e6ver ingen gebyrer for genopfyldning af lager ($0).<\/p>\n\n\n\n<h4 class=\"wp-block-heading\"><strong>5. Afbestillingspolitik<\/strong><strong><\/strong><\/h4>\n\n\n\n<p>Ordrer kan annulleres eller \u00e6ndres inden for <strong>24 timer<\/strong>&nbsp;afgivelse. N\u00e5r en ordre er g\u00e5et ind i produktions- eller forsendelsesprocessen, er det ikke l\u00e6ngere muligt at annullere. Kontakt venligst <strong>support@covers4car.com<\/strong>&nbsp;straks for eventuelle \u00e6ndringer.<\/p>\n\n\n\n<h4 class=\"wp-block-heading\"><strong>6. Refusionsproces<\/strong><strong><\/strong><\/h4>\n\n\n\n<p>N\u00e5r vi har modtaget og inspiceret din returnering, refunderer vi din oprindelige betalingsmetode:<\/p>\n\n\n\n<p><strong>Behandlingstid:<\/strong>&nbsp;Det tager generelt <strong>7 hverdage<\/strong>&nbsp;for at vi kan behandle en refusion, n\u00e5r den er modtaget.<\/p>\n\n\n\n<p><strong>Betalingsmetode:<\/strong>&nbsp;Refusioner vil udelukkende blive udstedt til den oprindelige betalingsmetode (PayPal til PayPal, kreditkort til kreditkort).<\/p>\n\n\n\n<p><strong>Bekr\u00e6ftelse:<\/strong>&nbsp;Du modtager en automatisk e-mailbekr\u00e6ftelse, n\u00e5r refusionen er udstedt.<\/p>\n\n\n\n<h4 class=\"wp-block-heading\"><strong>7. Returadresse<\/strong><strong><\/strong><\/h4>\n\n\n\n<p>For at starte en returnering, bedes du f\u00f8rst sende os en e-mail. Vi oplyser dig den specifikke returadresse (godkendt af Gotouchup Inc), n\u00e5r din anmodning er bekr\u00e6ftet. <strong>Varer, der sendes tilbage uden forudg\u00e5ende tilladelse, accepteres ikke.<\/strong><\/p>\n\n\n\n<h4 class=\"wp-block-heading\"><strong>8. Kontaktoplysninger<\/strong><strong><\/strong><\/h4>\n\n\n\n<p>Hvis du har sp\u00f8rgsm\u00e5l eller ikke har modtaget din refusion inden for den angivne tidsramme, bedes du kontakte vores officielle support:<\/p>\n\n\n\n<p><strong>Firmanavn:<\/strong>&nbsp;Gotouchup Inc.<\/p>\n\n\n\n<p><strong>E-mail:<\/strong>&nbsp;support@covers4car.com<\/p>\n\n\n\n<p><strong>Telefon:<\/strong>&nbsp;+1 (619) 534-4662<\/p>\n\n\n\n<p><strong>Registreret adresse:<\/strong>&nbsp;3422 Old Capitol Trl, Ste 4001, Wilmington, DE 19808, USA<\/p>\n\n\n\n<p><strong>Kontortid:<\/strong>&nbsp;Man-l\u00f8r 10:00-20:00 (PST)<\/p>\n\n\n\n<p><\/p>","protected":false},"excerpt":{"rendered":"<p>Refund and Returns Policy Customer satisfaction is our top priority. At Covers4Car (a brand owned and operated by Gotouchup Inc),<\/p>","protected":false},"author":1,"featured_media":0,"parent":0,"menu_order":0,"comment_status":"closed","ping_status":"closed","template":"","meta":{"_acf_changed":false,"_monsterinsights_skip_tracking":false,"_monsterinsights_sitenote_active":false,"_monsterinsights_sitenote_note":"","_monsterinsights_sitenote_category":0,"footnotes":""},"class_list":["post-9971","page","type-page","status-publish","hentry"],"acf":[],"yoast_head":"<!-- This site is optimized with the Yoast SEO Premium plugin v26.4 (Yoast SEO v26.4) - https:\/\/yoast.com\/wordpress\/plugins\/seo\/ -->\n<title>Refund and Returns Policy - Covers4Car<\/title>\n<meta name=\"description\" content=\"Refund and Returns Policy Refund and Returns Policy Customer satisfaction is our top priority. At Covers4Car (a brand owned and operated by Gotouchup Inc), we stand behind the\" \/>\n<meta name=\"robots\" content=\"index, follow, max-snippet:-1, max-image-preview:large, max-video-preview:-1\" \/>\n<link rel=\"canonical\" href=\"https:\/\/covers4car.com\/da\/refund-and-returns-policy\/\" \/>\n<meta property=\"og:locale\" content=\"da_DK\" \/>\n<meta property=\"og:type\" content=\"article\" \/>\n<meta property=\"og:title\" content=\"Refund and Returns Policy\" \/>\n<meta property=\"og:description\" content=\"Refund and Returns Policy Refund and Returns Policy Customer satisfaction is our top priority. At Covers4Car (a brand owned and operated by Gotouchup Inc), we stand behind the\" \/>\n<meta property=\"og:url\" content=\"https:\/\/covers4car.com\/da\/refund-and-returns-policy\/\" \/>\n<meta property=\"og:site_name\" content=\"Covers4Car\" \/>\n<meta property=\"article:publisher\" content=\"https:\/\/www.facebook.com\/profile.php?id=61564533557142\" \/>\n<meta property=\"article:modified_time\" content=\"2026-03-28T11:42:04+00:00\" \/>\n<meta name=\"twitter:card\" content=\"summary_large_image\" \/>\n<meta name=\"twitter:site\" content=\"@covers4carstore\" \/>\n<meta name=\"twitter:label1\" content=\"Estimeret l\u00e6setid\" \/>\n\t<meta name=\"twitter:data1\" content=\"2 minutter\" \/>\n<script type=\"application\/ld+json\" class=\"yoast-schema-graph\">{\"@context\":\"https:\/\/schema.org\",\"@graph\":[{\"@type\":\"WebPage\",\"@id\":\"https:\/\/covers4car.com\/refund-and-returns-policy\/\",\"url\":\"https:\/\/covers4car.com\/refund-and-returns-policy\/\",\"name\":\"Refund and Returns Policy - Covers4Car\",\"isPartOf\":{\"@id\":\"https:\/\/covers4car.com\/#website\"},\"datePublished\":\"2024-11-01T12:50:02+00:00\",\"dateModified\":\"2026-03-28T11:42:04+00:00\",\"description\":\"Refund and Returns Policy Refund and Returns Policy Customer satisfaction is our top priority. At Covers4Car (a brand owned and operated by Gotouchup Inc), we stand behind the\",\"breadcrumb\":{\"@id\":\"https:\/\/covers4car.com\/refund-and-returns-policy\/#breadcrumb\"},\"inLanguage\":\"da-DK\",\"potentialAction\":[{\"@type\":\"ReadAction\",\"target\":[\"https:\/\/covers4car.com\/refund-and-returns-policy\/\"]}]},{\"@type\":\"BreadcrumbList\",\"@id\":\"https:\/\/covers4car.com\/refund-and-returns-policy\/#breadcrumb\",\"itemListElement\":[{\"@type\":\"ListItem\",\"position\":1,\"name\":\"Home\",\"item\":\"https:\/\/covers4car.com\/\"},{\"@type\":\"ListItem\",\"position\":2,\"name\":\"Refund and Returns Policy\"}]},{\"@type\":\"WebSite\",\"@id\":\"https:\/\/covers4car.com\/#website\",\"url\":\"https:\/\/covers4car.com\/\",\"name\":\"Covers4Car\",\"description\":\"Professional Seat Covers Tailored for Your Vehicle\",\"publisher\":{\"@id\":\"https:\/\/covers4car.com\/#organization\"},\"potentialAction\":[{\"@type\":\"SearchAction\",\"target\":{\"@type\":\"EntryPoint\",\"urlTemplate\":\"https:\/\/covers4car.com\/?s={search_term_string}\"},\"query-input\":{\"@type\":\"PropertyValueSpecification\",\"valueRequired\":true,\"valueName\":\"search_term_string\"}}],\"inLanguage\":\"da-DK\"},{\"@type\":\"Organization\",\"@id\":\"https:\/\/covers4car.com\/#organization\",\"name\":\"Covers4Car\",\"url\":\"https:\/\/covers4car.com\/\",\"logo\":{\"@type\":\"ImageObject\",\"inLanguage\":\"da-DK\",\"@id\":\"https:\/\/covers4car.com\/#\/schema\/logo\/image\/\",\"url\":\"https:\/\/covers4car.com\/wp-content\/uploads\/2024\/11\/Asset-2@5x-copy.jpg\",\"contentUrl\":\"https:\/\/covers4car.com\/wp-content\/uploads\/2024\/11\/Asset-2@5x-copy.jpg\",\"width\":877,\"height\":877,\"caption\":\"Covers4Car\"},\"image\":{\"@id\":\"https:\/\/covers4car.com\/#\/schema\/logo\/image\/\"},\"sameAs\":[\"https:\/\/www.facebook.com\/profile.php?id=61564533557142\",\"https:\/\/x.com\/covers4carstore\"]}]}<\/script>\n<!-- \/ Yoast SEO Premium plugin. -->","yoast_head_json":{"title":"Refund and Returns Policy - Covers4Car","description":"Refund and Returns Policy Refund and Returns Policy Customer satisfaction is our top priority. At Covers4Car (a brand owned and operated by Gotouchup Inc), we stand behind the","robots":{"index":"index","follow":"follow","max-snippet":"max-snippet:-1","max-image-preview":"max-image-preview:large","max-video-preview":"max-video-preview:-1"},"canonical":"https:\/\/covers4car.com\/da\/refund-and-returns-policy\/","og_locale":"da_DK","og_type":"article","og_title":"Refund and Returns Policy","og_description":"Refund and Returns Policy Refund and Returns Policy Customer satisfaction is our top priority. At Covers4Car (a brand owned and operated by Gotouchup Inc), we stand behind the","og_url":"https:\/\/covers4car.com\/da\/refund-and-returns-policy\/","og_site_name":"Covers4Car","article_publisher":"https:\/\/www.facebook.com\/profile.php?id=61564533557142","article_modified_time":"2026-03-28T11:42:04+00:00","twitter_card":"summary_large_image","twitter_site":"@covers4carstore","twitter_misc":{"Estimeret l\u00e6setid":"2 minutter"},"schema":{"@context":"https:\/\/schema.org","@graph":[{"@type":"WebPage","@id":"https:\/\/covers4car.com\/refund-and-returns-policy\/","url":"https:\/\/covers4car.com\/refund-and-returns-policy\/","name":"Refund and Returns Policy - Covers4Car","isPartOf":{"@id":"https:\/\/covers4car.com\/#website"},"datePublished":"2024-11-01T12:50:02+00:00","dateModified":"2026-03-28T11:42:04+00:00","description":"Refund and Returns Policy Refund and Returns Policy Customer satisfaction is our top priority. At Covers4Car (a brand owned and operated by Gotouchup Inc), we stand behind the","breadcrumb":{"@id":"https:\/\/covers4car.com\/refund-and-returns-policy\/#breadcrumb"},"inLanguage":"da-DK","potentialAction":[{"@type":"ReadAction","target":["https:\/\/covers4car.com\/refund-and-returns-policy\/"]}]},{"@type":"BreadcrumbList","@id":"https:\/\/covers4car.com\/refund-and-returns-policy\/#breadcrumb","itemListElement":[{"@type":"ListItem","position":1,"name":"Home","item":"https:\/\/covers4car.com\/"},{"@type":"ListItem","position":2,"name":"Refund and Returns Policy"}]},{"@type":"WebSite","@id":"https:\/\/covers4car.com\/#website","url":"https:\/\/covers4car.com\/","name":"Covers4Car","description":"Professionelle s\u00e6debetr\u00e6k skr\u00e6ddersyet til dit k\u00f8ret\u00f8j","publisher":{"@id":"https:\/\/covers4car.com\/#organization"},"potentialAction":[{"@type":"SearchAction","target":{"@type":"EntryPoint","urlTemplate":"https:\/\/covers4car.com\/?s={search_term_string}"},"query-input":{"@type":"PropertyValueSpecification","valueRequired":true,"valueName":"search_term_string"}}],"inLanguage":"da-DK"},{"@type":"Organization","@id":"https:\/\/covers4car.com\/#organization","name":"Covers4Car","url":"https:\/\/covers4car.com\/","logo":{"@type":"ImageObject","inLanguage":"da-DK","@id":"https:\/\/covers4car.com\/#\/schema\/logo\/image\/","url":"https:\/\/covers4car.com\/wp-content\/uploads\/2024\/11\/Asset-2@5x-copy.jpg","contentUrl":"https:\/\/covers4car.com\/wp-content\/uploads\/2024\/11\/Asset-2@5x-copy.jpg","width":877,"height":877,"caption":"Covers4Car"},"image":{"@id":"https:\/\/covers4car.com\/#\/schema\/logo\/image\/"},"sameAs":["https:\/\/www.facebook.com\/profile.php?id=61564533557142","https:\/\/x.com\/covers4carstore"]}]}},"_links":{"self":[{"href":"https:\/\/covers4car.com\/da\/wp-json\/wp\/v2\/pages\/9971","targetHints":{"allow":["GET"]}}],"collection":[{"href":"https:\/\/covers4car.com\/da\/wp-json\/wp\/v2\/pages"}],"about":[{"href":"https:\/\/covers4car.com\/da\/wp-json\/wp\/v2\/types\/page"}],"author":[{"embeddable":true,"href":"https:\/\/covers4car.com\/da\/wp-json\/wp\/v2\/users\/1"}],"replies":[{"embeddable":true,"href":"https:\/\/covers4car.com\/da\/wp-json\/wp\/v2\/comments?post=9971"}],"version-history":[{"count":0,"href":"https:\/\/covers4car.com\/da\/wp-json\/wp\/v2\/pages\/9971\/revisions"}],"wp:attachment":[{"href":"https:\/\/covers4car.com\/da\/wp-json\/wp\/v2\/media?parent=9971"}],"curies":[{"name":"wp","href":"https:\/\/api.w.org\/{rel}","templated":true}]}}