{"id":12756,"date":"2025-03-31T19:55:50","date_gmt":"2025-04-01T02:55:50","guid":{"rendered":"https:\/\/covers4car.com\/?post_type=product&#038;p=12756"},"modified":"2026-05-06T05:55:24","modified_gmt":"2026-05-06T12:55:24","slug":"premium-leather-car-seat-cover-03","status":"publish","type":"product","link":"https:\/\/covers4car.com\/da\/vare\/premium-leather-car-seat-cover-03\/","title":{"rendered":"Premium l\u00e6ders\u00e6debetr\u00e6k til biler, SUV&#039;er og lastbiler \u2013 For- og bags\u00e6debeskytter, specialdesignet \u2013 Simple Style 02"},"content":{"rendered":"<p style=\"text-align: left;\">Opfrisk dit bilinteri\u00f8r med Covers4Car Custom Fit bils\u00e6debetr\u00e6k, premium l\u00e6derbils\u00e6debetr\u00e6k, der er lavet til alsidig pasform og f\u00f8rsteklasses ydeevne. Disse betr\u00e6k er fremstillet af slidst\u00e6rke materialer og en elegant l\u00e6derfinish, der beskytter mod dagligt slid, samtidig med at de skaber en mere poleret kabine. De tilbyder den perfekte blanding af universel kompatibilitet og luksus.<\/p>\n<p><strong>Beskytter originale s\u00e6der: <\/strong>Beskytter effektivt dine originale s\u00e6der mod slitage, samtidig med at de d\u00e6kker eksisterende tegn p\u00e5 brug.<\/p>\n<p><a href=\"https:\/\/covers4car.com\/wp-content\/uploads\/2025\/03\/6-15.webp\"><img fetchpriority=\"high\" decoding=\"async\" class=\"wd-lazy-fade alignnone size-full wp-image-19511\" src=\"https:\/\/covers4car.com\/wp-content\/themes\/woodmart\/images\/lazy.svg\" data-src=\"https:\/\/covers4car.com\/wp-content\/uploads\/2025\/03\/6-15.webp\" alt=\"\" width=\"1000\" height=\"1000\" srcset=\"\" data-srcset=\"https:\/\/covers4car.com\/wp-content\/uploads\/2025\/03\/6-15.webp 1000w, https:\/\/covers4car.com\/wp-content\/uploads\/2025\/03\/6-15-300x300.webp 300w, https:\/\/covers4car.com\/wp-content\/uploads\/2025\/03\/6-15-150x150.webp 150w, https:\/\/covers4car.com\/wp-content\/uploads\/2025\/03\/6-15-768x768.webp 768w, https:\/\/covers4car.com\/wp-content\/uploads\/2025\/03\/6-15-12x12.webp 12w, https:\/\/covers4car.com\/wp-content\/uploads\/2025\/03\/6-15-600x600.webp 600w, https:\/\/covers4car.com\/wp-content\/uploads\/2025\/03\/6-15-148x148.webp 148w, https:\/\/covers4car.com\/wp-content\/uploads\/2025\/03\/6-15-50x50.webp 50w, https:\/\/covers4car.com\/wp-content\/uploads\/2025\/03\/6-15-100x100.webp 100w\" sizes=\"(max-width: 1000px) 100vw, 1000px\" \/><\/a><\/p>\n<p><strong>Vandt\u00e6t og ridsefast: <\/strong>Vandt\u00e6t, ridsefast og pletbestandig \u2013 designet til at beskytte mod b\u00f8rn, k\u00e6ledyr og daglige uheld.<\/p>\n<p><a href=\"https:\/\/covers4car.com\/wp-content\/uploads\/2025\/03\/7-15.webp\"><img decoding=\"async\" class=\"wd-lazy-fade alignnone size-full wp-image-19514\" src=\"https:\/\/covers4car.com\/wp-content\/themes\/woodmart\/images\/lazy.svg\" data-src=\"https:\/\/covers4car.com\/wp-content\/uploads\/2025\/03\/7-15.webp\" alt=\"\" width=\"1000\" height=\"1000\" srcset=\"\" data-srcset=\"https:\/\/covers4car.com\/wp-content\/uploads\/2025\/03\/7-15.webp 1000w, https:\/\/covers4car.com\/wp-content\/uploads\/2025\/03\/7-15-300x300.webp 300w, https:\/\/covers4car.com\/wp-content\/uploads\/2025\/03\/7-15-150x150.webp 150w, https:\/\/covers4car.com\/wp-content\/uploads\/2025\/03\/7-15-768x768.webp 768w, https:\/\/covers4car.com\/wp-content\/uploads\/2025\/03\/7-15-12x12.webp 12w, https:\/\/covers4car.com\/wp-content\/uploads\/2025\/03\/7-15-600x600.webp 600w, https:\/\/covers4car.com\/wp-content\/uploads\/2025\/03\/7-15-148x148.webp 148w, https:\/\/covers4car.com\/wp-content\/uploads\/2025\/03\/7-15-50x50.webp 50w, https:\/\/covers4car.com\/wp-content\/uploads\/2025\/03\/7-15-100x100.webp 100w\" sizes=\"(max-width: 1000px) 100vw, 1000px\" \/><\/a><\/p>\n<p><strong>360\u00b0 fuld d\u00e6kningsbeskyttelse:<\/strong> Fuldt d\u00e6kkende design tilbyder beskyttelse hele vejen rundt og beskytter hver en centimeter af dine originale s\u00e6der.<\/p>\n<p><a href=\"https:\/\/covers4car.com\/wp-content\/uploads\/2025\/03\/8-16.webp\"><img decoding=\"async\" class=\"wd-lazy-fade alignnone size-full wp-image-19515\" src=\"https:\/\/covers4car.com\/wp-content\/themes\/woodmart\/images\/lazy.svg\" data-src=\"https:\/\/covers4car.com\/wp-content\/uploads\/2025\/03\/8-16.webp\" alt=\"\" width=\"1000\" height=\"1000\" srcset=\"\" data-srcset=\"https:\/\/covers4car.com\/wp-content\/uploads\/2025\/03\/8-16.webp 1000w, https:\/\/covers4car.com\/wp-content\/uploads\/2025\/03\/8-16-300x300.webp 300w, https:\/\/covers4car.com\/wp-content\/uploads\/2025\/03\/8-16-150x150.webp 150w, https:\/\/covers4car.com\/wp-content\/uploads\/2025\/03\/8-16-768x768.webp 768w, https:\/\/covers4car.com\/wp-content\/uploads\/2025\/03\/8-16-12x12.webp 12w, https:\/\/covers4car.com\/wp-content\/uploads\/2025\/03\/8-16-600x600.webp 600w, https:\/\/covers4car.com\/wp-content\/uploads\/2025\/03\/8-16-148x148.webp 148w, https:\/\/covers4car.com\/wp-content\/uploads\/2025\/03\/8-16-50x50.webp 50w, https:\/\/covers4car.com\/wp-content\/uploads\/2025\/03\/8-16-100x100.webp 100w\" sizes=\"(max-width: 1000px) 100vw, 1000px\" \/><\/a><\/p>\n<div>\n<div data-zone-id=\"0\" data-line-index=\"0\" data-line=\"true\">\n<p><strong>Perfekt til din bil:<\/strong> Vores s\u00e6debetr\u00e6k er pr\u00e6cist designet og skr\u00e6ddersyet til forskellige bilmodeller og tilbyder en t\u00e6tsiddende pasform, der perfekt matcher s\u00e6dets originale konturer.<\/p>\n<\/div>\n<\/div>\n<p><strong data-start=\"782\" data-end=\"801\">Premium l\u00e6der: <\/strong>Fremstillet af f\u00f8rsteklasses l\u00e6der, bl\u00f8dt at r\u00f8re ved og exceptionelt behageligt til hverdagsbrug.<\/p>\n<p><a href=\"https:\/\/covers4car.com\/wp-content\/uploads\/2025\/03\/10-9.webp\"><img loading=\"lazy\" decoding=\"async\" class=\"wd-lazy-fade alignnone size-full wp-image-19517\" src=\"https:\/\/covers4car.com\/wp-content\/themes\/woodmart\/images\/lazy.svg\" data-src=\"https:\/\/covers4car.com\/wp-content\/uploads\/2025\/03\/10-9.webp\" alt=\"\" width=\"1000\" height=\"1000\" srcset=\"\" data-srcset=\"https:\/\/covers4car.com\/wp-content\/uploads\/2025\/03\/10-9.webp 1000w, https:\/\/covers4car.com\/wp-content\/uploads\/2025\/03\/10-9-300x300.webp 300w, https:\/\/covers4car.com\/wp-content\/uploads\/2025\/03\/10-9-150x150.webp 150w, https:\/\/covers4car.com\/wp-content\/uploads\/2025\/03\/10-9-768x768.webp 768w, https:\/\/covers4car.com\/wp-content\/uploads\/2025\/03\/10-9-12x12.webp 12w, https:\/\/covers4car.com\/wp-content\/uploads\/2025\/03\/10-9-600x600.webp 600w, https:\/\/covers4car.com\/wp-content\/uploads\/2025\/03\/10-9-148x148.webp 148w, https:\/\/covers4car.com\/wp-content\/uploads\/2025\/03\/10-9-50x50.webp 50w, https:\/\/covers4car.com\/wp-content\/uploads\/2025\/03\/10-9-100x100.webp 100w\" sizes=\"(max-width: 1000px) 100vw, 1000px\" \/><\/a><\/p>\n<p><strong>Milj\u00f8venlig og sikker:<\/strong> Covers4Cars s\u00e6debetr\u00e6k er alle fremstillet af milj\u00f8venlige og lugtfri materialer. Vores s\u00e6debetr\u00e6k opfylder strenge kvalitets- og sikkerhedsstandarder for at sikre et sundt og behageligt indeklima for dig og din familie.<\/p>\n<p><a href=\"https:\/\/covers4car.com\/wp-content\/uploads\/2025\/03\/4renzheng.webp\"><img loading=\"lazy\" decoding=\"async\" class=\"wd-lazy-fade alignnone size-woocommerce_thumbnail wp-image-15489\" src=\"https:\/\/covers4car.com\/wp-content\/themes\/woodmart\/images\/lazy.svg\" data-src=\"https:\/\/covers4car.com\/wp-content\/uploads\/2025\/03\/4renzheng-600x600.webp\" alt=\"\" width=\"600\" height=\"600\" srcset=\"\" data-srcset=\"https:\/\/covers4car.com\/wp-content\/uploads\/2025\/03\/4renzheng-600x600.webp 600w, https:\/\/covers4car.com\/wp-content\/uploads\/2025\/03\/4renzheng-300x300.webp 300w, https:\/\/covers4car.com\/wp-content\/uploads\/2025\/03\/4renzheng-1024x1024.webp 1024w, https:\/\/covers4car.com\/wp-content\/uploads\/2025\/03\/4renzheng-150x150.webp 150w, https:\/\/covers4car.com\/wp-content\/uploads\/2025\/03\/4renzheng-768x768.webp 768w, https:\/\/covers4car.com\/wp-content\/uploads\/2025\/03\/4renzheng-12x12.webp 12w, https:\/\/covers4car.com\/wp-content\/uploads\/2025\/03\/4renzheng-148x148.webp 148w, https:\/\/covers4car.com\/wp-content\/uploads\/2025\/03\/4renzheng-50x50.webp 50w, https:\/\/covers4car.com\/wp-content\/uploads\/2025\/03\/4renzheng-100x100.webp 100w, https:\/\/covers4car.com\/wp-content\/uploads\/2025\/03\/4renzheng.webp 1200w\" sizes=\"(max-width: 600px) 100vw, 600px\" \/><\/a><\/p>\n<p><strong>Nem at installere:<\/strong> \u00c9n person kan gennemf\u00f8re ops\u00e6tningen p\u00e5 bare 20 minutter uden behov for v\u00e6rkt\u00f8j.<\/p>\n<p><strong><a href=\"https:\/\/covers4car.com\/wp-content\/uploads\/2025\/03\/1-5.gif\"><img loading=\"lazy\" decoding=\"async\" class=\"wd-lazy-fade alignnone wp-image-15367\" src=\"https:\/\/covers4car.com\/wp-content\/themes\/woodmart\/images\/lazy.svg\" data-src=\"https:\/\/covers4car.com\/wp-content\/uploads\/2025\/03\/1-5.gif\" alt=\"\" width=\"600\" height=\"345\" \/><\/a><\/strong><\/p>\n<p><strong>Trin-for-trin support:<\/strong> Vi tilbyder tydelige installationsvejledninger med foto og video samt valgfri kundesupport for at sikre en vellykket installation hver gang.<\/p>\n<p><a href=\"https:\/\/covers4car.com\/wp-content\/uploads\/2025\/03\/5anzhuang.webp\"><img loading=\"lazy\" decoding=\"async\" class=\"wd-lazy-fade alignnone size-woocommerce_thumbnail wp-image-15491\" src=\"https:\/\/covers4car.com\/wp-content\/themes\/woodmart\/images\/lazy.svg\" data-src=\"https:\/\/covers4car.com\/wp-content\/uploads\/2025\/03\/5anzhuang-600x600.webp\" alt=\"\" width=\"600\" height=\"600\" srcset=\"\" data-srcset=\"https:\/\/covers4car.com\/wp-content\/uploads\/2025\/03\/5anzhuang-600x600.webp 600w, https:\/\/covers4car.com\/wp-content\/uploads\/2025\/03\/5anzhuang-300x300.webp 300w, https:\/\/covers4car.com\/wp-content\/uploads\/2025\/03\/5anzhuang-1024x1024.webp 1024w, https:\/\/covers4car.com\/wp-content\/uploads\/2025\/03\/5anzhuang-150x150.webp 150w, https:\/\/covers4car.com\/wp-content\/uploads\/2025\/03\/5anzhuang-768x768.webp 768w, https:\/\/covers4car.com\/wp-content\/uploads\/2025\/03\/5anzhuang-12x12.webp 12w, https:\/\/covers4car.com\/wp-content\/uploads\/2025\/03\/5anzhuang-148x148.webp 148w, https:\/\/covers4car.com\/wp-content\/uploads\/2025\/03\/5anzhuang-50x50.webp 50w, https:\/\/covers4car.com\/wp-content\/uploads\/2025\/03\/5anzhuang-100x100.webp 100w, https:\/\/covers4car.com\/wp-content\/uploads\/2025\/03\/5anzhuang.webp 1200w\" sizes=\"(max-width: 600px) 100vw, 600px\" \/><\/a><\/p>\n<p><strong>Nem at reng\u00f8re: <\/strong>Nem at reng\u00f8re og vedligeholde. T\u00f8r blot af med et h\u00e5ndkl\u00e6de for at fjerne mudder, pletter eller spild. Holder dine s\u00e6debetr\u00e6k i topform.<\/p>\n<p><a href=\"https:\/\/covers4car.com\/wp-content\/uploads\/2025\/03\/1-2.gif\"><img loading=\"lazy\" decoding=\"async\" class=\"wd-lazy-fade alignnone wp-image-15366\" src=\"https:\/\/covers4car.com\/wp-content\/themes\/woodmart\/images\/lazy.svg\" data-src=\"https:\/\/covers4car.com\/wp-content\/uploads\/2025\/03\/1-2.gif\" alt=\"\" width=\"600\" height=\"338\" \/><\/a><\/p>\n<p><a href=\"https:\/\/covers4car.com\/wp-content\/uploads\/2025\/03\/1-1.gif\"><img loading=\"lazy\" decoding=\"async\" class=\"wd-lazy-fade alignnone wp-image-15364\" src=\"https:\/\/covers4car.com\/wp-content\/themes\/woodmart\/images\/lazy.svg\" data-src=\"https:\/\/covers4car.com\/wp-content\/uploads\/2025\/03\/1-1.gif\" alt=\"\" width=\"600\" height=\"338\" \/><\/a><\/p>\n<p><strong>\u00c5ndbar og klar til hele s\u00e6sonen: <\/strong>\u00c5ndbare materialer, der opretholder luftgennemstr\u00f8mningen - kompatibel med ventilerede s\u00e6der og designet til komfort hele s\u00e6sonen.<\/p>\n<p><strong><a href=\"https:\/\/covers4car.com\/wp-content\/uploads\/2025\/03\/1-13.jpg.webp\"><img loading=\"lazy\" decoding=\"async\" class=\"wd-lazy-fade alignnone size-full wp-image-19507\" src=\"https:\/\/covers4car.com\/wp-content\/themes\/woodmart\/images\/lazy.svg\" data-src=\"https:\/\/covers4car.com\/wp-content\/uploads\/2025\/03\/1-13.jpg.webp\" alt=\"\" width=\"768\" height=\"768\" srcset=\"\" data-srcset=\"https:\/\/covers4car.com\/wp-content\/uploads\/2025\/03\/1-13.jpg.webp 768w, https:\/\/covers4car.com\/wp-content\/uploads\/2025\/03\/1-13-300x300.jpg.webp 300w, https:\/\/covers4car.com\/wp-content\/uploads\/2025\/03\/1-13-150x150.jpg.webp 150w, https:\/\/covers4car.com\/wp-content\/uploads\/2025\/03\/1-13-12x12.jpg.webp 12w, https:\/\/covers4car.com\/wp-content\/uploads\/2025\/03\/1-13-600x600.jpg.webp 600w, https:\/\/covers4car.com\/wp-content\/uploads\/2025\/03\/1-13-148x148.jpg.webp 148w, https:\/\/covers4car.com\/wp-content\/uploads\/2025\/03\/1-13-50x50.jpg.webp 50w, https:\/\/covers4car.com\/wp-content\/uploads\/2025\/03\/1-13-100x100.jpg.webp 100w\" sizes=\"(max-width: 768px) 100vw, 768px\" \/><\/a><\/strong><\/p>\n<p><strong>Airbag-kompatibel og sikkerhedstestet: <\/strong>Designet med specielle syninger omkring airbagomr\u00e5det, der sikrer, at airbaggene kan udl\u00f8ses korrekt, samtidig med at fuld sikkerhedsfunktionalitet opretholdes.<\/p>\n<p><a href=\"https:\/\/covers4car.com\/wp-content\/uploads\/2025\/03\/1-3.gif\"><img loading=\"lazy\" decoding=\"async\" class=\"wd-lazy-fade alignnone wp-image-15405\" src=\"https:\/\/covers4car.com\/wp-content\/themes\/woodmart\/images\/lazy.svg\" data-src=\"https:\/\/covers4car.com\/wp-content\/uploads\/2025\/03\/1-3.gif\" alt=\"\" width=\"600\" height=\"345\" \/><\/a><\/p>\n<p><strong>Bygget til at holde: <\/strong>Modstandsdygtig over for h\u00f8je temperaturer og slid, designet til at holde i op til 5 \u00e5r og giver holdbar beskyttelse til dine s\u00e6der.<\/p>\n<p><a href=\"https:\/\/covers4car.com\/wp-content\/uploads\/2025\/03\/11-3.webp\"><img loading=\"lazy\" decoding=\"async\" class=\"wd-lazy-fade alignnone size-full wp-image-19518\" src=\"https:\/\/covers4car.com\/wp-content\/themes\/woodmart\/images\/lazy.svg\" data-src=\"https:\/\/covers4car.com\/wp-content\/uploads\/2025\/03\/11-3.webp\" alt=\"\" width=\"1000\" height=\"1000\" srcset=\"\" data-srcset=\"https:\/\/covers4car.com\/wp-content\/uploads\/2025\/03\/11-3.webp 1000w, https:\/\/covers4car.com\/wp-content\/uploads\/2025\/03\/11-3-300x300.webp 300w, https:\/\/covers4car.com\/wp-content\/uploads\/2025\/03\/11-3-150x150.webp 150w, https:\/\/covers4car.com\/wp-content\/uploads\/2025\/03\/11-3-768x768.webp 768w, https:\/\/covers4car.com\/wp-content\/uploads\/2025\/03\/11-3-12x12.webp 12w, https:\/\/covers4car.com\/wp-content\/uploads\/2025\/03\/11-3-600x600.webp 600w, https:\/\/covers4car.com\/wp-content\/uploads\/2025\/03\/11-3-148x148.webp 148w, https:\/\/covers4car.com\/wp-content\/uploads\/2025\/03\/11-3-50x50.webp 50w, https:\/\/covers4car.com\/wp-content\/uploads\/2025\/03\/11-3-100x100.webp 100w\" sizes=\"(max-width: 1000px) 100vw, 1000px\" \/><\/a><\/p>\n<p><strong>Pakken inkluderer:<br \/>\n<\/strong><strong>Komplet s\u00e6t (for- og bags\u00e6der):<\/strong><\/p>\n<ul>\n<li>2x fors\u00e6debetr\u00e6k<\/li>\n<li>1x fuld bags\u00e6debetr\u00e6k<\/li>\n<\/ul>\n<p><strong>Kun fors\u00e6der<\/strong><\/p>\n<ul>\n<li>2x fors\u00e6debetr\u00e6k<\/li>\n<\/ul>","protected":false},"excerpt":{"rendered":"<p>Refresh your car interior using Covers4Car Custom Fit Car Seat Covers, Premium Leather Car Seat Covers, made for versatile fit<\/p>","protected":false},"featured_media":19214,"comment_status":"open","ping_status":"closed","template":"","meta":{"_acf_changed":false,"_monsterinsights_skip_tracking":false,"_monsterinsights_sitenote_active":false,"_monsterinsights_sitenote_note":"","_monsterinsights_sitenote_category":0},"product_brand":[],"product_cat":[80],"product_tag":[54969,22787],"jet_color":[],"jet_material":[],"jet_coverage":[],"class_list":{"0":"post-12756","1":"product","2":"type-product","3":"status-publish","4":"has-post-thumbnail","6":"product_cat-premium-leather-seat-cover","7":"product_tag-fit-universal-fit","8":"product_tag-universal","10":"first","11":"instock","12":"shipping-taxable","13":"purchasable","14":"product-type-variable","15":"has-default-attributes","16":"wvs-archive-product-wrapper"},"acf":[],"yoast_head":"<!-- This site is optimized with the Yoast SEO Premium plugin v26.4 (Yoast SEO v26.4) - https:\/\/yoast.com\/wordpress\/plugins\/seo\/ -->\n<title>Custom Fit Seat Covers \u2013 Simple Style<\/title>\n<meta name=\"description\" content=\"Upgrade your cabin with Custom Fit Seat Covers for a perfect fit and premium comfort. Defend against stains and wear\u2014order today.\" \/>\n<meta name=\"robots\" content=\"index, follow, max-snippet:-1, max-image-preview:large, max-video-preview:-1\" \/>\n<link rel=\"canonical\" href=\"https:\/\/covers4car.com\/da\/vare\/premium-leather-car-seat-cover-03\/\" \/>\n<meta property=\"og:locale\" content=\"da_DK\" \/>\n<meta property=\"og:type\" content=\"article\" \/>\n<meta property=\"og:title\" content=\"Premium Leather Car Seat Covers for Cars, SUVs &amp; Trucks \u2013 Front &amp; Rear Seat Protector, Custom Fit Design \u2013 Simple Style 02\" \/>\n<meta property=\"og:description\" content=\"Upgrade your cabin with Custom Fit Seat Covers for a perfect fit and premium comfort. Defend against stains and wear\u2014order today.\" \/>\n<meta property=\"og:url\" content=\"https:\/\/covers4car.com\/da\/vare\/premium-leather-car-seat-cover-03\/\" \/>\n<meta property=\"og:site_name\" content=\"Covers4Car\" \/>\n<meta property=\"article:publisher\" content=\"https:\/\/www.facebook.com\/profile.php?id=61564533557142\" \/>\n<meta property=\"article:modified_time\" content=\"2026-05-06T12:55:24+00:00\" \/>\n<meta property=\"og:image\" content=\"https:\/\/covers4car.com\/wp-content\/uploads\/2025\/03\/new_9.webp\" \/>\n\t<meta property=\"og:image:width\" content=\"1000\" \/>\n\t<meta property=\"og:image:height\" content=\"1000\" \/>\n\t<meta property=\"og:image:type\" content=\"image\/webp\" \/>\n<meta name=\"twitter:card\" content=\"summary_large_image\" \/>\n<meta name=\"twitter:site\" content=\"@covers4carstore\" \/>\n<meta name=\"twitter:label1\" content=\"Estimeret l\u00e6setid\" \/>\n\t<meta name=\"twitter:data1\" content=\"5 minutter\" \/>\n<script type=\"application\/ld+json\" class=\"yoast-schema-graph\">{\"@context\":\"https:\/\/schema.org\",\"@graph\":[{\"@type\":\"WebPage\",\"@id\":\"https:\/\/covers4car.com\/product\/premium-leather-car-seat-cover-03\/\",\"url\":\"https:\/\/covers4car.com\/product\/premium-leather-car-seat-cover-03\/\",\"name\":\"Custom Fit Seat Covers \u2013 Simple Style\",\"isPartOf\":{\"@id\":\"https:\/\/covers4car.com\/#website\"},\"primaryImageOfPage\":{\"@id\":\"https:\/\/covers4car.com\/product\/premium-leather-car-seat-cover-03\/#primaryimage\"},\"image\":{\"@id\":\"https:\/\/covers4car.com\/product\/premium-leather-car-seat-cover-03\/#primaryimage\"},\"thumbnailUrl\":\"https:\/\/covers4car.com\/wp-content\/uploads\/2025\/03\/new_9.webp\",\"datePublished\":\"2025-04-01T02:55:50+00:00\",\"dateModified\":\"2026-05-06T12:55:24+00:00\",\"description\":\"Upgrade your cabin with Custom Fit Seat Covers for a perfect fit and premium comfort. Defend against stains and wear\u2014order today.\",\"breadcrumb\":{\"@id\":\"https:\/\/covers4car.com\/product\/premium-leather-car-seat-cover-03\/#breadcrumb\"},\"inLanguage\":\"da-DK\",\"potentialAction\":[{\"@type\":\"ReadAction\",\"target\":[\"https:\/\/covers4car.com\/product\/premium-leather-car-seat-cover-03\/\"]}]},{\"@type\":\"ImageObject\",\"inLanguage\":\"da-DK\",\"@id\":\"https:\/\/covers4car.com\/product\/premium-leather-car-seat-cover-03\/#primaryimage\",\"url\":\"https:\/\/covers4car.com\/wp-content\/uploads\/2025\/03\/new_9.webp\",\"contentUrl\":\"https:\/\/covers4car.com\/wp-content\/uploads\/2025\/03\/new_9.webp\",\"width\":1000,\"height\":1000},{\"@type\":\"BreadcrumbList\",\"@id\":\"https:\/\/covers4car.com\/product\/premium-leather-car-seat-cover-03\/#breadcrumb\",\"itemListElement\":[{\"@type\":\"ListItem\",\"position\":1,\"name\":\"Home\",\"item\":\"https:\/\/covers4car.com\/\"},{\"@type\":\"ListItem\",\"position\":2,\"name\":\"Shop\",\"item\":\"https:\/\/covers4car.com\/shop\/\"},{\"@type\":\"ListItem\",\"position\":3,\"name\":\"Premium Leather Car Seat Covers for Cars, SUVs &#038; Trucks \u2013 Front &#038; Rear Seat Protector, Custom Fit Design \u2013 Simple Style 02\"}]},{\"@type\":\"WebSite\",\"@id\":\"https:\/\/covers4car.com\/#website\",\"url\":\"https:\/\/covers4car.com\/\",\"name\":\"Covers4Car\",\"description\":\"Professional Seat Covers Tailored for Your Vehicle\",\"publisher\":{\"@id\":\"https:\/\/covers4car.com\/#organization\"},\"potentialAction\":[{\"@type\":\"SearchAction\",\"target\":{\"@type\":\"EntryPoint\",\"urlTemplate\":\"https:\/\/covers4car.com\/?s={search_term_string}\"},\"query-input\":{\"@type\":\"PropertyValueSpecification\",\"valueRequired\":true,\"valueName\":\"search_term_string\"}}],\"inLanguage\":\"da-DK\"},{\"@type\":\"Organization\",\"@id\":\"https:\/\/covers4car.com\/#organization\",\"name\":\"Covers4Car\",\"url\":\"https:\/\/covers4car.com\/\",\"logo\":{\"@type\":\"ImageObject\",\"inLanguage\":\"da-DK\",\"@id\":\"https:\/\/covers4car.com\/#\/schema\/logo\/image\/\",\"url\":\"https:\/\/covers4car.com\/wp-content\/uploads\/2024\/11\/Asset-2@5x-copy.jpg\",\"contentUrl\":\"https:\/\/covers4car.com\/wp-content\/uploads\/2024\/11\/Asset-2@5x-copy.jpg\",\"width\":877,\"height\":877,\"caption\":\"Covers4Car\"},\"image\":{\"@id\":\"https:\/\/covers4car.com\/#\/schema\/logo\/image\/\"},\"sameAs\":[\"https:\/\/www.facebook.com\/profile.php?id=61564533557142\",\"https:\/\/x.com\/covers4carstore\"]}]}<\/script>\n<!-- \/ Yoast SEO Premium plugin. -->","yoast_head_json":{"title":"Custom Fit Seat Covers \u2013 Simple Style","description":"Upgrade your cabin with Custom Fit Seat Covers for a perfect fit and premium comfort. Defend against stains and wear\u2014order today.","robots":{"index":"index","follow":"follow","max-snippet":"max-snippet:-1","max-image-preview":"max-image-preview:large","max-video-preview":"max-video-preview:-1"},"canonical":"https:\/\/covers4car.com\/da\/vare\/premium-leather-car-seat-cover-03\/","og_locale":"da_DK","og_type":"article","og_title":"Premium Leather Car Seat Covers for Cars, SUVs & Trucks \u2013 Front & Rear Seat Protector, Custom Fit Design \u2013 Simple Style 02","og_description":"Upgrade your cabin with Custom Fit Seat Covers for a perfect fit and premium comfort. Defend against stains and wear\u2014order today.","og_url":"https:\/\/covers4car.com\/da\/vare\/premium-leather-car-seat-cover-03\/","og_site_name":"Covers4Car","article_publisher":"https:\/\/www.facebook.com\/profile.php?id=61564533557142","article_modified_time":"2026-05-06T12:55:24+00:00","og_image":[{"width":1000,"height":1000,"url":"https:\/\/covers4car.com\/wp-content\/uploads\/2025\/03\/new_9.webp","type":"image\/webp"}],"twitter_card":"summary_large_image","twitter_site":"@covers4carstore","twitter_misc":{"Estimeret l\u00e6setid":"5 minutter"},"schema":{"@context":"https:\/\/schema.org","@graph":[{"@type":"WebPage","@id":"https:\/\/covers4car.com\/product\/premium-leather-car-seat-cover-03\/","url":"https:\/\/covers4car.com\/product\/premium-leather-car-seat-cover-03\/","name":"Custom Fit Seat Covers \u2013 Simple Style","isPartOf":{"@id":"https:\/\/covers4car.com\/#website"},"primaryImageOfPage":{"@id":"https:\/\/covers4car.com\/product\/premium-leather-car-seat-cover-03\/#primaryimage"},"image":{"@id":"https:\/\/covers4car.com\/product\/premium-leather-car-seat-cover-03\/#primaryimage"},"thumbnailUrl":"https:\/\/covers4car.com\/wp-content\/uploads\/2025\/03\/new_9.webp","datePublished":"2025-04-01T02:55:50+00:00","dateModified":"2026-05-06T12:55:24+00:00","description":"Upgrade your cabin with Custom Fit Seat Covers for a perfect fit and premium comfort. Defend against stains and wear\u2014order today.","breadcrumb":{"@id":"https:\/\/covers4car.com\/product\/premium-leather-car-seat-cover-03\/#breadcrumb"},"inLanguage":"da-DK","potentialAction":[{"@type":"ReadAction","target":["https:\/\/covers4car.com\/product\/premium-leather-car-seat-cover-03\/"]}]},{"@type":"ImageObject","inLanguage":"da-DK","@id":"https:\/\/covers4car.com\/product\/premium-leather-car-seat-cover-03\/#primaryimage","url":"https:\/\/covers4car.com\/wp-content\/uploads\/2025\/03\/new_9.webp","contentUrl":"https:\/\/covers4car.com\/wp-content\/uploads\/2025\/03\/new_9.webp","width":1000,"height":1000},{"@type":"BreadcrumbList","@id":"https:\/\/covers4car.com\/product\/premium-leather-car-seat-cover-03\/#breadcrumb","itemListElement":[{"@type":"ListItem","position":1,"name":"Home","item":"https:\/\/covers4car.com\/"},{"@type":"ListItem","position":2,"name":"Shop","item":"https:\/\/covers4car.com\/shop\/"},{"@type":"ListItem","position":3,"name":"Premium Leather Car Seat Covers for Cars, SUVs &#038; Trucks \u2013 Front &#038; Rear Seat Protector, Custom Fit Design \u2013 Simple Style 02"}]},{"@type":"WebSite","@id":"https:\/\/covers4car.com\/#website","url":"https:\/\/covers4car.com\/","name":"Covers4Car","description":"Professionelle s\u00e6debetr\u00e6k skr\u00e6ddersyet til dit k\u00f8ret\u00f8j","publisher":{"@id":"https:\/\/covers4car.com\/#organization"},"potentialAction":[{"@type":"SearchAction","target":{"@type":"EntryPoint","urlTemplate":"https:\/\/covers4car.com\/?s={search_term_string}"},"query-input":{"@type":"PropertyValueSpecification","valueRequired":true,"valueName":"search_term_string"}}],"inLanguage":"da-DK"},{"@type":"Organization","@id":"https:\/\/covers4car.com\/#organization","name":"Covers4Car","url":"https:\/\/covers4car.com\/","logo":{"@type":"ImageObject","inLanguage":"da-DK","@id":"https:\/\/covers4car.com\/#\/schema\/logo\/image\/","url":"https:\/\/covers4car.com\/wp-content\/uploads\/2024\/11\/Asset-2@5x-copy.jpg","contentUrl":"https:\/\/covers4car.com\/wp-content\/uploads\/2024\/11\/Asset-2@5x-copy.jpg","width":877,"height":877,"caption":"Covers4Car"},"image":{"@id":"https:\/\/covers4car.com\/#\/schema\/logo\/image\/"},"sameAs":["https:\/\/www.facebook.com\/profile.php?id=61564533557142","https:\/\/x.com\/covers4carstore"]}]}},"_links":{"self":[{"href":"https:\/\/covers4car.com\/da\/wp-json\/wp\/v2\/product\/12756","targetHints":{"allow":["GET"]}}],"collection":[{"href":"https:\/\/covers4car.com\/da\/wp-json\/wp\/v2\/product"}],"about":[{"href":"https:\/\/covers4car.com\/da\/wp-json\/wp\/v2\/types\/product"}],"replies":[{"embeddable":true,"href":"https:\/\/covers4car.com\/da\/wp-json\/wp\/v2\/comments?post=12756"}],"version-history":[{"count":0,"href":"https:\/\/covers4car.com\/da\/wp-json\/wp\/v2\/product\/12756\/revisions"}],"wp:featuredmedia":[{"embeddable":true,"href":"https:\/\/covers4car.com\/da\/wp-json\/wp\/v2\/media\/19214"}],"wp:attachment":[{"href":"https:\/\/covers4car.com\/da\/wp-json\/wp\/v2\/media?parent=12756"}],"wp:term":[{"taxonomy":"product_brand","embeddable":true,"href":"https:\/\/covers4car.com\/da\/wp-json\/wp\/v2\/product_brand?post=12756"},{"taxonomy":"product_cat","embeddable":true,"href":"https:\/\/covers4car.com\/da\/wp-json\/wp\/v2\/product_cat?post=12756"},{"taxonomy":"product_tag","embeddable":true,"href":"https:\/\/covers4car.com\/da\/wp-json\/wp\/v2\/product_tag?post=12756"},{"taxonomy":"jet_color","embeddable":true,"href":"https:\/\/covers4car.com\/da\/wp-json\/wp\/v2\/jet_color?post=12756"},{"taxonomy":"jet_material","embeddable":true,"href":"https:\/\/covers4car.com\/da\/wp-json\/wp\/v2\/jet_material?post=12756"},{"taxonomy":"jet_coverage","embeddable":true,"href":"https:\/\/covers4car.com\/da\/wp-json\/wp\/v2\/jet_coverage?post=12756"}],"curies":[{"name":"wp","href":"https:\/\/api.w.org\/{rel}","templated":true}]}}