{"id":17956,"date":"2025-06-26T04:37:51","date_gmt":"2025-06-26T11:37:51","guid":{"rendered":"https:\/\/covers4car.com\/?post_type=product&#038;p=17956"},"modified":"2026-03-20T02:54:01","modified_gmt":"2026-03-20T09:54:01","slug":"natural-wooden-bead-seat-cushion-for-all-cars-breathable-massage-universal-fit","status":"publish","type":"product","link":"https:\/\/covers4car.com\/da\/vare\/natural-wooden-bead-seat-cushion-for-all-cars-breathable-massage-universal-fit\/","title":{"rendered":"S\u00e6dehynde med naturlige tr\u00e6perler til alle biler - \u00e5ndbar og massage, universel pasform"},"content":{"rendered":"<p>Hold dig k\u00f8lig, komfortabel og st\u00f8ttet under hver k\u00f8retur med denne bils\u00e6dehynde med naturlige tr\u00e6perler. Det ventilerede perledesign fremmer luftgennemstr\u00f8mning, reducerer stress og ubehag p\u00e5 lange ture og beskytter dine originale s\u00e6der. Den er bygget med st\u00e6rk gevind og er nem at installere, s\u00e5 den passer til de fleste biler, lastbiler og SUV&#039;er og er perfekt til brug \u00e5ret rundt.<\/p>\n<p><strong>Funktioner:<\/strong><\/p>\n<ul>\n<li><strong>Naturlige tr\u00e6perler:<\/strong> Lavet af naturligt tr\u00e6 af h\u00f8j kvalitet for holdbarhed og komfort.<\/li>\n<li><strong>Ventileret design:<\/strong> Mellemrum mellem perlerne giver luftgennemstr\u00f8mning, der holder dig k\u00f8lig.<\/li>\n<li><strong>St\u00e6rk tr\u00e5dkonstruktion:<\/strong> Perlerne er trukket p\u00e5 en tyk snor for langvarig brug.<\/li>\n<li><strong>Trykaflastning:<\/strong> Hj\u00e6lper med at reducere sp\u00e6ndinger, stress og ubehag under lange k\u00f8reture.<\/li>\n<li><strong>Nem installation:<\/strong> Installeres p\u00e5 f\u00e5 minutter og passer til de fleste autostole.<\/li>\n<\/ul>","protected":false},"excerpt":{"rendered":"<p>Keep cool, comfortable, and supported during every drive with this natural wooden bead car seat cushion. The ventilated bead design<\/p>","protected":false},"featured_media":17961,"comment_status":"open","ping_status":"closed","template":"","meta":{"_acf_changed":false,"_monsterinsights_skip_tracking":false,"_monsterinsights_sitenote_active":false,"_monsterinsights_sitenote_note":"","_monsterinsights_sitenote_category":0},"product_brand":[],"product_cat":[22976,22978,23254],"product_tag":[23273,54969],"jet_color":[],"jet_material":[],"jet_coverage":[],"class_list":{"0":"post-17956","1":"product","2":"type-product","3":"status-publish","4":"has-post-thumbnail","6":"product_cat-seat-cushion","7":"product_cat-functional-seat-cushion","8":"product_cat-cooling-ventilation-seat-cushion","9":"product_tag-cooling-seat-cushion","10":"product_tag-fit-universal-fit","12":"first","13":"instock","14":"shipping-taxable","15":"purchasable","16":"product-type-variable","17":"has-default-attributes","18":"wvs-archive-product-wrapper"},"acf":[],"yoast_head":"<!-- This site is optimized with the Yoast SEO Premium plugin v26.4 (Yoast SEO v26.4) - https:\/\/yoast.com\/wordpress\/plugins\/seo\/ -->\n<title>Natural Wooden Bead Seat Cushion for All Cars-Breathable &amp; Massage Universal Fit - Covers4Car<\/title>\n<meta name=\"description\" content=\"Natural Wooden Bead Seat Cushion for All Cars-Breathable &amp; Massage Universal Fit Keep cool, comfortable, and supported during every drive with this natural wooden bead car seat cushion. The ventilated bead design promotes airflow,\" \/>\n<meta name=\"robots\" content=\"index, follow, max-snippet:-1, max-image-preview:large, max-video-preview:-1\" \/>\n<link rel=\"canonical\" href=\"https:\/\/covers4car.com\/da\/vare\/natural-wooden-bead-seat-cushion-for-all-cars-breathable-massage-universal-fit\/\" \/>\n<meta property=\"og:locale\" content=\"da_DK\" \/>\n<meta property=\"og:type\" content=\"article\" \/>\n<meta property=\"og:title\" content=\"Natural Wooden Bead Seat Cushion for All Cars-Breathable &amp; Massage Universal Fit\" \/>\n<meta property=\"og:description\" content=\"Natural Wooden Bead Seat Cushion for All Cars-Breathable &amp; Massage Universal Fit Keep cool, comfortable, and supported during every drive with this natural wooden bead car seat cushion. The ventilated bead design promotes airflow,\" \/>\n<meta property=\"og:url\" content=\"https:\/\/covers4car.com\/da\/vare\/natural-wooden-bead-seat-cushion-for-all-cars-breathable-massage-universal-fit\/\" \/>\n<meta property=\"og:site_name\" content=\"Covers4Car\" \/>\n<meta property=\"article:publisher\" content=\"https:\/\/www.facebook.com\/profile.php?id=61564533557142\" \/>\n<meta property=\"article:modified_time\" content=\"2026-03-20T09:54:01+00:00\" \/>\n<meta property=\"og:image\" content=\"https:\/\/covers4car.com\/wp-content\/uploads\/2025\/06\/O1CN01BFGnhb1fZD8b4uEaV_2217603144020-0-cib.webp\" \/>\n\t<meta property=\"og:image:width\" content=\"1000\" \/>\n\t<meta property=\"og:image:height\" content=\"1000\" \/>\n\t<meta property=\"og:image:type\" content=\"image\/webp\" \/>\n<meta name=\"twitter:card\" content=\"summary_large_image\" \/>\n<meta name=\"twitter:site\" content=\"@covers4carstore\" \/>\n<meta name=\"twitter:label1\" content=\"Estimeret l\u00e6setid\" \/>\n\t<meta name=\"twitter:data1\" content=\"1 minut\" \/>\n<script type=\"application\/ld+json\" class=\"yoast-schema-graph\">{\"@context\":\"https:\/\/schema.org\",\"@graph\":[{\"@type\":\"WebPage\",\"@id\":\"https:\/\/covers4car.com\/product\/natural-wooden-bead-seat-cushion-for-all-cars-breathable-massage-universal-fit\/\",\"url\":\"https:\/\/covers4car.com\/product\/natural-wooden-bead-seat-cushion-for-all-cars-breathable-massage-universal-fit\/\",\"name\":\"Natural Wooden Bead Seat Cushion for All Cars-Breathable & Massage Universal Fit - Covers4Car\",\"isPartOf\":{\"@id\":\"https:\/\/covers4car.com\/#website\"},\"primaryImageOfPage\":{\"@id\":\"https:\/\/covers4car.com\/product\/natural-wooden-bead-seat-cushion-for-all-cars-breathable-massage-universal-fit\/#primaryimage\"},\"image\":{\"@id\":\"https:\/\/covers4car.com\/product\/natural-wooden-bead-seat-cushion-for-all-cars-breathable-massage-universal-fit\/#primaryimage\"},\"thumbnailUrl\":\"https:\/\/covers4car.com\/wp-content\/uploads\/2025\/06\/O1CN01BFGnhb1fZD8b4uEaV_2217603144020-0-cib.webp\",\"datePublished\":\"2025-06-26T11:37:51+00:00\",\"dateModified\":\"2026-03-20T09:54:01+00:00\",\"description\":\"Natural Wooden Bead Seat Cushion for All Cars-Breathable & Massage Universal Fit Keep cool, comfortable, and supported during every drive with this natural wooden bead car seat cushion. The ventilated bead design promotes airflow,\",\"breadcrumb\":{\"@id\":\"https:\/\/covers4car.com\/product\/natural-wooden-bead-seat-cushion-for-all-cars-breathable-massage-universal-fit\/#breadcrumb\"},\"inLanguage\":\"da-DK\",\"potentialAction\":[{\"@type\":\"ReadAction\",\"target\":[\"https:\/\/covers4car.com\/product\/natural-wooden-bead-seat-cushion-for-all-cars-breathable-massage-universal-fit\/\"]}]},{\"@type\":\"ImageObject\",\"inLanguage\":\"da-DK\",\"@id\":\"https:\/\/covers4car.com\/product\/natural-wooden-bead-seat-cushion-for-all-cars-breathable-massage-universal-fit\/#primaryimage\",\"url\":\"https:\/\/covers4car.com\/wp-content\/uploads\/2025\/06\/O1CN01BFGnhb1fZD8b4uEaV_2217603144020-0-cib.webp\",\"contentUrl\":\"https:\/\/covers4car.com\/wp-content\/uploads\/2025\/06\/O1CN01BFGnhb1fZD8b4uEaV_2217603144020-0-cib.webp\",\"width\":1000,\"height\":1000},{\"@type\":\"BreadcrumbList\",\"@id\":\"https:\/\/covers4car.com\/product\/natural-wooden-bead-seat-cushion-for-all-cars-breathable-massage-universal-fit\/#breadcrumb\",\"itemListElement\":[{\"@type\":\"ListItem\",\"position\":1,\"name\":\"Home\",\"item\":\"https:\/\/covers4car.com\/\"},{\"@type\":\"ListItem\",\"position\":2,\"name\":\"Shop\",\"item\":\"https:\/\/covers4car.com\/shop\/\"},{\"@type\":\"ListItem\",\"position\":3,\"name\":\"Natural Wooden Bead Seat Cushion for All Cars-Breathable &#038; Massage Universal Fit\"}]},{\"@type\":\"WebSite\",\"@id\":\"https:\/\/covers4car.com\/#website\",\"url\":\"https:\/\/covers4car.com\/\",\"name\":\"Covers4Car\",\"description\":\"Professional Seat Covers Tailored for Your Vehicle\",\"publisher\":{\"@id\":\"https:\/\/covers4car.com\/#organization\"},\"potentialAction\":[{\"@type\":\"SearchAction\",\"target\":{\"@type\":\"EntryPoint\",\"urlTemplate\":\"https:\/\/covers4car.com\/?s={search_term_string}\"},\"query-input\":{\"@type\":\"PropertyValueSpecification\",\"valueRequired\":true,\"valueName\":\"search_term_string\"}}],\"inLanguage\":\"da-DK\"},{\"@type\":\"Organization\",\"@id\":\"https:\/\/covers4car.com\/#organization\",\"name\":\"Covers4Car\",\"url\":\"https:\/\/covers4car.com\/\",\"logo\":{\"@type\":\"ImageObject\",\"inLanguage\":\"da-DK\",\"@id\":\"https:\/\/covers4car.com\/#\/schema\/logo\/image\/\",\"url\":\"https:\/\/covers4car.com\/wp-content\/uploads\/2024\/11\/Asset-2@5x-copy.jpg\",\"contentUrl\":\"https:\/\/covers4car.com\/wp-content\/uploads\/2024\/11\/Asset-2@5x-copy.jpg\",\"width\":877,\"height\":877,\"caption\":\"Covers4Car\"},\"image\":{\"@id\":\"https:\/\/covers4car.com\/#\/schema\/logo\/image\/\"},\"sameAs\":[\"https:\/\/www.facebook.com\/profile.php?id=61564533557142\",\"https:\/\/x.com\/covers4carstore\"]}]}<\/script>\n<!-- \/ Yoast SEO Premium plugin. -->","yoast_head_json":{"title":"Natural Wooden Bead Seat Cushion for All Cars-Breathable & Massage Universal Fit - Covers4Car","description":"Natural Wooden Bead Seat Cushion for All Cars-Breathable & Massage Universal Fit Keep cool, comfortable, and supported during every drive with this natural wooden bead car seat cushion. The ventilated bead design promotes airflow,","robots":{"index":"index","follow":"follow","max-snippet":"max-snippet:-1","max-image-preview":"max-image-preview:large","max-video-preview":"max-video-preview:-1"},"canonical":"https:\/\/covers4car.com\/da\/vare\/natural-wooden-bead-seat-cushion-for-all-cars-breathable-massage-universal-fit\/","og_locale":"da_DK","og_type":"article","og_title":"Natural Wooden Bead Seat Cushion for All Cars-Breathable & Massage Universal Fit","og_description":"Natural Wooden Bead Seat Cushion for All Cars-Breathable & Massage Universal Fit Keep cool, comfortable, and supported during every drive with this natural wooden bead car seat cushion. The ventilated bead design promotes airflow,","og_url":"https:\/\/covers4car.com\/da\/vare\/natural-wooden-bead-seat-cushion-for-all-cars-breathable-massage-universal-fit\/","og_site_name":"Covers4Car","article_publisher":"https:\/\/www.facebook.com\/profile.php?id=61564533557142","article_modified_time":"2026-03-20T09:54:01+00:00","og_image":[{"width":1000,"height":1000,"url":"https:\/\/covers4car.com\/wp-content\/uploads\/2025\/06\/O1CN01BFGnhb1fZD8b4uEaV_2217603144020-0-cib.webp","type":"image\/webp"}],"twitter_card":"summary_large_image","twitter_site":"@covers4carstore","twitter_misc":{"Estimeret l\u00e6setid":"1 minut"},"schema":{"@context":"https:\/\/schema.org","@graph":[{"@type":"WebPage","@id":"https:\/\/covers4car.com\/product\/natural-wooden-bead-seat-cushion-for-all-cars-breathable-massage-universal-fit\/","url":"https:\/\/covers4car.com\/product\/natural-wooden-bead-seat-cushion-for-all-cars-breathable-massage-universal-fit\/","name":"Natural Wooden Bead Seat Cushion for All Cars-Breathable & Massage Universal Fit - Covers4Car","isPartOf":{"@id":"https:\/\/covers4car.com\/#website"},"primaryImageOfPage":{"@id":"https:\/\/covers4car.com\/product\/natural-wooden-bead-seat-cushion-for-all-cars-breathable-massage-universal-fit\/#primaryimage"},"image":{"@id":"https:\/\/covers4car.com\/product\/natural-wooden-bead-seat-cushion-for-all-cars-breathable-massage-universal-fit\/#primaryimage"},"thumbnailUrl":"https:\/\/covers4car.com\/wp-content\/uploads\/2025\/06\/O1CN01BFGnhb1fZD8b4uEaV_2217603144020-0-cib.webp","datePublished":"2025-06-26T11:37:51+00:00","dateModified":"2026-03-20T09:54:01+00:00","description":"Natural Wooden Bead Seat Cushion for All Cars-Breathable & Massage Universal Fit Keep cool, comfortable, and supported during every drive with this natural wooden bead car seat cushion. The ventilated bead design promotes airflow,","breadcrumb":{"@id":"https:\/\/covers4car.com\/product\/natural-wooden-bead-seat-cushion-for-all-cars-breathable-massage-universal-fit\/#breadcrumb"},"inLanguage":"da-DK","potentialAction":[{"@type":"ReadAction","target":["https:\/\/covers4car.com\/product\/natural-wooden-bead-seat-cushion-for-all-cars-breathable-massage-universal-fit\/"]}]},{"@type":"ImageObject","inLanguage":"da-DK","@id":"https:\/\/covers4car.com\/product\/natural-wooden-bead-seat-cushion-for-all-cars-breathable-massage-universal-fit\/#primaryimage","url":"https:\/\/covers4car.com\/wp-content\/uploads\/2025\/06\/O1CN01BFGnhb1fZD8b4uEaV_2217603144020-0-cib.webp","contentUrl":"https:\/\/covers4car.com\/wp-content\/uploads\/2025\/06\/O1CN01BFGnhb1fZD8b4uEaV_2217603144020-0-cib.webp","width":1000,"height":1000},{"@type":"BreadcrumbList","@id":"https:\/\/covers4car.com\/product\/natural-wooden-bead-seat-cushion-for-all-cars-breathable-massage-universal-fit\/#breadcrumb","itemListElement":[{"@type":"ListItem","position":1,"name":"Home","item":"https:\/\/covers4car.com\/"},{"@type":"ListItem","position":2,"name":"Shop","item":"https:\/\/covers4car.com\/shop\/"},{"@type":"ListItem","position":3,"name":"Natural Wooden Bead Seat Cushion for All Cars-Breathable &#038; Massage Universal Fit"}]},{"@type":"WebSite","@id":"https:\/\/covers4car.com\/#website","url":"https:\/\/covers4car.com\/","name":"Covers4Car","description":"Professionelle s\u00e6debetr\u00e6k skr\u00e6ddersyet til dit k\u00f8ret\u00f8j","publisher":{"@id":"https:\/\/covers4car.com\/#organization"},"potentialAction":[{"@type":"SearchAction","target":{"@type":"EntryPoint","urlTemplate":"https:\/\/covers4car.com\/?s={search_term_string}"},"query-input":{"@type":"PropertyValueSpecification","valueRequired":true,"valueName":"search_term_string"}}],"inLanguage":"da-DK"},{"@type":"Organization","@id":"https:\/\/covers4car.com\/#organization","name":"Covers4Car","url":"https:\/\/covers4car.com\/","logo":{"@type":"ImageObject","inLanguage":"da-DK","@id":"https:\/\/covers4car.com\/#\/schema\/logo\/image\/","url":"https:\/\/covers4car.com\/wp-content\/uploads\/2024\/11\/Asset-2@5x-copy.jpg","contentUrl":"https:\/\/covers4car.com\/wp-content\/uploads\/2024\/11\/Asset-2@5x-copy.jpg","width":877,"height":877,"caption":"Covers4Car"},"image":{"@id":"https:\/\/covers4car.com\/#\/schema\/logo\/image\/"},"sameAs":["https:\/\/www.facebook.com\/profile.php?id=61564533557142","https:\/\/x.com\/covers4carstore"]}]}},"_links":{"self":[{"href":"https:\/\/covers4car.com\/da\/wp-json\/wp\/v2\/product\/17956","targetHints":{"allow":["GET"]}}],"collection":[{"href":"https:\/\/covers4car.com\/da\/wp-json\/wp\/v2\/product"}],"about":[{"href":"https:\/\/covers4car.com\/da\/wp-json\/wp\/v2\/types\/product"}],"replies":[{"embeddable":true,"href":"https:\/\/covers4car.com\/da\/wp-json\/wp\/v2\/comments?post=17956"}],"version-history":[{"count":0,"href":"https:\/\/covers4car.com\/da\/wp-json\/wp\/v2\/product\/17956\/revisions"}],"wp:featuredmedia":[{"embeddable":true,"href":"https:\/\/covers4car.com\/da\/wp-json\/wp\/v2\/media\/17961"}],"wp:attachment":[{"href":"https:\/\/covers4car.com\/da\/wp-json\/wp\/v2\/media?parent=17956"}],"wp:term":[{"taxonomy":"product_brand","embeddable":true,"href":"https:\/\/covers4car.com\/da\/wp-json\/wp\/v2\/product_brand?post=17956"},{"taxonomy":"product_cat","embeddable":true,"href":"https:\/\/covers4car.com\/da\/wp-json\/wp\/v2\/product_cat?post=17956"},{"taxonomy":"product_tag","embeddable":true,"href":"https:\/\/covers4car.com\/da\/wp-json\/wp\/v2\/product_tag?post=17956"},{"taxonomy":"jet_color","embeddable":true,"href":"https:\/\/covers4car.com\/da\/wp-json\/wp\/v2\/jet_color?post=17956"},{"taxonomy":"jet_material","embeddable":true,"href":"https:\/\/covers4car.com\/da\/wp-json\/wp\/v2\/jet_material?post=17956"},{"taxonomy":"jet_coverage","embeddable":true,"href":"https:\/\/covers4car.com\/da\/wp-json\/wp\/v2\/jet_coverage?post=17956"}],"curies":[{"name":"wp","href":"https:\/\/api.w.org\/{rel}","templated":true}]}}