{"id":20485,"date":"2025-08-21T02:50:53","date_gmt":"2025-08-21T09:50:53","guid":{"rendered":"https:\/\/covers4car.com\/?post_type=product&#038;p=20485"},"modified":"2026-04-05T02:10:36","modified_gmt":"2026-04-05T09:10:36","slug":"all-inclusive-seat-for-5-seat-tesla-model-3-2018-2023","status":"publish","type":"product","link":"https:\/\/covers4car.com\/da\/vare\/all-inclusive-seat-for-5-seat-tesla-model-3-2018-2023\/","title":{"rendered":"Alt-inklusivt specialtilpasset s\u00e6debetr\u00e6k til 5-s\u00e6ders Tesla Model 3 2018-2023"},"content":{"rendered":"<p><iframe title=\"YouTube video afspiller\" src=\"https:\/\/www.youtube.com\/embed\/COmsQvOYHhw?si=hvbW41QFMxbAolNh\" width=\"560\" height=\"315\" frameborder=\"0\" allowfullscreen=\"allowfullscreen\"><\/iframe><br \/>\nForvandl din k\u00f8reoplevelse med Covers4carAll-Inclusive 2018-2023 Model 3.5 s\u00e6debetr\u00e6k til Tesla, omhyggeligt fremstillet for at give elegance i fabriksstil, overlegen holdbarhed, omfattende beskyttelse og brugerdefinerbar komfort, hvilket sikrer, at din Tesla forbliver stilfuld og komfortabel i mange \u00e5r fremover, samtidig med at den \u00f8ger dens gensalgsv\u00e6rdi.<\/p>\n<ul>\n<li><strong>Bem\u00e6rk: Nappal\u00e6der i diamantform og standardl\u00e6der i diamantform leveres uden \u00e5ndbare perforeringer, da de \u00e5ndbare perforerede designs vil p\u00e5virke s\u00e6debetr\u00e6kkenes overordnede udseende.<\/strong><\/li>\n<li>Perfekt pasform i fabriksstil: Designet til at matche det luksuri\u00f8se udseende og f\u00f8lelse af Tesla&#039;s fabrikss\u00e6der, hvilket sikrer en s\u00f8ml\u00f8s pasform og \u00e6stetisk appel.<\/li>\n<\/ul>\n<p><img fetchpriority=\"high\" decoding=\"async\" class=\"wd-lazy-fade alignnone size-full wp-image-10042\" src=\"https:\/\/covers4car.com\/wp-content\/themes\/woodmart\/images\/lazy.svg\" data-src=\"https:\/\/covers4car.com\/wp-content\/uploads\/2024\/11\/01.jpg\" alt=\"\" width=\"750\" height=\"463\" srcset=\"\" data-srcset=\"https:\/\/covers4car.com\/wp-content\/uploads\/2024\/11\/01.jpg 750w, https:\/\/covers4car.com\/wp-content\/uploads\/2024\/11\/01-148x91.jpg 148w, https:\/\/covers4car.com\/wp-content\/uploads\/2024\/11\/01-300x185.jpg 300w\" sizes=\"(max-width: 750px) 100vw, 750px\" \/><\/p>\n<p><img decoding=\"async\" class=\"wd-lazy-fade alignnone size-full wp-image-10046\" src=\"https:\/\/covers4car.com\/wp-content\/themes\/woodmart\/images\/lazy.svg\" data-src=\"https:\/\/covers4car.com\/wp-content\/uploads\/2024\/11\/A2_8855e6be-5b70-4823-a124-d447549d8c4d.jpg\" alt=\"\" width=\"750\" height=\"463\" srcset=\"\" data-srcset=\"https:\/\/covers4car.com\/wp-content\/uploads\/2024\/11\/A2_8855e6be-5b70-4823-a124-d447549d8c4d.jpg 750w, https:\/\/covers4car.com\/wp-content\/uploads\/2024\/11\/A2_8855e6be-5b70-4823-a124-d447549d8c4d-148x91.jpg 148w, https:\/\/covers4car.com\/wp-content\/uploads\/2024\/11\/A2_8855e6be-5b70-4823-a124-d447549d8c4d-300x185.jpg 300w\" sizes=\"(max-width: 750px) 100vw, 750px\" \/><\/p>\n<p><img decoding=\"async\" class=\"wd-lazy-fade alignnone size-full wp-image-10047\" src=\"https:\/\/covers4car.com\/wp-content\/themes\/woodmart\/images\/lazy.svg\" data-src=\"https:\/\/covers4car.com\/wp-content\/uploads\/2024\/11\/A3_9429b3ae-1351-4f18-a89f-c6c862338a9b.jpg\" alt=\"\" width=\"750\" height=\"463\" srcset=\"\" data-srcset=\"https:\/\/covers4car.com\/wp-content\/uploads\/2024\/11\/A3_9429b3ae-1351-4f18-a89f-c6c862338a9b.jpg 750w, https:\/\/covers4car.com\/wp-content\/uploads\/2024\/11\/A3_9429b3ae-1351-4f18-a89f-c6c862338a9b-148x91.jpg 148w, https:\/\/covers4car.com\/wp-content\/uploads\/2024\/11\/A3_9429b3ae-1351-4f18-a89f-c6c862338a9b-300x185.jpg 300w\" sizes=\"(max-width: 750px) 100vw, 750px\" \/><\/p>\n<ul>\n<li>Forbedret holdbarhed: Fremstillet af holdbare materialer med en glat, \u00e5ndbar overflade, der er nem at reng\u00f8re og bevarer komforten p\u00e5 alle \u00e5rstider.<\/li>\n<\/ul>\n<p><img loading=\"lazy\" decoding=\"async\" class=\"wd-lazy-fade alignnone size-full wp-image-10043\" src=\"https:\/\/covers4car.com\/wp-content\/themes\/woodmart\/images\/lazy.svg\" data-src=\"https:\/\/covers4car.com\/wp-content\/uploads\/2024\/11\/7_6fc764b9-134c-405f-ae69-5fb20a3db79e.jpg\" alt=\"\" width=\"750\" height=\"750\" srcset=\"\" data-srcset=\"https:\/\/covers4car.com\/wp-content\/uploads\/2024\/11\/7_6fc764b9-134c-405f-ae69-5fb20a3db79e.jpg 750w, https:\/\/covers4car.com\/wp-content\/uploads\/2024\/11\/7_6fc764b9-134c-405f-ae69-5fb20a3db79e-600x600.jpg 600w, https:\/\/covers4car.com\/wp-content\/uploads\/2024\/11\/7_6fc764b9-134c-405f-ae69-5fb20a3db79e-148x148.jpg 148w, https:\/\/covers4car.com\/wp-content\/uploads\/2024\/11\/7_6fc764b9-134c-405f-ae69-5fb20a3db79e-300x300.jpg 300w, https:\/\/covers4car.com\/wp-content\/uploads\/2024\/11\/7_6fc764b9-134c-405f-ae69-5fb20a3db79e-150x150.jpg 150w\" sizes=\"(max-width: 750px) 100vw, 750px\" \/><\/p>\n<ul>\n<li>Sikkerhed ved k\u00f8rsel: Har reserverede airbag\u00e5bninger for \u00f8get sikkerhed og ro i sindet.<\/li>\n<\/ul>\n<p><a href=\"https:\/\/covers4car.com\/wp-content\/uploads\/2025\/08\/5-7.webp\"><img loading=\"lazy\" decoding=\"async\" class=\"wd-lazy-fade alignnone size-full wp-image-21732\" src=\"https:\/\/covers4car.com\/wp-content\/themes\/woodmart\/images\/lazy.svg\" data-src=\"https:\/\/covers4car.com\/wp-content\/uploads\/2025\/08\/5-7.webp\" alt=\"\" width=\"1000\" height=\"1000\" srcset=\"\" data-srcset=\"https:\/\/covers4car.com\/wp-content\/uploads\/2025\/08\/5-7.webp 1000w, https:\/\/covers4car.com\/wp-content\/uploads\/2025\/08\/5-7-300x300.webp 300w, https:\/\/covers4car.com\/wp-content\/uploads\/2025\/08\/5-7-150x150.webp 150w, https:\/\/covers4car.com\/wp-content\/uploads\/2025\/08\/5-7-768x768.webp 768w, https:\/\/covers4car.com\/wp-content\/uploads\/2025\/08\/5-7-12x12.webp 12w, https:\/\/covers4car.com\/wp-content\/uploads\/2025\/08\/5-7-600x600.webp 600w, https:\/\/covers4car.com\/wp-content\/uploads\/2025\/08\/5-7-148x148.webp 148w, https:\/\/covers4car.com\/wp-content\/uploads\/2025\/08\/5-7-50x50.webp 50w, https:\/\/covers4car.com\/wp-content\/uploads\/2025\/08\/5-7-100x100.webp 100w\" sizes=\"(max-width: 1000px) 100vw, 1000px\" \/><\/a><\/p>\n<ul>\n<li>Omfattende beskyttelse: Giver 360\u00b0 d\u00e6kning for at beskytte dine Tesla Model 3 s\u00e6der mod snavs, pletter, afskrabninger og slid for\u00e5rsaget af k\u00e6ledyr eller b\u00f8rn, og holder dem uber\u00f8rte. K\u00e6ledyrs mudrede poteaftryk, sm\u00e5 drikkevarer fra b\u00f8rnene kan hurtigt t\u00f8rres af med et h\u00e5ndkl\u00e6de, som f\u00e5r dine s\u00e6der til at se s\u00e5 gode ud som nye.<\/li>\n<\/ul>\n<p><img loading=\"lazy\" decoding=\"async\" class=\"wd-lazy-fade alignnone size-full wp-image-10048\" src=\"https:\/\/covers4car.com\/wp-content\/themes\/woodmart\/images\/lazy.svg\" data-src=\"https:\/\/covers4car.com\/wp-content\/uploads\/2024\/11\/A4_a7f33a7e-b5d8-4877-b302-171eb64df151.jpg\" alt=\"\" width=\"750\" height=\"463\" srcset=\"\" data-srcset=\"https:\/\/covers4car.com\/wp-content\/uploads\/2024\/11\/A4_a7f33a7e-b5d8-4877-b302-171eb64df151.jpg 750w, https:\/\/covers4car.com\/wp-content\/uploads\/2024\/11\/A4_a7f33a7e-b5d8-4877-b302-171eb64df151-148x91.jpg 148w, https:\/\/covers4car.com\/wp-content\/uploads\/2024\/11\/A4_a7f33a7e-b5d8-4877-b302-171eb64df151-300x185.jpg 300w\" sizes=\"(max-width: 750px) 100vw, 750px\" \/><\/p>\n<ul>\n<li>Levetid og gensalgsv\u00e6rdi: Forl\u00e6nger levetiden for dine Tesla-s\u00e6der med 5-6 \u00e5r, beskytter dem mod skader og bevarer k\u00f8ret\u00f8jets videresalgspotentiale.<\/li>\n<\/ul>\n<p><img loading=\"lazy\" decoding=\"async\" class=\"wd-lazy-fade alignnone size-full wp-image-10050\" src=\"https:\/\/covers4car.com\/wp-content\/themes\/woodmart\/images\/lazy.svg\" data-src=\"https:\/\/covers4car.com\/wp-content\/uploads\/2024\/11\/B6_dd615875-ce16-4f9a-a1c1-f298f3c03383.jpg\" alt=\"\" width=\"750\" height=\"463\" srcset=\"\" data-srcset=\"https:\/\/covers4car.com\/wp-content\/uploads\/2024\/11\/B6_dd615875-ce16-4f9a-a1c1-f298f3c03383.jpg 750w, https:\/\/covers4car.com\/wp-content\/uploads\/2024\/11\/B6_dd615875-ce16-4f9a-a1c1-f298f3c03383-148x91.jpg 148w, https:\/\/covers4car.com\/wp-content\/uploads\/2024\/11\/B6_dd615875-ce16-4f9a-a1c1-f298f3c03383-300x185.jpg 300w\" sizes=\"(max-width: 750px) 100vw, 750px\" \/><\/p>\n<ul>\n<li>Komfortabel p\u00e5 lange rejser: Oplev uovertruffen komfort p\u00e5 lange rejser med vores tilpassede, altomfattende s\u00e6debetr\u00e6k, designet til at give overlegen d\u00e6mpning og st\u00f8tte, hvilket sikrer, at du forbliver afslappet og komfortabel, uanset hvor langt du rejser.<\/li>\n<\/ul>\n<p><img loading=\"lazy\" decoding=\"async\" class=\"wd-lazy-fade alignnone size-full wp-image-10049\" src=\"https:\/\/covers4car.com\/wp-content\/themes\/woodmart\/images\/lazy.svg\" data-src=\"https:\/\/covers4car.com\/wp-content\/uploads\/2024\/11\/A5_439d7976-5d38-4d1f-9c7f-1edda6314879.jpg\" alt=\"\" width=\"750\" height=\"463\" srcset=\"\" data-srcset=\"https:\/\/covers4car.com\/wp-content\/uploads\/2024\/11\/A5_439d7976-5d38-4d1f-9c7f-1edda6314879.jpg 750w, https:\/\/covers4car.com\/wp-content\/uploads\/2024\/11\/A5_439d7976-5d38-4d1f-9c7f-1edda6314879-148x91.jpg 148w, https:\/\/covers4car.com\/wp-content\/uploads\/2024\/11\/A5_439d7976-5d38-4d1f-9c7f-1edda6314879-300x185.jpg 300w\" sizes=\"(max-width: 750px) 100vw, 750px\" \/><\/p>\n<ul>\n<li>Flere farver: F\u00e5s i flere farver med muligheder for tofarvede farvekombinationer, s\u00e5 du kan personligg\u00f8re interi\u00f8ret i din Model 3.<\/li>\n<\/ul>\n<p><img loading=\"lazy\" decoding=\"async\" class=\"wd-lazy-fade alignnone size-full wp-image-10099\" src=\"https:\/\/covers4car.com\/wp-content\/themes\/woodmart\/images\/lazy.svg\" data-src=\"https:\/\/covers4car.com\/wp-content\/uploads\/2024\/11\/750-888.jpg\" alt=\"\" width=\"750\" height=\"750\" srcset=\"\" data-srcset=\"https:\/\/covers4car.com\/wp-content\/uploads\/2024\/11\/750-888.jpg 750w, https:\/\/covers4car.com\/wp-content\/uploads\/2024\/11\/750-888-600x600.jpg 600w, https:\/\/covers4car.com\/wp-content\/uploads\/2024\/11\/750-888-148x148.jpg 148w, https:\/\/covers4car.com\/wp-content\/uploads\/2024\/11\/750-888-300x300.jpg 300w, https:\/\/covers4car.com\/wp-content\/uploads\/2024\/11\/750-888-150x150.jpg 150w\" sizes=\"(max-width: 750px) 100vw, 750px\" \/><\/p>\n<p><strong>Pasform: 2018-2023 Model 3 (Ikke egnet til Model 3 Highland)<\/strong><\/p>\n<p><strong>Komplet s\u00e6t (for- og bags\u00e6der):<\/strong><\/p>\n<ul>\n<li>2x fors\u00e6debetr\u00e6k<\/li>\n<li>1x arml\u00e6nsbetr\u00e6k<\/li>\n<li>1x fuld bags\u00e6debetr\u00e6k<\/li>\n<\/ul>\n<p><strong>Kun fors\u00e6der<\/strong><\/p>\n<ul>\n<li>2x fors\u00e6debetr\u00e6k<\/li>\n<li>1x arml\u00e6nsbetr\u00e6k<\/li>\n<\/ul>\n<p><strong>Kun bags\u00e6der<\/strong><\/p>\n<ul>\n<li>1x fuld bags\u00e6debetr\u00e6k<\/li>\n<\/ul>\n<p><strong>Installationsvejledning:<\/strong><br \/>\n<iframe title=\"YouTube video afspiller\" src=\"https:\/\/www.youtube.com\/embed\/W46RN7fb1Rg?si=KSwnVbty6iQcvaxn\" width=\"560\" height=\"315\" frameborder=\"0\" allowfullscreen=\"allowfullscreen\"><span data-mce-type=\"bookmark\" style=\"display: inline-block; width: 0px; overflow: hidden; line-height: 0;\" class=\"mce_SELRES_start\">?<\/span><\/iframe><br \/>\n<iframe title=\"YouTube video afspiller\" src=\"https:\/\/www.youtube.com\/embed\/mHfcbLZHCb4?si=CRy_rU7-WvIRHeDg\" width=\"560\" height=\"315\" frameborder=\"0\" allowfullscreen=\"allowfullscreen\"><\/iframe><\/p>","protected":false},"excerpt":{"rendered":"<p>Transform your driving experience with Covers4carAll-Inclusive 2018-2023 Model 3 5 Seat Cover for Tesla, meticulously crafted to provide factory-style elegance,<\/p>","protected":false},"featured_media":21754,"comment_status":"open","ping_status":"closed","template":"","meta":{"_acf_changed":false,"_monsterinsights_skip_tracking":false,"_monsterinsights_sitenote_active":false,"_monsterinsights_sitenote_note":"","_monsterinsights_sitenote_category":0},"product_brand":[],"product_cat":[124,87,22971],"product_tag":[55004],"jet_color":[],"jet_material":[],"jet_coverage":[],"class_list":{"0":"post-20485","1":"product","2":"type-product","3":"status-publish","4":"has-post-thumbnail","6":"product_cat-seat-cover","7":"product_cat-seat-cover-for-tesla","8":"product_cat-seat-cover-for-tesla-model-3","9":"product_tag-fit-model-3","11":"first","12":"instock","13":"shipping-taxable","14":"purchasable","15":"product-type-variable","16":"has-default-attributes","17":"wvs-archive-product-wrapper"},"acf":[],"yoast_head":"<!-- This site is optimized with the Yoast SEO Premium plugin v26.4 (Yoast SEO v26.4) - https:\/\/yoast.com\/wordpress\/plugins\/seo\/ -->\n<title>All-Inclusive Tesla Model 3 Seat Covers 2018-2023 | Custom Fit<\/title>\n<meta name=\"description\" content=\"Upgrade your Tesla Model 3 (2018-2023) with all-inclusive custom-fit seat covers. Durable, stylish, and factory-style comfort with free shipping.\" \/>\n<meta name=\"robots\" content=\"index, follow, max-snippet:-1, max-image-preview:large, max-video-preview:-1\" \/>\n<link rel=\"canonical\" href=\"https:\/\/covers4car.com\/da\/all-inclusive-seat-for-5-seat-tesla-model-3-2018-2023\/\" \/>\n<meta property=\"og:locale\" content=\"da_DK\" \/>\n<meta property=\"og:type\" content=\"article\" \/>\n<meta property=\"og:title\" content=\"All-Inclusive Custom-Fit Seat Cover for 5 Seat Tesla Model 3 2018-2023\" \/>\n<meta property=\"og:description\" content=\"Upgrade your Tesla Model 3 (2018-2023) with all-inclusive custom-fit seat covers. Durable, stylish, and factory-style comfort with free shipping.\" \/>\n<meta property=\"og:url\" content=\"https:\/\/covers4car.com\/da\/all-inclusive-seat-for-5-seat-tesla-model-3-2018-2023\/\" \/>\n<meta property=\"og:site_name\" content=\"Covers4Car\" \/>\n<meta property=\"article:publisher\" content=\"https:\/\/www.facebook.com\/profile.php?id=61564533557142\" \/>\n<meta property=\"article:modified_time\" content=\"2026-04-05T09:10:36+00:00\" \/>\n<meta property=\"og:image\" content=\"https:\/\/covers4car.com\/wp-content\/uploads\/2025\/08\/1-1-3.webp\" \/>\n\t<meta property=\"og:image:width\" content=\"1000\" \/>\n\t<meta property=\"og:image:height\" content=\"1000\" \/>\n\t<meta property=\"og:image:type\" content=\"image\/webp\" \/>\n<meta name=\"twitter:card\" content=\"summary_large_image\" \/>\n<meta name=\"twitter:site\" content=\"@covers4carstore\" \/>\n<meta name=\"twitter:label1\" content=\"Estimeret l\u00e6setid\" \/>\n\t<meta name=\"twitter:data1\" content=\"4 minutter\" \/>\n<script type=\"application\/ld+json\" class=\"yoast-schema-graph\">{\"@context\":\"https:\/\/schema.org\",\"@graph\":[{\"@type\":\"WebPage\",\"@id\":\"https:\/\/covers4car.com\/product\/all-inclusive-seat-for-5-seat-tesla-model-3-2018-2023\/\",\"url\":\"https:\/\/covers4car.com\/all-inclusive-seat-for-5-seat-tesla-model-3-2018-2023\/\",\"name\":\"All-Inclusive Tesla Model 3 Seat Covers 2018-2023 | Custom Fit\",\"isPartOf\":{\"@id\":\"https:\/\/covers4car.com\/#website\"},\"primaryImageOfPage\":{\"@id\":\"https:\/\/covers4car.com\/all-inclusive-seat-for-5-seat-tesla-model-3-2018-2023\/#primaryimage\"},\"image\":{\"@id\":\"https:\/\/covers4car.com\/all-inclusive-seat-for-5-seat-tesla-model-3-2018-2023\/#primaryimage\"},\"thumbnailUrl\":\"https:\/\/covers4car.com\/wp-content\/uploads\/2025\/08\/1-1-3.webp\",\"datePublished\":\"2025-08-21T09:50:53+00:00\",\"dateModified\":\"2026-04-05T09:10:36+00:00\",\"description\":\"Upgrade your Tesla Model 3 (2018-2023) with all-inclusive custom-fit seat covers. Durable, stylish, and factory-style comfort with free shipping.\",\"breadcrumb\":{\"@id\":\"https:\/\/covers4car.com\/all-inclusive-seat-for-5-seat-tesla-model-3-2018-2023\/#breadcrumb\"},\"inLanguage\":\"da-DK\",\"potentialAction\":[{\"@type\":\"ReadAction\",\"target\":[\"https:\/\/covers4car.com\/all-inclusive-seat-for-5-seat-tesla-model-3-2018-2023\/\"]}]},{\"@type\":\"ImageObject\",\"inLanguage\":\"da-DK\",\"@id\":\"https:\/\/covers4car.com\/all-inclusive-seat-for-5-seat-tesla-model-3-2018-2023\/#primaryimage\",\"url\":\"https:\/\/covers4car.com\/wp-content\/uploads\/2025\/08\/1-1-3.webp\",\"contentUrl\":\"https:\/\/covers4car.com\/wp-content\/uploads\/2025\/08\/1-1-3.webp\",\"width\":1000,\"height\":1000},{\"@type\":\"BreadcrumbList\",\"@id\":\"https:\/\/covers4car.com\/all-inclusive-seat-for-5-seat-tesla-model-3-2018-2023\/#breadcrumb\",\"itemListElement\":[{\"@type\":\"ListItem\",\"position\":1,\"name\":\"Home\",\"item\":\"https:\/\/covers4car.com\/\"},{\"@type\":\"ListItem\",\"position\":2,\"name\":\"Shop\",\"item\":\"https:\/\/covers4car.com\/shop\/\"},{\"@type\":\"ListItem\",\"position\":3,\"name\":\"All-Inclusive Custom-Fit Seat Cover for 5 Seat Tesla Model 3 2018-2023\"}]},{\"@type\":\"WebSite\",\"@id\":\"https:\/\/covers4car.com\/#website\",\"url\":\"https:\/\/covers4car.com\/\",\"name\":\"Covers4Car\",\"description\":\"Professional Seat Covers Tailored for Your Vehicle\",\"publisher\":{\"@id\":\"https:\/\/covers4car.com\/#organization\"},\"potentialAction\":[{\"@type\":\"SearchAction\",\"target\":{\"@type\":\"EntryPoint\",\"urlTemplate\":\"https:\/\/covers4car.com\/?s={search_term_string}\"},\"query-input\":{\"@type\":\"PropertyValueSpecification\",\"valueRequired\":true,\"valueName\":\"search_term_string\"}}],\"inLanguage\":\"da-DK\"},{\"@type\":\"Organization\",\"@id\":\"https:\/\/covers4car.com\/#organization\",\"name\":\"Covers4Car\",\"url\":\"https:\/\/covers4car.com\/\",\"logo\":{\"@type\":\"ImageObject\",\"inLanguage\":\"da-DK\",\"@id\":\"https:\/\/covers4car.com\/#\/schema\/logo\/image\/\",\"url\":\"https:\/\/covers4car.com\/wp-content\/uploads\/2024\/11\/Asset-2@5x-copy.jpg\",\"contentUrl\":\"https:\/\/covers4car.com\/wp-content\/uploads\/2024\/11\/Asset-2@5x-copy.jpg\",\"width\":877,\"height\":877,\"caption\":\"Covers4Car\"},\"image\":{\"@id\":\"https:\/\/covers4car.com\/#\/schema\/logo\/image\/\"},\"sameAs\":[\"https:\/\/www.facebook.com\/profile.php?id=61564533557142\",\"https:\/\/x.com\/covers4carstore\"]}]}<\/script>\n<!-- \/ Yoast SEO Premium plugin. -->","yoast_head_json":{"title":"All-Inclusive Tesla Model 3 Seat Covers 2018-2023 | Custom Fit","description":"Upgrade your Tesla Model 3 (2018-2023) with all-inclusive custom-fit seat covers. Durable, stylish, and factory-style comfort with free shipping.","robots":{"index":"index","follow":"follow","max-snippet":"max-snippet:-1","max-image-preview":"max-image-preview:large","max-video-preview":"max-video-preview:-1"},"canonical":"https:\/\/covers4car.com\/da\/all-inclusive-seat-for-5-seat-tesla-model-3-2018-2023\/","og_locale":"da_DK","og_type":"article","og_title":"All-Inclusive Custom-Fit Seat Cover for 5 Seat Tesla Model 3 2018-2023","og_description":"Upgrade your Tesla Model 3 (2018-2023) with all-inclusive custom-fit seat covers. Durable, stylish, and factory-style comfort with free shipping.","og_url":"https:\/\/covers4car.com\/da\/all-inclusive-seat-for-5-seat-tesla-model-3-2018-2023\/","og_site_name":"Covers4Car","article_publisher":"https:\/\/www.facebook.com\/profile.php?id=61564533557142","article_modified_time":"2026-04-05T09:10:36+00:00","og_image":[{"width":1000,"height":1000,"url":"https:\/\/covers4car.com\/wp-content\/uploads\/2025\/08\/1-1-3.webp","type":"image\/webp"}],"twitter_card":"summary_large_image","twitter_site":"@covers4carstore","twitter_misc":{"Estimeret l\u00e6setid":"4 minutter"},"schema":{"@context":"https:\/\/schema.org","@graph":[{"@type":"WebPage","@id":"https:\/\/covers4car.com\/product\/all-inclusive-seat-for-5-seat-tesla-model-3-2018-2023\/","url":"https:\/\/covers4car.com\/all-inclusive-seat-for-5-seat-tesla-model-3-2018-2023\/","name":"All-Inclusive Tesla Model 3 Seat Covers 2018-2023 | Custom Fit","isPartOf":{"@id":"https:\/\/covers4car.com\/#website"},"primaryImageOfPage":{"@id":"https:\/\/covers4car.com\/all-inclusive-seat-for-5-seat-tesla-model-3-2018-2023\/#primaryimage"},"image":{"@id":"https:\/\/covers4car.com\/all-inclusive-seat-for-5-seat-tesla-model-3-2018-2023\/#primaryimage"},"thumbnailUrl":"https:\/\/covers4car.com\/wp-content\/uploads\/2025\/08\/1-1-3.webp","datePublished":"2025-08-21T09:50:53+00:00","dateModified":"2026-04-05T09:10:36+00:00","description":"Upgrade your Tesla Model 3 (2018-2023) with all-inclusive custom-fit seat covers. Durable, stylish, and factory-style comfort with free shipping.","breadcrumb":{"@id":"https:\/\/covers4car.com\/all-inclusive-seat-for-5-seat-tesla-model-3-2018-2023\/#breadcrumb"},"inLanguage":"da-DK","potentialAction":[{"@type":"ReadAction","target":["https:\/\/covers4car.com\/all-inclusive-seat-for-5-seat-tesla-model-3-2018-2023\/"]}]},{"@type":"ImageObject","inLanguage":"da-DK","@id":"https:\/\/covers4car.com\/all-inclusive-seat-for-5-seat-tesla-model-3-2018-2023\/#primaryimage","url":"https:\/\/covers4car.com\/wp-content\/uploads\/2025\/08\/1-1-3.webp","contentUrl":"https:\/\/covers4car.com\/wp-content\/uploads\/2025\/08\/1-1-3.webp","width":1000,"height":1000},{"@type":"BreadcrumbList","@id":"https:\/\/covers4car.com\/all-inclusive-seat-for-5-seat-tesla-model-3-2018-2023\/#breadcrumb","itemListElement":[{"@type":"ListItem","position":1,"name":"Home","item":"https:\/\/covers4car.com\/"},{"@type":"ListItem","position":2,"name":"Shop","item":"https:\/\/covers4car.com\/shop\/"},{"@type":"ListItem","position":3,"name":"All-Inclusive Custom-Fit Seat Cover for 5 Seat Tesla Model 3 2018-2023"}]},{"@type":"WebSite","@id":"https:\/\/covers4car.com\/#website","url":"https:\/\/covers4car.com\/","name":"Covers4Car","description":"Professionelle s\u00e6debetr\u00e6k skr\u00e6ddersyet til dit k\u00f8ret\u00f8j","publisher":{"@id":"https:\/\/covers4car.com\/#organization"},"potentialAction":[{"@type":"SearchAction","target":{"@type":"EntryPoint","urlTemplate":"https:\/\/covers4car.com\/?s={search_term_string}"},"query-input":{"@type":"PropertyValueSpecification","valueRequired":true,"valueName":"search_term_string"}}],"inLanguage":"da-DK"},{"@type":"Organization","@id":"https:\/\/covers4car.com\/#organization","name":"Covers4Car","url":"https:\/\/covers4car.com\/","logo":{"@type":"ImageObject","inLanguage":"da-DK","@id":"https:\/\/covers4car.com\/#\/schema\/logo\/image\/","url":"https:\/\/covers4car.com\/wp-content\/uploads\/2024\/11\/Asset-2@5x-copy.jpg","contentUrl":"https:\/\/covers4car.com\/wp-content\/uploads\/2024\/11\/Asset-2@5x-copy.jpg","width":877,"height":877,"caption":"Covers4Car"},"image":{"@id":"https:\/\/covers4car.com\/#\/schema\/logo\/image\/"},"sameAs":["https:\/\/www.facebook.com\/profile.php?id=61564533557142","https:\/\/x.com\/covers4carstore"]}]}},"_links":{"self":[{"href":"https:\/\/covers4car.com\/da\/wp-json\/wp\/v2\/product\/20485","targetHints":{"allow":["GET"]}}],"collection":[{"href":"https:\/\/covers4car.com\/da\/wp-json\/wp\/v2\/product"}],"about":[{"href":"https:\/\/covers4car.com\/da\/wp-json\/wp\/v2\/types\/product"}],"replies":[{"embeddable":true,"href":"https:\/\/covers4car.com\/da\/wp-json\/wp\/v2\/comments?post=20485"}],"version-history":[{"count":0,"href":"https:\/\/covers4car.com\/da\/wp-json\/wp\/v2\/product\/20485\/revisions"}],"wp:featuredmedia":[{"embeddable":true,"href":"https:\/\/covers4car.com\/da\/wp-json\/wp\/v2\/media\/21754"}],"wp:attachment":[{"href":"https:\/\/covers4car.com\/da\/wp-json\/wp\/v2\/media?parent=20485"}],"wp:term":[{"taxonomy":"product_brand","embeddable":true,"href":"https:\/\/covers4car.com\/da\/wp-json\/wp\/v2\/product_brand?post=20485"},{"taxonomy":"product_cat","embeddable":true,"href":"https:\/\/covers4car.com\/da\/wp-json\/wp\/v2\/product_cat?post=20485"},{"taxonomy":"product_tag","embeddable":true,"href":"https:\/\/covers4car.com\/da\/wp-json\/wp\/v2\/product_tag?post=20485"},{"taxonomy":"jet_color","embeddable":true,"href":"https:\/\/covers4car.com\/da\/wp-json\/wp\/v2\/jet_color?post=20485"},{"taxonomy":"jet_material","embeddable":true,"href":"https:\/\/covers4car.com\/da\/wp-json\/wp\/v2\/jet_material?post=20485"},{"taxonomy":"jet_coverage","embeddable":true,"href":"https:\/\/covers4car.com\/da\/wp-json\/wp\/v2\/jet_coverage?post=20485"}],"curies":[{"name":"wp","href":"https:\/\/api.w.org\/{rel}","templated":true}]}}