{"id":20486,"date":"2025-08-21T02:50:53","date_gmt":"2025-08-21T09:50:53","guid":{"rendered":"https:\/\/covers4car.com\/?post_type=product&#038;p=20486"},"modified":"2026-04-23T14:43:38","modified_gmt":"2026-04-23T21:43:38","slug":"all-inclusive-seat-cover-for-tesla-model-x-2015-2024","status":"publish","type":"product","link":"https:\/\/covers4car.com\/da\/vare\/all-inclusive-seat-cover-for-tesla-model-x-2015-2024\/","title":{"rendered":"Alt-inklusive s\u00e6debetr\u00e6k til Tesla Model X 2015-2021"},"content":{"rendered":"<p>Forvandl din k\u00f8reoplevelse med Covers4car All-Inclusive 2015-2020 Model X s\u00e6debetr\u00e6k til Tesla, omhyggeligt fremstillet for at give elegance i fabriksstil, overlegen holdbarhed, omfattende beskyttelse og brugerdefinerbar komfort, hvilket sikrer, at din Tesla forbliver stilfuld og komfortabel i mange \u00e5r fremover, samtidig med at den \u00f8ger dens gensalgsv\u00e6rdi.<\/p>\n<ul>\n<li><span style=\"background-color: #d77777;\"><strong>Montering: 2015-2021 Model X<\/strong><\/span><\/li>\n<\/ul>\n<p><strong><span style=\"background-color: #e27a7a;\">Note: <\/span><span class=\"text-only\" data-eleid=\"3-0\">Send venligst en e-mail med s\u00e6debillederne til support@covers4car.com<\/span><\/strong><\/p>\n<p><strong>Fordi hvert s\u00e6debetr\u00e6k fra Model X er tilpasset,<span class=\"text-only\">Nogle stilarter kan ikke tilpasses, kontakt os venligst for at <\/span><\/strong><span class=\"text-only\" data-eleid=\"13\"><strong>bekr\u00e6fte, om det kan tilpasses<\/strong> <\/span><strong><span class=\"text-only\">f\u00f8r afgivelse af ordre<\/span>.<\/strong><\/p>\n<p><strong>For specialfremstillede produkter vil produktionen begynde med det samme, n\u00e5r du har indsendt dine s\u00e6debilleder. P\u00e5 dette tidspunkt vil det ikke l\u00e6ngere v\u00e6re muligt at annullere ordren. S\u00f8rg for, at alle oplysninger er korrekte, f\u00f8r du afgiver din ordre.<\/strong><\/p>\n<p><a href=\"https:\/\/covers4car.com\/wp-content\/uploads\/2025\/08\/B-2.webp\"><img fetchpriority=\"high\" decoding=\"async\" class=\"wd-lazy-fade alignnone size-full wp-image-21200\" src=\"https:\/\/covers4car.com\/wp-content\/themes\/woodmart\/images\/lazy.svg\" data-src=\"https:\/\/covers4car.com\/wp-content\/uploads\/2025\/08\/B-2.webp\" alt=\"\" width=\"1000\" height=\"1000\" srcset=\"\" data-srcset=\"https:\/\/covers4car.com\/wp-content\/uploads\/2025\/08\/B-2.webp 1000w, https:\/\/covers4car.com\/wp-content\/uploads\/2025\/08\/B-2-300x300.webp 300w, https:\/\/covers4car.com\/wp-content\/uploads\/2025\/08\/B-2-150x150.webp 150w, https:\/\/covers4car.com\/wp-content\/uploads\/2025\/08\/B-2-768x768.webp 768w, https:\/\/covers4car.com\/wp-content\/uploads\/2025\/08\/B-2-12x12.webp 12w, https:\/\/covers4car.com\/wp-content\/uploads\/2025\/08\/B-2-600x600.webp 600w, https:\/\/covers4car.com\/wp-content\/uploads\/2025\/08\/B-2-148x148.webp 148w, https:\/\/covers4car.com\/wp-content\/uploads\/2025\/08\/B-2-50x50.webp 50w, https:\/\/covers4car.com\/wp-content\/uploads\/2025\/08\/B-2-100x100.webp 100w\" sizes=\"(max-width: 1000px) 100vw, 1000px\" \/><\/a><\/p>\n<ul>\n<li>Perfekt pasform i fabriksstil: Designet til at matche det luksuri\u00f8se udseende og f\u00f8lelse af Tesla&#039;s fabrikss\u00e6der, hvilket sikrer en s\u00f8ml\u00f8s pasform og \u00e6stetisk appel. <strong>De indvendige billeder til Model X vil v\u00e6re n\u00f8dvendige for at bevare din Model X indvendige konsistens<br \/>\n<\/strong><\/li>\n<\/ul>\n<p><img decoding=\"async\" class=\"wd-lazy-fade alignnone wp-image-10073\" src=\"https:\/\/covers4car.com\/wp-content\/themes\/woodmart\/images\/lazy.svg\" data-src=\"https:\/\/covers4car.com\/wp-content\/uploads\/2024\/11\/10001-15-1.jpg\" alt=\"\" width=\"750\" height=\"464\" srcset=\"\" data-srcset=\"https:\/\/covers4car.com\/wp-content\/uploads\/2024\/11\/10001-15-1.jpg 970w, https:\/\/covers4car.com\/wp-content\/uploads\/2024\/11\/10001-15-1-148x92.jpg 148w, https:\/\/covers4car.com\/wp-content\/uploads\/2024\/11\/10001-15-1-300x186.jpg 300w, https:\/\/covers4car.com\/wp-content\/uploads\/2024\/11\/10001-15-1-768x475.jpg 768w\" sizes=\"(max-width: 750px) 100vw, 750px\" \/><br \/>\n<img decoding=\"async\" class=\"wd-lazy-fade alignnone size-full wp-image-10074\" src=\"https:\/\/covers4car.com\/wp-content\/themes\/woodmart\/images\/lazy.svg\" data-src=\"https:\/\/covers4car.com\/wp-content\/uploads\/2024\/11\/10003-1.jpg\" alt=\"\" width=\"750\" height=\"1002\" srcset=\"\" data-srcset=\"https:\/\/covers4car.com\/wp-content\/uploads\/2024\/11\/10003-1.jpg 750w, https:\/\/covers4car.com\/wp-content\/uploads\/2024\/11\/10003-1-148x198.jpg 148w, https:\/\/covers4car.com\/wp-content\/uploads\/2024\/11\/10003-1-225x300.jpg 225w\" sizes=\"(max-width: 750px) 100vw, 750px\" \/><\/p>\n<ul>\n<li>Forbedret holdbarhed: Fremstillet af holdbare materialer med en glat, \u00e5ndbar overflade, der er nem at reng\u00f8re og bevarer komforten p\u00e5 alle \u00e5rstider.<\/li>\n<\/ul>\n<p><a href=\"https:\/\/covers4car.com\/wp-content\/uploads\/2025\/08\/10002-1.webp\"><img loading=\"lazy\" decoding=\"async\" class=\"wd-lazy-fade alignnone size-full wp-image-22176\" src=\"https:\/\/covers4car.com\/wp-content\/themes\/woodmart\/images\/lazy.svg\" data-src=\"https:\/\/covers4car.com\/wp-content\/uploads\/2025\/08\/10002-1.webp\" alt=\"\" width=\"1000\" height=\"1000\" srcset=\"\" data-srcset=\"https:\/\/covers4car.com\/wp-content\/uploads\/2025\/08\/10002-1.webp 1000w, https:\/\/covers4car.com\/wp-content\/uploads\/2025\/08\/10002-1-300x300.webp 300w, https:\/\/covers4car.com\/wp-content\/uploads\/2025\/08\/10002-1-150x150.webp 150w, https:\/\/covers4car.com\/wp-content\/uploads\/2025\/08\/10002-1-768x768.webp 768w, https:\/\/covers4car.com\/wp-content\/uploads\/2025\/08\/10002-1-12x12.webp 12w, https:\/\/covers4car.com\/wp-content\/uploads\/2025\/08\/10002-1-600x600.webp 600w, https:\/\/covers4car.com\/wp-content\/uploads\/2025\/08\/10002-1-148x148.webp 148w, https:\/\/covers4car.com\/wp-content\/uploads\/2025\/08\/10002-1-50x50.webp 50w, https:\/\/covers4car.com\/wp-content\/uploads\/2025\/08\/10002-1-100x100.webp 100w\" sizes=\"(max-width: 1000px) 100vw, 1000px\" \/><\/a><\/p>\n<ul>\n<li>Sikkerhed ved k\u00f8rsel: Har reserverede airbag\u00e5bninger for \u00f8get sikkerhed og ro i sindet.<\/li>\n<\/ul>\n<p><a href=\"https:\/\/covers4car.com\/wp-content\/uploads\/2025\/08\/5-9.webp\"><img loading=\"lazy\" decoding=\"async\" class=\"wd-lazy-fade alignnone size-full wp-image-22175\" src=\"https:\/\/covers4car.com\/wp-content\/themes\/woodmart\/images\/lazy.svg\" data-src=\"https:\/\/covers4car.com\/wp-content\/uploads\/2025\/08\/5-9.webp\" alt=\"\" width=\"1000\" height=\"1000\" srcset=\"\" data-srcset=\"https:\/\/covers4car.com\/wp-content\/uploads\/2025\/08\/5-9.webp 1000w, https:\/\/covers4car.com\/wp-content\/uploads\/2025\/08\/5-9-300x300.webp 300w, https:\/\/covers4car.com\/wp-content\/uploads\/2025\/08\/5-9-150x150.webp 150w, https:\/\/covers4car.com\/wp-content\/uploads\/2025\/08\/5-9-768x768.webp 768w, https:\/\/covers4car.com\/wp-content\/uploads\/2025\/08\/5-9-12x12.webp 12w, https:\/\/covers4car.com\/wp-content\/uploads\/2025\/08\/5-9-600x600.webp 600w, https:\/\/covers4car.com\/wp-content\/uploads\/2025\/08\/5-9-148x148.webp 148w, https:\/\/covers4car.com\/wp-content\/uploads\/2025\/08\/5-9-50x50.webp 50w, https:\/\/covers4car.com\/wp-content\/uploads\/2025\/08\/5-9-100x100.webp 100w\" sizes=\"(max-width: 1000px) 100vw, 1000px\" \/><\/a><\/p>\n<ul>\n<li>Omfattende beskyttelse: Giver 360\u00b0 d\u00e6kning for at beskytte dine Tesla Model S s\u00e6der mod snavs, pletter, afskrabninger og slid for\u00e5rsaget af k\u00e6ledyr eller b\u00f8rn, og holder dem uber\u00f8rte. K\u00e6ledyrs mudrede poteaftryk, sm\u00e5 drikkevarer fra b\u00f8rnene kan hurtigt t\u00f8rres af med et h\u00e5ndkl\u00e6de, som f\u00e5r dine s\u00e6der til at se s\u00e5 gode ud som nye.<\/li>\n<\/ul>\n<p><img loading=\"lazy\" decoding=\"async\" class=\"wd-lazy-fade alignnone size-full wp-image-10048\" src=\"https:\/\/covers4car.com\/wp-content\/themes\/woodmart\/images\/lazy.svg\" data-src=\"https:\/\/covers4car.com\/wp-content\/uploads\/2024\/11\/A4_a7f33a7e-b5d8-4877-b302-171eb64df151.jpg\" alt=\"\" width=\"750\" height=\"463\" srcset=\"\" data-srcset=\"https:\/\/covers4car.com\/wp-content\/uploads\/2024\/11\/A4_a7f33a7e-b5d8-4877-b302-171eb64df151.jpg 750w, https:\/\/covers4car.com\/wp-content\/uploads\/2024\/11\/A4_a7f33a7e-b5d8-4877-b302-171eb64df151-148x91.jpg 148w, https:\/\/covers4car.com\/wp-content\/uploads\/2024\/11\/A4_a7f33a7e-b5d8-4877-b302-171eb64df151-300x185.jpg 300w\" sizes=\"(max-width: 750px) 100vw, 750px\" \/><\/p>\n<ul>\n<li>Levetid og gensalgsv\u00e6rdi: Forl\u00e6nger levetiden for dine Tesla-s\u00e6der med 5-6 \u00e5r, beskytter dem mod skader og bevarer k\u00f8ret\u00f8jets videresalgspotentiale.<\/li>\n<\/ul>\n<p><a href=\"https:\/\/covers4car.com\/wp-content\/uploads\/2025\/08\/4-9.webp\"><img loading=\"lazy\" decoding=\"async\" class=\"wd-lazy-fade alignnone size-full wp-image-22174\" src=\"https:\/\/covers4car.com\/wp-content\/themes\/woodmart\/images\/lazy.svg\" data-src=\"https:\/\/covers4car.com\/wp-content\/uploads\/2025\/08\/4-9.webp\" alt=\"\" width=\"1000\" height=\"1000\" srcset=\"\" data-srcset=\"https:\/\/covers4car.com\/wp-content\/uploads\/2025\/08\/4-9.webp 1000w, https:\/\/covers4car.com\/wp-content\/uploads\/2025\/08\/4-9-300x300.webp 300w, https:\/\/covers4car.com\/wp-content\/uploads\/2025\/08\/4-9-150x150.webp 150w, https:\/\/covers4car.com\/wp-content\/uploads\/2025\/08\/4-9-768x768.webp 768w, https:\/\/covers4car.com\/wp-content\/uploads\/2025\/08\/4-9-12x12.webp 12w, https:\/\/covers4car.com\/wp-content\/uploads\/2025\/08\/4-9-600x600.webp 600w, https:\/\/covers4car.com\/wp-content\/uploads\/2025\/08\/4-9-148x148.webp 148w, https:\/\/covers4car.com\/wp-content\/uploads\/2025\/08\/4-9-50x50.webp 50w, https:\/\/covers4car.com\/wp-content\/uploads\/2025\/08\/4-9-100x100.webp 100w\" sizes=\"(max-width: 1000px) 100vw, 1000px\" \/><\/a><\/p>\n<p><img loading=\"lazy\" decoding=\"async\" class=\"wd-lazy-fade alignnone size-full wp-image-10050\" src=\"https:\/\/covers4car.com\/wp-content\/themes\/woodmart\/images\/lazy.svg\" data-src=\"https:\/\/covers4car.com\/wp-content\/uploads\/2024\/11\/B6_dd615875-ce16-4f9a-a1c1-f298f3c03383.jpg\" alt=\"\" width=\"750\" height=\"463\" srcset=\"\" data-srcset=\"https:\/\/covers4car.com\/wp-content\/uploads\/2024\/11\/B6_dd615875-ce16-4f9a-a1c1-f298f3c03383.jpg 750w, https:\/\/covers4car.com\/wp-content\/uploads\/2024\/11\/B6_dd615875-ce16-4f9a-a1c1-f298f3c03383-148x91.jpg 148w, https:\/\/covers4car.com\/wp-content\/uploads\/2024\/11\/B6_dd615875-ce16-4f9a-a1c1-f298f3c03383-300x185.jpg 300w\" sizes=\"(max-width: 750px) 100vw, 750px\" \/><\/p>\n<ul>\n<li>Flere farver: F\u00e5s i flere farver med muligheder for tofarvede farvekombinationer, s\u00e5 du kan personligg\u00f8re interi\u00f8ret i din Model S.<\/li>\n<\/ul>\n<p><img loading=\"lazy\" decoding=\"async\" class=\"wd-lazy-fade alignnone wp-image-10438\" src=\"https:\/\/covers4car.com\/wp-content\/themes\/woodmart\/images\/lazy.svg\" data-src=\"https:\/\/covers4car.com\/wp-content\/uploads\/2024\/11\/10003-2.jpg\" alt=\"\" width=\"750\" height=\"750\" srcset=\"\" data-srcset=\"https:\/\/covers4car.com\/wp-content\/uploads\/2024\/11\/10003-2.jpg 800w, https:\/\/covers4car.com\/wp-content\/uploads\/2024\/11\/10003-2-600x600.jpg 600w, https:\/\/covers4car.com\/wp-content\/uploads\/2024\/11\/10003-2-148x148.jpg 148w, https:\/\/covers4car.com\/wp-content\/uploads\/2024\/11\/10003-2-300x300.jpg 300w, https:\/\/covers4car.com\/wp-content\/uploads\/2024\/11\/10003-2-150x150.jpg 150w, https:\/\/covers4car.com\/wp-content\/uploads\/2024\/11\/10003-2-768x768.jpg 768w\" sizes=\"(max-width: 750px) 100vw, 750px\" \/><\/p>\n<p><img loading=\"lazy\" decoding=\"async\" class=\"wd-lazy-fade alignnone wp-image-10439\" src=\"https:\/\/covers4car.com\/wp-content\/themes\/woodmart\/images\/lazy.svg\" data-src=\"https:\/\/covers4car.com\/wp-content\/uploads\/2024\/11\/10001-2-3.jpg\" alt=\"\" width=\"750\" height=\"676\" srcset=\"\" data-srcset=\"https:\/\/covers4car.com\/wp-content\/uploads\/2024\/11\/10001-2-3.jpg 800w, https:\/\/covers4car.com\/wp-content\/uploads\/2024\/11\/10001-2-3-148x133.jpg 148w, https:\/\/covers4car.com\/wp-content\/uploads\/2024\/11\/10001-2-3-300x270.jpg 300w, https:\/\/covers4car.com\/wp-content\/uploads\/2024\/11\/10001-2-3-768x692.jpg 768w\" sizes=\"(max-width: 750px) 100vw, 750px\" \/><iframe title=\"YouTube video afspiller\" src=\"https:\/\/www.youtube.com\/embed\/mHfcbLZHCb4?si=CRy_rU7-WvIRHeDg\" width=\"560\" height=\"315\" frameborder=\"0\" allowfullscreen=\"allowfullscreen\"><\/iframe><\/p>","protected":false},"excerpt":{"rendered":"<p>Forvandl din k\u00f8reoplevelse med Covers4car All-Inclusive 2015-2020 Model X s\u00e6debetr\u00e6k til Tesla, omhyggeligt fremstillet for at give fabriksinspireret elegance.,<\/p>","protected":false},"featured_media":22215,"comment_status":"open","ping_status":"closed","template":"","meta":{"_acf_changed":false,"_monsterinsights_skip_tracking":false,"_monsterinsights_sitenote_active":false,"_monsterinsights_sitenote_note":"","_monsterinsights_sitenote_category":0},"product_brand":[],"product_cat":[124,87,22974],"product_tag":[55007],"jet_color":[],"jet_material":[],"jet_coverage":[],"class_list":{"0":"post-20486","1":"product","2":"type-product","3":"status-publish","4":"has-post-thumbnail","6":"product_cat-seat-cover","7":"product_cat-seat-cover-for-tesla","8":"product_cat-seat-cover-for-tesla-model-x","9":"product_tag-fit-model-x","11":"first","12":"instock","13":"shipping-taxable","14":"purchasable","15":"product-type-variable","16":"has-default-attributes","17":"wvs-archive-product-wrapper"},"acf":[],"yoast_head":"<!-- This site is optimized with the Yoast SEO Premium plugin v26.4 (Yoast SEO v26.4) - https:\/\/yoast.com\/wordpress\/plugins\/seo\/ -->\n<title>All-Inclusive Seat Cover for Tesla Model X 2015-2021<\/title>\n<meta name=\"description\" content=\"Elevate your Tesla with the luxurious Tesla Model X seat cover, designed for impeccable style and unmatched protection. Transform your ride today!\" \/>\n<meta name=\"robots\" content=\"index, follow, max-snippet:-1, max-image-preview:large, max-video-preview:-1\" \/>\n<link rel=\"canonical\" href=\"https:\/\/covers4car.com\/da\/vare\/all-inclusive-seat-cover-for-tesla-model-x-2015-2024\/\" \/>\n<meta property=\"og:locale\" content=\"da_DK\" \/>\n<meta property=\"og:type\" content=\"article\" \/>\n<meta property=\"og:title\" content=\"All-Inclusive Seat Cover for Tesla Model X 2015-2021\" \/>\n<meta property=\"og:description\" content=\"Elevate your Tesla with the luxurious Tesla Model X seat cover, designed for impeccable style and unmatched protection. Transform your ride today!\" \/>\n<meta property=\"og:url\" content=\"https:\/\/covers4car.com\/da\/vare\/all-inclusive-seat-cover-for-tesla-model-x-2015-2024\/\" \/>\n<meta property=\"og:site_name\" content=\"Covers4Car\" \/>\n<meta property=\"article:publisher\" content=\"https:\/\/www.facebook.com\/profile.php?id=61564533557142\" \/>\n<meta property=\"article:modified_time\" content=\"2026-04-23T21:43:38+00:00\" \/>\n<meta property=\"og:image\" content=\"https:\/\/covers4car.com\/wp-content\/uploads\/2025\/08\/1-1-7.webp\" \/>\n\t<meta property=\"og:image:width\" content=\"1000\" \/>\n\t<meta property=\"og:image:height\" content=\"1000\" \/>\n\t<meta property=\"og:image:type\" content=\"image\/webp\" \/>\n<meta name=\"twitter:card\" content=\"summary_large_image\" \/>\n<meta name=\"twitter:site\" content=\"@covers4carstore\" \/>\n<meta name=\"twitter:label1\" content=\"Estimeret l\u00e6setid\" \/>\n\t<meta name=\"twitter:data1\" content=\"4 minutter\" \/>\n<script type=\"application\/ld+json\" class=\"yoast-schema-graph\">{\"@context\":\"https:\/\/schema.org\",\"@graph\":[{\"@type\":\"WebPage\",\"@id\":\"https:\/\/covers4car.com\/product\/all-inclusive-seat-cover-for-tesla-model-x-2015-2024\/\",\"url\":\"https:\/\/covers4car.com\/product\/all-inclusive-seat-cover-for-tesla-model-x-2015-2024\/\",\"name\":\"All-Inclusive Seat Cover for Tesla Model X 2015-2021\",\"isPartOf\":{\"@id\":\"https:\/\/covers4car.com\/#website\"},\"primaryImageOfPage\":{\"@id\":\"https:\/\/covers4car.com\/product\/all-inclusive-seat-cover-for-tesla-model-x-2015-2024\/#primaryimage\"},\"image\":{\"@id\":\"https:\/\/covers4car.com\/product\/all-inclusive-seat-cover-for-tesla-model-x-2015-2024\/#primaryimage\"},\"thumbnailUrl\":\"https:\/\/covers4car.com\/wp-content\/uploads\/2025\/08\/1-1-7.webp\",\"datePublished\":\"2025-08-21T09:50:53+00:00\",\"dateModified\":\"2026-04-23T21:43:38+00:00\",\"description\":\"Elevate your Tesla with the luxurious Tesla Model X seat cover, designed for impeccable style and unmatched protection. Transform your ride today!\",\"breadcrumb\":{\"@id\":\"https:\/\/covers4car.com\/product\/all-inclusive-seat-cover-for-tesla-model-x-2015-2024\/#breadcrumb\"},\"inLanguage\":\"da-DK\",\"potentialAction\":[{\"@type\":\"ReadAction\",\"target\":[\"https:\/\/covers4car.com\/product\/all-inclusive-seat-cover-for-tesla-model-x-2015-2024\/\"]}]},{\"@type\":\"ImageObject\",\"inLanguage\":\"da-DK\",\"@id\":\"https:\/\/covers4car.com\/product\/all-inclusive-seat-cover-for-tesla-model-x-2015-2024\/#primaryimage\",\"url\":\"https:\/\/covers4car.com\/wp-content\/uploads\/2025\/08\/1-1-7.webp\",\"contentUrl\":\"https:\/\/covers4car.com\/wp-content\/uploads\/2025\/08\/1-1-7.webp\",\"width\":1000,\"height\":1000},{\"@type\":\"BreadcrumbList\",\"@id\":\"https:\/\/covers4car.com\/product\/all-inclusive-seat-cover-for-tesla-model-x-2015-2024\/#breadcrumb\",\"itemListElement\":[{\"@type\":\"ListItem\",\"position\":1,\"name\":\"Home\",\"item\":\"https:\/\/covers4car.com\/\"},{\"@type\":\"ListItem\",\"position\":2,\"name\":\"Shop\",\"item\":\"https:\/\/covers4car.com\/shop\/\"},{\"@type\":\"ListItem\",\"position\":3,\"name\":\"All-Inclusive Seat Cover for Tesla Model X 2015-2021\"}]},{\"@type\":\"WebSite\",\"@id\":\"https:\/\/covers4car.com\/#website\",\"url\":\"https:\/\/covers4car.com\/\",\"name\":\"Covers4Car\",\"description\":\"Professional Seat Covers Tailored for Your Vehicle\",\"publisher\":{\"@id\":\"https:\/\/covers4car.com\/#organization\"},\"potentialAction\":[{\"@type\":\"SearchAction\",\"target\":{\"@type\":\"EntryPoint\",\"urlTemplate\":\"https:\/\/covers4car.com\/?s={search_term_string}\"},\"query-input\":{\"@type\":\"PropertyValueSpecification\",\"valueRequired\":true,\"valueName\":\"search_term_string\"}}],\"inLanguage\":\"da-DK\"},{\"@type\":\"Organization\",\"@id\":\"https:\/\/covers4car.com\/#organization\",\"name\":\"Covers4Car\",\"url\":\"https:\/\/covers4car.com\/\",\"logo\":{\"@type\":\"ImageObject\",\"inLanguage\":\"da-DK\",\"@id\":\"https:\/\/covers4car.com\/#\/schema\/logo\/image\/\",\"url\":\"https:\/\/covers4car.com\/wp-content\/uploads\/2024\/11\/Asset-2@5x-copy.jpg\",\"contentUrl\":\"https:\/\/covers4car.com\/wp-content\/uploads\/2024\/11\/Asset-2@5x-copy.jpg\",\"width\":877,\"height\":877,\"caption\":\"Covers4Car\"},\"image\":{\"@id\":\"https:\/\/covers4car.com\/#\/schema\/logo\/image\/\"},\"sameAs\":[\"https:\/\/www.facebook.com\/profile.php?id=61564533557142\",\"https:\/\/x.com\/covers4carstore\"]}]}<\/script>\n<!-- \/ Yoast SEO Premium plugin. -->","yoast_head_json":{"title":"Alt-inklusive s\u00e6debetr\u00e6k til Tesla Model X 2015-2021","description":"Elevate your Tesla with the luxurious Tesla Model X seat cover, designed for impeccable style and unmatched protection. Transform your ride today!","robots":{"index":"index","follow":"follow","max-snippet":"max-snippet:-1","max-image-preview":"max-image-preview:large","max-video-preview":"max-video-preview:-1"},"canonical":"https:\/\/covers4car.com\/da\/vare\/all-inclusive-seat-cover-for-tesla-model-x-2015-2024\/","og_locale":"da_DK","og_type":"article","og_title":"All-Inclusive Seat Cover for Tesla Model X 2015-2021","og_description":"Elevate your Tesla with the luxurious Tesla Model X seat cover, designed for impeccable style and unmatched protection. Transform your ride today!","og_url":"https:\/\/covers4car.com\/da\/vare\/all-inclusive-seat-cover-for-tesla-model-x-2015-2024\/","og_site_name":"Covers4Car","article_publisher":"https:\/\/www.facebook.com\/profile.php?id=61564533557142","article_modified_time":"2026-04-23T21:43:38+00:00","og_image":[{"width":1000,"height":1000,"url":"https:\/\/covers4car.com\/wp-content\/uploads\/2025\/08\/1-1-7.webp","type":"image\/webp"}],"twitter_card":"summary_large_image","twitter_site":"@covers4carstore","twitter_misc":{"Estimeret l\u00e6setid":"4 minutter"},"schema":{"@context":"https:\/\/schema.org","@graph":[{"@type":"WebPage","@id":"https:\/\/covers4car.com\/product\/all-inclusive-seat-cover-for-tesla-model-x-2015-2024\/","url":"https:\/\/covers4car.com\/product\/all-inclusive-seat-cover-for-tesla-model-x-2015-2024\/","name":"Alt-inklusive s\u00e6debetr\u00e6k til Tesla Model X 2015-2021","isPartOf":{"@id":"https:\/\/covers4car.com\/#website"},"primaryImageOfPage":{"@id":"https:\/\/covers4car.com\/product\/all-inclusive-seat-cover-for-tesla-model-x-2015-2024\/#primaryimage"},"image":{"@id":"https:\/\/covers4car.com\/product\/all-inclusive-seat-cover-for-tesla-model-x-2015-2024\/#primaryimage"},"thumbnailUrl":"https:\/\/covers4car.com\/wp-content\/uploads\/2025\/08\/1-1-7.webp","datePublished":"2025-08-21T09:50:53+00:00","dateModified":"2026-04-23T21:43:38+00:00","description":"Elevate your Tesla with the luxurious Tesla Model X seat cover, designed for impeccable style and unmatched protection. Transform your ride today!","breadcrumb":{"@id":"https:\/\/covers4car.com\/product\/all-inclusive-seat-cover-for-tesla-model-x-2015-2024\/#breadcrumb"},"inLanguage":"da-DK","potentialAction":[{"@type":"ReadAction","target":["https:\/\/covers4car.com\/product\/all-inclusive-seat-cover-for-tesla-model-x-2015-2024\/"]}]},{"@type":"ImageObject","inLanguage":"da-DK","@id":"https:\/\/covers4car.com\/product\/all-inclusive-seat-cover-for-tesla-model-x-2015-2024\/#primaryimage","url":"https:\/\/covers4car.com\/wp-content\/uploads\/2025\/08\/1-1-7.webp","contentUrl":"https:\/\/covers4car.com\/wp-content\/uploads\/2025\/08\/1-1-7.webp","width":1000,"height":1000},{"@type":"BreadcrumbList","@id":"https:\/\/covers4car.com\/product\/all-inclusive-seat-cover-for-tesla-model-x-2015-2024\/#breadcrumb","itemListElement":[{"@type":"ListItem","position":1,"name":"Home","item":"https:\/\/covers4car.com\/"},{"@type":"ListItem","position":2,"name":"Shop","item":"https:\/\/covers4car.com\/shop\/"},{"@type":"ListItem","position":3,"name":"All-Inclusive Seat Cover for Tesla Model X 2015-2021"}]},{"@type":"WebSite","@id":"https:\/\/covers4car.com\/#website","url":"https:\/\/covers4car.com\/","name":"Covers4Car","description":"Professionelle s\u00e6debetr\u00e6k skr\u00e6ddersyet til dit k\u00f8ret\u00f8j","publisher":{"@id":"https:\/\/covers4car.com\/#organization"},"potentialAction":[{"@type":"SearchAction","target":{"@type":"EntryPoint","urlTemplate":"https:\/\/covers4car.com\/?s={search_term_string}"},"query-input":{"@type":"PropertyValueSpecification","valueRequired":true,"valueName":"search_term_string"}}],"inLanguage":"da-DK"},{"@type":"Organization","@id":"https:\/\/covers4car.com\/#organization","name":"Covers4Car","url":"https:\/\/covers4car.com\/","logo":{"@type":"ImageObject","inLanguage":"da-DK","@id":"https:\/\/covers4car.com\/#\/schema\/logo\/image\/","url":"https:\/\/covers4car.com\/wp-content\/uploads\/2024\/11\/Asset-2@5x-copy.jpg","contentUrl":"https:\/\/covers4car.com\/wp-content\/uploads\/2024\/11\/Asset-2@5x-copy.jpg","width":877,"height":877,"caption":"Covers4Car"},"image":{"@id":"https:\/\/covers4car.com\/#\/schema\/logo\/image\/"},"sameAs":["https:\/\/www.facebook.com\/profile.php?id=61564533557142","https:\/\/x.com\/covers4carstore"]}]}},"_links":{"self":[{"href":"https:\/\/covers4car.com\/da\/wp-json\/wp\/v2\/product\/20486","targetHints":{"allow":["GET"]}}],"collection":[{"href":"https:\/\/covers4car.com\/da\/wp-json\/wp\/v2\/product"}],"about":[{"href":"https:\/\/covers4car.com\/da\/wp-json\/wp\/v2\/types\/product"}],"replies":[{"embeddable":true,"href":"https:\/\/covers4car.com\/da\/wp-json\/wp\/v2\/comments?post=20486"}],"version-history":[{"count":0,"href":"https:\/\/covers4car.com\/da\/wp-json\/wp\/v2\/product\/20486\/revisions"}],"wp:featuredmedia":[{"embeddable":true,"href":"https:\/\/covers4car.com\/da\/wp-json\/wp\/v2\/media\/22215"}],"wp:attachment":[{"href":"https:\/\/covers4car.com\/da\/wp-json\/wp\/v2\/media?parent=20486"}],"wp:term":[{"taxonomy":"product_brand","embeddable":true,"href":"https:\/\/covers4car.com\/da\/wp-json\/wp\/v2\/product_brand?post=20486"},{"taxonomy":"product_cat","embeddable":true,"href":"https:\/\/covers4car.com\/da\/wp-json\/wp\/v2\/product_cat?post=20486"},{"taxonomy":"product_tag","embeddable":true,"href":"https:\/\/covers4car.com\/da\/wp-json\/wp\/v2\/product_tag?post=20486"},{"taxonomy":"jet_color","embeddable":true,"href":"https:\/\/covers4car.com\/da\/wp-json\/wp\/v2\/jet_color?post=20486"},{"taxonomy":"jet_material","embeddable":true,"href":"https:\/\/covers4car.com\/da\/wp-json\/wp\/v2\/jet_material?post=20486"},{"taxonomy":"jet_coverage","embeddable":true,"href":"https:\/\/covers4car.com\/da\/wp-json\/wp\/v2\/jet_coverage?post=20486"}],"curies":[{"name":"wp","href":"https:\/\/api.w.org\/{rel}","templated":true}]}}