{"id":22858,"date":"2025-09-12T21:31:32","date_gmt":"2025-09-13T04:31:32","guid":{"rendered":"https:\/\/covers4car.com\/?post_type=product&#038;p=22858"},"modified":"2026-01-14T12:21:37","modified_gmt":"2026-01-14T20:21:37","slug":"all-inclusive-custom-fit-leather-seat-cover-09-for-ford-f-150-f-250-f-350-f-450","status":"publish","type":"product","link":"https:\/\/covers4car.com\/da\/vare\/all-inclusive-custom-fit-leather-seat-cover-09-for-ford-f-150-f-250-f-350-f-450\/","title":{"rendered":"Alt inklusive specialfremstillet l\u00e6ders\u00e6debetr\u00e6k til Ford F-150, F-250, F-350, F-450, 09"},"content":{"rendered":"<p>Forvandl din k\u00f8reoplevelse med Covers4Car All-Inclusive Custom Fit l\u00e6ders\u00e6debetr\u00e6k til Ford F-150 F-250 F-350 F-450, omhyggeligt fremstillet for at give fabriksinspireret elegance, overlegen holdbarhed, omfattende beskyttelse og brugerdefineret komfort, hvilket sikrer, at din Ford F-150 forbliver stilfuld og komfortabel i mange \u00e5r fremover, samtidig med at den \u00f8ger dens gensalgsv\u00e6rdi.<\/p>\n<ul>\n<li>Passer til: 2009-2025 Ford F150 Carhartt og 2017-2025 F250 F350 F450<\/li>\n<li>Perfekt pasform i fabriksstil: Designet til at matche det luksuri\u00f8se udseende og den fabriksmonterede Ford F-150s s\u00e6der, hvilket sikrer en problemfri pasform og \u00e6stetisk appel.<\/li>\n<li>Forbedret holdbarhed: Fremstillet af holdbare materialer med en glat, \u00e5ndbar overflade, der er nem at reng\u00f8re og bevarer komforten p\u00e5 alle \u00e5rstider.<\/li>\n<li>Sikkerhed ved k\u00f8rsel: Har reserverede airbag\u00e5bninger for \u00f8get sikkerhed og ro i sindet.<\/li>\n<li>Omfattende beskyttelse: Giver 360\u00b0 d\u00e6kning, der beskytter dine Ford F-150-s\u00e6der mod snavs, pletter, skrammer og slitage for\u00e5rsaget af k\u00e6ledyr eller b\u00f8rn, s\u00e5 de forbliver skinnende fine. K\u00e6ledyrs mudrede poteaftryk, der er blevet nippet til af b\u00f8rnenes drikkevarer, kan hurtigt t\u00f8rres af med et h\u00e5ndkl\u00e6de, hvilket f\u00e5r dine s\u00e6der til at se ud som nye.<\/li>\n<li>Holdbarhed og gensalgsv\u00e6rdi: Forl\u00e6nger levetiden p\u00e5 din Ford F-150 med 5-6 \u00e5r, beskytter den mod skader og bevarer k\u00f8ret\u00f8jets gensalgspotentiale.<\/li>\n<li>Komfortabel p\u00e5 lange rejser: Oplev uovertruffen komfort p\u00e5 lange rejser med vores tilpassede, altomfattende s\u00e6debetr\u00e6k, designet til at give overlegen d\u00e6mpning og st\u00f8tte, hvilket sikrer, at du forbliver afslappet og komfortabel, uanset hvor langt du rejser.<\/li>\n<\/ul>\n<p><strong>Komplet s\u00e6t (for- og bags\u00e6der):<\/strong><\/p>\n<ul>\n<li>2x fors\u00e6debetr\u00e6k<\/li>\n<li>1x fuld bags\u00e6debetr\u00e6k<\/li>\n<\/ul>\n<p><strong>Kun fors\u00e6der<\/strong><\/p>\n<ul>\n<li>1x komplette s\u00e6debetr\u00e6k foran<\/li>\n<\/ul>\n<p><strong>Kun bags\u00e6der<\/strong><\/p>\n<ul>\n<li>1x fuld bags\u00e6debetr\u00e6k<\/li>\n<\/ul>","protected":false},"excerpt":{"rendered":"<p>Forvandl din k\u00f8reoplevelse med Covers4Car All-Inclusive Custom Fit l\u00e6ders\u00e6debetr\u00e6k til Ford F-150 F-250 F-350 F-450, omhyggeligt fremstillet.<\/p>","protected":false},"featured_media":22867,"comment_status":"open","ping_status":"closed","template":"","meta":{"_acf_changed":false,"_monsterinsights_skip_tracking":false,"_monsterinsights_sitenote_active":false,"_monsterinsights_sitenote_note":"","_monsterinsights_sitenote_category":0},"product_brand":[],"product_cat":[124,113],"product_tag":[55020],"jet_color":[],"jet_material":[],"jet_coverage":[],"class_list":{"0":"post-22858","1":"product","2":"type-product","3":"status-publish","4":"has-post-thumbnail","6":"product_cat-seat-cover","7":"product_cat-seat-cover-for-f-series","8":"product_tag-fit-f-series","10":"first","11":"instock","12":"shipping-taxable","13":"purchasable","14":"product-type-variable","15":"has-default-attributes","16":"wvs-archive-product-wrapper"},"acf":[],"yoast_head":"<!-- This site is optimized with the Yoast SEO Premium plugin v26.4 (Yoast SEO v26.4) - https:\/\/yoast.com\/wordpress\/plugins\/seo\/ -->\n<title>Ford F150 Seat Covers | Custom Fit Leather for F250-F450<\/title>\n<meta name=\"description\" content=\"Premium Ford F150, F250, F350, F450 seat covers. Custom fit leather design offers durability, comfort, and complete seat protection.\" \/>\n<meta name=\"robots\" content=\"index, follow, max-snippet:-1, max-image-preview:large, max-video-preview:-1\" \/>\n<link rel=\"canonical\" href=\"https:\/\/covers4car.com\/da\/vare\/all-inclusive-custom-fit-leather-seat-cover-09-for-ford-f-150-f-250-f-350-f-450\/\" \/>\n<meta property=\"og:locale\" content=\"da_DK\" \/>\n<meta property=\"og:type\" content=\"article\" \/>\n<meta property=\"og:title\" content=\"All Inclusive Custom Fit Leather Seat Cover 09 for Ford F-150 F-250 F-350 F-450\" \/>\n<meta property=\"og:description\" content=\"Premium Ford F150, F250, F350, F450 seat covers. Custom fit leather design offers durability, comfort, and complete seat protection.\" \/>\n<meta property=\"og:url\" content=\"https:\/\/covers4car.com\/da\/vare\/all-inclusive-custom-fit-leather-seat-cover-09-for-ford-f-150-f-250-f-350-f-450\/\" \/>\n<meta property=\"og:site_name\" content=\"Covers4Car\" \/>\n<meta property=\"article:publisher\" content=\"https:\/\/www.facebook.com\/profile.php?id=61564533557142\" \/>\n<meta property=\"article:modified_time\" content=\"2026-01-14T20:21:37+00:00\" \/>\n<meta property=\"og:image\" content=\"https:\/\/covers4car.com\/wp-content\/uploads\/2025\/09\/1-18.webp\" \/>\n\t<meta property=\"og:image:width\" content=\"1000\" \/>\n\t<meta property=\"og:image:height\" content=\"1000\" \/>\n\t<meta property=\"og:image:type\" content=\"image\/webp\" \/>\n<meta name=\"twitter:card\" content=\"summary_large_image\" \/>\n<meta name=\"twitter:site\" content=\"@covers4carstore\" \/>\n<meta name=\"twitter:label1\" content=\"Estimeret l\u00e6setid\" \/>\n\t<meta name=\"twitter:data1\" content=\"2 minutter\" \/>\n<script type=\"application\/ld+json\" class=\"yoast-schema-graph\">{\"@context\":\"https:\/\/schema.org\",\"@graph\":[{\"@type\":\"WebPage\",\"@id\":\"https:\/\/covers4car.com\/product\/all-inclusive-custom-fit-leather-seat-cover-09-for-ford-f-150-f-250-f-350-f-450\/\",\"url\":\"https:\/\/covers4car.com\/product\/all-inclusive-custom-fit-leather-seat-cover-09-for-ford-f-150-f-250-f-350-f-450\/\",\"name\":\"Ford F150 Seat Covers | Custom Fit Leather for F250-F450\",\"isPartOf\":{\"@id\":\"https:\/\/covers4car.com\/#website\"},\"primaryImageOfPage\":{\"@id\":\"https:\/\/covers4car.com\/product\/all-inclusive-custom-fit-leather-seat-cover-09-for-ford-f-150-f-250-f-350-f-450\/#primaryimage\"},\"image\":{\"@id\":\"https:\/\/covers4car.com\/product\/all-inclusive-custom-fit-leather-seat-cover-09-for-ford-f-150-f-250-f-350-f-450\/#primaryimage\"},\"thumbnailUrl\":\"https:\/\/covers4car.com\/wp-content\/uploads\/2025\/09\/1-18.webp\",\"datePublished\":\"2025-09-13T04:31:32+00:00\",\"dateModified\":\"2026-01-14T20:21:37+00:00\",\"description\":\"Premium Ford F150, F250, F350, F450 seat covers. Custom fit leather design offers durability, comfort, and complete seat protection.\",\"breadcrumb\":{\"@id\":\"https:\/\/covers4car.com\/product\/all-inclusive-custom-fit-leather-seat-cover-09-for-ford-f-150-f-250-f-350-f-450\/#breadcrumb\"},\"inLanguage\":\"da-DK\",\"potentialAction\":[{\"@type\":\"ReadAction\",\"target\":[\"https:\/\/covers4car.com\/product\/all-inclusive-custom-fit-leather-seat-cover-09-for-ford-f-150-f-250-f-350-f-450\/\"]}]},{\"@type\":\"ImageObject\",\"inLanguage\":\"da-DK\",\"@id\":\"https:\/\/covers4car.com\/product\/all-inclusive-custom-fit-leather-seat-cover-09-for-ford-f-150-f-250-f-350-f-450\/#primaryimage\",\"url\":\"https:\/\/covers4car.com\/wp-content\/uploads\/2025\/09\/1-18.webp\",\"contentUrl\":\"https:\/\/covers4car.com\/wp-content\/uploads\/2025\/09\/1-18.webp\",\"width\":1000,\"height\":1000},{\"@type\":\"BreadcrumbList\",\"@id\":\"https:\/\/covers4car.com\/product\/all-inclusive-custom-fit-leather-seat-cover-09-for-ford-f-150-f-250-f-350-f-450\/#breadcrumb\",\"itemListElement\":[{\"@type\":\"ListItem\",\"position\":1,\"name\":\"Home\",\"item\":\"https:\/\/covers4car.com\/\"},{\"@type\":\"ListItem\",\"position\":2,\"name\":\"Shop\",\"item\":\"https:\/\/covers4car.com\/shop\/\"},{\"@type\":\"ListItem\",\"position\":3,\"name\":\"All Inclusive Custom Fit Leather Seat Cover 09 for Ford F-150 F-250 F-350 F-450\"}]},{\"@type\":\"WebSite\",\"@id\":\"https:\/\/covers4car.com\/#website\",\"url\":\"https:\/\/covers4car.com\/\",\"name\":\"Covers4Car\",\"description\":\"Professional Seat Covers Tailored for Your Vehicle\",\"publisher\":{\"@id\":\"https:\/\/covers4car.com\/#organization\"},\"potentialAction\":[{\"@type\":\"SearchAction\",\"target\":{\"@type\":\"EntryPoint\",\"urlTemplate\":\"https:\/\/covers4car.com\/?s={search_term_string}\"},\"query-input\":{\"@type\":\"PropertyValueSpecification\",\"valueRequired\":true,\"valueName\":\"search_term_string\"}}],\"inLanguage\":\"da-DK\"},{\"@type\":\"Organization\",\"@id\":\"https:\/\/covers4car.com\/#organization\",\"name\":\"Covers4Car\",\"url\":\"https:\/\/covers4car.com\/\",\"logo\":{\"@type\":\"ImageObject\",\"inLanguage\":\"da-DK\",\"@id\":\"https:\/\/covers4car.com\/#\/schema\/logo\/image\/\",\"url\":\"https:\/\/covers4car.com\/wp-content\/uploads\/2024\/11\/Asset-2@5x-copy.jpg\",\"contentUrl\":\"https:\/\/covers4car.com\/wp-content\/uploads\/2024\/11\/Asset-2@5x-copy.jpg\",\"width\":877,\"height\":877,\"caption\":\"Covers4Car\"},\"image\":{\"@id\":\"https:\/\/covers4car.com\/#\/schema\/logo\/image\/\"},\"sameAs\":[\"https:\/\/www.facebook.com\/profile.php?id=61564533557142\",\"https:\/\/x.com\/covers4carstore\"]}]}<\/script>\n<!-- \/ Yoast SEO Premium plugin. -->","yoast_head_json":{"title":"Ford F150 s\u00e6debetr\u00e6k | Specialtilpasset l\u00e6der til F250-F450","description":"Premium s\u00e6debetr\u00e6k til Ford F150, F250, F350, F450. Specialdesignet l\u00e6der giver holdbarhed, komfort og komplet s\u00e6debeskyttelse.","robots":{"index":"index","follow":"follow","max-snippet":"max-snippet:-1","max-image-preview":"max-image-preview:large","max-video-preview":"max-video-preview:-1"},"canonical":"https:\/\/covers4car.com\/da\/vare\/all-inclusive-custom-fit-leather-seat-cover-09-for-ford-f-150-f-250-f-350-f-450\/","og_locale":"da_DK","og_type":"article","og_title":"All Inclusive Custom Fit Leather Seat Cover 09 for Ford F-150 F-250 F-350 F-450","og_description":"Premium Ford F150, F250, F350, F450 seat covers. Custom fit leather design offers durability, comfort, and complete seat protection.","og_url":"https:\/\/covers4car.com\/da\/vare\/all-inclusive-custom-fit-leather-seat-cover-09-for-ford-f-150-f-250-f-350-f-450\/","og_site_name":"Covers4Car","article_publisher":"https:\/\/www.facebook.com\/profile.php?id=61564533557142","article_modified_time":"2026-01-14T20:21:37+00:00","og_image":[{"width":1000,"height":1000,"url":"https:\/\/covers4car.com\/wp-content\/uploads\/2025\/09\/1-18.webp","type":"image\/webp"}],"twitter_card":"summary_large_image","twitter_site":"@covers4carstore","twitter_misc":{"Estimeret l\u00e6setid":"2 minutter"},"schema":{"@context":"https:\/\/schema.org","@graph":[{"@type":"WebPage","@id":"https:\/\/covers4car.com\/product\/all-inclusive-custom-fit-leather-seat-cover-09-for-ford-f-150-f-250-f-350-f-450\/","url":"https:\/\/covers4car.com\/product\/all-inclusive-custom-fit-leather-seat-cover-09-for-ford-f-150-f-250-f-350-f-450\/","name":"Ford F150 s\u00e6debetr\u00e6k | Specialtilpasset l\u00e6der til F250-F450","isPartOf":{"@id":"https:\/\/covers4car.com\/#website"},"primaryImageOfPage":{"@id":"https:\/\/covers4car.com\/product\/all-inclusive-custom-fit-leather-seat-cover-09-for-ford-f-150-f-250-f-350-f-450\/#primaryimage"},"image":{"@id":"https:\/\/covers4car.com\/product\/all-inclusive-custom-fit-leather-seat-cover-09-for-ford-f-150-f-250-f-350-f-450\/#primaryimage"},"thumbnailUrl":"https:\/\/covers4car.com\/wp-content\/uploads\/2025\/09\/1-18.webp","datePublished":"2025-09-13T04:31:32+00:00","dateModified":"2026-01-14T20:21:37+00:00","description":"Premium s\u00e6debetr\u00e6k til Ford F150, F250, F350, F450. Specialdesignet l\u00e6der giver holdbarhed, komfort og komplet s\u00e6debeskyttelse.","breadcrumb":{"@id":"https:\/\/covers4car.com\/product\/all-inclusive-custom-fit-leather-seat-cover-09-for-ford-f-150-f-250-f-350-f-450\/#breadcrumb"},"inLanguage":"da-DK","potentialAction":[{"@type":"ReadAction","target":["https:\/\/covers4car.com\/product\/all-inclusive-custom-fit-leather-seat-cover-09-for-ford-f-150-f-250-f-350-f-450\/"]}]},{"@type":"ImageObject","inLanguage":"da-DK","@id":"https:\/\/covers4car.com\/product\/all-inclusive-custom-fit-leather-seat-cover-09-for-ford-f-150-f-250-f-350-f-450\/#primaryimage","url":"https:\/\/covers4car.com\/wp-content\/uploads\/2025\/09\/1-18.webp","contentUrl":"https:\/\/covers4car.com\/wp-content\/uploads\/2025\/09\/1-18.webp","width":1000,"height":1000},{"@type":"BreadcrumbList","@id":"https:\/\/covers4car.com\/product\/all-inclusive-custom-fit-leather-seat-cover-09-for-ford-f-150-f-250-f-350-f-450\/#breadcrumb","itemListElement":[{"@type":"ListItem","position":1,"name":"Home","item":"https:\/\/covers4car.com\/"},{"@type":"ListItem","position":2,"name":"Shop","item":"https:\/\/covers4car.com\/shop\/"},{"@type":"ListItem","position":3,"name":"All Inclusive Custom Fit Leather Seat Cover 09 for Ford F-150 F-250 F-350 F-450"}]},{"@type":"WebSite","@id":"https:\/\/covers4car.com\/#website","url":"https:\/\/covers4car.com\/","name":"Covers4Car","description":"Professionelle s\u00e6debetr\u00e6k skr\u00e6ddersyet til dit k\u00f8ret\u00f8j","publisher":{"@id":"https:\/\/covers4car.com\/#organization"},"potentialAction":[{"@type":"SearchAction","target":{"@type":"EntryPoint","urlTemplate":"https:\/\/covers4car.com\/?s={search_term_string}"},"query-input":{"@type":"PropertyValueSpecification","valueRequired":true,"valueName":"search_term_string"}}],"inLanguage":"da-DK"},{"@type":"Organization","@id":"https:\/\/covers4car.com\/#organization","name":"Covers4Car","url":"https:\/\/covers4car.com\/","logo":{"@type":"ImageObject","inLanguage":"da-DK","@id":"https:\/\/covers4car.com\/#\/schema\/logo\/image\/","url":"https:\/\/covers4car.com\/wp-content\/uploads\/2024\/11\/Asset-2@5x-copy.jpg","contentUrl":"https:\/\/covers4car.com\/wp-content\/uploads\/2024\/11\/Asset-2@5x-copy.jpg","width":877,"height":877,"caption":"Covers4Car"},"image":{"@id":"https:\/\/covers4car.com\/#\/schema\/logo\/image\/"},"sameAs":["https:\/\/www.facebook.com\/profile.php?id=61564533557142","https:\/\/x.com\/covers4carstore"]}]}},"_links":{"self":[{"href":"https:\/\/covers4car.com\/da\/wp-json\/wp\/v2\/product\/22858","targetHints":{"allow":["GET"]}}],"collection":[{"href":"https:\/\/covers4car.com\/da\/wp-json\/wp\/v2\/product"}],"about":[{"href":"https:\/\/covers4car.com\/da\/wp-json\/wp\/v2\/types\/product"}],"replies":[{"embeddable":true,"href":"https:\/\/covers4car.com\/da\/wp-json\/wp\/v2\/comments?post=22858"}],"version-history":[{"count":0,"href":"https:\/\/covers4car.com\/da\/wp-json\/wp\/v2\/product\/22858\/revisions"}],"wp:featuredmedia":[{"embeddable":true,"href":"https:\/\/covers4car.com\/da\/wp-json\/wp\/v2\/media\/22867"}],"wp:attachment":[{"href":"https:\/\/covers4car.com\/da\/wp-json\/wp\/v2\/media?parent=22858"}],"wp:term":[{"taxonomy":"product_brand","embeddable":true,"href":"https:\/\/covers4car.com\/da\/wp-json\/wp\/v2\/product_brand?post=22858"},{"taxonomy":"product_cat","embeddable":true,"href":"https:\/\/covers4car.com\/da\/wp-json\/wp\/v2\/product_cat?post=22858"},{"taxonomy":"product_tag","embeddable":true,"href":"https:\/\/covers4car.com\/da\/wp-json\/wp\/v2\/product_tag?post=22858"},{"taxonomy":"jet_color","embeddable":true,"href":"https:\/\/covers4car.com\/da\/wp-json\/wp\/v2\/jet_color?post=22858"},{"taxonomy":"jet_material","embeddable":true,"href":"https:\/\/covers4car.com\/da\/wp-json\/wp\/v2\/jet_material?post=22858"},{"taxonomy":"jet_coverage","embeddable":true,"href":"https:\/\/covers4car.com\/da\/wp-json\/wp\/v2\/jet_coverage?post=22858"}],"curies":[{"name":"wp","href":"https:\/\/api.w.org\/{rel}","templated":true}]}}