{"id":23204,"date":"2025-09-20T02:45:52","date_gmt":"2025-09-20T09:45:52","guid":{"rendered":"https:\/\/covers4car.com\/?post_type=product&#038;p=23204"},"modified":"2025-11-13T05:47:23","modified_gmt":"2025-11-13T13:47:23","slug":"custom-fit-seat-covers-for-ford-mustang-mach-e-front-rear-seat-protector","status":"publish","type":"product","link":"https:\/\/covers4car.com\/da\/vare\/custom-fit-seat-covers-for-ford-mustang-mach-e-front-rear-seat-protector\/","title":{"rendered":"Specialfremstillede l\u00e6ders\u00e6debetr\u00e6k til Ford Mustang Mach E - For- og bags\u00e6debeskytter"},"content":{"rendered":"<p>Opgrader din Ford Mustang Mach E med Covers4Car All Inclusive l\u00e6ders\u00e6debetr\u00e6k, designet til bilister, der \u00f8nsker fabriksmonteret pasform, langvarig holdbarhed og komplet s\u00e6debeskyttelse. Disse specialtilpassede l\u00e6ders\u00e6debetr\u00e6k beskytter ikke kun din bils interi\u00f8r mod snavs, spild og ridser, men forbedrer ogs\u00e5 komforten p\u00e5 hver k\u00f8retur. Med airbag-kompatibelt design, letreng\u00f8rlige overflader og overlegent h\u00e5ndv\u00e6rk sikrer de, at din Ford Mustang Mach E forbliver stilfuld, komfortabel og v\u00e6rdifuld i mange \u00e5r fremover.<\/p>\n<ul>\n<li><strong>Passer til: 2021-2025+ Ford Mustang Mach E<\/strong><\/li>\n<li>Perfekt pasform i fabriksstil: Designet til at matche det luksuri\u00f8se udseende og den fabriksmonterede Ford Mustang Coup\u00e9s s\u00e6der, hvilket sikrer en problemfri pasform og \u00e6stetisk appel.<\/li>\n<li>Forbedret holdbarhed: Fremstillet af holdbare materialer med en glat, \u00e5ndbar overflade, der er nem at reng\u00f8re og bevarer komforten p\u00e5 alle \u00e5rstider.<\/li>\n<li>Sikkerhed ved k\u00f8rsel: Har reserverede airbag\u00e5bninger for \u00f8get sikkerhed og ro i sindet.<\/li>\n<li>Omfattende beskyttelse: Giver 360\u00b0 d\u00e6kning, der beskytter dine Ford Mustang Mach E-s\u00e6der mod snavs, pletter, skrammer og slitage for\u00e5rsaget af k\u00e6ledyr eller b\u00f8rn, s\u00e5 de forbliver skinnende fine. K\u00e6ledyrs mudrede poteaftryk, der er blevet nippet til af b\u00f8rnenes drikkevarer, kan hurtigt t\u00f8rres af med et h\u00e5ndkl\u00e6de, hvilket f\u00e5r dine s\u00e6der til at se ud som nye.<\/li>\n<li>Holdbarhed og gensalgsv\u00e6rdi: Forl\u00e6nger levetiden p\u00e5 din Ford Mustang Coup\u00e9 med 5-6 \u00e5r, beskytter den mod skader og bevarer k\u00f8ret\u00f8jets gensalgspotentiale.<\/li>\n<li>Komfortabel p\u00e5 lange rejser: Oplev uovertruffen komfort p\u00e5 lange rejser med vores tilpassede, altomfattende s\u00e6debetr\u00e6k, designet til at give overlegen d\u00e6mpning og st\u00f8tte, hvilket sikrer, at du forbliver afslappet og komfortabel, uanset hvor langt du rejser.<\/li>\n<\/ul>\n<p><strong>Komplet s\u00e6t (for- og bags\u00e6der):<\/strong><\/p>\n<ul>\n<li>2x fors\u00e6debetr\u00e6k<\/li>\n<li>1x fuld bags\u00e6debetr\u00e6k<\/li>\n<\/ul>\n<p><strong>Kun fors\u00e6der<\/strong><\/p>\n<ul>\n<li>1x komplette s\u00e6debetr\u00e6k foran<\/li>\n<\/ul>\n<p><strong>Kun bags\u00e6der<\/strong><\/p>\n<ul>\n<li>1x fuld bags\u00e6debetr\u00e6k<\/li>\n<\/ul>","protected":false},"excerpt":{"rendered":"<p>Opgrader din Ford Mustang Mach E med Covers4Car All Inclusive l\u00e6ders\u00e6debetr\u00e6k, designet til bilister, der \u00f8nsker fabriksmonteret s\u00e6debetr\u00e6k.,<\/p>","protected":false},"featured_media":23503,"comment_status":"open","ping_status":"closed","template":"","meta":{"_acf_changed":false,"_monsterinsights_skip_tracking":false,"_monsterinsights_sitenote_active":false,"_monsterinsights_sitenote_note":"","_monsterinsights_sitenote_category":0},"product_brand":[],"product_cat":[72,118,54975],"product_tag":[54998],"jet_color":[],"jet_material":[],"jet_coverage":[],"class_list":{"0":"post-23204","1":"product","2":"type-product","3":"status-publish","4":"has-post-thumbnail","6":"product_cat-accessories","7":"product_cat-seat-cover-for-ford","8":"product_cat-seat-cover-for-ford-mustang-mach-e","9":"product_tag-fit-mustang-mach-e","11":"first","12":"instock","13":"shipping-taxable","14":"purchasable","15":"product-type-variable","16":"has-default-attributes","17":"wvs-archive-product-wrapper"},"acf":[],"yoast_head":"<!-- This site is optimized with the Yoast SEO Premium plugin v26.4 (Yoast SEO v26.4) - https:\/\/yoast.com\/wordpress\/plugins\/seo\/ -->\n<title>Custom Fit Leather Seat Covers for Ford Mustang Mach E<\/title>\n<meta name=\"description\" content=\"Upgrade your Ford Mustang Mach E with custom fit leather seat covers. Durable, stylish, airbag-safe, and easy to clean for lasting seat protection.\" \/>\n<meta name=\"robots\" content=\"index, follow, max-snippet:-1, max-image-preview:large, max-video-preview:-1\" \/>\n<link rel=\"canonical\" href=\"https:\/\/covers4car.com\/da\/vare\/custom-fit-seat-covers-for-ford-mustang-mach-e-front-rear-seat-protector\/\" \/>\n<meta property=\"og:locale\" content=\"da_DK\" \/>\n<meta property=\"og:type\" content=\"article\" \/>\n<meta property=\"og:title\" content=\"Custom Fit Leather Seat Covers for Ford Mustang Mach E-Front &amp; Rear Seat Protector\" \/>\n<meta property=\"og:description\" content=\"Upgrade your Ford Mustang Mach E with custom fit leather seat covers. Durable, stylish, airbag-safe, and easy to clean for lasting seat protection.\" \/>\n<meta property=\"og:url\" content=\"https:\/\/covers4car.com\/da\/vare\/custom-fit-seat-covers-for-ford-mustang-mach-e-front-rear-seat-protector\/\" \/>\n<meta property=\"og:site_name\" content=\"Covers4Car\" \/>\n<meta property=\"article:publisher\" content=\"https:\/\/www.facebook.com\/profile.php?id=61564533557142\" \/>\n<meta property=\"article:modified_time\" content=\"2025-11-13T13:47:23+00:00\" \/>\n<meta property=\"og:image\" content=\"https:\/\/covers4car.com\/wp-content\/uploads\/2025\/09\/1-1-3.webp\" \/>\n\t<meta property=\"og:image:width\" content=\"1000\" \/>\n\t<meta property=\"og:image:height\" content=\"1000\" \/>\n\t<meta property=\"og:image:type\" content=\"image\/webp\" \/>\n<meta name=\"twitter:card\" content=\"summary_large_image\" \/>\n<meta name=\"twitter:site\" content=\"@covers4carstore\" \/>\n<meta name=\"twitter:label1\" content=\"Estimeret l\u00e6setid\" \/>\n\t<meta name=\"twitter:data1\" content=\"2 minutter\" \/>\n<script type=\"application\/ld+json\" class=\"yoast-schema-graph\">{\"@context\":\"https:\/\/schema.org\",\"@graph\":[{\"@type\":\"WebPage\",\"@id\":\"https:\/\/covers4car.com\/product\/custom-fit-seat-covers-for-ford-mustang-mach-e-front-rear-seat-protector\/\",\"url\":\"https:\/\/covers4car.com\/product\/custom-fit-seat-covers-for-ford-mustang-mach-e-front-rear-seat-protector\/\",\"name\":\"Custom Fit Leather Seat Covers for Ford Mustang Mach E\",\"isPartOf\":{\"@id\":\"https:\/\/covers4car.com\/#website\"},\"primaryImageOfPage\":{\"@id\":\"https:\/\/covers4car.com\/product\/custom-fit-seat-covers-for-ford-mustang-mach-e-front-rear-seat-protector\/#primaryimage\"},\"image\":{\"@id\":\"https:\/\/covers4car.com\/product\/custom-fit-seat-covers-for-ford-mustang-mach-e-front-rear-seat-protector\/#primaryimage\"},\"thumbnailUrl\":\"https:\/\/covers4car.com\/wp-content\/uploads\/2025\/09\/1-1-3.webp\",\"datePublished\":\"2025-09-20T09:45:52+00:00\",\"dateModified\":\"2025-11-13T13:47:23+00:00\",\"description\":\"Upgrade your Ford Mustang Mach E with custom fit leather seat covers. Durable, stylish, airbag-safe, and easy to clean for lasting seat protection.\",\"breadcrumb\":{\"@id\":\"https:\/\/covers4car.com\/product\/custom-fit-seat-covers-for-ford-mustang-mach-e-front-rear-seat-protector\/#breadcrumb\"},\"inLanguage\":\"da-DK\",\"potentialAction\":[{\"@type\":\"ReadAction\",\"target\":[\"https:\/\/covers4car.com\/product\/custom-fit-seat-covers-for-ford-mustang-mach-e-front-rear-seat-protector\/\"]}]},{\"@type\":\"ImageObject\",\"inLanguage\":\"da-DK\",\"@id\":\"https:\/\/covers4car.com\/product\/custom-fit-seat-covers-for-ford-mustang-mach-e-front-rear-seat-protector\/#primaryimage\",\"url\":\"https:\/\/covers4car.com\/wp-content\/uploads\/2025\/09\/1-1-3.webp\",\"contentUrl\":\"https:\/\/covers4car.com\/wp-content\/uploads\/2025\/09\/1-1-3.webp\",\"width\":1000,\"height\":1000},{\"@type\":\"BreadcrumbList\",\"@id\":\"https:\/\/covers4car.com\/product\/custom-fit-seat-covers-for-ford-mustang-mach-e-front-rear-seat-protector\/#breadcrumb\",\"itemListElement\":[{\"@type\":\"ListItem\",\"position\":1,\"name\":\"Home\",\"item\":\"https:\/\/covers4car.com\/\"},{\"@type\":\"ListItem\",\"position\":2,\"name\":\"Shop\",\"item\":\"https:\/\/covers4car.com\/shop\/\"},{\"@type\":\"ListItem\",\"position\":3,\"name\":\"Custom Fit Leather Seat Covers for Ford Mustang Mach E-Front &#038; Rear Seat Protector\"}]},{\"@type\":\"WebSite\",\"@id\":\"https:\/\/covers4car.com\/#website\",\"url\":\"https:\/\/covers4car.com\/\",\"name\":\"Covers4Car\",\"description\":\"Professional Seat Covers Tailored for Your Vehicle\",\"publisher\":{\"@id\":\"https:\/\/covers4car.com\/#organization\"},\"potentialAction\":[{\"@type\":\"SearchAction\",\"target\":{\"@type\":\"EntryPoint\",\"urlTemplate\":\"https:\/\/covers4car.com\/?s={search_term_string}\"},\"query-input\":{\"@type\":\"PropertyValueSpecification\",\"valueRequired\":true,\"valueName\":\"search_term_string\"}}],\"inLanguage\":\"da-DK\"},{\"@type\":\"Organization\",\"@id\":\"https:\/\/covers4car.com\/#organization\",\"name\":\"Covers4Car\",\"url\":\"https:\/\/covers4car.com\/\",\"logo\":{\"@type\":\"ImageObject\",\"inLanguage\":\"da-DK\",\"@id\":\"https:\/\/covers4car.com\/#\/schema\/logo\/image\/\",\"url\":\"https:\/\/covers4car.com\/wp-content\/uploads\/2024\/11\/Asset-2@5x-copy.jpg\",\"contentUrl\":\"https:\/\/covers4car.com\/wp-content\/uploads\/2024\/11\/Asset-2@5x-copy.jpg\",\"width\":877,\"height\":877,\"caption\":\"Covers4Car\"},\"image\":{\"@id\":\"https:\/\/covers4car.com\/#\/schema\/logo\/image\/\"},\"sameAs\":[\"https:\/\/www.facebook.com\/profile.php?id=61564533557142\",\"https:\/\/x.com\/covers4carstore\"]}]}<\/script>\n<!-- \/ Yoast SEO Premium plugin. -->","yoast_head_json":{"title":"Custom Fit Leather Seat Covers for Ford Mustang Mach E","description":"Upgrade your Ford Mustang Mach E with custom fit leather seat covers. Durable, stylish, airbag-safe, and easy to clean for lasting seat protection.","robots":{"index":"index","follow":"follow","max-snippet":"max-snippet:-1","max-image-preview":"max-image-preview:large","max-video-preview":"max-video-preview:-1"},"canonical":"https:\/\/covers4car.com\/da\/vare\/custom-fit-seat-covers-for-ford-mustang-mach-e-front-rear-seat-protector\/","og_locale":"da_DK","og_type":"article","og_title":"Custom Fit Leather Seat Covers for Ford Mustang Mach E-Front & Rear Seat Protector","og_description":"Upgrade your Ford Mustang Mach E with custom fit leather seat covers. Durable, stylish, airbag-safe, and easy to clean for lasting seat protection.","og_url":"https:\/\/covers4car.com\/da\/vare\/custom-fit-seat-covers-for-ford-mustang-mach-e-front-rear-seat-protector\/","og_site_name":"Covers4Car","article_publisher":"https:\/\/www.facebook.com\/profile.php?id=61564533557142","article_modified_time":"2025-11-13T13:47:23+00:00","og_image":[{"width":1000,"height":1000,"url":"https:\/\/covers4car.com\/wp-content\/uploads\/2025\/09\/1-1-3.webp","type":"image\/webp"}],"twitter_card":"summary_large_image","twitter_site":"@covers4carstore","twitter_misc":{"Estimeret l\u00e6setid":"2 minutter"},"schema":{"@context":"https:\/\/schema.org","@graph":[{"@type":"WebPage","@id":"https:\/\/covers4car.com\/product\/custom-fit-seat-covers-for-ford-mustang-mach-e-front-rear-seat-protector\/","url":"https:\/\/covers4car.com\/product\/custom-fit-seat-covers-for-ford-mustang-mach-e-front-rear-seat-protector\/","name":"Custom Fit Leather Seat Covers for Ford Mustang Mach E","isPartOf":{"@id":"https:\/\/covers4car.com\/#website"},"primaryImageOfPage":{"@id":"https:\/\/covers4car.com\/product\/custom-fit-seat-covers-for-ford-mustang-mach-e-front-rear-seat-protector\/#primaryimage"},"image":{"@id":"https:\/\/covers4car.com\/product\/custom-fit-seat-covers-for-ford-mustang-mach-e-front-rear-seat-protector\/#primaryimage"},"thumbnailUrl":"https:\/\/covers4car.com\/wp-content\/uploads\/2025\/09\/1-1-3.webp","datePublished":"2025-09-20T09:45:52+00:00","dateModified":"2025-11-13T13:47:23+00:00","description":"Upgrade your Ford Mustang Mach E with custom fit leather seat covers. Durable, stylish, airbag-safe, and easy to clean for lasting seat protection.","breadcrumb":{"@id":"https:\/\/covers4car.com\/product\/custom-fit-seat-covers-for-ford-mustang-mach-e-front-rear-seat-protector\/#breadcrumb"},"inLanguage":"da-DK","potentialAction":[{"@type":"ReadAction","target":["https:\/\/covers4car.com\/product\/custom-fit-seat-covers-for-ford-mustang-mach-e-front-rear-seat-protector\/"]}]},{"@type":"ImageObject","inLanguage":"da-DK","@id":"https:\/\/covers4car.com\/product\/custom-fit-seat-covers-for-ford-mustang-mach-e-front-rear-seat-protector\/#primaryimage","url":"https:\/\/covers4car.com\/wp-content\/uploads\/2025\/09\/1-1-3.webp","contentUrl":"https:\/\/covers4car.com\/wp-content\/uploads\/2025\/09\/1-1-3.webp","width":1000,"height":1000},{"@type":"BreadcrumbList","@id":"https:\/\/covers4car.com\/product\/custom-fit-seat-covers-for-ford-mustang-mach-e-front-rear-seat-protector\/#breadcrumb","itemListElement":[{"@type":"ListItem","position":1,"name":"Home","item":"https:\/\/covers4car.com\/"},{"@type":"ListItem","position":2,"name":"Shop","item":"https:\/\/covers4car.com\/shop\/"},{"@type":"ListItem","position":3,"name":"Custom Fit Leather Seat Covers for Ford Mustang Mach E-Front &#038; Rear Seat Protector"}]},{"@type":"WebSite","@id":"https:\/\/covers4car.com\/#website","url":"https:\/\/covers4car.com\/","name":"Covers4Car","description":"Professionelle s\u00e6debetr\u00e6k skr\u00e6ddersyet til dit k\u00f8ret\u00f8j","publisher":{"@id":"https:\/\/covers4car.com\/#organization"},"potentialAction":[{"@type":"SearchAction","target":{"@type":"EntryPoint","urlTemplate":"https:\/\/covers4car.com\/?s={search_term_string}"},"query-input":{"@type":"PropertyValueSpecification","valueRequired":true,"valueName":"search_term_string"}}],"inLanguage":"da-DK"},{"@type":"Organization","@id":"https:\/\/covers4car.com\/#organization","name":"Covers4Car","url":"https:\/\/covers4car.com\/","logo":{"@type":"ImageObject","inLanguage":"da-DK","@id":"https:\/\/covers4car.com\/#\/schema\/logo\/image\/","url":"https:\/\/covers4car.com\/wp-content\/uploads\/2024\/11\/Asset-2@5x-copy.jpg","contentUrl":"https:\/\/covers4car.com\/wp-content\/uploads\/2024\/11\/Asset-2@5x-copy.jpg","width":877,"height":877,"caption":"Covers4Car"},"image":{"@id":"https:\/\/covers4car.com\/#\/schema\/logo\/image\/"},"sameAs":["https:\/\/www.facebook.com\/profile.php?id=61564533557142","https:\/\/x.com\/covers4carstore"]}]}},"_links":{"self":[{"href":"https:\/\/covers4car.com\/da\/wp-json\/wp\/v2\/product\/23204","targetHints":{"allow":["GET"]}}],"collection":[{"href":"https:\/\/covers4car.com\/da\/wp-json\/wp\/v2\/product"}],"about":[{"href":"https:\/\/covers4car.com\/da\/wp-json\/wp\/v2\/types\/product"}],"replies":[{"embeddable":true,"href":"https:\/\/covers4car.com\/da\/wp-json\/wp\/v2\/comments?post=23204"}],"version-history":[{"count":0,"href":"https:\/\/covers4car.com\/da\/wp-json\/wp\/v2\/product\/23204\/revisions"}],"wp:featuredmedia":[{"embeddable":true,"href":"https:\/\/covers4car.com\/da\/wp-json\/wp\/v2\/media\/23503"}],"wp:attachment":[{"href":"https:\/\/covers4car.com\/da\/wp-json\/wp\/v2\/media?parent=23204"}],"wp:term":[{"taxonomy":"product_brand","embeddable":true,"href":"https:\/\/covers4car.com\/da\/wp-json\/wp\/v2\/product_brand?post=23204"},{"taxonomy":"product_cat","embeddable":true,"href":"https:\/\/covers4car.com\/da\/wp-json\/wp\/v2\/product_cat?post=23204"},{"taxonomy":"product_tag","embeddable":true,"href":"https:\/\/covers4car.com\/da\/wp-json\/wp\/v2\/product_tag?post=23204"},{"taxonomy":"jet_color","embeddable":true,"href":"https:\/\/covers4car.com\/da\/wp-json\/wp\/v2\/jet_color?post=23204"},{"taxonomy":"jet_material","embeddable":true,"href":"https:\/\/covers4car.com\/da\/wp-json\/wp\/v2\/jet_material?post=23204"},{"taxonomy":"jet_coverage","embeddable":true,"href":"https:\/\/covers4car.com\/da\/wp-json\/wp\/v2\/jet_coverage?post=23204"}],"curies":[{"name":"wp","href":"https:\/\/api.w.org\/{rel}","templated":true}]}}