{"id":27624,"date":"2025-11-13T18:41:03","date_gmt":"2025-11-14T02:41:03","guid":{"rendered":"https:\/\/covers4car.com\/?post_type=product&#038;p=27624"},"modified":"2026-04-06T03:59:33","modified_gmt":"2026-04-06T10:59:33","slug":"custom-fit-premium-leather-car-seat-covers-for-jeep-wrangler-front-rear-seat-protector-01","status":"publish","type":"product","link":"https:\/\/covers4car.com\/da\/vare\/custom-fit-premium-leather-car-seat-covers-for-jeep-wrangler-front-rear-seat-protector-01\/","title":{"rendered":"Specialfremstillede premium l\u00e6ders\u00e6debetr\u00e6k til Jeep Wrangler - For- og bags\u00e6debeskytter 01"},"content":{"rendered":"<p>Opgrader din Jeep Wrangler med Covers4Car Custom Fit l\u00e6ders\u00e6debetr\u00e6k, designet til bilister, der \u00f8nsker fabriksmonteret pasform, langvarig holdbarhed og komplet s\u00e6debeskyttelse. Disse specialtilpassede l\u00e6ders\u00e6debetr\u00e6k beskytter ikke kun din bils interi\u00f8r mod snavs, spild og ridser, men forbedrer ogs\u00e5 komforten p\u00e5 hver k\u00f8retur. Med airbag-kompatibelt design, letreng\u00f8rlige overflader og overlegent h\u00e5ndv\u00e6rk sikrer de, at din Jeep Wrangler forbliver stilfuld, komfortabel og v\u00e6rdifuld i mange \u00e5r fremover.<\/p>\n<ul>\n<li><strong>Montering:<br \/>\n2007-2012 Jeep Wrangler 2-d\u00f8rs\/Unlimited 4-d\u00f8rs<\/strong><br \/>\n<strong>2013-2017 Jeep Wrangler JK 2-d\u00f8rs\/4-d\u00f8rs<br \/>\n2018-2026 Jeep Wrangler[\/Unlimited] JL(18-26) 2-d\u00f8rs\/4-d\u00f8rs<\/strong><\/li>\n<\/ul>\n<ul>\n<li>Perfekt pasform i fabriksstil: Designet til at matche det luksuri\u00f8se udseende og den fabriksmonterede Jeep Wranglers s\u00e6der, hvilket sikrer en problemfri pasform og \u00e6stetisk appel.<\/li>\n<li>Forbedret holdbarhed: Fremstillet af holdbare materialer med en glat, \u00e5ndbar overflade, der er nem at reng\u00f8re og bevarer komforten p\u00e5 alle \u00e5rstider.<\/li>\n<li>Sikkerhed ved k\u00f8rsel: Har reserverede airbag\u00e5bninger for \u00f8get sikkerhed og ro i sindet.<\/li>\n<li>Omfattende beskyttelse: Giver 360\u00b0 d\u00e6kning, der beskytter dine Jeep Wrangler-s\u00e6der mod snavs, pletter, skrammer og slitage for\u00e5rsaget af k\u00e6ledyr eller b\u00f8rn, s\u00e5 de forbliver skinnende fine. K\u00e6ledyrs mudrede poteaftryk, der er blevet nippet til af b\u00f8rnenes drikkevarer, kan hurtigt t\u00f8rres af med et h\u00e5ndkl\u00e6de, hvilket f\u00e5r dine s\u00e6der til at se ud som nye.<\/li>\n<li>Holdbarhed og gensalgsv\u00e6rdi: Forl\u00e6nger levetiden p\u00e5 din Jeep Wrangler med 5-6 \u00e5r, beskytter den mod skader og bevarer k\u00f8ret\u00f8jets gensalgspotentiale.<\/li>\n<li>Komfortabel p\u00e5 lange rejser: Oplev uovertruffen komfort p\u00e5 lange rejser med vores tilpassede, altomfattende s\u00e6debetr\u00e6k, designet til at give overlegen d\u00e6mpning og st\u00f8tte, hvilket sikrer, at du forbliver afslappet og komfortabel, uanset hvor langt du rejser.<\/li>\n<\/ul>\n<p><strong>Fuldt s\u00e6t:<\/strong><\/p>\n<ul>\n<li>2x fors\u00e6debetr\u00e6k<\/li>\n<li>1x komplette bags\u00e6debetr\u00e6k<\/li>\n<\/ul>\n<p><strong>Kun fors\u00e6der<\/strong><\/p>\n<ul>\n<li>1x komplette s\u00e6debetr\u00e6k foran<\/li>\n<\/ul>","protected":false},"excerpt":{"rendered":"<p>Opgrader din Jeep Wrangler med Covers4Car Custom Fit l\u00e6ders\u00e6debetr\u00e6k, designet til bilister, der \u00f8nsker fabriksmonteret pasform, langvarig holdbarhed,<\/p>","protected":false},"featured_media":27657,"comment_status":"open","ping_status":"closed","template":"","meta":{"_acf_changed":false,"_monsterinsights_skip_tracking":false,"_monsterinsights_sitenote_active":false,"_monsterinsights_sitenote_note":"","_monsterinsights_sitenote_category":0},"product_brand":[],"product_cat":[77707,124,54981],"product_tag":[77658],"jet_color":[],"jet_material":[],"jet_coverage":[],"class_list":{"0":"post-27624","1":"product","2":"type-product","3":"status-publish","4":"has-post-thumbnail","6":"product_cat-seat-cover-for-jeep-wrangler","7":"product_cat-seat-cover","8":"product_cat-seat-cover-for-jeep","9":"product_tag-fit-wrangler","11":"first","12":"instock","13":"shipping-taxable","14":"purchasable","15":"product-type-variable","16":"has-default-attributes","17":"wvs-archive-product-wrapper"},"acf":[],"yoast_head":"<!-- This site is optimized with the Yoast SEO Premium plugin v26.4 (Yoast SEO v26.4) - https:\/\/yoast.com\/wordpress\/plugins\/seo\/ -->\n<title>Custom Fit Leather Seat Covers for Jeep Wrangler<\/title>\n<meta name=\"description\" content=\"Custom Fit Premium Leather Car Seat Covers for Jeep Wrangler-Front &amp; Rear Seat Protector 01 Upgrade your Jeep Wrangler with Covers4Car Custom Fit Leather Seat Covers, designed for drivers who want factory-style fit, long-lasting durability, and\" \/>\n<meta name=\"robots\" content=\"index, follow, max-snippet:-1, max-image-preview:large, max-video-preview:-1\" \/>\n<link rel=\"canonical\" href=\"https:\/\/covers4car.com\/da\/vare\/custom-fit-premium-leather-car-seat-covers-for-jeep-wrangler-front-rear-seat-protector-01\/\" \/>\n<meta property=\"og:locale\" content=\"da_DK\" \/>\n<meta property=\"og:type\" content=\"article\" \/>\n<meta property=\"og:title\" content=\"Custom Fit Premium Leather Car Seat Covers for Jeep Wrangler-Front &amp; Rear Seat Protector 01\" \/>\n<meta property=\"og:description\" content=\"Custom Fit Premium Leather Car Seat Covers for Jeep Wrangler-Front &amp; Rear Seat Protector 01 Upgrade your Jeep Wrangler with Covers4Car Custom Fit Leather Seat Covers, designed for drivers who want factory-style fit, long-lasting durability, and\" \/>\n<meta property=\"og:url\" content=\"https:\/\/covers4car.com\/da\/vare\/custom-fit-premium-leather-car-seat-covers-for-jeep-wrangler-front-rear-seat-protector-01\/\" \/>\n<meta property=\"og:site_name\" content=\"Covers4Car\" \/>\n<meta property=\"article:publisher\" content=\"https:\/\/www.facebook.com\/profile.php?id=61564533557142\" \/>\n<meta property=\"article:modified_time\" content=\"2026-04-06T10:59:33+00:00\" \/>\n<meta property=\"og:image\" content=\"https:\/\/covers4car.com\/wp-content\/uploads\/2025\/11\/new_01-7.webp\" \/>\n\t<meta property=\"og:image:width\" content=\"1000\" \/>\n\t<meta property=\"og:image:height\" content=\"1000\" \/>\n\t<meta property=\"og:image:type\" content=\"image\/webp\" \/>\n<meta name=\"twitter:card\" content=\"summary_large_image\" \/>\n<meta name=\"twitter:site\" content=\"@covers4carstore\" \/>\n<meta name=\"twitter:label1\" content=\"Estimeret l\u00e6setid\" \/>\n\t<meta name=\"twitter:data1\" content=\"2 minutter\" \/>\n<script type=\"application\/ld+json\" class=\"yoast-schema-graph\">{\"@context\":\"https:\/\/schema.org\",\"@graph\":[{\"@type\":\"WebPage\",\"@id\":\"https:\/\/covers4car.com\/product\/custom-fit-premium-leather-car-seat-covers-for-jeep-wrangler-front-rear-seat-protector-01\/\",\"url\":\"https:\/\/covers4car.com\/product\/custom-fit-premium-leather-car-seat-covers-for-jeep-wrangler-front-rear-seat-protector-01\/\",\"name\":\"Custom Fit Leather Seat Covers for Jeep Wrangler\",\"isPartOf\":{\"@id\":\"https:\/\/covers4car.com\/#website\"},\"primaryImageOfPage\":{\"@id\":\"https:\/\/covers4car.com\/product\/custom-fit-premium-leather-car-seat-covers-for-jeep-wrangler-front-rear-seat-protector-01\/#primaryimage\"},\"image\":{\"@id\":\"https:\/\/covers4car.com\/product\/custom-fit-premium-leather-car-seat-covers-for-jeep-wrangler-front-rear-seat-protector-01\/#primaryimage\"},\"thumbnailUrl\":\"https:\/\/covers4car.com\/wp-content\/uploads\/2025\/11\/new_01-7.webp\",\"datePublished\":\"2025-11-14T02:41:03+00:00\",\"dateModified\":\"2026-04-06T10:59:33+00:00\",\"description\":\"Custom Fit Premium Leather Car Seat Covers for Jeep Wrangler-Front & Rear Seat Protector 01 Upgrade your Jeep Wrangler with Covers4Car Custom Fit Leather Seat Covers, designed for drivers who want factory-style fit, long-lasting durability, and\",\"breadcrumb\":{\"@id\":\"https:\/\/covers4car.com\/product\/custom-fit-premium-leather-car-seat-covers-for-jeep-wrangler-front-rear-seat-protector-01\/#breadcrumb\"},\"inLanguage\":\"da-DK\",\"potentialAction\":[{\"@type\":\"ReadAction\",\"target\":[\"https:\/\/covers4car.com\/product\/custom-fit-premium-leather-car-seat-covers-for-jeep-wrangler-front-rear-seat-protector-01\/\"]}]},{\"@type\":\"ImageObject\",\"inLanguage\":\"da-DK\",\"@id\":\"https:\/\/covers4car.com\/product\/custom-fit-premium-leather-car-seat-covers-for-jeep-wrangler-front-rear-seat-protector-01\/#primaryimage\",\"url\":\"https:\/\/covers4car.com\/wp-content\/uploads\/2025\/11\/new_01-7.webp\",\"contentUrl\":\"https:\/\/covers4car.com\/wp-content\/uploads\/2025\/11\/new_01-7.webp\",\"width\":1000,\"height\":1000},{\"@type\":\"BreadcrumbList\",\"@id\":\"https:\/\/covers4car.com\/product\/custom-fit-premium-leather-car-seat-covers-for-jeep-wrangler-front-rear-seat-protector-01\/#breadcrumb\",\"itemListElement\":[{\"@type\":\"ListItem\",\"position\":1,\"name\":\"Home\",\"item\":\"https:\/\/covers4car.com\/\"},{\"@type\":\"ListItem\",\"position\":2,\"name\":\"Shop\",\"item\":\"https:\/\/covers4car.com\/shop\/\"},{\"@type\":\"ListItem\",\"position\":3,\"name\":\"Custom Fit Premium Leather Car Seat Covers for Jeep Wrangler-Front &#038; Rear Seat Protector 01\"}]},{\"@type\":\"WebSite\",\"@id\":\"https:\/\/covers4car.com\/#website\",\"url\":\"https:\/\/covers4car.com\/\",\"name\":\"Covers4Car\",\"description\":\"Professional Seat Covers Tailored for Your Vehicle\",\"publisher\":{\"@id\":\"https:\/\/covers4car.com\/#organization\"},\"potentialAction\":[{\"@type\":\"SearchAction\",\"target\":{\"@type\":\"EntryPoint\",\"urlTemplate\":\"https:\/\/covers4car.com\/?s={search_term_string}\"},\"query-input\":{\"@type\":\"PropertyValueSpecification\",\"valueRequired\":true,\"valueName\":\"search_term_string\"}}],\"inLanguage\":\"da-DK\"},{\"@type\":\"Organization\",\"@id\":\"https:\/\/covers4car.com\/#organization\",\"name\":\"Covers4Car\",\"url\":\"https:\/\/covers4car.com\/\",\"logo\":{\"@type\":\"ImageObject\",\"inLanguage\":\"da-DK\",\"@id\":\"https:\/\/covers4car.com\/#\/schema\/logo\/image\/\",\"url\":\"https:\/\/covers4car.com\/wp-content\/uploads\/2024\/11\/Asset-2@5x-copy.jpg\",\"contentUrl\":\"https:\/\/covers4car.com\/wp-content\/uploads\/2024\/11\/Asset-2@5x-copy.jpg\",\"width\":877,\"height\":877,\"caption\":\"Covers4Car\"},\"image\":{\"@id\":\"https:\/\/covers4car.com\/#\/schema\/logo\/image\/\"},\"sameAs\":[\"https:\/\/www.facebook.com\/profile.php?id=61564533557142\",\"https:\/\/x.com\/covers4carstore\"]}]}<\/script>\n<!-- \/ Yoast SEO Premium plugin. -->","yoast_head_json":{"title":"Custom Fit Leather Seat Covers for Jeep Wrangler","description":"Custom Fit Premium Leather Car Seat Covers for Jeep Wrangler-Front & Rear Seat Protector 01 Upgrade your Jeep Wrangler with Covers4Car Custom Fit Leather Seat Covers, designed for drivers who want factory-style fit, long-lasting durability, and","robots":{"index":"index","follow":"follow","max-snippet":"max-snippet:-1","max-image-preview":"max-image-preview:large","max-video-preview":"max-video-preview:-1"},"canonical":"https:\/\/covers4car.com\/da\/vare\/custom-fit-premium-leather-car-seat-covers-for-jeep-wrangler-front-rear-seat-protector-01\/","og_locale":"da_DK","og_type":"article","og_title":"Custom Fit Premium Leather Car Seat Covers for Jeep Wrangler-Front & Rear Seat Protector 01","og_description":"Custom Fit Premium Leather Car Seat Covers for Jeep Wrangler-Front & Rear Seat Protector 01 Upgrade your Jeep Wrangler with Covers4Car Custom Fit Leather Seat Covers, designed for drivers who want factory-style fit, long-lasting durability, and","og_url":"https:\/\/covers4car.com\/da\/vare\/custom-fit-premium-leather-car-seat-covers-for-jeep-wrangler-front-rear-seat-protector-01\/","og_site_name":"Covers4Car","article_publisher":"https:\/\/www.facebook.com\/profile.php?id=61564533557142","article_modified_time":"2026-04-06T10:59:33+00:00","og_image":[{"width":1000,"height":1000,"url":"https:\/\/covers4car.com\/wp-content\/uploads\/2025\/11\/new_01-7.webp","type":"image\/webp"}],"twitter_card":"summary_large_image","twitter_site":"@covers4carstore","twitter_misc":{"Estimeret l\u00e6setid":"2 minutter"},"schema":{"@context":"https:\/\/schema.org","@graph":[{"@type":"WebPage","@id":"https:\/\/covers4car.com\/product\/custom-fit-premium-leather-car-seat-covers-for-jeep-wrangler-front-rear-seat-protector-01\/","url":"https:\/\/covers4car.com\/product\/custom-fit-premium-leather-car-seat-covers-for-jeep-wrangler-front-rear-seat-protector-01\/","name":"Custom Fit Leather Seat Covers for Jeep Wrangler","isPartOf":{"@id":"https:\/\/covers4car.com\/#website"},"primaryImageOfPage":{"@id":"https:\/\/covers4car.com\/product\/custom-fit-premium-leather-car-seat-covers-for-jeep-wrangler-front-rear-seat-protector-01\/#primaryimage"},"image":{"@id":"https:\/\/covers4car.com\/product\/custom-fit-premium-leather-car-seat-covers-for-jeep-wrangler-front-rear-seat-protector-01\/#primaryimage"},"thumbnailUrl":"https:\/\/covers4car.com\/wp-content\/uploads\/2025\/11\/new_01-7.webp","datePublished":"2025-11-14T02:41:03+00:00","dateModified":"2026-04-06T10:59:33+00:00","description":"Custom Fit Premium Leather Car Seat Covers for Jeep Wrangler-Front & Rear Seat Protector 01 Upgrade your Jeep Wrangler with Covers4Car Custom Fit Leather Seat Covers, designed for drivers who want factory-style fit, long-lasting durability, and","breadcrumb":{"@id":"https:\/\/covers4car.com\/product\/custom-fit-premium-leather-car-seat-covers-for-jeep-wrangler-front-rear-seat-protector-01\/#breadcrumb"},"inLanguage":"da-DK","potentialAction":[{"@type":"ReadAction","target":["https:\/\/covers4car.com\/product\/custom-fit-premium-leather-car-seat-covers-for-jeep-wrangler-front-rear-seat-protector-01\/"]}]},{"@type":"ImageObject","inLanguage":"da-DK","@id":"https:\/\/covers4car.com\/product\/custom-fit-premium-leather-car-seat-covers-for-jeep-wrangler-front-rear-seat-protector-01\/#primaryimage","url":"https:\/\/covers4car.com\/wp-content\/uploads\/2025\/11\/new_01-7.webp","contentUrl":"https:\/\/covers4car.com\/wp-content\/uploads\/2025\/11\/new_01-7.webp","width":1000,"height":1000},{"@type":"BreadcrumbList","@id":"https:\/\/covers4car.com\/product\/custom-fit-premium-leather-car-seat-covers-for-jeep-wrangler-front-rear-seat-protector-01\/#breadcrumb","itemListElement":[{"@type":"ListItem","position":1,"name":"Home","item":"https:\/\/covers4car.com\/"},{"@type":"ListItem","position":2,"name":"Shop","item":"https:\/\/covers4car.com\/shop\/"},{"@type":"ListItem","position":3,"name":"Custom Fit Premium Leather Car Seat Covers for Jeep Wrangler-Front &#038; Rear Seat Protector 01"}]},{"@type":"WebSite","@id":"https:\/\/covers4car.com\/#website","url":"https:\/\/covers4car.com\/","name":"Covers4Car","description":"Professionelle s\u00e6debetr\u00e6k skr\u00e6ddersyet til dit k\u00f8ret\u00f8j","publisher":{"@id":"https:\/\/covers4car.com\/#organization"},"potentialAction":[{"@type":"SearchAction","target":{"@type":"EntryPoint","urlTemplate":"https:\/\/covers4car.com\/?s={search_term_string}"},"query-input":{"@type":"PropertyValueSpecification","valueRequired":true,"valueName":"search_term_string"}}],"inLanguage":"da-DK"},{"@type":"Organization","@id":"https:\/\/covers4car.com\/#organization","name":"Covers4Car","url":"https:\/\/covers4car.com\/","logo":{"@type":"ImageObject","inLanguage":"da-DK","@id":"https:\/\/covers4car.com\/#\/schema\/logo\/image\/","url":"https:\/\/covers4car.com\/wp-content\/uploads\/2024\/11\/Asset-2@5x-copy.jpg","contentUrl":"https:\/\/covers4car.com\/wp-content\/uploads\/2024\/11\/Asset-2@5x-copy.jpg","width":877,"height":877,"caption":"Covers4Car"},"image":{"@id":"https:\/\/covers4car.com\/#\/schema\/logo\/image\/"},"sameAs":["https:\/\/www.facebook.com\/profile.php?id=61564533557142","https:\/\/x.com\/covers4carstore"]}]}},"_links":{"self":[{"href":"https:\/\/covers4car.com\/da\/wp-json\/wp\/v2\/product\/27624","targetHints":{"allow":["GET"]}}],"collection":[{"href":"https:\/\/covers4car.com\/da\/wp-json\/wp\/v2\/product"}],"about":[{"href":"https:\/\/covers4car.com\/da\/wp-json\/wp\/v2\/types\/product"}],"replies":[{"embeddable":true,"href":"https:\/\/covers4car.com\/da\/wp-json\/wp\/v2\/comments?post=27624"}],"version-history":[{"count":0,"href":"https:\/\/covers4car.com\/da\/wp-json\/wp\/v2\/product\/27624\/revisions"}],"wp:featuredmedia":[{"embeddable":true,"href":"https:\/\/covers4car.com\/da\/wp-json\/wp\/v2\/media\/27657"}],"wp:attachment":[{"href":"https:\/\/covers4car.com\/da\/wp-json\/wp\/v2\/media?parent=27624"}],"wp:term":[{"taxonomy":"product_brand","embeddable":true,"href":"https:\/\/covers4car.com\/da\/wp-json\/wp\/v2\/product_brand?post=27624"},{"taxonomy":"product_cat","embeddable":true,"href":"https:\/\/covers4car.com\/da\/wp-json\/wp\/v2\/product_cat?post=27624"},{"taxonomy":"product_tag","embeddable":true,"href":"https:\/\/covers4car.com\/da\/wp-json\/wp\/v2\/product_tag?post=27624"},{"taxonomy":"jet_color","embeddable":true,"href":"https:\/\/covers4car.com\/da\/wp-json\/wp\/v2\/jet_color?post=27624"},{"taxonomy":"jet_material","embeddable":true,"href":"https:\/\/covers4car.com\/da\/wp-json\/wp\/v2\/jet_material?post=27624"},{"taxonomy":"jet_coverage","embeddable":true,"href":"https:\/\/covers4car.com\/da\/wp-json\/wp\/v2\/jet_coverage?post=27624"}],"curies":[{"name":"wp","href":"https:\/\/api.w.org\/{rel}","templated":true}]}}