{"id":29301,"date":"2025-11-18T22:52:44","date_gmt":"2025-11-19T06:52:44","guid":{"rendered":"https:\/\/covers4car.com\/?post_type=product&#038;p=29301"},"modified":"2026-04-10T23:30:49","modified_gmt":"2026-04-11T06:30:49","slug":"custom-fit-premium-leather-car-seat-covers-for-ford-f-150-raptor-pick-up-truck-front-rear-seat-protector-01","status":"publish","type":"product","link":"https:\/\/covers4car.com\/da\/vare\/custom-fit-premium-leather-car-seat-covers-for-ford-f-150-raptor-pick-up-truck-front-rear-seat-protector-01\/","title":{"rendered":"Specialfremstillede premium l\u00e6ders\u00e6debetr\u00e6k til Ford F-150 Raptor pickup truck - For- og bags\u00e6debeskytter 01"},"content":{"rendered":"<p>Opgrader din Ford F-150 Raptor med Covers4Car Ford F-150 Raptor s\u00e6debetr\u00e6k, specialfremstillet til pickup trucks fra 2017-2025. Disse f\u00f8rsteklasses l\u00e6ders\u00e6debetr\u00e6k er bygget til chauff\u00f8rer, der \u00f8nsker et fabriksinspireret look, langvarig holdbarhed og komplet beskyttelse af for- og bags\u00e6der. De beskytter dit interi\u00f8r mod snavs, spild og ridser, samtidig med at de giver ekstra komfort p\u00e5 hver tur. Med airbag-kompatible \u00e5bninger, letreng\u00f8rlige overflader og pr\u00e6cist h\u00e5ndv\u00e6rk holder de din Ford F-150 Raptor stilfuld, komfortabel og godt beskyttet i mange \u00e5r fremover.<\/p>\n<ul>\n<li><strong>Passer til: 2017-2025 Ford F-150 Raptor<\/strong><\/li>\n<li>Perfekt pasform i fabriksstil: Designet til at matche det luksuri\u00f8se udseende og den fabriksmonterede Ford F-150 Raptors s\u00e6der, hvilket sikrer en problemfri pasform og \u00e6stetisk appel.<\/li>\n<li>Forbedret holdbarhed: Fremstillet af holdbare materialer med en glat, \u00e5ndbar overflade, der er nem at reng\u00f8re og bevarer komforten p\u00e5 alle \u00e5rstider.<\/li>\n<li>Sikkerhed ved k\u00f8rsel: Har reserverede airbag\u00e5bninger for \u00f8get sikkerhed og ro i sindet.<\/li>\n<li>Omfattende beskyttelse: Giver 360\u00b0 d\u00e6kning, der beskytter dine Ford F-150 Raptor-s\u00e6der mod snavs, pletter, skrammer og slitage for\u00e5rsaget af k\u00e6ledyr eller b\u00f8rn, s\u00e5 de forbliver skinnende fine. K\u00e6ledyrs mudrede poteaftryk, der er blevet nippet til af b\u00f8rnenes drikkevarer, kan hurtigt t\u00f8rres af med et h\u00e5ndkl\u00e6de, hvilket f\u00e5r dine s\u00e6der til at se ud som nye.<\/li>\n<li>Holdbarhed og gensalgsv\u00e6rdi: Forl\u00e6nger levetiden p\u00e5 din Ford F-150 Raptor med 5-6 \u00e5r, beskytter den mod skader og bevarer k\u00f8ret\u00f8jets gensalgspotentiale.<\/li>\n<li>Komfortabel p\u00e5 lange rejser: Oplev uovertruffen komfort p\u00e5 lange rejser med vores tilpassede, altomfattende s\u00e6debetr\u00e6k, designet til at give overlegen d\u00e6mpning og st\u00f8tte, hvilket sikrer, at du forbliver afslappet og komfortabel, uanset hvor langt du rejser.<\/li>\n<\/ul>\n<p><strong>Fuldt s\u00e6t:<\/strong><\/p>\n<ul>\n<li>2x fors\u00e6debetr\u00e6k<\/li>\n<li>1x komplette bags\u00e6debetr\u00e6k<\/li>\n<\/ul>\n<p><strong>Kun fors\u00e6der<\/strong><\/p>\n<ul>\n<li>1x komplette s\u00e6debetr\u00e6k foran<\/li>\n<\/ul>","protected":false},"excerpt":{"rendered":"<p>Opgrader din Ford F-150 Raptor med Covers4Car Ford F-150 Raptor s\u00e6debetr\u00e6k, specialfremstillet til pickup trucks fra 2017-2025. Disse f\u00f8rsteklasses<\/p>","protected":false},"featured_media":29352,"comment_status":"open","ping_status":"closed","template":"","meta":{"_acf_changed":false,"_monsterinsights_skip_tracking":false,"_monsterinsights_sitenote_active":false,"_monsterinsights_sitenote_note":"","_monsterinsights_sitenote_category":0},"product_brand":[],"product_cat":[77696,124,118],"product_tag":[77678],"jet_color":[],"jet_material":[],"jet_coverage":[],"class_list":{"0":"post-29301","1":"product","2":"type-product","3":"status-publish","4":"has-post-thumbnail","6":"product_cat-seat-cover-for-f-150-raptor","7":"product_cat-seat-cover","8":"product_cat-seat-cover-for-ford","9":"product_tag-fit-f-150-raptor","11":"first","12":"instock","13":"shipping-taxable","14":"purchasable","15":"product-type-variable","16":"has-default-attributes","17":"wvs-archive-product-wrapper"},"acf":[],"yoast_head":"<!-- This site is optimized with the Yoast SEO Premium plugin v26.4 (Yoast SEO v26.4) - https:\/\/yoast.com\/wordpress\/plugins\/seo\/ -->\n<title>Ford F-150 Raptor Seat Covers 2017\u20132025 Premium<\/title>\n<meta name=\"description\" content=\"Ford F-150 Raptor seat covers custom fit for 2017\u20132025 trucks with premium leather, airbag-safe design and full front &amp; rear protection.\" \/>\n<meta name=\"robots\" content=\"index, follow, max-snippet:-1, max-image-preview:large, max-video-preview:-1\" \/>\n<link rel=\"canonical\" href=\"https:\/\/covers4car.com\/da\/vare\/custom-fit-premium-leather-car-seat-covers-for-ford-f-150-raptor-pick-up-truck-front-rear-seat-protector-01\/\" \/>\n<meta property=\"og:locale\" content=\"da_DK\" \/>\n<meta property=\"og:type\" content=\"article\" \/>\n<meta property=\"og:title\" content=\"Custom Fit Premium Leather Car Seat Covers for Ford F-150 Raptor Pick-up Truck-Front &amp; Rear Seat Protector 01\" \/>\n<meta property=\"og:description\" content=\"Ford F-150 Raptor seat covers custom fit for 2017\u20132025 trucks with premium leather, airbag-safe design and full front &amp; rear protection.\" \/>\n<meta property=\"og:url\" content=\"https:\/\/covers4car.com\/da\/vare\/custom-fit-premium-leather-car-seat-covers-for-ford-f-150-raptor-pick-up-truck-front-rear-seat-protector-01\/\" \/>\n<meta property=\"og:site_name\" content=\"Covers4Car\" \/>\n<meta property=\"article:publisher\" content=\"https:\/\/www.facebook.com\/profile.php?id=61564533557142\" \/>\n<meta property=\"article:modified_time\" content=\"2026-04-11T06:30:49+00:00\" \/>\n<meta property=\"og:image\" content=\"https:\/\/covers4car.com\/wp-content\/uploads\/2025\/11\/new_01-19.webp\" \/>\n\t<meta property=\"og:image:width\" content=\"1000\" \/>\n\t<meta property=\"og:image:height\" content=\"1000\" \/>\n\t<meta property=\"og:image:type\" content=\"image\/webp\" \/>\n<meta name=\"twitter:card\" content=\"summary_large_image\" \/>\n<meta name=\"twitter:site\" content=\"@covers4carstore\" \/>\n<meta name=\"twitter:label1\" content=\"Estimeret l\u00e6setid\" \/>\n\t<meta name=\"twitter:data1\" content=\"2 minutter\" \/>\n<script type=\"application\/ld+json\" class=\"yoast-schema-graph\">{\"@context\":\"https:\/\/schema.org\",\"@graph\":[{\"@type\":\"WebPage\",\"@id\":\"https:\/\/covers4car.com\/product\/custom-fit-premium-leather-car-seat-covers-for-ford-f-150-raptor-pick-up-truck-front-rear-seat-protector-01\/\",\"url\":\"https:\/\/covers4car.com\/product\/custom-fit-premium-leather-car-seat-covers-for-ford-f-150-raptor-pick-up-truck-front-rear-seat-protector-01\/\",\"name\":\"Ford F-150 Raptor Seat Covers 2017\u20132025 Premium\",\"isPartOf\":{\"@id\":\"https:\/\/covers4car.com\/#website\"},\"primaryImageOfPage\":{\"@id\":\"https:\/\/covers4car.com\/product\/custom-fit-premium-leather-car-seat-covers-for-ford-f-150-raptor-pick-up-truck-front-rear-seat-protector-01\/#primaryimage\"},\"image\":{\"@id\":\"https:\/\/covers4car.com\/product\/custom-fit-premium-leather-car-seat-covers-for-ford-f-150-raptor-pick-up-truck-front-rear-seat-protector-01\/#primaryimage\"},\"thumbnailUrl\":\"https:\/\/covers4car.com\/wp-content\/uploads\/2025\/11\/new_01-19.webp\",\"datePublished\":\"2025-11-19T06:52:44+00:00\",\"dateModified\":\"2026-04-11T06:30:49+00:00\",\"description\":\"Ford F-150 Raptor seat covers custom fit for 2017\u20132025 trucks with premium leather, airbag-safe design and full front & rear protection.\",\"breadcrumb\":{\"@id\":\"https:\/\/covers4car.com\/product\/custom-fit-premium-leather-car-seat-covers-for-ford-f-150-raptor-pick-up-truck-front-rear-seat-protector-01\/#breadcrumb\"},\"inLanguage\":\"da-DK\",\"potentialAction\":[{\"@type\":\"ReadAction\",\"target\":[\"https:\/\/covers4car.com\/product\/custom-fit-premium-leather-car-seat-covers-for-ford-f-150-raptor-pick-up-truck-front-rear-seat-protector-01\/\"]}]},{\"@type\":\"ImageObject\",\"inLanguage\":\"da-DK\",\"@id\":\"https:\/\/covers4car.com\/product\/custom-fit-premium-leather-car-seat-covers-for-ford-f-150-raptor-pick-up-truck-front-rear-seat-protector-01\/#primaryimage\",\"url\":\"https:\/\/covers4car.com\/wp-content\/uploads\/2025\/11\/new_01-19.webp\",\"contentUrl\":\"https:\/\/covers4car.com\/wp-content\/uploads\/2025\/11\/new_01-19.webp\",\"width\":1000,\"height\":1000},{\"@type\":\"BreadcrumbList\",\"@id\":\"https:\/\/covers4car.com\/product\/custom-fit-premium-leather-car-seat-covers-for-ford-f-150-raptor-pick-up-truck-front-rear-seat-protector-01\/#breadcrumb\",\"itemListElement\":[{\"@type\":\"ListItem\",\"position\":1,\"name\":\"Home\",\"item\":\"https:\/\/covers4car.com\/\"},{\"@type\":\"ListItem\",\"position\":2,\"name\":\"Shop\",\"item\":\"https:\/\/covers4car.com\/shop\/\"},{\"@type\":\"ListItem\",\"position\":3,\"name\":\"Custom Fit Premium Leather Car Seat Covers for Ford F-150 Raptor Pick-up Truck-Front &#038; Rear Seat Protector 01\"}]},{\"@type\":\"WebSite\",\"@id\":\"https:\/\/covers4car.com\/#website\",\"url\":\"https:\/\/covers4car.com\/\",\"name\":\"Covers4Car\",\"description\":\"Professional Seat Covers Tailored for Your Vehicle\",\"publisher\":{\"@id\":\"https:\/\/covers4car.com\/#organization\"},\"potentialAction\":[{\"@type\":\"SearchAction\",\"target\":{\"@type\":\"EntryPoint\",\"urlTemplate\":\"https:\/\/covers4car.com\/?s={search_term_string}\"},\"query-input\":{\"@type\":\"PropertyValueSpecification\",\"valueRequired\":true,\"valueName\":\"search_term_string\"}}],\"inLanguage\":\"da-DK\"},{\"@type\":\"Organization\",\"@id\":\"https:\/\/covers4car.com\/#organization\",\"name\":\"Covers4Car\",\"url\":\"https:\/\/covers4car.com\/\",\"logo\":{\"@type\":\"ImageObject\",\"inLanguage\":\"da-DK\",\"@id\":\"https:\/\/covers4car.com\/#\/schema\/logo\/image\/\",\"url\":\"https:\/\/covers4car.com\/wp-content\/uploads\/2024\/11\/Asset-2@5x-copy.jpg\",\"contentUrl\":\"https:\/\/covers4car.com\/wp-content\/uploads\/2024\/11\/Asset-2@5x-copy.jpg\",\"width\":877,\"height\":877,\"caption\":\"Covers4Car\"},\"image\":{\"@id\":\"https:\/\/covers4car.com\/#\/schema\/logo\/image\/\"},\"sameAs\":[\"https:\/\/www.facebook.com\/profile.php?id=61564533557142\",\"https:\/\/x.com\/covers4carstore\"]}]}<\/script>\n<!-- \/ Yoast SEO Premium plugin. -->","yoast_head_json":{"title":"Ford F-150 Raptor Seat Covers 2017\u20132025 Premium","description":"Ford F-150 Raptor seat covers custom fit for 2017\u20132025 trucks with premium leather, airbag-safe design and full front & rear protection.","robots":{"index":"index","follow":"follow","max-snippet":"max-snippet:-1","max-image-preview":"max-image-preview:large","max-video-preview":"max-video-preview:-1"},"canonical":"https:\/\/covers4car.com\/da\/vare\/custom-fit-premium-leather-car-seat-covers-for-ford-f-150-raptor-pick-up-truck-front-rear-seat-protector-01\/","og_locale":"da_DK","og_type":"article","og_title":"Custom Fit Premium Leather Car Seat Covers for Ford F-150 Raptor Pick-up Truck-Front & Rear Seat Protector 01","og_description":"Ford F-150 Raptor seat covers custom fit for 2017\u20132025 trucks with premium leather, airbag-safe design and full front & rear protection.","og_url":"https:\/\/covers4car.com\/da\/vare\/custom-fit-premium-leather-car-seat-covers-for-ford-f-150-raptor-pick-up-truck-front-rear-seat-protector-01\/","og_site_name":"Covers4Car","article_publisher":"https:\/\/www.facebook.com\/profile.php?id=61564533557142","article_modified_time":"2026-04-11T06:30:49+00:00","og_image":[{"width":1000,"height":1000,"url":"https:\/\/covers4car.com\/wp-content\/uploads\/2025\/11\/new_01-19.webp","type":"image\/webp"}],"twitter_card":"summary_large_image","twitter_site":"@covers4carstore","twitter_misc":{"Estimeret l\u00e6setid":"2 minutter"},"schema":{"@context":"https:\/\/schema.org","@graph":[{"@type":"WebPage","@id":"https:\/\/covers4car.com\/product\/custom-fit-premium-leather-car-seat-covers-for-ford-f-150-raptor-pick-up-truck-front-rear-seat-protector-01\/","url":"https:\/\/covers4car.com\/product\/custom-fit-premium-leather-car-seat-covers-for-ford-f-150-raptor-pick-up-truck-front-rear-seat-protector-01\/","name":"Ford F-150 Raptor Seat Covers 2017\u20132025 Premium","isPartOf":{"@id":"https:\/\/covers4car.com\/#website"},"primaryImageOfPage":{"@id":"https:\/\/covers4car.com\/product\/custom-fit-premium-leather-car-seat-covers-for-ford-f-150-raptor-pick-up-truck-front-rear-seat-protector-01\/#primaryimage"},"image":{"@id":"https:\/\/covers4car.com\/product\/custom-fit-premium-leather-car-seat-covers-for-ford-f-150-raptor-pick-up-truck-front-rear-seat-protector-01\/#primaryimage"},"thumbnailUrl":"https:\/\/covers4car.com\/wp-content\/uploads\/2025\/11\/new_01-19.webp","datePublished":"2025-11-19T06:52:44+00:00","dateModified":"2026-04-11T06:30:49+00:00","description":"Ford F-150 Raptor seat covers custom fit for 2017\u20132025 trucks with premium leather, airbag-safe design and full front & rear protection.","breadcrumb":{"@id":"https:\/\/covers4car.com\/product\/custom-fit-premium-leather-car-seat-covers-for-ford-f-150-raptor-pick-up-truck-front-rear-seat-protector-01\/#breadcrumb"},"inLanguage":"da-DK","potentialAction":[{"@type":"ReadAction","target":["https:\/\/covers4car.com\/product\/custom-fit-premium-leather-car-seat-covers-for-ford-f-150-raptor-pick-up-truck-front-rear-seat-protector-01\/"]}]},{"@type":"ImageObject","inLanguage":"da-DK","@id":"https:\/\/covers4car.com\/product\/custom-fit-premium-leather-car-seat-covers-for-ford-f-150-raptor-pick-up-truck-front-rear-seat-protector-01\/#primaryimage","url":"https:\/\/covers4car.com\/wp-content\/uploads\/2025\/11\/new_01-19.webp","contentUrl":"https:\/\/covers4car.com\/wp-content\/uploads\/2025\/11\/new_01-19.webp","width":1000,"height":1000},{"@type":"BreadcrumbList","@id":"https:\/\/covers4car.com\/product\/custom-fit-premium-leather-car-seat-covers-for-ford-f-150-raptor-pick-up-truck-front-rear-seat-protector-01\/#breadcrumb","itemListElement":[{"@type":"ListItem","position":1,"name":"Home","item":"https:\/\/covers4car.com\/"},{"@type":"ListItem","position":2,"name":"Shop","item":"https:\/\/covers4car.com\/shop\/"},{"@type":"ListItem","position":3,"name":"Custom Fit Premium Leather Car Seat Covers for Ford F-150 Raptor Pick-up Truck-Front &#038; Rear Seat Protector 01"}]},{"@type":"WebSite","@id":"https:\/\/covers4car.com\/#website","url":"https:\/\/covers4car.com\/","name":"Covers4Car","description":"Professionelle s\u00e6debetr\u00e6k skr\u00e6ddersyet til dit k\u00f8ret\u00f8j","publisher":{"@id":"https:\/\/covers4car.com\/#organization"},"potentialAction":[{"@type":"SearchAction","target":{"@type":"EntryPoint","urlTemplate":"https:\/\/covers4car.com\/?s={search_term_string}"},"query-input":{"@type":"PropertyValueSpecification","valueRequired":true,"valueName":"search_term_string"}}],"inLanguage":"da-DK"},{"@type":"Organization","@id":"https:\/\/covers4car.com\/#organization","name":"Covers4Car","url":"https:\/\/covers4car.com\/","logo":{"@type":"ImageObject","inLanguage":"da-DK","@id":"https:\/\/covers4car.com\/#\/schema\/logo\/image\/","url":"https:\/\/covers4car.com\/wp-content\/uploads\/2024\/11\/Asset-2@5x-copy.jpg","contentUrl":"https:\/\/covers4car.com\/wp-content\/uploads\/2024\/11\/Asset-2@5x-copy.jpg","width":877,"height":877,"caption":"Covers4Car"},"image":{"@id":"https:\/\/covers4car.com\/#\/schema\/logo\/image\/"},"sameAs":["https:\/\/www.facebook.com\/profile.php?id=61564533557142","https:\/\/x.com\/covers4carstore"]}]}},"_links":{"self":[{"href":"https:\/\/covers4car.com\/da\/wp-json\/wp\/v2\/product\/29301","targetHints":{"allow":["GET"]}}],"collection":[{"href":"https:\/\/covers4car.com\/da\/wp-json\/wp\/v2\/product"}],"about":[{"href":"https:\/\/covers4car.com\/da\/wp-json\/wp\/v2\/types\/product"}],"replies":[{"embeddable":true,"href":"https:\/\/covers4car.com\/da\/wp-json\/wp\/v2\/comments?post=29301"}],"version-history":[{"count":0,"href":"https:\/\/covers4car.com\/da\/wp-json\/wp\/v2\/product\/29301\/revisions"}],"wp:featuredmedia":[{"embeddable":true,"href":"https:\/\/covers4car.com\/da\/wp-json\/wp\/v2\/media\/29352"}],"wp:attachment":[{"href":"https:\/\/covers4car.com\/da\/wp-json\/wp\/v2\/media?parent=29301"}],"wp:term":[{"taxonomy":"product_brand","embeddable":true,"href":"https:\/\/covers4car.com\/da\/wp-json\/wp\/v2\/product_brand?post=29301"},{"taxonomy":"product_cat","embeddable":true,"href":"https:\/\/covers4car.com\/da\/wp-json\/wp\/v2\/product_cat?post=29301"},{"taxonomy":"product_tag","embeddable":true,"href":"https:\/\/covers4car.com\/da\/wp-json\/wp\/v2\/product_tag?post=29301"},{"taxonomy":"jet_color","embeddable":true,"href":"https:\/\/covers4car.com\/da\/wp-json\/wp\/v2\/jet_color?post=29301"},{"taxonomy":"jet_material","embeddable":true,"href":"https:\/\/covers4car.com\/da\/wp-json\/wp\/v2\/jet_material?post=29301"},{"taxonomy":"jet_coverage","embeddable":true,"href":"https:\/\/covers4car.com\/da\/wp-json\/wp\/v2\/jet_coverage?post=29301"}],"curies":[{"name":"wp","href":"https:\/\/api.w.org\/{rel}","templated":true}]}}