{"id":31763,"date":"2025-12-11T23:07:44","date_gmt":"2025-12-12T07:07:44","guid":{"rendered":"https:\/\/covers4car.com\/?post_type=product&#038;p=31763"},"modified":"2025-12-17T01:06:09","modified_gmt":"2025-12-17T09:06:09","slug":"custom-fit-seat-covers-for-dodge-ram-1500-2500-3500-06","status":"publish","type":"product","link":"https:\/\/covers4car.com\/da\/vare\/custom-fit-seat-covers-for-dodge-ram-1500-2500-3500-06\/","title":{"rendered":"Specialtilpassede s\u00e6debetr\u00e6k til Dodge Ram 1500 2500 3500 HD Pick-up Truck Crew Quad Mega Cab - For- og bags\u00e6debeskytter Sport Style 06"},"content":{"rendered":"<p>Opgrader din lastbil med <strong data-start=\"590\" data-end=\"635\">Dodge Ram Sport Style s\u00e6debetr\u00e6k<\/strong>, designet til Ram 1500, 2500 og 3500 modeller. Disse specialtilpassede l\u00e6derbetr\u00e6k beskytter mod snavs, spild og ridser, samtidig med at de tilf\u00f8jer et dristigt sports-look til dit interi\u00f8r. De er fremstillet af slidst\u00e6rkt l\u00e6der, der er let at reng\u00f8re, og har et airbag-kompatibelt design, der sikrer langvarig komfort og sikkerhed. Disse betr\u00e6k er perfekte til b\u00e5de arbejde og daglig k\u00f8rsel og holder din Dodge Ram kabine stilfuld og beskyttet.<\/p>\n<ul>\n<li><strong>Passer til: 2014-2025 Dodge Ram 1500 2500 3500 Crew, Quad, Mega Cab (Passer ikke til almindelig f\u00f8rerhus)<br \/>\n<\/strong><\/li>\n<li>Passer begge til flad b\u00e6nk og buet b\u00e6nk<\/li>\n<\/ul>\n<p><a href=\"https:\/\/covers4car.com\/wp-content\/uploads\/2025\/09\/71X3CAMPa8L._AC_SL1500_.jpg\"><img fetchpriority=\"high\" decoding=\"async\" class=\"wd-lazy-fade alignnone wp-image-23348 size-full\" src=\"https:\/\/covers4car.com\/wp-content\/themes\/woodmart\/images\/lazy.svg\" data-src=\"https:\/\/covers4car.com\/wp-content\/uploads\/2025\/09\/71X3CAMPa8L._AC_SL1500_-e1758799811509.jpg\" alt=\"\" width=\"1500\" height=\"635\" srcset=\"\" data-srcset=\"https:\/\/covers4car.com\/wp-content\/uploads\/2025\/09\/71X3CAMPa8L._AC_SL1500_-e1758799811509.jpg 1500w, https:\/\/covers4car.com\/wp-content\/uploads\/2025\/09\/71X3CAMPa8L._AC_SL1500_-e1758799811509-300x127.jpg 300w, https:\/\/covers4car.com\/wp-content\/uploads\/2025\/09\/71X3CAMPa8L._AC_SL1500_-e1758799811509-1024x433.jpg 1024w, https:\/\/covers4car.com\/wp-content\/uploads\/2025\/09\/71X3CAMPa8L._AC_SL1500_-e1758799811509-768x325.jpg 768w, https:\/\/covers4car.com\/wp-content\/uploads\/2025\/09\/71X3CAMPa8L._AC_SL1500_-e1758799811509-18x8.jpg 18w, https:\/\/covers4car.com\/wp-content\/uploads\/2025\/09\/71X3CAMPa8L._AC_SL1500_-e1758799811509-1200x508.jpg 1200w, https:\/\/covers4car.com\/wp-content\/uploads\/2025\/09\/71X3CAMPa8L._AC_SL1500_-e1758799811509-148x63.jpg 148w\" sizes=\"(max-width: 1500px) 100vw, 1500px\" \/><\/a><\/p>\n<ul>\n<li>Perfekt pasform i fabriksstil: Designet til at matche det luksuri\u00f8se udseende og den luksuri\u00f8se f\u00f8lelse af Dodge Rams fabriksmonterede s\u00e6der, hvilket sikrer en problemfri pasform og \u00e6stetisk appel.<\/li>\n<li>Forbedret holdbarhed: Fremstillet af holdbare materialer med en glat, \u00e5ndbar overflade, der er nem at reng\u00f8re og bevarer komforten p\u00e5 alle \u00e5rstider.<\/li>\n<li>Sikkerhed ved k\u00f8rsel: Har reserverede airbag\u00e5bninger for \u00f8get sikkerhed og ro i sindet.<\/li>\n<li>Omfattende beskyttelse: Giver 360\u00b0 d\u00e6kning, der beskytter dine Dodge Ram-s\u00e6der mod snavs, pletter, skrammer og slitage for\u00e5rsaget af k\u00e6ledyr eller b\u00f8rn, og holder dem i topskinnende stand. K\u00e6ledyrs mudrede poteaftryk, b\u00f8rnenes drikkevarer, kan hurtigt t\u00f8rres af med et h\u00e5ndkl\u00e6de, hvilket f\u00e5r dine s\u00e6der til at se ud som nye.<\/li>\n<li>Holdbarhed og gensalgsv\u00e6rdi: Forl\u00e6nger levetiden p\u00e5 din Dodge Ram med 5-6 \u00e5r, beskytter den mod skader og bevarer k\u00f8ret\u00f8jets gensalgspotentiale.<\/li>\n<li>Komfortabel p\u00e5 lange rejser: Oplev uovertruffen komfort p\u00e5 lange rejser med vores tilpassede, altomfattende s\u00e6debetr\u00e6k, designet til at give overlegen d\u00e6mpning og st\u00f8tte, hvilket sikrer, at du forbliver afslappet og komfortabel, uanset hvor langt du rejser.<\/li>\n<\/ul>\n<p><strong>Fuldt s\u00e6t:<\/strong><\/p>\n<ul>\n<li>2x fors\u00e6debetr\u00e6k<\/li>\n<li>1x fuld bags\u00e6debetr\u00e6k<\/li>\n<\/ul>\n<p><strong>Kun fors\u00e6der<\/strong><\/p>\n<ul>\n<li>1x komplette s\u00e6debetr\u00e6k foran<\/li>\n<\/ul>\n<p><strong>Kun bags\u00e6der<\/strong><\/p>\n<ul>\n<li>1x fuld bags\u00e6debetr\u00e6k<\/li>\n<\/ul>","protected":false},"excerpt":{"rendered":"<p>Upgrade your truck with Dodge Ram Sport Style Seat Covers, designed for Ram 1500, 2500, and 3500 models. These custom<\/p>","protected":false},"featured_media":32019,"comment_status":"open","ping_status":"closed","template":"","meta":{"_acf_changed":false,"_monsterinsights_skip_tracking":false,"_monsterinsights_sitenote_active":false,"_monsterinsights_sitenote_note":"","_monsterinsights_sitenote_category":0},"product_brand":[],"product_cat":[124,54976,54977],"product_tag":[55018],"jet_color":[],"jet_material":[],"jet_coverage":[],"class_list":{"0":"post-31763","1":"product","2":"type-product","3":"status-publish","4":"has-post-thumbnail","6":"product_cat-seat-cover","7":"product_cat-seat-cover-for-dodge","8":"product_cat-seat-cover-for-dodge-ram","9":"product_tag-fit-ram","11":"first","12":"instock","13":"shipping-taxable","14":"purchasable","15":"product-type-variable","16":"has-default-attributes","17":"wvs-archive-product-wrapper"},"acf":[],"yoast_head":"<!-- This site is optimized with the Yoast SEO Premium plugin v26.4 (Yoast SEO v26.4) - https:\/\/yoast.com\/wordpress\/plugins\/seo\/ -->\n<title>Dodge Ram Sports Style Custom Fit Leather Seat Covers<\/title>\n<meta name=\"description\" content=\"Protect your truck with Dodge Ram Sports Style Seat Covers. Durable leather, easy to clean, and stylish design for lasting comfort.\" \/>\n<meta name=\"robots\" content=\"index, follow, max-snippet:-1, max-image-preview:large, max-video-preview:-1\" \/>\n<link rel=\"canonical\" href=\"https:\/\/covers4car.com\/da\/vare\/custom-fit-seat-covers-for-dodge-ram-1500-2500-3500-06\/\" \/>\n<meta property=\"og:locale\" content=\"da_DK\" \/>\n<meta property=\"og:type\" content=\"article\" \/>\n<meta property=\"og:title\" content=\"Custom Fit Seat Covers for Dodge Ram 1500 2500 3500 HD Pick-up Truck Crew Quad Mega Cab-Front &amp; Rear Seat Protector Sport Style 06\" \/>\n<meta property=\"og:description\" content=\"Protect your truck with Dodge Ram Sports Style Seat Covers. Durable leather, easy to clean, and stylish design for lasting comfort.\" \/>\n<meta property=\"og:url\" content=\"https:\/\/covers4car.com\/da\/vare\/custom-fit-seat-covers-for-dodge-ram-1500-2500-3500-06\/\" \/>\n<meta property=\"og:site_name\" content=\"Covers4Car\" \/>\n<meta property=\"article:publisher\" content=\"https:\/\/www.facebook.com\/profile.php?id=61564533557142\" \/>\n<meta property=\"article:modified_time\" content=\"2025-12-17T09:06:09+00:00\" \/>\n<meta property=\"og:image\" content=\"https:\/\/covers4car.com\/wp-content\/uploads\/2025\/12\/new_2.webp\" \/>\n\t<meta property=\"og:image:width\" content=\"1000\" \/>\n\t<meta property=\"og:image:height\" content=\"1000\" \/>\n\t<meta property=\"og:image:type\" content=\"image\/webp\" \/>\n<meta name=\"twitter:card\" content=\"summary_large_image\" \/>\n<meta name=\"twitter:site\" content=\"@covers4carstore\" \/>\n<meta name=\"twitter:label1\" content=\"Estimeret l\u00e6setid\" \/>\n\t<meta name=\"twitter:data1\" content=\"2 minutter\" \/>\n<script type=\"application\/ld+json\" class=\"yoast-schema-graph\">{\"@context\":\"https:\/\/schema.org\",\"@graph\":[{\"@type\":\"WebPage\",\"@id\":\"https:\/\/covers4car.com\/product\/custom-fit-seat-covers-for-dodge-ram-1500-2500-3500-06\/\",\"url\":\"https:\/\/covers4car.com\/product\/custom-fit-seat-covers-for-dodge-ram-1500-2500-3500-06\/\",\"name\":\"Dodge Ram Sports Style Custom Fit Leather Seat Covers\",\"isPartOf\":{\"@id\":\"https:\/\/covers4car.com\/#website\"},\"primaryImageOfPage\":{\"@id\":\"https:\/\/covers4car.com\/product\/custom-fit-seat-covers-for-dodge-ram-1500-2500-3500-06\/#primaryimage\"},\"image\":{\"@id\":\"https:\/\/covers4car.com\/product\/custom-fit-seat-covers-for-dodge-ram-1500-2500-3500-06\/#primaryimage\"},\"thumbnailUrl\":\"https:\/\/covers4car.com\/wp-content\/uploads\/2025\/12\/new_2.webp\",\"datePublished\":\"2025-12-12T07:07:44+00:00\",\"dateModified\":\"2025-12-17T09:06:09+00:00\",\"description\":\"Protect your truck with Dodge Ram Sports Style Seat Covers. Durable leather, easy to clean, and stylish design for lasting comfort.\",\"breadcrumb\":{\"@id\":\"https:\/\/covers4car.com\/product\/custom-fit-seat-covers-for-dodge-ram-1500-2500-3500-06\/#breadcrumb\"},\"inLanguage\":\"da-DK\",\"potentialAction\":[{\"@type\":\"ReadAction\",\"target\":[\"https:\/\/covers4car.com\/product\/custom-fit-seat-covers-for-dodge-ram-1500-2500-3500-06\/\"]}]},{\"@type\":\"ImageObject\",\"inLanguage\":\"da-DK\",\"@id\":\"https:\/\/covers4car.com\/product\/custom-fit-seat-covers-for-dodge-ram-1500-2500-3500-06\/#primaryimage\",\"url\":\"https:\/\/covers4car.com\/wp-content\/uploads\/2025\/12\/new_2.webp\",\"contentUrl\":\"https:\/\/covers4car.com\/wp-content\/uploads\/2025\/12\/new_2.webp\",\"width\":1000,\"height\":1000},{\"@type\":\"BreadcrumbList\",\"@id\":\"https:\/\/covers4car.com\/product\/custom-fit-seat-covers-for-dodge-ram-1500-2500-3500-06\/#breadcrumb\",\"itemListElement\":[{\"@type\":\"ListItem\",\"position\":1,\"name\":\"Home\",\"item\":\"https:\/\/covers4car.com\/\"},{\"@type\":\"ListItem\",\"position\":2,\"name\":\"Shop\",\"item\":\"https:\/\/covers4car.com\/shop\/\"},{\"@type\":\"ListItem\",\"position\":3,\"name\":\"Custom Fit Seat Covers for Dodge Ram 1500 2500 3500 HD Pick-up Truck Crew Quad Mega Cab-Front &#038; Rear Seat Protector Sport Style 06\"}]},{\"@type\":\"WebSite\",\"@id\":\"https:\/\/covers4car.com\/#website\",\"url\":\"https:\/\/covers4car.com\/\",\"name\":\"Covers4Car\",\"description\":\"Professional Seat Covers Tailored for Your Vehicle\",\"publisher\":{\"@id\":\"https:\/\/covers4car.com\/#organization\"},\"potentialAction\":[{\"@type\":\"SearchAction\",\"target\":{\"@type\":\"EntryPoint\",\"urlTemplate\":\"https:\/\/covers4car.com\/?s={search_term_string}\"},\"query-input\":{\"@type\":\"PropertyValueSpecification\",\"valueRequired\":true,\"valueName\":\"search_term_string\"}}],\"inLanguage\":\"da-DK\"},{\"@type\":\"Organization\",\"@id\":\"https:\/\/covers4car.com\/#organization\",\"name\":\"Covers4Car\",\"url\":\"https:\/\/covers4car.com\/\",\"logo\":{\"@type\":\"ImageObject\",\"inLanguage\":\"da-DK\",\"@id\":\"https:\/\/covers4car.com\/#\/schema\/logo\/image\/\",\"url\":\"https:\/\/covers4car.com\/wp-content\/uploads\/2024\/11\/Asset-2@5x-copy.jpg\",\"contentUrl\":\"https:\/\/covers4car.com\/wp-content\/uploads\/2024\/11\/Asset-2@5x-copy.jpg\",\"width\":877,\"height\":877,\"caption\":\"Covers4Car\"},\"image\":{\"@id\":\"https:\/\/covers4car.com\/#\/schema\/logo\/image\/\"},\"sameAs\":[\"https:\/\/www.facebook.com\/profile.php?id=61564533557142\",\"https:\/\/x.com\/covers4carstore\"]}]}<\/script>\n<!-- \/ Yoast SEO Premium plugin. -->","yoast_head_json":{"title":"Dodge Ram Sports Style Custom Fit Leather Seat Covers","description":"Protect your truck with Dodge Ram Sports Style Seat Covers. Durable leather, easy to clean, and stylish design for lasting comfort.","robots":{"index":"index","follow":"follow","max-snippet":"max-snippet:-1","max-image-preview":"max-image-preview:large","max-video-preview":"max-video-preview:-1"},"canonical":"https:\/\/covers4car.com\/da\/vare\/custom-fit-seat-covers-for-dodge-ram-1500-2500-3500-06\/","og_locale":"da_DK","og_type":"article","og_title":"Custom Fit Seat Covers for Dodge Ram 1500 2500 3500 HD Pick-up Truck Crew Quad Mega Cab-Front & Rear Seat Protector Sport Style 06","og_description":"Protect your truck with Dodge Ram Sports Style Seat Covers. Durable leather, easy to clean, and stylish design for lasting comfort.","og_url":"https:\/\/covers4car.com\/da\/vare\/custom-fit-seat-covers-for-dodge-ram-1500-2500-3500-06\/","og_site_name":"Covers4Car","article_publisher":"https:\/\/www.facebook.com\/profile.php?id=61564533557142","article_modified_time":"2025-12-17T09:06:09+00:00","og_image":[{"width":1000,"height":1000,"url":"https:\/\/covers4car.com\/wp-content\/uploads\/2025\/12\/new_2.webp","type":"image\/webp"}],"twitter_card":"summary_large_image","twitter_site":"@covers4carstore","twitter_misc":{"Estimeret l\u00e6setid":"2 minutter"},"schema":{"@context":"https:\/\/schema.org","@graph":[{"@type":"WebPage","@id":"https:\/\/covers4car.com\/product\/custom-fit-seat-covers-for-dodge-ram-1500-2500-3500-06\/","url":"https:\/\/covers4car.com\/product\/custom-fit-seat-covers-for-dodge-ram-1500-2500-3500-06\/","name":"Dodge Ram Sports Style Custom Fit Leather Seat Covers","isPartOf":{"@id":"https:\/\/covers4car.com\/#website"},"primaryImageOfPage":{"@id":"https:\/\/covers4car.com\/product\/custom-fit-seat-covers-for-dodge-ram-1500-2500-3500-06\/#primaryimage"},"image":{"@id":"https:\/\/covers4car.com\/product\/custom-fit-seat-covers-for-dodge-ram-1500-2500-3500-06\/#primaryimage"},"thumbnailUrl":"https:\/\/covers4car.com\/wp-content\/uploads\/2025\/12\/new_2.webp","datePublished":"2025-12-12T07:07:44+00:00","dateModified":"2025-12-17T09:06:09+00:00","description":"Protect your truck with Dodge Ram Sports Style Seat Covers. Durable leather, easy to clean, and stylish design for lasting comfort.","breadcrumb":{"@id":"https:\/\/covers4car.com\/product\/custom-fit-seat-covers-for-dodge-ram-1500-2500-3500-06\/#breadcrumb"},"inLanguage":"da-DK","potentialAction":[{"@type":"ReadAction","target":["https:\/\/covers4car.com\/product\/custom-fit-seat-covers-for-dodge-ram-1500-2500-3500-06\/"]}]},{"@type":"ImageObject","inLanguage":"da-DK","@id":"https:\/\/covers4car.com\/product\/custom-fit-seat-covers-for-dodge-ram-1500-2500-3500-06\/#primaryimage","url":"https:\/\/covers4car.com\/wp-content\/uploads\/2025\/12\/new_2.webp","contentUrl":"https:\/\/covers4car.com\/wp-content\/uploads\/2025\/12\/new_2.webp","width":1000,"height":1000},{"@type":"BreadcrumbList","@id":"https:\/\/covers4car.com\/product\/custom-fit-seat-covers-for-dodge-ram-1500-2500-3500-06\/#breadcrumb","itemListElement":[{"@type":"ListItem","position":1,"name":"Home","item":"https:\/\/covers4car.com\/"},{"@type":"ListItem","position":2,"name":"Shop","item":"https:\/\/covers4car.com\/shop\/"},{"@type":"ListItem","position":3,"name":"Custom Fit Seat Covers for Dodge Ram 1500 2500 3500 HD Pick-up Truck Crew Quad Mega Cab-Front &#038; Rear Seat Protector Sport Style 06"}]},{"@type":"WebSite","@id":"https:\/\/covers4car.com\/#website","url":"https:\/\/covers4car.com\/","name":"Covers4Car","description":"Professionelle s\u00e6debetr\u00e6k skr\u00e6ddersyet til dit k\u00f8ret\u00f8j","publisher":{"@id":"https:\/\/covers4car.com\/#organization"},"potentialAction":[{"@type":"SearchAction","target":{"@type":"EntryPoint","urlTemplate":"https:\/\/covers4car.com\/?s={search_term_string}"},"query-input":{"@type":"PropertyValueSpecification","valueRequired":true,"valueName":"search_term_string"}}],"inLanguage":"da-DK"},{"@type":"Organization","@id":"https:\/\/covers4car.com\/#organization","name":"Covers4Car","url":"https:\/\/covers4car.com\/","logo":{"@type":"ImageObject","inLanguage":"da-DK","@id":"https:\/\/covers4car.com\/#\/schema\/logo\/image\/","url":"https:\/\/covers4car.com\/wp-content\/uploads\/2024\/11\/Asset-2@5x-copy.jpg","contentUrl":"https:\/\/covers4car.com\/wp-content\/uploads\/2024\/11\/Asset-2@5x-copy.jpg","width":877,"height":877,"caption":"Covers4Car"},"image":{"@id":"https:\/\/covers4car.com\/#\/schema\/logo\/image\/"},"sameAs":["https:\/\/www.facebook.com\/profile.php?id=61564533557142","https:\/\/x.com\/covers4carstore"]}]}},"_links":{"self":[{"href":"https:\/\/covers4car.com\/da\/wp-json\/wp\/v2\/product\/31763","targetHints":{"allow":["GET"]}}],"collection":[{"href":"https:\/\/covers4car.com\/da\/wp-json\/wp\/v2\/product"}],"about":[{"href":"https:\/\/covers4car.com\/da\/wp-json\/wp\/v2\/types\/product"}],"replies":[{"embeddable":true,"href":"https:\/\/covers4car.com\/da\/wp-json\/wp\/v2\/comments?post=31763"}],"version-history":[{"count":0,"href":"https:\/\/covers4car.com\/da\/wp-json\/wp\/v2\/product\/31763\/revisions"}],"wp:featuredmedia":[{"embeddable":true,"href":"https:\/\/covers4car.com\/da\/wp-json\/wp\/v2\/media\/32019"}],"wp:attachment":[{"href":"https:\/\/covers4car.com\/da\/wp-json\/wp\/v2\/media?parent=31763"}],"wp:term":[{"taxonomy":"product_brand","embeddable":true,"href":"https:\/\/covers4car.com\/da\/wp-json\/wp\/v2\/product_brand?post=31763"},{"taxonomy":"product_cat","embeddable":true,"href":"https:\/\/covers4car.com\/da\/wp-json\/wp\/v2\/product_cat?post=31763"},{"taxonomy":"product_tag","embeddable":true,"href":"https:\/\/covers4car.com\/da\/wp-json\/wp\/v2\/product_tag?post=31763"},{"taxonomy":"jet_color","embeddable":true,"href":"https:\/\/covers4car.com\/da\/wp-json\/wp\/v2\/jet_color?post=31763"},{"taxonomy":"jet_material","embeddable":true,"href":"https:\/\/covers4car.com\/da\/wp-json\/wp\/v2\/jet_material?post=31763"},{"taxonomy":"jet_coverage","embeddable":true,"href":"https:\/\/covers4car.com\/da\/wp-json\/wp\/v2\/jet_coverage?post=31763"}],"curies":[{"name":"wp","href":"https:\/\/api.w.org\/{rel}","templated":true}]}}