{"id":20051,"date":"2025-08-06T10:45:19","date_gmt":"2025-08-06T17:45:19","guid":{"rendered":"https:\/\/covers4car.com\/?page_id=20051"},"modified":"2025-08-06T11:03:45","modified_gmt":"2025-08-06T18:03:45","slug":"payment-policy","status":"publish","type":"page","link":"https:\/\/covers4car.com\/de\/payment-policy\/","title":{"rendered":"Zahlungsbedingungen"},"content":{"rendered":"<p><strong>Covers4Car <\/strong>Die Website verf\u00fcgt \u00fcber ein SSL-Zertifikat, das in Ihrem Browser durch ein Vorh\u00e4ngeschloss in der Kopfzeile, oft neben der URL-Adresse, angezeigt wird. Dadurch werden die Daten, die Sie uns \u00fcbermitteln, wie z. B. Zahlungsdetails, verschl\u00fcsselt. Zahlungen sind PCI DSS-konform (Level 1). Der Payment Card Industry Data Security Standard (PCI DSS) ist ein Sicherheitsstandard f\u00fcr Unternehmen, die Kredit- und Debitkartendaten verarbeiten.<\/p>\n\n\n\n<p><strong>Payments erf\u00fcllt alle 6 PCI-Standardkategorien:<\/strong><\/p>\n\n\n\n<p>1. Sorgen Sie f\u00fcr ein sicheres Netzwerk<br>2. Sch\u00fctzen Sie Karteninhaberdaten<br>3. Pflegen Sie ein Schwachstellenmanagementprogramm<br>4. Implementieren Sie strenge Zugriffskontrollma\u00dfnahmen<br>5. Netzwerke regelm\u00e4\u00dfig \u00fcberwachen und testen<br>6. Pflegen Sie eine Informationssicherheitsrichtlinie<\/p>\n\n\n\n<p>Bei <a href=\"https:\/\/covers4car.com\/de\/\">https:\/\/covers4car.com\/<\/a> Store: Wir akzeptieren alle g\u00e4ngigen Kredit-\/Debitkarten sowie Zahlungen mit Visa, MasterCard, American Express, Discover, Dinners Club, JCB, Union Pay und elo.<\/p>\n\n\n\n<p>Die Zahlung muss vor dem Versand vollst\u00e4ndig erfolgen.<\/p>\n\n\n\n<p><strong>Datenschutzrichtlinie<\/strong><\/p>\n\n\n\n<p><strong>Covers4Car <\/strong>gibt keine personenbezogenen Daten weiter. Wir vermieten, verkaufen oder teilen Ihre personenbezogenen Daten nicht mit Dritten. Unsere Datenschutzrichtlinie beschreibt, wie Ihre personenbezogenen Daten erhoben werden und wie Ihre personenbezogenen Daten verwendet werden k\u00f6nnen.<\/p>\n\n\n\n<p>Lesen Sie mehr \u00fcber unsere&nbsp;<a href=\"https:\/\/covers4car.com\/de\/privacy-policy\/\">Datenschutzrichtlinie<\/a>.<\/p>\n\n\n\n<h3 class=\"wp-block-heading\" id=\"h-contact-us\"><strong>Kontaktieren Sie uns<\/strong><\/h3>\n\n\n\n<p>Bei weiteren Fragen wenden Sie sich bitte an unseren Kundenservice unter:<\/p>\n\n\n\n<p>E-Mail: <a href=\"mailto:support@covers4car.com\">support@covers4car.com<\/a><br>Tel: +1(619)534-4662<\/p>\n\n\n\n<p>B\u00fcrozeiten: Mo-Sa 10:00-20:00 Uhr (PST)<\/p>","protected":false},"excerpt":{"rendered":"<p>Covers4Car Website verf\u00fcgt \u00fcber ein SSL-Zertifikat, das in Ihrem Browser durch ein Vorh\u00e4ngeschloss in der Kopfzeile angezeigt wird, oft neben<\/p>","protected":false},"author":1583,"featured_media":0,"parent":0,"menu_order":0,"comment_status":"closed","ping_status":"closed","template":"","meta":{"_acf_changed":false,"_monsterinsights_skip_tracking":false,"_monsterinsights_sitenote_active":false,"_monsterinsights_sitenote_note":"","_monsterinsights_sitenote_category":0,"footnotes":""},"class_list":["post-20051","page","type-page","status-publish","hentry"],"acf":[],"yoast_head":"<!-- This site is optimized with the Yoast SEO Premium plugin v26.4 (Yoast SEO v26.4) - https:\/\/yoast.com\/wordpress\/plugins\/seo\/ -->\n<title>Payment Policy - Covers4Car<\/title>\n<meta name=\"description\" content=\"Payment Policy Covers4Car site has an SSL certificate, which is shown on your browser by a padlock in the header, often next to the URL address. This encrypts the data\" \/>\n<meta name=\"robots\" content=\"index, follow, max-snippet:-1, max-image-preview:large, max-video-preview:-1\" \/>\n<link rel=\"canonical\" href=\"https:\/\/covers4car.com\/de\/payment-policy\/\" \/>\n<meta property=\"og:locale\" content=\"de_DE\" \/>\n<meta property=\"og:type\" content=\"article\" \/>\n<meta property=\"og:title\" content=\"Payment Policy\" \/>\n<meta property=\"og:description\" content=\"Payment Policy Covers4Car site has an SSL certificate, which is shown on your browser by a padlock in the header, often next to the URL address. This encrypts the data\" \/>\n<meta property=\"og:url\" content=\"https:\/\/covers4car.com\/de\/payment-policy\/\" \/>\n<meta property=\"og:site_name\" content=\"Covers4Car\" \/>\n<meta property=\"article:publisher\" content=\"https:\/\/www.facebook.com\/profile.php?id=61564533557142\" \/>\n<meta property=\"article:modified_time\" content=\"2025-08-06T18:03:45+00:00\" \/>\n<meta name=\"twitter:card\" content=\"summary_large_image\" \/>\n<meta name=\"twitter:site\" content=\"@covers4carstore\" \/>\n<meta name=\"twitter:label1\" content=\"Gesch\u00e4tzte Lesezeit\" \/>\n\t<meta name=\"twitter:data1\" content=\"1 Minute\" \/>\n<script type=\"application\/ld+json\" class=\"yoast-schema-graph\">{\"@context\":\"https:\/\/schema.org\",\"@graph\":[{\"@type\":\"WebPage\",\"@id\":\"https:\/\/covers4car.com\/payment-policy\/\",\"url\":\"https:\/\/covers4car.com\/payment-policy\/\",\"name\":\"Payment Policy - Covers4Car\",\"isPartOf\":{\"@id\":\"https:\/\/covers4car.com\/#website\"},\"datePublished\":\"2025-08-06T17:45:19+00:00\",\"dateModified\":\"2025-08-06T18:03:45+00:00\",\"description\":\"Payment Policy Covers4Car site has an SSL certificate, which is shown on your browser by a padlock in the header, often next to the URL address. This encrypts the data\",\"breadcrumb\":{\"@id\":\"https:\/\/covers4car.com\/payment-policy\/#breadcrumb\"},\"inLanguage\":\"de-DE\",\"potentialAction\":[{\"@type\":\"ReadAction\",\"target\":[\"https:\/\/covers4car.com\/payment-policy\/\"]}]},{\"@type\":\"BreadcrumbList\",\"@id\":\"https:\/\/covers4car.com\/payment-policy\/#breadcrumb\",\"itemListElement\":[{\"@type\":\"ListItem\",\"position\":1,\"name\":\"Home\",\"item\":\"https:\/\/covers4car.com\/\"},{\"@type\":\"ListItem\",\"position\":2,\"name\":\"Payment Policy\"}]},{\"@type\":\"WebSite\",\"@id\":\"https:\/\/covers4car.com\/#website\",\"url\":\"https:\/\/covers4car.com\/\",\"name\":\"Covers4Car\",\"description\":\"Professional Seat Covers Tailored for Your Vehicle\",\"publisher\":{\"@id\":\"https:\/\/covers4car.com\/#organization\"},\"potentialAction\":[{\"@type\":\"SearchAction\",\"target\":{\"@type\":\"EntryPoint\",\"urlTemplate\":\"https:\/\/covers4car.com\/?s={search_term_string}\"},\"query-input\":{\"@type\":\"PropertyValueSpecification\",\"valueRequired\":true,\"valueName\":\"search_term_string\"}}],\"inLanguage\":\"de-DE\"},{\"@type\":\"Organization\",\"@id\":\"https:\/\/covers4car.com\/#organization\",\"name\":\"Covers4Car\",\"url\":\"https:\/\/covers4car.com\/\",\"logo\":{\"@type\":\"ImageObject\",\"inLanguage\":\"de-DE\",\"@id\":\"https:\/\/covers4car.com\/#\/schema\/logo\/image\/\",\"url\":\"https:\/\/covers4car.com\/wp-content\/uploads\/2024\/11\/Asset-2@5x-copy.jpg\",\"contentUrl\":\"https:\/\/covers4car.com\/wp-content\/uploads\/2024\/11\/Asset-2@5x-copy.jpg\",\"width\":877,\"height\":877,\"caption\":\"Covers4Car\"},\"image\":{\"@id\":\"https:\/\/covers4car.com\/#\/schema\/logo\/image\/\"},\"sameAs\":[\"https:\/\/www.facebook.com\/profile.php?id=61564533557142\",\"https:\/\/x.com\/covers4carstore\"]}]}<\/script>\n<!-- \/ Yoast SEO Premium plugin. -->","yoast_head_json":{"title":"Payment Policy - Covers4Car","description":"Payment Policy Covers4Car site has an SSL certificate, which is shown on your browser by a padlock in the header, often next to the URL address. This encrypts the data","robots":{"index":"index","follow":"follow","max-snippet":"max-snippet:-1","max-image-preview":"max-image-preview:large","max-video-preview":"max-video-preview:-1"},"canonical":"https:\/\/covers4car.com\/de\/payment-policy\/","og_locale":"de_DE","og_type":"article","og_title":"Payment Policy","og_description":"Payment Policy Covers4Car site has an SSL certificate, which is shown on your browser by a padlock in the header, often next to the URL address. This encrypts the data","og_url":"https:\/\/covers4car.com\/de\/payment-policy\/","og_site_name":"Covers4Car","article_publisher":"https:\/\/www.facebook.com\/profile.php?id=61564533557142","article_modified_time":"2025-08-06T18:03:45+00:00","twitter_card":"summary_large_image","twitter_site":"@covers4carstore","twitter_misc":{"Gesch\u00e4tzte Lesezeit":"1 Minute"},"schema":{"@context":"https:\/\/schema.org","@graph":[{"@type":"WebPage","@id":"https:\/\/covers4car.com\/payment-policy\/","url":"https:\/\/covers4car.com\/payment-policy\/","name":"Payment Policy - Covers4Car","isPartOf":{"@id":"https:\/\/covers4car.com\/#website"},"datePublished":"2025-08-06T17:45:19+00:00","dateModified":"2025-08-06T18:03:45+00:00","description":"Payment Policy Covers4Car site has an SSL certificate, which is shown on your browser by a padlock in the header, often next to the URL address. This encrypts the data","breadcrumb":{"@id":"https:\/\/covers4car.com\/payment-policy\/#breadcrumb"},"inLanguage":"de-DE","potentialAction":[{"@type":"ReadAction","target":["https:\/\/covers4car.com\/payment-policy\/"]}]},{"@type":"BreadcrumbList","@id":"https:\/\/covers4car.com\/payment-policy\/#breadcrumb","itemListElement":[{"@type":"ListItem","position":1,"name":"Home","item":"https:\/\/covers4car.com\/"},{"@type":"ListItem","position":2,"name":"Payment Policy"}]},{"@type":"WebSite","@id":"https:\/\/covers4car.com\/#website","url":"https:\/\/covers4car.com\/","name":"Covers4Car","description":"Professionelle Sitzbez\u00fcge, ma\u00dfgeschneidert f\u00fcr Ihr Fahrzeug","publisher":{"@id":"https:\/\/covers4car.com\/#organization"},"potentialAction":[{"@type":"SearchAction","target":{"@type":"EntryPoint","urlTemplate":"https:\/\/covers4car.com\/?s={search_term_string}"},"query-input":{"@type":"PropertyValueSpecification","valueRequired":true,"valueName":"search_term_string"}}],"inLanguage":"de-DE"},{"@type":"Organization","@id":"https:\/\/covers4car.com\/#organization","name":"Covers4Car","url":"https:\/\/covers4car.com\/","logo":{"@type":"ImageObject","inLanguage":"de-DE","@id":"https:\/\/covers4car.com\/#\/schema\/logo\/image\/","url":"https:\/\/covers4car.com\/wp-content\/uploads\/2024\/11\/Asset-2@5x-copy.jpg","contentUrl":"https:\/\/covers4car.com\/wp-content\/uploads\/2024\/11\/Asset-2@5x-copy.jpg","width":877,"height":877,"caption":"Covers4Car"},"image":{"@id":"https:\/\/covers4car.com\/#\/schema\/logo\/image\/"},"sameAs":["https:\/\/www.facebook.com\/profile.php?id=61564533557142","https:\/\/x.com\/covers4carstore"]}]}},"_links":{"self":[{"href":"https:\/\/covers4car.com\/de\/wp-json\/wp\/v2\/pages\/20051","targetHints":{"allow":["GET"]}}],"collection":[{"href":"https:\/\/covers4car.com\/de\/wp-json\/wp\/v2\/pages"}],"about":[{"href":"https:\/\/covers4car.com\/de\/wp-json\/wp\/v2\/types\/page"}],"author":[{"embeddable":true,"href":"https:\/\/covers4car.com\/de\/wp-json\/wp\/v2\/users\/1583"}],"replies":[{"embeddable":true,"href":"https:\/\/covers4car.com\/de\/wp-json\/wp\/v2\/comments?post=20051"}],"version-history":[{"count":0,"href":"https:\/\/covers4car.com\/de\/wp-json\/wp\/v2\/pages\/20051\/revisions"}],"wp:attachment":[{"href":"https:\/\/covers4car.com\/de\/wp-json\/wp\/v2\/media?parent=20051"}],"curies":[{"name":"wp","href":"https:\/\/api.w.org\/{rel}","templated":true}]}}