{"id":16658,"date":"2025-06-10T20:54:55","date_gmt":"2025-06-11T03:54:55","guid":{"rendered":"https:\/\/covers4car.com\/?post_type=product&#038;p=16658"},"modified":"2025-11-06T23:53:26","modified_gmt":"2025-11-07T07:53:26","slug":"ventilated-seat-cushions-for-all-cars-cooling-breathable-universal-fit","status":"publish","type":"product","link":"https:\/\/covers4car.com\/de\/produkt\/ventilated-seat-cushions-for-all-cars-cooling-breathable-universal-fit\/","title":{"rendered":"Bel\u00fcftete Sitzkissen f\u00fcr alle Autos \u2013 k\u00fchlend und atmungsaktiv, universelle Passform"},"content":{"rendered":"<p>Dieses atmungsaktive kleine quadratische Kissen verf\u00fcgt \u00fcber einen importierten Turbol\u00fcfter, der in 8 Sekunden schnell Luft liefert und drei einstellbare Windgeschwindigkeiten bietet. Das sorgt f\u00fcr ein cooles Fahrerlebnis im Sommer. Es unterst\u00fctzt eine universelle USB-Stromversorgung, ist ger\u00e4uscharm und energiesparend, einfach zu bedienen und f\u00fcr eine Vielzahl von Einsatzm\u00f6glichkeiten geeignet. Das atmungsaktive 3D-Wabengewebe ist mit einem rutschfesten Bodendesign ausgestattet, das bequem und stabil ist und es zur idealen Wahl f\u00fcr Sommerreisen macht.<\/p>\n<p><strong>Merkmale:<br \/>\n<\/strong><\/p>\n<ul>\n<li><strong>Sofortige K\u00fchlung, 3-stufiger Wind:<\/strong> Der Turbol\u00fcfter liefert k\u00fchle Luft in 8 Sekunden. Drei einstellbare Geschwindigkeiten passen sich sofort Ihren Bed\u00fcrfnissen an.<\/li>\n<li><strong>Fl\u00fcsterleise und energieeffizient:<\/strong> Das ger\u00e4uscharme Klingendesign sorgt f\u00fcr eine ruhige Fahrt. Intelligenter Start\/Stopp spart effizient Energie.<\/li>\n<li><strong>Stromversorgung \u00fcber USB, breite Kompatibilit\u00e4t:<\/strong> Funktioniert mit USB-Anschl\u00fcssen im Auto, Powerbanks usw. Sichere Verwendung mit integriertem \u00dcberstromschutz.<\/li>\n<li><strong>Faltbarer und atmungsaktiver Komfort:<\/strong> Faltbares Airflow-Board passt besser zum Sitz. 3D-Netzgewebe verbessert Bel\u00fcftung und Komfort.<\/li>\n<li><strong>Rutschfeste Unterseite, sitzsicherer Sitz:<\/strong> Rutschfeste Silikonpunkte halten es an Ort und Stelle, ohne Ihren Original-Autositz zu besch\u00e4digen.<\/li>\n<\/ul>","protected":false},"excerpt":{"rendered":"<p>Dieses atmungsaktive kleine quadratische Kissen verwendet einen importierten Turbol\u00fcfter, der in 8 Sekunden schnell Luft liefert und \u00fcber drei einstellbare<\/p>","protected":false},"featured_media":16663,"comment_status":"open","ping_status":"closed","template":"","meta":{"_acf_changed":false,"_monsterinsights_skip_tracking":false,"_monsterinsights_sitenote_active":false,"_monsterinsights_sitenote_note":"","_monsterinsights_sitenote_category":0},"product_brand":[],"product_cat":[22976,22978,23254],"product_tag":[23273,54969],"jet_color":[],"jet_material":[],"jet_coverage":[],"class_list":{"0":"post-16658","1":"product","2":"type-product","3":"status-publish","4":"has-post-thumbnail","6":"product_cat-seat-cushion","7":"product_cat-functional-seat-cushion","8":"product_cat-cooling-ventilation-seat-cushion","9":"product_tag-cooling-seat-cushion","10":"product_tag-fit-universal-fit","12":"first","13":"instock","14":"shipping-taxable","15":"purchasable","16":"product-type-variable","17":"has-default-attributes","18":"wvs-archive-product-wrapper"},"acf":[],"yoast_head":"<!-- This site is optimized with the Yoast SEO Premium plugin v26.4 (Yoast SEO v26.4) - https:\/\/yoast.com\/wordpress\/plugins\/seo\/ -->\n<title>Ventilated Seat Cushions for All Cars-Cooling &amp; Breathable Universal Fit - Covers4Car<\/title>\n<meta name=\"description\" content=\"Ventilated Seat Cushions for All Cars-Cooling &amp; Breathable Universal Fit This breathable small square cushion uses an imported turbofan, which delivers air quickly in 8 seconds and has three adjustable wind speeds, bringing a\" \/>\n<meta name=\"robots\" content=\"index, follow, max-snippet:-1, max-image-preview:large, max-video-preview:-1\" \/>\n<link rel=\"canonical\" href=\"https:\/\/covers4car.com\/de\/produkt\/ventilated-seat-cushions-for-all-cars-cooling-breathable-universal-fit\/\" \/>\n<meta property=\"og:locale\" content=\"de_DE\" \/>\n<meta property=\"og:type\" content=\"article\" \/>\n<meta property=\"og:title\" content=\"Ventilated Seat Cushions for All Cars-Cooling &amp; Breathable Universal Fit\" \/>\n<meta property=\"og:description\" content=\"Ventilated Seat Cushions for All Cars-Cooling &amp; Breathable Universal Fit This breathable small square cushion uses an imported turbofan, which delivers air quickly in 8 seconds and has three adjustable wind speeds, bringing a\" \/>\n<meta property=\"og:url\" content=\"https:\/\/covers4car.com\/de\/produkt\/ventilated-seat-cushions-for-all-cars-cooling-breathable-universal-fit\/\" \/>\n<meta property=\"og:site_name\" content=\"Covers4Car\" \/>\n<meta property=\"article:publisher\" content=\"https:\/\/www.facebook.com\/profile.php?id=61564533557142\" \/>\n<meta property=\"article:modified_time\" content=\"2025-11-07T07:53:26+00:00\" \/>\n<meta property=\"og:image\" content=\"https:\/\/covers4car.com\/wp-content\/uploads\/2025\/06\/8FANS.webp\" \/>\n\t<meta property=\"og:image:width\" content=\"1000\" \/>\n\t<meta property=\"og:image:height\" content=\"1000\" \/>\n\t<meta property=\"og:image:type\" content=\"image\/webp\" \/>\n<meta name=\"twitter:card\" content=\"summary_large_image\" \/>\n<meta name=\"twitter:site\" content=\"@covers4carstore\" \/>\n<meta name=\"twitter:label1\" content=\"Gesch\u00e4tzte Lesezeit\" \/>\n\t<meta name=\"twitter:data1\" content=\"1 Minute\" \/>\n<script type=\"application\/ld+json\" class=\"yoast-schema-graph\">{\"@context\":\"https:\/\/schema.org\",\"@graph\":[{\"@type\":\"WebPage\",\"@id\":\"https:\/\/covers4car.com\/product\/ventilated-seat-cushions-for-all-cars-cooling-breathable-universal-fit\/\",\"url\":\"https:\/\/covers4car.com\/product\/ventilated-seat-cushions-for-all-cars-cooling-breathable-universal-fit\/\",\"name\":\"Ventilated Seat Cushions for All Cars-Cooling & Breathable Universal Fit - Covers4Car\",\"isPartOf\":{\"@id\":\"https:\/\/covers4car.com\/#website\"},\"primaryImageOfPage\":{\"@id\":\"https:\/\/covers4car.com\/product\/ventilated-seat-cushions-for-all-cars-cooling-breathable-universal-fit\/#primaryimage\"},\"image\":{\"@id\":\"https:\/\/covers4car.com\/product\/ventilated-seat-cushions-for-all-cars-cooling-breathable-universal-fit\/#primaryimage\"},\"thumbnailUrl\":\"https:\/\/covers4car.com\/wp-content\/uploads\/2025\/06\/8FANS.webp\",\"datePublished\":\"2025-06-11T03:54:55+00:00\",\"dateModified\":\"2025-11-07T07:53:26+00:00\",\"description\":\"Ventilated Seat Cushions for All Cars-Cooling & Breathable Universal Fit This breathable small square cushion uses an imported turbofan, which delivers air quickly in 8 seconds and has three adjustable wind speeds, bringing a\",\"breadcrumb\":{\"@id\":\"https:\/\/covers4car.com\/product\/ventilated-seat-cushions-for-all-cars-cooling-breathable-universal-fit\/#breadcrumb\"},\"inLanguage\":\"de-DE\",\"potentialAction\":[{\"@type\":\"ReadAction\",\"target\":[\"https:\/\/covers4car.com\/product\/ventilated-seat-cushions-for-all-cars-cooling-breathable-universal-fit\/\"]}]},{\"@type\":\"ImageObject\",\"inLanguage\":\"de-DE\",\"@id\":\"https:\/\/covers4car.com\/product\/ventilated-seat-cushions-for-all-cars-cooling-breathable-universal-fit\/#primaryimage\",\"url\":\"https:\/\/covers4car.com\/wp-content\/uploads\/2025\/06\/8FANS.webp\",\"contentUrl\":\"https:\/\/covers4car.com\/wp-content\/uploads\/2025\/06\/8FANS.webp\",\"width\":1000,\"height\":1000},{\"@type\":\"BreadcrumbList\",\"@id\":\"https:\/\/covers4car.com\/product\/ventilated-seat-cushions-for-all-cars-cooling-breathable-universal-fit\/#breadcrumb\",\"itemListElement\":[{\"@type\":\"ListItem\",\"position\":1,\"name\":\"Home\",\"item\":\"https:\/\/covers4car.com\/\"},{\"@type\":\"ListItem\",\"position\":2,\"name\":\"Shop\",\"item\":\"https:\/\/covers4car.com\/shop\/\"},{\"@type\":\"ListItem\",\"position\":3,\"name\":\"Ventilated Seat Cushions for All Cars-Cooling &#038; Breathable Universal Fit\"}]},{\"@type\":\"WebSite\",\"@id\":\"https:\/\/covers4car.com\/#website\",\"url\":\"https:\/\/covers4car.com\/\",\"name\":\"Covers4Car\",\"description\":\"Professional Seat Covers Tailored for Your Vehicle\",\"publisher\":{\"@id\":\"https:\/\/covers4car.com\/#organization\"},\"potentialAction\":[{\"@type\":\"SearchAction\",\"target\":{\"@type\":\"EntryPoint\",\"urlTemplate\":\"https:\/\/covers4car.com\/?s={search_term_string}\"},\"query-input\":{\"@type\":\"PropertyValueSpecification\",\"valueRequired\":true,\"valueName\":\"search_term_string\"}}],\"inLanguage\":\"de-DE\"},{\"@type\":\"Organization\",\"@id\":\"https:\/\/covers4car.com\/#organization\",\"name\":\"Covers4Car\",\"url\":\"https:\/\/covers4car.com\/\",\"logo\":{\"@type\":\"ImageObject\",\"inLanguage\":\"de-DE\",\"@id\":\"https:\/\/covers4car.com\/#\/schema\/logo\/image\/\",\"url\":\"https:\/\/covers4car.com\/wp-content\/uploads\/2024\/11\/Asset-2@5x-copy.jpg\",\"contentUrl\":\"https:\/\/covers4car.com\/wp-content\/uploads\/2024\/11\/Asset-2@5x-copy.jpg\",\"width\":877,\"height\":877,\"caption\":\"Covers4Car\"},\"image\":{\"@id\":\"https:\/\/covers4car.com\/#\/schema\/logo\/image\/\"},\"sameAs\":[\"https:\/\/www.facebook.com\/profile.php?id=61564533557142\",\"https:\/\/x.com\/covers4carstore\"]}]}<\/script>\n<!-- \/ Yoast SEO Premium plugin. -->","yoast_head_json":{"title":"Bel\u00fcftete Sitzkissen f\u00fcr alle Autos \u2013 k\u00fchlend und atmungsaktiv, universelle Passform \u2013 Covers4Car","description":"Bel\u00fcftete Sitzkissen f\u00fcr alle Autos - K\u00fchlend und atmungsaktiv - Universelle Passform Dieses atmungsaktive kleine quadratische Kissen verwendet einen importierten Turbol\u00fcfter, der in 8 Sekunden schnell Luft liefert und \u00fcber drei einstellbare Windgeschwindigkeiten verf\u00fcgt, wodurch ein","robots":{"index":"index","follow":"follow","max-snippet":"max-snippet:-1","max-image-preview":"max-image-preview:large","max-video-preview":"max-video-preview:-1"},"canonical":"https:\/\/covers4car.com\/de\/produkt\/ventilated-seat-cushions-for-all-cars-cooling-breathable-universal-fit\/","og_locale":"de_DE","og_type":"article","og_title":"Ventilated Seat Cushions for All Cars-Cooling & Breathable Universal Fit","og_description":"Ventilated Seat Cushions for All Cars-Cooling & Breathable Universal Fit This breathable small square cushion uses an imported turbofan, which delivers air quickly in 8 seconds and has three adjustable wind speeds, bringing a","og_url":"https:\/\/covers4car.com\/de\/produkt\/ventilated-seat-cushions-for-all-cars-cooling-breathable-universal-fit\/","og_site_name":"Covers4Car","article_publisher":"https:\/\/www.facebook.com\/profile.php?id=61564533557142","article_modified_time":"2025-11-07T07:53:26+00:00","og_image":[{"width":1000,"height":1000,"url":"https:\/\/covers4car.com\/wp-content\/uploads\/2025\/06\/8FANS.webp","type":"image\/webp"}],"twitter_card":"summary_large_image","twitter_site":"@covers4carstore","twitter_misc":{"Gesch\u00e4tzte Lesezeit":"1 Minute"},"schema":{"@context":"https:\/\/schema.org","@graph":[{"@type":"WebPage","@id":"https:\/\/covers4car.com\/product\/ventilated-seat-cushions-for-all-cars-cooling-breathable-universal-fit\/","url":"https:\/\/covers4car.com\/product\/ventilated-seat-cushions-for-all-cars-cooling-breathable-universal-fit\/","name":"Bel\u00fcftete Sitzkissen f\u00fcr alle Autos \u2013 k\u00fchlend und atmungsaktiv, universelle Passform \u2013 Covers4Car","isPartOf":{"@id":"https:\/\/covers4car.com\/#website"},"primaryImageOfPage":{"@id":"https:\/\/covers4car.com\/product\/ventilated-seat-cushions-for-all-cars-cooling-breathable-universal-fit\/#primaryimage"},"image":{"@id":"https:\/\/covers4car.com\/product\/ventilated-seat-cushions-for-all-cars-cooling-breathable-universal-fit\/#primaryimage"},"thumbnailUrl":"https:\/\/covers4car.com\/wp-content\/uploads\/2025\/06\/8FANS.webp","datePublished":"2025-06-11T03:54:55+00:00","dateModified":"2025-11-07T07:53:26+00:00","description":"Bel\u00fcftete Sitzkissen f\u00fcr alle Autos - K\u00fchlend und atmungsaktiv - Universelle Passform Dieses atmungsaktive kleine quadratische Kissen verwendet einen importierten Turbol\u00fcfter, der in 8 Sekunden schnell Luft liefert und \u00fcber drei einstellbare Windgeschwindigkeiten verf\u00fcgt, wodurch ein","breadcrumb":{"@id":"https:\/\/covers4car.com\/product\/ventilated-seat-cushions-for-all-cars-cooling-breathable-universal-fit\/#breadcrumb"},"inLanguage":"de-DE","potentialAction":[{"@type":"ReadAction","target":["https:\/\/covers4car.com\/product\/ventilated-seat-cushions-for-all-cars-cooling-breathable-universal-fit\/"]}]},{"@type":"ImageObject","inLanguage":"de-DE","@id":"https:\/\/covers4car.com\/product\/ventilated-seat-cushions-for-all-cars-cooling-breathable-universal-fit\/#primaryimage","url":"https:\/\/covers4car.com\/wp-content\/uploads\/2025\/06\/8FANS.webp","contentUrl":"https:\/\/covers4car.com\/wp-content\/uploads\/2025\/06\/8FANS.webp","width":1000,"height":1000},{"@type":"BreadcrumbList","@id":"https:\/\/covers4car.com\/product\/ventilated-seat-cushions-for-all-cars-cooling-breathable-universal-fit\/#breadcrumb","itemListElement":[{"@type":"ListItem","position":1,"name":"Home","item":"https:\/\/covers4car.com\/"},{"@type":"ListItem","position":2,"name":"Shop","item":"https:\/\/covers4car.com\/shop\/"},{"@type":"ListItem","position":3,"name":"Ventilated Seat Cushions for All Cars-Cooling &#038; Breathable Universal Fit"}]},{"@type":"WebSite","@id":"https:\/\/covers4car.com\/#website","url":"https:\/\/covers4car.com\/","name":"Covers4Car","description":"Professionelle Sitzbez\u00fcge, ma\u00dfgeschneidert f\u00fcr Ihr Fahrzeug","publisher":{"@id":"https:\/\/covers4car.com\/#organization"},"potentialAction":[{"@type":"SearchAction","target":{"@type":"EntryPoint","urlTemplate":"https:\/\/covers4car.com\/?s={search_term_string}"},"query-input":{"@type":"PropertyValueSpecification","valueRequired":true,"valueName":"search_term_string"}}],"inLanguage":"de-DE"},{"@type":"Organization","@id":"https:\/\/covers4car.com\/#organization","name":"Covers4Car","url":"https:\/\/covers4car.com\/","logo":{"@type":"ImageObject","inLanguage":"de-DE","@id":"https:\/\/covers4car.com\/#\/schema\/logo\/image\/","url":"https:\/\/covers4car.com\/wp-content\/uploads\/2024\/11\/Asset-2@5x-copy.jpg","contentUrl":"https:\/\/covers4car.com\/wp-content\/uploads\/2024\/11\/Asset-2@5x-copy.jpg","width":877,"height":877,"caption":"Covers4Car"},"image":{"@id":"https:\/\/covers4car.com\/#\/schema\/logo\/image\/"},"sameAs":["https:\/\/www.facebook.com\/profile.php?id=61564533557142","https:\/\/x.com\/covers4carstore"]}]}},"_links":{"self":[{"href":"https:\/\/covers4car.com\/de\/wp-json\/wp\/v2\/product\/16658","targetHints":{"allow":["GET"]}}],"collection":[{"href":"https:\/\/covers4car.com\/de\/wp-json\/wp\/v2\/product"}],"about":[{"href":"https:\/\/covers4car.com\/de\/wp-json\/wp\/v2\/types\/product"}],"replies":[{"embeddable":true,"href":"https:\/\/covers4car.com\/de\/wp-json\/wp\/v2\/comments?post=16658"}],"version-history":[{"count":0,"href":"https:\/\/covers4car.com\/de\/wp-json\/wp\/v2\/product\/16658\/revisions"}],"wp:featuredmedia":[{"embeddable":true,"href":"https:\/\/covers4car.com\/de\/wp-json\/wp\/v2\/media\/16663"}],"wp:attachment":[{"href":"https:\/\/covers4car.com\/de\/wp-json\/wp\/v2\/media?parent=16658"}],"wp:term":[{"taxonomy":"product_brand","embeddable":true,"href":"https:\/\/covers4car.com\/de\/wp-json\/wp\/v2\/product_brand?post=16658"},{"taxonomy":"product_cat","embeddable":true,"href":"https:\/\/covers4car.com\/de\/wp-json\/wp\/v2\/product_cat?post=16658"},{"taxonomy":"product_tag","embeddable":true,"href":"https:\/\/covers4car.com\/de\/wp-json\/wp\/v2\/product_tag?post=16658"},{"taxonomy":"jet_color","embeddable":true,"href":"https:\/\/covers4car.com\/de\/wp-json\/wp\/v2\/jet_color?post=16658"},{"taxonomy":"jet_material","embeddable":true,"href":"https:\/\/covers4car.com\/de\/wp-json\/wp\/v2\/jet_material?post=16658"},{"taxonomy":"jet_coverage","embeddable":true,"href":"https:\/\/covers4car.com\/de\/wp-json\/wp\/v2\/jet_coverage?post=16658"}],"curies":[{"name":"wp","href":"https:\/\/api.w.org\/{rel}","templated":true}]}}