{"id":18877,"date":"2025-07-03T03:44:29","date_gmt":"2025-07-03T10:44:29","guid":{"rendered":"https:\/\/covers4car.com\/?post_type=product&#038;p=18877"},"modified":"2025-11-06T23:20:21","modified_gmt":"2025-11-07T07:20:21","slug":"pu-leather-seat-cover-for-all-cars-breathable-waterproof-scratch-resistant-universal-fit","status":"publish","type":"product","link":"https:\/\/covers4car.com\/de\/produkt\/pu-leather-seat-cover-for-all-cars-breathable-waterproof-scratch-resistant-universal-fit\/","title":{"rendered":"Sitzbezug aus PU-Leder f\u00fcr alle Autos \u2013 atmungsaktiv, wasserdicht und kratzfest, universelle Passform"},"content":{"rendered":"<p>Sch\u00fctzen Sie Ihre Autositze stilvoll mit diesen atmungsaktiven Sitzbez\u00fcgen aus PU-Leder. Hergestellt aus hochwertigem PVC-Leder, sind sie wasserdicht, kratzfest und leicht abzuwischen. Passend f\u00fcr die meisten Fahrzeuge und f\u00fcr ganzj\u00e4hrigen Komfort.<\/p>\n<p><strong>Merkmale:<\/strong><\/p>\n<ul>\n<li><strong>Langlebiges Material:<\/strong> Hergestellt aus hochwertigem PVC-Leder, das Alterung, Rissen und Abnutzung widersteht.<\/li>\n<li><strong>Wasserdicht und schmutzabweisend:<\/strong> Sch\u00fctzt Ihre Sitze vor versch\u00fctteten Fl\u00fcssigkeiten, Schmutz und allt\u00e4glichen Verunreinigungen.<\/li>\n<li><strong>Airbag-kompatibel:<\/strong> Spezielle N\u00e4hte an den Seiten der Vordersitze unterst\u00fctzen die sichere Ausl\u00f6sung des Airbags.<\/li>\n<li><strong>Universelle Passform:<\/strong> Passend f\u00fcr die meisten Automodelle mit passgenauer, sicherer Installation.<\/li>\n<li><strong>Einfache Wartung:<\/strong> L\u00e4sst sich einfach mit einem feuchten Tuch abwischen \u2013 keine spezielle Reinigung erforderlich.<\/li>\n<\/ul>","protected":false},"excerpt":{"rendered":"<p>Protect your car seats in style with these breathable PU leather seat covers. Made from high-quality PVC leather, they&#8217;re waterproof,<\/p>","protected":false},"featured_media":19053,"comment_status":"open","ping_status":"closed","template":"","meta":{"_acf_changed":false,"_monsterinsights_skip_tracking":false,"_monsterinsights_sitenote_active":false,"_monsterinsights_sitenote_note":"","_monsterinsights_sitenote_category":0},"product_brand":[],"product_cat":[124,23257],"product_tag":[54969,23262],"jet_color":[],"jet_material":[],"jet_coverage":[],"class_list":{"0":"post-18877","1":"product","2":"type-product","3":"status-publish","4":"has-post-thumbnail","6":"product_cat-seat-cover","7":"product_cat-mixed-material-seat-cover","8":"product_tag-fit-universal-fit","9":"product_tag-mixed-material-seat-cover","11":"first","12":"instock","13":"shipping-taxable","14":"purchasable","15":"product-type-variable","16":"has-default-attributes","17":"wvs-archive-product-wrapper"},"acf":[],"yoast_head":"<!-- This site is optimized with the Yoast SEO Premium plugin v26.4 (Yoast SEO v26.4) - https:\/\/yoast.com\/wordpress\/plugins\/seo\/ -->\n<title>PU Leather Seat Cover for All Cars-Breathable &amp; Waterproof &amp; Scratch resistant Universal Fit - Covers4Car<\/title>\n<meta name=\"description\" content=\"PU Leather Seat Cover for All Cars-Breathable &amp; Waterproof &amp; Scratch resistant Universal Fit Protect your car seats in style with these breathable PU leather seat covers. Made from high-quality PVC leather, they&#039;re waterproof, scratch-resistant,\" \/>\n<meta name=\"robots\" content=\"index, follow, max-snippet:-1, max-image-preview:large, max-video-preview:-1\" \/>\n<link rel=\"canonical\" href=\"https:\/\/covers4car.com\/de\/produkt\/pu-leather-seat-cover-for-all-cars-breathable-waterproof-scratch-resistant-universal-fit\/\" \/>\n<meta property=\"og:locale\" content=\"de_DE\" \/>\n<meta property=\"og:type\" content=\"article\" \/>\n<meta property=\"og:title\" content=\"PU Leather Seat Cover for All Cars-Breathable &amp; Waterproof &amp; Scratch resistant Universal Fit\" \/>\n<meta property=\"og:description\" content=\"PU Leather Seat Cover for All Cars-Breathable &amp; Waterproof &amp; Scratch resistant Universal Fit Protect your car seats in style with these breathable PU leather seat covers. Made from high-quality PVC leather, they&#039;re waterproof, scratch-resistant,\" \/>\n<meta property=\"og:url\" content=\"https:\/\/covers4car.com\/de\/produkt\/pu-leather-seat-cover-for-all-cars-breathable-waterproof-scratch-resistant-universal-fit\/\" \/>\n<meta property=\"og:site_name\" content=\"Covers4Car\" \/>\n<meta property=\"article:publisher\" content=\"https:\/\/www.facebook.com\/profile.php?id=61564533557142\" \/>\n<meta property=\"article:modified_time\" content=\"2025-11-07T07:20:21+00:00\" \/>\n<meta property=\"og:image\" content=\"https:\/\/covers4car.com\/wp-content\/uploads\/2025\/07\/black-6.webp\" \/>\n\t<meta property=\"og:image:width\" content=\"1000\" \/>\n\t<meta property=\"og:image:height\" content=\"1000\" \/>\n\t<meta property=\"og:image:type\" content=\"image\/webp\" \/>\n<meta name=\"twitter:card\" content=\"summary_large_image\" \/>\n<meta name=\"twitter:site\" content=\"@covers4carstore\" \/>\n<meta name=\"twitter:label1\" content=\"Gesch\u00e4tzte Lesezeit\" \/>\n\t<meta name=\"twitter:data1\" content=\"1 Minute\" \/>\n<script type=\"application\/ld+json\" class=\"yoast-schema-graph\">{\"@context\":\"https:\/\/schema.org\",\"@graph\":[{\"@type\":\"WebPage\",\"@id\":\"https:\/\/covers4car.com\/product\/pu-leather-seat-cover-for-all-cars-breathable-waterproof-scratch-resistant-universal-fit\/\",\"url\":\"https:\/\/covers4car.com\/product\/pu-leather-seat-cover-for-all-cars-breathable-waterproof-scratch-resistant-universal-fit\/\",\"name\":\"PU Leather Seat Cover for All Cars-Breathable & Waterproof & Scratch resistant Universal Fit - Covers4Car\",\"isPartOf\":{\"@id\":\"https:\/\/covers4car.com\/#website\"},\"primaryImageOfPage\":{\"@id\":\"https:\/\/covers4car.com\/product\/pu-leather-seat-cover-for-all-cars-breathable-waterproof-scratch-resistant-universal-fit\/#primaryimage\"},\"image\":{\"@id\":\"https:\/\/covers4car.com\/product\/pu-leather-seat-cover-for-all-cars-breathable-waterproof-scratch-resistant-universal-fit\/#primaryimage\"},\"thumbnailUrl\":\"https:\/\/covers4car.com\/wp-content\/uploads\/2025\/07\/black-6.webp\",\"datePublished\":\"2025-07-03T10:44:29+00:00\",\"dateModified\":\"2025-11-07T07:20:21+00:00\",\"description\":\"PU Leather Seat Cover for All Cars-Breathable & Waterproof & Scratch resistant Universal Fit Protect your car seats in style with these breathable PU leather seat covers. Made from high-quality PVC leather, they're waterproof, scratch-resistant,\",\"breadcrumb\":{\"@id\":\"https:\/\/covers4car.com\/product\/pu-leather-seat-cover-for-all-cars-breathable-waterproof-scratch-resistant-universal-fit\/#breadcrumb\"},\"inLanguage\":\"de-DE\",\"potentialAction\":[{\"@type\":\"ReadAction\",\"target\":[\"https:\/\/covers4car.com\/product\/pu-leather-seat-cover-for-all-cars-breathable-waterproof-scratch-resistant-universal-fit\/\"]}]},{\"@type\":\"ImageObject\",\"inLanguage\":\"de-DE\",\"@id\":\"https:\/\/covers4car.com\/product\/pu-leather-seat-cover-for-all-cars-breathable-waterproof-scratch-resistant-universal-fit\/#primaryimage\",\"url\":\"https:\/\/covers4car.com\/wp-content\/uploads\/2025\/07\/black-6.webp\",\"contentUrl\":\"https:\/\/covers4car.com\/wp-content\/uploads\/2025\/07\/black-6.webp\",\"width\":1000,\"height\":1000},{\"@type\":\"BreadcrumbList\",\"@id\":\"https:\/\/covers4car.com\/product\/pu-leather-seat-cover-for-all-cars-breathable-waterproof-scratch-resistant-universal-fit\/#breadcrumb\",\"itemListElement\":[{\"@type\":\"ListItem\",\"position\":1,\"name\":\"Home\",\"item\":\"https:\/\/covers4car.com\/\"},{\"@type\":\"ListItem\",\"position\":2,\"name\":\"Shop\",\"item\":\"https:\/\/covers4car.com\/shop\/\"},{\"@type\":\"ListItem\",\"position\":3,\"name\":\"PU Leather Seat Cover for All Cars-Breathable &#038; Waterproof &#038; Scratch resistant Universal Fit\"}]},{\"@type\":\"WebSite\",\"@id\":\"https:\/\/covers4car.com\/#website\",\"url\":\"https:\/\/covers4car.com\/\",\"name\":\"Covers4Car\",\"description\":\"Professional Seat Covers Tailored for Your Vehicle\",\"publisher\":{\"@id\":\"https:\/\/covers4car.com\/#organization\"},\"potentialAction\":[{\"@type\":\"SearchAction\",\"target\":{\"@type\":\"EntryPoint\",\"urlTemplate\":\"https:\/\/covers4car.com\/?s={search_term_string}\"},\"query-input\":{\"@type\":\"PropertyValueSpecification\",\"valueRequired\":true,\"valueName\":\"search_term_string\"}}],\"inLanguage\":\"de-DE\"},{\"@type\":\"Organization\",\"@id\":\"https:\/\/covers4car.com\/#organization\",\"name\":\"Covers4Car\",\"url\":\"https:\/\/covers4car.com\/\",\"logo\":{\"@type\":\"ImageObject\",\"inLanguage\":\"de-DE\",\"@id\":\"https:\/\/covers4car.com\/#\/schema\/logo\/image\/\",\"url\":\"https:\/\/covers4car.com\/wp-content\/uploads\/2024\/11\/Asset-2@5x-copy.jpg\",\"contentUrl\":\"https:\/\/covers4car.com\/wp-content\/uploads\/2024\/11\/Asset-2@5x-copy.jpg\",\"width\":877,\"height\":877,\"caption\":\"Covers4Car\"},\"image\":{\"@id\":\"https:\/\/covers4car.com\/#\/schema\/logo\/image\/\"},\"sameAs\":[\"https:\/\/www.facebook.com\/profile.php?id=61564533557142\",\"https:\/\/x.com\/covers4carstore\"]}]}<\/script>\n<!-- \/ Yoast SEO Premium plugin. -->","yoast_head_json":{"title":"PU Leather Seat Cover for All Cars-Breathable & Waterproof & Scratch resistant Universal Fit - Covers4Car","description":"PU Leather Seat Cover for All Cars-Breathable & Waterproof & Scratch resistant Universal Fit Protect your car seats in style with these breathable PU leather seat covers. Made from high-quality PVC leather, they're waterproof, scratch-resistant,","robots":{"index":"index","follow":"follow","max-snippet":"max-snippet:-1","max-image-preview":"max-image-preview:large","max-video-preview":"max-video-preview:-1"},"canonical":"https:\/\/covers4car.com\/de\/produkt\/pu-leather-seat-cover-for-all-cars-breathable-waterproof-scratch-resistant-universal-fit\/","og_locale":"de_DE","og_type":"article","og_title":"PU Leather Seat Cover for All Cars-Breathable & Waterproof & Scratch resistant Universal Fit","og_description":"PU Leather Seat Cover for All Cars-Breathable & Waterproof & Scratch resistant Universal Fit Protect your car seats in style with these breathable PU leather seat covers. Made from high-quality PVC leather, they're waterproof, scratch-resistant,","og_url":"https:\/\/covers4car.com\/de\/produkt\/pu-leather-seat-cover-for-all-cars-breathable-waterproof-scratch-resistant-universal-fit\/","og_site_name":"Covers4Car","article_publisher":"https:\/\/www.facebook.com\/profile.php?id=61564533557142","article_modified_time":"2025-11-07T07:20:21+00:00","og_image":[{"width":1000,"height":1000,"url":"https:\/\/covers4car.com\/wp-content\/uploads\/2025\/07\/black-6.webp","type":"image\/webp"}],"twitter_card":"summary_large_image","twitter_site":"@covers4carstore","twitter_misc":{"Gesch\u00e4tzte Lesezeit":"1 Minute"},"schema":{"@context":"https:\/\/schema.org","@graph":[{"@type":"WebPage","@id":"https:\/\/covers4car.com\/product\/pu-leather-seat-cover-for-all-cars-breathable-waterproof-scratch-resistant-universal-fit\/","url":"https:\/\/covers4car.com\/product\/pu-leather-seat-cover-for-all-cars-breathable-waterproof-scratch-resistant-universal-fit\/","name":"PU Leather Seat Cover for All Cars-Breathable & Waterproof & Scratch resistant Universal Fit - Covers4Car","isPartOf":{"@id":"https:\/\/covers4car.com\/#website"},"primaryImageOfPage":{"@id":"https:\/\/covers4car.com\/product\/pu-leather-seat-cover-for-all-cars-breathable-waterproof-scratch-resistant-universal-fit\/#primaryimage"},"image":{"@id":"https:\/\/covers4car.com\/product\/pu-leather-seat-cover-for-all-cars-breathable-waterproof-scratch-resistant-universal-fit\/#primaryimage"},"thumbnailUrl":"https:\/\/covers4car.com\/wp-content\/uploads\/2025\/07\/black-6.webp","datePublished":"2025-07-03T10:44:29+00:00","dateModified":"2025-11-07T07:20:21+00:00","description":"PU Leather Seat Cover for All Cars-Breathable & Waterproof & Scratch resistant Universal Fit Protect your car seats in style with these breathable PU leather seat covers. Made from high-quality PVC leather, they're waterproof, scratch-resistant,","breadcrumb":{"@id":"https:\/\/covers4car.com\/product\/pu-leather-seat-cover-for-all-cars-breathable-waterproof-scratch-resistant-universal-fit\/#breadcrumb"},"inLanguage":"de-DE","potentialAction":[{"@type":"ReadAction","target":["https:\/\/covers4car.com\/product\/pu-leather-seat-cover-for-all-cars-breathable-waterproof-scratch-resistant-universal-fit\/"]}]},{"@type":"ImageObject","inLanguage":"de-DE","@id":"https:\/\/covers4car.com\/product\/pu-leather-seat-cover-for-all-cars-breathable-waterproof-scratch-resistant-universal-fit\/#primaryimage","url":"https:\/\/covers4car.com\/wp-content\/uploads\/2025\/07\/black-6.webp","contentUrl":"https:\/\/covers4car.com\/wp-content\/uploads\/2025\/07\/black-6.webp","width":1000,"height":1000},{"@type":"BreadcrumbList","@id":"https:\/\/covers4car.com\/product\/pu-leather-seat-cover-for-all-cars-breathable-waterproof-scratch-resistant-universal-fit\/#breadcrumb","itemListElement":[{"@type":"ListItem","position":1,"name":"Home","item":"https:\/\/covers4car.com\/"},{"@type":"ListItem","position":2,"name":"Shop","item":"https:\/\/covers4car.com\/shop\/"},{"@type":"ListItem","position":3,"name":"PU Leather Seat Cover for All Cars-Breathable &#038; Waterproof &#038; Scratch resistant Universal Fit"}]},{"@type":"WebSite","@id":"https:\/\/covers4car.com\/#website","url":"https:\/\/covers4car.com\/","name":"Covers4Car","description":"Professionelle Sitzbez\u00fcge, ma\u00dfgeschneidert f\u00fcr Ihr Fahrzeug","publisher":{"@id":"https:\/\/covers4car.com\/#organization"},"potentialAction":[{"@type":"SearchAction","target":{"@type":"EntryPoint","urlTemplate":"https:\/\/covers4car.com\/?s={search_term_string}"},"query-input":{"@type":"PropertyValueSpecification","valueRequired":true,"valueName":"search_term_string"}}],"inLanguage":"de-DE"},{"@type":"Organization","@id":"https:\/\/covers4car.com\/#organization","name":"Covers4Car","url":"https:\/\/covers4car.com\/","logo":{"@type":"ImageObject","inLanguage":"de-DE","@id":"https:\/\/covers4car.com\/#\/schema\/logo\/image\/","url":"https:\/\/covers4car.com\/wp-content\/uploads\/2024\/11\/Asset-2@5x-copy.jpg","contentUrl":"https:\/\/covers4car.com\/wp-content\/uploads\/2024\/11\/Asset-2@5x-copy.jpg","width":877,"height":877,"caption":"Covers4Car"},"image":{"@id":"https:\/\/covers4car.com\/#\/schema\/logo\/image\/"},"sameAs":["https:\/\/www.facebook.com\/profile.php?id=61564533557142","https:\/\/x.com\/covers4carstore"]}]}},"_links":{"self":[{"href":"https:\/\/covers4car.com\/de\/wp-json\/wp\/v2\/product\/18877","targetHints":{"allow":["GET"]}}],"collection":[{"href":"https:\/\/covers4car.com\/de\/wp-json\/wp\/v2\/product"}],"about":[{"href":"https:\/\/covers4car.com\/de\/wp-json\/wp\/v2\/types\/product"}],"replies":[{"embeddable":true,"href":"https:\/\/covers4car.com\/de\/wp-json\/wp\/v2\/comments?post=18877"}],"version-history":[{"count":0,"href":"https:\/\/covers4car.com\/de\/wp-json\/wp\/v2\/product\/18877\/revisions"}],"wp:featuredmedia":[{"embeddable":true,"href":"https:\/\/covers4car.com\/de\/wp-json\/wp\/v2\/media\/19053"}],"wp:attachment":[{"href":"https:\/\/covers4car.com\/de\/wp-json\/wp\/v2\/media?parent=18877"}],"wp:term":[{"taxonomy":"product_brand","embeddable":true,"href":"https:\/\/covers4car.com\/de\/wp-json\/wp\/v2\/product_brand?post=18877"},{"taxonomy":"product_cat","embeddable":true,"href":"https:\/\/covers4car.com\/de\/wp-json\/wp\/v2\/product_cat?post=18877"},{"taxonomy":"product_tag","embeddable":true,"href":"https:\/\/covers4car.com\/de\/wp-json\/wp\/v2\/product_tag?post=18877"},{"taxonomy":"jet_color","embeddable":true,"href":"https:\/\/covers4car.com\/de\/wp-json\/wp\/v2\/jet_color?post=18877"},{"taxonomy":"jet_material","embeddable":true,"href":"https:\/\/covers4car.com\/de\/wp-json\/wp\/v2\/jet_material?post=18877"},{"taxonomy":"jet_coverage","embeddable":true,"href":"https:\/\/covers4car.com\/de\/wp-json\/wp\/v2\/jet_coverage?post=18877"}],"curies":[{"name":"wp","href":"https:\/\/api.w.org\/{rel}","templated":true}]}}