{"id":29093,"date":"2025-11-18T03:40:49","date_gmt":"2025-11-18T11:40:49","guid":{"rendered":"https:\/\/covers4car.com\/?post_type=product&#038;p=29093"},"modified":"2025-11-20T01:36:29","modified_gmt":"2025-11-20T09:36:29","slug":"custom-fit-premium-leather-car-seat-covers-for-hyundai-elantra-front-rear-seat-protector-01","status":"publish","type":"product","link":"https:\/\/covers4car.com\/de\/produkt\/custom-fit-premium-leather-car-seat-covers-for-hyundai-elantra-front-rear-seat-protector-01\/","title":{"rendered":"Ma\u00dfgefertigte Premium-Ledersitzbez\u00fcge f\u00fcr Hyundai Elantra \u2013 Vorder- und R\u00fccksitzschutz 01"},"content":{"rendered":"<p>Werten Sie Ihren Hyundai Elantra mit den passgenauen Sitzbez\u00fcgen von Covers4Car f\u00fcr die Modelle 2021\u20132025 auf. Diese hochwertigen Ledersitzbez\u00fcge sind ideal f\u00fcr Fahrer, die Wert auf einen werkseitigen Look, lange Haltbarkeit und optimalen Sitzschutz legen. Sie sch\u00fctzen Ihren Innenraum vor Schmutz, Flecken und Kratzern und bieten gleichzeitig h\u00f6chsten Fahrkomfort. Dank Airbag-kompatibler \u00d6ffnungen, atmungsaktiver Oberfl\u00e4chen und erstklassiger Verarbeitung bleibt Ihr Hyundai Elantra stilvoll, komfortabel und bestens gesch\u00fctzt \u2013 und das \u00fcber viele Jahre.<\/p>\n<ul>\n<li><strong>Passend f\u00fcr:<br \/>\nHyundai Elantra SE\/SEL\/HEV Blau (2021\u20132025) (mit nicht abnehmbaren Kopfst\u00fctzen in der 2. Sitzreihe)<br \/>\nHyundai Elantra Limited\/N Line\/HEV Limited (Modelljahre 2021\u20132025) (mit abnehmbaren Kopfst\u00fctzen in der zweiten Sitzreihe)<\/strong><\/li>\n<li>Perfekte Passform wie ab Werk: Die Sitze sind so konzipiert, dass sie dem luxuri\u00f6sen Erscheinungsbild und der Haptik der Originalsitze des Hyundai Elantra entsprechen und somit eine nahtlose Passform und \u00e4sthetische Wirkung gew\u00e4hrleisten.<\/li>\n<li>Verbesserte Haltbarkeit: Hergestellt aus langlebigen Materialien mit einer glatten, atmungsaktiven Oberfl\u00e4che, die leicht zu reinigen ist und zu jeder Jahreszeit bequem bleibt.<\/li>\n<li>Sicherheit beim Fahren: Verf\u00fcgt \u00fcber reservierte Airbag-\u00d6ffnungen f\u00fcr mehr Sicherheit und Seelenfrieden.<\/li>\n<li>Rundumschutz: Bietet 360\u00b0-Schutz und bewahrt Ihre Hyundai Elantra-Sitze vor Schmutz, Flecken, Abrieb und Abnutzung durch Haustiere oder Kinder \u2013 f\u00fcr ein makelloses Aussehen. Schlammige Pfotenabdr\u00fccke von Haustieren und versch\u00fcttete Getr\u00e4nke von Kindern lassen sich einfach mit einem Handtuch abwischen, sodass Ihre Sitze wie neu aussehen.<\/li>\n<li>Langlebigkeit und Wiederverkaufswert: Verl\u00e4ngert die Lebensdauer Ihres Hyundai Elantra um 5-6 Jahre, sch\u00fctzt ihn vor Besch\u00e4digungen und erh\u00e4lt das Wiederverkaufspotenzial des Fahrzeugs.<\/li>\n<li>Komfort auf langen Fahrten: Erleben Sie unvergleichlichen Komfort auf langen Fahrten mit unseren individuell angepassten, umfassenden Sitzbez\u00fcgen, die f\u00fcr eine hervorragende Polsterung und Unterst\u00fctzung sorgen und daf\u00fcr sorgen, dass Sie entspannt und bequem sitzen, egal, wie weit Sie reisen.<\/li>\n<\/ul>\n<p><strong>Komplettset:<\/strong><\/p>\n<ul>\n<li>2x Vordersitzbez\u00fcge<\/li>\n<li>1x komplette R\u00fccksitzbez\u00fcge<\/li>\n<\/ul>\n<p><strong>Nur Vordersitze<\/strong><\/p>\n<ul>\n<li>1x komplette Vordersitzbez\u00fcge<\/li>\n<\/ul>","protected":false},"excerpt":{"rendered":"<p>Werten Sie Ihren Hyundai Elantra mit den passgenauen Sitzbez\u00fcgen von Covers4Car f\u00fcr die Modelle 2021\u20132025 auf. Diese hochwertigen Ledersitzbez\u00fcge sind ein echter Hingucker.<\/p>","protected":false},"featured_media":29147,"comment_status":"open","ping_status":"closed","template":"","meta":{"_acf_changed":false,"_monsterinsights_skip_tracking":false,"_monsterinsights_sitenote_active":false,"_monsterinsights_sitenote_note":"","_monsterinsights_sitenote_category":0},"product_brand":[],"product_cat":[77708,77709,124],"product_tag":[77670],"jet_color":[],"jet_material":[],"jet_coverage":[],"class_list":{"0":"post-29093","1":"product","2":"type-product","3":"status-publish","4":"has-post-thumbnail","6":"product_cat-seat-cover-for-hyundai","7":"product_cat-seat-cover-for-hyundai-elantra","8":"product_cat-seat-cover","9":"product_tag-fit-elantra","11":"first","12":"instock","13":"shipping-taxable","14":"purchasable","15":"product-type-variable","16":"has-default-attributes","17":"wvs-archive-product-wrapper"},"acf":[],"yoast_head":"<!-- This site is optimized with the Yoast SEO Premium plugin v26.4 (Yoast SEO v26.4) - https:\/\/yoast.com\/wordpress\/plugins\/seo\/ -->\n<title>Hyundai Elantra Seat Covers 2021\u20132025 Premium Fit<\/title>\n<meta name=\"description\" content=\"Hyundai Elantra seat covers custom fit for 2021\u20132025 models with premium leather, airbag-safe panels and full front &amp; rear seat protection.\" \/>\n<meta name=\"robots\" content=\"index, follow, max-snippet:-1, max-image-preview:large, max-video-preview:-1\" \/>\n<link rel=\"canonical\" href=\"https:\/\/covers4car.com\/de\/produkt\/custom-fit-premium-leather-car-seat-covers-for-hyundai-elantra-front-rear-seat-protector-01\/\" \/>\n<meta property=\"og:locale\" content=\"de_DE\" \/>\n<meta property=\"og:type\" content=\"article\" \/>\n<meta property=\"og:title\" content=\"Custom Fit Premium Leather Car Seat Covers for Hyundai Elantra-Front &amp; Rear Seat Protector 01\" \/>\n<meta property=\"og:description\" content=\"Hyundai Elantra seat covers custom fit for 2021\u20132025 models with premium leather, airbag-safe panels and full front &amp; rear seat protection.\" \/>\n<meta property=\"og:url\" content=\"https:\/\/covers4car.com\/de\/produkt\/custom-fit-premium-leather-car-seat-covers-for-hyundai-elantra-front-rear-seat-protector-01\/\" \/>\n<meta property=\"og:site_name\" content=\"Covers4Car\" \/>\n<meta property=\"article:publisher\" content=\"https:\/\/www.facebook.com\/profile.php?id=61564533557142\" \/>\n<meta property=\"article:modified_time\" content=\"2025-11-20T09:36:29+00:00\" \/>\n<meta property=\"og:image\" content=\"https:\/\/covers4car.com\/wp-content\/uploads\/2025\/11\/new_01-16.webp\" \/>\n\t<meta property=\"og:image:width\" content=\"1000\" \/>\n\t<meta property=\"og:image:height\" content=\"1000\" \/>\n\t<meta property=\"og:image:type\" content=\"image\/webp\" \/>\n<meta name=\"twitter:card\" content=\"summary_large_image\" \/>\n<meta name=\"twitter:site\" content=\"@covers4carstore\" \/>\n<meta name=\"twitter:label1\" content=\"Gesch\u00e4tzte Lesezeit\" \/>\n\t<meta name=\"twitter:data1\" content=\"2 Minuten\" \/>\n<script type=\"application\/ld+json\" class=\"yoast-schema-graph\">{\"@context\":\"https:\/\/schema.org\",\"@graph\":[{\"@type\":\"WebPage\",\"@id\":\"https:\/\/covers4car.com\/product\/custom-fit-premium-leather-car-seat-covers-for-hyundai-elantra-front-rear-seat-protector-01\/\",\"url\":\"https:\/\/covers4car.com\/product\/custom-fit-premium-leather-car-seat-covers-for-hyundai-elantra-front-rear-seat-protector-01\/\",\"name\":\"Hyundai Elantra Seat Covers 2021\u20132025 Premium Fit\",\"isPartOf\":{\"@id\":\"https:\/\/covers4car.com\/#website\"},\"primaryImageOfPage\":{\"@id\":\"https:\/\/covers4car.com\/product\/custom-fit-premium-leather-car-seat-covers-for-hyundai-elantra-front-rear-seat-protector-01\/#primaryimage\"},\"image\":{\"@id\":\"https:\/\/covers4car.com\/product\/custom-fit-premium-leather-car-seat-covers-for-hyundai-elantra-front-rear-seat-protector-01\/#primaryimage\"},\"thumbnailUrl\":\"https:\/\/covers4car.com\/wp-content\/uploads\/2025\/11\/new_01-16.webp\",\"datePublished\":\"2025-11-18T11:40:49+00:00\",\"dateModified\":\"2025-11-20T09:36:29+00:00\",\"description\":\"Hyundai Elantra seat covers custom fit for 2021\u20132025 models with premium leather, airbag-safe panels and full front & rear seat protection.\",\"breadcrumb\":{\"@id\":\"https:\/\/covers4car.com\/product\/custom-fit-premium-leather-car-seat-covers-for-hyundai-elantra-front-rear-seat-protector-01\/#breadcrumb\"},\"inLanguage\":\"de-DE\",\"potentialAction\":[{\"@type\":\"ReadAction\",\"target\":[\"https:\/\/covers4car.com\/product\/custom-fit-premium-leather-car-seat-covers-for-hyundai-elantra-front-rear-seat-protector-01\/\"]}]},{\"@type\":\"ImageObject\",\"inLanguage\":\"de-DE\",\"@id\":\"https:\/\/covers4car.com\/product\/custom-fit-premium-leather-car-seat-covers-for-hyundai-elantra-front-rear-seat-protector-01\/#primaryimage\",\"url\":\"https:\/\/covers4car.com\/wp-content\/uploads\/2025\/11\/new_01-16.webp\",\"contentUrl\":\"https:\/\/covers4car.com\/wp-content\/uploads\/2025\/11\/new_01-16.webp\",\"width\":1000,\"height\":1000},{\"@type\":\"BreadcrumbList\",\"@id\":\"https:\/\/covers4car.com\/product\/custom-fit-premium-leather-car-seat-covers-for-hyundai-elantra-front-rear-seat-protector-01\/#breadcrumb\",\"itemListElement\":[{\"@type\":\"ListItem\",\"position\":1,\"name\":\"Home\",\"item\":\"https:\/\/covers4car.com\/\"},{\"@type\":\"ListItem\",\"position\":2,\"name\":\"Shop\",\"item\":\"https:\/\/covers4car.com\/shop\/\"},{\"@type\":\"ListItem\",\"position\":3,\"name\":\"Custom Fit Premium Leather Car Seat Covers for Hyundai Elantra-Front &#038; Rear Seat Protector 01\"}]},{\"@type\":\"WebSite\",\"@id\":\"https:\/\/covers4car.com\/#website\",\"url\":\"https:\/\/covers4car.com\/\",\"name\":\"Covers4Car\",\"description\":\"Professional Seat Covers Tailored for Your Vehicle\",\"publisher\":{\"@id\":\"https:\/\/covers4car.com\/#organization\"},\"potentialAction\":[{\"@type\":\"SearchAction\",\"target\":{\"@type\":\"EntryPoint\",\"urlTemplate\":\"https:\/\/covers4car.com\/?s={search_term_string}\"},\"query-input\":{\"@type\":\"PropertyValueSpecification\",\"valueRequired\":true,\"valueName\":\"search_term_string\"}}],\"inLanguage\":\"de-DE\"},{\"@type\":\"Organization\",\"@id\":\"https:\/\/covers4car.com\/#organization\",\"name\":\"Covers4Car\",\"url\":\"https:\/\/covers4car.com\/\",\"logo\":{\"@type\":\"ImageObject\",\"inLanguage\":\"de-DE\",\"@id\":\"https:\/\/covers4car.com\/#\/schema\/logo\/image\/\",\"url\":\"https:\/\/covers4car.com\/wp-content\/uploads\/2024\/11\/Asset-2@5x-copy.jpg\",\"contentUrl\":\"https:\/\/covers4car.com\/wp-content\/uploads\/2024\/11\/Asset-2@5x-copy.jpg\",\"width\":877,\"height\":877,\"caption\":\"Covers4Car\"},\"image\":{\"@id\":\"https:\/\/covers4car.com\/#\/schema\/logo\/image\/\"},\"sameAs\":[\"https:\/\/www.facebook.com\/profile.php?id=61564533557142\",\"https:\/\/x.com\/covers4carstore\"]}]}<\/script>\n<!-- \/ Yoast SEO Premium plugin. -->","yoast_head_json":{"title":"Hyundai Elantra Seat Covers 2021\u20132025 Premium Fit","description":"Hyundai Elantra seat covers custom fit for 2021\u20132025 models with premium leather, airbag-safe panels and full front & rear seat protection.","robots":{"index":"index","follow":"follow","max-snippet":"max-snippet:-1","max-image-preview":"max-image-preview:large","max-video-preview":"max-video-preview:-1"},"canonical":"https:\/\/covers4car.com\/de\/produkt\/custom-fit-premium-leather-car-seat-covers-for-hyundai-elantra-front-rear-seat-protector-01\/","og_locale":"de_DE","og_type":"article","og_title":"Custom Fit Premium Leather Car Seat Covers for Hyundai Elantra-Front & Rear Seat Protector 01","og_description":"Hyundai Elantra seat covers custom fit for 2021\u20132025 models with premium leather, airbag-safe panels and full front & rear seat protection.","og_url":"https:\/\/covers4car.com\/de\/produkt\/custom-fit-premium-leather-car-seat-covers-for-hyundai-elantra-front-rear-seat-protector-01\/","og_site_name":"Covers4Car","article_publisher":"https:\/\/www.facebook.com\/profile.php?id=61564533557142","article_modified_time":"2025-11-20T09:36:29+00:00","og_image":[{"width":1000,"height":1000,"url":"https:\/\/covers4car.com\/wp-content\/uploads\/2025\/11\/new_01-16.webp","type":"image\/webp"}],"twitter_card":"summary_large_image","twitter_site":"@covers4carstore","twitter_misc":{"Gesch\u00e4tzte Lesezeit":"2 Minuten"},"schema":{"@context":"https:\/\/schema.org","@graph":[{"@type":"WebPage","@id":"https:\/\/covers4car.com\/product\/custom-fit-premium-leather-car-seat-covers-for-hyundai-elantra-front-rear-seat-protector-01\/","url":"https:\/\/covers4car.com\/product\/custom-fit-premium-leather-car-seat-covers-for-hyundai-elantra-front-rear-seat-protector-01\/","name":"Hyundai Elantra Seat Covers 2021\u20132025 Premium Fit","isPartOf":{"@id":"https:\/\/covers4car.com\/#website"},"primaryImageOfPage":{"@id":"https:\/\/covers4car.com\/product\/custom-fit-premium-leather-car-seat-covers-for-hyundai-elantra-front-rear-seat-protector-01\/#primaryimage"},"image":{"@id":"https:\/\/covers4car.com\/product\/custom-fit-premium-leather-car-seat-covers-for-hyundai-elantra-front-rear-seat-protector-01\/#primaryimage"},"thumbnailUrl":"https:\/\/covers4car.com\/wp-content\/uploads\/2025\/11\/new_01-16.webp","datePublished":"2025-11-18T11:40:49+00:00","dateModified":"2025-11-20T09:36:29+00:00","description":"Hyundai Elantra seat covers custom fit for 2021\u20132025 models with premium leather, airbag-safe panels and full front & rear seat protection.","breadcrumb":{"@id":"https:\/\/covers4car.com\/product\/custom-fit-premium-leather-car-seat-covers-for-hyundai-elantra-front-rear-seat-protector-01\/#breadcrumb"},"inLanguage":"de-DE","potentialAction":[{"@type":"ReadAction","target":["https:\/\/covers4car.com\/product\/custom-fit-premium-leather-car-seat-covers-for-hyundai-elantra-front-rear-seat-protector-01\/"]}]},{"@type":"ImageObject","inLanguage":"de-DE","@id":"https:\/\/covers4car.com\/product\/custom-fit-premium-leather-car-seat-covers-for-hyundai-elantra-front-rear-seat-protector-01\/#primaryimage","url":"https:\/\/covers4car.com\/wp-content\/uploads\/2025\/11\/new_01-16.webp","contentUrl":"https:\/\/covers4car.com\/wp-content\/uploads\/2025\/11\/new_01-16.webp","width":1000,"height":1000},{"@type":"BreadcrumbList","@id":"https:\/\/covers4car.com\/product\/custom-fit-premium-leather-car-seat-covers-for-hyundai-elantra-front-rear-seat-protector-01\/#breadcrumb","itemListElement":[{"@type":"ListItem","position":1,"name":"Home","item":"https:\/\/covers4car.com\/"},{"@type":"ListItem","position":2,"name":"Shop","item":"https:\/\/covers4car.com\/shop\/"},{"@type":"ListItem","position":3,"name":"Custom Fit Premium Leather Car Seat Covers for Hyundai Elantra-Front &#038; Rear Seat Protector 01"}]},{"@type":"WebSite","@id":"https:\/\/covers4car.com\/#website","url":"https:\/\/covers4car.com\/","name":"Covers4Car","description":"Professionelle Sitzbez\u00fcge, ma\u00dfgeschneidert f\u00fcr Ihr Fahrzeug","publisher":{"@id":"https:\/\/covers4car.com\/#organization"},"potentialAction":[{"@type":"SearchAction","target":{"@type":"EntryPoint","urlTemplate":"https:\/\/covers4car.com\/?s={search_term_string}"},"query-input":{"@type":"PropertyValueSpecification","valueRequired":true,"valueName":"search_term_string"}}],"inLanguage":"de-DE"},{"@type":"Organization","@id":"https:\/\/covers4car.com\/#organization","name":"Covers4Car","url":"https:\/\/covers4car.com\/","logo":{"@type":"ImageObject","inLanguage":"de-DE","@id":"https:\/\/covers4car.com\/#\/schema\/logo\/image\/","url":"https:\/\/covers4car.com\/wp-content\/uploads\/2024\/11\/Asset-2@5x-copy.jpg","contentUrl":"https:\/\/covers4car.com\/wp-content\/uploads\/2024\/11\/Asset-2@5x-copy.jpg","width":877,"height":877,"caption":"Covers4Car"},"image":{"@id":"https:\/\/covers4car.com\/#\/schema\/logo\/image\/"},"sameAs":["https:\/\/www.facebook.com\/profile.php?id=61564533557142","https:\/\/x.com\/covers4carstore"]}]}},"_links":{"self":[{"href":"https:\/\/covers4car.com\/de\/wp-json\/wp\/v2\/product\/29093","targetHints":{"allow":["GET"]}}],"collection":[{"href":"https:\/\/covers4car.com\/de\/wp-json\/wp\/v2\/product"}],"about":[{"href":"https:\/\/covers4car.com\/de\/wp-json\/wp\/v2\/types\/product"}],"replies":[{"embeddable":true,"href":"https:\/\/covers4car.com\/de\/wp-json\/wp\/v2\/comments?post=29093"}],"version-history":[{"count":0,"href":"https:\/\/covers4car.com\/de\/wp-json\/wp\/v2\/product\/29093\/revisions"}],"wp:featuredmedia":[{"embeddable":true,"href":"https:\/\/covers4car.com\/de\/wp-json\/wp\/v2\/media\/29147"}],"wp:attachment":[{"href":"https:\/\/covers4car.com\/de\/wp-json\/wp\/v2\/media?parent=29093"}],"wp:term":[{"taxonomy":"product_brand","embeddable":true,"href":"https:\/\/covers4car.com\/de\/wp-json\/wp\/v2\/product_brand?post=29093"},{"taxonomy":"product_cat","embeddable":true,"href":"https:\/\/covers4car.com\/de\/wp-json\/wp\/v2\/product_cat?post=29093"},{"taxonomy":"product_tag","embeddable":true,"href":"https:\/\/covers4car.com\/de\/wp-json\/wp\/v2\/product_tag?post=29093"},{"taxonomy":"jet_color","embeddable":true,"href":"https:\/\/covers4car.com\/de\/wp-json\/wp\/v2\/jet_color?post=29093"},{"taxonomy":"jet_material","embeddable":true,"href":"https:\/\/covers4car.com\/de\/wp-json\/wp\/v2\/jet_material?post=29093"},{"taxonomy":"jet_coverage","embeddable":true,"href":"https:\/\/covers4car.com\/de\/wp-json\/wp\/v2\/jet_coverage?post=29093"}],"curies":[{"name":"wp","href":"https:\/\/api.w.org\/{rel}","templated":true}]}}