{"id":29301,"date":"2025-11-18T22:52:44","date_gmt":"2025-11-19T06:52:44","guid":{"rendered":"https:\/\/covers4car.com\/?post_type=product&#038;p=29301"},"modified":"2026-04-10T23:30:49","modified_gmt":"2026-04-11T06:30:49","slug":"custom-fit-premium-leather-car-seat-covers-for-ford-f-150-raptor-pick-up-truck-front-rear-seat-protector-01","status":"publish","type":"product","link":"https:\/\/covers4car.com\/de\/produkt\/custom-fit-premium-leather-car-seat-covers-for-ford-f-150-raptor-pick-up-truck-front-rear-seat-protector-01\/","title":{"rendered":"Ma\u00dfgefertigte Premium-Ledersitzbez\u00fcge f\u00fcr Ford F-150 Raptor Pick-up \u2013 Vorder- und R\u00fccksitzschutz 01"},"content":{"rendered":"<p>Werten Sie Ihren Ford F-150 Raptor mit den passgenauen Sitzbez\u00fcgen von Covers4Car f\u00fcr die Pickups der Baujahre 2017\u20132025 auf. Diese hochwertigen Ledersitzbez\u00fcge sind ideal f\u00fcr Fahrer, die Wert auf einen Look im Werksstil, lange Haltbarkeit und optimalen Schutz f\u00fcr Vorder- und R\u00fccksitze legen. Sie sch\u00fctzen den Innenraum vor Schmutz, Flecken und Kratzern und bieten gleichzeitig zus\u00e4tzlichen Komfort auf jeder Fahrt. Dank airbagkompatibler \u00d6ffnungen, leicht zu reinigender Oberfl\u00e4chen und pr\u00e4ziser Verarbeitung bleibt Ihr Ford F-150 Raptor \u00fcber Jahre hinweg stilvoll, komfortabel und bestens gesch\u00fctzt.<\/p>\n<ul>\n<li><strong>Passend f\u00fcr: Ford F-150 Raptor (Baujahre 2017\u20132025)<\/strong><\/li>\n<li>Passgenau wie ab Werk: Entworfen, um dem luxuri\u00f6sen Erscheinungsbild und der Haptik der werkseitigen Sitze des Ford F-150 Raptor zu entsprechen und so eine nahtlose Passform und \u00e4sthetische Wirkung zu gew\u00e4hrleisten.<\/li>\n<li>Verbesserte Haltbarkeit: Hergestellt aus langlebigen Materialien mit einer glatten, atmungsaktiven Oberfl\u00e4che, die leicht zu reinigen ist und zu jeder Jahreszeit bequem bleibt.<\/li>\n<li>Sicherheit beim Fahren: Verf\u00fcgt \u00fcber reservierte Airbag-\u00d6ffnungen f\u00fcr mehr Sicherheit und Seelenfrieden.<\/li>\n<li>Rundumschutz: Bietet eine 360\u00b0-Abdeckung und sch\u00fctzt die Sitze Ihres Ford F-150 Raptor vor Schmutz, Flecken, Abrieb und Abnutzung durch Haustiere oder Kinder. So bleiben sie wie neu. Schlammige Pfotenabdr\u00fccke von Haustieren und Getr\u00e4nkereste von Kindern lassen sich einfach mit einem Handtuch abwischen \u2013 Ihre Sitze sehen danach aus wie neu.<\/li>\n<li>Langlebigkeit und Wiederverkaufswert: Verl\u00e4ngert die Lebensdauer Ihres Ford F-150 Raptor um 5-6 Jahre, sch\u00fctzt ihn vor Besch\u00e4digungen und erh\u00e4lt das Wiederverkaufspotenzial des Fahrzeugs.<\/li>\n<li>Komfort auf langen Fahrten: Erleben Sie unvergleichlichen Komfort auf langen Fahrten mit unseren individuell angepassten, umfassenden Sitzbez\u00fcgen, die f\u00fcr eine hervorragende Polsterung und Unterst\u00fctzung sorgen und daf\u00fcr sorgen, dass Sie entspannt und bequem sitzen, egal, wie weit Sie reisen.<\/li>\n<\/ul>\n<p><strong>Komplettset:<\/strong><\/p>\n<ul>\n<li>2x Vordersitzbez\u00fcge<\/li>\n<li>1x komplette R\u00fccksitzbez\u00fcge<\/li>\n<\/ul>\n<p><strong>Nur Vordersitze<\/strong><\/p>\n<ul>\n<li>1x komplette Vordersitzbez\u00fcge<\/li>\n<\/ul>","protected":false},"excerpt":{"rendered":"<p>Werten Sie Ihren Ford F-150 Raptor mit den passgenauen Sitzbez\u00fcgen von Covers4Car f\u00fcr die Pickups der Baujahre 2017\u20132025 auf. Diese Premium-Sitzbez\u00fcge bieten h\u00f6chsten Komfort und Komfort.<\/p>","protected":false},"featured_media":29352,"comment_status":"open","ping_status":"closed","template":"","meta":{"_acf_changed":false,"_monsterinsights_skip_tracking":false,"_monsterinsights_sitenote_active":false,"_monsterinsights_sitenote_note":"","_monsterinsights_sitenote_category":0},"product_brand":[],"product_cat":[77696,124,118],"product_tag":[77678],"jet_color":[],"jet_material":[],"jet_coverage":[],"class_list":{"0":"post-29301","1":"product","2":"type-product","3":"status-publish","4":"has-post-thumbnail","6":"product_cat-seat-cover-for-f-150-raptor","7":"product_cat-seat-cover","8":"product_cat-seat-cover-for-ford","9":"product_tag-fit-f-150-raptor","11":"first","12":"instock","13":"shipping-taxable","14":"purchasable","15":"product-type-variable","16":"has-default-attributes","17":"wvs-archive-product-wrapper"},"acf":[],"yoast_head":"<!-- This site is optimized with the Yoast SEO Premium plugin v26.4 (Yoast SEO v26.4) - https:\/\/yoast.com\/wordpress\/plugins\/seo\/ -->\n<title>Ford F-150 Raptor Seat Covers 2017\u20132025 Premium<\/title>\n<meta name=\"description\" content=\"Ford F-150 Raptor seat covers custom fit for 2017\u20132025 trucks with premium leather, airbag-safe design and full front &amp; rear protection.\" \/>\n<meta name=\"robots\" content=\"index, follow, max-snippet:-1, max-image-preview:large, max-video-preview:-1\" \/>\n<link rel=\"canonical\" href=\"https:\/\/covers4car.com\/de\/produkt\/custom-fit-premium-leather-car-seat-covers-for-ford-f-150-raptor-pick-up-truck-front-rear-seat-protector-01\/\" \/>\n<meta property=\"og:locale\" content=\"de_DE\" \/>\n<meta property=\"og:type\" content=\"article\" \/>\n<meta property=\"og:title\" content=\"Custom Fit Premium Leather Car Seat Covers for Ford F-150 Raptor Pick-up Truck-Front &amp; Rear Seat Protector 01\" \/>\n<meta property=\"og:description\" content=\"Ford F-150 Raptor seat covers custom fit for 2017\u20132025 trucks with premium leather, airbag-safe design and full front &amp; rear protection.\" \/>\n<meta property=\"og:url\" content=\"https:\/\/covers4car.com\/de\/produkt\/custom-fit-premium-leather-car-seat-covers-for-ford-f-150-raptor-pick-up-truck-front-rear-seat-protector-01\/\" \/>\n<meta property=\"og:site_name\" content=\"Covers4Car\" \/>\n<meta property=\"article:publisher\" content=\"https:\/\/www.facebook.com\/profile.php?id=61564533557142\" \/>\n<meta property=\"article:modified_time\" content=\"2026-04-11T06:30:49+00:00\" \/>\n<meta property=\"og:image\" content=\"https:\/\/covers4car.com\/wp-content\/uploads\/2025\/11\/new_01-19.webp\" \/>\n\t<meta property=\"og:image:width\" content=\"1000\" \/>\n\t<meta property=\"og:image:height\" content=\"1000\" \/>\n\t<meta property=\"og:image:type\" content=\"image\/webp\" \/>\n<meta name=\"twitter:card\" content=\"summary_large_image\" \/>\n<meta name=\"twitter:site\" content=\"@covers4carstore\" \/>\n<meta name=\"twitter:label1\" content=\"Gesch\u00e4tzte Lesezeit\" \/>\n\t<meta name=\"twitter:data1\" content=\"2 Minuten\" \/>\n<script type=\"application\/ld+json\" class=\"yoast-schema-graph\">{\"@context\":\"https:\/\/schema.org\",\"@graph\":[{\"@type\":\"WebPage\",\"@id\":\"https:\/\/covers4car.com\/product\/custom-fit-premium-leather-car-seat-covers-for-ford-f-150-raptor-pick-up-truck-front-rear-seat-protector-01\/\",\"url\":\"https:\/\/covers4car.com\/product\/custom-fit-premium-leather-car-seat-covers-for-ford-f-150-raptor-pick-up-truck-front-rear-seat-protector-01\/\",\"name\":\"Ford F-150 Raptor Seat Covers 2017\u20132025 Premium\",\"isPartOf\":{\"@id\":\"https:\/\/covers4car.com\/#website\"},\"primaryImageOfPage\":{\"@id\":\"https:\/\/covers4car.com\/product\/custom-fit-premium-leather-car-seat-covers-for-ford-f-150-raptor-pick-up-truck-front-rear-seat-protector-01\/#primaryimage\"},\"image\":{\"@id\":\"https:\/\/covers4car.com\/product\/custom-fit-premium-leather-car-seat-covers-for-ford-f-150-raptor-pick-up-truck-front-rear-seat-protector-01\/#primaryimage\"},\"thumbnailUrl\":\"https:\/\/covers4car.com\/wp-content\/uploads\/2025\/11\/new_01-19.webp\",\"datePublished\":\"2025-11-19T06:52:44+00:00\",\"dateModified\":\"2026-04-11T06:30:49+00:00\",\"description\":\"Ford F-150 Raptor seat covers custom fit for 2017\u20132025 trucks with premium leather, airbag-safe design and full front & rear protection.\",\"breadcrumb\":{\"@id\":\"https:\/\/covers4car.com\/product\/custom-fit-premium-leather-car-seat-covers-for-ford-f-150-raptor-pick-up-truck-front-rear-seat-protector-01\/#breadcrumb\"},\"inLanguage\":\"de-DE\",\"potentialAction\":[{\"@type\":\"ReadAction\",\"target\":[\"https:\/\/covers4car.com\/product\/custom-fit-premium-leather-car-seat-covers-for-ford-f-150-raptor-pick-up-truck-front-rear-seat-protector-01\/\"]}]},{\"@type\":\"ImageObject\",\"inLanguage\":\"de-DE\",\"@id\":\"https:\/\/covers4car.com\/product\/custom-fit-premium-leather-car-seat-covers-for-ford-f-150-raptor-pick-up-truck-front-rear-seat-protector-01\/#primaryimage\",\"url\":\"https:\/\/covers4car.com\/wp-content\/uploads\/2025\/11\/new_01-19.webp\",\"contentUrl\":\"https:\/\/covers4car.com\/wp-content\/uploads\/2025\/11\/new_01-19.webp\",\"width\":1000,\"height\":1000},{\"@type\":\"BreadcrumbList\",\"@id\":\"https:\/\/covers4car.com\/product\/custom-fit-premium-leather-car-seat-covers-for-ford-f-150-raptor-pick-up-truck-front-rear-seat-protector-01\/#breadcrumb\",\"itemListElement\":[{\"@type\":\"ListItem\",\"position\":1,\"name\":\"Home\",\"item\":\"https:\/\/covers4car.com\/\"},{\"@type\":\"ListItem\",\"position\":2,\"name\":\"Shop\",\"item\":\"https:\/\/covers4car.com\/shop\/\"},{\"@type\":\"ListItem\",\"position\":3,\"name\":\"Custom Fit Premium Leather Car Seat Covers for Ford F-150 Raptor Pick-up Truck-Front &#038; Rear Seat Protector 01\"}]},{\"@type\":\"WebSite\",\"@id\":\"https:\/\/covers4car.com\/#website\",\"url\":\"https:\/\/covers4car.com\/\",\"name\":\"Covers4Car\",\"description\":\"Professional Seat Covers Tailored for Your Vehicle\",\"publisher\":{\"@id\":\"https:\/\/covers4car.com\/#organization\"},\"potentialAction\":[{\"@type\":\"SearchAction\",\"target\":{\"@type\":\"EntryPoint\",\"urlTemplate\":\"https:\/\/covers4car.com\/?s={search_term_string}\"},\"query-input\":{\"@type\":\"PropertyValueSpecification\",\"valueRequired\":true,\"valueName\":\"search_term_string\"}}],\"inLanguage\":\"de-DE\"},{\"@type\":\"Organization\",\"@id\":\"https:\/\/covers4car.com\/#organization\",\"name\":\"Covers4Car\",\"url\":\"https:\/\/covers4car.com\/\",\"logo\":{\"@type\":\"ImageObject\",\"inLanguage\":\"de-DE\",\"@id\":\"https:\/\/covers4car.com\/#\/schema\/logo\/image\/\",\"url\":\"https:\/\/covers4car.com\/wp-content\/uploads\/2024\/11\/Asset-2@5x-copy.jpg\",\"contentUrl\":\"https:\/\/covers4car.com\/wp-content\/uploads\/2024\/11\/Asset-2@5x-copy.jpg\",\"width\":877,\"height\":877,\"caption\":\"Covers4Car\"},\"image\":{\"@id\":\"https:\/\/covers4car.com\/#\/schema\/logo\/image\/\"},\"sameAs\":[\"https:\/\/www.facebook.com\/profile.php?id=61564533557142\",\"https:\/\/x.com\/covers4carstore\"]}]}<\/script>\n<!-- \/ Yoast SEO Premium plugin. -->","yoast_head_json":{"title":"Ford F-150 Raptor Seat Covers 2017\u20132025 Premium","description":"Ford F-150 Raptor seat covers custom fit for 2017\u20132025 trucks with premium leather, airbag-safe design and full front & rear protection.","robots":{"index":"index","follow":"follow","max-snippet":"max-snippet:-1","max-image-preview":"max-image-preview:large","max-video-preview":"max-video-preview:-1"},"canonical":"https:\/\/covers4car.com\/de\/produkt\/custom-fit-premium-leather-car-seat-covers-for-ford-f-150-raptor-pick-up-truck-front-rear-seat-protector-01\/","og_locale":"de_DE","og_type":"article","og_title":"Custom Fit Premium Leather Car Seat Covers for Ford F-150 Raptor Pick-up Truck-Front & Rear Seat Protector 01","og_description":"Ford F-150 Raptor seat covers custom fit for 2017\u20132025 trucks with premium leather, airbag-safe design and full front & rear protection.","og_url":"https:\/\/covers4car.com\/de\/produkt\/custom-fit-premium-leather-car-seat-covers-for-ford-f-150-raptor-pick-up-truck-front-rear-seat-protector-01\/","og_site_name":"Covers4Car","article_publisher":"https:\/\/www.facebook.com\/profile.php?id=61564533557142","article_modified_time":"2026-04-11T06:30:49+00:00","og_image":[{"width":1000,"height":1000,"url":"https:\/\/covers4car.com\/wp-content\/uploads\/2025\/11\/new_01-19.webp","type":"image\/webp"}],"twitter_card":"summary_large_image","twitter_site":"@covers4carstore","twitter_misc":{"Gesch\u00e4tzte Lesezeit":"2 Minuten"},"schema":{"@context":"https:\/\/schema.org","@graph":[{"@type":"WebPage","@id":"https:\/\/covers4car.com\/product\/custom-fit-premium-leather-car-seat-covers-for-ford-f-150-raptor-pick-up-truck-front-rear-seat-protector-01\/","url":"https:\/\/covers4car.com\/product\/custom-fit-premium-leather-car-seat-covers-for-ford-f-150-raptor-pick-up-truck-front-rear-seat-protector-01\/","name":"Ford F-150 Raptor Seat Covers 2017\u20132025 Premium","isPartOf":{"@id":"https:\/\/covers4car.com\/#website"},"primaryImageOfPage":{"@id":"https:\/\/covers4car.com\/product\/custom-fit-premium-leather-car-seat-covers-for-ford-f-150-raptor-pick-up-truck-front-rear-seat-protector-01\/#primaryimage"},"image":{"@id":"https:\/\/covers4car.com\/product\/custom-fit-premium-leather-car-seat-covers-for-ford-f-150-raptor-pick-up-truck-front-rear-seat-protector-01\/#primaryimage"},"thumbnailUrl":"https:\/\/covers4car.com\/wp-content\/uploads\/2025\/11\/new_01-19.webp","datePublished":"2025-11-19T06:52:44+00:00","dateModified":"2026-04-11T06:30:49+00:00","description":"Ford F-150 Raptor seat covers custom fit for 2017\u20132025 trucks with premium leather, airbag-safe design and full front & rear protection.","breadcrumb":{"@id":"https:\/\/covers4car.com\/product\/custom-fit-premium-leather-car-seat-covers-for-ford-f-150-raptor-pick-up-truck-front-rear-seat-protector-01\/#breadcrumb"},"inLanguage":"de-DE","potentialAction":[{"@type":"ReadAction","target":["https:\/\/covers4car.com\/product\/custom-fit-premium-leather-car-seat-covers-for-ford-f-150-raptor-pick-up-truck-front-rear-seat-protector-01\/"]}]},{"@type":"ImageObject","inLanguage":"de-DE","@id":"https:\/\/covers4car.com\/product\/custom-fit-premium-leather-car-seat-covers-for-ford-f-150-raptor-pick-up-truck-front-rear-seat-protector-01\/#primaryimage","url":"https:\/\/covers4car.com\/wp-content\/uploads\/2025\/11\/new_01-19.webp","contentUrl":"https:\/\/covers4car.com\/wp-content\/uploads\/2025\/11\/new_01-19.webp","width":1000,"height":1000},{"@type":"BreadcrumbList","@id":"https:\/\/covers4car.com\/product\/custom-fit-premium-leather-car-seat-covers-for-ford-f-150-raptor-pick-up-truck-front-rear-seat-protector-01\/#breadcrumb","itemListElement":[{"@type":"ListItem","position":1,"name":"Home","item":"https:\/\/covers4car.com\/"},{"@type":"ListItem","position":2,"name":"Shop","item":"https:\/\/covers4car.com\/shop\/"},{"@type":"ListItem","position":3,"name":"Custom Fit Premium Leather Car Seat Covers for Ford F-150 Raptor Pick-up Truck-Front &#038; Rear Seat Protector 01"}]},{"@type":"WebSite","@id":"https:\/\/covers4car.com\/#website","url":"https:\/\/covers4car.com\/","name":"Covers4Car","description":"Professionelle Sitzbez\u00fcge, ma\u00dfgeschneidert f\u00fcr Ihr Fahrzeug","publisher":{"@id":"https:\/\/covers4car.com\/#organization"},"potentialAction":[{"@type":"SearchAction","target":{"@type":"EntryPoint","urlTemplate":"https:\/\/covers4car.com\/?s={search_term_string}"},"query-input":{"@type":"PropertyValueSpecification","valueRequired":true,"valueName":"search_term_string"}}],"inLanguage":"de-DE"},{"@type":"Organization","@id":"https:\/\/covers4car.com\/#organization","name":"Covers4Car","url":"https:\/\/covers4car.com\/","logo":{"@type":"ImageObject","inLanguage":"de-DE","@id":"https:\/\/covers4car.com\/#\/schema\/logo\/image\/","url":"https:\/\/covers4car.com\/wp-content\/uploads\/2024\/11\/Asset-2@5x-copy.jpg","contentUrl":"https:\/\/covers4car.com\/wp-content\/uploads\/2024\/11\/Asset-2@5x-copy.jpg","width":877,"height":877,"caption":"Covers4Car"},"image":{"@id":"https:\/\/covers4car.com\/#\/schema\/logo\/image\/"},"sameAs":["https:\/\/www.facebook.com\/profile.php?id=61564533557142","https:\/\/x.com\/covers4carstore"]}]}},"_links":{"self":[{"href":"https:\/\/covers4car.com\/de\/wp-json\/wp\/v2\/product\/29301","targetHints":{"allow":["GET"]}}],"collection":[{"href":"https:\/\/covers4car.com\/de\/wp-json\/wp\/v2\/product"}],"about":[{"href":"https:\/\/covers4car.com\/de\/wp-json\/wp\/v2\/types\/product"}],"replies":[{"embeddable":true,"href":"https:\/\/covers4car.com\/de\/wp-json\/wp\/v2\/comments?post=29301"}],"version-history":[{"count":0,"href":"https:\/\/covers4car.com\/de\/wp-json\/wp\/v2\/product\/29301\/revisions"}],"wp:featuredmedia":[{"embeddable":true,"href":"https:\/\/covers4car.com\/de\/wp-json\/wp\/v2\/media\/29352"}],"wp:attachment":[{"href":"https:\/\/covers4car.com\/de\/wp-json\/wp\/v2\/media?parent=29301"}],"wp:term":[{"taxonomy":"product_brand","embeddable":true,"href":"https:\/\/covers4car.com\/de\/wp-json\/wp\/v2\/product_brand?post=29301"},{"taxonomy":"product_cat","embeddable":true,"href":"https:\/\/covers4car.com\/de\/wp-json\/wp\/v2\/product_cat?post=29301"},{"taxonomy":"product_tag","embeddable":true,"href":"https:\/\/covers4car.com\/de\/wp-json\/wp\/v2\/product_tag?post=29301"},{"taxonomy":"jet_color","embeddable":true,"href":"https:\/\/covers4car.com\/de\/wp-json\/wp\/v2\/jet_color?post=29301"},{"taxonomy":"jet_material","embeddable":true,"href":"https:\/\/covers4car.com\/de\/wp-json\/wp\/v2\/jet_material?post=29301"},{"taxonomy":"jet_coverage","embeddable":true,"href":"https:\/\/covers4car.com\/de\/wp-json\/wp\/v2\/jet_coverage?post=29301"}],"curies":[{"name":"wp","href":"https:\/\/api.w.org\/{rel}","templated":true}]}}