{"id":19897,"date":"2025-07-24T08:44:14","date_gmt":"2025-07-24T15:44:14","guid":{"rendered":"https:\/\/covers4car.com\/?page_id=19897"},"modified":"2025-07-24T11:01:38","modified_gmt":"2025-07-24T18:01:38","slug":"legal-information","status":"publish","type":"page","link":"https:\/\/covers4car.com\/es\/legal-information\/","title":{"rendered":"Informaci\u00f3n legal"},"content":{"rendered":"<h2 class=\"wp-block-heading\" id=\"h-\"><\/h2>\n\n\n\n<p>Esta secci\u00f3n proporciona informaci\u00f3n legal y de contacto esencial para <strong>Covers4Car<\/strong>.<\/p>\n\n\n\n<p><strong>Nombre de empresa:<\/strong> Gotouchup Inc. <\/p>\n\n\n\n<p><strong>Nombre comercial:<\/strong> Covers4Car <\/p>\n\n\n\n<p><strong>N\u00famero de empresa (EIN):<\/strong> 38-4326041 <\/p>\n\n\n\n<p><strong>DIRECCI\u00d3N:<\/strong> 3422 Old Capitol Trl Ste 4001, Wilmington, DE 19808, Estados Unidos <\/p>\n\n\n\n<p><strong>Tel\u00e9fono:<\/strong> <a href=\"tel:+1 (619) 534-4662\">+1 (619) 534-4662 <\/a><\/p>\n\n\n\n<p><strong>Correo electr\u00f3nico:<\/strong> <a href=\"mailto:support@covers4car.com\">soporte@covers4car.com<\/a><\/p>\n\n\n\n<p><strong>Descargo de responsabilidad:<\/strong> La informaci\u00f3n proporcionada en esta p\u00e1gina es solo para fines informativos generales y est\u00e1 sujeta a cambios sin previo aviso. Si bien nos esforzamos por mantener la informaci\u00f3n precisa y actualizada, no ofrecemos garant\u00edas de ning\u00fan tipo, expresas o impl\u00edcitas, sobre la integridad, exactitud, fiabilidad, idoneidad o disponibilidad del sitio web ni de la informaci\u00f3n, los productos, los servicios o los gr\u00e1ficos relacionados que contiene para ning\u00fan prop\u00f3sito. Por lo tanto, cualquier confianza que usted deposite en dicha informaci\u00f3n es bajo su propio riesgo.<\/p>\n\n\n\n<p><\/p>","protected":false},"excerpt":{"rendered":"<p>Esta secci\u00f3n proporciona informaci\u00f3n legal y de contacto esencial para Covers4Car. Nombre de la empresa: Gotouchup Inc. Nombre comercial: Covers4Car N\u00famero de identificaci\u00f3n fiscal (EIN):<\/p>","protected":false},"author":1509,"featured_media":0,"parent":0,"menu_order":0,"comment_status":"closed","ping_status":"closed","template":"","meta":{"_acf_changed":false,"_monsterinsights_skip_tracking":false,"_monsterinsights_sitenote_active":false,"_monsterinsights_sitenote_note":"","_monsterinsights_sitenote_category":0,"footnotes":""},"class_list":["post-19897","page","type-page","status-publish","hentry"],"acf":[],"yoast_head":"<!-- This site is optimized with the Yoast SEO Premium plugin v26.4 (Yoast SEO v26.4) - https:\/\/yoast.com\/wordpress\/plugins\/seo\/ -->\n<title>Legal Information - Covers4Car<\/title>\n<meta name=\"description\" content=\"Legal Information This section provides essential legal and contact information for Covers4Car. Company Name: Gotouchup Inc. Trade Name: Covers4Car Company Number (EIN):\" \/>\n<meta name=\"robots\" content=\"index, follow, max-snippet:-1, max-image-preview:large, max-video-preview:-1\" \/>\n<link rel=\"canonical\" href=\"https:\/\/covers4car.com\/es\/legal-information\/\" \/>\n<meta property=\"og:locale\" content=\"es_ES\" \/>\n<meta property=\"og:type\" content=\"article\" \/>\n<meta property=\"og:title\" content=\"Legal Information\" \/>\n<meta property=\"og:description\" content=\"Legal Information This section provides essential legal and contact information for Covers4Car. Company Name: Gotouchup Inc. Trade Name: Covers4Car Company Number (EIN):\" \/>\n<meta property=\"og:url\" content=\"https:\/\/covers4car.com\/es\/legal-information\/\" \/>\n<meta property=\"og:site_name\" content=\"Covers4Car\" \/>\n<meta property=\"article:publisher\" content=\"https:\/\/www.facebook.com\/profile.php?id=61564533557142\" \/>\n<meta property=\"article:modified_time\" content=\"2025-07-24T18:01:38+00:00\" \/>\n<meta name=\"twitter:card\" content=\"summary_large_image\" \/>\n<meta name=\"twitter:site\" content=\"@covers4carstore\" \/>\n<meta name=\"twitter:label1\" content=\"Tiempo de lectura\" \/>\n\t<meta name=\"twitter:data1\" content=\"1 minuto\" \/>\n<script type=\"application\/ld+json\" class=\"yoast-schema-graph\">{\"@context\":\"https:\/\/schema.org\",\"@graph\":[{\"@type\":\"WebPage\",\"@id\":\"https:\/\/covers4car.com\/legal-information\/\",\"url\":\"https:\/\/covers4car.com\/legal-information\/\",\"name\":\"Legal Information - Covers4Car\",\"isPartOf\":{\"@id\":\"https:\/\/covers4car.com\/#website\"},\"datePublished\":\"2025-07-24T15:44:14+00:00\",\"dateModified\":\"2025-07-24T18:01:38+00:00\",\"description\":\"Legal Information This section provides essential legal and contact information for Covers4Car. Company Name: Gotouchup Inc. Trade Name: Covers4Car Company Number (EIN):\",\"breadcrumb\":{\"@id\":\"https:\/\/covers4car.com\/legal-information\/#breadcrumb\"},\"inLanguage\":\"es\",\"potentialAction\":[{\"@type\":\"ReadAction\",\"target\":[\"https:\/\/covers4car.com\/legal-information\/\"]}]},{\"@type\":\"BreadcrumbList\",\"@id\":\"https:\/\/covers4car.com\/legal-information\/#breadcrumb\",\"itemListElement\":[{\"@type\":\"ListItem\",\"position\":1,\"name\":\"Home\",\"item\":\"https:\/\/covers4car.com\/\"},{\"@type\":\"ListItem\",\"position\":2,\"name\":\"Legal Information\"}]},{\"@type\":\"WebSite\",\"@id\":\"https:\/\/covers4car.com\/#website\",\"url\":\"https:\/\/covers4car.com\/\",\"name\":\"Covers4Car\",\"description\":\"Professional Seat Covers Tailored for Your Vehicle\",\"publisher\":{\"@id\":\"https:\/\/covers4car.com\/#organization\"},\"potentialAction\":[{\"@type\":\"SearchAction\",\"target\":{\"@type\":\"EntryPoint\",\"urlTemplate\":\"https:\/\/covers4car.com\/?s={search_term_string}\"},\"query-input\":{\"@type\":\"PropertyValueSpecification\",\"valueRequired\":true,\"valueName\":\"search_term_string\"}}],\"inLanguage\":\"es\"},{\"@type\":\"Organization\",\"@id\":\"https:\/\/covers4car.com\/#organization\",\"name\":\"Covers4Car\",\"url\":\"https:\/\/covers4car.com\/\",\"logo\":{\"@type\":\"ImageObject\",\"inLanguage\":\"es\",\"@id\":\"https:\/\/covers4car.com\/#\/schema\/logo\/image\/\",\"url\":\"https:\/\/covers4car.com\/wp-content\/uploads\/2024\/11\/Asset-2@5x-copy.jpg\",\"contentUrl\":\"https:\/\/covers4car.com\/wp-content\/uploads\/2024\/11\/Asset-2@5x-copy.jpg\",\"width\":877,\"height\":877,\"caption\":\"Covers4Car\"},\"image\":{\"@id\":\"https:\/\/covers4car.com\/#\/schema\/logo\/image\/\"},\"sameAs\":[\"https:\/\/www.facebook.com\/profile.php?id=61564533557142\",\"https:\/\/x.com\/covers4carstore\"]}]}<\/script>\n<!-- \/ Yoast SEO Premium plugin. -->","yoast_head_json":{"title":"Informaci\u00f3n legal - Covers4Car","description":"Informaci\u00f3n legal Esta secci\u00f3n proporciona informaci\u00f3n legal y de contacto esencial para Covers4Car. Nombre de la empresa: Gotouchup Inc. Nombre comercial: Covers4Car N\u00famero de empresa (EIN):","robots":{"index":"index","follow":"follow","max-snippet":"max-snippet:-1","max-image-preview":"max-image-preview:large","max-video-preview":"max-video-preview:-1"},"canonical":"https:\/\/covers4car.com\/es\/legal-information\/","og_locale":"es_ES","og_type":"article","og_title":"Legal Information","og_description":"Legal Information This section provides essential legal and contact information for Covers4Car. Company Name: Gotouchup Inc. Trade Name: Covers4Car Company Number (EIN):","og_url":"https:\/\/covers4car.com\/es\/legal-information\/","og_site_name":"Covers4Car","article_publisher":"https:\/\/www.facebook.com\/profile.php?id=61564533557142","article_modified_time":"2025-07-24T18:01:38+00:00","twitter_card":"summary_large_image","twitter_site":"@covers4carstore","twitter_misc":{"Tiempo de lectura":"1 minuto"},"schema":{"@context":"https:\/\/schema.org","@graph":[{"@type":"WebPage","@id":"https:\/\/covers4car.com\/legal-information\/","url":"https:\/\/covers4car.com\/legal-information\/","name":"Informaci\u00f3n legal - Covers4Car","isPartOf":{"@id":"https:\/\/covers4car.com\/#website"},"datePublished":"2025-07-24T15:44:14+00:00","dateModified":"2025-07-24T18:01:38+00:00","description":"Informaci\u00f3n legal Esta secci\u00f3n proporciona informaci\u00f3n legal y de contacto esencial para Covers4Car. Nombre de la empresa: Gotouchup Inc. Nombre comercial: Covers4Car N\u00famero de empresa (EIN):","breadcrumb":{"@id":"https:\/\/covers4car.com\/legal-information\/#breadcrumb"},"inLanguage":"es","potentialAction":[{"@type":"ReadAction","target":["https:\/\/covers4car.com\/legal-information\/"]}]},{"@type":"BreadcrumbList","@id":"https:\/\/covers4car.com\/legal-information\/#breadcrumb","itemListElement":[{"@type":"ListItem","position":1,"name":"Home","item":"https:\/\/covers4car.com\/"},{"@type":"ListItem","position":2,"name":"Legal Information"}]},{"@type":"WebSite","@id":"https:\/\/covers4car.com\/#website","url":"https:\/\/covers4car.com\/","name":"Covers4Car","description":"Fundas de asiento profesionales a medida para su veh\u00edculo","publisher":{"@id":"https:\/\/covers4car.com\/#organization"},"potentialAction":[{"@type":"SearchAction","target":{"@type":"EntryPoint","urlTemplate":"https:\/\/covers4car.com\/?s={search_term_string}"},"query-input":{"@type":"PropertyValueSpecification","valueRequired":true,"valueName":"search_term_string"}}],"inLanguage":"es"},{"@type":"Organization","@id":"https:\/\/covers4car.com\/#organization","name":"Covers4Car","url":"https:\/\/covers4car.com\/","logo":{"@type":"ImageObject","inLanguage":"es","@id":"https:\/\/covers4car.com\/#\/schema\/logo\/image\/","url":"https:\/\/covers4car.com\/wp-content\/uploads\/2024\/11\/Asset-2@5x-copy.jpg","contentUrl":"https:\/\/covers4car.com\/wp-content\/uploads\/2024\/11\/Asset-2@5x-copy.jpg","width":877,"height":877,"caption":"Covers4Car"},"image":{"@id":"https:\/\/covers4car.com\/#\/schema\/logo\/image\/"},"sameAs":["https:\/\/www.facebook.com\/profile.php?id=61564533557142","https:\/\/x.com\/covers4carstore"]}]}},"_links":{"self":[{"href":"https:\/\/covers4car.com\/es\/wp-json\/wp\/v2\/pages\/19897","targetHints":{"allow":["GET"]}}],"collection":[{"href":"https:\/\/covers4car.com\/es\/wp-json\/wp\/v2\/pages"}],"about":[{"href":"https:\/\/covers4car.com\/es\/wp-json\/wp\/v2\/types\/page"}],"author":[{"embeddable":true,"href":"https:\/\/covers4car.com\/es\/wp-json\/wp\/v2\/users\/1509"}],"replies":[{"embeddable":true,"href":"https:\/\/covers4car.com\/es\/wp-json\/wp\/v2\/comments?post=19897"}],"version-history":[{"count":0,"href":"https:\/\/covers4car.com\/es\/wp-json\/wp\/v2\/pages\/19897\/revisions"}],"wp:attachment":[{"href":"https:\/\/covers4car.com\/es\/wp-json\/wp\/v2\/media?parent=19897"}],"curies":[{"name":"gracias","href":"https:\/\/api.w.org\/{rel}","templated":true}]}}