{"id":20485,"date":"2025-08-21T02:50:53","date_gmt":"2025-08-21T09:50:53","guid":{"rendered":"https:\/\/covers4car.com\/?post_type=product&#038;p=20485"},"modified":"2026-04-05T02:10:36","modified_gmt":"2026-04-05T09:10:36","slug":"all-inclusive-seat-for-5-seat-tesla-model-3-2018-2023","status":"publish","type":"product","link":"https:\/\/covers4car.com\/es\/producto\/all-inclusive-seat-for-5-seat-tesla-model-3-2018-2023\/","title":{"rendered":"Funda de asiento personalizada con todo incluido para modelos de 5 plazas Tesla y Model (2018-2023)"},"content":{"rendered":"<p><iframe title=\"Reproductor de v\u00eddeo de YouTube\" src=\"https:\/\/www.youtube.com\/embed\/COmsQvOYHhw?si=hvbW41QFMxbAolNh\" width=\"560\" height=\"315\" frameborder=\"0\" allowfullscreen=\"allowfullscreen\"><\/iframe><br \/>\nTransforme su experiencia de conducci\u00f3n con la funda Covers4carAll-Inclusive 2018-2023 Model 3 5 para asientos Tesla, meticulosamente elaborada para brindar elegancia de estilo de f\u00e1brica, durabilidad superior, protecci\u00f3n integral y comodidad personalizable, lo que garantiza que su Tesla se mantenga elegante y c\u00f3modo durante los pr\u00f3ximos a\u00f1os al tiempo que mejora su valor de reventa.<\/p>\n<ul>\n<li><strong>Tenga en cuenta: el estilo diamante de cuero Nappa y el estilo diamante de cuero est\u00e1ndar vienen sin perforaciones transpirables, ya que los dise\u00f1os perforados transpirables afectar\u00edan el aspecto general de las fundas de los asientos.<\/strong><\/li>\n<li>Ajuste perfecto estilo f\u00e1brica: dise\u00f1ado para combinar con el aspecto lujoso de los asientos de f\u00e1brica de Tesla, lo que garantiza un ajuste perfecto y un atractivo est\u00e9tico.<\/li>\n<\/ul>\n<p><img fetchpriority=\"high\" decoding=\"async\" class=\"wd-lazy-fade alignnone size-full wp-image-10042\" src=\"https:\/\/covers4car.com\/wp-content\/themes\/woodmart\/images\/lazy.svg\" data-src=\"https:\/\/covers4car.com\/wp-content\/uploads\/2024\/11\/01.jpg\" alt=\"\" width=\"750\" height=\"463\" srcset=\"\" data-srcset=\"https:\/\/covers4car.com\/wp-content\/uploads\/2024\/11\/01.jpg 750w, https:\/\/covers4car.com\/wp-content\/uploads\/2024\/11\/01-148x91.jpg 148w, https:\/\/covers4car.com\/wp-content\/uploads\/2024\/11\/01-300x185.jpg 300w\" sizes=\"(max-width: 750px) 100vw, 750px\" \/><\/p>\n<p><img decoding=\"async\" class=\"wd-lazy-fade alignnone size-full wp-image-10046\" src=\"https:\/\/covers4car.com\/wp-content\/themes\/woodmart\/images\/lazy.svg\" data-src=\"https:\/\/covers4car.com\/wp-content\/uploads\/2024\/11\/A2_8855e6be-5b70-4823-a124-d447549d8c4d.jpg\" alt=\"\" width=\"750\" height=\"463\" srcset=\"\" data-srcset=\"https:\/\/covers4car.com\/wp-content\/uploads\/2024\/11\/A2_8855e6be-5b70-4823-a124-d447549d8c4d.jpg 750w, https:\/\/covers4car.com\/wp-content\/uploads\/2024\/11\/A2_8855e6be-5b70-4823-a124-d447549d8c4d-148x91.jpg 148w, https:\/\/covers4car.com\/wp-content\/uploads\/2024\/11\/A2_8855e6be-5b70-4823-a124-d447549d8c4d-300x185.jpg 300w\" sizes=\"(max-width: 750px) 100vw, 750px\" \/><\/p>\n<p><img decoding=\"async\" class=\"wd-lazy-fade alignnone size-full wp-image-10047\" src=\"https:\/\/covers4car.com\/wp-content\/themes\/woodmart\/images\/lazy.svg\" data-src=\"https:\/\/covers4car.com\/wp-content\/uploads\/2024\/11\/A3_9429b3ae-1351-4f18-a89f-c6c862338a9b.jpg\" alt=\"\" width=\"750\" height=\"463\" srcset=\"\" data-srcset=\"https:\/\/covers4car.com\/wp-content\/uploads\/2024\/11\/A3_9429b3ae-1351-4f18-a89f-c6c862338a9b.jpg 750w, https:\/\/covers4car.com\/wp-content\/uploads\/2024\/11\/A3_9429b3ae-1351-4f18-a89f-c6c862338a9b-148x91.jpg 148w, https:\/\/covers4car.com\/wp-content\/uploads\/2024\/11\/A3_9429b3ae-1351-4f18-a89f-c6c862338a9b-300x185.jpg 300w\" sizes=\"(max-width: 750px) 100vw, 750px\" \/><\/p>\n<ul>\n<li>Mayor durabilidad: fabricado con materiales duraderos con una superficie suave y transpirable que es f\u00e1cil de limpiar y mantiene la comodidad en todas las estaciones.<\/li>\n<\/ul>\n<p><img loading=\"lazy\" decoding=\"async\" class=\"wd-lazy-fade alignnone size-full wp-image-10043\" src=\"https:\/\/covers4car.com\/wp-content\/themes\/woodmart\/images\/lazy.svg\" data-src=\"https:\/\/covers4car.com\/wp-content\/uploads\/2024\/11\/7_6fc764b9-134c-405f-ae69-5fb20a3db79e.jpg\" alt=\"\" width=\"750\" height=\"750\" srcset=\"\" data-srcset=\"https:\/\/covers4car.com\/wp-content\/uploads\/2024\/11\/7_6fc764b9-134c-405f-ae69-5fb20a3db79e.jpg 750w, https:\/\/covers4car.com\/wp-content\/uploads\/2024\/11\/7_6fc764b9-134c-405f-ae69-5fb20a3db79e-600x600.jpg 600w, https:\/\/covers4car.com\/wp-content\/uploads\/2024\/11\/7_6fc764b9-134c-405f-ae69-5fb20a3db79e-148x148.jpg 148w, https:\/\/covers4car.com\/wp-content\/uploads\/2024\/11\/7_6fc764b9-134c-405f-ae69-5fb20a3db79e-300x300.jpg 300w, https:\/\/covers4car.com\/wp-content\/uploads\/2024\/11\/7_6fc764b9-134c-405f-ae69-5fb20a3db79e-150x150.jpg 150w\" sizes=\"(max-width: 750px) 100vw, 750px\" \/><\/p>\n<ul>\n<li>Seguridad para conducir: Cuenta con aberturas de bolsas de aire reservadas para mayor seguridad y tranquilidad.<\/li>\n<\/ul>\n<p><a href=\"https:\/\/covers4car.com\/wp-content\/uploads\/2025\/08\/5-7.webp\"><img loading=\"lazy\" decoding=\"async\" class=\"wd-lazy-fade alignnone size-full wp-image-21732\" src=\"https:\/\/covers4car.com\/wp-content\/themes\/woodmart\/images\/lazy.svg\" data-src=\"https:\/\/covers4car.com\/wp-content\/uploads\/2025\/08\/5-7.webp\" alt=\"\" width=\"1000\" height=\"1000\" srcset=\"\" data-srcset=\"https:\/\/covers4car.com\/wp-content\/uploads\/2025\/08\/5-7.webp 1000w, https:\/\/covers4car.com\/wp-content\/uploads\/2025\/08\/5-7-300x300.webp 300w, https:\/\/covers4car.com\/wp-content\/uploads\/2025\/08\/5-7-150x150.webp 150w, https:\/\/covers4car.com\/wp-content\/uploads\/2025\/08\/5-7-768x768.webp 768w, https:\/\/covers4car.com\/wp-content\/uploads\/2025\/08\/5-7-12x12.webp 12w, https:\/\/covers4car.com\/wp-content\/uploads\/2025\/08\/5-7-600x600.webp 600w, https:\/\/covers4car.com\/wp-content\/uploads\/2025\/08\/5-7-148x148.webp 148w, https:\/\/covers4car.com\/wp-content\/uploads\/2025\/08\/5-7-50x50.webp 50w, https:\/\/covers4car.com\/wp-content\/uploads\/2025\/08\/5-7-100x100.webp 100w\" sizes=\"(max-width: 1000px) 100vw, 1000px\" \/><\/a><\/p>\n<ul>\n<li>Protecci\u00f3n integral: brinda una cobertura de 360\u00b0 para proteger sus asientos Tesla Model de la suciedad, las manchas, las abrasiones y el desgaste causado por las mascotas o los ni\u00f1os, manteni\u00e9ndolos impecables. Las huellas de barro de las mascotas y las bebidas que beben los ni\u00f1os se pueden limpiar r\u00e1pidamente con una toalla, lo que hace que sus asientos luzcan como nuevos.<\/li>\n<\/ul>\n<p><img loading=\"lazy\" decoding=\"async\" class=\"wd-lazy-fade alignnone size-full wp-image-10048\" src=\"https:\/\/covers4car.com\/wp-content\/themes\/woodmart\/images\/lazy.svg\" data-src=\"https:\/\/covers4car.com\/wp-content\/uploads\/2024\/11\/A4_a7f33a7e-b5d8-4877-b302-171eb64df151.jpg\" alt=\"\" width=\"750\" height=\"463\" srcset=\"\" data-srcset=\"https:\/\/covers4car.com\/wp-content\/uploads\/2024\/11\/A4_a7f33a7e-b5d8-4877-b302-171eb64df151.jpg 750w, https:\/\/covers4car.com\/wp-content\/uploads\/2024\/11\/A4_a7f33a7e-b5d8-4877-b302-171eb64df151-148x91.jpg 148w, https:\/\/covers4car.com\/wp-content\/uploads\/2024\/11\/A4_a7f33a7e-b5d8-4877-b302-171eb64df151-300x185.jpg 300w\" sizes=\"(max-width: 750px) 100vw, 750px\" \/><\/p>\n<ul>\n<li>Longevidad y valor de reventa: extiende la vida \u00fatil de sus asientos Tesla por 5 a 6 a\u00f1os, protegi\u00e9ndolos de da\u00f1os y preservando el potencial de reventa del veh\u00edculo.<\/li>\n<\/ul>\n<p><img loading=\"lazy\" decoding=\"async\" class=\"wd-lazy-fade alignnone size-full wp-image-10050\" src=\"https:\/\/covers4car.com\/wp-content\/themes\/woodmart\/images\/lazy.svg\" data-src=\"https:\/\/covers4car.com\/wp-content\/uploads\/2024\/11\/B6_dd615875-ce16-4f9a-a1c1-f298f3c03383.jpg\" alt=\"\" width=\"750\" height=\"463\" srcset=\"\" data-srcset=\"https:\/\/covers4car.com\/wp-content\/uploads\/2024\/11\/B6_dd615875-ce16-4f9a-a1c1-f298f3c03383.jpg 750w, https:\/\/covers4car.com\/wp-content\/uploads\/2024\/11\/B6_dd615875-ce16-4f9a-a1c1-f298f3c03383-148x91.jpg 148w, https:\/\/covers4car.com\/wp-content\/uploads\/2024\/11\/B6_dd615875-ce16-4f9a-a1c1-f298f3c03383-300x185.jpg 300w\" sizes=\"(max-width: 750px) 100vw, 750px\" \/><\/p>\n<ul>\n<li>C\u00f3modo en viajes largos: experimente una comodidad incomparable en viajes largos con nuestras fundas de asiento personalizadas y todo incluido, dise\u00f1adas para brindar una amortiguaci\u00f3n y un soporte superiores, lo que garantiza que se mantenga relajado y c\u00f3modo sin importar qu\u00e9 tan lejos viaje.<\/li>\n<\/ul>\n<p><img loading=\"lazy\" decoding=\"async\" class=\"wd-lazy-fade alignnone size-full wp-image-10049\" src=\"https:\/\/covers4car.com\/wp-content\/themes\/woodmart\/images\/lazy.svg\" data-src=\"https:\/\/covers4car.com\/wp-content\/uploads\/2024\/11\/A5_439d7976-5d38-4d1f-9c7f-1edda6314879.jpg\" alt=\"\" width=\"750\" height=\"463\" srcset=\"\" data-srcset=\"https:\/\/covers4car.com\/wp-content\/uploads\/2024\/11\/A5_439d7976-5d38-4d1f-9c7f-1edda6314879.jpg 750w, https:\/\/covers4car.com\/wp-content\/uploads\/2024\/11\/A5_439d7976-5d38-4d1f-9c7f-1edda6314879-148x91.jpg 148w, https:\/\/covers4car.com\/wp-content\/uploads\/2024\/11\/A5_439d7976-5d38-4d1f-9c7f-1edda6314879-300x185.jpg 300w\" sizes=\"(max-width: 750px) 100vw, 750px\" \/><\/p>\n<ul>\n<li>M\u00faltiples colores: Disponible en varios colores con opciones de combinaciones de colores de dos tonos, lo que le permite personalizar el interior de su Model 3.<\/li>\n<\/ul>\n<p><img loading=\"lazy\" decoding=\"async\" class=\"wd-lazy-fade alignnone size-full wp-image-10099\" src=\"https:\/\/covers4car.com\/wp-content\/themes\/woodmart\/images\/lazy.svg\" data-src=\"https:\/\/covers4car.com\/wp-content\/uploads\/2024\/11\/750-888.jpg\" alt=\"\" width=\"750\" height=\"750\" srcset=\"\" data-srcset=\"https:\/\/covers4car.com\/wp-content\/uploads\/2024\/11\/750-888.jpg 750w, https:\/\/covers4car.com\/wp-content\/uploads\/2024\/11\/750-888-600x600.jpg 600w, https:\/\/covers4car.com\/wp-content\/uploads\/2024\/11\/750-888-148x148.jpg 148w, https:\/\/covers4car.com\/wp-content\/uploads\/2024\/11\/750-888-300x300.jpg 300w, https:\/\/covers4car.com\/wp-content\/uploads\/2024\/11\/750-888-150x150.jpg 150w\" sizes=\"(max-width: 750px) 100vw, 750px\" \/><\/p>\n<p><strong>Compatible con: Model 3 2018-2023 (no compatible con Model 3 Highland)<\/strong><\/p>\n<p><strong>Conjunto completo (asientos delanteros y traseros):<\/strong><\/p>\n<ul>\n<li>2x fundas para asientos delanteros<\/li>\n<li>1x funda para reposabrazos<\/li>\n<li>1x funda completa para asiento trasero<\/li>\n<\/ul>\n<p><strong>Solo asientos delanteros<\/strong><\/p>\n<ul>\n<li>2x fundas para asientos delanteros<\/li>\n<li>1x funda para reposabrazos<\/li>\n<\/ul>\n<p><strong>Solo asientos traseros<\/strong><\/p>\n<ul>\n<li>1x funda completa para asiento trasero<\/li>\n<\/ul>\n<p><strong>Gu\u00eda de instalaci\u00f3n:<\/strong><br \/>\n<iframe title=\"Reproductor de v\u00eddeo de YouTube\" src=\"https:\/\/www.youtube.com\/embed\/W46RN7fb1Rg?si=KSwnVbty6iQcvaxn\" width=\"560\" height=\"315\" frameborder=\"0\" allowfullscreen=\"allowfullscreen\"><span data-mce-type=\"bookmark\" style=\"display: inline-block; width: 0px; overflow: hidden; line-height: 0;\" class=\"mce_SELRES_start\">?<\/span><\/iframe><br \/>\n<iframe title=\"Reproductor de v\u00eddeo de YouTube\" src=\"https:\/\/www.youtube.com\/embed\/mHfcbLZHCb4?si=CRy_rU7-WvIRHeDg\" width=\"560\" height=\"315\" frameborder=\"0\" allowfullscreen=\"allowfullscreen\"><\/iframe><\/p>","protected":false},"excerpt":{"rendered":"<p>Transforme su experiencia de conducci\u00f3n con la funda de asiento All-Inclusive 2018-2023 Model 3 5 para Tesla de Covers4car, dise\u00f1ada meticulosamente para brindar elegancia estilo f\u00e1brica.,<\/p>","protected":false},"featured_media":21754,"comment_status":"open","ping_status":"closed","template":"","meta":{"_acf_changed":false,"_monsterinsights_skip_tracking":false,"_monsterinsights_sitenote_active":false,"_monsterinsights_sitenote_note":"","_monsterinsights_sitenote_category":0},"product_brand":[],"product_cat":[124,87,22971],"product_tag":[55004],"jet_color":[],"jet_material":[],"jet_coverage":[],"class_list":{"0":"post-20485","1":"product","2":"type-product","3":"status-publish","4":"has-post-thumbnail","6":"product_cat-seat-cover","7":"product_cat-seat-cover-for-tesla","8":"product_cat-seat-cover-for-tesla-model-3","9":"product_tag-fit-model-3","11":"first","12":"instock","13":"shipping-taxable","14":"purchasable","15":"product-type-variable","16":"has-default-attributes","17":"wvs-archive-product-wrapper"},"acf":[],"yoast_head":"<!-- This site is optimized with the Yoast SEO Premium plugin v26.4 (Yoast SEO v26.4) - https:\/\/yoast.com\/wordpress\/plugins\/seo\/ -->\n<title>All-Inclusive Tesla Model 3 Seat Covers 2018-2023 | Custom Fit<\/title>\n<meta name=\"description\" content=\"Upgrade your Tesla Model 3 (2018-2023) with all-inclusive custom-fit seat covers. Durable, stylish, and factory-style comfort with free shipping.\" \/>\n<meta name=\"robots\" content=\"index, follow, max-snippet:-1, max-image-preview:large, max-video-preview:-1\" \/>\n<link rel=\"canonical\" href=\"https:\/\/covers4car.com\/es\/all-inclusive-seat-for-5-seat-tesla-model-3-2018-2023\/\" \/>\n<meta property=\"og:locale\" content=\"es_ES\" \/>\n<meta property=\"og:type\" content=\"article\" \/>\n<meta property=\"og:title\" content=\"All-Inclusive Custom-Fit Seat Cover for 5 Seat Tesla Model 3 2018-2023\" \/>\n<meta property=\"og:description\" content=\"Upgrade your Tesla Model 3 (2018-2023) with all-inclusive custom-fit seat covers. Durable, stylish, and factory-style comfort with free shipping.\" \/>\n<meta property=\"og:url\" content=\"https:\/\/covers4car.com\/es\/all-inclusive-seat-for-5-seat-tesla-model-3-2018-2023\/\" \/>\n<meta property=\"og:site_name\" content=\"Covers4Car\" \/>\n<meta property=\"article:publisher\" content=\"https:\/\/www.facebook.com\/profile.php?id=61564533557142\" \/>\n<meta property=\"article:modified_time\" content=\"2026-04-05T09:10:36+00:00\" \/>\n<meta property=\"og:image\" content=\"https:\/\/covers4car.com\/wp-content\/uploads\/2025\/08\/1-1-3.webp\" \/>\n\t<meta property=\"og:image:width\" content=\"1000\" \/>\n\t<meta property=\"og:image:height\" content=\"1000\" \/>\n\t<meta property=\"og:image:type\" content=\"image\/webp\" \/>\n<meta name=\"twitter:card\" content=\"summary_large_image\" \/>\n<meta name=\"twitter:site\" content=\"@covers4carstore\" \/>\n<meta name=\"twitter:label1\" content=\"Tiempo de lectura\" \/>\n\t<meta name=\"twitter:data1\" content=\"4 minutos\" \/>\n<script type=\"application\/ld+json\" class=\"yoast-schema-graph\">{\"@context\":\"https:\/\/schema.org\",\"@graph\":[{\"@type\":\"WebPage\",\"@id\":\"https:\/\/covers4car.com\/product\/all-inclusive-seat-for-5-seat-tesla-model-3-2018-2023\/\",\"url\":\"https:\/\/covers4car.com\/all-inclusive-seat-for-5-seat-tesla-model-3-2018-2023\/\",\"name\":\"All-Inclusive Tesla Model 3 Seat Covers 2018-2023 | Custom Fit\",\"isPartOf\":{\"@id\":\"https:\/\/covers4car.com\/#website\"},\"primaryImageOfPage\":{\"@id\":\"https:\/\/covers4car.com\/all-inclusive-seat-for-5-seat-tesla-model-3-2018-2023\/#primaryimage\"},\"image\":{\"@id\":\"https:\/\/covers4car.com\/all-inclusive-seat-for-5-seat-tesla-model-3-2018-2023\/#primaryimage\"},\"thumbnailUrl\":\"https:\/\/covers4car.com\/wp-content\/uploads\/2025\/08\/1-1-3.webp\",\"datePublished\":\"2025-08-21T09:50:53+00:00\",\"dateModified\":\"2026-04-05T09:10:36+00:00\",\"description\":\"Upgrade your Tesla Model 3 (2018-2023) with all-inclusive custom-fit seat covers. Durable, stylish, and factory-style comfort with free shipping.\",\"breadcrumb\":{\"@id\":\"https:\/\/covers4car.com\/all-inclusive-seat-for-5-seat-tesla-model-3-2018-2023\/#breadcrumb\"},\"inLanguage\":\"es\",\"potentialAction\":[{\"@type\":\"ReadAction\",\"target\":[\"https:\/\/covers4car.com\/all-inclusive-seat-for-5-seat-tesla-model-3-2018-2023\/\"]}]},{\"@type\":\"ImageObject\",\"inLanguage\":\"es\",\"@id\":\"https:\/\/covers4car.com\/all-inclusive-seat-for-5-seat-tesla-model-3-2018-2023\/#primaryimage\",\"url\":\"https:\/\/covers4car.com\/wp-content\/uploads\/2025\/08\/1-1-3.webp\",\"contentUrl\":\"https:\/\/covers4car.com\/wp-content\/uploads\/2025\/08\/1-1-3.webp\",\"width\":1000,\"height\":1000},{\"@type\":\"BreadcrumbList\",\"@id\":\"https:\/\/covers4car.com\/all-inclusive-seat-for-5-seat-tesla-model-3-2018-2023\/#breadcrumb\",\"itemListElement\":[{\"@type\":\"ListItem\",\"position\":1,\"name\":\"Home\",\"item\":\"https:\/\/covers4car.com\/\"},{\"@type\":\"ListItem\",\"position\":2,\"name\":\"Shop\",\"item\":\"https:\/\/covers4car.com\/shop\/\"},{\"@type\":\"ListItem\",\"position\":3,\"name\":\"All-Inclusive Custom-Fit Seat Cover for 5 Seat Tesla Model 3 2018-2023\"}]},{\"@type\":\"WebSite\",\"@id\":\"https:\/\/covers4car.com\/#website\",\"url\":\"https:\/\/covers4car.com\/\",\"name\":\"Covers4Car\",\"description\":\"Professional Seat Covers Tailored for Your Vehicle\",\"publisher\":{\"@id\":\"https:\/\/covers4car.com\/#organization\"},\"potentialAction\":[{\"@type\":\"SearchAction\",\"target\":{\"@type\":\"EntryPoint\",\"urlTemplate\":\"https:\/\/covers4car.com\/?s={search_term_string}\"},\"query-input\":{\"@type\":\"PropertyValueSpecification\",\"valueRequired\":true,\"valueName\":\"search_term_string\"}}],\"inLanguage\":\"es\"},{\"@type\":\"Organization\",\"@id\":\"https:\/\/covers4car.com\/#organization\",\"name\":\"Covers4Car\",\"url\":\"https:\/\/covers4car.com\/\",\"logo\":{\"@type\":\"ImageObject\",\"inLanguage\":\"es\",\"@id\":\"https:\/\/covers4car.com\/#\/schema\/logo\/image\/\",\"url\":\"https:\/\/covers4car.com\/wp-content\/uploads\/2024\/11\/Asset-2@5x-copy.jpg\",\"contentUrl\":\"https:\/\/covers4car.com\/wp-content\/uploads\/2024\/11\/Asset-2@5x-copy.jpg\",\"width\":877,\"height\":877,\"caption\":\"Covers4Car\"},\"image\":{\"@id\":\"https:\/\/covers4car.com\/#\/schema\/logo\/image\/\"},\"sameAs\":[\"https:\/\/www.facebook.com\/profile.php?id=61564533557142\",\"https:\/\/x.com\/covers4carstore\"]}]}<\/script>\n<!-- \/ Yoast SEO Premium plugin. -->","yoast_head_json":{"title":"Fundas de asiento Tesla y Model con todo incluido (2018-2023) | Ajuste personalizado","description":"Mejora tu Tesla Model 3 (2018-2023) con fundas de asiento personalizadas con todo incluido. Duraderas, elegantes y con la comodidad de f\u00e1brica, con env\u00edo gratis.","robots":{"index":"index","follow":"follow","max-snippet":"max-snippet:-1","max-image-preview":"max-image-preview:large","max-video-preview":"max-video-preview:-1"},"canonical":"https:\/\/covers4car.com\/es\/all-inclusive-seat-for-5-seat-tesla-model-3-2018-2023\/","og_locale":"es_ES","og_type":"article","og_title":"All-Inclusive Custom-Fit Seat Cover for 5 Seat Tesla Model 3 2018-2023","og_description":"Upgrade your Tesla Model 3 (2018-2023) with all-inclusive custom-fit seat covers. Durable, stylish, and factory-style comfort with free shipping.","og_url":"https:\/\/covers4car.com\/es\/all-inclusive-seat-for-5-seat-tesla-model-3-2018-2023\/","og_site_name":"Covers4Car","article_publisher":"https:\/\/www.facebook.com\/profile.php?id=61564533557142","article_modified_time":"2026-04-05T09:10:36+00:00","og_image":[{"width":1000,"height":1000,"url":"https:\/\/covers4car.com\/wp-content\/uploads\/2025\/08\/1-1-3.webp","type":"image\/webp"}],"twitter_card":"summary_large_image","twitter_site":"@covers4carstore","twitter_misc":{"Tiempo de lectura":"4 minutos"},"schema":{"@context":"https:\/\/schema.org","@graph":[{"@type":"WebPage","@id":"https:\/\/covers4car.com\/product\/all-inclusive-seat-for-5-seat-tesla-model-3-2018-2023\/","url":"https:\/\/covers4car.com\/all-inclusive-seat-for-5-seat-tesla-model-3-2018-2023\/","name":"Fundas de asiento Tesla y Model con todo incluido (2018-2023) | Ajuste personalizado","isPartOf":{"@id":"https:\/\/covers4car.com\/#website"},"primaryImageOfPage":{"@id":"https:\/\/covers4car.com\/all-inclusive-seat-for-5-seat-tesla-model-3-2018-2023\/#primaryimage"},"image":{"@id":"https:\/\/covers4car.com\/all-inclusive-seat-for-5-seat-tesla-model-3-2018-2023\/#primaryimage"},"thumbnailUrl":"https:\/\/covers4car.com\/wp-content\/uploads\/2025\/08\/1-1-3.webp","datePublished":"2025-08-21T09:50:53+00:00","dateModified":"2026-04-05T09:10:36+00:00","description":"Mejora tu Tesla Model 3 (2018-2023) con fundas de asiento personalizadas con todo incluido. Duraderas, elegantes y con la comodidad de f\u00e1brica, con env\u00edo gratis.","breadcrumb":{"@id":"https:\/\/covers4car.com\/all-inclusive-seat-for-5-seat-tesla-model-3-2018-2023\/#breadcrumb"},"inLanguage":"es","potentialAction":[{"@type":"ReadAction","target":["https:\/\/covers4car.com\/all-inclusive-seat-for-5-seat-tesla-model-3-2018-2023\/"]}]},{"@type":"ImageObject","inLanguage":"es","@id":"https:\/\/covers4car.com\/all-inclusive-seat-for-5-seat-tesla-model-3-2018-2023\/#primaryimage","url":"https:\/\/covers4car.com\/wp-content\/uploads\/2025\/08\/1-1-3.webp","contentUrl":"https:\/\/covers4car.com\/wp-content\/uploads\/2025\/08\/1-1-3.webp","width":1000,"height":1000},{"@type":"BreadcrumbList","@id":"https:\/\/covers4car.com\/all-inclusive-seat-for-5-seat-tesla-model-3-2018-2023\/#breadcrumb","itemListElement":[{"@type":"ListItem","position":1,"name":"Home","item":"https:\/\/covers4car.com\/"},{"@type":"ListItem","position":2,"name":"Shop","item":"https:\/\/covers4car.com\/shop\/"},{"@type":"ListItem","position":3,"name":"All-Inclusive Custom-Fit Seat Cover for 5 Seat Tesla Model 3 2018-2023"}]},{"@type":"WebSite","@id":"https:\/\/covers4car.com\/#website","url":"https:\/\/covers4car.com\/","name":"Covers4Car","description":"Fundas de asiento profesionales a medida para su veh\u00edculo","publisher":{"@id":"https:\/\/covers4car.com\/#organization"},"potentialAction":[{"@type":"SearchAction","target":{"@type":"EntryPoint","urlTemplate":"https:\/\/covers4car.com\/?s={search_term_string}"},"query-input":{"@type":"PropertyValueSpecification","valueRequired":true,"valueName":"search_term_string"}}],"inLanguage":"es"},{"@type":"Organization","@id":"https:\/\/covers4car.com\/#organization","name":"Covers4Car","url":"https:\/\/covers4car.com\/","logo":{"@type":"ImageObject","inLanguage":"es","@id":"https:\/\/covers4car.com\/#\/schema\/logo\/image\/","url":"https:\/\/covers4car.com\/wp-content\/uploads\/2024\/11\/Asset-2@5x-copy.jpg","contentUrl":"https:\/\/covers4car.com\/wp-content\/uploads\/2024\/11\/Asset-2@5x-copy.jpg","width":877,"height":877,"caption":"Covers4Car"},"image":{"@id":"https:\/\/covers4car.com\/#\/schema\/logo\/image\/"},"sameAs":["https:\/\/www.facebook.com\/profile.php?id=61564533557142","https:\/\/x.com\/covers4carstore"]}]}},"_links":{"self":[{"href":"https:\/\/covers4car.com\/es\/wp-json\/wp\/v2\/product\/20485","targetHints":{"allow":["GET"]}}],"collection":[{"href":"https:\/\/covers4car.com\/es\/wp-json\/wp\/v2\/product"}],"about":[{"href":"https:\/\/covers4car.com\/es\/wp-json\/wp\/v2\/types\/product"}],"replies":[{"embeddable":true,"href":"https:\/\/covers4car.com\/es\/wp-json\/wp\/v2\/comments?post=20485"}],"version-history":[{"count":0,"href":"https:\/\/covers4car.com\/es\/wp-json\/wp\/v2\/product\/20485\/revisions"}],"wp:featuredmedia":[{"embeddable":true,"href":"https:\/\/covers4car.com\/es\/wp-json\/wp\/v2\/media\/21754"}],"wp:attachment":[{"href":"https:\/\/covers4car.com\/es\/wp-json\/wp\/v2\/media?parent=20485"}],"wp:term":[{"taxonomy":"product_brand","embeddable":true,"href":"https:\/\/covers4car.com\/es\/wp-json\/wp\/v2\/product_brand?post=20485"},{"taxonomy":"product_cat","embeddable":true,"href":"https:\/\/covers4car.com\/es\/wp-json\/wp\/v2\/product_cat?post=20485"},{"taxonomy":"product_tag","embeddable":true,"href":"https:\/\/covers4car.com\/es\/wp-json\/wp\/v2\/product_tag?post=20485"},{"taxonomy":"jet_color","embeddable":true,"href":"https:\/\/covers4car.com\/es\/wp-json\/wp\/v2\/jet_color?post=20485"},{"taxonomy":"jet_material","embeddable":true,"href":"https:\/\/covers4car.com\/es\/wp-json\/wp\/v2\/jet_material?post=20485"},{"taxonomy":"jet_coverage","embeddable":true,"href":"https:\/\/covers4car.com\/es\/wp-json\/wp\/v2\/jet_coverage?post=20485"}],"curies":[{"name":"gracias","href":"https:\/\/api.w.org\/{rel}","templated":true}]}}