{"id":20487,"date":"2025-08-21T02:50:54","date_gmt":"2025-08-21T09:50:54","guid":{"rendered":"https:\/\/covers4car.com\/?post_type=product&#038;p=20487"},"modified":"2026-04-11T09:03:28","modified_gmt":"2026-04-11T16:03:28","slug":"custom-fit-all-inclusive-seat-cover-for-5-seat-tesla-model-x-2022-2024","status":"publish","type":"product","link":"https:\/\/covers4car.com\/es\/producto\/custom-fit-all-inclusive-seat-cover-for-5-seat-tesla-model-x-2022-2024\/","title":{"rendered":"Funda de asiento todo incluido para 5 asientos Tesla Model X 2022-2025+"},"content":{"rendered":"<p>Transforme su experiencia de conducci\u00f3n con la funda de asiento All-Inclusive 2022-2024 5 asientos Model X para Tesla de Covers4car, dise\u00f1ada meticulosamente para brindar elegancia estilo f\u00e1brica, durabilidad superior, protecci\u00f3n integral y comodidad personalizable, lo que garantiza que su Tesla se mantenga elegante y c\u00f3modo durante a\u00f1os al tiempo que mejora su valor de reventa.<\/p>\n<ul>\n<li><span style=\"background-color: #d77777;\"><strong>Compatibilidad: 2022-2025+ Model X<\/strong><\/span><\/li>\n<\/ul>\n<p><strong><span style=\"background-color: #e27a7a;\">Nota: <\/span>Por favor, elija el asiento y el color al realizar el pedido y luego env\u00ede la imagen del asiento del autom\u00f3vil a la direcci\u00f3n de correo electr\u00f3nico. <span class=\"text-only\" data-eleid=\"3-0\">soporte@covers4car.com<\/span>, O bien, deje una nota al realizar el pedido. Dado que cada funda de asiento para el modelo X se fabrica a medida, necesitamos que nos env\u00ede fotos del interior de los asientos para que podamos personalizar la funda y que combine con el estilo de su interior.<\/strong><\/p>\n<p><strong><span style=\"color: #080808;\">Para productos hechos a medida, una vez que env\u00ede las fotos de su asiento, la producci\u00f3n comenzar\u00e1 de inmediato. En esta etapa, ya no ser\u00e1 posible cancelar el pedido. Aseg\u00farese de que todos los datos sean correctos antes de realizar su pedido.<\/span><\/strong><\/p>\n<p><a href=\"https:\/\/covers4car.com\/wp-content\/uploads\/2025\/08\/B-2.webp\"><img fetchpriority=\"high\" decoding=\"async\" class=\"wd-lazy-fade alignnone size-full wp-image-21200\" src=\"https:\/\/covers4car.com\/wp-content\/themes\/woodmart\/images\/lazy.svg\" data-src=\"https:\/\/covers4car.com\/wp-content\/uploads\/2025\/08\/B-2.webp\" alt=\"\" width=\"1000\" height=\"1000\" srcset=\"\" data-srcset=\"https:\/\/covers4car.com\/wp-content\/uploads\/2025\/08\/B-2.webp 1000w, https:\/\/covers4car.com\/wp-content\/uploads\/2025\/08\/B-2-300x300.webp 300w, https:\/\/covers4car.com\/wp-content\/uploads\/2025\/08\/B-2-150x150.webp 150w, https:\/\/covers4car.com\/wp-content\/uploads\/2025\/08\/B-2-768x768.webp 768w, https:\/\/covers4car.com\/wp-content\/uploads\/2025\/08\/B-2-12x12.webp 12w, https:\/\/covers4car.com\/wp-content\/uploads\/2025\/08\/B-2-600x600.webp 600w, https:\/\/covers4car.com\/wp-content\/uploads\/2025\/08\/B-2-148x148.webp 148w, https:\/\/covers4car.com\/wp-content\/uploads\/2025\/08\/B-2-50x50.webp 50w, https:\/\/covers4car.com\/wp-content\/uploads\/2025\/08\/B-2-100x100.webp 100w\" sizes=\"(max-width: 1000px) 100vw, 1000px\" \/><\/a><\/p>\n<ul>\n<li><span style=\"color: #ff2a00;\"><strong>Tenga en cuenta: <span style=\"color: #f42c05;\">Todo el conjunto es <\/span><\/strong><\/span><span style=\"color: #f42c05;\"><strong>sin funda de reposabrazos (pero no afectar\u00e1 el efecto general ni la compatibilidad).<\/strong><\/span><\/li>\n<li>Ajuste perfecto estilo f\u00e1brica: dise\u00f1ado para combinar con el aspecto lujoso de los asientos de f\u00e1brica de Tesla, lo que garantiza un ajuste perfecto y un atractivo est\u00e9tico. <strong>Las fotograf\u00edas interiores del Model X ser\u00e1n necesarias para mantener la consistencia interior del Model X<br \/>\n<\/strong><\/li>\n<\/ul>\n<p><img decoding=\"async\" class=\"wd-lazy-fade alignnone wp-image-10073\" src=\"https:\/\/covers4car.com\/wp-content\/themes\/woodmart\/images\/lazy.svg\" data-src=\"https:\/\/covers4car.com\/wp-content\/uploads\/2024\/11\/10001-15-1.jpg\" alt=\"\" width=\"750\" height=\"464\" srcset=\"\" data-srcset=\"https:\/\/covers4car.com\/wp-content\/uploads\/2024\/11\/10001-15-1.jpg 970w, https:\/\/covers4car.com\/wp-content\/uploads\/2024\/11\/10001-15-1-148x92.jpg 148w, https:\/\/covers4car.com\/wp-content\/uploads\/2024\/11\/10001-15-1-300x186.jpg 300w, https:\/\/covers4car.com\/wp-content\/uploads\/2024\/11\/10001-15-1-768x475.jpg 768w\" sizes=\"(max-width: 750px) 100vw, 750px\" \/><br \/>\n<img decoding=\"async\" class=\"wd-lazy-fade alignnone size-full wp-image-10074\" src=\"https:\/\/covers4car.com\/wp-content\/themes\/woodmart\/images\/lazy.svg\" data-src=\"https:\/\/covers4car.com\/wp-content\/uploads\/2024\/11\/10003-1.jpg\" alt=\"\" width=\"750\" height=\"1002\" srcset=\"\" data-srcset=\"https:\/\/covers4car.com\/wp-content\/uploads\/2024\/11\/10003-1.jpg 750w, https:\/\/covers4car.com\/wp-content\/uploads\/2024\/11\/10003-1-148x198.jpg 148w, https:\/\/covers4car.com\/wp-content\/uploads\/2024\/11\/10003-1-225x300.jpg 225w\" sizes=\"(max-width: 750px) 100vw, 750px\" \/><\/p>\n<ul>\n<li>Mayor durabilidad: fabricado con materiales duraderos con una superficie suave y transpirable que es f\u00e1cil de limpiar y mantiene la comodidad en todas las estaciones.<\/li>\n<\/ul>\n<p><a href=\"https:\/\/covers4car.com\/wp-content\/uploads\/2025\/08\/10002-1.webp\"><img loading=\"lazy\" decoding=\"async\" class=\"wd-lazy-fade alignnone size-full wp-image-22176\" src=\"https:\/\/covers4car.com\/wp-content\/themes\/woodmart\/images\/lazy.svg\" data-src=\"https:\/\/covers4car.com\/wp-content\/uploads\/2025\/08\/10002-1.webp\" alt=\"\" width=\"1000\" height=\"1000\" srcset=\"\" data-srcset=\"https:\/\/covers4car.com\/wp-content\/uploads\/2025\/08\/10002-1.webp 1000w, https:\/\/covers4car.com\/wp-content\/uploads\/2025\/08\/10002-1-300x300.webp 300w, https:\/\/covers4car.com\/wp-content\/uploads\/2025\/08\/10002-1-150x150.webp 150w, https:\/\/covers4car.com\/wp-content\/uploads\/2025\/08\/10002-1-768x768.webp 768w, https:\/\/covers4car.com\/wp-content\/uploads\/2025\/08\/10002-1-12x12.webp 12w, https:\/\/covers4car.com\/wp-content\/uploads\/2025\/08\/10002-1-600x600.webp 600w, https:\/\/covers4car.com\/wp-content\/uploads\/2025\/08\/10002-1-148x148.webp 148w, https:\/\/covers4car.com\/wp-content\/uploads\/2025\/08\/10002-1-50x50.webp 50w, https:\/\/covers4car.com\/wp-content\/uploads\/2025\/08\/10002-1-100x100.webp 100w\" sizes=\"(max-width: 1000px) 100vw, 1000px\" \/><\/a><\/p>\n<ul>\n<li>Seguridad para conducir: Cuenta con aberturas de bolsas de aire reservadas para mayor seguridad y tranquilidad.<\/li>\n<\/ul>\n<p><a href=\"https:\/\/covers4car.com\/wp-content\/uploads\/2025\/08\/5-9.webp\"><img loading=\"lazy\" decoding=\"async\" class=\"wd-lazy-fade alignnone size-full wp-image-22175\" src=\"https:\/\/covers4car.com\/wp-content\/themes\/woodmart\/images\/lazy.svg\" data-src=\"https:\/\/covers4car.com\/wp-content\/uploads\/2025\/08\/5-9.webp\" alt=\"\" width=\"1000\" height=\"1000\" srcset=\"\" data-srcset=\"https:\/\/covers4car.com\/wp-content\/uploads\/2025\/08\/5-9.webp 1000w, https:\/\/covers4car.com\/wp-content\/uploads\/2025\/08\/5-9-300x300.webp 300w, https:\/\/covers4car.com\/wp-content\/uploads\/2025\/08\/5-9-150x150.webp 150w, https:\/\/covers4car.com\/wp-content\/uploads\/2025\/08\/5-9-768x768.webp 768w, https:\/\/covers4car.com\/wp-content\/uploads\/2025\/08\/5-9-12x12.webp 12w, https:\/\/covers4car.com\/wp-content\/uploads\/2025\/08\/5-9-600x600.webp 600w, https:\/\/covers4car.com\/wp-content\/uploads\/2025\/08\/5-9-148x148.webp 148w, https:\/\/covers4car.com\/wp-content\/uploads\/2025\/08\/5-9-50x50.webp 50w, https:\/\/covers4car.com\/wp-content\/uploads\/2025\/08\/5-9-100x100.webp 100w\" sizes=\"(max-width: 1000px) 100vw, 1000px\" \/><\/a><\/p>\n<ul>\n<li>Protecci\u00f3n integral: ofrece una cobertura de 360\u00b0 para proteger los asientos Tesla Model S de la suciedad, las manchas, las abrasiones y el desgaste causado por las mascotas o los ni\u00f1os, manteni\u00e9ndolos impecables. Las huellas de barro de las mascotas y las bebidas que beben los ni\u00f1os se pueden limpiar r\u00e1pidamente con una toalla, lo que hace que los asientos luzcan como nuevos.<\/li>\n<\/ul>\n<p><img loading=\"lazy\" decoding=\"async\" class=\"wd-lazy-fade alignnone size-full wp-image-10048\" src=\"https:\/\/covers4car.com\/wp-content\/themes\/woodmart\/images\/lazy.svg\" data-src=\"https:\/\/covers4car.com\/wp-content\/uploads\/2024\/11\/A4_a7f33a7e-b5d8-4877-b302-171eb64df151.jpg\" alt=\"\" width=\"750\" height=\"463\" srcset=\"\" data-srcset=\"https:\/\/covers4car.com\/wp-content\/uploads\/2024\/11\/A4_a7f33a7e-b5d8-4877-b302-171eb64df151.jpg 750w, https:\/\/covers4car.com\/wp-content\/uploads\/2024\/11\/A4_a7f33a7e-b5d8-4877-b302-171eb64df151-148x91.jpg 148w, https:\/\/covers4car.com\/wp-content\/uploads\/2024\/11\/A4_a7f33a7e-b5d8-4877-b302-171eb64df151-300x185.jpg 300w\" sizes=\"(max-width: 750px) 100vw, 750px\" \/><\/p>\n<ul>\n<li>Longevidad y valor de reventa: extiende la vida \u00fatil de sus asientos Tesla por 5 a 6 a\u00f1os, protegi\u00e9ndolos de da\u00f1os y preservando el potencial de reventa del veh\u00edculo.<\/li>\n<\/ul>\n<p><a href=\"https:\/\/covers4car.com\/wp-content\/uploads\/2025\/08\/4-9.webp\"><img loading=\"lazy\" decoding=\"async\" class=\"wd-lazy-fade alignnone size-full wp-image-22174\" src=\"https:\/\/covers4car.com\/wp-content\/themes\/woodmart\/images\/lazy.svg\" data-src=\"https:\/\/covers4car.com\/wp-content\/uploads\/2025\/08\/4-9.webp\" alt=\"\" width=\"1000\" height=\"1000\" srcset=\"\" data-srcset=\"https:\/\/covers4car.com\/wp-content\/uploads\/2025\/08\/4-9.webp 1000w, https:\/\/covers4car.com\/wp-content\/uploads\/2025\/08\/4-9-300x300.webp 300w, https:\/\/covers4car.com\/wp-content\/uploads\/2025\/08\/4-9-150x150.webp 150w, https:\/\/covers4car.com\/wp-content\/uploads\/2025\/08\/4-9-768x768.webp 768w, https:\/\/covers4car.com\/wp-content\/uploads\/2025\/08\/4-9-12x12.webp 12w, https:\/\/covers4car.com\/wp-content\/uploads\/2025\/08\/4-9-600x600.webp 600w, https:\/\/covers4car.com\/wp-content\/uploads\/2025\/08\/4-9-148x148.webp 148w, https:\/\/covers4car.com\/wp-content\/uploads\/2025\/08\/4-9-50x50.webp 50w, https:\/\/covers4car.com\/wp-content\/uploads\/2025\/08\/4-9-100x100.webp 100w\" sizes=\"(max-width: 1000px) 100vw, 1000px\" \/><\/a><\/p>\n<p><img loading=\"lazy\" decoding=\"async\" class=\"wd-lazy-fade alignnone size-full wp-image-10050\" src=\"https:\/\/covers4car.com\/wp-content\/themes\/woodmart\/images\/lazy.svg\" data-src=\"https:\/\/covers4car.com\/wp-content\/uploads\/2024\/11\/B6_dd615875-ce16-4f9a-a1c1-f298f3c03383.jpg\" alt=\"\" width=\"750\" height=\"463\" srcset=\"\" data-srcset=\"https:\/\/covers4car.com\/wp-content\/uploads\/2024\/11\/B6_dd615875-ce16-4f9a-a1c1-f298f3c03383.jpg 750w, https:\/\/covers4car.com\/wp-content\/uploads\/2024\/11\/B6_dd615875-ce16-4f9a-a1c1-f298f3c03383-148x91.jpg 148w, https:\/\/covers4car.com\/wp-content\/uploads\/2024\/11\/B6_dd615875-ce16-4f9a-a1c1-f298f3c03383-300x185.jpg 300w\" sizes=\"(max-width: 750px) 100vw, 750px\" \/><\/p>\n<ul>\n<li>M\u00faltiples colores: Disponible en varios colores con opciones de combinaciones de colores de dos tonos, lo que le permite personalizar el interior de su Model S.<\/li>\n<\/ul>\n<p><img loading=\"lazy\" decoding=\"async\" class=\"wd-lazy-fade alignnone wp-image-10438\" src=\"https:\/\/covers4car.com\/wp-content\/themes\/woodmart\/images\/lazy.svg\" data-src=\"https:\/\/covers4car.com\/wp-content\/uploads\/2024\/11\/10003-2.jpg\" alt=\"\" width=\"750\" height=\"750\" srcset=\"\" data-srcset=\"https:\/\/covers4car.com\/wp-content\/uploads\/2024\/11\/10003-2.jpg 800w, https:\/\/covers4car.com\/wp-content\/uploads\/2024\/11\/10003-2-600x600.jpg 600w, https:\/\/covers4car.com\/wp-content\/uploads\/2024\/11\/10003-2-148x148.jpg 148w, https:\/\/covers4car.com\/wp-content\/uploads\/2024\/11\/10003-2-300x300.jpg 300w, https:\/\/covers4car.com\/wp-content\/uploads\/2024\/11\/10003-2-150x150.jpg 150w, https:\/\/covers4car.com\/wp-content\/uploads\/2024\/11\/10003-2-768x768.jpg 768w\" sizes=\"(max-width: 750px) 100vw, 750px\" \/><\/p>\n<p><img loading=\"lazy\" decoding=\"async\" class=\"wd-lazy-fade alignnone wp-image-10439\" src=\"https:\/\/covers4car.com\/wp-content\/themes\/woodmart\/images\/lazy.svg\" data-src=\"https:\/\/covers4car.com\/wp-content\/uploads\/2024\/11\/10001-2-3.jpg\" alt=\"\" width=\"750\" height=\"676\" srcset=\"\" data-srcset=\"https:\/\/covers4car.com\/wp-content\/uploads\/2024\/11\/10001-2-3.jpg 800w, https:\/\/covers4car.com\/wp-content\/uploads\/2024\/11\/10001-2-3-148x133.jpg 148w, https:\/\/covers4car.com\/wp-content\/uploads\/2024\/11\/10001-2-3-300x270.jpg 300w, https:\/\/covers4car.com\/wp-content\/uploads\/2024\/11\/10001-2-3-768x692.jpg 768w\" sizes=\"(max-width: 750px) 100vw, 750px\" \/><\/p>\n<p><img loading=\"lazy\" decoding=\"async\" class=\"wd-lazy-fade alignnone size-full wp-image-10099\" src=\"https:\/\/covers4car.com\/wp-content\/themes\/woodmart\/images\/lazy.svg\" data-src=\"https:\/\/covers4car.com\/wp-content\/uploads\/2024\/11\/750-888.jpg\" alt=\"\" width=\"750\" height=\"750\" srcset=\"\" data-srcset=\"https:\/\/covers4car.com\/wp-content\/uploads\/2024\/11\/750-888.jpg 750w, https:\/\/covers4car.com\/wp-content\/uploads\/2024\/11\/750-888-600x600.jpg 600w, https:\/\/covers4car.com\/wp-content\/uploads\/2024\/11\/750-888-148x148.jpg 148w, https:\/\/covers4car.com\/wp-content\/uploads\/2024\/11\/750-888-300x300.jpg 300w, https:\/\/covers4car.com\/wp-content\/uploads\/2024\/11\/750-888-150x150.jpg 150w\" sizes=\"(max-width: 750px) 100vw, 750px\" \/><br \/>\n<iframe title=\"Reproductor de v\u00eddeo de YouTube\" src=\"https:\/\/www.youtube.com\/embed\/mHfcbLZHCb4?si=CRy_rU7-WvIRHeDg\" width=\"560\" height=\"315\" frameborder=\"0\" allowfullscreen=\"allowfullscreen\"><\/iframe><\/p>","protected":false},"excerpt":{"rendered":"<p>Transforme su experiencia de conducci\u00f3n con la funda de asiento All-Inclusive 2022-2024 5 asientos Model X de Covers4car para Tesla, dise\u00f1ada meticulosamente para brindar<\/p>","protected":false},"featured_media":22186,"comment_status":"open","ping_status":"closed","template":"","meta":{"_acf_changed":false,"_monsterinsights_skip_tracking":false,"_monsterinsights_sitenote_active":false,"_monsterinsights_sitenote_note":"","_monsterinsights_sitenote_category":0},"product_brand":[],"product_cat":[124,87,22974],"product_tag":[55007],"jet_color":[],"jet_material":[],"jet_coverage":[],"class_list":{"0":"post-20487","1":"product","2":"type-product","3":"status-publish","4":"has-post-thumbnail","6":"product_cat-seat-cover","7":"product_cat-seat-cover-for-tesla","8":"product_cat-seat-cover-for-tesla-model-x","9":"product_tag-fit-model-x","11":"first","12":"instock","13":"shipping-taxable","14":"purchasable","15":"product-type-variable","16":"has-default-attributes","17":"wvs-archive-product-wrapper"},"acf":[],"yoast_head":"<!-- This site is optimized with the Yoast SEO Premium plugin v26.4 (Yoast SEO v26.4) - https:\/\/yoast.com\/wordpress\/plugins\/seo\/ -->\n<title>Custom Fit Seat Cover for Tesla Model X 2022-2025+ | 5 Seat<\/title>\n<meta name=\"description\" content=\"Protect your 2022-2025+ Tesla Model X with our custom-fit 5 seat cover. Stylish, durable, and tailored for comfort. Enhance your Tesla\u2019s value and style.\" \/>\n<meta name=\"robots\" content=\"index, follow, max-snippet:-1, max-image-preview:large, max-video-preview:-1\" \/>\n<link rel=\"canonical\" href=\"https:\/\/covers4car.com\/es\/producto\/custom-fit-all-inclusive-seat-cover-for-5-seat-tesla-model-x-2022-2024\/\" \/>\n<meta property=\"og:locale\" content=\"es_ES\" \/>\n<meta property=\"og:type\" content=\"article\" \/>\n<meta property=\"og:title\" content=\"All-Inclusive Seat Cover for 5 Seat Tesla Model X 2022-2025+\" \/>\n<meta property=\"og:description\" content=\"Protect your 2022-2025+ Tesla Model X with our custom-fit 5 seat cover. Stylish, durable, and tailored for comfort. Enhance your Tesla\u2019s value and style.\" \/>\n<meta property=\"og:url\" content=\"https:\/\/covers4car.com\/es\/producto\/custom-fit-all-inclusive-seat-cover-for-5-seat-tesla-model-x-2022-2024\/\" \/>\n<meta property=\"og:site_name\" content=\"Covers4Car\" \/>\n<meta property=\"article:publisher\" content=\"https:\/\/www.facebook.com\/profile.php?id=61564533557142\" \/>\n<meta property=\"article:modified_time\" content=\"2026-04-11T16:03:28+00:00\" \/>\n<meta property=\"og:image\" content=\"https:\/\/covers4car.com\/wp-content\/uploads\/2025\/08\/1-1-6.webp\" \/>\n\t<meta property=\"og:image:width\" content=\"1000\" \/>\n\t<meta property=\"og:image:height\" content=\"1000\" \/>\n\t<meta property=\"og:image:type\" content=\"image\/webp\" \/>\n<meta name=\"twitter:card\" content=\"summary_large_image\" \/>\n<meta name=\"twitter:site\" content=\"@covers4carstore\" \/>\n<meta name=\"twitter:label1\" content=\"Tiempo de lectura\" \/>\n\t<meta name=\"twitter:data1\" content=\"4 minutos\" \/>\n<script type=\"application\/ld+json\" class=\"yoast-schema-graph\">{\"@context\":\"https:\/\/schema.org\",\"@graph\":[{\"@type\":\"WebPage\",\"@id\":\"https:\/\/covers4car.com\/product\/custom-fit-all-inclusive-seat-cover-for-5-seat-tesla-model-x-2022-2024\/\",\"url\":\"https:\/\/covers4car.com\/product\/custom-fit-all-inclusive-seat-cover-for-5-seat-tesla-model-x-2022-2024\/\",\"name\":\"Custom Fit Seat Cover for Tesla Model X 2022-2025+ | 5 Seat\",\"isPartOf\":{\"@id\":\"https:\/\/covers4car.com\/#website\"},\"primaryImageOfPage\":{\"@id\":\"https:\/\/covers4car.com\/product\/custom-fit-all-inclusive-seat-cover-for-5-seat-tesla-model-x-2022-2024\/#primaryimage\"},\"image\":{\"@id\":\"https:\/\/covers4car.com\/product\/custom-fit-all-inclusive-seat-cover-for-5-seat-tesla-model-x-2022-2024\/#primaryimage\"},\"thumbnailUrl\":\"https:\/\/covers4car.com\/wp-content\/uploads\/2025\/08\/1-1-6.webp\",\"datePublished\":\"2025-08-21T09:50:54+00:00\",\"dateModified\":\"2026-04-11T16:03:28+00:00\",\"description\":\"Protect your 2022-2025+ Tesla Model X with our custom-fit 5 seat cover. Stylish, durable, and tailored for comfort. Enhance your Tesla\u2019s value and style.\",\"breadcrumb\":{\"@id\":\"https:\/\/covers4car.com\/product\/custom-fit-all-inclusive-seat-cover-for-5-seat-tesla-model-x-2022-2024\/#breadcrumb\"},\"inLanguage\":\"es\",\"potentialAction\":[{\"@type\":\"ReadAction\",\"target\":[\"https:\/\/covers4car.com\/product\/custom-fit-all-inclusive-seat-cover-for-5-seat-tesla-model-x-2022-2024\/\"]}]},{\"@type\":\"ImageObject\",\"inLanguage\":\"es\",\"@id\":\"https:\/\/covers4car.com\/product\/custom-fit-all-inclusive-seat-cover-for-5-seat-tesla-model-x-2022-2024\/#primaryimage\",\"url\":\"https:\/\/covers4car.com\/wp-content\/uploads\/2025\/08\/1-1-6.webp\",\"contentUrl\":\"https:\/\/covers4car.com\/wp-content\/uploads\/2025\/08\/1-1-6.webp\",\"width\":1000,\"height\":1000},{\"@type\":\"BreadcrumbList\",\"@id\":\"https:\/\/covers4car.com\/product\/custom-fit-all-inclusive-seat-cover-for-5-seat-tesla-model-x-2022-2024\/#breadcrumb\",\"itemListElement\":[{\"@type\":\"ListItem\",\"position\":1,\"name\":\"Home\",\"item\":\"https:\/\/covers4car.com\/\"},{\"@type\":\"ListItem\",\"position\":2,\"name\":\"Shop\",\"item\":\"https:\/\/covers4car.com\/shop\/\"},{\"@type\":\"ListItem\",\"position\":3,\"name\":\"All-Inclusive Seat Cover for 5 Seat Tesla Model X 2022-2025+\"}]},{\"@type\":\"WebSite\",\"@id\":\"https:\/\/covers4car.com\/#website\",\"url\":\"https:\/\/covers4car.com\/\",\"name\":\"Covers4Car\",\"description\":\"Professional Seat Covers Tailored for Your Vehicle\",\"publisher\":{\"@id\":\"https:\/\/covers4car.com\/#organization\"},\"potentialAction\":[{\"@type\":\"SearchAction\",\"target\":{\"@type\":\"EntryPoint\",\"urlTemplate\":\"https:\/\/covers4car.com\/?s={search_term_string}\"},\"query-input\":{\"@type\":\"PropertyValueSpecification\",\"valueRequired\":true,\"valueName\":\"search_term_string\"}}],\"inLanguage\":\"es\"},{\"@type\":\"Organization\",\"@id\":\"https:\/\/covers4car.com\/#organization\",\"name\":\"Covers4Car\",\"url\":\"https:\/\/covers4car.com\/\",\"logo\":{\"@type\":\"ImageObject\",\"inLanguage\":\"es\",\"@id\":\"https:\/\/covers4car.com\/#\/schema\/logo\/image\/\",\"url\":\"https:\/\/covers4car.com\/wp-content\/uploads\/2024\/11\/Asset-2@5x-copy.jpg\",\"contentUrl\":\"https:\/\/covers4car.com\/wp-content\/uploads\/2024\/11\/Asset-2@5x-copy.jpg\",\"width\":877,\"height\":877,\"caption\":\"Covers4Car\"},\"image\":{\"@id\":\"https:\/\/covers4car.com\/#\/schema\/logo\/image\/\"},\"sameAs\":[\"https:\/\/www.facebook.com\/profile.php?id=61564533557142\",\"https:\/\/x.com\/covers4carstore\"]}]}<\/script>\n<!-- \/ Yoast SEO Premium plugin. -->","yoast_head_json":{"title":"Funda de asiento a medida para Tesla Model X 2022-2025+ | 5 asientos","description":"Protege tu Tesla Model X (2022-2025+) con nuestra funda a medida para 5 asientos. Elegante, duradera y dise\u00f1ada para mayor comodidad. Realza el valor y el estilo de tu Tesla.","robots":{"index":"index","follow":"follow","max-snippet":"max-snippet:-1","max-image-preview":"max-image-preview:large","max-video-preview":"max-video-preview:-1"},"canonical":"https:\/\/covers4car.com\/es\/producto\/custom-fit-all-inclusive-seat-cover-for-5-seat-tesla-model-x-2022-2024\/","og_locale":"es_ES","og_type":"article","og_title":"All-Inclusive Seat Cover for 5 Seat Tesla Model X 2022-2025+","og_description":"Protect your 2022-2025+ Tesla Model X with our custom-fit 5 seat cover. Stylish, durable, and tailored for comfort. Enhance your Tesla\u2019s value and style.","og_url":"https:\/\/covers4car.com\/es\/producto\/custom-fit-all-inclusive-seat-cover-for-5-seat-tesla-model-x-2022-2024\/","og_site_name":"Covers4Car","article_publisher":"https:\/\/www.facebook.com\/profile.php?id=61564533557142","article_modified_time":"2026-04-11T16:03:28+00:00","og_image":[{"width":1000,"height":1000,"url":"https:\/\/covers4car.com\/wp-content\/uploads\/2025\/08\/1-1-6.webp","type":"image\/webp"}],"twitter_card":"summary_large_image","twitter_site":"@covers4carstore","twitter_misc":{"Tiempo de lectura":"4 minutos"},"schema":{"@context":"https:\/\/schema.org","@graph":[{"@type":"WebPage","@id":"https:\/\/covers4car.com\/product\/custom-fit-all-inclusive-seat-cover-for-5-seat-tesla-model-x-2022-2024\/","url":"https:\/\/covers4car.com\/product\/custom-fit-all-inclusive-seat-cover-for-5-seat-tesla-model-x-2022-2024\/","name":"Funda de asiento a medida para Tesla Model X 2022-2025+ | 5 asientos","isPartOf":{"@id":"https:\/\/covers4car.com\/#website"},"primaryImageOfPage":{"@id":"https:\/\/covers4car.com\/product\/custom-fit-all-inclusive-seat-cover-for-5-seat-tesla-model-x-2022-2024\/#primaryimage"},"image":{"@id":"https:\/\/covers4car.com\/product\/custom-fit-all-inclusive-seat-cover-for-5-seat-tesla-model-x-2022-2024\/#primaryimage"},"thumbnailUrl":"https:\/\/covers4car.com\/wp-content\/uploads\/2025\/08\/1-1-6.webp","datePublished":"2025-08-21T09:50:54+00:00","dateModified":"2026-04-11T16:03:28+00:00","description":"Protege tu Tesla Model X (2022-2025+) con nuestra funda a medida para 5 asientos. Elegante, duradera y dise\u00f1ada para mayor comodidad. Realza el valor y el estilo de tu Tesla.","breadcrumb":{"@id":"https:\/\/covers4car.com\/product\/custom-fit-all-inclusive-seat-cover-for-5-seat-tesla-model-x-2022-2024\/#breadcrumb"},"inLanguage":"es","potentialAction":[{"@type":"ReadAction","target":["https:\/\/covers4car.com\/product\/custom-fit-all-inclusive-seat-cover-for-5-seat-tesla-model-x-2022-2024\/"]}]},{"@type":"ImageObject","inLanguage":"es","@id":"https:\/\/covers4car.com\/product\/custom-fit-all-inclusive-seat-cover-for-5-seat-tesla-model-x-2022-2024\/#primaryimage","url":"https:\/\/covers4car.com\/wp-content\/uploads\/2025\/08\/1-1-6.webp","contentUrl":"https:\/\/covers4car.com\/wp-content\/uploads\/2025\/08\/1-1-6.webp","width":1000,"height":1000},{"@type":"BreadcrumbList","@id":"https:\/\/covers4car.com\/product\/custom-fit-all-inclusive-seat-cover-for-5-seat-tesla-model-x-2022-2024\/#breadcrumb","itemListElement":[{"@type":"ListItem","position":1,"name":"Home","item":"https:\/\/covers4car.com\/"},{"@type":"ListItem","position":2,"name":"Shop","item":"https:\/\/covers4car.com\/shop\/"},{"@type":"ListItem","position":3,"name":"All-Inclusive Seat Cover for 5 Seat Tesla Model X 2022-2025+"}]},{"@type":"WebSite","@id":"https:\/\/covers4car.com\/#website","url":"https:\/\/covers4car.com\/","name":"Covers4Car","description":"Fundas de asiento profesionales a medida para su veh\u00edculo","publisher":{"@id":"https:\/\/covers4car.com\/#organization"},"potentialAction":[{"@type":"SearchAction","target":{"@type":"EntryPoint","urlTemplate":"https:\/\/covers4car.com\/?s={search_term_string}"},"query-input":{"@type":"PropertyValueSpecification","valueRequired":true,"valueName":"search_term_string"}}],"inLanguage":"es"},{"@type":"Organization","@id":"https:\/\/covers4car.com\/#organization","name":"Covers4Car","url":"https:\/\/covers4car.com\/","logo":{"@type":"ImageObject","inLanguage":"es","@id":"https:\/\/covers4car.com\/#\/schema\/logo\/image\/","url":"https:\/\/covers4car.com\/wp-content\/uploads\/2024\/11\/Asset-2@5x-copy.jpg","contentUrl":"https:\/\/covers4car.com\/wp-content\/uploads\/2024\/11\/Asset-2@5x-copy.jpg","width":877,"height":877,"caption":"Covers4Car"},"image":{"@id":"https:\/\/covers4car.com\/#\/schema\/logo\/image\/"},"sameAs":["https:\/\/www.facebook.com\/profile.php?id=61564533557142","https:\/\/x.com\/covers4carstore"]}]}},"_links":{"self":[{"href":"https:\/\/covers4car.com\/es\/wp-json\/wp\/v2\/product\/20487","targetHints":{"allow":["GET"]}}],"collection":[{"href":"https:\/\/covers4car.com\/es\/wp-json\/wp\/v2\/product"}],"about":[{"href":"https:\/\/covers4car.com\/es\/wp-json\/wp\/v2\/types\/product"}],"replies":[{"embeddable":true,"href":"https:\/\/covers4car.com\/es\/wp-json\/wp\/v2\/comments?post=20487"}],"version-history":[{"count":0,"href":"https:\/\/covers4car.com\/es\/wp-json\/wp\/v2\/product\/20487\/revisions"}],"wp:featuredmedia":[{"embeddable":true,"href":"https:\/\/covers4car.com\/es\/wp-json\/wp\/v2\/media\/22186"}],"wp:attachment":[{"href":"https:\/\/covers4car.com\/es\/wp-json\/wp\/v2\/media?parent=20487"}],"wp:term":[{"taxonomy":"product_brand","embeddable":true,"href":"https:\/\/covers4car.com\/es\/wp-json\/wp\/v2\/product_brand?post=20487"},{"taxonomy":"product_cat","embeddable":true,"href":"https:\/\/covers4car.com\/es\/wp-json\/wp\/v2\/product_cat?post=20487"},{"taxonomy":"product_tag","embeddable":true,"href":"https:\/\/covers4car.com\/es\/wp-json\/wp\/v2\/product_tag?post=20487"},{"taxonomy":"jet_color","embeddable":true,"href":"https:\/\/covers4car.com\/es\/wp-json\/wp\/v2\/jet_color?post=20487"},{"taxonomy":"jet_material","embeddable":true,"href":"https:\/\/covers4car.com\/es\/wp-json\/wp\/v2\/jet_material?post=20487"},{"taxonomy":"jet_coverage","embeddable":true,"href":"https:\/\/covers4car.com\/es\/wp-json\/wp\/v2\/jet_coverage?post=20487"}],"curies":[{"name":"gracias","href":"https:\/\/api.w.org\/{rel}","templated":true}]}}