{"id":22399,"date":"2025-09-11T05:16:32","date_gmt":"2025-09-11T12:16:32","guid":{"rendered":"https:\/\/covers4car.com\/?post_type=product&#038;p=22399"},"modified":"2026-03-30T19:09:43","modified_gmt":"2026-03-31T02:09:43","slug":"custom-fit-toyota-rav4-leather-seat-cover-all-inclusive-seat-cover-12","status":"publish","type":"product","link":"https:\/\/covers4car.com\/es\/producto\/custom-fit-toyota-rav4-leather-seat-cover-all-inclusive-seat-cover-12\/","title":{"rendered":"Funda de asiento de cuero personalizada para Toyota Rav4, funda de asiento con todo incluido, 12 pulgadas"},"content":{"rendered":"<p><iframe title=\"Reproductor de v\u00eddeo de YouTube\" src=\"https:\/\/www.youtube.com\/embed\/fxybnq2itFg?si=NtM_EB-pLFcOWTSE\" width=\"800\" height=\"450\" frameborder=\"0\" allowfullscreen=\"allowfullscreen\"><\/iframe><br \/>\nTransforma tu experiencia de conducci\u00f3n con Covers4car <strong data-start=\"299\" data-end=\"339\">Fundas de asiento con todo incluido <\/strong>Dise\u00f1ado exclusivamente para el <strong data-start=\"369\" data-end=\"403\">Toyota Rav4 (2013-2025+)<\/strong>. Estos <strong data-start=\"411\" data-end=\"451\">Fundas de asiento personalizadas para Toyota Rav4 <\/strong>Proporcionan protecci\u00f3n completa, comodidad duradera y una apariencia de f\u00e1brica impecable, manteniendo su interior limpio y elegante en cada viaje.<\/p>\n<p><strong>Mueble:<\/strong><br \/>\n2013-2018 LE (no apto para veh\u00edculos el\u00e9ctricos ni h\u00edbridos)<br \/>\n2013-2018 Limitado\/XLE\/SE\/Platino\/Aventura<br \/>\nH\u00edbrido 2015-2018<br \/>\n2019-2025+ H\u00edbrido<br \/>\nXSE h\u00edbrido 2019-2025+<br \/>\n2019-2025+ (Aventura y TRD todoterreno)<br \/>\n2019-2025+ (NO para Adventure y TRD Off-Road)<\/p>\n<div>\n<div data-zone-id=\"0\" data-line-index=\"0\" data-line=\"true\">\n<div data-zone-id=\"0\" data-line-index=\"0\" data-line=\"true\">\n<div data-zone-id=\"0\" data-line-index=\"0\" data-line=\"true\">\n<div data-zone-id=\"0\" data-line-index=\"0\" data-line=\"true\">\n<div data-zone-id=\"0\" data-line-index=\"0\" data-line=\"true\">\n<ul>\n<li><strong>Mejora interior completa:<\/strong>Realza el interior de tu Toyota Rav4 con un elegante dise\u00f1o de fundas para asientos completos que le da un aspecto premium. Transforma al instante tu cabina en un espacio elegante y c\u00f3modo.<\/li>\n<\/ul>\n<p><a href=\"https:\/\/covers4car.com\/wp-content\/uploads\/2025\/09\/1-48.webp\"><img fetchpriority=\"high\" decoding=\"async\" class=\"wd-lazy-fade alignnone size-full wp-image-30277\" src=\"https:\/\/covers4car.com\/wp-content\/themes\/woodmart\/images\/lazy.svg\" data-src=\"https:\/\/covers4car.com\/wp-content\/uploads\/2025\/09\/1-48.webp\" alt=\"\" width=\"1000\" height=\"1000\" srcset=\"\" data-srcset=\"https:\/\/covers4car.com\/wp-content\/uploads\/2025\/09\/1-48.webp 1000w, https:\/\/covers4car.com\/wp-content\/uploads\/2025\/09\/1-48-300x300.webp 300w, https:\/\/covers4car.com\/wp-content\/uploads\/2025\/09\/1-48-150x150.webp 150w, https:\/\/covers4car.com\/wp-content\/uploads\/2025\/09\/1-48-768x768.webp 768w, https:\/\/covers4car.com\/wp-content\/uploads\/2025\/09\/1-48-12x12.webp 12w, https:\/\/covers4car.com\/wp-content\/uploads\/2025\/09\/1-48-600x600.webp 600w, https:\/\/covers4car.com\/wp-content\/uploads\/2025\/09\/1-48-148x148.webp 148w, https:\/\/covers4car.com\/wp-content\/uploads\/2025\/09\/1-48-50x50.webp 50w, https:\/\/covers4car.com\/wp-content\/uploads\/2025\/09\/1-48-100x100.webp 100w\" sizes=\"(max-width: 1000px) 100vw, 1000px\" \/><\/a><\/p>\n<ul>\n<li><strong>Personalizado para Toyota Rav4 (2013-2025+):<\/strong>Hecho a medida para diferentes modelos de Toyota RAV4 (2013-2025+), ajuste perfecto. Su fina artesan\u00eda garantiza que cada detalle se integre a la perfecci\u00f3n con los contornos de su veh\u00edculo. Dise\u00f1ado para una est\u00e9tica y una larga durabilidad.<\/li>\n<\/ul>\n<p><a href=\"https:\/\/covers4car.com\/wp-content\/uploads\/2025\/09\/4-27.webp\"><img decoding=\"async\" class=\"wd-lazy-fade alignnone wp-image-30317 size-full\" src=\"https:\/\/covers4car.com\/wp-content\/themes\/woodmart\/images\/lazy.svg\" data-src=\"https:\/\/covers4car.com\/wp-content\/uploads\/2025\/09\/4-27.webp\" alt=\"\" width=\"1000\" height=\"1000\" srcset=\"\" data-srcset=\"https:\/\/covers4car.com\/wp-content\/uploads\/2025\/09\/4-27.webp 1000w, https:\/\/covers4car.com\/wp-content\/uploads\/2025\/09\/4-27-300x300.webp 300w, https:\/\/covers4car.com\/wp-content\/uploads\/2025\/09\/4-27-150x150.webp 150w, https:\/\/covers4car.com\/wp-content\/uploads\/2025\/09\/4-27-768x768.webp 768w, https:\/\/covers4car.com\/wp-content\/uploads\/2025\/09\/4-27-12x12.webp 12w, https:\/\/covers4car.com\/wp-content\/uploads\/2025\/09\/4-27-600x600.webp 600w, https:\/\/covers4car.com\/wp-content\/uploads\/2025\/09\/4-27-148x148.webp 148w, https:\/\/covers4car.com\/wp-content\/uploads\/2025\/09\/4-27-50x50.webp 50w, https:\/\/covers4car.com\/wp-content\/uploads\/2025\/09\/4-27-100x100.webp 100w\" sizes=\"(max-width: 1000px) 100vw, 1000px\" \/><\/a><\/p>\n<p><a href=\"https:\/\/covers4car.com\/wp-content\/uploads\/2025\/09\/6-17.webp\"><img decoding=\"async\" class=\"wd-lazy-fade alignnone size-full wp-image-30319\" src=\"https:\/\/covers4car.com\/wp-content\/themes\/woodmart\/images\/lazy.svg\" data-src=\"https:\/\/covers4car.com\/wp-content\/uploads\/2025\/09\/6-17.webp\" alt=\"\" width=\"1000\" height=\"1000\" srcset=\"\" data-srcset=\"https:\/\/covers4car.com\/wp-content\/uploads\/2025\/09\/6-17.webp 1000w, https:\/\/covers4car.com\/wp-content\/uploads\/2025\/09\/6-17-300x300.webp 300w, https:\/\/covers4car.com\/wp-content\/uploads\/2025\/09\/6-17-150x150.webp 150w, https:\/\/covers4car.com\/wp-content\/uploads\/2025\/09\/6-17-768x768.webp 768w, https:\/\/covers4car.com\/wp-content\/uploads\/2025\/09\/6-17-12x12.webp 12w, https:\/\/covers4car.com\/wp-content\/uploads\/2025\/09\/6-17-600x600.webp 600w, https:\/\/covers4car.com\/wp-content\/uploads\/2025\/09\/6-17-148x148.webp 148w, https:\/\/covers4car.com\/wp-content\/uploads\/2025\/09\/6-17-50x50.webp 50w, https:\/\/covers4car.com\/wp-content\/uploads\/2025\/09\/6-17-100x100.webp 100w\" sizes=\"(max-width: 1000px) 100vw, 1000px\" \/><\/a><br \/>\n<a href=\"https:\/\/covers4car.com\/wp-content\/uploads\/2025\/09\/7-14.webp\"><img loading=\"lazy\" decoding=\"async\" class=\"wd-lazy-fade alignnone size-full wp-image-30320\" src=\"https:\/\/covers4car.com\/wp-content\/themes\/woodmart\/images\/lazy.svg\" data-src=\"https:\/\/covers4car.com\/wp-content\/uploads\/2025\/09\/7-14.webp\" alt=\"\" width=\"1000\" height=\"1000\" srcset=\"\" data-srcset=\"https:\/\/covers4car.com\/wp-content\/uploads\/2025\/09\/7-14.webp 1000w, https:\/\/covers4car.com\/wp-content\/uploads\/2025\/09\/7-14-300x300.webp 300w, https:\/\/covers4car.com\/wp-content\/uploads\/2025\/09\/7-14-150x150.webp 150w, https:\/\/covers4car.com\/wp-content\/uploads\/2025\/09\/7-14-768x768.webp 768w, https:\/\/covers4car.com\/wp-content\/uploads\/2025\/09\/7-14-12x12.webp 12w, https:\/\/covers4car.com\/wp-content\/uploads\/2025\/09\/7-14-600x600.webp 600w, https:\/\/covers4car.com\/wp-content\/uploads\/2025\/09\/7-14-148x148.webp 148w, https:\/\/covers4car.com\/wp-content\/uploads\/2025\/09\/7-14-50x50.webp 50w, https:\/\/covers4car.com\/wp-content\/uploads\/2025\/09\/7-14-100x100.webp 100w\" sizes=\"(max-width: 1000px) 100vw, 1000px\" \/><\/a><\/p>\n<ul>\n<li><strong>Antes y despu\u00e9s de la transformaci\u00f3n: <\/strong>Restaure sus asientos viejos y desgastados a un estado impecable al instante. Experimente la gran diferencia en comodidad y apariencia.<\/li>\n<\/ul>\n<p><a href=\"https:\/\/covers4car.com\/wp-content\/uploads\/2025\/09\/9-11.webp\"><img loading=\"lazy\" decoding=\"async\" class=\"wd-lazy-fade alignnone size-full wp-image-30322\" src=\"https:\/\/covers4car.com\/wp-content\/themes\/woodmart\/images\/lazy.svg\" data-src=\"https:\/\/covers4car.com\/wp-content\/uploads\/2025\/09\/9-11.webp\" alt=\"\" width=\"1000\" height=\"1000\" srcset=\"\" data-srcset=\"https:\/\/covers4car.com\/wp-content\/uploads\/2025\/09\/9-11.webp 1000w, https:\/\/covers4car.com\/wp-content\/uploads\/2025\/09\/9-11-300x300.webp 300w, https:\/\/covers4car.com\/wp-content\/uploads\/2025\/09\/9-11-150x150.webp 150w, https:\/\/covers4car.com\/wp-content\/uploads\/2025\/09\/9-11-768x768.webp 768w, https:\/\/covers4car.com\/wp-content\/uploads\/2025\/09\/9-11-12x12.webp 12w, https:\/\/covers4car.com\/wp-content\/uploads\/2025\/09\/9-11-600x600.webp 600w, https:\/\/covers4car.com\/wp-content\/uploads\/2025\/09\/9-11-148x148.webp 148w, https:\/\/covers4car.com\/wp-content\/uploads\/2025\/09\/9-11-50x50.webp 50w, https:\/\/covers4car.com\/wp-content\/uploads\/2025\/09\/9-11-100x100.webp 100w\" sizes=\"(max-width: 1000px) 100vw, 1000px\" \/><\/a><\/p>\n<ul>\n<li style=\"text-align: left;\"><strong>Resistente al agua y a los ara\u00f1azos: <\/strong>Repele derrames, resiste rayones y es ign\u00edfugo para facilitar el mantenimiento. Mantiene sus asientos protegidos en todas las condiciones de manejo diarias.<\/li>\n<\/ul>\n<p><strong><a href=\"https:\/\/covers4car.com\/wp-content\/uploads\/2025\/09\/7-16.webp\"><img loading=\"lazy\" decoding=\"async\" class=\"wd-lazy-fade alignnone size-full wp-image-30275\" src=\"https:\/\/covers4car.com\/wp-content\/themes\/woodmart\/images\/lazy.svg\" data-src=\"https:\/\/covers4car.com\/wp-content\/uploads\/2025\/09\/7-16.webp\" alt=\"\" width=\"1000\" height=\"1000\" srcset=\"\" data-srcset=\"https:\/\/covers4car.com\/wp-content\/uploads\/2025\/09\/7-16.webp 1000w, https:\/\/covers4car.com\/wp-content\/uploads\/2025\/09\/7-16-300x300.webp 300w, https:\/\/covers4car.com\/wp-content\/uploads\/2025\/09\/7-16-150x150.webp 150w, https:\/\/covers4car.com\/wp-content\/uploads\/2025\/09\/7-16-768x768.webp 768w, https:\/\/covers4car.com\/wp-content\/uploads\/2025\/09\/7-16-12x12.webp 12w, https:\/\/covers4car.com\/wp-content\/uploads\/2025\/09\/7-16-600x600.webp 600w, https:\/\/covers4car.com\/wp-content\/uploads\/2025\/09\/7-16-148x148.webp 148w, https:\/\/covers4car.com\/wp-content\/uploads\/2025\/09\/7-16-50x50.webp 50w, https:\/\/covers4car.com\/wp-content\/uploads\/2025\/09\/7-16-100x100.webp 100w\" sizes=\"(max-width: 1000px) 100vw, 1000px\" \/><\/a><\/strong><\/p>\n<ul>\n<li><strong>Seguridad compatible con airbag: <\/strong>Las costuras especiales permiten que los airbags se desplieguen libremente sin obstrucciones. Conduzca con confianza sabiendo que su seguridad nunca se ve comprometida.<\/li>\n<\/ul>\n<p><strong><a href=\"https:\/\/covers4car.com\/wp-content\/uploads\/2025\/09\/8-17.webp\"><img loading=\"lazy\" decoding=\"async\" class=\"wd-lazy-fade alignnone size-full wp-image-30321\" src=\"https:\/\/covers4car.com\/wp-content\/themes\/woodmart\/images\/lazy.svg\" data-src=\"https:\/\/covers4car.com\/wp-content\/uploads\/2025\/09\/8-17.webp\" alt=\"\" width=\"1000\" height=\"1000\" srcset=\"\" data-srcset=\"https:\/\/covers4car.com\/wp-content\/uploads\/2025\/09\/8-17.webp 1000w, https:\/\/covers4car.com\/wp-content\/uploads\/2025\/09\/8-17-300x300.webp 300w, https:\/\/covers4car.com\/wp-content\/uploads\/2025\/09\/8-17-150x150.webp 150w, https:\/\/covers4car.com\/wp-content\/uploads\/2025\/09\/8-17-768x768.webp 768w, https:\/\/covers4car.com\/wp-content\/uploads\/2025\/09\/8-17-12x12.webp 12w, https:\/\/covers4car.com\/wp-content\/uploads\/2025\/09\/8-17-600x600.webp 600w, https:\/\/covers4car.com\/wp-content\/uploads\/2025\/09\/8-17-148x148.webp 148w, https:\/\/covers4car.com\/wp-content\/uploads\/2025\/09\/8-17-50x50.webp 50w, https:\/\/covers4car.com\/wp-content\/uploads\/2025\/09\/8-17-100x100.webp 100w\" sizes=\"(max-width: 1000px) 100vw, 1000px\" \/><\/a><\/strong><\/p>\n<ul>\n<li><strong>Instalaci\u00f3n r\u00e1pida y sencilla: <\/strong>Se instala en minutos sin herramientas gracias a un sencillo sistema de correa y hebilla. Disfruta de un ajuste perfecto y sin arrugas en todo momento.<strong><br \/>\n<\/strong><\/li>\n<li><strong>Hecho de cuero de primera calidad: <\/strong>Fabricado en cuero de alta calidad, resistente al desgaste, impermeable y antiarrugas, con un dise\u00f1o perforado de cobertura completa para proteger sus asientos originales. Suave, duradero y elegante, mejora al instante la comodidad de su interior.<\/li>\n<\/ul>\n<p><a href=\"https:\/\/covers4car.com\/wp-content\/uploads\/2025\/09\/5-19.webp\"><img loading=\"lazy\" decoding=\"async\" class=\"wd-lazy-fade alignnone size-full wp-image-30286\" src=\"https:\/\/covers4car.com\/wp-content\/themes\/woodmart\/images\/lazy.svg\" data-src=\"https:\/\/covers4car.com\/wp-content\/uploads\/2025\/09\/5-19.webp\" alt=\"\" width=\"1000\" height=\"1000\" \/><\/a><\/p>\n<ul>\n<li><strong>Varios colores y estilos: <\/strong>Hay una variedad de colores disponibles para realzar la belleza del interior de su autom\u00f3vil y resaltar la moda y la personalidad.<\/li>\n<\/ul>\n<\/div>\n<\/div>\n<\/div>\n<\/div>\n<\/div>\n<\/div>\n<p><strong>Conjunto completo:<\/strong><\/p>\n<ul>\n<li>2x fundas para asientos delanteros<\/li>\n<li>1x funda completa para asiento trasero<\/li>\n<\/ul>\n<p><strong>Solo asientos delanteros<\/strong><\/p>\n<ul>\n<li>1x funda completa para asientos delanteros<\/li>\n<\/ul>\n<p><strong>Solo asientos traseros<\/strong><\/p>\n<ul>\n<li>1x funda completa para asiento trasero<\/li>\n<\/ul>\n<p><strong>Gu\u00eda de instalaci\u00f3n:<br \/>\n<\/strong><br \/>\n<iframe title=\"Reproductor de v\u00eddeo de YouTube\" src=\"https:\/\/www.youtube.com\/embed\/XyWGEmrdpvg?si=kLoKUgUQATQi4Nbv\" width=\"800\" height=\"450\" frameborder=\"0\" allowfullscreen=\"allowfullscreen\"><\/iframe><\/p>","protected":false},"excerpt":{"rendered":"<p>Transforma tu experiencia de conducci\u00f3n con las fundas de asiento integrales de Covers4car, dise\u00f1adas exclusivamente para el Toyota Rav4 (modelos 2013-2025+). Estas fundas se ajustan a la perfecci\u00f3n al Toyota Rav4.<\/p>","protected":false},"featured_media":30248,"comment_status":"open","ping_status":"closed","template":"","meta":{"_acf_changed":false,"_monsterinsights_skip_tracking":false,"_monsterinsights_sitenote_active":false,"_monsterinsights_sitenote_note":"","_monsterinsights_sitenote_category":0},"product_brand":[],"product_cat":[124,11560,11561],"product_tag":[54968],"jet_color":[],"jet_material":[],"jet_coverage":[],"class_list":{"0":"post-22399","1":"product","2":"type-product","3":"status-publish","4":"has-post-thumbnail","6":"product_cat-seat-cover","7":"product_cat-seat-cover-for-toyota","8":"product_cat-seat-cover-for-toyota-rav4","9":"product_tag-fit-rav4","11":"first","12":"instock","13":"shipping-taxable","14":"purchasable","15":"product-type-variable","16":"has-default-attributes","17":"wvs-archive-product-wrapper"},"acf":[],"yoast_head":"<!-- This site is optimized with the Yoast SEO Premium plugin v26.4 (Yoast SEO v26.4) - https:\/\/yoast.com\/wordpress\/plugins\/seo\/ -->\n<title>Custom-Fit Toyota Rav4 Seat Covers | Premium Fit<\/title>\n<meta name=\"description\" content=\"Discover custom-fit Toyota Rav4 seat covers for 2013\u20132025+. Premium leather fit, easy care, and lasting interior style.\" \/>\n<meta name=\"robots\" content=\"index, follow, max-snippet:-1, max-image-preview:large, max-video-preview:-1\" \/>\n<link rel=\"canonical\" href=\"https:\/\/covers4car.com\/es\/producto\/custom-fit-toyota-rav4-leather-seat-cover-all-inclusive-seat-cover-12\/\" \/>\n<meta property=\"og:locale\" content=\"es_ES\" \/>\n<meta property=\"og:type\" content=\"article\" \/>\n<meta property=\"og:title\" content=\"Custom Fit Toyota Rav4 Leather Seat Cover All Inclusive Seat Cover 12\" \/>\n<meta property=\"og:description\" content=\"Discover custom-fit Toyota Rav4 seat covers for 2013\u20132025+. Premium leather fit, easy care, and lasting interior style.\" \/>\n<meta property=\"og:url\" content=\"https:\/\/covers4car.com\/es\/producto\/custom-fit-toyota-rav4-leather-seat-cover-all-inclusive-seat-cover-12\/\" \/>\n<meta property=\"og:site_name\" content=\"Covers4Car\" \/>\n<meta property=\"article:publisher\" content=\"https:\/\/www.facebook.com\/profile.php?id=61564533557142\" \/>\n<meta property=\"article:modified_time\" content=\"2026-03-31T02:09:43+00:00\" \/>\n<meta property=\"og:image\" content=\"https:\/\/covers4car.com\/wp-content\/uploads\/2025\/09\/new_1-19.webp\" \/>\n\t<meta property=\"og:image:width\" content=\"1000\" \/>\n\t<meta property=\"og:image:height\" content=\"1000\" \/>\n\t<meta property=\"og:image:type\" content=\"image\/webp\" \/>\n<meta name=\"twitter:card\" content=\"summary_large_image\" \/>\n<meta name=\"twitter:site\" content=\"@covers4carstore\" \/>\n<meta name=\"twitter:label1\" content=\"Tiempo de lectura\" \/>\n\t<meta name=\"twitter:data1\" content=\"4 minutos\" \/>\n<script type=\"application\/ld+json\" class=\"yoast-schema-graph\">{\"@context\":\"https:\/\/schema.org\",\"@graph\":[{\"@type\":\"WebPage\",\"@id\":\"https:\/\/covers4car.com\/product\/custom-fit-toyota-rav4-leather-seat-cover-all-inclusive-seat-cover-12\/\",\"url\":\"https:\/\/covers4car.com\/product\/custom-fit-toyota-rav4-leather-seat-cover-all-inclusive-seat-cover-12\/\",\"name\":\"Custom-Fit Toyota Rav4 Seat Covers | Premium Fit\",\"isPartOf\":{\"@id\":\"https:\/\/covers4car.com\/#website\"},\"primaryImageOfPage\":{\"@id\":\"https:\/\/covers4car.com\/product\/custom-fit-toyota-rav4-leather-seat-cover-all-inclusive-seat-cover-12\/#primaryimage\"},\"image\":{\"@id\":\"https:\/\/covers4car.com\/product\/custom-fit-toyota-rav4-leather-seat-cover-all-inclusive-seat-cover-12\/#primaryimage\"},\"thumbnailUrl\":\"https:\/\/covers4car.com\/wp-content\/uploads\/2025\/09\/new_1-19.webp\",\"datePublished\":\"2025-09-11T12:16:32+00:00\",\"dateModified\":\"2026-03-31T02:09:43+00:00\",\"description\":\"Discover custom-fit Toyota Rav4 seat covers for 2013\u20132025+. Premium leather fit, easy care, and lasting interior style.\",\"breadcrumb\":{\"@id\":\"https:\/\/covers4car.com\/product\/custom-fit-toyota-rav4-leather-seat-cover-all-inclusive-seat-cover-12\/#breadcrumb\"},\"inLanguage\":\"es\",\"potentialAction\":[{\"@type\":\"ReadAction\",\"target\":[\"https:\/\/covers4car.com\/product\/custom-fit-toyota-rav4-leather-seat-cover-all-inclusive-seat-cover-12\/\"]}]},{\"@type\":\"ImageObject\",\"inLanguage\":\"es\",\"@id\":\"https:\/\/covers4car.com\/product\/custom-fit-toyota-rav4-leather-seat-cover-all-inclusive-seat-cover-12\/#primaryimage\",\"url\":\"https:\/\/covers4car.com\/wp-content\/uploads\/2025\/09\/new_1-19.webp\",\"contentUrl\":\"https:\/\/covers4car.com\/wp-content\/uploads\/2025\/09\/new_1-19.webp\",\"width\":1000,\"height\":1000},{\"@type\":\"BreadcrumbList\",\"@id\":\"https:\/\/covers4car.com\/product\/custom-fit-toyota-rav4-leather-seat-cover-all-inclusive-seat-cover-12\/#breadcrumb\",\"itemListElement\":[{\"@type\":\"ListItem\",\"position\":1,\"name\":\"Home\",\"item\":\"https:\/\/covers4car.com\/\"},{\"@type\":\"ListItem\",\"position\":2,\"name\":\"Shop\",\"item\":\"https:\/\/covers4car.com\/shop\/\"},{\"@type\":\"ListItem\",\"position\":3,\"name\":\"Custom Fit Toyota Rav4 Leather Seat Cover All Inclusive Seat Cover 12\"}]},{\"@type\":\"WebSite\",\"@id\":\"https:\/\/covers4car.com\/#website\",\"url\":\"https:\/\/covers4car.com\/\",\"name\":\"Covers4Car\",\"description\":\"Professional Seat Covers Tailored for Your Vehicle\",\"publisher\":{\"@id\":\"https:\/\/covers4car.com\/#organization\"},\"potentialAction\":[{\"@type\":\"SearchAction\",\"target\":{\"@type\":\"EntryPoint\",\"urlTemplate\":\"https:\/\/covers4car.com\/?s={search_term_string}\"},\"query-input\":{\"@type\":\"PropertyValueSpecification\",\"valueRequired\":true,\"valueName\":\"search_term_string\"}}],\"inLanguage\":\"es\"},{\"@type\":\"Organization\",\"@id\":\"https:\/\/covers4car.com\/#organization\",\"name\":\"Covers4Car\",\"url\":\"https:\/\/covers4car.com\/\",\"logo\":{\"@type\":\"ImageObject\",\"inLanguage\":\"es\",\"@id\":\"https:\/\/covers4car.com\/#\/schema\/logo\/image\/\",\"url\":\"https:\/\/covers4car.com\/wp-content\/uploads\/2024\/11\/Asset-2@5x-copy.jpg\",\"contentUrl\":\"https:\/\/covers4car.com\/wp-content\/uploads\/2024\/11\/Asset-2@5x-copy.jpg\",\"width\":877,\"height\":877,\"caption\":\"Covers4Car\"},\"image\":{\"@id\":\"https:\/\/covers4car.com\/#\/schema\/logo\/image\/\"},\"sameAs\":[\"https:\/\/www.facebook.com\/profile.php?id=61564533557142\",\"https:\/\/x.com\/covers4carstore\"]}]}<\/script>\n<!-- \/ Yoast SEO Premium plugin. -->","yoast_head_json":{"title":"Custom-Fit Toyota Rav4 Seat Covers | Premium Fit","description":"Discover custom-fit Toyota Rav4 seat covers for 2013\u20132025+. Premium leather fit, easy care, and lasting interior style.","robots":{"index":"index","follow":"follow","max-snippet":"max-snippet:-1","max-image-preview":"max-image-preview:large","max-video-preview":"max-video-preview:-1"},"canonical":"https:\/\/covers4car.com\/es\/producto\/custom-fit-toyota-rav4-leather-seat-cover-all-inclusive-seat-cover-12\/","og_locale":"es_ES","og_type":"article","og_title":"Custom Fit Toyota Rav4 Leather Seat Cover All Inclusive Seat Cover 12","og_description":"Discover custom-fit Toyota Rav4 seat covers for 2013\u20132025+. Premium leather fit, easy care, and lasting interior style.","og_url":"https:\/\/covers4car.com\/es\/producto\/custom-fit-toyota-rav4-leather-seat-cover-all-inclusive-seat-cover-12\/","og_site_name":"Covers4Car","article_publisher":"https:\/\/www.facebook.com\/profile.php?id=61564533557142","article_modified_time":"2026-03-31T02:09:43+00:00","og_image":[{"width":1000,"height":1000,"url":"https:\/\/covers4car.com\/wp-content\/uploads\/2025\/09\/new_1-19.webp","type":"image\/webp"}],"twitter_card":"summary_large_image","twitter_site":"@covers4carstore","twitter_misc":{"Tiempo de lectura":"4 minutos"},"schema":{"@context":"https:\/\/schema.org","@graph":[{"@type":"WebPage","@id":"https:\/\/covers4car.com\/product\/custom-fit-toyota-rav4-leather-seat-cover-all-inclusive-seat-cover-12\/","url":"https:\/\/covers4car.com\/product\/custom-fit-toyota-rav4-leather-seat-cover-all-inclusive-seat-cover-12\/","name":"Custom-Fit Toyota Rav4 Seat Covers | Premium Fit","isPartOf":{"@id":"https:\/\/covers4car.com\/#website"},"primaryImageOfPage":{"@id":"https:\/\/covers4car.com\/product\/custom-fit-toyota-rav4-leather-seat-cover-all-inclusive-seat-cover-12\/#primaryimage"},"image":{"@id":"https:\/\/covers4car.com\/product\/custom-fit-toyota-rav4-leather-seat-cover-all-inclusive-seat-cover-12\/#primaryimage"},"thumbnailUrl":"https:\/\/covers4car.com\/wp-content\/uploads\/2025\/09\/new_1-19.webp","datePublished":"2025-09-11T12:16:32+00:00","dateModified":"2026-03-31T02:09:43+00:00","description":"Discover custom-fit Toyota Rav4 seat covers for 2013\u20132025+. Premium leather fit, easy care, and lasting interior style.","breadcrumb":{"@id":"https:\/\/covers4car.com\/product\/custom-fit-toyota-rav4-leather-seat-cover-all-inclusive-seat-cover-12\/#breadcrumb"},"inLanguage":"es","potentialAction":[{"@type":"ReadAction","target":["https:\/\/covers4car.com\/product\/custom-fit-toyota-rav4-leather-seat-cover-all-inclusive-seat-cover-12\/"]}]},{"@type":"ImageObject","inLanguage":"es","@id":"https:\/\/covers4car.com\/product\/custom-fit-toyota-rav4-leather-seat-cover-all-inclusive-seat-cover-12\/#primaryimage","url":"https:\/\/covers4car.com\/wp-content\/uploads\/2025\/09\/new_1-19.webp","contentUrl":"https:\/\/covers4car.com\/wp-content\/uploads\/2025\/09\/new_1-19.webp","width":1000,"height":1000},{"@type":"BreadcrumbList","@id":"https:\/\/covers4car.com\/product\/custom-fit-toyota-rav4-leather-seat-cover-all-inclusive-seat-cover-12\/#breadcrumb","itemListElement":[{"@type":"ListItem","position":1,"name":"Home","item":"https:\/\/covers4car.com\/"},{"@type":"ListItem","position":2,"name":"Shop","item":"https:\/\/covers4car.com\/shop\/"},{"@type":"ListItem","position":3,"name":"Custom Fit Toyota Rav4 Leather Seat Cover All Inclusive Seat Cover 12"}]},{"@type":"WebSite","@id":"https:\/\/covers4car.com\/#website","url":"https:\/\/covers4car.com\/","name":"Covers4Car","description":"Fundas de asiento profesionales a medida para su veh\u00edculo","publisher":{"@id":"https:\/\/covers4car.com\/#organization"},"potentialAction":[{"@type":"SearchAction","target":{"@type":"EntryPoint","urlTemplate":"https:\/\/covers4car.com\/?s={search_term_string}"},"query-input":{"@type":"PropertyValueSpecification","valueRequired":true,"valueName":"search_term_string"}}],"inLanguage":"es"},{"@type":"Organization","@id":"https:\/\/covers4car.com\/#organization","name":"Covers4Car","url":"https:\/\/covers4car.com\/","logo":{"@type":"ImageObject","inLanguage":"es","@id":"https:\/\/covers4car.com\/#\/schema\/logo\/image\/","url":"https:\/\/covers4car.com\/wp-content\/uploads\/2024\/11\/Asset-2@5x-copy.jpg","contentUrl":"https:\/\/covers4car.com\/wp-content\/uploads\/2024\/11\/Asset-2@5x-copy.jpg","width":877,"height":877,"caption":"Covers4Car"},"image":{"@id":"https:\/\/covers4car.com\/#\/schema\/logo\/image\/"},"sameAs":["https:\/\/www.facebook.com\/profile.php?id=61564533557142","https:\/\/x.com\/covers4carstore"]}]}},"_links":{"self":[{"href":"https:\/\/covers4car.com\/es\/wp-json\/wp\/v2\/product\/22399","targetHints":{"allow":["GET"]}}],"collection":[{"href":"https:\/\/covers4car.com\/es\/wp-json\/wp\/v2\/product"}],"about":[{"href":"https:\/\/covers4car.com\/es\/wp-json\/wp\/v2\/types\/product"}],"replies":[{"embeddable":true,"href":"https:\/\/covers4car.com\/es\/wp-json\/wp\/v2\/comments?post=22399"}],"version-history":[{"count":0,"href":"https:\/\/covers4car.com\/es\/wp-json\/wp\/v2\/product\/22399\/revisions"}],"wp:featuredmedia":[{"embeddable":true,"href":"https:\/\/covers4car.com\/es\/wp-json\/wp\/v2\/media\/30248"}],"wp:attachment":[{"href":"https:\/\/covers4car.com\/es\/wp-json\/wp\/v2\/media?parent=22399"}],"wp:term":[{"taxonomy":"product_brand","embeddable":true,"href":"https:\/\/covers4car.com\/es\/wp-json\/wp\/v2\/product_brand?post=22399"},{"taxonomy":"product_cat","embeddable":true,"href":"https:\/\/covers4car.com\/es\/wp-json\/wp\/v2\/product_cat?post=22399"},{"taxonomy":"product_tag","embeddable":true,"href":"https:\/\/covers4car.com\/es\/wp-json\/wp\/v2\/product_tag?post=22399"},{"taxonomy":"jet_color","embeddable":true,"href":"https:\/\/covers4car.com\/es\/wp-json\/wp\/v2\/jet_color?post=22399"},{"taxonomy":"jet_material","embeddable":true,"href":"https:\/\/covers4car.com\/es\/wp-json\/wp\/v2\/jet_material?post=22399"},{"taxonomy":"jet_coverage","embeddable":true,"href":"https:\/\/covers4car.com\/es\/wp-json\/wp\/v2\/jet_coverage?post=22399"}],"curies":[{"name":"gracias","href":"https:\/\/api.w.org\/{rel}","templated":true}]}}