{"id":19897,"date":"2025-07-24T08:44:14","date_gmt":"2025-07-24T15:44:14","guid":{"rendered":"https:\/\/covers4car.com\/?page_id=19897"},"modified":"2025-07-24T11:01:38","modified_gmt":"2025-07-24T18:01:38","slug":"legal-information","status":"publish","type":"page","link":"https:\/\/covers4car.com\/fi\/legal-information\/","title":{"rendered":"Lakitiedot"},"content":{"rendered":"<h2 class=\"wp-block-heading\" id=\"h-\"><\/h2>\n\n\n\n<p>T\u00e4ss\u00e4 osiossa on t\u00e4rkeit\u00e4 oikeudellisia ja yhteystietoja <strong>Covers4Car<\/strong>.<\/p>\n\n\n\n<p><strong>Yrityksen nimi:<\/strong> Gotouchup Inc. <\/p>\n\n\n\n<p><strong>Kauppanimi:<\/strong> Covers4Car <\/p>\n\n\n\n<p><strong>Yritysnumero (Y-tunnus):<\/strong> 38-4326041 <\/p>\n\n\n\n<p><strong>Osoite:<\/strong> 3422 Old Capitol Trl Ste 4001, Wilmington, DE 19808, Yhdysvallat <\/p>\n\n\n\n<p><strong>Puhelin:<\/strong> <a href=\"tel:+1 (619) 534-4662\">+1 (619) 534-4662 <\/a><\/p>\n\n\n\n<p><strong>S\u00e4hk\u00f6posti:<\/strong> <a href=\"mailto:support@covers4car.com\">support@covers4car.com<\/a><\/p>\n\n\n\n<p><strong>Vastuuvapauslauseke:<\/strong> T\u00e4ll\u00e4 sivulla annetut tiedot ovat vain yleisi\u00e4 tiedoksi ja niit\u00e4 voidaan muuttaa ilman erillist\u00e4 ilmoitusta. Vaikka pyrimme pit\u00e4m\u00e4\u00e4n tiedot oikeina ja ajan tasalla, emme anna mink\u00e4\u00e4nlaisia nimenomaisia tai ep\u00e4suoria takuita tai vakuutuksia verkkosivuston tai verkkosivustolla olevien tietojen, tuotteiden, palveluiden tai niihin liittyvien grafiikoiden t\u00e4ydellisyydest\u00e4, tarkkuudesta, luotettavuudesta, sopivuudesta tai saatavuudesta mihink\u00e4\u00e4n tarkoitukseen. Kaikki n\u00e4ihin tietoihin luottaminen on siksi t\u00e4ysin omalla vastuullasi.<\/p>\n\n\n\n<p><\/p>","protected":false},"excerpt":{"rendered":"<p>T\u00e4ss\u00e4 osiossa on Covers4Carin olennaiset oikeudelliset ja yhteystiedot. Yrityksen nimi: Gotouchup Inc. Kauppanimi: Covers4Car Yritysnumero (EIN):<\/p>","protected":false},"author":1509,"featured_media":0,"parent":0,"menu_order":0,"comment_status":"closed","ping_status":"closed","template":"","meta":{"_acf_changed":false,"_monsterinsights_skip_tracking":false,"_monsterinsights_sitenote_active":false,"_monsterinsights_sitenote_note":"","_monsterinsights_sitenote_category":0,"footnotes":""},"class_list":["post-19897","page","type-page","status-publish","hentry"],"acf":[],"yoast_head":"<!-- This site is optimized with the Yoast SEO Premium plugin v26.4 (Yoast SEO v26.4) - https:\/\/yoast.com\/wordpress\/plugins\/seo\/ -->\n<title>Legal Information - Covers4Car<\/title>\n<meta name=\"description\" content=\"Legal Information This section provides essential legal and contact information for Covers4Car. Company Name: Gotouchup Inc. Trade Name: Covers4Car Company Number (EIN):\" \/>\n<meta name=\"robots\" content=\"index, follow, max-snippet:-1, max-image-preview:large, max-video-preview:-1\" \/>\n<link rel=\"canonical\" href=\"https:\/\/covers4car.com\/fi\/legal-information\/\" \/>\n<meta property=\"og:locale\" content=\"fi_FI\" \/>\n<meta property=\"og:type\" content=\"article\" \/>\n<meta property=\"og:title\" content=\"Legal Information\" \/>\n<meta property=\"og:description\" content=\"Legal Information This section provides essential legal and contact information for Covers4Car. Company Name: Gotouchup Inc. Trade Name: Covers4Car Company Number (EIN):\" \/>\n<meta property=\"og:url\" content=\"https:\/\/covers4car.com\/fi\/legal-information\/\" \/>\n<meta property=\"og:site_name\" content=\"Covers4Car\" \/>\n<meta property=\"article:publisher\" content=\"https:\/\/www.facebook.com\/profile.php?id=61564533557142\" \/>\n<meta property=\"article:modified_time\" content=\"2025-07-24T18:01:38+00:00\" \/>\n<meta name=\"twitter:card\" content=\"summary_large_image\" \/>\n<meta name=\"twitter:site\" content=\"@covers4carstore\" \/>\n<meta name=\"twitter:label1\" content=\"Arvioitu lukuaika\" \/>\n\t<meta name=\"twitter:data1\" content=\"1 minuutti\" \/>\n<script type=\"application\/ld+json\" class=\"yoast-schema-graph\">{\"@context\":\"https:\/\/schema.org\",\"@graph\":[{\"@type\":\"WebPage\",\"@id\":\"https:\/\/covers4car.com\/legal-information\/\",\"url\":\"https:\/\/covers4car.com\/legal-information\/\",\"name\":\"Legal Information - Covers4Car\",\"isPartOf\":{\"@id\":\"https:\/\/covers4car.com\/#website\"},\"datePublished\":\"2025-07-24T15:44:14+00:00\",\"dateModified\":\"2025-07-24T18:01:38+00:00\",\"description\":\"Legal Information This section provides essential legal and contact information for Covers4Car. Company Name: Gotouchup Inc. Trade Name: Covers4Car Company Number (EIN):\",\"breadcrumb\":{\"@id\":\"https:\/\/covers4car.com\/legal-information\/#breadcrumb\"},\"inLanguage\":\"fi\",\"potentialAction\":[{\"@type\":\"ReadAction\",\"target\":[\"https:\/\/covers4car.com\/legal-information\/\"]}]},{\"@type\":\"BreadcrumbList\",\"@id\":\"https:\/\/covers4car.com\/legal-information\/#breadcrumb\",\"itemListElement\":[{\"@type\":\"ListItem\",\"position\":1,\"name\":\"Home\",\"item\":\"https:\/\/covers4car.com\/\"},{\"@type\":\"ListItem\",\"position\":2,\"name\":\"Legal Information\"}]},{\"@type\":\"WebSite\",\"@id\":\"https:\/\/covers4car.com\/#website\",\"url\":\"https:\/\/covers4car.com\/\",\"name\":\"Covers4Car\",\"description\":\"Professional Seat Covers Tailored for Your Vehicle\",\"publisher\":{\"@id\":\"https:\/\/covers4car.com\/#organization\"},\"potentialAction\":[{\"@type\":\"SearchAction\",\"target\":{\"@type\":\"EntryPoint\",\"urlTemplate\":\"https:\/\/covers4car.com\/?s={search_term_string}\"},\"query-input\":{\"@type\":\"PropertyValueSpecification\",\"valueRequired\":true,\"valueName\":\"search_term_string\"}}],\"inLanguage\":\"fi\"},{\"@type\":\"Organization\",\"@id\":\"https:\/\/covers4car.com\/#organization\",\"name\":\"Covers4Car\",\"url\":\"https:\/\/covers4car.com\/\",\"logo\":{\"@type\":\"ImageObject\",\"inLanguage\":\"fi\",\"@id\":\"https:\/\/covers4car.com\/#\/schema\/logo\/image\/\",\"url\":\"https:\/\/covers4car.com\/wp-content\/uploads\/2024\/11\/Asset-2@5x-copy.jpg\",\"contentUrl\":\"https:\/\/covers4car.com\/wp-content\/uploads\/2024\/11\/Asset-2@5x-copy.jpg\",\"width\":877,\"height\":877,\"caption\":\"Covers4Car\"},\"image\":{\"@id\":\"https:\/\/covers4car.com\/#\/schema\/logo\/image\/\"},\"sameAs\":[\"https:\/\/www.facebook.com\/profile.php?id=61564533557142\",\"https:\/\/x.com\/covers4carstore\"]}]}<\/script>\n<!-- \/ Yoast SEO Premium plugin. -->","yoast_head_json":{"title":"Lakitiedot - Covers4Car","description":"Lakitiedot T\u00e4ss\u00e4 osiossa on Covers4Carin olennaiset laki- ja yhteystiedot. Yrityksen nimi: Gotouchup Inc. Kauppanimi: Covers4Car Yritysnumero (EIN):","robots":{"index":"index","follow":"follow","max-snippet":"max-snippet:-1","max-image-preview":"max-image-preview:large","max-video-preview":"max-video-preview:-1"},"canonical":"https:\/\/covers4car.com\/fi\/legal-information\/","og_locale":"fi_FI","og_type":"article","og_title":"Legal Information","og_description":"Legal Information This section provides essential legal and contact information for Covers4Car. Company Name: Gotouchup Inc. Trade Name: Covers4Car Company Number (EIN):","og_url":"https:\/\/covers4car.com\/fi\/legal-information\/","og_site_name":"Covers4Car","article_publisher":"https:\/\/www.facebook.com\/profile.php?id=61564533557142","article_modified_time":"2025-07-24T18:01:38+00:00","twitter_card":"summary_large_image","twitter_site":"@covers4carstore","twitter_misc":{"Arvioitu lukuaika":"1 minuutti"},"schema":{"@context":"https:\/\/schema.org","@graph":[{"@type":"WebPage","@id":"https:\/\/covers4car.com\/legal-information\/","url":"https:\/\/covers4car.com\/legal-information\/","name":"Lakitiedot - Covers4Car","isPartOf":{"@id":"https:\/\/covers4car.com\/#website"},"datePublished":"2025-07-24T15:44:14+00:00","dateModified":"2025-07-24T18:01:38+00:00","description":"Lakitiedot T\u00e4ss\u00e4 osiossa on Covers4Carin olennaiset laki- ja yhteystiedot. Yrityksen nimi: Gotouchup Inc. Kauppanimi: Covers4Car Yritysnumero (EIN):","breadcrumb":{"@id":"https:\/\/covers4car.com\/legal-information\/#breadcrumb"},"inLanguage":"fi","potentialAction":[{"@type":"ReadAction","target":["https:\/\/covers4car.com\/legal-information\/"]}]},{"@type":"BreadcrumbList","@id":"https:\/\/covers4car.com\/legal-information\/#breadcrumb","itemListElement":[{"@type":"ListItem","position":1,"name":"Home","item":"https:\/\/covers4car.com\/"},{"@type":"ListItem","position":2,"name":"Legal Information"}]},{"@type":"WebSite","@id":"https:\/\/covers4car.com\/#website","url":"https:\/\/covers4car.com\/","name":"Covers4Car","description":"Ammattimaiset istuinsuojat r\u00e4\u00e4t\u00e4l\u00f6ityn\u00e4 ajoneuvoosi","publisher":{"@id":"https:\/\/covers4car.com\/#organization"},"potentialAction":[{"@type":"SearchAction","target":{"@type":"EntryPoint","urlTemplate":"https:\/\/covers4car.com\/?s={search_term_string}"},"query-input":{"@type":"PropertyValueSpecification","valueRequired":true,"valueName":"search_term_string"}}],"inLanguage":"fi"},{"@type":"Organization","@id":"https:\/\/covers4car.com\/#organization","name":"Covers4Car","url":"https:\/\/covers4car.com\/","logo":{"@type":"ImageObject","inLanguage":"fi","@id":"https:\/\/covers4car.com\/#\/schema\/logo\/image\/","url":"https:\/\/covers4car.com\/wp-content\/uploads\/2024\/11\/Asset-2@5x-copy.jpg","contentUrl":"https:\/\/covers4car.com\/wp-content\/uploads\/2024\/11\/Asset-2@5x-copy.jpg","width":877,"height":877,"caption":"Covers4Car"},"image":{"@id":"https:\/\/covers4car.com\/#\/schema\/logo\/image\/"},"sameAs":["https:\/\/www.facebook.com\/profile.php?id=61564533557142","https:\/\/x.com\/covers4carstore"]}]}},"_links":{"self":[{"href":"https:\/\/covers4car.com\/fi\/wp-json\/wp\/v2\/pages\/19897","targetHints":{"allow":["GET"]}}],"collection":[{"href":"https:\/\/covers4car.com\/fi\/wp-json\/wp\/v2\/pages"}],"about":[{"href":"https:\/\/covers4car.com\/fi\/wp-json\/wp\/v2\/types\/page"}],"author":[{"embeddable":true,"href":"https:\/\/covers4car.com\/fi\/wp-json\/wp\/v2\/users\/1509"}],"replies":[{"embeddable":true,"href":"https:\/\/covers4car.com\/fi\/wp-json\/wp\/v2\/comments?post=19897"}],"version-history":[{"count":0,"href":"https:\/\/covers4car.com\/fi\/wp-json\/wp\/v2\/pages\/19897\/revisions"}],"wp:attachment":[{"href":"https:\/\/covers4car.com\/fi\/wp-json\/wp\/v2\/media?parent=19897"}],"curies":[{"name":"wp","href":"https:\/\/api.w.org\/{rel}","templated":true}]}}