{"id":9970,"date":"2024-11-01T05:48:12","date_gmt":"2024-11-01T12:48:12","guid":{"rendered":"https:\/\/covers4car.wpenginepowered.com\/?page_id=9970"},"modified":"2025-07-24T17:18:37","modified_gmt":"2025-07-25T00:18:37","slug":"terms-of-service","status":"publish","type":"page","link":"https:\/\/covers4car.com\/fi\/terms-of-service\/","title":{"rendered":"Palveluehdot"},"content":{"rendered":"<h2 class=\"wp-block-heading\" id=\"h-terms-of-service\">Palveluehdot<\/h2>\n\n\n\n<p>Tervetuloa <strong>covers4car.com<\/strong> verkkosivusto. K\u00e4ytt\u00e4m\u00e4ll\u00e4 t\u00e4t\u00e4 verkkosivustoa sitoudut noudattamaan seuraavia ehtoja (&quot;Sopimus&quot;). T\u00e4m\u00e4 sopimus s\u00e4\u00e4telee palveluiden, ominaisuuksien ja sis\u00e4ll\u00f6n k\u00e4ytt\u00f6\u00e4si, joita tarjoaa <strong>Covers4Car<\/strong> (j\u00e4ljemp\u00e4n\u00e4 \u201dme\u201d, \u201dmeit\u00e4\u201d tai \u201dmeid\u00e4n\u201d). Lis\u00e4ksi, kun k\u00e4yt\u00e4t mit\u00e4 tahansa <strong>covers4car.com<\/strong> palvelua (esim. asiakasarvostelut), sinuun sovelletaan kyseisiin palveluihin sovellettavia s\u00e4\u00e4nt\u00f6j\u00e4, ohjeita, k\u00e4yt\u00e4nt\u00f6j\u00e4, ehtoja ja edellytyksi\u00e4, jotka sis\u00e4llytet\u00e4\u00e4n t\u00e4h\u00e4n sopimukseen viittauksella. Pid\u00e4t\u00e4mme oikeuden muuttaa t\u00e4t\u00e4 verkkosivustoa ja n\u00e4it\u00e4 ehtoja milloin tahansa.<\/p>\n\n\n\n<p><strong>Jatkamalla t\u00e4m\u00e4n verkkosivuston k\u00e4ytt\u00f6\u00e4, selaamista tai muuta k\u00e4ytt\u00f6\u00e4 merkitsee, ett\u00e4 hyv\u00e4ksyt nimenomaisesti kaikki t\u00e4ss\u00e4 sopimuksessa esitetyt ehdot. Lue t\u00e4m\u00e4 sopimus huolellisesti ennen jatkamista.<\/strong><\/p>\n\n\n\n<h3 class=\"wp-block-heading\">1. Sivuston k\u00e4ytt\u00f6<\/h3>\n\n\n\n<p>Vakuutat olevasi v\u00e4hint\u00e4\u00e4n 18-vuotias tai k\u00e4ytt\u00e4v\u00e4si t\u00e4t\u00e4 verkkosivustoa vanhemman tai laillisen huoltajan suorassa valvonnassa. T\u00e4m\u00e4n sopimuksen ehtojen mukaisesti, <strong>covers4car.com<\/strong> my\u00f6nt\u00e4\u00e4 sinulle t\u00e4ten rajoitetun, peruutettavissa olevan, ei-siirrett\u00e4v\u00e4n ja ei-yksinomaisen k\u00e4ytt\u00f6oikeuden verkkosivuston k\u00e4ytt\u00e4miseen n\u00e4ytt\u00e4m\u00e4ll\u00e4 sit\u00e4 internetselaimessasi ainoastaan sivustolla myyt\u00e4vien henkil\u00f6kohtaisten tuotteiden ostamiseen eik\u00e4 mihink\u00e4\u00e4n kaupalliseen k\u00e4ytt\u00f6\u00f6n tai k\u00e4ytt\u00f6\u00f6n kolmannen osapuolen puolesta, ellei sit\u00e4 ole nimenomaisesti sallittu. <strong>covers4car.com<\/strong> kirjallisesti etuk\u00e4teen. T\u00e4m\u00e4n sopimuksen rikkominen johtaa t\u00e4ss\u00e4 my\u00f6nnetyn lisenssin v\u00e4litt\u00f6m\u00e4\u00e4n ja automaattiseen peruuttamiseen ilman ennakkoilmoitusta sinulle.<\/p>\n\n\n\n<p>Ellei edellisess\u00e4 kappaleessa nimenomaisesti sallita toisin, sinulla on kielletty\u00e4 kopioida, levitt\u00e4\u00e4, n\u00e4ytt\u00e4\u00e4, myyd\u00e4, vuokrata, v\u00e4litt\u00e4\u00e4, luoda johdannaisteoksia, k\u00e4\u00e4nt\u00e4\u00e4, muokata, takaisinmallintaa, purkaa, dekoodata tai muuten hy\u00f6dynt\u00e4\u00e4 t\u00e4t\u00e4 verkkosivustoa tai mit\u00e4\u00e4n sen osaa, ellei se ole nimenomaisesti sallittua. <strong>covers4car.com<\/strong> kirjallisesti. Et saa k\u00e4ytt\u00e4\u00e4 verkkosivustolla annettuja tietoja kaupallisesti tai k\u00e4ytt\u00e4\u00e4 verkkosivustoa toisen yrityksen hy\u00f6dyksi ilman [yrityksen nimenomaista etuk\u00e4teist\u00e4 kirjallista suostumusta]. <strong>covers4car.com<\/strong>Pid\u00e4t\u00e4mme oikeuden oman harkintamme mukaan kielt\u00e4yty\u00e4 palvelusta, irtisanoa tilej\u00e4 ja\/tai peruuttaa tilauksia, mukaan lukien rajoituksetta, jos uskomme asiakkaan toiminnan rikkovan sovellettavaa lakia tai olevan haitallista. <strong>Covers4Car<\/strong>n kiinnostuksen kohteet.<\/p>\n\n\n\n<p>Et saa ladata, jakaa tai muutoin julkaista t\u00e4m\u00e4n verkkosivuston kautta mit\u00e4\u00e4n sis\u00e4lt\u00f6\u00e4, tietoa tai muuta materiaalia, joka: (a) loukkaa tai rikkoo kenenk\u00e4\u00e4n tekij\u00e4noikeuksia, patentteja, tavaramerkkej\u00e4, palvelumerkkej\u00e4, liikesalaisuuksia tai muita omistusoikeuksia; (b) on herjaavaa, uhkaavaa, halventavaa, s\u00e4\u00e4dyt\u00f6nt\u00e4, siveet\u00f6nt\u00e4, pornografista tai voisi johtaa siviili- tai rikosoikeudelliseen vastuuseen Yhdysvaltain tai kansainv\u00e4lisen lain nojalla; tai (c) sis\u00e4lt\u00e4\u00e4 virheit\u00e4, viruksia, matoja, ansaluukkuja, troijalaisia tai muuta haitallista koodia tai ominaisuuksia.<\/p>\n\n\n\n<p><strong>Covers4car.com<\/strong> voi antaa sinulle salasanan ja tilin tunnuksen, joiden avulla voit k\u00e4ytt\u00e4\u00e4 tiettyj\u00e4 osia t\u00e4st\u00e4 verkkosivustosta. Joka kerta, kun k\u00e4yt\u00e4t t\u00e4llaista salasanaa tai tunnusta, sinun katsotaan olevan oikeutettu k\u00e4ytt\u00e4m\u00e4\u00e4n verkkosivustoa t\u00e4m\u00e4n sopimuksen ehtojen mukaisesti, ja <strong>covers4car.com<\/strong> ei ole velvollinen tutkimaan t\u00e4llaisen k\u00e4yt\u00f6n valtuutusta tai l\u00e4hdett\u00e4.<\/p>\n\n\n\n<p>Olet yksin vastuussa kaikesta t\u00e4m\u00e4n verkkosivuston k\u00e4yt\u00f6st\u00e4 kenen tahansa toimesta, joka k\u00e4ytt\u00e4\u00e4 sinulle alun perin annettua salasanaa ja tunnistetta, riippumatta siit\u00e4, oletko todella valtuuttanut t\u00e4llaisen k\u00e4yt\u00f6n. T\u00e4m\u00e4 sis\u00e4lt\u00e4\u00e4 rajoituksetta kaikki viestinn\u00e4n, tiedonsiirron ja kaikki velvoitteet (mukaan lukien taloudelliset velvoitteet), jotka aiheutuvat t\u00e4llaisesta k\u00e4yt\u00f6st\u00e4. Olet yksin vastuussa sinulle annetun salasanan ja tunnisteen turvallisuuden ja luottamuksellisuuden suojaamisesta. Sinun on ilmoitettava v\u00e4litt\u00f6m\u00e4sti. <strong>covers4car.com<\/strong> salasanasi tai tunnistetietojesi luvattomasta k\u00e4yt\u00f6st\u00e4 tai muusta t\u00e4m\u00e4n verkkosivuston tietoturvarikkomuksesta tai -uhasta.<\/p>\n\n\n\n<h3 class=\"wp-block-heading\">2. Arvostelut ja kommentit<\/h3>\n\n\n\n<p>Ellei t\u00e4ss\u00e4 sopimuksessa tai sivustolla toisin m\u00e4\u00e4r\u00e4t\u00e4, kaikki verkkosivustolle l\u00e4hett\u00e4m\u00e4si tai julkaisemasi ja\/tai verkkosivustolle toimittamasi sis\u00e4lt\u00f6 <strong>covers4car.com<\/strong>, mukaan lukien rajoituksetta ideat, tietotaito, tekniikat, kysymykset, arvostelut, kommentit ja ehdotukset (yhdess\u00e4 &quot;l\u00e4hetykset&quot;), k\u00e4sitell\u00e4\u00e4n ei-luottamuksellisina ja ei-omistussuojattuina. L\u00e4hett\u00e4m\u00e4ll\u00e4 tai julkaisemalla annat peruuttamattomasti <strong>covers4car.com<\/strong> rojaltivapaa, maailmanlaajuinen, pysyv\u00e4, peruuttamaton, siirrett\u00e4v\u00e4 ja alilisensoitava oikeus ja lisenssi k\u00e4ytt\u00e4\u00e4, kopioida, levitt\u00e4\u00e4, n\u00e4ytt\u00e4\u00e4, julkaista, esitt\u00e4\u00e4, myyd\u00e4, vuokrata, l\u00e4hett\u00e4\u00e4, mukauttaa, luoda johdannaisteoksia t\u00e4llaisista l\u00e4hetyksist\u00e4 mill\u00e4 tahansa tavalla ja miss\u00e4 tahansa muodossa sek\u00e4 k\u00e4\u00e4nt\u00e4\u00e4, muokata, takaisinmallintaa, hajottaa tai purkaa t\u00e4llaisia l\u00e4hetyksi\u00e4. Kaikista l\u00e4hetyksist\u00e4 tulee automaattisesti yksinomaista ja lisensoitua. <strong>covers4car.com<\/strong> eik\u00e4 niit\u00e4 palauteta sinulle. Sitoudut olemaan vaatimatta mit\u00e4\u00e4n moraalisia oikeuksia tai muita immateriaalioikeuksia mihink\u00e4\u00e4n L\u00e4hetysten k\u00e4ytt\u00f6\u00f6n liittyen <strong>covers4car.com<\/strong> tulevaisuudessa.<\/p>\n\n\n\n<p>Takaat, ett\u00e4 L\u00e4hetyksesi ovat kokonaan tai osittain selkeit\u00e4 ja vapaita immateriaalioikeuksien loukkauksista, kiistoista tai kolmansien osapuolten vaatimuksista. <strong>Covers4car.com<\/strong> ei ota vastuuta tekij\u00e4noikeuksien tai muiden kolmansien osapuolten oikeuksien v\u00e4\u00e4rink\u00e4yt\u00f6st\u00e4 sinun toimestasi. Sitoudut puolustamaan ja korvaamaan <strong>Covers4Car<\/strong> kaikkia tappioita, jotka johtuvat merkint\u00f6jen k\u00e4yt\u00f6st\u00e4 mihin tahansa tarkoitukseen.<\/p>\n\n\n\n<p>L\u00e4hetykseen sovellettavien oikeuksien lis\u00e4ksi annat my\u00f6s, ett\u00e4 kun julkaiset kommentteja tai arvosteluja sivustolle, <strong>covers4car.com<\/strong> oikeus k\u00e4ytt\u00e4\u00e4 l\u00e4hett\u00e4m\u00e4\u00e4si nime\u00e4 mink\u00e4 tahansa arvostelun, kommentin tai muun sis\u00e4ll\u00f6n yhteydess\u00e4, jos sellaista on, t\u00e4llaisen arvostelun, kommentin tai muun sis\u00e4ll\u00f6n yhteydess\u00e4. Vakuutat omistavasi tai muuten hallitsevasi kaikkia oikeuksia arvosteluihin, kommentteihin ja muuhun sis\u00e4lt\u00f6\u00f6n, joita julkaiset t\u00e4ll\u00e4 verkkosivustolla, ja ett\u00e4 arvostelujesi, kommenttiesi tai muun sis\u00e4ll\u00f6n k\u00e4ytt\u00f6 <strong>covers4car.com<\/strong> ei loukkaa tai riko mink\u00e4\u00e4n kolmannen osapuolen oikeuksia. Et saa k\u00e4ytt\u00e4\u00e4 v\u00e4\u00e4r\u00e4\u00e4 s\u00e4hk\u00f6postiosoitetta, esiinty\u00e4 toisena henkil\u00f6n\u00e4 tai yhteis\u00f6n\u00e4 tai muulla tavoin johtaa harhaan <strong>covers4car.com<\/strong> tai kolmansille osapuolille mink\u00e4\u00e4n L\u00e4hetyksen tai sis\u00e4ll\u00f6n alkuper\u00e4st\u00e4. <strong>Covers4car.com<\/strong> voi, mutta ei ole velvollinen, poistamaan tai muokkaamaan mit\u00e4 tahansa l\u00e4hetyksi\u00e4 (mukaan lukien kommentit tai arvostelut) mist\u00e4 tahansa syyst\u00e4.<\/p>\n\n\n\n<h3 class=\"wp-block-heading\">3. Tekij\u00e4noikeus<\/h3>\n\n\n\n<p>Kaikki teksti, grafiikka, valokuvat tai muut kuvat, painikekuvakkeet, \u00e4\u00e4nileikkeet, logot, iskulauseet, tuotenimet, Word-ohjelmistot ja muu sis\u00e4lt\u00f6 verkkosivustolla <strong>covers4car.com<\/strong> (yhdess\u00e4 &quot;Sis\u00e4lt\u00f6&quot;) ovat yksinomaista omaisuutta, jonka omistaa <strong>covers4car.com<\/strong> tai sen asianmukaisten sis\u00e4ll\u00f6ntoimittajien. Et saa k\u00e4ytt\u00e4\u00e4, j\u00e4ljent\u00e4\u00e4, kopioida, muokata, l\u00e4hett\u00e4\u00e4, n\u00e4ytt\u00e4\u00e4, julkaista, myyd\u00e4, lisensoida, esitt\u00e4\u00e4 julkisesti, levitt\u00e4\u00e4 tai hy\u00f6dynt\u00e4\u00e4 kaupallisesti mit\u00e4\u00e4n Sis\u00e4lt\u00f6\u00e4 tai muuten h\u00e4vitt\u00e4\u00e4 mit\u00e4\u00e4n Sis\u00e4lt\u00f6\u00e4 tavalla, jota ei sallita. <strong>covers4car.com<\/strong>, ilman <strong>covers4car.com<\/strong>nimenomaista etuk\u00e4teen annettua kirjallista suostumusta. Tiedonlouhinnan, robottien tai vastaavien tiedonkeruu- ja poimintaty\u00f6kalujen k\u00e4ytt\u00f6 <strong>covers4car.com<\/strong>sek\u00e4 k\u00e4ytt\u00f6 <strong>covers4car.com<\/strong> tavaramerkkej\u00e4 tai palvelumerkkej\u00e4 metatunnisteissa on ehdottomasti kielletty. Voit tarkastella ja k\u00e4ytt\u00e4\u00e4 sis\u00e4lt\u00f6\u00e4 ainoastaan henkil\u00f6kohtaisiin tietoihisi, sivustolla ostosten tekemiseen ja tilaamiseen, eik\u00e4 mihink\u00e4\u00e4n muuhun tarkoitukseen. T\u00e4m\u00e4n sivuston kaiken sis\u00e4ll\u00f6n ker\u00e4\u00e4minen, j\u00e4rjestely ja kokoaminen (&quot;Kokoelma&quot;) kuuluu yksinomaan <strong>covers4car.com<\/strong>Et saa k\u00e4ytt\u00e4\u00e4 <strong>covers4car.com<\/strong>Sis\u00e4lt\u00f6\u00e4 tai kokoelmaa mill\u00e4\u00e4n tavalla, joka halventaa tai kyseenalaistaa <strong>Covers4Car<\/strong> tai mill\u00e4\u00e4n tavalla, joka todenn\u00e4k\u00f6isesti aiheuttaa sekaannusta tai rikkoo sovellettavia lakeja tai m\u00e4\u00e4r\u00e4yksi\u00e4. Kaikki t\u00e4ll\u00e4 sivustolla k\u00e4ytetty ohjelmisto (&quot;Ohjelmisto&quot;) on <strong>covers4car.com<\/strong> ja\/tai sen ohjelmistotoimittajat. Sis\u00e4lt\u00f6, Kokoelma ja Ohjelmisto ovat kaikki suojattuja valtion, kansallisilla ja kansainv\u00e4lisill\u00e4 tekij\u00e4noikeuslaeilla. Kaikki oikeudet, joita ei ole nimenomaisesti my\u00f6nnetty, pid\u00e4tet\u00e4\u00e4n. <strong>covers4car.com<\/strong>Rikkojat asetetaan syytteeseen lain t\u00e4ydess\u00e4 ankaruudessa.<\/p>\n\n\n\n<h3 class=\"wp-block-heading\">4. Vastuuvapauslauseke sidonnaisuudesta ja aitoudesta<\/h3>\n\n\n\n<p><strong>Covers4Car<\/strong> on kauppanimi <strong>Gotouchup Inc.<\/strong> Toimimme itsen\u00e4isen\u00e4 autotarvikkeiden j\u00e4lleenmyyj\u00e4n\u00e4 emmek\u00e4 ole sidoksissa mihink\u00e4\u00e4n autovalmistajaan, emmek\u00e4 ole virallisesti yhteydess\u00e4 mihink\u00e4\u00e4n autonvalmistajaan.<\/p>\n\n\n\n<p>Kaikki sis\u00e4ll\u00f6ss\u00e4mme, tuoteluetteloissamme ja kuvissamme k\u00e4ytetyt valmistajien nimet, logot, ajoneuvojen merkit\/mallit ja kuvaukset ovat ainoastaan tunnistamistarkoituksiin. Tuotteemme on suunniteltu ja hankittu itsen\u00e4isesti, eik\u00e4 niit\u00e4 j\u00e4lleenmyyd\u00e4, pakata uudelleen tai br\u00e4nd\u00e4t\u00e4 uudelleen muiden kolmansien osapuolten toimesta. Ei ole oletettua eik\u00e4 ep\u00e4ilty\u00e4, ett\u00e4 mik\u00e4\u00e4n t\u00e4ll\u00e4 verkkosivustolla myyt\u00e4v\u00e4 tuote olisi mink\u00e4\u00e4n autonvalmistajan valtuuttama, suoraan yhteydess\u00e4 tai mill\u00e4\u00e4n tavalla kytk\u00f6ksiss\u00e4 mihink\u00e4\u00e4n autonvalmistajaan.<\/p>\n\n\n\n<h3 class=\"wp-block-heading\">5. Irtisanominen ja irtisanomisen vaikutus<\/h3>\n\n\n\n<p>Muiden oikeudellisten tai kohtuullisten oikeussuojakeinojen lis\u00e4ksi, <strong>covers4car.com<\/strong> voi ilman ennakkoilmoitusta v\u00e4litt\u00f6m\u00e4sti irtisanoa t\u00e4m\u00e4n sopimuksen tai peruuttaa mink\u00e4 tahansa tai kaikki t\u00e4m\u00e4n sopimuksen mukaiset oikeutesi. T\u00e4m\u00e4n sopimuksen irtisanomisen yhteydess\u00e4 sinun on v\u00e4litt\u00f6m\u00e4sti lopetettava kaikki p\u00e4\u00e4sy sivustolle ja sen k\u00e4ytt\u00f6. <strong>Covers4car.com<\/strong> peruuttaa v\u00e4litt\u00f6m\u00e4sti kaikkien muiden laillisten tai kohtuullisten oikeussuojakeinojen lis\u00e4ksi kaikki sinulle my\u00f6nnetyt salasanat ja tilin tunnistetiedot sek\u00e4 est\u00e4\u00e4 p\u00e4\u00e4sysi t\u00e4lle sivustolle ja sen k\u00e4yt\u00f6n kokonaan tai osittain. T\u00e4m\u00e4n sopimuksen irtisanominen ei vaikuta osapuolten oikeuksiin ja velvollisuuksiin (mukaan lukien rajoituksetta maksuvelvoitteet), jotka ovat syntyneet ennen irtisanomisp\u00e4iv\u00e4\u00e4.<\/p>\n\n\n\n<h3 class=\"wp-block-heading\">6. Tilauksen hyv\u00e4ksyminen<\/h3>\n\n\n\n<p>Huomioithan, ett\u00e4 tiettyj\u00e4 tilauksia emme v\u00e4ltt\u00e4m\u00e4tt\u00e4 pysty vastaanottamaan ja ne joudumme peruuttamaan. <strong>Covers4car.com<\/strong> pid\u00e4tt\u00e4\u00e4 oikeuden oman harkintansa mukaan kielt\u00e4yty\u00e4 hyv\u00e4ksym\u00e4st\u00e4 tai peruuttaa mink\u00e4 tahansa tilauksen mist\u00e4 tahansa syyst\u00e4. Tilauksesi peruuntumiseen voi johtaa esimerkiksi rajoitukset saatavilla olevissa m\u00e4\u00e4riss\u00e4, tuote- tai hintatietojen ep\u00e4tarkkuudet tai virheet tai luotto- ja petostentorjuntaosastomme havaitsemat ongelmat. Saatamme my\u00f6s vaatia lis\u00e4tarkistuksia tai -tietoja ennen tilauksen hyv\u00e4ksymist\u00e4. Otamme sinuun yhteytt\u00e4, jos tilauksesi kokonaan tai osittain peruutetaan tai jos tilauksesi hyv\u00e4ksymiseksi tarvitaan lis\u00e4tietoja.<\/p>\n\n\n\n<h3 class=\"wp-block-heading\">7. Typografiset virheet<\/h3>\n\n\n\n<p>Vaikka <strong>covers4car.com<\/strong> pyrkii tarjoamaan tarkkoja tuote- ja hintatietoja, mutta hinnoittelu- tai typografisia virheit\u00e4 saattaa esiinty\u00e4. <strong>Covers4car.com<\/strong> ei voi vahvistaa tuotteen hintaa ennen tilauksen tekemist\u00e4. Jos tuote on listattu v\u00e4\u00e4r\u00e4ll\u00e4 hinnalla tai virheellisill\u00e4 tiedoilla hinnoittelu- tai tuotetietovirheen vuoksi, <strong>covers4car.com<\/strong> pid\u00e4tt\u00e4\u00e4 oikeuden oman harkintansa mukaan kielt\u00e4yty\u00e4 tai peruuttaa kyseist\u00e4 tuotetta koskevat tilaukset. Jos tuotteen hinta on virheellinen, <strong>covers4car.com<\/strong> voi harkintansa mukaan joko ottaa sinuun yhteytt\u00e4 ohjeiden saamiseksi tai peruuttaa tilauksesi ja ilmoittaa sinulle t\u00e4llaisesta peruutuksesta.<\/p>\n\n\n\n<h3 class=\"wp-block-heading\">8. Korjaustoimenpiteet<\/h3>\n\n\n\n<p>Olet samaa mielt\u00e4 siit\u00e4, ett\u00e4 <strong>covers4car.com<\/strong>oikeussuojakeino t\u00e4m\u00e4n sopimuksen todellisen tai uhatun rikkomisen varalta olisi riitt\u00e4m\u00e4t\u00f6n ja ett\u00e4 <strong>covers4car.com<\/strong> on oikeutettu erityiseen suoritukseen tai kieltom\u00e4\u00e4r\u00e4ykseen tai molempiin, mink\u00e4 tahansa vahingonkorvauksen lis\u00e4ksi, joka <strong>covers4car.com<\/strong> voi olla laillisesti oikeutettu saamaan korvausta kohtuullisista kuluista, jotka aiheutuvat mink\u00e4 tahansa tyyppisest\u00e4 riidanratkaisusta, mukaan lukien rajoituksetta asianajokulut.<\/p>\n\n\n\n<p>Ei oikeutta tai oikeussuojakeinoa <strong>covers4car.com<\/strong> ei sis\u00e4ll\u00e4 mit\u00e4\u00e4n muuta, olipa se lain tai kohtuuden periaatteen mukaista, mukaan lukien rajoituksetta vahingonkorvauksia, kieltom\u00e4\u00e4r\u00e4yksi\u00e4, asianajopalkkioita ja kuluja.<\/p>\n\n\n\n<p>Ei tapauksia, joissa on luovuttu <strong>covers4car.com<\/strong> n\u00e4iden ehtojen mukaisten oikeuksiensa tai oikeussuojakeinojensa k\u00e4ytt\u00e4minen ei tarkoita mit\u00e4\u00e4n velvollisuutta my\u00f6nt\u00e4\u00e4 vastaavaa, tulevaa tai muuta luopumista oikeuksista.<\/p>\n\n\n\n<h3 class=\"wp-block-heading\">9. Sovellettava laki<\/h3>\n\n\n\n<p>N\u00e4ihin k\u00e4ytt\u00f6ehtoihin ja kaikkiin erillisiin sopimuksiin, joiden nojalla tarjoamme sinulle palveluita, sovelletaan Yhdysvaltojen lakeja ja niit\u00e4 tulkitaan niiden mukaisesti.<\/p>\n\n\n\n<h3 class=\"wp-block-heading\">10. Yhteystiedot<\/h3>\n\n\n\n<p>Kysymykset k\u00e4ytt\u00f6ehdoista tulee l\u00e4hett\u00e4\u00e4 meille alla olevien yhteystietojen kautta:<\/p>\n\n\n\n<p><strong>Kauppanimi:<\/strong> Covers4Car <\/p>\n\n\n\n<p><strong>Osoite:<\/strong> 3422 Old Capitol Trl Ste 4001, Wilmington, DE 19808, Yhdysvallat <\/p>\n\n\n\n<p><strong>Puhelin:<\/strong> <a href=\"tel:+1 (619) 534-4662\">+1 (619) 534-4662 <\/a><\/p>\n\n\n\n<p><strong>S\u00e4hk\u00f6posti:<\/strong> <a href=\"mailto:support@covers4car.com\">support@covers4car.com<\/a><\/p>\n\n\n\n<p><\/p>","protected":false},"excerpt":{"rendered":"<p>K\u00e4ytt\u00f6ehdot Tervetuloa covers4car.com-verkkosivustolle. K\u00e4ytt\u00e4m\u00e4ll\u00e4 t\u00e4t\u00e4 verkkosivustoa sitoudut noudattamaan n\u00e4it\u00e4 k\u00e4ytt\u00f6ehtoja.<\/p>","protected":false},"author":1,"featured_media":0,"parent":0,"menu_order":0,"comment_status":"closed","ping_status":"closed","template":"","meta":{"_acf_changed":false,"_monsterinsights_skip_tracking":false,"_monsterinsights_sitenote_active":false,"_monsterinsights_sitenote_note":"","_monsterinsights_sitenote_category":0,"footnotes":""},"class_list":["post-9970","page","type-page","status-publish","hentry"],"acf":[],"yoast_head":"<!-- This site is optimized with the Yoast SEO Premium plugin v26.4 (Yoast SEO v26.4) - https:\/\/yoast.com\/wordpress\/plugins\/seo\/ -->\n<title>Terms of Service - Covers4Car<\/title>\n<meta name=\"description\" content=\"Terms of Service Terms of Service Welcome to the covers4car.com website. By accessing and using this website, you agree to be bound by the following terms and conditions\" \/>\n<meta name=\"robots\" content=\"index, follow, max-snippet:-1, max-image-preview:large, max-video-preview:-1\" \/>\n<link rel=\"canonical\" href=\"https:\/\/covers4car.com\/fi\/terms-of-service\/\" \/>\n<meta property=\"og:locale\" content=\"fi_FI\" \/>\n<meta property=\"og:type\" content=\"article\" \/>\n<meta property=\"og:title\" content=\"Terms of Service\" \/>\n<meta property=\"og:description\" content=\"Terms of Service Terms of Service Welcome to the covers4car.com website. By accessing and using this website, you agree to be bound by the following terms and conditions\" \/>\n<meta property=\"og:url\" content=\"https:\/\/covers4car.com\/fi\/terms-of-service\/\" \/>\n<meta property=\"og:site_name\" content=\"Covers4Car\" \/>\n<meta property=\"article:publisher\" content=\"https:\/\/www.facebook.com\/profile.php?id=61564533557142\" \/>\n<meta property=\"article:modified_time\" content=\"2025-07-25T00:18:37+00:00\" \/>\n<meta name=\"twitter:card\" content=\"summary_large_image\" \/>\n<meta name=\"twitter:site\" content=\"@covers4carstore\" \/>\n<meta name=\"twitter:label1\" content=\"Arvioitu lukuaika\" \/>\n\t<meta name=\"twitter:data1\" content=\"9 minuuttia\" \/>\n<script type=\"application\/ld+json\" class=\"yoast-schema-graph\">{\"@context\":\"https:\/\/schema.org\",\"@graph\":[{\"@type\":\"WebPage\",\"@id\":\"https:\/\/covers4car.com\/terms-of-service\/\",\"url\":\"https:\/\/covers4car.com\/terms-of-service\/\",\"name\":\"Terms of Service - Covers4Car\",\"isPartOf\":{\"@id\":\"https:\/\/covers4car.com\/#website\"},\"datePublished\":\"2024-11-01T12:48:12+00:00\",\"dateModified\":\"2025-07-25T00:18:37+00:00\",\"description\":\"Terms of Service Terms of Service Welcome to the covers4car.com website. By accessing and using this website, you agree to be bound by the following terms and conditions\",\"breadcrumb\":{\"@id\":\"https:\/\/covers4car.com\/terms-of-service\/#breadcrumb\"},\"inLanguage\":\"fi\",\"potentialAction\":[{\"@type\":\"ReadAction\",\"target\":[\"https:\/\/covers4car.com\/terms-of-service\/\"]}]},{\"@type\":\"BreadcrumbList\",\"@id\":\"https:\/\/covers4car.com\/terms-of-service\/#breadcrumb\",\"itemListElement\":[{\"@type\":\"ListItem\",\"position\":1,\"name\":\"Home\",\"item\":\"https:\/\/covers4car.com\/\"},{\"@type\":\"ListItem\",\"position\":2,\"name\":\"Terms of Service\"}]},{\"@type\":\"WebSite\",\"@id\":\"https:\/\/covers4car.com\/#website\",\"url\":\"https:\/\/covers4car.com\/\",\"name\":\"Covers4Car\",\"description\":\"Professional Seat Covers Tailored for Your Vehicle\",\"publisher\":{\"@id\":\"https:\/\/covers4car.com\/#organization\"},\"potentialAction\":[{\"@type\":\"SearchAction\",\"target\":{\"@type\":\"EntryPoint\",\"urlTemplate\":\"https:\/\/covers4car.com\/?s={search_term_string}\"},\"query-input\":{\"@type\":\"PropertyValueSpecification\",\"valueRequired\":true,\"valueName\":\"search_term_string\"}}],\"inLanguage\":\"fi\"},{\"@type\":\"Organization\",\"@id\":\"https:\/\/covers4car.com\/#organization\",\"name\":\"Covers4Car\",\"url\":\"https:\/\/covers4car.com\/\",\"logo\":{\"@type\":\"ImageObject\",\"inLanguage\":\"fi\",\"@id\":\"https:\/\/covers4car.com\/#\/schema\/logo\/image\/\",\"url\":\"https:\/\/covers4car.com\/wp-content\/uploads\/2024\/11\/Asset-2@5x-copy.jpg\",\"contentUrl\":\"https:\/\/covers4car.com\/wp-content\/uploads\/2024\/11\/Asset-2@5x-copy.jpg\",\"width\":877,\"height\":877,\"caption\":\"Covers4Car\"},\"image\":{\"@id\":\"https:\/\/covers4car.com\/#\/schema\/logo\/image\/\"},\"sameAs\":[\"https:\/\/www.facebook.com\/profile.php?id=61564533557142\",\"https:\/\/x.com\/covers4carstore\"]}]}<\/script>\n<!-- \/ Yoast SEO Premium plugin. -->","yoast_head_json":{"title":"K\u00e4ytt\u00f6ehdot - Covers4Car","description":"K\u00e4ytt\u00f6ehdot K\u00e4ytt\u00f6ehdot Tervetuloa covers4car.com-verkkosivustolle. K\u00e4ytt\u00e4m\u00e4ll\u00e4 t\u00e4t\u00e4 verkkosivustoa hyv\u00e4ksyt seuraavat k\u00e4ytt\u00f6ehdot.","robots":{"index":"index","follow":"follow","max-snippet":"max-snippet:-1","max-image-preview":"max-image-preview:large","max-video-preview":"max-video-preview:-1"},"canonical":"https:\/\/covers4car.com\/fi\/terms-of-service\/","og_locale":"fi_FI","og_type":"article","og_title":"Terms of Service","og_description":"Terms of Service Terms of Service Welcome to the covers4car.com website. By accessing and using this website, you agree to be bound by the following terms and conditions","og_url":"https:\/\/covers4car.com\/fi\/terms-of-service\/","og_site_name":"Covers4Car","article_publisher":"https:\/\/www.facebook.com\/profile.php?id=61564533557142","article_modified_time":"2025-07-25T00:18:37+00:00","twitter_card":"summary_large_image","twitter_site":"@covers4carstore","twitter_misc":{"Arvioitu lukuaika":"9 minuuttia"},"schema":{"@context":"https:\/\/schema.org","@graph":[{"@type":"WebPage","@id":"https:\/\/covers4car.com\/terms-of-service\/","url":"https:\/\/covers4car.com\/terms-of-service\/","name":"K\u00e4ytt\u00f6ehdot - Covers4Car","isPartOf":{"@id":"https:\/\/covers4car.com\/#website"},"datePublished":"2024-11-01T12:48:12+00:00","dateModified":"2025-07-25T00:18:37+00:00","description":"K\u00e4ytt\u00f6ehdot K\u00e4ytt\u00f6ehdot Tervetuloa covers4car.com-verkkosivustolle. K\u00e4ytt\u00e4m\u00e4ll\u00e4 t\u00e4t\u00e4 verkkosivustoa hyv\u00e4ksyt seuraavat k\u00e4ytt\u00f6ehdot.","breadcrumb":{"@id":"https:\/\/covers4car.com\/terms-of-service\/#breadcrumb"},"inLanguage":"fi","potentialAction":[{"@type":"ReadAction","target":["https:\/\/covers4car.com\/terms-of-service\/"]}]},{"@type":"BreadcrumbList","@id":"https:\/\/covers4car.com\/terms-of-service\/#breadcrumb","itemListElement":[{"@type":"ListItem","position":1,"name":"Home","item":"https:\/\/covers4car.com\/"},{"@type":"ListItem","position":2,"name":"Terms of Service"}]},{"@type":"WebSite","@id":"https:\/\/covers4car.com\/#website","url":"https:\/\/covers4car.com\/","name":"Covers4Car","description":"Ammattimaiset istuinsuojat r\u00e4\u00e4t\u00e4l\u00f6ityn\u00e4 ajoneuvoosi","publisher":{"@id":"https:\/\/covers4car.com\/#organization"},"potentialAction":[{"@type":"SearchAction","target":{"@type":"EntryPoint","urlTemplate":"https:\/\/covers4car.com\/?s={search_term_string}"},"query-input":{"@type":"PropertyValueSpecification","valueRequired":true,"valueName":"search_term_string"}}],"inLanguage":"fi"},{"@type":"Organization","@id":"https:\/\/covers4car.com\/#organization","name":"Covers4Car","url":"https:\/\/covers4car.com\/","logo":{"@type":"ImageObject","inLanguage":"fi","@id":"https:\/\/covers4car.com\/#\/schema\/logo\/image\/","url":"https:\/\/covers4car.com\/wp-content\/uploads\/2024\/11\/Asset-2@5x-copy.jpg","contentUrl":"https:\/\/covers4car.com\/wp-content\/uploads\/2024\/11\/Asset-2@5x-copy.jpg","width":877,"height":877,"caption":"Covers4Car"},"image":{"@id":"https:\/\/covers4car.com\/#\/schema\/logo\/image\/"},"sameAs":["https:\/\/www.facebook.com\/profile.php?id=61564533557142","https:\/\/x.com\/covers4carstore"]}]}},"_links":{"self":[{"href":"https:\/\/covers4car.com\/fi\/wp-json\/wp\/v2\/pages\/9970","targetHints":{"allow":["GET"]}}],"collection":[{"href":"https:\/\/covers4car.com\/fi\/wp-json\/wp\/v2\/pages"}],"about":[{"href":"https:\/\/covers4car.com\/fi\/wp-json\/wp\/v2\/types\/page"}],"author":[{"embeddable":true,"href":"https:\/\/covers4car.com\/fi\/wp-json\/wp\/v2\/users\/1"}],"replies":[{"embeddable":true,"href":"https:\/\/covers4car.com\/fi\/wp-json\/wp\/v2\/comments?post=9970"}],"version-history":[{"count":0,"href":"https:\/\/covers4car.com\/fi\/wp-json\/wp\/v2\/pages\/9970\/revisions"}],"wp:attachment":[{"href":"https:\/\/covers4car.com\/fi\/wp-json\/wp\/v2\/media?parent=9970"}],"curies":[{"name":"wp","href":"https:\/\/api.w.org\/{rel}","templated":true}]}}