{"id":9971,"date":"2024-11-01T05:50:02","date_gmt":"2024-11-01T12:50:02","guid":{"rendered":"https:\/\/covers4car.wpenginepowered.com\/?page_id=9971"},"modified":"2026-03-28T04:42:04","modified_gmt":"2026-03-28T11:42:04","slug":"refund-and-returns-policy","status":"publish","type":"page","link":"https:\/\/covers4car.com\/fi\/refund-and-returns-policy\/","title":{"rendered":"Hyvitys- ja palautusk\u00e4yt\u00e4nt\u00f6"},"content":{"rendered":"<h3 class=\"wp-block-heading\" id=\"h-refund-and-returns-policy\"><strong>Hyvitys- ja palautusk\u00e4yt\u00e4nt\u00f6 <\/strong><strong><\/strong><\/h3>\n\n\n\n<p><strong>Asiakastyytyv\u00e4isyys on meille t\u00e4rkeint\u00e4. Covers4Carilla (Gotouchup Inc:n omistama ja yll\u00e4pit\u00e4m\u00e4 tuotemerkki) seisomme tuotteidemme laadun takana ja olemme aina palveluksessasi ratkaistaksemme kaikki ongelmat.<\/strong><\/p>\n\n\n\n<h4 class=\"wp-block-heading\"><strong>1. Palautusikkuna<\/strong><strong><\/strong><\/h4>\n\n\n\n<p>Tarjoamme <strong>30 p\u00e4iv\u00e4n palautusoikeus<\/strong>, mik\u00e4 tarkoittaa, ett\u00e4 sinulla on 30 p\u00e4iv\u00e4\u00e4 tuotteen vastaanottamisen j\u00e4lkeen pyyt\u00e4\u00e4 palautusta. T\u00e4m\u00e4 antaa sinulle runsaasti aikaa varmistaa, ett\u00e4 istuinp\u00e4\u00e4lliset vastaavat odotuksiasi.<\/p>\n\n\n\n<h4 class=\"wp-block-heading\"><strong>2. Palautusoikeus<\/strong><strong><\/strong><\/h4>\n\n\n\n<p>Jotta palautus olisi oikeutettu, tuotteesi on oltava:<\/p>\n\n\n\n<p>Samassa kunnossa kuin sait sen (k\u00e4ytt\u00e4m\u00e4t\u00f6n tai k\u00e4ytt\u00e4m\u00e4t\u00f6n).<\/p>\n\n\n\n<p>Kaikki alkuper\u00e4iset laput mukana ja alkuper\u00e4ispakkauksessaan.<\/p>\n\n\n\n<p>Mukana kuitti tai ostotodistus.<\/p>\n\n\n\n<h4 class=\"wp-block-heading\"><strong>3. Vaurioituneet tai vialliset tuotteet<\/strong><strong><\/strong><\/h4>\n\n\n\n<p>Jos tuotteesi saapuu vaurioituneena, viallisena tai jos olet saanut v\u00e4\u00e4r\u00e4n tuotteen, ota meihin yhteytt\u00e4 osoitteessa <strong>support@covers4car.com<\/strong>&nbsp;sis\u00e4ll\u00e4 <strong>3 p\u00e4iv\u00e4\u00e4<\/strong>&nbsp;kuittia. J\u00e4rjest\u00e4mme pikaisen korvaavan tuotteen tai t\u00e4yden hyvityksen.<\/p>\n\n\n\n<p><strong>Huomautus:<\/strong>&nbsp;Vahvistettujen laatuongelmien tai vahingoittuneiden tuotteiden osalta, <strong>Covers4Car toimittaa valmiiksi maksetun palautustarran<\/strong>, eik\u00e4 asiakkaalta veloiteta palautuskuluja.<\/p>\n\n\n\n<h4 class=\"wp-block-heading\"><strong>4. Palautuskulut<\/strong><strong><\/strong><\/h4>\n\n\n\n<p><strong>Valmistajan vika\/v\u00e4\u00e4r\u00e4 tuote:<\/strong>&nbsp;Ei kustannuksia asiakkaalle. Toimitamme palautustarran.<\/p>\n\n\n\n<p><strong>Asiakkaan vastuu (esim. v\u00e4\u00e4r\u00e4n v\u00e4rin\/koon tilaaminen):<\/strong>&nbsp;Asiakkaan mieltymysten perusteella teht\u00e4viss\u00e4 palautuksissa asiakas on vastuussa palautuksen todellisista toimituskuluista.<\/p>\n\n\n\n<p><strong>Varastomaksut:<\/strong>&nbsp;Emme veloita varastointimaksuja ($0).<\/p>\n\n\n\n<h4 class=\"wp-block-heading\"><strong>5. Peruutusehdot<\/strong><strong><\/strong><\/h4>\n\n\n\n<p>Tilauksia voi peruuttaa tai muokata sis\u00e4ll\u00e4 <strong>24 tuntia<\/strong>&nbsp;sijoittelun. Kun tilaus on siirtynyt tuotanto- tai l\u00e4hetysprosessiin, peruutus ei ole en\u00e4\u00e4 mahdollista. Ota yhteytt\u00e4 <strong>support@covers4car.com<\/strong>&nbsp;v\u00e4litt\u00f6m\u00e4sti mahdollisista muutoksista.<\/p>\n\n\n\n<h4 class=\"wp-block-heading\"><strong>6. Hyvitysprosessi<\/strong><strong><\/strong><\/h4>\n\n\n\n<p>Kun olemme vastaanottaneet ja tarkastaneet palautuksesi, hyvit\u00e4mme rahat takaisin alkuper\u00e4iselle maksutavallesi:<\/p>\n\n\n\n<p><strong>K\u00e4sittelyaika:<\/strong>&nbsp;Se yleens\u00e4 kest\u00e4\u00e4 <strong>7 arkip\u00e4iv\u00e4\u00e4<\/strong>&nbsp;jotta voimme k\u00e4sitell\u00e4 hyvityksen sen vastaanottamisen j\u00e4lkeen.<\/p>\n\n\n\n<p><strong>Maksutapa:<\/strong>&nbsp;Hyvitykset maksetaan ainoastaan alkuper\u00e4iselle maksutavalle (PayPalilta PayPalille, luottokortilta luottokortille).<\/p>\n\n\n\n<p><strong>Vahvistus:<\/strong>&nbsp;Saat automaattisen s\u00e4hk\u00f6postivahvistuksen, kun hyvitys on suoritettu.<\/p>\n\n\n\n<h4 class=\"wp-block-heading\"><strong>7. Palautusosoite<\/strong><strong><\/strong><\/h4>\n\n\n\n<p>Palautuksen aloittamiseksi l\u00e4het\u00e4 meille ensin s\u00e4hk\u00f6postia. Annamme tarkan palautusosoitteen (Gotouchup Inc:n valtuuttamana), kun pyynt\u00f6si on vahvistettu. <strong>Ilman ennakkolupaa palautettuja tuotteita ei vastaanoteta.<\/strong><\/p>\n\n\n\n<h4 class=\"wp-block-heading\"><strong>8. Yhteystiedot<\/strong><strong><\/strong><\/h4>\n\n\n\n<p>Jos sinulla on kysytt\u00e4v\u00e4\u00e4 tai et ole saanut hyvityst\u00e4si m\u00e4\u00e4ritetyn ajan kuluessa, ota yhteytt\u00e4 viralliseen tukeemme:<\/p>\n\n\n\n<p><strong>Yrityksen nimi:<\/strong>&nbsp;Gotouchup Inc.<\/p>\n\n\n\n<p><strong>S\u00e4hk\u00f6posti:<\/strong>&nbsp;support@covers4car.com<\/p>\n\n\n\n<p><strong>Puhelin:<\/strong>&nbsp;+1 (619) 534-4662<\/p>\n\n\n\n<p><strong>Rekister\u00f6ity osoite:<\/strong>&nbsp;3422 Old Capitol Trl, Ste 4001, Wilmington, DE 19808, Yhdysvallat<\/p>\n\n\n\n<p><strong>Toimiston aukioloajat:<\/strong>&nbsp;Ma-la 10.00-20.00 (PST)<\/p>\n\n\n\n<p><\/p>","protected":false},"excerpt":{"rendered":"<p>Refund and Returns Policy Customer satisfaction is our top priority. At Covers4Car (a brand owned and operated by Gotouchup Inc),<\/p>","protected":false},"author":1,"featured_media":0,"parent":0,"menu_order":0,"comment_status":"closed","ping_status":"closed","template":"","meta":{"_acf_changed":false,"_monsterinsights_skip_tracking":false,"_monsterinsights_sitenote_active":false,"_monsterinsights_sitenote_note":"","_monsterinsights_sitenote_category":0,"footnotes":""},"class_list":["post-9971","page","type-page","status-publish","hentry"],"acf":[],"yoast_head":"<!-- This site is optimized with the Yoast SEO Premium plugin v26.4 (Yoast SEO v26.4) - https:\/\/yoast.com\/wordpress\/plugins\/seo\/ -->\n<title>Refund and Returns Policy - Covers4Car<\/title>\n<meta name=\"description\" content=\"Refund and Returns Policy Refund and Returns Policy Customer satisfaction is our top priority. At Covers4Car (a brand owned and operated by Gotouchup Inc), we stand behind the\" \/>\n<meta name=\"robots\" content=\"index, follow, max-snippet:-1, max-image-preview:large, max-video-preview:-1\" \/>\n<link rel=\"canonical\" href=\"https:\/\/covers4car.com\/fi\/refund-and-returns-policy\/\" \/>\n<meta property=\"og:locale\" content=\"fi_FI\" \/>\n<meta property=\"og:type\" content=\"article\" \/>\n<meta property=\"og:title\" content=\"Refund and Returns Policy\" \/>\n<meta property=\"og:description\" content=\"Refund and Returns Policy Refund and Returns Policy Customer satisfaction is our top priority. At Covers4Car (a brand owned and operated by Gotouchup Inc), we stand behind the\" \/>\n<meta property=\"og:url\" content=\"https:\/\/covers4car.com\/fi\/refund-and-returns-policy\/\" \/>\n<meta property=\"og:site_name\" content=\"Covers4Car\" \/>\n<meta property=\"article:publisher\" content=\"https:\/\/www.facebook.com\/profile.php?id=61564533557142\" \/>\n<meta property=\"article:modified_time\" content=\"2026-03-28T11:42:04+00:00\" \/>\n<meta name=\"twitter:card\" content=\"summary_large_image\" \/>\n<meta name=\"twitter:site\" content=\"@covers4carstore\" \/>\n<meta name=\"twitter:label1\" content=\"Arvioitu lukuaika\" \/>\n\t<meta name=\"twitter:data1\" content=\"2 minuuttia\" \/>\n<script type=\"application\/ld+json\" class=\"yoast-schema-graph\">{\"@context\":\"https:\/\/schema.org\",\"@graph\":[{\"@type\":\"WebPage\",\"@id\":\"https:\/\/covers4car.com\/refund-and-returns-policy\/\",\"url\":\"https:\/\/covers4car.com\/refund-and-returns-policy\/\",\"name\":\"Refund and Returns Policy - Covers4Car\",\"isPartOf\":{\"@id\":\"https:\/\/covers4car.com\/#website\"},\"datePublished\":\"2024-11-01T12:50:02+00:00\",\"dateModified\":\"2026-03-28T11:42:04+00:00\",\"description\":\"Refund and Returns Policy Refund and Returns Policy Customer satisfaction is our top priority. At Covers4Car (a brand owned and operated by Gotouchup Inc), we stand behind the\",\"breadcrumb\":{\"@id\":\"https:\/\/covers4car.com\/refund-and-returns-policy\/#breadcrumb\"},\"inLanguage\":\"fi\",\"potentialAction\":[{\"@type\":\"ReadAction\",\"target\":[\"https:\/\/covers4car.com\/refund-and-returns-policy\/\"]}]},{\"@type\":\"BreadcrumbList\",\"@id\":\"https:\/\/covers4car.com\/refund-and-returns-policy\/#breadcrumb\",\"itemListElement\":[{\"@type\":\"ListItem\",\"position\":1,\"name\":\"Home\",\"item\":\"https:\/\/covers4car.com\/\"},{\"@type\":\"ListItem\",\"position\":2,\"name\":\"Refund and Returns Policy\"}]},{\"@type\":\"WebSite\",\"@id\":\"https:\/\/covers4car.com\/#website\",\"url\":\"https:\/\/covers4car.com\/\",\"name\":\"Covers4Car\",\"description\":\"Professional Seat Covers Tailored for Your Vehicle\",\"publisher\":{\"@id\":\"https:\/\/covers4car.com\/#organization\"},\"potentialAction\":[{\"@type\":\"SearchAction\",\"target\":{\"@type\":\"EntryPoint\",\"urlTemplate\":\"https:\/\/covers4car.com\/?s={search_term_string}\"},\"query-input\":{\"@type\":\"PropertyValueSpecification\",\"valueRequired\":true,\"valueName\":\"search_term_string\"}}],\"inLanguage\":\"fi\"},{\"@type\":\"Organization\",\"@id\":\"https:\/\/covers4car.com\/#organization\",\"name\":\"Covers4Car\",\"url\":\"https:\/\/covers4car.com\/\",\"logo\":{\"@type\":\"ImageObject\",\"inLanguage\":\"fi\",\"@id\":\"https:\/\/covers4car.com\/#\/schema\/logo\/image\/\",\"url\":\"https:\/\/covers4car.com\/wp-content\/uploads\/2024\/11\/Asset-2@5x-copy.jpg\",\"contentUrl\":\"https:\/\/covers4car.com\/wp-content\/uploads\/2024\/11\/Asset-2@5x-copy.jpg\",\"width\":877,\"height\":877,\"caption\":\"Covers4Car\"},\"image\":{\"@id\":\"https:\/\/covers4car.com\/#\/schema\/logo\/image\/\"},\"sameAs\":[\"https:\/\/www.facebook.com\/profile.php?id=61564533557142\",\"https:\/\/x.com\/covers4carstore\"]}]}<\/script>\n<!-- \/ Yoast SEO Premium plugin. -->","yoast_head_json":{"title":"Palautus- ja palautusk\u00e4yt\u00e4nt\u00f6 - Covers4Car","description":"Refund and Returns Policy Refund and Returns Policy Customer satisfaction is our top priority. At Covers4Car (a brand owned and operated by Gotouchup Inc), we stand behind the","robots":{"index":"index","follow":"follow","max-snippet":"max-snippet:-1","max-image-preview":"max-image-preview:large","max-video-preview":"max-video-preview:-1"},"canonical":"https:\/\/covers4car.com\/fi\/refund-and-returns-policy\/","og_locale":"fi_FI","og_type":"article","og_title":"Refund and Returns Policy","og_description":"Refund and Returns Policy Refund and Returns Policy Customer satisfaction is our top priority. At Covers4Car (a brand owned and operated by Gotouchup Inc), we stand behind the","og_url":"https:\/\/covers4car.com\/fi\/refund-and-returns-policy\/","og_site_name":"Covers4Car","article_publisher":"https:\/\/www.facebook.com\/profile.php?id=61564533557142","article_modified_time":"2026-03-28T11:42:04+00:00","twitter_card":"summary_large_image","twitter_site":"@covers4carstore","twitter_misc":{"Arvioitu lukuaika":"2 minuuttia"},"schema":{"@context":"https:\/\/schema.org","@graph":[{"@type":"WebPage","@id":"https:\/\/covers4car.com\/refund-and-returns-policy\/","url":"https:\/\/covers4car.com\/refund-and-returns-policy\/","name":"Palautus- ja palautusk\u00e4yt\u00e4nt\u00f6 - Covers4Car","isPartOf":{"@id":"https:\/\/covers4car.com\/#website"},"datePublished":"2024-11-01T12:50:02+00:00","dateModified":"2026-03-28T11:42:04+00:00","description":"Refund and Returns Policy Refund and Returns Policy Customer satisfaction is our top priority. At Covers4Car (a brand owned and operated by Gotouchup Inc), we stand behind the","breadcrumb":{"@id":"https:\/\/covers4car.com\/refund-and-returns-policy\/#breadcrumb"},"inLanguage":"fi","potentialAction":[{"@type":"ReadAction","target":["https:\/\/covers4car.com\/refund-and-returns-policy\/"]}]},{"@type":"BreadcrumbList","@id":"https:\/\/covers4car.com\/refund-and-returns-policy\/#breadcrumb","itemListElement":[{"@type":"ListItem","position":1,"name":"Home","item":"https:\/\/covers4car.com\/"},{"@type":"ListItem","position":2,"name":"Refund and Returns Policy"}]},{"@type":"WebSite","@id":"https:\/\/covers4car.com\/#website","url":"https:\/\/covers4car.com\/","name":"Covers4Car","description":"Ammattimaiset istuinsuojat r\u00e4\u00e4t\u00e4l\u00f6ityn\u00e4 ajoneuvoosi","publisher":{"@id":"https:\/\/covers4car.com\/#organization"},"potentialAction":[{"@type":"SearchAction","target":{"@type":"EntryPoint","urlTemplate":"https:\/\/covers4car.com\/?s={search_term_string}"},"query-input":{"@type":"PropertyValueSpecification","valueRequired":true,"valueName":"search_term_string"}}],"inLanguage":"fi"},{"@type":"Organization","@id":"https:\/\/covers4car.com\/#organization","name":"Covers4Car","url":"https:\/\/covers4car.com\/","logo":{"@type":"ImageObject","inLanguage":"fi","@id":"https:\/\/covers4car.com\/#\/schema\/logo\/image\/","url":"https:\/\/covers4car.com\/wp-content\/uploads\/2024\/11\/Asset-2@5x-copy.jpg","contentUrl":"https:\/\/covers4car.com\/wp-content\/uploads\/2024\/11\/Asset-2@5x-copy.jpg","width":877,"height":877,"caption":"Covers4Car"},"image":{"@id":"https:\/\/covers4car.com\/#\/schema\/logo\/image\/"},"sameAs":["https:\/\/www.facebook.com\/profile.php?id=61564533557142","https:\/\/x.com\/covers4carstore"]}]}},"_links":{"self":[{"href":"https:\/\/covers4car.com\/fi\/wp-json\/wp\/v2\/pages\/9971","targetHints":{"allow":["GET"]}}],"collection":[{"href":"https:\/\/covers4car.com\/fi\/wp-json\/wp\/v2\/pages"}],"about":[{"href":"https:\/\/covers4car.com\/fi\/wp-json\/wp\/v2\/types\/page"}],"author":[{"embeddable":true,"href":"https:\/\/covers4car.com\/fi\/wp-json\/wp\/v2\/users\/1"}],"replies":[{"embeddable":true,"href":"https:\/\/covers4car.com\/fi\/wp-json\/wp\/v2\/comments?post=9971"}],"version-history":[{"count":0,"href":"https:\/\/covers4car.com\/fi\/wp-json\/wp\/v2\/pages\/9971\/revisions"}],"wp:attachment":[{"href":"https:\/\/covers4car.com\/fi\/wp-json\/wp\/v2\/media?parent=9971"}],"curies":[{"name":"wp","href":"https:\/\/api.w.org\/{rel}","templated":true}]}}