{"id":16658,"date":"2025-06-10T20:54:55","date_gmt":"2025-06-11T03:54:55","guid":{"rendered":"https:\/\/covers4car.com\/?post_type=product&#038;p=16658"},"modified":"2025-11-06T23:53:26","modified_gmt":"2025-11-07T07:53:26","slug":"ventilated-seat-cushions-for-all-cars-cooling-breathable-universal-fit","status":"publish","type":"product","link":"https:\/\/covers4car.com\/fi\/tuote\/ventilated-seat-cushions-for-all-cars-cooling-breathable-universal-fit\/","title":{"rendered":"Tuuletetut istuintyynyt kaikkiin autoihin - viilent\u00e4v\u00e4t ja hengitt\u00e4v\u00e4t, yleismalliset"},"content":{"rendered":"<p>T\u00e4m\u00e4 hengitt\u00e4v\u00e4 pieni neli\u00f6nmuotoinen tyyny k\u00e4ytt\u00e4\u00e4 maahantuotua turbotuuletinta, joka toimittaa ilmaa nopeasti 8 sekunnissa ja jossa on kolme s\u00e4\u00e4dett\u00e4v\u00e4\u00e4 tuulen nopeutta, tuoden uuden viile\u00e4n ajokokemuksen kes\u00e4ll\u00e4. Tukee yleismaailmallista USB-virtal\u00e4hdett\u00e4, on hiljainen ja energians\u00e4\u00e4st\u00f6inen, helppok\u00e4ytt\u00f6inen ja sopii monenlaisiin k\u00e4ytt\u00f6tilanteisiin. Hengitt\u00e4v\u00e4 3D-kennomaisen materiaalin ja liukumattoman pohjan ansiosta se on mukava ja vakaa, joten se on ihanteellinen valinta kes\u00e4matkoille.<\/p>\n<p><strong>Ominaisuudet:<br \/>\n<\/strong><\/p>\n<ul>\n<li><strong>V\u00e4lit\u00f6n viilennys, 3-tasoinen tuuletus:<\/strong> Turbotuuletin tuottaa viile\u00e4\u00e4 ilmaa 8 sekunnissa. Kolme s\u00e4\u00e4dett\u00e4v\u00e4\u00e4 nopeutta mukautuu tarpeisiisi v\u00e4litt\u00f6m\u00e4sti.<\/li>\n<li><strong>Hiljainen ja energiatehokas:<\/strong> Hiljainen ter\u00e4rakenne takaa hiljaisen ajon. \u00c4lyk\u00e4s k\u00e4ynnistys\/pys\u00e4ytys s\u00e4\u00e4st\u00e4\u00e4 energiaa tehokkaasti.<\/li>\n<li><strong>USB-k\u00e4ytt\u00f6inen, laaja yhteensopivuus:<\/strong> Toimii auton USB-porttien, varavirtal\u00e4hteiden ja muiden kanssa. Turvallinen k\u00e4ytt\u00f6 sis\u00e4\u00e4nrakennetun ylivirtasuojan ansiosta.<\/li>\n<li><strong>Taitettava ja hengitt\u00e4v\u00e4 mukavuus:<\/strong> Taittuva ilmanvaihtolevy sopii paremmin istuimiin. 3D-verkkokangas parantaa ilmanvaihtoa ja mukavuutta.<\/li>\n<li><strong>Liukumaton pohja, istuinturvallinen istuvuus:<\/strong> Liukumattomat silikonipisteet pit\u00e4v\u00e4t sen paikallaan vahingoittamatta alkuper\u00e4ist\u00e4 autonistuinta.<\/li>\n<\/ul>","protected":false},"excerpt":{"rendered":"<p>This breathable small square cushion uses an imported turbofan, which delivers air quickly in 8 seconds and has three adjustable<\/p>","protected":false},"featured_media":16663,"comment_status":"open","ping_status":"closed","template":"","meta":{"_acf_changed":false,"_monsterinsights_skip_tracking":false,"_monsterinsights_sitenote_active":false,"_monsterinsights_sitenote_note":"","_monsterinsights_sitenote_category":0},"product_brand":[],"product_cat":[22976,22978,23254],"product_tag":[23273,54969],"jet_color":[],"jet_material":[],"jet_coverage":[],"class_list":{"0":"post-16658","1":"product","2":"type-product","3":"status-publish","4":"has-post-thumbnail","6":"product_cat-seat-cushion","7":"product_cat-functional-seat-cushion","8":"product_cat-cooling-ventilation-seat-cushion","9":"product_tag-cooling-seat-cushion","10":"product_tag-fit-universal-fit","12":"first","13":"instock","14":"shipping-taxable","15":"purchasable","16":"product-type-variable","17":"has-default-attributes","18":"wvs-archive-product-wrapper"},"acf":[],"yoast_head":"<!-- This site is optimized with the Yoast SEO Premium plugin v26.4 (Yoast SEO v26.4) - https:\/\/yoast.com\/wordpress\/plugins\/seo\/ -->\n<title>Ventilated Seat Cushions for All Cars-Cooling &amp; Breathable Universal Fit - Covers4Car<\/title>\n<meta name=\"description\" content=\"Ventilated Seat Cushions for All Cars-Cooling &amp; Breathable Universal Fit This breathable small square cushion uses an imported turbofan, which delivers air quickly in 8 seconds and has three adjustable wind speeds, bringing a\" \/>\n<meta name=\"robots\" content=\"index, follow, max-snippet:-1, max-image-preview:large, max-video-preview:-1\" \/>\n<link rel=\"canonical\" href=\"https:\/\/covers4car.com\/fi\/tuote\/ventilated-seat-cushions-for-all-cars-cooling-breathable-universal-fit\/\" \/>\n<meta property=\"og:locale\" content=\"fi_FI\" \/>\n<meta property=\"og:type\" content=\"article\" \/>\n<meta property=\"og:title\" content=\"Ventilated Seat Cushions for All Cars-Cooling &amp; Breathable Universal Fit\" \/>\n<meta property=\"og:description\" content=\"Ventilated Seat Cushions for All Cars-Cooling &amp; Breathable Universal Fit This breathable small square cushion uses an imported turbofan, which delivers air quickly in 8 seconds and has three adjustable wind speeds, bringing a\" \/>\n<meta property=\"og:url\" content=\"https:\/\/covers4car.com\/fi\/tuote\/ventilated-seat-cushions-for-all-cars-cooling-breathable-universal-fit\/\" \/>\n<meta property=\"og:site_name\" content=\"Covers4Car\" \/>\n<meta property=\"article:publisher\" content=\"https:\/\/www.facebook.com\/profile.php?id=61564533557142\" \/>\n<meta property=\"article:modified_time\" content=\"2025-11-07T07:53:26+00:00\" \/>\n<meta property=\"og:image\" content=\"https:\/\/covers4car.com\/wp-content\/uploads\/2025\/06\/8FANS.webp\" \/>\n\t<meta property=\"og:image:width\" content=\"1000\" \/>\n\t<meta property=\"og:image:height\" content=\"1000\" \/>\n\t<meta property=\"og:image:type\" content=\"image\/webp\" \/>\n<meta name=\"twitter:card\" content=\"summary_large_image\" \/>\n<meta name=\"twitter:site\" content=\"@covers4carstore\" \/>\n<meta name=\"twitter:label1\" content=\"Arvioitu lukuaika\" \/>\n\t<meta name=\"twitter:data1\" content=\"1 minuutti\" \/>\n<script type=\"application\/ld+json\" class=\"yoast-schema-graph\">{\"@context\":\"https:\/\/schema.org\",\"@graph\":[{\"@type\":\"WebPage\",\"@id\":\"https:\/\/covers4car.com\/product\/ventilated-seat-cushions-for-all-cars-cooling-breathable-universal-fit\/\",\"url\":\"https:\/\/covers4car.com\/product\/ventilated-seat-cushions-for-all-cars-cooling-breathable-universal-fit\/\",\"name\":\"Ventilated Seat Cushions for All Cars-Cooling & Breathable Universal Fit - Covers4Car\",\"isPartOf\":{\"@id\":\"https:\/\/covers4car.com\/#website\"},\"primaryImageOfPage\":{\"@id\":\"https:\/\/covers4car.com\/product\/ventilated-seat-cushions-for-all-cars-cooling-breathable-universal-fit\/#primaryimage\"},\"image\":{\"@id\":\"https:\/\/covers4car.com\/product\/ventilated-seat-cushions-for-all-cars-cooling-breathable-universal-fit\/#primaryimage\"},\"thumbnailUrl\":\"https:\/\/covers4car.com\/wp-content\/uploads\/2025\/06\/8FANS.webp\",\"datePublished\":\"2025-06-11T03:54:55+00:00\",\"dateModified\":\"2025-11-07T07:53:26+00:00\",\"description\":\"Ventilated Seat Cushions for All Cars-Cooling & Breathable Universal Fit This breathable small square cushion uses an imported turbofan, which delivers air quickly in 8 seconds and has three adjustable wind speeds, bringing a\",\"breadcrumb\":{\"@id\":\"https:\/\/covers4car.com\/product\/ventilated-seat-cushions-for-all-cars-cooling-breathable-universal-fit\/#breadcrumb\"},\"inLanguage\":\"fi\",\"potentialAction\":[{\"@type\":\"ReadAction\",\"target\":[\"https:\/\/covers4car.com\/product\/ventilated-seat-cushions-for-all-cars-cooling-breathable-universal-fit\/\"]}]},{\"@type\":\"ImageObject\",\"inLanguage\":\"fi\",\"@id\":\"https:\/\/covers4car.com\/product\/ventilated-seat-cushions-for-all-cars-cooling-breathable-universal-fit\/#primaryimage\",\"url\":\"https:\/\/covers4car.com\/wp-content\/uploads\/2025\/06\/8FANS.webp\",\"contentUrl\":\"https:\/\/covers4car.com\/wp-content\/uploads\/2025\/06\/8FANS.webp\",\"width\":1000,\"height\":1000},{\"@type\":\"BreadcrumbList\",\"@id\":\"https:\/\/covers4car.com\/product\/ventilated-seat-cushions-for-all-cars-cooling-breathable-universal-fit\/#breadcrumb\",\"itemListElement\":[{\"@type\":\"ListItem\",\"position\":1,\"name\":\"Home\",\"item\":\"https:\/\/covers4car.com\/\"},{\"@type\":\"ListItem\",\"position\":2,\"name\":\"Shop\",\"item\":\"https:\/\/covers4car.com\/shop\/\"},{\"@type\":\"ListItem\",\"position\":3,\"name\":\"Ventilated Seat Cushions for All Cars-Cooling &#038; Breathable Universal Fit\"}]},{\"@type\":\"WebSite\",\"@id\":\"https:\/\/covers4car.com\/#website\",\"url\":\"https:\/\/covers4car.com\/\",\"name\":\"Covers4Car\",\"description\":\"Professional Seat Covers Tailored for Your Vehicle\",\"publisher\":{\"@id\":\"https:\/\/covers4car.com\/#organization\"},\"potentialAction\":[{\"@type\":\"SearchAction\",\"target\":{\"@type\":\"EntryPoint\",\"urlTemplate\":\"https:\/\/covers4car.com\/?s={search_term_string}\"},\"query-input\":{\"@type\":\"PropertyValueSpecification\",\"valueRequired\":true,\"valueName\":\"search_term_string\"}}],\"inLanguage\":\"fi\"},{\"@type\":\"Organization\",\"@id\":\"https:\/\/covers4car.com\/#organization\",\"name\":\"Covers4Car\",\"url\":\"https:\/\/covers4car.com\/\",\"logo\":{\"@type\":\"ImageObject\",\"inLanguage\":\"fi\",\"@id\":\"https:\/\/covers4car.com\/#\/schema\/logo\/image\/\",\"url\":\"https:\/\/covers4car.com\/wp-content\/uploads\/2024\/11\/Asset-2@5x-copy.jpg\",\"contentUrl\":\"https:\/\/covers4car.com\/wp-content\/uploads\/2024\/11\/Asset-2@5x-copy.jpg\",\"width\":877,\"height\":877,\"caption\":\"Covers4Car\"},\"image\":{\"@id\":\"https:\/\/covers4car.com\/#\/schema\/logo\/image\/\"},\"sameAs\":[\"https:\/\/www.facebook.com\/profile.php?id=61564533557142\",\"https:\/\/x.com\/covers4carstore\"]}]}<\/script>\n<!-- \/ Yoast SEO Premium plugin. -->","yoast_head_json":{"title":"Ventilated Seat Cushions for All Cars-Cooling & Breathable Universal Fit - Covers4Car","description":"Ventilated Seat Cushions for All Cars-Cooling & Breathable Universal Fit This breathable small square cushion uses an imported turbofan, which delivers air quickly in 8 seconds and has three adjustable wind speeds, bringing a","robots":{"index":"index","follow":"follow","max-snippet":"max-snippet:-1","max-image-preview":"max-image-preview:large","max-video-preview":"max-video-preview:-1"},"canonical":"https:\/\/covers4car.com\/fi\/tuote\/ventilated-seat-cushions-for-all-cars-cooling-breathable-universal-fit\/","og_locale":"fi_FI","og_type":"article","og_title":"Ventilated Seat Cushions for All Cars-Cooling & Breathable Universal Fit","og_description":"Ventilated Seat Cushions for All Cars-Cooling & Breathable Universal Fit This breathable small square cushion uses an imported turbofan, which delivers air quickly in 8 seconds and has three adjustable wind speeds, bringing a","og_url":"https:\/\/covers4car.com\/fi\/tuote\/ventilated-seat-cushions-for-all-cars-cooling-breathable-universal-fit\/","og_site_name":"Covers4Car","article_publisher":"https:\/\/www.facebook.com\/profile.php?id=61564533557142","article_modified_time":"2025-11-07T07:53:26+00:00","og_image":[{"width":1000,"height":1000,"url":"https:\/\/covers4car.com\/wp-content\/uploads\/2025\/06\/8FANS.webp","type":"image\/webp"}],"twitter_card":"summary_large_image","twitter_site":"@covers4carstore","twitter_misc":{"Arvioitu lukuaika":"1 minuutti"},"schema":{"@context":"https:\/\/schema.org","@graph":[{"@type":"WebPage","@id":"https:\/\/covers4car.com\/product\/ventilated-seat-cushions-for-all-cars-cooling-breathable-universal-fit\/","url":"https:\/\/covers4car.com\/product\/ventilated-seat-cushions-for-all-cars-cooling-breathable-universal-fit\/","name":"Ventilated Seat Cushions for All Cars-Cooling & Breathable Universal Fit - Covers4Car","isPartOf":{"@id":"https:\/\/covers4car.com\/#website"},"primaryImageOfPage":{"@id":"https:\/\/covers4car.com\/product\/ventilated-seat-cushions-for-all-cars-cooling-breathable-universal-fit\/#primaryimage"},"image":{"@id":"https:\/\/covers4car.com\/product\/ventilated-seat-cushions-for-all-cars-cooling-breathable-universal-fit\/#primaryimage"},"thumbnailUrl":"https:\/\/covers4car.com\/wp-content\/uploads\/2025\/06\/8FANS.webp","datePublished":"2025-06-11T03:54:55+00:00","dateModified":"2025-11-07T07:53:26+00:00","description":"Ventilated Seat Cushions for All Cars-Cooling & Breathable Universal Fit This breathable small square cushion uses an imported turbofan, which delivers air quickly in 8 seconds and has three adjustable wind speeds, bringing a","breadcrumb":{"@id":"https:\/\/covers4car.com\/product\/ventilated-seat-cushions-for-all-cars-cooling-breathable-universal-fit\/#breadcrumb"},"inLanguage":"fi","potentialAction":[{"@type":"ReadAction","target":["https:\/\/covers4car.com\/product\/ventilated-seat-cushions-for-all-cars-cooling-breathable-universal-fit\/"]}]},{"@type":"ImageObject","inLanguage":"fi","@id":"https:\/\/covers4car.com\/product\/ventilated-seat-cushions-for-all-cars-cooling-breathable-universal-fit\/#primaryimage","url":"https:\/\/covers4car.com\/wp-content\/uploads\/2025\/06\/8FANS.webp","contentUrl":"https:\/\/covers4car.com\/wp-content\/uploads\/2025\/06\/8FANS.webp","width":1000,"height":1000},{"@type":"BreadcrumbList","@id":"https:\/\/covers4car.com\/product\/ventilated-seat-cushions-for-all-cars-cooling-breathable-universal-fit\/#breadcrumb","itemListElement":[{"@type":"ListItem","position":1,"name":"Home","item":"https:\/\/covers4car.com\/"},{"@type":"ListItem","position":2,"name":"Shop","item":"https:\/\/covers4car.com\/shop\/"},{"@type":"ListItem","position":3,"name":"Ventilated Seat Cushions for All Cars-Cooling &#038; Breathable Universal Fit"}]},{"@type":"WebSite","@id":"https:\/\/covers4car.com\/#website","url":"https:\/\/covers4car.com\/","name":"Covers4Car","description":"Ammattimaiset istuinsuojat r\u00e4\u00e4t\u00e4l\u00f6ityn\u00e4 ajoneuvoosi","publisher":{"@id":"https:\/\/covers4car.com\/#organization"},"potentialAction":[{"@type":"SearchAction","target":{"@type":"EntryPoint","urlTemplate":"https:\/\/covers4car.com\/?s={search_term_string}"},"query-input":{"@type":"PropertyValueSpecification","valueRequired":true,"valueName":"search_term_string"}}],"inLanguage":"fi"},{"@type":"Organization","@id":"https:\/\/covers4car.com\/#organization","name":"Covers4Car","url":"https:\/\/covers4car.com\/","logo":{"@type":"ImageObject","inLanguage":"fi","@id":"https:\/\/covers4car.com\/#\/schema\/logo\/image\/","url":"https:\/\/covers4car.com\/wp-content\/uploads\/2024\/11\/Asset-2@5x-copy.jpg","contentUrl":"https:\/\/covers4car.com\/wp-content\/uploads\/2024\/11\/Asset-2@5x-copy.jpg","width":877,"height":877,"caption":"Covers4Car"},"image":{"@id":"https:\/\/covers4car.com\/#\/schema\/logo\/image\/"},"sameAs":["https:\/\/www.facebook.com\/profile.php?id=61564533557142","https:\/\/x.com\/covers4carstore"]}]}},"_links":{"self":[{"href":"https:\/\/covers4car.com\/fi\/wp-json\/wp\/v2\/product\/16658","targetHints":{"allow":["GET"]}}],"collection":[{"href":"https:\/\/covers4car.com\/fi\/wp-json\/wp\/v2\/product"}],"about":[{"href":"https:\/\/covers4car.com\/fi\/wp-json\/wp\/v2\/types\/product"}],"replies":[{"embeddable":true,"href":"https:\/\/covers4car.com\/fi\/wp-json\/wp\/v2\/comments?post=16658"}],"version-history":[{"count":0,"href":"https:\/\/covers4car.com\/fi\/wp-json\/wp\/v2\/product\/16658\/revisions"}],"wp:featuredmedia":[{"embeddable":true,"href":"https:\/\/covers4car.com\/fi\/wp-json\/wp\/v2\/media\/16663"}],"wp:attachment":[{"href":"https:\/\/covers4car.com\/fi\/wp-json\/wp\/v2\/media?parent=16658"}],"wp:term":[{"taxonomy":"product_brand","embeddable":true,"href":"https:\/\/covers4car.com\/fi\/wp-json\/wp\/v2\/product_brand?post=16658"},{"taxonomy":"product_cat","embeddable":true,"href":"https:\/\/covers4car.com\/fi\/wp-json\/wp\/v2\/product_cat?post=16658"},{"taxonomy":"product_tag","embeddable":true,"href":"https:\/\/covers4car.com\/fi\/wp-json\/wp\/v2\/product_tag?post=16658"},{"taxonomy":"jet_color","embeddable":true,"href":"https:\/\/covers4car.com\/fi\/wp-json\/wp\/v2\/jet_color?post=16658"},{"taxonomy":"jet_material","embeddable":true,"href":"https:\/\/covers4car.com\/fi\/wp-json\/wp\/v2\/jet_material?post=16658"},{"taxonomy":"jet_coverage","embeddable":true,"href":"https:\/\/covers4car.com\/fi\/wp-json\/wp\/v2\/jet_coverage?post=16658"}],"curies":[{"name":"wp","href":"https:\/\/api.w.org\/{rel}","templated":true}]}}