{"id":17746,"date":"2025-06-27T03:07:31","date_gmt":"2025-06-27T10:07:31","guid":{"rendered":"https:\/\/covers4car.com\/?post_type=product&#038;p=17746"},"modified":"2026-04-08T09:58:01","modified_gmt":"2026-04-08T16:58:01","slug":"pu-leather-front-seat-cushion-for-all-cars-full-coverage-anti-slip-universal-fit","status":"publish","type":"product","link":"https:\/\/covers4car.com\/fi\/tuote\/pu-leather-front-seat-cushion-for-all-cars-full-coverage-anti-slip-universal-fit\/","title":{"rendered":"PU-nahkainen etuistuintyyny kaikkiin autoihin - t\u00e4ydellinen peitto ja liukumaton yleisistuin"},"content":{"rendered":"<p>Paranna autosi sisustusta t\u00e4ll\u00e4 ylellisell\u00e4 3D-PU-nahkaisella etuistuimen p\u00e4\u00e4llisell\u00e4. Hengitt\u00e4v\u00e4n, eritt\u00e4in joustavan vaahtomuovin, tyylikk\u00e4iden ompeleiden, koko istuimen suojaavuuden ja helpon asennuksen ansiosta se yhdist\u00e4\u00e4 mukavuuden, tyylin ja kest\u00e4vyyden \u2013 suunniteltu sopimaan useimpiin kompakteihin ja keskikokoisiin ajoneuvoihin.<\/p>\n<p><strong>Ominaisuudet:<\/strong><\/p>\n<ul>\n<li><strong>Premium materiaali:<\/strong> 3D-PU-nahka hengitt\u00e4v\u00e4ll\u00e4, eritt\u00e4in joustavalla vaahtomuovilla; pehme\u00e4, kest\u00e4v\u00e4 ja tyylik\u00e4s.<\/li>\n<li><strong>T\u00e4ysi kattavuus:<\/strong> Liukumaton kumipohja reunoilla pit\u00e4\u00e4 kannen tukevasti paikallaan.<\/li>\n<li><strong>Tyylik\u00e4s muotoilu:<\/strong> Geometrinen kirjonta ja etutasku sek\u00e4 ulkon\u00e4\u00f6n ett\u00e4 k\u00e4yt\u00e4nn\u00f6llisyyden lis\u00e4\u00e4miseksi.<\/li>\n<li><strong>Helppo asennus:<\/strong> Mukana soljet ja koukut; asennus vain muutamassa minuutissa.<\/li>\n<li><strong>Laaja yhteensopivuus:<\/strong> Sopii 90%-malleihin kompakteihin ja keskikokoisiin autoihin, katumaastureihin, pakettiautoihin ja lava-autoihin.<\/li>\n<\/ul>","protected":false},"excerpt":{"rendered":"<p>Paranna autosi sisustusta t\u00e4ll\u00e4 ylellisell\u00e4 3D-PU-nahkaisella etuistuimen p\u00e4\u00e4llisell\u00e4. Siin\u00e4 on hengitt\u00e4v\u00e4, eritt\u00e4in joustava vaahtomuovi, tyylikk\u00e4\u00e4t tikkaukset ja kokoistuin.<\/p>","protected":false},"featured_media":17756,"comment_status":"open","ping_status":"closed","template":"","meta":{"_acf_changed":false,"_monsterinsights_skip_tracking":false,"_monsterinsights_sitenote_active":false,"_monsterinsights_sitenote_note":"","_monsterinsights_sitenote_category":0},"product_brand":[],"product_cat":[22976,22977],"product_tag":[54969,23258],"jet_color":[],"jet_material":[],"jet_coverage":[],"class_list":{"0":"post-17746","1":"product","2":"type-product","3":"status-publish","4":"has-post-thumbnail","6":"product_cat-seat-cushion","7":"product_cat-premium-leather-seat-cushion","8":"product_tag-fit-universal-fit","9":"product_tag-premium-seat-cushion","11":"first","12":"instock","13":"shipping-taxable","14":"purchasable","15":"product-type-variable","16":"has-default-attributes","17":"wvs-archive-product-wrapper"},"acf":[],"yoast_head":"<!-- This site is optimized with the Yoast SEO Premium plugin v26.4 (Yoast SEO v26.4) - https:\/\/yoast.com\/wordpress\/plugins\/seo\/ -->\n<title>PU Leather Front Seat Cushion for All Cars-Full Coverage &amp; Anti-Slip Universal Fit - Covers4Car<\/title>\n<meta name=\"description\" content=\"PU Leather Front Seat Cushion for All Cars-Full Coverage &amp; Anti-Slip Universal Fit Enhance your car&#039;s interior with this luxurious 3D PU leather front seat cover. Featuring breathable high-elastic foam, elegant stitching, full-seat\" \/>\n<meta name=\"robots\" content=\"index, follow, max-snippet:-1, max-image-preview:large, max-video-preview:-1\" \/>\n<link rel=\"canonical\" href=\"https:\/\/covers4car.com\/fi\/tuote\/pu-leather-front-seat-cushion-for-all-cars-full-coverage-anti-slip-universal-fit\/\" \/>\n<meta property=\"og:locale\" content=\"fi_FI\" \/>\n<meta property=\"og:type\" content=\"article\" \/>\n<meta property=\"og:title\" content=\"PU Leather Front Seat Cushion for All Cars-Full Coverage &amp; Anti-Slip Universal Fit\" \/>\n<meta property=\"og:description\" content=\"PU Leather Front Seat Cushion for All Cars-Full Coverage &amp; Anti-Slip Universal Fit Enhance your car&#039;s interior with this luxurious 3D PU leather front seat cover. Featuring breathable high-elastic foam, elegant stitching, full-seat\" \/>\n<meta property=\"og:url\" content=\"https:\/\/covers4car.com\/fi\/tuote\/pu-leather-front-seat-cushion-for-all-cars-full-coverage-anti-slip-universal-fit\/\" \/>\n<meta property=\"og:site_name\" content=\"Covers4Car\" \/>\n<meta property=\"article:publisher\" content=\"https:\/\/www.facebook.com\/profile.php?id=61564533557142\" \/>\n<meta property=\"article:modified_time\" content=\"2026-04-08T16:58:01+00:00\" \/>\n<meta property=\"og:image\" content=\"https:\/\/covers4car.com\/wp-content\/uploads\/2025\/06\/51EHWCVKszL._AC_.webp\" \/>\n\t<meta property=\"og:image:width\" content=\"1000\" \/>\n\t<meta property=\"og:image:height\" content=\"1000\" \/>\n\t<meta property=\"og:image:type\" content=\"image\/webp\" \/>\n<meta name=\"twitter:card\" content=\"summary_large_image\" \/>\n<meta name=\"twitter:site\" content=\"@covers4carstore\" \/>\n<meta name=\"twitter:label1\" content=\"Arvioitu lukuaika\" \/>\n\t<meta name=\"twitter:data1\" content=\"1 minuutti\" \/>\n<script type=\"application\/ld+json\" class=\"yoast-schema-graph\">{\"@context\":\"https:\/\/schema.org\",\"@graph\":[{\"@type\":\"WebPage\",\"@id\":\"https:\/\/covers4car.com\/product\/pu-leather-front-seat-cushion-for-all-cars-full-coverage-anti-slip-universal-fit\/\",\"url\":\"https:\/\/covers4car.com\/product\/pu-leather-front-seat-cushion-for-all-cars-full-coverage-anti-slip-universal-fit\/\",\"name\":\"PU Leather Front Seat Cushion for All Cars-Full Coverage & Anti-Slip Universal Fit - Covers4Car\",\"isPartOf\":{\"@id\":\"https:\/\/covers4car.com\/#website\"},\"primaryImageOfPage\":{\"@id\":\"https:\/\/covers4car.com\/product\/pu-leather-front-seat-cushion-for-all-cars-full-coverage-anti-slip-universal-fit\/#primaryimage\"},\"image\":{\"@id\":\"https:\/\/covers4car.com\/product\/pu-leather-front-seat-cushion-for-all-cars-full-coverage-anti-slip-universal-fit\/#primaryimage\"},\"thumbnailUrl\":\"https:\/\/covers4car.com\/wp-content\/uploads\/2025\/06\/51EHWCVKszL._AC_.webp\",\"datePublished\":\"2025-06-27T10:07:31+00:00\",\"dateModified\":\"2026-04-08T16:58:01+00:00\",\"description\":\"PU Leather Front Seat Cushion for All Cars-Full Coverage & Anti-Slip Universal Fit Enhance your car's interior with this luxurious 3D PU leather front seat cover. Featuring breathable high-elastic foam, elegant stitching, full-seat\",\"breadcrumb\":{\"@id\":\"https:\/\/covers4car.com\/product\/pu-leather-front-seat-cushion-for-all-cars-full-coverage-anti-slip-universal-fit\/#breadcrumb\"},\"inLanguage\":\"fi\",\"potentialAction\":[{\"@type\":\"ReadAction\",\"target\":[\"https:\/\/covers4car.com\/product\/pu-leather-front-seat-cushion-for-all-cars-full-coverage-anti-slip-universal-fit\/\"]}]},{\"@type\":\"ImageObject\",\"inLanguage\":\"fi\",\"@id\":\"https:\/\/covers4car.com\/product\/pu-leather-front-seat-cushion-for-all-cars-full-coverage-anti-slip-universal-fit\/#primaryimage\",\"url\":\"https:\/\/covers4car.com\/wp-content\/uploads\/2025\/06\/51EHWCVKszL._AC_.webp\",\"contentUrl\":\"https:\/\/covers4car.com\/wp-content\/uploads\/2025\/06\/51EHWCVKszL._AC_.webp\",\"width\":1000,\"height\":1000},{\"@type\":\"BreadcrumbList\",\"@id\":\"https:\/\/covers4car.com\/product\/pu-leather-front-seat-cushion-for-all-cars-full-coverage-anti-slip-universal-fit\/#breadcrumb\",\"itemListElement\":[{\"@type\":\"ListItem\",\"position\":1,\"name\":\"Home\",\"item\":\"https:\/\/covers4car.com\/\"},{\"@type\":\"ListItem\",\"position\":2,\"name\":\"Shop\",\"item\":\"https:\/\/covers4car.com\/shop\/\"},{\"@type\":\"ListItem\",\"position\":3,\"name\":\"PU Leather Front Seat Cushion for All Cars-Full Coverage &#038; Anti-Slip Universal Fit\"}]},{\"@type\":\"WebSite\",\"@id\":\"https:\/\/covers4car.com\/#website\",\"url\":\"https:\/\/covers4car.com\/\",\"name\":\"Covers4Car\",\"description\":\"Professional Seat Covers Tailored for Your Vehicle\",\"publisher\":{\"@id\":\"https:\/\/covers4car.com\/#organization\"},\"potentialAction\":[{\"@type\":\"SearchAction\",\"target\":{\"@type\":\"EntryPoint\",\"urlTemplate\":\"https:\/\/covers4car.com\/?s={search_term_string}\"},\"query-input\":{\"@type\":\"PropertyValueSpecification\",\"valueRequired\":true,\"valueName\":\"search_term_string\"}}],\"inLanguage\":\"fi\"},{\"@type\":\"Organization\",\"@id\":\"https:\/\/covers4car.com\/#organization\",\"name\":\"Covers4Car\",\"url\":\"https:\/\/covers4car.com\/\",\"logo\":{\"@type\":\"ImageObject\",\"inLanguage\":\"fi\",\"@id\":\"https:\/\/covers4car.com\/#\/schema\/logo\/image\/\",\"url\":\"https:\/\/covers4car.com\/wp-content\/uploads\/2024\/11\/Asset-2@5x-copy.jpg\",\"contentUrl\":\"https:\/\/covers4car.com\/wp-content\/uploads\/2024\/11\/Asset-2@5x-copy.jpg\",\"width\":877,\"height\":877,\"caption\":\"Covers4Car\"},\"image\":{\"@id\":\"https:\/\/covers4car.com\/#\/schema\/logo\/image\/\"},\"sameAs\":[\"https:\/\/www.facebook.com\/profile.php?id=61564533557142\",\"https:\/\/x.com\/covers4carstore\"]}]}<\/script>\n<!-- \/ Yoast SEO Premium plugin. -->","yoast_head_json":{"title":"PU Leather Front Seat Cushion for All Cars-Full Coverage & Anti-Slip Universal Fit - Covers4Car","description":"PU Leather Front Seat Cushion for All Cars-Full Coverage & Anti-Slip Universal Fit Enhance your car's interior with this luxurious 3D PU leather front seat cover. Featuring breathable high-elastic foam, elegant stitching, full-seat","robots":{"index":"index","follow":"follow","max-snippet":"max-snippet:-1","max-image-preview":"max-image-preview:large","max-video-preview":"max-video-preview:-1"},"canonical":"https:\/\/covers4car.com\/fi\/tuote\/pu-leather-front-seat-cushion-for-all-cars-full-coverage-anti-slip-universal-fit\/","og_locale":"fi_FI","og_type":"article","og_title":"PU Leather Front Seat Cushion for All Cars-Full Coverage & Anti-Slip Universal Fit","og_description":"PU Leather Front Seat Cushion for All Cars-Full Coverage & Anti-Slip Universal Fit Enhance your car's interior with this luxurious 3D PU leather front seat cover. Featuring breathable high-elastic foam, elegant stitching, full-seat","og_url":"https:\/\/covers4car.com\/fi\/tuote\/pu-leather-front-seat-cushion-for-all-cars-full-coverage-anti-slip-universal-fit\/","og_site_name":"Covers4Car","article_publisher":"https:\/\/www.facebook.com\/profile.php?id=61564533557142","article_modified_time":"2026-04-08T16:58:01+00:00","og_image":[{"width":1000,"height":1000,"url":"https:\/\/covers4car.com\/wp-content\/uploads\/2025\/06\/51EHWCVKszL._AC_.webp","type":"image\/webp"}],"twitter_card":"summary_large_image","twitter_site":"@covers4carstore","twitter_misc":{"Arvioitu lukuaika":"1 minuutti"},"schema":{"@context":"https:\/\/schema.org","@graph":[{"@type":"WebPage","@id":"https:\/\/covers4car.com\/product\/pu-leather-front-seat-cushion-for-all-cars-full-coverage-anti-slip-universal-fit\/","url":"https:\/\/covers4car.com\/product\/pu-leather-front-seat-cushion-for-all-cars-full-coverage-anti-slip-universal-fit\/","name":"PU Leather Front Seat Cushion for All Cars-Full Coverage & Anti-Slip Universal Fit - Covers4Car","isPartOf":{"@id":"https:\/\/covers4car.com\/#website"},"primaryImageOfPage":{"@id":"https:\/\/covers4car.com\/product\/pu-leather-front-seat-cushion-for-all-cars-full-coverage-anti-slip-universal-fit\/#primaryimage"},"image":{"@id":"https:\/\/covers4car.com\/product\/pu-leather-front-seat-cushion-for-all-cars-full-coverage-anti-slip-universal-fit\/#primaryimage"},"thumbnailUrl":"https:\/\/covers4car.com\/wp-content\/uploads\/2025\/06\/51EHWCVKszL._AC_.webp","datePublished":"2025-06-27T10:07:31+00:00","dateModified":"2026-04-08T16:58:01+00:00","description":"PU Leather Front Seat Cushion for All Cars-Full Coverage & Anti-Slip Universal Fit Enhance your car's interior with this luxurious 3D PU leather front seat cover. Featuring breathable high-elastic foam, elegant stitching, full-seat","breadcrumb":{"@id":"https:\/\/covers4car.com\/product\/pu-leather-front-seat-cushion-for-all-cars-full-coverage-anti-slip-universal-fit\/#breadcrumb"},"inLanguage":"fi","potentialAction":[{"@type":"ReadAction","target":["https:\/\/covers4car.com\/product\/pu-leather-front-seat-cushion-for-all-cars-full-coverage-anti-slip-universal-fit\/"]}]},{"@type":"ImageObject","inLanguage":"fi","@id":"https:\/\/covers4car.com\/product\/pu-leather-front-seat-cushion-for-all-cars-full-coverage-anti-slip-universal-fit\/#primaryimage","url":"https:\/\/covers4car.com\/wp-content\/uploads\/2025\/06\/51EHWCVKszL._AC_.webp","contentUrl":"https:\/\/covers4car.com\/wp-content\/uploads\/2025\/06\/51EHWCVKszL._AC_.webp","width":1000,"height":1000},{"@type":"BreadcrumbList","@id":"https:\/\/covers4car.com\/product\/pu-leather-front-seat-cushion-for-all-cars-full-coverage-anti-slip-universal-fit\/#breadcrumb","itemListElement":[{"@type":"ListItem","position":1,"name":"Home","item":"https:\/\/covers4car.com\/"},{"@type":"ListItem","position":2,"name":"Shop","item":"https:\/\/covers4car.com\/shop\/"},{"@type":"ListItem","position":3,"name":"PU Leather Front Seat Cushion for All Cars-Full Coverage &#038; Anti-Slip Universal Fit"}]},{"@type":"WebSite","@id":"https:\/\/covers4car.com\/#website","url":"https:\/\/covers4car.com\/","name":"Covers4Car","description":"Ammattimaiset istuinsuojat r\u00e4\u00e4t\u00e4l\u00f6ityn\u00e4 ajoneuvoosi","publisher":{"@id":"https:\/\/covers4car.com\/#organization"},"potentialAction":[{"@type":"SearchAction","target":{"@type":"EntryPoint","urlTemplate":"https:\/\/covers4car.com\/?s={search_term_string}"},"query-input":{"@type":"PropertyValueSpecification","valueRequired":true,"valueName":"search_term_string"}}],"inLanguage":"fi"},{"@type":"Organization","@id":"https:\/\/covers4car.com\/#organization","name":"Covers4Car","url":"https:\/\/covers4car.com\/","logo":{"@type":"ImageObject","inLanguage":"fi","@id":"https:\/\/covers4car.com\/#\/schema\/logo\/image\/","url":"https:\/\/covers4car.com\/wp-content\/uploads\/2024\/11\/Asset-2@5x-copy.jpg","contentUrl":"https:\/\/covers4car.com\/wp-content\/uploads\/2024\/11\/Asset-2@5x-copy.jpg","width":877,"height":877,"caption":"Covers4Car"},"image":{"@id":"https:\/\/covers4car.com\/#\/schema\/logo\/image\/"},"sameAs":["https:\/\/www.facebook.com\/profile.php?id=61564533557142","https:\/\/x.com\/covers4carstore"]}]}},"_links":{"self":[{"href":"https:\/\/covers4car.com\/fi\/wp-json\/wp\/v2\/product\/17746","targetHints":{"allow":["GET"]}}],"collection":[{"href":"https:\/\/covers4car.com\/fi\/wp-json\/wp\/v2\/product"}],"about":[{"href":"https:\/\/covers4car.com\/fi\/wp-json\/wp\/v2\/types\/product"}],"replies":[{"embeddable":true,"href":"https:\/\/covers4car.com\/fi\/wp-json\/wp\/v2\/comments?post=17746"}],"version-history":[{"count":0,"href":"https:\/\/covers4car.com\/fi\/wp-json\/wp\/v2\/product\/17746\/revisions"}],"wp:featuredmedia":[{"embeddable":true,"href":"https:\/\/covers4car.com\/fi\/wp-json\/wp\/v2\/media\/17756"}],"wp:attachment":[{"href":"https:\/\/covers4car.com\/fi\/wp-json\/wp\/v2\/media?parent=17746"}],"wp:term":[{"taxonomy":"product_brand","embeddable":true,"href":"https:\/\/covers4car.com\/fi\/wp-json\/wp\/v2\/product_brand?post=17746"},{"taxonomy":"product_cat","embeddable":true,"href":"https:\/\/covers4car.com\/fi\/wp-json\/wp\/v2\/product_cat?post=17746"},{"taxonomy":"product_tag","embeddable":true,"href":"https:\/\/covers4car.com\/fi\/wp-json\/wp\/v2\/product_tag?post=17746"},{"taxonomy":"jet_color","embeddable":true,"href":"https:\/\/covers4car.com\/fi\/wp-json\/wp\/v2\/jet_color?post=17746"},{"taxonomy":"jet_material","embeddable":true,"href":"https:\/\/covers4car.com\/fi\/wp-json\/wp\/v2\/jet_material?post=17746"},{"taxonomy":"jet_coverage","embeddable":true,"href":"https:\/\/covers4car.com\/fi\/wp-json\/wp\/v2\/jet_coverage?post=17746"}],"curies":[{"name":"wp","href":"https:\/\/api.w.org\/{rel}","templated":true}]}}