{"id":17781,"date":"2025-06-19T03:20:35","date_gmt":"2025-06-19T10:20:35","guid":{"rendered":"https:\/\/covers4car.com\/?post_type=product&#038;p=17781"},"modified":"2025-11-06T23:58:18","modified_gmt":"2025-11-07T07:58:18","slug":"upgraded-cooling-car-seat-cover-12v-24v-ventilated-cooling-car-seat-cushion-universal-fit","status":"publish","type":"product","link":"https:\/\/covers4car.com\/fi\/tuote\/upgraded-cooling-car-seat-cover-12v-24v-ventilated-cooling-car-seat-cushion-universal-fit\/","title":{"rendered":"P\u00e4ivitetty j\u00e4\u00e4hdytt\u00e4v\u00e4 auton istuinsuoja 12\u201324 V:n tuuletettu j\u00e4\u00e4hdytt\u00e4v\u00e4 auton istuintyyny, yleismalli"},"content":{"rendered":"<p>Vallankumouksellinen kaksoisj\u00e4\u00e4hdytteinen auton istuintyyny, jossa on koko kehon ilmavirtaus, titaaniytiminen j\u00e4\u00e4hdytys ja \u00e4lyk\u00e4s mukavuus \u2013 pysy hikoilemattomana jopa 40 \u00b0C:n helteess\u00e4.<\/p>\n<ul>\n<li><strong>Kaksiytiminen j\u00e4\u00e4hdytystekniikka<\/strong>Yhdist\u00e4\u00e4 p\u00e4ivitetyn puolijohdej\u00e4\u00e4hdytyksen nopeaan ilmanvaihtoon. Laskee istuimen l\u00e4mp\u00f6tilaa jopa 10 \u00b0C v\u00e4litt\u00f6m\u00e4sti, mik\u00e4 antaa sinulle henkil\u00f6kohtaisen j\u00e4\u00e4kylm\u00e4n vy\u00f6hykkeen jopa paahtavan kuumuudessa.<\/li>\n<li><strong>360\u00b0 koko kehon ilmavirtaus (1200 m3\/h)<\/strong>16 ilmakanavaa tarjoavat ymp\u00e4r\u00f6iv\u00e4n viilennyksen p\u00e4\u00e4st\u00e4 varpaisiin. Ei en\u00e4\u00e4 kuumia selki\u00e4, tahmeita reisi\u00e4 tai hikoilevaa ep\u00e4mukavuutta ja nauti todellisesta koko kehon raikkaudesta.<\/li>\n<li><strong>Titaani-suprajohdej\u00e4\u00e4hdytyspiiri<\/strong>Puhtaasta titaanista valmistetulla ytimell\u00e4 varustettu laite viilent\u00e4\u00e4 kuuman matkustamon ilman nopeasti 40 \u00b0C:sta 20 \u00b0C:een vain yhdess\u00e4 sekunnissa. Eritt\u00e4in nopea l\u00e4mm\u00f6njohtavuus ja jatkuva suorituskyky.<\/li>\n<li><strong>\u00c4lyk\u00e4s infrapuna-automaattiaktivointi<\/strong>Sis\u00e4\u00e4nrakennettu anturi tunnistaa l\u00e4sn\u00e4olosi \u2013 istuin k\u00e4ynnistyy heti, kun istut alas, ja pys\u00e4htyy, kun nouset yl\u00f6s. Ei painikkeita, ei vaivaa, t\u00e4ysin handsfree-toiminto.<\/li>\n<li><strong>Hiljainen ja mukava<\/strong>Varustettuna harjattomalla moottorilla, jonka \u00e4\u00e4nenvoimakkuus on alle 28 dB, voit nauttia tehokkaasta ilmavirrasta ja minimaalisesta melusta \u2013 t\u00e4ydellinen keskittyneeseen ajamiseen, torkkumiseen ja rauhallisiin py\u00f6r\u00e4ilymatkoihin.<\/li>\n<\/ul>","protected":false},"excerpt":{"rendered":"<p>Vallankumouksellinen kaksoisj\u00e4\u00e4hdytteinen auton istuintyyny, jossa on koko kehon ilmavirtaus, titaaniytiminen j\u00e4\u00e4hdytys ja \u00e4lyk\u00e4s mukavuus \u2013 pysy hikoilemattomana jopa 40 \u00b0C:n helteess\u00e4.<\/p>","protected":false},"featured_media":18359,"comment_status":"open","ping_status":"closed","template":"","meta":{"_acf_changed":false,"_monsterinsights_skip_tracking":false,"_monsterinsights_sitenote_active":false,"_monsterinsights_sitenote_note":"","_monsterinsights_sitenote_category":0},"product_brand":[],"product_cat":[22976,22978,23254],"product_tag":[23273,54969],"jet_color":[],"jet_material":[],"jet_coverage":[],"class_list":{"0":"post-17781","1":"product","2":"type-product","3":"status-publish","4":"has-post-thumbnail","6":"product_cat-seat-cushion","7":"product_cat-functional-seat-cushion","8":"product_cat-cooling-ventilation-seat-cushion","9":"product_tag-cooling-seat-cushion","10":"product_tag-fit-universal-fit","12":"first","13":"instock","14":"shipping-taxable","15":"purchasable","16":"product-type-variable","17":"has-default-attributes","18":"wvs-archive-product-wrapper"},"acf":[],"yoast_head":"<!-- This site is optimized with the Yoast SEO Premium plugin v26.4 (Yoast SEO v26.4) - https:\/\/yoast.com\/wordpress\/plugins\/seo\/ -->\n<title>Upgraded Cooling Car Seat Cover 12V-24V Ventilated Cooling Car Seat Cushion Universal Fit - Covers4Car<\/title>\n<meta name=\"description\" content=\"Upgraded Cooling Car Seat Cover 12V-24V Ventilated Cooling Car Seat Cushion Universal Fit Revolutionary dual-cooling car seat cushion with full-body airflow, titanium-core cooling, and intelligent comfort - stay sweat-free even in 40\u00b0C heat.\" \/>\n<meta name=\"robots\" content=\"index, follow, max-snippet:-1, max-image-preview:large, max-video-preview:-1\" \/>\n<link rel=\"canonical\" href=\"https:\/\/covers4car.com\/fi\/tuote\/upgraded-cooling-car-seat-cover-12v-24v-ventilated-cooling-car-seat-cushion-universal-fit\/\" \/>\n<meta property=\"og:locale\" content=\"fi_FI\" \/>\n<meta property=\"og:type\" content=\"article\" \/>\n<meta property=\"og:title\" content=\"Upgraded Cooling Car Seat Cover 12V-24V Ventilated Cooling Car Seat Cushion Universal Fit\" \/>\n<meta property=\"og:description\" content=\"Upgraded Cooling Car Seat Cover 12V-24V Ventilated Cooling Car Seat Cushion Universal Fit Revolutionary dual-cooling car seat cushion with full-body airflow, titanium-core cooling, and intelligent comfort - stay sweat-free even in 40\u00b0C heat.\" \/>\n<meta property=\"og:url\" content=\"https:\/\/covers4car.com\/fi\/tuote\/upgraded-cooling-car-seat-cover-12v-24v-ventilated-cooling-car-seat-cushion-universal-fit\/\" \/>\n<meta property=\"og:site_name\" content=\"Covers4Car\" \/>\n<meta property=\"article:publisher\" content=\"https:\/\/www.facebook.com\/profile.php?id=61564533557142\" \/>\n<meta property=\"article:modified_time\" content=\"2025-11-07T07:58:18+00:00\" \/>\n<meta property=\"og:image\" content=\"https:\/\/covers4car.com\/wp-content\/uploads\/2025\/06\/1-18.webp\" \/>\n\t<meta property=\"og:image:width\" content=\"1000\" \/>\n\t<meta property=\"og:image:height\" content=\"1000\" \/>\n\t<meta property=\"og:image:type\" content=\"image\/webp\" \/>\n<meta name=\"twitter:card\" content=\"summary_large_image\" \/>\n<meta name=\"twitter:site\" content=\"@covers4carstore\" \/>\n<meta name=\"twitter:label1\" content=\"Arvioitu lukuaika\" \/>\n\t<meta name=\"twitter:data1\" content=\"1 minuutti\" \/>\n<script type=\"application\/ld+json\" class=\"yoast-schema-graph\">{\"@context\":\"https:\/\/schema.org\",\"@graph\":[{\"@type\":\"WebPage\",\"@id\":\"https:\/\/covers4car.com\/product\/upgraded-cooling-car-seat-cover-12v-24v-ventilated-cooling-car-seat-cushion-universal-fit\/\",\"url\":\"https:\/\/covers4car.com\/product\/upgraded-cooling-car-seat-cover-12v-24v-ventilated-cooling-car-seat-cushion-universal-fit\/\",\"name\":\"Upgraded Cooling Car Seat Cover 12V-24V Ventilated Cooling Car Seat Cushion Universal Fit - Covers4Car\",\"isPartOf\":{\"@id\":\"https:\/\/covers4car.com\/#website\"},\"primaryImageOfPage\":{\"@id\":\"https:\/\/covers4car.com\/product\/upgraded-cooling-car-seat-cover-12v-24v-ventilated-cooling-car-seat-cushion-universal-fit\/#primaryimage\"},\"image\":{\"@id\":\"https:\/\/covers4car.com\/product\/upgraded-cooling-car-seat-cover-12v-24v-ventilated-cooling-car-seat-cushion-universal-fit\/#primaryimage\"},\"thumbnailUrl\":\"https:\/\/covers4car.com\/wp-content\/uploads\/2025\/06\/1-18.webp\",\"datePublished\":\"2025-06-19T10:20:35+00:00\",\"dateModified\":\"2025-11-07T07:58:18+00:00\",\"description\":\"Upgraded Cooling Car Seat Cover 12V-24V Ventilated Cooling Car Seat Cushion Universal Fit Revolutionary dual-cooling car seat cushion with full-body airflow, titanium-core cooling, and intelligent comfort - stay sweat-free even in 40\u00b0C heat.\",\"breadcrumb\":{\"@id\":\"https:\/\/covers4car.com\/product\/upgraded-cooling-car-seat-cover-12v-24v-ventilated-cooling-car-seat-cushion-universal-fit\/#breadcrumb\"},\"inLanguage\":\"fi\",\"potentialAction\":[{\"@type\":\"ReadAction\",\"target\":[\"https:\/\/covers4car.com\/product\/upgraded-cooling-car-seat-cover-12v-24v-ventilated-cooling-car-seat-cushion-universal-fit\/\"]}]},{\"@type\":\"ImageObject\",\"inLanguage\":\"fi\",\"@id\":\"https:\/\/covers4car.com\/product\/upgraded-cooling-car-seat-cover-12v-24v-ventilated-cooling-car-seat-cushion-universal-fit\/#primaryimage\",\"url\":\"https:\/\/covers4car.com\/wp-content\/uploads\/2025\/06\/1-18.webp\",\"contentUrl\":\"https:\/\/covers4car.com\/wp-content\/uploads\/2025\/06\/1-18.webp\",\"width\":1000,\"height\":1000},{\"@type\":\"BreadcrumbList\",\"@id\":\"https:\/\/covers4car.com\/product\/upgraded-cooling-car-seat-cover-12v-24v-ventilated-cooling-car-seat-cushion-universal-fit\/#breadcrumb\",\"itemListElement\":[{\"@type\":\"ListItem\",\"position\":1,\"name\":\"Home\",\"item\":\"https:\/\/covers4car.com\/\"},{\"@type\":\"ListItem\",\"position\":2,\"name\":\"Shop\",\"item\":\"https:\/\/covers4car.com\/shop\/\"},{\"@type\":\"ListItem\",\"position\":3,\"name\":\"Upgraded Cooling Car Seat Cover 12V-24V Ventilated Cooling Car Seat Cushion Universal Fit\"}]},{\"@type\":\"WebSite\",\"@id\":\"https:\/\/covers4car.com\/#website\",\"url\":\"https:\/\/covers4car.com\/\",\"name\":\"Covers4Car\",\"description\":\"Professional Seat Covers Tailored for Your Vehicle\",\"publisher\":{\"@id\":\"https:\/\/covers4car.com\/#organization\"},\"potentialAction\":[{\"@type\":\"SearchAction\",\"target\":{\"@type\":\"EntryPoint\",\"urlTemplate\":\"https:\/\/covers4car.com\/?s={search_term_string}\"},\"query-input\":{\"@type\":\"PropertyValueSpecification\",\"valueRequired\":true,\"valueName\":\"search_term_string\"}}],\"inLanguage\":\"fi\"},{\"@type\":\"Organization\",\"@id\":\"https:\/\/covers4car.com\/#organization\",\"name\":\"Covers4Car\",\"url\":\"https:\/\/covers4car.com\/\",\"logo\":{\"@type\":\"ImageObject\",\"inLanguage\":\"fi\",\"@id\":\"https:\/\/covers4car.com\/#\/schema\/logo\/image\/\",\"url\":\"https:\/\/covers4car.com\/wp-content\/uploads\/2024\/11\/Asset-2@5x-copy.jpg\",\"contentUrl\":\"https:\/\/covers4car.com\/wp-content\/uploads\/2024\/11\/Asset-2@5x-copy.jpg\",\"width\":877,\"height\":877,\"caption\":\"Covers4Car\"},\"image\":{\"@id\":\"https:\/\/covers4car.com\/#\/schema\/logo\/image\/\"},\"sameAs\":[\"https:\/\/www.facebook.com\/profile.php?id=61564533557142\",\"https:\/\/x.com\/covers4carstore\"]}]}<\/script>\n<!-- \/ Yoast SEO Premium plugin. -->","yoast_head_json":{"title":"Upgraded Cooling Car Seat Cover 12V-24V Ventilated Cooling Car Seat Cushion Universal Fit - Covers4Car","description":"Upgraded Cooling Car Seat Cover 12V-24V Ventilated Cooling Car Seat Cushion Universal Fit Revolutionary dual-cooling car seat cushion with full-body airflow, titanium-core cooling, and intelligent comfort - stay sweat-free even in 40\u00b0C heat.","robots":{"index":"index","follow":"follow","max-snippet":"max-snippet:-1","max-image-preview":"max-image-preview:large","max-video-preview":"max-video-preview:-1"},"canonical":"https:\/\/covers4car.com\/fi\/tuote\/upgraded-cooling-car-seat-cover-12v-24v-ventilated-cooling-car-seat-cushion-universal-fit\/","og_locale":"fi_FI","og_type":"article","og_title":"Upgraded Cooling Car Seat Cover 12V-24V Ventilated Cooling Car Seat Cushion Universal Fit","og_description":"Upgraded Cooling Car Seat Cover 12V-24V Ventilated Cooling Car Seat Cushion Universal Fit Revolutionary dual-cooling car seat cushion with full-body airflow, titanium-core cooling, and intelligent comfort - stay sweat-free even in 40\u00b0C heat.","og_url":"https:\/\/covers4car.com\/fi\/tuote\/upgraded-cooling-car-seat-cover-12v-24v-ventilated-cooling-car-seat-cushion-universal-fit\/","og_site_name":"Covers4Car","article_publisher":"https:\/\/www.facebook.com\/profile.php?id=61564533557142","article_modified_time":"2025-11-07T07:58:18+00:00","og_image":[{"width":1000,"height":1000,"url":"https:\/\/covers4car.com\/wp-content\/uploads\/2025\/06\/1-18.webp","type":"image\/webp"}],"twitter_card":"summary_large_image","twitter_site":"@covers4carstore","twitter_misc":{"Arvioitu lukuaika":"1 minuutti"},"schema":{"@context":"https:\/\/schema.org","@graph":[{"@type":"WebPage","@id":"https:\/\/covers4car.com\/product\/upgraded-cooling-car-seat-cover-12v-24v-ventilated-cooling-car-seat-cushion-universal-fit\/","url":"https:\/\/covers4car.com\/product\/upgraded-cooling-car-seat-cover-12v-24v-ventilated-cooling-car-seat-cushion-universal-fit\/","name":"Upgraded Cooling Car Seat Cover 12V-24V Ventilated Cooling Car Seat Cushion Universal Fit - Covers4Car","isPartOf":{"@id":"https:\/\/covers4car.com\/#website"},"primaryImageOfPage":{"@id":"https:\/\/covers4car.com\/product\/upgraded-cooling-car-seat-cover-12v-24v-ventilated-cooling-car-seat-cushion-universal-fit\/#primaryimage"},"image":{"@id":"https:\/\/covers4car.com\/product\/upgraded-cooling-car-seat-cover-12v-24v-ventilated-cooling-car-seat-cushion-universal-fit\/#primaryimage"},"thumbnailUrl":"https:\/\/covers4car.com\/wp-content\/uploads\/2025\/06\/1-18.webp","datePublished":"2025-06-19T10:20:35+00:00","dateModified":"2025-11-07T07:58:18+00:00","description":"Upgraded Cooling Car Seat Cover 12V-24V Ventilated Cooling Car Seat Cushion Universal Fit Revolutionary dual-cooling car seat cushion with full-body airflow, titanium-core cooling, and intelligent comfort - stay sweat-free even in 40\u00b0C heat.","breadcrumb":{"@id":"https:\/\/covers4car.com\/product\/upgraded-cooling-car-seat-cover-12v-24v-ventilated-cooling-car-seat-cushion-universal-fit\/#breadcrumb"},"inLanguage":"fi","potentialAction":[{"@type":"ReadAction","target":["https:\/\/covers4car.com\/product\/upgraded-cooling-car-seat-cover-12v-24v-ventilated-cooling-car-seat-cushion-universal-fit\/"]}]},{"@type":"ImageObject","inLanguage":"fi","@id":"https:\/\/covers4car.com\/product\/upgraded-cooling-car-seat-cover-12v-24v-ventilated-cooling-car-seat-cushion-universal-fit\/#primaryimage","url":"https:\/\/covers4car.com\/wp-content\/uploads\/2025\/06\/1-18.webp","contentUrl":"https:\/\/covers4car.com\/wp-content\/uploads\/2025\/06\/1-18.webp","width":1000,"height":1000},{"@type":"BreadcrumbList","@id":"https:\/\/covers4car.com\/product\/upgraded-cooling-car-seat-cover-12v-24v-ventilated-cooling-car-seat-cushion-universal-fit\/#breadcrumb","itemListElement":[{"@type":"ListItem","position":1,"name":"Home","item":"https:\/\/covers4car.com\/"},{"@type":"ListItem","position":2,"name":"Shop","item":"https:\/\/covers4car.com\/shop\/"},{"@type":"ListItem","position":3,"name":"Upgraded Cooling Car Seat Cover 12V-24V Ventilated Cooling Car Seat Cushion Universal Fit"}]},{"@type":"WebSite","@id":"https:\/\/covers4car.com\/#website","url":"https:\/\/covers4car.com\/","name":"Covers4Car","description":"Ammattimaiset istuinsuojat r\u00e4\u00e4t\u00e4l\u00f6ityn\u00e4 ajoneuvoosi","publisher":{"@id":"https:\/\/covers4car.com\/#organization"},"potentialAction":[{"@type":"SearchAction","target":{"@type":"EntryPoint","urlTemplate":"https:\/\/covers4car.com\/?s={search_term_string}"},"query-input":{"@type":"PropertyValueSpecification","valueRequired":true,"valueName":"search_term_string"}}],"inLanguage":"fi"},{"@type":"Organization","@id":"https:\/\/covers4car.com\/#organization","name":"Covers4Car","url":"https:\/\/covers4car.com\/","logo":{"@type":"ImageObject","inLanguage":"fi","@id":"https:\/\/covers4car.com\/#\/schema\/logo\/image\/","url":"https:\/\/covers4car.com\/wp-content\/uploads\/2024\/11\/Asset-2@5x-copy.jpg","contentUrl":"https:\/\/covers4car.com\/wp-content\/uploads\/2024\/11\/Asset-2@5x-copy.jpg","width":877,"height":877,"caption":"Covers4Car"},"image":{"@id":"https:\/\/covers4car.com\/#\/schema\/logo\/image\/"},"sameAs":["https:\/\/www.facebook.com\/profile.php?id=61564533557142","https:\/\/x.com\/covers4carstore"]}]}},"_links":{"self":[{"href":"https:\/\/covers4car.com\/fi\/wp-json\/wp\/v2\/product\/17781","targetHints":{"allow":["GET"]}}],"collection":[{"href":"https:\/\/covers4car.com\/fi\/wp-json\/wp\/v2\/product"}],"about":[{"href":"https:\/\/covers4car.com\/fi\/wp-json\/wp\/v2\/types\/product"}],"replies":[{"embeddable":true,"href":"https:\/\/covers4car.com\/fi\/wp-json\/wp\/v2\/comments?post=17781"}],"version-history":[{"count":0,"href":"https:\/\/covers4car.com\/fi\/wp-json\/wp\/v2\/product\/17781\/revisions"}],"wp:featuredmedia":[{"embeddable":true,"href":"https:\/\/covers4car.com\/fi\/wp-json\/wp\/v2\/media\/18359"}],"wp:attachment":[{"href":"https:\/\/covers4car.com\/fi\/wp-json\/wp\/v2\/media?parent=17781"}],"wp:term":[{"taxonomy":"product_brand","embeddable":true,"href":"https:\/\/covers4car.com\/fi\/wp-json\/wp\/v2\/product_brand?post=17781"},{"taxonomy":"product_cat","embeddable":true,"href":"https:\/\/covers4car.com\/fi\/wp-json\/wp\/v2\/product_cat?post=17781"},{"taxonomy":"product_tag","embeddable":true,"href":"https:\/\/covers4car.com\/fi\/wp-json\/wp\/v2\/product_tag?post=17781"},{"taxonomy":"jet_color","embeddable":true,"href":"https:\/\/covers4car.com\/fi\/wp-json\/wp\/v2\/jet_color?post=17781"},{"taxonomy":"jet_material","embeddable":true,"href":"https:\/\/covers4car.com\/fi\/wp-json\/wp\/v2\/jet_material?post=17781"},{"taxonomy":"jet_coverage","embeddable":true,"href":"https:\/\/covers4car.com\/fi\/wp-json\/wp\/v2\/jet_coverage?post=17781"}],"curies":[{"name":"wp","href":"https:\/\/api.w.org\/{rel}","templated":true}]}}