{"id":18090,"date":"2025-06-27T01:16:40","date_gmt":"2025-06-27T08:16:40","guid":{"rendered":"https:\/\/covers4car.com\/?post_type=product&#038;p=18090"},"modified":"2025-11-07T00:01:45","modified_gmt":"2025-11-07T08:01:45","slug":"nappa-leather-seat-cushion-for-all-cars-breathable-anti-slip-universal-fit","status":"publish","type":"product","link":"https:\/\/covers4car.com\/fi\/tuote\/nappa-leather-seat-cushion-for-all-cars-breathable-anti-slip-universal-fit\/","title":{"rendered":"Nappa-nahkainen istuintyyny kaikkiin autoihin - hengitt\u00e4v\u00e4 ja liukumaton, yleismallinen istuvuus"},"content":{"rendered":"<p>P\u00e4ivit\u00e4 autosi sisustusta hetkess\u00e4 t\u00e4ll\u00e4 nappanahkaisella istuintyynyll\u00e4. Se on suunniteltu jokap\u00e4iv\u00e4ist\u00e4 mukavuutta ja puhdasta estetiikkaa ajatellen. Se pit\u00e4\u00e4 sinut viile\u00e4n\u00e4, tuettuna ja j\u00e4rjestyksess\u00e4 hengitt\u00e4v\u00e4n pintansa, liukumattoman pohjansa ja k\u00e4tev\u00e4n etutaskunsa ansiosta. Nopea asentaa ja kest\u00e4\u00e4 k\u00e4yt\u00f6ss\u00e4 \u2013 t\u00e4m\u00e4 on mukavuutta, jonka tunnet joka kerta ajaessasi.<\/p>\n<p><strong>Ominaisuudet:<\/strong><\/p>\n<ul>\n<li><strong>Premium materiaali:<\/strong> Valmistettu pehme\u00e4st\u00e4 ja hengitt\u00e4v\u00e4st\u00e4 nappanahkasta mukavuutta varten kaikkina vuodenaikoina.<\/li>\n<li><strong>Tukeva pehmuste:<\/strong> Eritt\u00e4in kimmoisa vaahtomuovi takaa pitk\u00e4kestoisen mukavuuden ilman painumista.<\/li>\n<li><strong>Liukumaton muotoilu:<\/strong> Silikonipohja pit\u00e4\u00e4 istuimen tukevasti paikallaan ajon aikana.<\/li>\n<li><strong>\u00c4lyk\u00e4s tallennustila:<\/strong> Sis\u00e4\u00e4nrakennettu tasku tarjoaa k\u00e4tev\u00e4\u00e4 tilaa puhelimelle, avaimille ja pienille tavaroille.<\/li>\n<li><strong>Helppo asennus:<\/strong> Koukkukiinnitys asentuu minuuteissa eik\u00e4 est\u00e4 turvavy\u00f6n k\u00e4ytt\u00f6\u00e4.<\/li>\n<\/ul>","protected":false},"excerpt":{"rendered":"<p>Give your car interior an instant upgrade with this Nappa leather seat cushion. Designed for everyday comfort and clean aesthetics,<\/p>","protected":false},"featured_media":18098,"comment_status":"open","ping_status":"closed","template":"","meta":{"_acf_changed":false,"_monsterinsights_skip_tracking":false,"_monsterinsights_sitenote_active":false,"_monsterinsights_sitenote_note":"","_monsterinsights_sitenote_category":0},"product_brand":[],"product_cat":[22977,22976],"product_tag":[54969,23258],"jet_color":[],"jet_material":[],"jet_coverage":[],"class_list":{"0":"post-18090","1":"product","2":"type-product","3":"status-publish","4":"has-post-thumbnail","6":"product_cat-premium-leather-seat-cushion","7":"product_cat-seat-cushion","8":"product_tag-fit-universal-fit","9":"product_tag-premium-seat-cushion","11":"first","12":"instock","13":"shipping-taxable","14":"purchasable","15":"product-type-variable","16":"has-default-attributes","17":"wvs-archive-product-wrapper"},"acf":[],"yoast_head":"<!-- This site is optimized with the Yoast SEO Premium plugin v26.4 (Yoast SEO v26.4) - https:\/\/yoast.com\/wordpress\/plugins\/seo\/ -->\n<title>Nappa Leather Seat Cushion for All Cars-Breathable &amp; Anti-Slip Universal Fit - Covers4Car<\/title>\n<meta name=\"description\" content=\"Nappa Leather Seat Cushion for All Cars-Breathable &amp; Anti-Slip Universal Fit Give your car interior an instant upgrade with this Nappa leather seat cushion. Designed for everyday comfort and clean aesthetics, it keeps you cool,\" \/>\n<meta name=\"robots\" content=\"index, follow, max-snippet:-1, max-image-preview:large, max-video-preview:-1\" \/>\n<link rel=\"canonical\" href=\"https:\/\/covers4car.com\/fi\/tuote\/nappa-leather-seat-cushion-for-all-cars-breathable-anti-slip-universal-fit\/\" \/>\n<meta property=\"og:locale\" content=\"fi_FI\" \/>\n<meta property=\"og:type\" content=\"article\" \/>\n<meta property=\"og:title\" content=\"Nappa Leather Seat Cushion for All Cars-Breathable &amp; Anti-Slip Universal Fit\" \/>\n<meta property=\"og:description\" content=\"Nappa Leather Seat Cushion for All Cars-Breathable &amp; Anti-Slip Universal Fit Give your car interior an instant upgrade with this Nappa leather seat cushion. Designed for everyday comfort and clean aesthetics, it keeps you cool,\" \/>\n<meta property=\"og:url\" content=\"https:\/\/covers4car.com\/fi\/tuote\/nappa-leather-seat-cushion-for-all-cars-breathable-anti-slip-universal-fit\/\" \/>\n<meta property=\"og:site_name\" content=\"Covers4Car\" \/>\n<meta property=\"article:publisher\" content=\"https:\/\/www.facebook.com\/profile.php?id=61564533557142\" \/>\n<meta property=\"article:modified_time\" content=\"2025-11-07T08:01:45+00:00\" \/>\n<meta property=\"og:image\" content=\"https:\/\/covers4car.com\/wp-content\/uploads\/2025\/06\/BLACK-9.webp\" \/>\n\t<meta property=\"og:image:width\" content=\"1000\" \/>\n\t<meta property=\"og:image:height\" content=\"1000\" \/>\n\t<meta property=\"og:image:type\" content=\"image\/webp\" \/>\n<meta name=\"twitter:card\" content=\"summary_large_image\" \/>\n<meta name=\"twitter:site\" content=\"@covers4carstore\" \/>\n<meta name=\"twitter:label1\" content=\"Arvioitu lukuaika\" \/>\n\t<meta name=\"twitter:data1\" content=\"1 minuutti\" \/>\n<script type=\"application\/ld+json\" class=\"yoast-schema-graph\">{\"@context\":\"https:\/\/schema.org\",\"@graph\":[{\"@type\":\"WebPage\",\"@id\":\"https:\/\/covers4car.com\/product\/nappa-leather-seat-cushion-for-all-cars-breathable-anti-slip-universal-fit\/\",\"url\":\"https:\/\/covers4car.com\/product\/nappa-leather-seat-cushion-for-all-cars-breathable-anti-slip-universal-fit\/\",\"name\":\"Nappa Leather Seat Cushion for All Cars-Breathable & Anti-Slip Universal Fit - Covers4Car\",\"isPartOf\":{\"@id\":\"https:\/\/covers4car.com\/#website\"},\"primaryImageOfPage\":{\"@id\":\"https:\/\/covers4car.com\/product\/nappa-leather-seat-cushion-for-all-cars-breathable-anti-slip-universal-fit\/#primaryimage\"},\"image\":{\"@id\":\"https:\/\/covers4car.com\/product\/nappa-leather-seat-cushion-for-all-cars-breathable-anti-slip-universal-fit\/#primaryimage\"},\"thumbnailUrl\":\"https:\/\/covers4car.com\/wp-content\/uploads\/2025\/06\/BLACK-9.webp\",\"datePublished\":\"2025-06-27T08:16:40+00:00\",\"dateModified\":\"2025-11-07T08:01:45+00:00\",\"description\":\"Nappa Leather Seat Cushion for All Cars-Breathable & Anti-Slip Universal Fit Give your car interior an instant upgrade with this Nappa leather seat cushion. Designed for everyday comfort and clean aesthetics, it keeps you cool,\",\"breadcrumb\":{\"@id\":\"https:\/\/covers4car.com\/product\/nappa-leather-seat-cushion-for-all-cars-breathable-anti-slip-universal-fit\/#breadcrumb\"},\"inLanguage\":\"fi\",\"potentialAction\":[{\"@type\":\"ReadAction\",\"target\":[\"https:\/\/covers4car.com\/product\/nappa-leather-seat-cushion-for-all-cars-breathable-anti-slip-universal-fit\/\"]}]},{\"@type\":\"ImageObject\",\"inLanguage\":\"fi\",\"@id\":\"https:\/\/covers4car.com\/product\/nappa-leather-seat-cushion-for-all-cars-breathable-anti-slip-universal-fit\/#primaryimage\",\"url\":\"https:\/\/covers4car.com\/wp-content\/uploads\/2025\/06\/BLACK-9.webp\",\"contentUrl\":\"https:\/\/covers4car.com\/wp-content\/uploads\/2025\/06\/BLACK-9.webp\",\"width\":1000,\"height\":1000},{\"@type\":\"BreadcrumbList\",\"@id\":\"https:\/\/covers4car.com\/product\/nappa-leather-seat-cushion-for-all-cars-breathable-anti-slip-universal-fit\/#breadcrumb\",\"itemListElement\":[{\"@type\":\"ListItem\",\"position\":1,\"name\":\"Home\",\"item\":\"https:\/\/covers4car.com\/\"},{\"@type\":\"ListItem\",\"position\":2,\"name\":\"Shop\",\"item\":\"https:\/\/covers4car.com\/shop\/\"},{\"@type\":\"ListItem\",\"position\":3,\"name\":\"Nappa Leather Seat Cushion for All Cars-Breathable &#038; Anti-Slip Universal Fit\"}]},{\"@type\":\"WebSite\",\"@id\":\"https:\/\/covers4car.com\/#website\",\"url\":\"https:\/\/covers4car.com\/\",\"name\":\"Covers4Car\",\"description\":\"Professional Seat Covers Tailored for Your Vehicle\",\"publisher\":{\"@id\":\"https:\/\/covers4car.com\/#organization\"},\"potentialAction\":[{\"@type\":\"SearchAction\",\"target\":{\"@type\":\"EntryPoint\",\"urlTemplate\":\"https:\/\/covers4car.com\/?s={search_term_string}\"},\"query-input\":{\"@type\":\"PropertyValueSpecification\",\"valueRequired\":true,\"valueName\":\"search_term_string\"}}],\"inLanguage\":\"fi\"},{\"@type\":\"Organization\",\"@id\":\"https:\/\/covers4car.com\/#organization\",\"name\":\"Covers4Car\",\"url\":\"https:\/\/covers4car.com\/\",\"logo\":{\"@type\":\"ImageObject\",\"inLanguage\":\"fi\",\"@id\":\"https:\/\/covers4car.com\/#\/schema\/logo\/image\/\",\"url\":\"https:\/\/covers4car.com\/wp-content\/uploads\/2024\/11\/Asset-2@5x-copy.jpg\",\"contentUrl\":\"https:\/\/covers4car.com\/wp-content\/uploads\/2024\/11\/Asset-2@5x-copy.jpg\",\"width\":877,\"height\":877,\"caption\":\"Covers4Car\"},\"image\":{\"@id\":\"https:\/\/covers4car.com\/#\/schema\/logo\/image\/\"},\"sameAs\":[\"https:\/\/www.facebook.com\/profile.php?id=61564533557142\",\"https:\/\/x.com\/covers4carstore\"]}]}<\/script>\n<!-- \/ Yoast SEO Premium plugin. -->","yoast_head_json":{"title":"Nappa Leather Seat Cushion for All Cars-Breathable & Anti-Slip Universal Fit - Covers4Car","description":"Nappa Leather Seat Cushion for All Cars-Breathable & Anti-Slip Universal Fit Give your car interior an instant upgrade with this Nappa leather seat cushion. Designed for everyday comfort and clean aesthetics, it keeps you cool,","robots":{"index":"index","follow":"follow","max-snippet":"max-snippet:-1","max-image-preview":"max-image-preview:large","max-video-preview":"max-video-preview:-1"},"canonical":"https:\/\/covers4car.com\/fi\/tuote\/nappa-leather-seat-cushion-for-all-cars-breathable-anti-slip-universal-fit\/","og_locale":"fi_FI","og_type":"article","og_title":"Nappa Leather Seat Cushion for All Cars-Breathable & Anti-Slip Universal Fit","og_description":"Nappa Leather Seat Cushion for All Cars-Breathable & Anti-Slip Universal Fit Give your car interior an instant upgrade with this Nappa leather seat cushion. Designed for everyday comfort and clean aesthetics, it keeps you cool,","og_url":"https:\/\/covers4car.com\/fi\/tuote\/nappa-leather-seat-cushion-for-all-cars-breathable-anti-slip-universal-fit\/","og_site_name":"Covers4Car","article_publisher":"https:\/\/www.facebook.com\/profile.php?id=61564533557142","article_modified_time":"2025-11-07T08:01:45+00:00","og_image":[{"width":1000,"height":1000,"url":"https:\/\/covers4car.com\/wp-content\/uploads\/2025\/06\/BLACK-9.webp","type":"image\/webp"}],"twitter_card":"summary_large_image","twitter_site":"@covers4carstore","twitter_misc":{"Arvioitu lukuaika":"1 minuutti"},"schema":{"@context":"https:\/\/schema.org","@graph":[{"@type":"WebPage","@id":"https:\/\/covers4car.com\/product\/nappa-leather-seat-cushion-for-all-cars-breathable-anti-slip-universal-fit\/","url":"https:\/\/covers4car.com\/product\/nappa-leather-seat-cushion-for-all-cars-breathable-anti-slip-universal-fit\/","name":"Nappa Leather Seat Cushion for All Cars-Breathable & Anti-Slip Universal Fit - Covers4Car","isPartOf":{"@id":"https:\/\/covers4car.com\/#website"},"primaryImageOfPage":{"@id":"https:\/\/covers4car.com\/product\/nappa-leather-seat-cushion-for-all-cars-breathable-anti-slip-universal-fit\/#primaryimage"},"image":{"@id":"https:\/\/covers4car.com\/product\/nappa-leather-seat-cushion-for-all-cars-breathable-anti-slip-universal-fit\/#primaryimage"},"thumbnailUrl":"https:\/\/covers4car.com\/wp-content\/uploads\/2025\/06\/BLACK-9.webp","datePublished":"2025-06-27T08:16:40+00:00","dateModified":"2025-11-07T08:01:45+00:00","description":"Nappa Leather Seat Cushion for All Cars-Breathable & Anti-Slip Universal Fit Give your car interior an instant upgrade with this Nappa leather seat cushion. Designed for everyday comfort and clean aesthetics, it keeps you cool,","breadcrumb":{"@id":"https:\/\/covers4car.com\/product\/nappa-leather-seat-cushion-for-all-cars-breathable-anti-slip-universal-fit\/#breadcrumb"},"inLanguage":"fi","potentialAction":[{"@type":"ReadAction","target":["https:\/\/covers4car.com\/product\/nappa-leather-seat-cushion-for-all-cars-breathable-anti-slip-universal-fit\/"]}]},{"@type":"ImageObject","inLanguage":"fi","@id":"https:\/\/covers4car.com\/product\/nappa-leather-seat-cushion-for-all-cars-breathable-anti-slip-universal-fit\/#primaryimage","url":"https:\/\/covers4car.com\/wp-content\/uploads\/2025\/06\/BLACK-9.webp","contentUrl":"https:\/\/covers4car.com\/wp-content\/uploads\/2025\/06\/BLACK-9.webp","width":1000,"height":1000},{"@type":"BreadcrumbList","@id":"https:\/\/covers4car.com\/product\/nappa-leather-seat-cushion-for-all-cars-breathable-anti-slip-universal-fit\/#breadcrumb","itemListElement":[{"@type":"ListItem","position":1,"name":"Home","item":"https:\/\/covers4car.com\/"},{"@type":"ListItem","position":2,"name":"Shop","item":"https:\/\/covers4car.com\/shop\/"},{"@type":"ListItem","position":3,"name":"Nappa Leather Seat Cushion for All Cars-Breathable &#038; Anti-Slip Universal Fit"}]},{"@type":"WebSite","@id":"https:\/\/covers4car.com\/#website","url":"https:\/\/covers4car.com\/","name":"Covers4Car","description":"Ammattimaiset istuinsuojat r\u00e4\u00e4t\u00e4l\u00f6ityn\u00e4 ajoneuvoosi","publisher":{"@id":"https:\/\/covers4car.com\/#organization"},"potentialAction":[{"@type":"SearchAction","target":{"@type":"EntryPoint","urlTemplate":"https:\/\/covers4car.com\/?s={search_term_string}"},"query-input":{"@type":"PropertyValueSpecification","valueRequired":true,"valueName":"search_term_string"}}],"inLanguage":"fi"},{"@type":"Organization","@id":"https:\/\/covers4car.com\/#organization","name":"Covers4Car","url":"https:\/\/covers4car.com\/","logo":{"@type":"ImageObject","inLanguage":"fi","@id":"https:\/\/covers4car.com\/#\/schema\/logo\/image\/","url":"https:\/\/covers4car.com\/wp-content\/uploads\/2024\/11\/Asset-2@5x-copy.jpg","contentUrl":"https:\/\/covers4car.com\/wp-content\/uploads\/2024\/11\/Asset-2@5x-copy.jpg","width":877,"height":877,"caption":"Covers4Car"},"image":{"@id":"https:\/\/covers4car.com\/#\/schema\/logo\/image\/"},"sameAs":["https:\/\/www.facebook.com\/profile.php?id=61564533557142","https:\/\/x.com\/covers4carstore"]}]}},"_links":{"self":[{"href":"https:\/\/covers4car.com\/fi\/wp-json\/wp\/v2\/product\/18090","targetHints":{"allow":["GET"]}}],"collection":[{"href":"https:\/\/covers4car.com\/fi\/wp-json\/wp\/v2\/product"}],"about":[{"href":"https:\/\/covers4car.com\/fi\/wp-json\/wp\/v2\/types\/product"}],"replies":[{"embeddable":true,"href":"https:\/\/covers4car.com\/fi\/wp-json\/wp\/v2\/comments?post=18090"}],"version-history":[{"count":0,"href":"https:\/\/covers4car.com\/fi\/wp-json\/wp\/v2\/product\/18090\/revisions"}],"wp:featuredmedia":[{"embeddable":true,"href":"https:\/\/covers4car.com\/fi\/wp-json\/wp\/v2\/media\/18098"}],"wp:attachment":[{"href":"https:\/\/covers4car.com\/fi\/wp-json\/wp\/v2\/media?parent=18090"}],"wp:term":[{"taxonomy":"product_brand","embeddable":true,"href":"https:\/\/covers4car.com\/fi\/wp-json\/wp\/v2\/product_brand?post=18090"},{"taxonomy":"product_cat","embeddable":true,"href":"https:\/\/covers4car.com\/fi\/wp-json\/wp\/v2\/product_cat?post=18090"},{"taxonomy":"product_tag","embeddable":true,"href":"https:\/\/covers4car.com\/fi\/wp-json\/wp\/v2\/product_tag?post=18090"},{"taxonomy":"jet_color","embeddable":true,"href":"https:\/\/covers4car.com\/fi\/wp-json\/wp\/v2\/jet_color?post=18090"},{"taxonomy":"jet_material","embeddable":true,"href":"https:\/\/covers4car.com\/fi\/wp-json\/wp\/v2\/jet_material?post=18090"},{"taxonomy":"jet_coverage","embeddable":true,"href":"https:\/\/covers4car.com\/fi\/wp-json\/wp\/v2\/jet_coverage?post=18090"}],"curies":[{"name":"wp","href":"https:\/\/api.w.org\/{rel}","templated":true}]}}