{"id":18974,"date":"2025-07-03T03:37:10","date_gmt":"2025-07-03T10:37:10","guid":{"rendered":"https:\/\/covers4car.com\/?post_type=product&#038;p=18974"},"modified":"2025-11-06T23:16:58","modified_gmt":"2025-11-07T07:16:58","slug":"pu-leather-seat-cover-for-all-cars-breathable-universal-fit","status":"publish","type":"product","link":"https:\/\/covers4car.com\/fi\/tuote\/pu-leather-seat-cover-for-all-cars-breathable-universal-fit\/","title":{"rendered":"PU-nahkainen istuinsuoja kaikille autoille - hengitt\u00e4v\u00e4 ja yleismallinen"},"content":{"rendered":"<p>P\u00e4ivit\u00e4 autosi sisustus tyylikk\u00e4\u00e4sti t\u00e4ll\u00e4 ensiluokkaisella istuinp\u00e4\u00e4llissarjalla, joka on valmistettu ryppyj\u00e4 hylkiv\u00e4st\u00e4 PU-nahasta ja hengitt\u00e4v\u00e4st\u00e4 verkkokankaasta. Se on suunniteltu sopimaan useimpiin ajoneuvoihin ja tarjoaa mukavan ja tuuletetun istuinkokemuksen ymp\u00e4ri vuoden. Harkittujen ominaisuuksien, kuten jaettujen istuinten kaksoisvetoketjujen, turvatyynyturvallisen rakenteen ja vaivattoman asennuksen, ansiosta se on t\u00e4ydellinen yhdistelm\u00e4 toimivuutta ja ylellisyytt\u00e4.<\/p>\n<p><strong>Ominaisuudet:<\/strong><\/p>\n<ul>\n<li><strong>P\u00e4ivitetyt materiaalit:<\/strong> Valmistettu korkealaatuisesta ryppyj\u00e4 hylkiv\u00e4st\u00e4 PU-nahasta ja 5 mm:n eritt\u00e4in pehme\u00e4st\u00e4 komposiittisienest\u00e4, joka takaa hengitt\u00e4v\u00e4n, pehmustetun ja tukevan tunteen.<\/li>\n<li><strong>Turvatyynyjen yhteensopiva:<\/strong> Erityiset sivuaukot takaavat t\u00e4yden yhteensopivuuden turvatyynyjen, niskatukien suojusten ja turvav\u00f6iden kanssa turvallisen ajon takaamiseksi.<\/li>\n<li><strong>Universaali istuvuus:<\/strong> Suunniteltu sopimaan useimpiin sedaneihin, katumaastureihin ja yleisimpiin ajoneuvotyyppeihin; asennus on nopeaa ja helppoa.<\/li>\n<li><strong>Kaksinkertainen vetoketjullinen muotoilu:<\/strong> Varustettu kaksoisvetoketjuilla 40\/60- ja 40\/20\/40-jaetuissa istuimissa, joiden avulla p\u00e4\u00e4see k\u00e4siksi alas taitettaviin mukitelineisiin tai keskik\u00e4sinojiin.<\/li>\n<li><strong>Helppo huolto:<\/strong> Helppo asentaa selkeiden ohjeiden avulla; helppo puhdistaa kostealla liinalla jokap\u00e4iv\u00e4isess\u00e4 k\u00e4yt\u00f6ss\u00e4.<\/li>\n<\/ul>\n<p><strong>Etuistuin (4 kpl)<\/strong><\/p>\n<ul>\n<li>2 x etuistuinten suojukset<\/li>\n<li>2 x P\u00e4\u00e4ntuen suojukset<\/li>\n<\/ul>\n<p><strong>T\u00e4ysi sarja (9 kpl)<\/strong><\/p>\n<ul>\n<li>2 x etuistuinten suojukset<\/li>\n<li>1 x Takaistuimen p\u00e4\u00e4llinen (alhaalla)<\/li>\n<li>1 x Takaselk\u00e4nojan suojus<\/li>\n<li>5 x P\u00e4\u00e4ntuen suojukset<\/li>\n<\/ul>","protected":false},"excerpt":{"rendered":"<p>P\u00e4ivit\u00e4 autosi sisustus tyylikk\u00e4\u00e4sti t\u00e4ll\u00e4 ensiluokkaisella istuinp\u00e4\u00e4llissarjalla, joka on valmistettu ryppyj\u00e4 hylkiv\u00e4st\u00e4 PU-nahasta ja hengitt\u00e4v\u00e4st\u00e4 materiaalista.<\/p>","protected":false},"featured_media":18986,"comment_status":"open","ping_status":"closed","template":"","meta":{"_acf_changed":false,"_monsterinsights_skip_tracking":false,"_monsterinsights_sitenote_active":false,"_monsterinsights_sitenote_note":"","_monsterinsights_sitenote_category":0},"product_brand":[],"product_cat":[124,23257],"product_tag":[54969,23262],"jet_color":[],"jet_material":[],"jet_coverage":[],"class_list":{"0":"post-18974","1":"product","2":"type-product","3":"status-publish","4":"has-post-thumbnail","6":"product_cat-seat-cover","7":"product_cat-mixed-material-seat-cover","8":"product_tag-fit-universal-fit","9":"product_tag-mixed-material-seat-cover","11":"first","12":"instock","13":"shipping-taxable","14":"purchasable","15":"product-type-variable","16":"has-default-attributes","17":"wvs-archive-product-wrapper"},"acf":[],"yoast_head":"<!-- This site is optimized with the Yoast SEO Premium plugin v26.4 (Yoast SEO v26.4) - https:\/\/yoast.com\/wordpress\/plugins\/seo\/ -->\n<title>PU Leather Seat Cover for All Cars-Breathable Universal Fit - Covers4Car<\/title>\n<meta name=\"description\" content=\"PU Leather Seat Cover for All Cars-Breathable Universal Fit Give your car interior a stylish upgrade with this premium seat cover set made from wrinkle-resistant PU leather and breathable mesh fabric. Designed to\" \/>\n<meta name=\"robots\" content=\"index, follow, max-snippet:-1, max-image-preview:large, max-video-preview:-1\" \/>\n<link rel=\"canonical\" href=\"https:\/\/covers4car.com\/fi\/tuote\/pu-leather-seat-cover-for-all-cars-breathable-universal-fit\/\" \/>\n<meta property=\"og:locale\" content=\"fi_FI\" \/>\n<meta property=\"og:type\" content=\"article\" \/>\n<meta property=\"og:title\" content=\"PU Leather Seat Cover for All Cars-Breathable Universal Fit\" \/>\n<meta property=\"og:description\" content=\"PU Leather Seat Cover for All Cars-Breathable Universal Fit Give your car interior a stylish upgrade with this premium seat cover set made from wrinkle-resistant PU leather and breathable mesh fabric. Designed to\" \/>\n<meta property=\"og:url\" content=\"https:\/\/covers4car.com\/fi\/tuote\/pu-leather-seat-cover-for-all-cars-breathable-universal-fit\/\" \/>\n<meta property=\"og:site_name\" content=\"Covers4Car\" \/>\n<meta property=\"article:publisher\" content=\"https:\/\/www.facebook.com\/profile.php?id=61564533557142\" \/>\n<meta property=\"article:modified_time\" content=\"2025-11-07T07:16:58+00:00\" \/>\n<meta property=\"og:image\" content=\"https:\/\/covers4car.com\/wp-content\/uploads\/2025\/07\/black-4.webp\" \/>\n\t<meta property=\"og:image:width\" content=\"1000\" \/>\n\t<meta property=\"og:image:height\" content=\"1000\" \/>\n\t<meta property=\"og:image:type\" content=\"image\/webp\" \/>\n<meta name=\"twitter:card\" content=\"summary_large_image\" \/>\n<meta name=\"twitter:site\" content=\"@covers4carstore\" \/>\n<meta name=\"twitter:label1\" content=\"Arvioitu lukuaika\" \/>\n\t<meta name=\"twitter:data1\" content=\"2 minuuttia\" \/>\n<script type=\"application\/ld+json\" class=\"yoast-schema-graph\">{\"@context\":\"https:\/\/schema.org\",\"@graph\":[{\"@type\":\"WebPage\",\"@id\":\"https:\/\/covers4car.com\/product\/pu-leather-seat-cover-for-all-cars-breathable-universal-fit\/\",\"url\":\"https:\/\/covers4car.com\/product\/pu-leather-seat-cover-for-all-cars-breathable-universal-fit\/\",\"name\":\"PU Leather Seat Cover for All Cars-Breathable Universal Fit - Covers4Car\",\"isPartOf\":{\"@id\":\"https:\/\/covers4car.com\/#website\"},\"primaryImageOfPage\":{\"@id\":\"https:\/\/covers4car.com\/product\/pu-leather-seat-cover-for-all-cars-breathable-universal-fit\/#primaryimage\"},\"image\":{\"@id\":\"https:\/\/covers4car.com\/product\/pu-leather-seat-cover-for-all-cars-breathable-universal-fit\/#primaryimage\"},\"thumbnailUrl\":\"https:\/\/covers4car.com\/wp-content\/uploads\/2025\/07\/black-4.webp\",\"datePublished\":\"2025-07-03T10:37:10+00:00\",\"dateModified\":\"2025-11-07T07:16:58+00:00\",\"description\":\"PU Leather Seat Cover for All Cars-Breathable Universal Fit Give your car interior a stylish upgrade with this premium seat cover set made from wrinkle-resistant PU leather and breathable mesh fabric. Designed to\",\"breadcrumb\":{\"@id\":\"https:\/\/covers4car.com\/product\/pu-leather-seat-cover-for-all-cars-breathable-universal-fit\/#breadcrumb\"},\"inLanguage\":\"fi\",\"potentialAction\":[{\"@type\":\"ReadAction\",\"target\":[\"https:\/\/covers4car.com\/product\/pu-leather-seat-cover-for-all-cars-breathable-universal-fit\/\"]}]},{\"@type\":\"ImageObject\",\"inLanguage\":\"fi\",\"@id\":\"https:\/\/covers4car.com\/product\/pu-leather-seat-cover-for-all-cars-breathable-universal-fit\/#primaryimage\",\"url\":\"https:\/\/covers4car.com\/wp-content\/uploads\/2025\/07\/black-4.webp\",\"contentUrl\":\"https:\/\/covers4car.com\/wp-content\/uploads\/2025\/07\/black-4.webp\",\"width\":1000,\"height\":1000},{\"@type\":\"BreadcrumbList\",\"@id\":\"https:\/\/covers4car.com\/product\/pu-leather-seat-cover-for-all-cars-breathable-universal-fit\/#breadcrumb\",\"itemListElement\":[{\"@type\":\"ListItem\",\"position\":1,\"name\":\"Home\",\"item\":\"https:\/\/covers4car.com\/\"},{\"@type\":\"ListItem\",\"position\":2,\"name\":\"Shop\",\"item\":\"https:\/\/covers4car.com\/shop\/\"},{\"@type\":\"ListItem\",\"position\":3,\"name\":\"PU Leather Seat Cover for All Cars-Breathable Universal Fit\"}]},{\"@type\":\"WebSite\",\"@id\":\"https:\/\/covers4car.com\/#website\",\"url\":\"https:\/\/covers4car.com\/\",\"name\":\"Covers4Car\",\"description\":\"Professional Seat Covers Tailored for Your Vehicle\",\"publisher\":{\"@id\":\"https:\/\/covers4car.com\/#organization\"},\"potentialAction\":[{\"@type\":\"SearchAction\",\"target\":{\"@type\":\"EntryPoint\",\"urlTemplate\":\"https:\/\/covers4car.com\/?s={search_term_string}\"},\"query-input\":{\"@type\":\"PropertyValueSpecification\",\"valueRequired\":true,\"valueName\":\"search_term_string\"}}],\"inLanguage\":\"fi\"},{\"@type\":\"Organization\",\"@id\":\"https:\/\/covers4car.com\/#organization\",\"name\":\"Covers4Car\",\"url\":\"https:\/\/covers4car.com\/\",\"logo\":{\"@type\":\"ImageObject\",\"inLanguage\":\"fi\",\"@id\":\"https:\/\/covers4car.com\/#\/schema\/logo\/image\/\",\"url\":\"https:\/\/covers4car.com\/wp-content\/uploads\/2024\/11\/Asset-2@5x-copy.jpg\",\"contentUrl\":\"https:\/\/covers4car.com\/wp-content\/uploads\/2024\/11\/Asset-2@5x-copy.jpg\",\"width\":877,\"height\":877,\"caption\":\"Covers4Car\"},\"image\":{\"@id\":\"https:\/\/covers4car.com\/#\/schema\/logo\/image\/\"},\"sameAs\":[\"https:\/\/www.facebook.com\/profile.php?id=61564533557142\",\"https:\/\/x.com\/covers4carstore\"]}]}<\/script>\n<!-- \/ Yoast SEO Premium plugin. -->","yoast_head_json":{"title":"PU-nahkainen istuinsuoja kaikille autoille - hengitt\u00e4v\u00e4 ja yleismallinen - Covers4Car","description":"PU-nahkainen istuinsuoja kaikkiin autoihin - hengitt\u00e4v\u00e4 ja yleismallinen istuin. P\u00e4ivit\u00e4 autosi sisustus tyylikk\u00e4\u00e4sti t\u00e4ll\u00e4 ensiluokkaisella istuinsuojasarjalla, joka on valmistettu ryppyj\u00e4 hylkiv\u00e4st\u00e4 PU-nahasta ja hengitt\u00e4v\u00e4st\u00e4 verkkokankaasta. Suunniteltu...","robots":{"index":"index","follow":"follow","max-snippet":"max-snippet:-1","max-image-preview":"max-image-preview:large","max-video-preview":"max-video-preview:-1"},"canonical":"https:\/\/covers4car.com\/fi\/tuote\/pu-leather-seat-cover-for-all-cars-breathable-universal-fit\/","og_locale":"fi_FI","og_type":"article","og_title":"PU Leather Seat Cover for All Cars-Breathable Universal Fit","og_description":"PU Leather Seat Cover for All Cars-Breathable Universal Fit Give your car interior a stylish upgrade with this premium seat cover set made from wrinkle-resistant PU leather and breathable mesh fabric. Designed to","og_url":"https:\/\/covers4car.com\/fi\/tuote\/pu-leather-seat-cover-for-all-cars-breathable-universal-fit\/","og_site_name":"Covers4Car","article_publisher":"https:\/\/www.facebook.com\/profile.php?id=61564533557142","article_modified_time":"2025-11-07T07:16:58+00:00","og_image":[{"width":1000,"height":1000,"url":"https:\/\/covers4car.com\/wp-content\/uploads\/2025\/07\/black-4.webp","type":"image\/webp"}],"twitter_card":"summary_large_image","twitter_site":"@covers4carstore","twitter_misc":{"Arvioitu lukuaika":"2 minuuttia"},"schema":{"@context":"https:\/\/schema.org","@graph":[{"@type":"WebPage","@id":"https:\/\/covers4car.com\/product\/pu-leather-seat-cover-for-all-cars-breathable-universal-fit\/","url":"https:\/\/covers4car.com\/product\/pu-leather-seat-cover-for-all-cars-breathable-universal-fit\/","name":"PU-nahkainen istuinsuoja kaikille autoille - hengitt\u00e4v\u00e4 ja yleismallinen - Covers4Car","isPartOf":{"@id":"https:\/\/covers4car.com\/#website"},"primaryImageOfPage":{"@id":"https:\/\/covers4car.com\/product\/pu-leather-seat-cover-for-all-cars-breathable-universal-fit\/#primaryimage"},"image":{"@id":"https:\/\/covers4car.com\/product\/pu-leather-seat-cover-for-all-cars-breathable-universal-fit\/#primaryimage"},"thumbnailUrl":"https:\/\/covers4car.com\/wp-content\/uploads\/2025\/07\/black-4.webp","datePublished":"2025-07-03T10:37:10+00:00","dateModified":"2025-11-07T07:16:58+00:00","description":"PU-nahkainen istuinsuoja kaikkiin autoihin - hengitt\u00e4v\u00e4 ja yleismallinen istuin. P\u00e4ivit\u00e4 autosi sisustus tyylikk\u00e4\u00e4sti t\u00e4ll\u00e4 ensiluokkaisella istuinsuojasarjalla, joka on valmistettu ryppyj\u00e4 hylkiv\u00e4st\u00e4 PU-nahasta ja hengitt\u00e4v\u00e4st\u00e4 verkkokankaasta. Suunniteltu...","breadcrumb":{"@id":"https:\/\/covers4car.com\/product\/pu-leather-seat-cover-for-all-cars-breathable-universal-fit\/#breadcrumb"},"inLanguage":"fi","potentialAction":[{"@type":"ReadAction","target":["https:\/\/covers4car.com\/product\/pu-leather-seat-cover-for-all-cars-breathable-universal-fit\/"]}]},{"@type":"ImageObject","inLanguage":"fi","@id":"https:\/\/covers4car.com\/product\/pu-leather-seat-cover-for-all-cars-breathable-universal-fit\/#primaryimage","url":"https:\/\/covers4car.com\/wp-content\/uploads\/2025\/07\/black-4.webp","contentUrl":"https:\/\/covers4car.com\/wp-content\/uploads\/2025\/07\/black-4.webp","width":1000,"height":1000},{"@type":"BreadcrumbList","@id":"https:\/\/covers4car.com\/product\/pu-leather-seat-cover-for-all-cars-breathable-universal-fit\/#breadcrumb","itemListElement":[{"@type":"ListItem","position":1,"name":"Home","item":"https:\/\/covers4car.com\/"},{"@type":"ListItem","position":2,"name":"Shop","item":"https:\/\/covers4car.com\/shop\/"},{"@type":"ListItem","position":3,"name":"PU Leather Seat Cover for All Cars-Breathable Universal Fit"}]},{"@type":"WebSite","@id":"https:\/\/covers4car.com\/#website","url":"https:\/\/covers4car.com\/","name":"Covers4Car","description":"Ammattimaiset istuinsuojat r\u00e4\u00e4t\u00e4l\u00f6ityn\u00e4 ajoneuvoosi","publisher":{"@id":"https:\/\/covers4car.com\/#organization"},"potentialAction":[{"@type":"SearchAction","target":{"@type":"EntryPoint","urlTemplate":"https:\/\/covers4car.com\/?s={search_term_string}"},"query-input":{"@type":"PropertyValueSpecification","valueRequired":true,"valueName":"search_term_string"}}],"inLanguage":"fi"},{"@type":"Organization","@id":"https:\/\/covers4car.com\/#organization","name":"Covers4Car","url":"https:\/\/covers4car.com\/","logo":{"@type":"ImageObject","inLanguage":"fi","@id":"https:\/\/covers4car.com\/#\/schema\/logo\/image\/","url":"https:\/\/covers4car.com\/wp-content\/uploads\/2024\/11\/Asset-2@5x-copy.jpg","contentUrl":"https:\/\/covers4car.com\/wp-content\/uploads\/2024\/11\/Asset-2@5x-copy.jpg","width":877,"height":877,"caption":"Covers4Car"},"image":{"@id":"https:\/\/covers4car.com\/#\/schema\/logo\/image\/"},"sameAs":["https:\/\/www.facebook.com\/profile.php?id=61564533557142","https:\/\/x.com\/covers4carstore"]}]}},"_links":{"self":[{"href":"https:\/\/covers4car.com\/fi\/wp-json\/wp\/v2\/product\/18974","targetHints":{"allow":["GET"]}}],"collection":[{"href":"https:\/\/covers4car.com\/fi\/wp-json\/wp\/v2\/product"}],"about":[{"href":"https:\/\/covers4car.com\/fi\/wp-json\/wp\/v2\/types\/product"}],"replies":[{"embeddable":true,"href":"https:\/\/covers4car.com\/fi\/wp-json\/wp\/v2\/comments?post=18974"}],"version-history":[{"count":0,"href":"https:\/\/covers4car.com\/fi\/wp-json\/wp\/v2\/product\/18974\/revisions"}],"wp:featuredmedia":[{"embeddable":true,"href":"https:\/\/covers4car.com\/fi\/wp-json\/wp\/v2\/media\/18986"}],"wp:attachment":[{"href":"https:\/\/covers4car.com\/fi\/wp-json\/wp\/v2\/media?parent=18974"}],"wp:term":[{"taxonomy":"product_brand","embeddable":true,"href":"https:\/\/covers4car.com\/fi\/wp-json\/wp\/v2\/product_brand?post=18974"},{"taxonomy":"product_cat","embeddable":true,"href":"https:\/\/covers4car.com\/fi\/wp-json\/wp\/v2\/product_cat?post=18974"},{"taxonomy":"product_tag","embeddable":true,"href":"https:\/\/covers4car.com\/fi\/wp-json\/wp\/v2\/product_tag?post=18974"},{"taxonomy":"jet_color","embeddable":true,"href":"https:\/\/covers4car.com\/fi\/wp-json\/wp\/v2\/jet_color?post=18974"},{"taxonomy":"jet_material","embeddable":true,"href":"https:\/\/covers4car.com\/fi\/wp-json\/wp\/v2\/jet_material?post=18974"},{"taxonomy":"jet_coverage","embeddable":true,"href":"https:\/\/covers4car.com\/fi\/wp-json\/wp\/v2\/jet_coverage?post=18974"}],"curies":[{"name":"wp","href":"https:\/\/api.w.org\/{rel}","templated":true}]}}