{"id":20900,"date":"2025-08-22T02:45:30","date_gmt":"2025-08-22T09:45:30","guid":{"rendered":"https:\/\/covers4car.com\/?post_type=product&#038;p=20900"},"modified":"2026-03-31T13:31:53","modified_gmt":"2026-03-31T20:31:53","slug":"custom-fit-all-inclusive-seat-cover-for-tesla-model-3-highland-performance-2024","status":"publish","type":"product","link":"https:\/\/covers4car.com\/fi\/tuote\/custom-fit-all-inclusive-seat-cover-for-tesla-model-3-highland-performance-2024\/","title":{"rendered":"Mittatilausty\u00f6n\u00e4 tehty kaiken kattava istuinsuoja Tesla Model 3 Highland Performance 2024+ -malliin"},"content":{"rendered":"<p>P\u00e4ivit\u00e4 Tesla-mallisi Covers4Carin Custom Fit All-Inclusive -istuinsuojuksella Model 3 Highland Performance 2024+ -malliin. T\u00e4m\u00e4 t\u00e4ydellisesti tehdastyyliin suunniteltu istuinsuojus yhdist\u00e4\u00e4 kest\u00e4vyyden, mukavuuden ja suojan pit\u00e4en Tesla-mallisi sisustuksen tyylikk\u00e4\u00e4n\u00e4 ja hyvin s\u00e4ilyneen\u00e4.<\/p>\n<ul>\n<li><strong>Sopivuus: 2024+ Model 3 Highland Performance<span style=\"background-color: #ed1717; color: #f6f8fa;\">(Ei sovi 2024+ Model 3 Highland -malliin\u00a0 <span style=\"background-color: #ed1717; color: #f6f8fa;\">Pitk\u00e4 kantama<\/span>) <span style=\"background-color: #fff6f6; color: #111112;\">, pitk\u00e4n kantaman version l\u00f6yd\u00e4t napsauttamalla t\u00e4t\u00e4 linkki\u00e4: <span style=\"background-color: #f25f5f; color: #0b0b0b;\"><a style=\"background-color: #f25f5f; color: #0b0b0b;\" title=\"All-inclusive 2024+ Tesla Model 3 Highland-istuinsuoja\" href=\"https:\/\/covers4car.com\/fi\/tuote\/all-inclusive-seat-cover-for-tesla-model-3-highland-2024\/\" target=\"_blank\" rel=\"noopener\">All-inclusive 2024+ Tesla Model 3 Highland-istuinsuoja<\/a><\/span><\/span><\/span><\/strong><\/li>\n<\/ul>\n<ul>\n<li>Tehdastyylinen t\u00e4ydellinen istuvuus: Suunniteltu vastaamaan Tesla:n tehdasistuimien ylellist\u00e4 ulkon\u00e4k\u00f6\u00e4 ja tuntumaa, mik\u00e4 varmistaa saumattoman istuvuuden ja esteettisen vieh\u00e4tyksen.<\/li>\n<\/ul>\n<div><img decoding=\"async\" src=\"https:\/\/cdn.shopify.com\/s\/files\/1\/0645\/2199\/4463\/files\/A1_1__750.jpg?v=1744811183\" alt=\"\" \/><\/div>\n<div>\n<div>\n<div>\n<div><img decoding=\"async\" src=\"https:\/\/cdn.shopify.com\/s\/files\/1\/0645\/2199\/4463\/files\/10004.jpg?v=1719053796\" alt=\"\" \/><\/div>\n<\/div>\n<\/div>\n<\/div>\n<ul>\n<li>Parannettu kest\u00e4vyys: Valmistettu kest\u00e4vist\u00e4 materiaaleista sile\u00e4ll\u00e4, hengitt\u00e4v\u00e4ll\u00e4 pinnalla, joka on helppo puhdistaa ja s\u00e4ilytt\u00e4\u00e4 mukavuuden kaikkina vuodenaikoina.<\/li>\n<\/ul>\n<div>\n<div>\n<div>\n<div><img decoding=\"async\" src=\"https:\/\/cdn.shopify.com\/s\/files\/1\/0645\/2199\/4463\/files\/7_46413ae7-9b8e-41ad-984a-859cd1ceb33f.jpg?v=1721909539\" alt=\"\" \/><\/div>\n<\/div>\n<\/div>\n<\/div>\n<ul>\n<li>Ajoturvallisuus: Varatyynyjen aukot lis\u00e4\u00e4v\u00e4t turvallisuutta ja mielenrauhaa.<\/li>\n<\/ul>\n<div>\n<div>\n<div>\n<div>\n<div><a href=\"https:\/\/covers4car.com\/wp-content\/uploads\/2025\/08\/3-5.webp\"><img fetchpriority=\"high\" decoding=\"async\" class=\"wd-lazy-fade alignnone size-full wp-image-21715\" src=\"https:\/\/covers4car.com\/wp-content\/themes\/woodmart\/images\/lazy.svg\" data-src=\"https:\/\/covers4car.com\/wp-content\/uploads\/2025\/08\/3-5.webp\" alt=\"\" width=\"1000\" height=\"1000\" srcset=\"\" data-srcset=\"https:\/\/covers4car.com\/wp-content\/uploads\/2025\/08\/3-5.webp 1000w, https:\/\/covers4car.com\/wp-content\/uploads\/2025\/08\/3-5-300x300.webp 300w, https:\/\/covers4car.com\/wp-content\/uploads\/2025\/08\/3-5-150x150.webp 150w, https:\/\/covers4car.com\/wp-content\/uploads\/2025\/08\/3-5-768x768.webp 768w, https:\/\/covers4car.com\/wp-content\/uploads\/2025\/08\/3-5-12x12.webp 12w, https:\/\/covers4car.com\/wp-content\/uploads\/2025\/08\/3-5-600x600.webp 600w, https:\/\/covers4car.com\/wp-content\/uploads\/2025\/08\/3-5-148x148.webp 148w, https:\/\/covers4car.com\/wp-content\/uploads\/2025\/08\/3-5-50x50.webp 50w, https:\/\/covers4car.com\/wp-content\/uploads\/2025\/08\/3-5-100x100.webp 100w\" sizes=\"(max-width: 1000px) 100vw, 1000px\" \/><\/a><\/div>\n<\/div>\n<\/div>\n<\/div>\n<\/div>\n<ul>\n<li>Kattava suojaus: Tarjoaa 360\u00b0 suojan ja suojaa Tesla Model 3 Highland -istuimiasi lialta, tahroilta, hankaumilta ja lemmikkien tai lasten aiheuttamalta kulumiselta pit\u00e4en ne puhtaina. Lemmikkien mutaiset tassunj\u00e4ljet ja lasten siemailemat juomat voidaan pyyhki\u00e4 nopeasti pyyhkeell\u00e4, mik\u00e4 tekee istuimistasi kuin uudet.<\/li>\n<\/ul>\n<div>\n<div>\n<div>\n<div><img decoding=\"async\" src=\"https:\/\/cdn.shopify.com\/s\/files\/1\/0645\/2199\/4463\/files\/A4_d2bd231f-596b-4526-be35-898923683860.jpg?v=1721909621\" alt=\"\" \/><\/div>\n<\/div>\n<\/div>\n<\/div>\n<ul>\n<li>Pitk\u00e4ik\u00e4isyys ja j\u00e4lleenmyyntiarvo: Pident\u00e4\u00e4 Tesla-istuinten k\u00e4ytt\u00f6ik\u00e4\u00e4 5\u20136 vuodella, suojaamalla niit\u00e4 vaurioilta ja s\u00e4ilytt\u00e4en ajoneuvon j\u00e4lleenmyyntimahdollisuudet.<\/li>\n<\/ul>\n<div>\n<div>\n<div>\n<div><img decoding=\"async\" src=\"https:\/\/cdn.shopify.com\/s\/files\/1\/0645\/2199\/4463\/files\/10001_1a882ed7-fd5e-4b75-ac84-6157a1725ed4.jpg?v=1721909646\" alt=\"\" \/><\/div>\n<\/div>\n<\/div>\n<\/div>\n<ul>\n<li>Useita v\u00e4rej\u00e4: Saatavilla useissa eri v\u00e4reiss\u00e4 ja kaksis\u00e4vyisiss\u00e4 v\u00e4riyhdistelmiss\u00e4, joiden avulla voit personoida Tesla Model 3 Highland -mallisi sisustuksen.<\/li>\n<\/ul>\n<div>\n<div>\n<div>\n<div><img decoding=\"async\" src=\"https:\/\/cdn.shopify.com\/s\/files\/1\/0645\/2199\/4463\/files\/750-888.jpg?v=1723020886\" alt=\"\" \/><\/div>\n<\/div>\n<\/div>\n<\/div>\n<div><\/div>\n<p><strong>T\u00e4ysi sarja (etu- ja takaistuimet):<\/strong><\/p>\n<ul>\n<li>2x etuistuimen p\u00e4\u00e4lliset<\/li>\n<li>1x k\u00e4sinojan suojus<\/li>\n<li>1x t\u00e4ysi takaistuimen suojus<\/li>\n<\/ul>\n<p><strong>Vain etuistuimet<\/strong><\/p>\n<ul>\n<li>2x etuistuimen p\u00e4\u00e4lliset<\/li>\n<li>1x k\u00e4sinojan suojus<\/li>\n<\/ul>\n<p><strong>Vain takaistuimet<\/strong><\/p>\n<ul>\n<li>1x t\u00e4ysi takaistuimen suojus<\/li>\n<\/ul>\n<p><iframe title=\"YouTube-videosoitin\" src=\"https:\/\/www.youtube.com\/embed\/mHfcbLZHCb4?si=7w8Qx8BjGptAkW7p\" width=\"560\" height=\"315\" frameborder=\"0\" allowfullscreen=\"allowfullscreen\"><\/iframe><\/p>","protected":false},"excerpt":{"rendered":"<p>P\u00e4ivit\u00e4 Tesla-mallisi Covers4Carin Custom Fit All-Inclusive -istuinsuojuksella Model 3 Highland Performance 2024+ -malliin. Suunniteltu t\u00e4ydelliseen k\u00e4ytt\u00f6\u00f6n.<\/p>","protected":false},"featured_media":21751,"comment_status":"open","ping_status":"closed","template":"","meta":{"_acf_changed":false,"_monsterinsights_skip_tracking":false,"_monsterinsights_sitenote_active":false,"_monsterinsights_sitenote_note":"","_monsterinsights_sitenote_category":0},"product_brand":[],"product_cat":[124,87,22971],"product_tag":[55021],"jet_color":[],"jet_material":[],"jet_coverage":[],"class_list":{"0":"post-20900","1":"product","2":"type-product","3":"status-publish","4":"has-post-thumbnail","6":"product_cat-seat-cover","7":"product_cat-seat-cover-for-tesla","8":"product_cat-seat-cover-for-tesla-model-3","9":"product_tag-fit-m3phighland","11":"first","12":"instock","13":"shipping-taxable","14":"purchasable","15":"product-type-variable","16":"has-default-attributes","17":"wvs-archive-product-wrapper"},"acf":[],"yoast_head":"<!-- This site is optimized with the Yoast SEO Premium plugin v26.4 (Yoast SEO v26.4) - https:\/\/yoast.com\/wordpress\/plugins\/seo\/ -->\n<title>Custom Fit All-Inclusive Seat Cover for Tesla Model 3 Highland Performance 2024+<\/title>\n<meta name=\"description\" content=\"Custom fit Tesla Model 3 Highland Performance 2024 seat cover from Covers4Car. Stylish, durable, and protective for your Tesla interior.\" \/>\n<meta name=\"robots\" content=\"index, follow, max-snippet:-1, max-image-preview:large, max-video-preview:-1\" \/>\n<link rel=\"canonical\" href=\"https:\/\/covers4car.com\/fi\/tuote\/custom-fit-all-inclusive-seat-cover-for-tesla-model-3-highland-performance-2024\/\" \/>\n<meta property=\"og:locale\" content=\"fi_FI\" \/>\n<meta property=\"og:type\" content=\"article\" \/>\n<meta property=\"og:title\" content=\"Custom Fit All-Inclusive Seat Cover for Tesla Model 3 Highland Performance 2024+\" \/>\n<meta property=\"og:description\" content=\"Custom fit Tesla Model 3 Highland Performance 2024 seat cover from Covers4Car. Stylish, durable, and protective for your Tesla interior.\" \/>\n<meta property=\"og:url\" content=\"https:\/\/covers4car.com\/fi\/tuote\/custom-fit-all-inclusive-seat-cover-for-tesla-model-3-highland-performance-2024\/\" \/>\n<meta property=\"og:site_name\" content=\"Covers4Car\" \/>\n<meta property=\"article:publisher\" content=\"https:\/\/www.facebook.com\/profile.php?id=61564533557142\" \/>\n<meta property=\"article:modified_time\" content=\"2026-03-31T20:31:53+00:00\" \/>\n<meta property=\"og:image\" content=\"https:\/\/covers4car.com\/wp-content\/uploads\/2025\/08\/new_B.webp\" \/>\n\t<meta property=\"og:image:width\" content=\"1000\" \/>\n\t<meta property=\"og:image:height\" content=\"1000\" \/>\n\t<meta property=\"og:image:type\" content=\"image\/webp\" \/>\n<meta name=\"twitter:card\" content=\"summary_large_image\" \/>\n<meta name=\"twitter:site\" content=\"@covers4carstore\" \/>\n<meta name=\"twitter:label1\" content=\"Arvioitu lukuaika\" \/>\n\t<meta name=\"twitter:data1\" content=\"3 minuuttia\" \/>\n<script type=\"application\/ld+json\" class=\"yoast-schema-graph\">{\"@context\":\"https:\/\/schema.org\",\"@graph\":[{\"@type\":\"WebPage\",\"@id\":\"https:\/\/covers4car.com\/product\/custom-fit-all-inclusive-seat-cover-for-tesla-model-3-highland-performance-2024\/\",\"url\":\"https:\/\/covers4car.com\/product\/custom-fit-all-inclusive-seat-cover-for-tesla-model-3-highland-performance-2024\/\",\"name\":\"Custom Fit All-Inclusive Seat Cover for Tesla Model 3 Highland Performance 2024+\",\"isPartOf\":{\"@id\":\"https:\/\/covers4car.com\/#website\"},\"primaryImageOfPage\":{\"@id\":\"https:\/\/covers4car.com\/product\/custom-fit-all-inclusive-seat-cover-for-tesla-model-3-highland-performance-2024\/#primaryimage\"},\"image\":{\"@id\":\"https:\/\/covers4car.com\/product\/custom-fit-all-inclusive-seat-cover-for-tesla-model-3-highland-performance-2024\/#primaryimage\"},\"thumbnailUrl\":\"https:\/\/covers4car.com\/wp-content\/uploads\/2025\/08\/new_B.webp\",\"datePublished\":\"2025-08-22T09:45:30+00:00\",\"dateModified\":\"2026-03-31T20:31:53+00:00\",\"description\":\"Custom fit Tesla Model 3 Highland Performance 2024 seat cover from Covers4Car. Stylish, durable, and protective for your Tesla interior.\",\"breadcrumb\":{\"@id\":\"https:\/\/covers4car.com\/product\/custom-fit-all-inclusive-seat-cover-for-tesla-model-3-highland-performance-2024\/#breadcrumb\"},\"inLanguage\":\"fi\",\"potentialAction\":[{\"@type\":\"ReadAction\",\"target\":[\"https:\/\/covers4car.com\/product\/custom-fit-all-inclusive-seat-cover-for-tesla-model-3-highland-performance-2024\/\"]}]},{\"@type\":\"ImageObject\",\"inLanguage\":\"fi\",\"@id\":\"https:\/\/covers4car.com\/product\/custom-fit-all-inclusive-seat-cover-for-tesla-model-3-highland-performance-2024\/#primaryimage\",\"url\":\"https:\/\/covers4car.com\/wp-content\/uploads\/2025\/08\/new_B.webp\",\"contentUrl\":\"https:\/\/covers4car.com\/wp-content\/uploads\/2025\/08\/new_B.webp\",\"width\":1000,\"height\":1000},{\"@type\":\"BreadcrumbList\",\"@id\":\"https:\/\/covers4car.com\/product\/custom-fit-all-inclusive-seat-cover-for-tesla-model-3-highland-performance-2024\/#breadcrumb\",\"itemListElement\":[{\"@type\":\"ListItem\",\"position\":1,\"name\":\"Home\",\"item\":\"https:\/\/covers4car.com\/\"},{\"@type\":\"ListItem\",\"position\":2,\"name\":\"Shop\",\"item\":\"https:\/\/covers4car.com\/shop\/\"},{\"@type\":\"ListItem\",\"position\":3,\"name\":\"Custom Fit All-Inclusive Seat Cover for Tesla Model 3 Highland Performance 2024+\"}]},{\"@type\":\"WebSite\",\"@id\":\"https:\/\/covers4car.com\/#website\",\"url\":\"https:\/\/covers4car.com\/\",\"name\":\"Covers4Car\",\"description\":\"Professional Seat Covers Tailored for Your Vehicle\",\"publisher\":{\"@id\":\"https:\/\/covers4car.com\/#organization\"},\"potentialAction\":[{\"@type\":\"SearchAction\",\"target\":{\"@type\":\"EntryPoint\",\"urlTemplate\":\"https:\/\/covers4car.com\/?s={search_term_string}\"},\"query-input\":{\"@type\":\"PropertyValueSpecification\",\"valueRequired\":true,\"valueName\":\"search_term_string\"}}],\"inLanguage\":\"fi\"},{\"@type\":\"Organization\",\"@id\":\"https:\/\/covers4car.com\/#organization\",\"name\":\"Covers4Car\",\"url\":\"https:\/\/covers4car.com\/\",\"logo\":{\"@type\":\"ImageObject\",\"inLanguage\":\"fi\",\"@id\":\"https:\/\/covers4car.com\/#\/schema\/logo\/image\/\",\"url\":\"https:\/\/covers4car.com\/wp-content\/uploads\/2024\/11\/Asset-2@5x-copy.jpg\",\"contentUrl\":\"https:\/\/covers4car.com\/wp-content\/uploads\/2024\/11\/Asset-2@5x-copy.jpg\",\"width\":877,\"height\":877,\"caption\":\"Covers4Car\"},\"image\":{\"@id\":\"https:\/\/covers4car.com\/#\/schema\/logo\/image\/\"},\"sameAs\":[\"https:\/\/www.facebook.com\/profile.php?id=61564533557142\",\"https:\/\/x.com\/covers4carstore\"]}]}<\/script>\n<!-- \/ Yoast SEO Premium plugin. -->","yoast_head_json":{"title":"Mittatilausty\u00f6n\u00e4 tehty kaiken kattava istuinsuoja Tesla Model 3 Highland Performance 2024+ -malliin","description":"Custom fit Tesla Model 3 Highland Performance 2024 seat cover from Covers4Car. Stylish, durable, and protective for your Tesla interior.","robots":{"index":"index","follow":"follow","max-snippet":"max-snippet:-1","max-image-preview":"max-image-preview:large","max-video-preview":"max-video-preview:-1"},"canonical":"https:\/\/covers4car.com\/fi\/tuote\/custom-fit-all-inclusive-seat-cover-for-tesla-model-3-highland-performance-2024\/","og_locale":"fi_FI","og_type":"article","og_title":"Custom Fit All-Inclusive Seat Cover for Tesla Model 3 Highland Performance 2024+","og_description":"Custom fit Tesla Model 3 Highland Performance 2024 seat cover from Covers4Car. Stylish, durable, and protective for your Tesla interior.","og_url":"https:\/\/covers4car.com\/fi\/tuote\/custom-fit-all-inclusive-seat-cover-for-tesla-model-3-highland-performance-2024\/","og_site_name":"Covers4Car","article_publisher":"https:\/\/www.facebook.com\/profile.php?id=61564533557142","article_modified_time":"2026-03-31T20:31:53+00:00","og_image":[{"width":1000,"height":1000,"url":"https:\/\/covers4car.com\/wp-content\/uploads\/2025\/08\/new_B.webp","type":"image\/webp"}],"twitter_card":"summary_large_image","twitter_site":"@covers4carstore","twitter_misc":{"Arvioitu lukuaika":"3 minuuttia"},"schema":{"@context":"https:\/\/schema.org","@graph":[{"@type":"WebPage","@id":"https:\/\/covers4car.com\/product\/custom-fit-all-inclusive-seat-cover-for-tesla-model-3-highland-performance-2024\/","url":"https:\/\/covers4car.com\/product\/custom-fit-all-inclusive-seat-cover-for-tesla-model-3-highland-performance-2024\/","name":"Mittatilausty\u00f6n\u00e4 tehty kaiken kattava istuinsuoja Tesla Model 3 Highland Performance 2024+ -malliin","isPartOf":{"@id":"https:\/\/covers4car.com\/#website"},"primaryImageOfPage":{"@id":"https:\/\/covers4car.com\/product\/custom-fit-all-inclusive-seat-cover-for-tesla-model-3-highland-performance-2024\/#primaryimage"},"image":{"@id":"https:\/\/covers4car.com\/product\/custom-fit-all-inclusive-seat-cover-for-tesla-model-3-highland-performance-2024\/#primaryimage"},"thumbnailUrl":"https:\/\/covers4car.com\/wp-content\/uploads\/2025\/08\/new_B.webp","datePublished":"2025-08-22T09:45:30+00:00","dateModified":"2026-03-31T20:31:53+00:00","description":"Custom fit Tesla Model 3 Highland Performance 2024 seat cover from Covers4Car. Stylish, durable, and protective for your Tesla interior.","breadcrumb":{"@id":"https:\/\/covers4car.com\/product\/custom-fit-all-inclusive-seat-cover-for-tesla-model-3-highland-performance-2024\/#breadcrumb"},"inLanguage":"fi","potentialAction":[{"@type":"ReadAction","target":["https:\/\/covers4car.com\/product\/custom-fit-all-inclusive-seat-cover-for-tesla-model-3-highland-performance-2024\/"]}]},{"@type":"ImageObject","inLanguage":"fi","@id":"https:\/\/covers4car.com\/product\/custom-fit-all-inclusive-seat-cover-for-tesla-model-3-highland-performance-2024\/#primaryimage","url":"https:\/\/covers4car.com\/wp-content\/uploads\/2025\/08\/new_B.webp","contentUrl":"https:\/\/covers4car.com\/wp-content\/uploads\/2025\/08\/new_B.webp","width":1000,"height":1000},{"@type":"BreadcrumbList","@id":"https:\/\/covers4car.com\/product\/custom-fit-all-inclusive-seat-cover-for-tesla-model-3-highland-performance-2024\/#breadcrumb","itemListElement":[{"@type":"ListItem","position":1,"name":"Home","item":"https:\/\/covers4car.com\/"},{"@type":"ListItem","position":2,"name":"Shop","item":"https:\/\/covers4car.com\/shop\/"},{"@type":"ListItem","position":3,"name":"Custom Fit All-Inclusive Seat Cover for Tesla Model 3 Highland Performance 2024+"}]},{"@type":"WebSite","@id":"https:\/\/covers4car.com\/#website","url":"https:\/\/covers4car.com\/","name":"Covers4Car","description":"Ammattimaiset istuinsuojat r\u00e4\u00e4t\u00e4l\u00f6ityn\u00e4 ajoneuvoosi","publisher":{"@id":"https:\/\/covers4car.com\/#organization"},"potentialAction":[{"@type":"SearchAction","target":{"@type":"EntryPoint","urlTemplate":"https:\/\/covers4car.com\/?s={search_term_string}"},"query-input":{"@type":"PropertyValueSpecification","valueRequired":true,"valueName":"search_term_string"}}],"inLanguage":"fi"},{"@type":"Organization","@id":"https:\/\/covers4car.com\/#organization","name":"Covers4Car","url":"https:\/\/covers4car.com\/","logo":{"@type":"ImageObject","inLanguage":"fi","@id":"https:\/\/covers4car.com\/#\/schema\/logo\/image\/","url":"https:\/\/covers4car.com\/wp-content\/uploads\/2024\/11\/Asset-2@5x-copy.jpg","contentUrl":"https:\/\/covers4car.com\/wp-content\/uploads\/2024\/11\/Asset-2@5x-copy.jpg","width":877,"height":877,"caption":"Covers4Car"},"image":{"@id":"https:\/\/covers4car.com\/#\/schema\/logo\/image\/"},"sameAs":["https:\/\/www.facebook.com\/profile.php?id=61564533557142","https:\/\/x.com\/covers4carstore"]}]}},"_links":{"self":[{"href":"https:\/\/covers4car.com\/fi\/wp-json\/wp\/v2\/product\/20900","targetHints":{"allow":["GET"]}}],"collection":[{"href":"https:\/\/covers4car.com\/fi\/wp-json\/wp\/v2\/product"}],"about":[{"href":"https:\/\/covers4car.com\/fi\/wp-json\/wp\/v2\/types\/product"}],"replies":[{"embeddable":true,"href":"https:\/\/covers4car.com\/fi\/wp-json\/wp\/v2\/comments?post=20900"}],"version-history":[{"count":0,"href":"https:\/\/covers4car.com\/fi\/wp-json\/wp\/v2\/product\/20900\/revisions"}],"wp:featuredmedia":[{"embeddable":true,"href":"https:\/\/covers4car.com\/fi\/wp-json\/wp\/v2\/media\/21751"}],"wp:attachment":[{"href":"https:\/\/covers4car.com\/fi\/wp-json\/wp\/v2\/media?parent=20900"}],"wp:term":[{"taxonomy":"product_brand","embeddable":true,"href":"https:\/\/covers4car.com\/fi\/wp-json\/wp\/v2\/product_brand?post=20900"},{"taxonomy":"product_cat","embeddable":true,"href":"https:\/\/covers4car.com\/fi\/wp-json\/wp\/v2\/product_cat?post=20900"},{"taxonomy":"product_tag","embeddable":true,"href":"https:\/\/covers4car.com\/fi\/wp-json\/wp\/v2\/product_tag?post=20900"},{"taxonomy":"jet_color","embeddable":true,"href":"https:\/\/covers4car.com\/fi\/wp-json\/wp\/v2\/jet_color?post=20900"},{"taxonomy":"jet_material","embeddable":true,"href":"https:\/\/covers4car.com\/fi\/wp-json\/wp\/v2\/jet_material?post=20900"},{"taxonomy":"jet_coverage","embeddable":true,"href":"https:\/\/covers4car.com\/fi\/wp-json\/wp\/v2\/jet_coverage?post=20900"}],"curies":[{"name":"wp","href":"https:\/\/api.w.org\/{rel}","templated":true}]}}