{"id":22695,"date":"2025-09-12T03:32:50","date_gmt":"2025-09-12T10:32:50","guid":{"rendered":"https:\/\/covers4car.com\/?post_type=product&#038;p=22695"},"modified":"2025-12-11T17:35:36","modified_gmt":"2025-12-12T01:35:36","slug":"custom-fit-toyota-rav4-leather-seat-cover-all-inclusive-seat-cover-10","status":"publish","type":"product","link":"https:\/\/covers4car.com\/fi\/tuote\/custom-fit-toyota-rav4-leather-seat-cover-all-inclusive-seat-cover-10\/","title":{"rendered":"Toyota Rav4:n nahkapenkin p\u00e4\u00e4llinen, kaiken kattava, mittatilausty\u00f6n\u00e4 tehty, 10&quot; nahkainen istuinsuoja."},"content":{"rendered":"<p>Muuta ajokokemuksesi Covers4carin avulla <strong data-start=\"299\" data-end=\"339\">Kaikenkattavat istuinsuojat<\/strong>suunniteltu yksinomaan <strong data-start=\"369\" data-end=\"403\">2013-2025+ Toyota Rav4<\/strong>N\u00e4m\u00e4 <strong data-start=\"411\" data-end=\"451\">Toyota Rav4:n mittatilausty\u00f6n\u00e4 tehdyt istuinp\u00e4\u00e4lliset <\/strong>tarjoavat t\u00e4ydellisen suojan, kest\u00e4v\u00e4n mukavuuden ja saumattoman tehdastyylisen ulkon\u00e4\u00f6n pit\u00e4en sis\u00e4tilat puhtaina ja tyylikk\u00e4in\u00e4 jokaisella matkalla.<\/p>\n<p><strong>Sovitus:<\/strong><br \/>\n2013-2018 LE (ei s\u00e4hk\u00f6autoille eik\u00e4 hybrideille)<br \/>\n2013\u20132018 Limited\/XLE\/SE\/Platinum\/Adventure<br \/>\n2015\u20132018 hybridi<br \/>\n2019\u20132025+ hybridi<br \/>\n2019\u20132025+ Hybridi XSE<br \/>\n2019-2025+ (Seikkailu- ja TRD-maastopy\u00f6r\u00e4t)<br \/>\n2019-2025+ (EI seikkailu- ja TRD-maastopy\u00f6riin)<\/p>\n<div>\n<div data-zone-id=\"0\" data-line-index=\"0\" data-line=\"true\">\n<div data-zone-id=\"0\" data-line-index=\"0\" data-line=\"true\">\n<div data-zone-id=\"0\" data-line-index=\"0\" data-line=\"true\">\n<div data-zone-id=\"0\" data-line-index=\"0\" data-line=\"true\">\n<div data-zone-id=\"0\" data-line-index=\"0\" data-line=\"true\">\n<div>\n<div data-zone-id=\"0\" data-line-index=\"0\" data-line=\"true\">\n<div data-zone-id=\"0\" data-line-index=\"0\" data-line=\"true\">\n<div data-zone-id=\"0\" data-line-index=\"0\" data-line=\"true\">\n<div data-zone-id=\"0\" data-line-index=\"0\" data-line=\"true\">\n<div data-zone-id=\"0\" data-line-index=\"0\" data-line=\"true\">\n<ul>\n<li><strong>T\u00e4ydellinen sis\u00e4tilojen p\u00e4ivitys:<\/strong>Nostaa Toyota Rav4:si sis\u00e4tilat tyylikk\u00e4\u00e4ll\u00e4, kokoistuinten peitolla, joka antaa autollesi ensiluokkaisen ilmeen. Muuttaa ohjaamosi hetkess\u00e4 tyylikk\u00e4\u00e4ksi ja mukavaksi tilaksi.<\/li>\n<\/ul>\n<h5><a href=\"https:\/\/covers4car.com\/wp-content\/uploads\/2025\/09\/07.webp\"><img fetchpriority=\"high\" decoding=\"async\" class=\"wd-lazy-fade alignnone size-full wp-image-22697\" src=\"https:\/\/covers4car.com\/wp-content\/themes\/woodmart\/images\/lazy.svg\" data-src=\"https:\/\/covers4car.com\/wp-content\/uploads\/2025\/09\/07.webp\" alt=\"\" width=\"1000\" height=\"1000\" srcset=\"\" data-srcset=\"https:\/\/covers4car.com\/wp-content\/uploads\/2025\/09\/07.webp 1000w, https:\/\/covers4car.com\/wp-content\/uploads\/2025\/09\/07-300x300.webp 300w, https:\/\/covers4car.com\/wp-content\/uploads\/2025\/09\/07-150x150.webp 150w, https:\/\/covers4car.com\/wp-content\/uploads\/2025\/09\/07-768x768.webp 768w, https:\/\/covers4car.com\/wp-content\/uploads\/2025\/09\/07-12x12.webp 12w, https:\/\/covers4car.com\/wp-content\/uploads\/2025\/09\/07-600x600.webp 600w, https:\/\/covers4car.com\/wp-content\/uploads\/2025\/09\/07-148x148.webp 148w, https:\/\/covers4car.com\/wp-content\/uploads\/2025\/09\/07-50x50.webp 50w, https:\/\/covers4car.com\/wp-content\/uploads\/2025\/09\/07-100x100.webp 100w\" sizes=\"(max-width: 1000px) 100vw, 1000px\" \/><\/a><\/h5>\n<ul>\n<li><strong>Toyota Rav4:n (2013-2025+) mukautettu:<\/strong>R\u00e4\u00e4t\u00e4l\u00f6ity eri Toyota RAV4 -malleille (2013-2025+), t\u00e4ydellinen istuvuus. Hienostunut valmistusprosessi varmistaa, ett\u00e4 jokainen yksityiskohta sopii t\u00e4ydellisesti autosi muotoihin. Suunniteltu sek\u00e4 estetiikkaa ett\u00e4 kest\u00e4vyytt\u00e4 ajatellen.<\/li>\n<\/ul>\n<p><a href=\"https:\/\/covers4car.com\/wp-content\/uploads\/2025\/09\/4-27.webp\"><img decoding=\"async\" class=\"wd-lazy-fade alignnone wp-image-30317 size-full\" src=\"https:\/\/covers4car.com\/wp-content\/themes\/woodmart\/images\/lazy.svg\" data-src=\"https:\/\/covers4car.com\/wp-content\/uploads\/2025\/09\/4-27.webp\" alt=\"\" width=\"1000\" height=\"1000\" srcset=\"\" data-srcset=\"https:\/\/covers4car.com\/wp-content\/uploads\/2025\/09\/4-27.webp 1000w, https:\/\/covers4car.com\/wp-content\/uploads\/2025\/09\/4-27-300x300.webp 300w, https:\/\/covers4car.com\/wp-content\/uploads\/2025\/09\/4-27-150x150.webp 150w, https:\/\/covers4car.com\/wp-content\/uploads\/2025\/09\/4-27-768x768.webp 768w, https:\/\/covers4car.com\/wp-content\/uploads\/2025\/09\/4-27-12x12.webp 12w, https:\/\/covers4car.com\/wp-content\/uploads\/2025\/09\/4-27-600x600.webp 600w, https:\/\/covers4car.com\/wp-content\/uploads\/2025\/09\/4-27-148x148.webp 148w, https:\/\/covers4car.com\/wp-content\/uploads\/2025\/09\/4-27-50x50.webp 50w, https:\/\/covers4car.com\/wp-content\/uploads\/2025\/09\/4-27-100x100.webp 100w\" sizes=\"(max-width: 1000px) 100vw, 1000px\" \/><\/a><\/p>\n<p><a href=\"https:\/\/covers4car.com\/wp-content\/uploads\/2025\/09\/6-17.webp\"><img decoding=\"async\" class=\"wd-lazy-fade alignnone size-full wp-image-30319\" src=\"https:\/\/covers4car.com\/wp-content\/themes\/woodmart\/images\/lazy.svg\" data-src=\"https:\/\/covers4car.com\/wp-content\/uploads\/2025\/09\/6-17.webp\" alt=\"\" width=\"1000\" height=\"1000\" srcset=\"\" data-srcset=\"https:\/\/covers4car.com\/wp-content\/uploads\/2025\/09\/6-17.webp 1000w, https:\/\/covers4car.com\/wp-content\/uploads\/2025\/09\/6-17-300x300.webp 300w, https:\/\/covers4car.com\/wp-content\/uploads\/2025\/09\/6-17-150x150.webp 150w, https:\/\/covers4car.com\/wp-content\/uploads\/2025\/09\/6-17-768x768.webp 768w, https:\/\/covers4car.com\/wp-content\/uploads\/2025\/09\/6-17-12x12.webp 12w, https:\/\/covers4car.com\/wp-content\/uploads\/2025\/09\/6-17-600x600.webp 600w, https:\/\/covers4car.com\/wp-content\/uploads\/2025\/09\/6-17-148x148.webp 148w, https:\/\/covers4car.com\/wp-content\/uploads\/2025\/09\/6-17-50x50.webp 50w, https:\/\/covers4car.com\/wp-content\/uploads\/2025\/09\/6-17-100x100.webp 100w\" sizes=\"(max-width: 1000px) 100vw, 1000px\" \/><\/a><br \/>\n<a href=\"https:\/\/covers4car.com\/wp-content\/uploads\/2025\/09\/7-14.webp\"><img loading=\"lazy\" decoding=\"async\" class=\"wd-lazy-fade alignnone size-full wp-image-30320\" src=\"https:\/\/covers4car.com\/wp-content\/themes\/woodmart\/images\/lazy.svg\" data-src=\"https:\/\/covers4car.com\/wp-content\/uploads\/2025\/09\/7-14.webp\" alt=\"\" width=\"1000\" height=\"1000\" srcset=\"\" data-srcset=\"https:\/\/covers4car.com\/wp-content\/uploads\/2025\/09\/7-14.webp 1000w, https:\/\/covers4car.com\/wp-content\/uploads\/2025\/09\/7-14-300x300.webp 300w, https:\/\/covers4car.com\/wp-content\/uploads\/2025\/09\/7-14-150x150.webp 150w, https:\/\/covers4car.com\/wp-content\/uploads\/2025\/09\/7-14-768x768.webp 768w, https:\/\/covers4car.com\/wp-content\/uploads\/2025\/09\/7-14-12x12.webp 12w, https:\/\/covers4car.com\/wp-content\/uploads\/2025\/09\/7-14-600x600.webp 600w, https:\/\/covers4car.com\/wp-content\/uploads\/2025\/09\/7-14-148x148.webp 148w, https:\/\/covers4car.com\/wp-content\/uploads\/2025\/09\/7-14-50x50.webp 50w, https:\/\/covers4car.com\/wp-content\/uploads\/2025\/09\/7-14-100x100.webp 100w\" sizes=\"(max-width: 1000px) 100vw, 1000px\" \/><\/a><\/p>\n<ul>\n<li><strong>Ennen ja j\u00e4lkeen muodonmuutoksen: <\/strong>Palauta vanhat, kuluneet istuimet uudenveroiseen kuntoon v\u00e4litt\u00f6m\u00e4sti. Koe dramaattinen ero mukavuudessa ja ulkon\u00e4\u00f6ss\u00e4.<\/li>\n<\/ul>\n<p><a href=\"https:\/\/covers4car.com\/wp-content\/uploads\/2025\/09\/9-11.webp\"><img loading=\"lazy\" decoding=\"async\" class=\"wd-lazy-fade alignnone size-full wp-image-30322\" src=\"https:\/\/covers4car.com\/wp-content\/themes\/woodmart\/images\/lazy.svg\" data-src=\"https:\/\/covers4car.com\/wp-content\/uploads\/2025\/09\/9-11.webp\" alt=\"\" width=\"1000\" height=\"1000\" srcset=\"\" data-srcset=\"https:\/\/covers4car.com\/wp-content\/uploads\/2025\/09\/9-11.webp 1000w, https:\/\/covers4car.com\/wp-content\/uploads\/2025\/09\/9-11-300x300.webp 300w, https:\/\/covers4car.com\/wp-content\/uploads\/2025\/09\/9-11-150x150.webp 150w, https:\/\/covers4car.com\/wp-content\/uploads\/2025\/09\/9-11-768x768.webp 768w, https:\/\/covers4car.com\/wp-content\/uploads\/2025\/09\/9-11-12x12.webp 12w, https:\/\/covers4car.com\/wp-content\/uploads\/2025\/09\/9-11-600x600.webp 600w, https:\/\/covers4car.com\/wp-content\/uploads\/2025\/09\/9-11-148x148.webp 148w, https:\/\/covers4car.com\/wp-content\/uploads\/2025\/09\/9-11-50x50.webp 50w, https:\/\/covers4car.com\/wp-content\/uploads\/2025\/09\/9-11-100x100.webp 100w\" sizes=\"(max-width: 1000px) 100vw, 1000px\" \/><\/a><\/p>\n<ul>\n<li style=\"text-align: left;\"><strong>Vedenpit\u00e4v\u00e4 ja naarmuuntumaton: <\/strong>Hylkii roiskeita, kest\u00e4\u00e4 naarmuja ja on palosuojattu, joten se on helppo huoltaa. Pit\u00e4\u00e4 istuimesi suojattuina kaikissa p\u00e4ivitt\u00e4isiss\u00e4 ajo-olosuhteissa.<\/li>\n<\/ul>\n<p><strong><a href=\"https:\/\/covers4car.com\/wp-content\/uploads\/2025\/09\/7-16.webp\"><img loading=\"lazy\" decoding=\"async\" class=\"wd-lazy-fade alignnone size-full wp-image-30275\" src=\"https:\/\/covers4car.com\/wp-content\/themes\/woodmart\/images\/lazy.svg\" data-src=\"https:\/\/covers4car.com\/wp-content\/uploads\/2025\/09\/7-16.webp\" alt=\"\" width=\"1000\" height=\"1000\" srcset=\"\" data-srcset=\"https:\/\/covers4car.com\/wp-content\/uploads\/2025\/09\/7-16.webp 1000w, https:\/\/covers4car.com\/wp-content\/uploads\/2025\/09\/7-16-300x300.webp 300w, https:\/\/covers4car.com\/wp-content\/uploads\/2025\/09\/7-16-150x150.webp 150w, https:\/\/covers4car.com\/wp-content\/uploads\/2025\/09\/7-16-768x768.webp 768w, https:\/\/covers4car.com\/wp-content\/uploads\/2025\/09\/7-16-12x12.webp 12w, https:\/\/covers4car.com\/wp-content\/uploads\/2025\/09\/7-16-600x600.webp 600w, https:\/\/covers4car.com\/wp-content\/uploads\/2025\/09\/7-16-148x148.webp 148w, https:\/\/covers4car.com\/wp-content\/uploads\/2025\/09\/7-16-50x50.webp 50w, https:\/\/covers4car.com\/wp-content\/uploads\/2025\/09\/7-16-100x100.webp 100w\" sizes=\"(max-width: 1000px) 100vw, 1000px\" \/><\/a><\/strong><\/p>\n<ul>\n<li><strong>Turvatyynyjen kanssa yhteensopiva turvallisuus: <\/strong>Erikoisompeleet mahdollistavat turvatyynyjen vapaan laukeamisen ilman esteit\u00e4. Aja luottavaisin mielin tiet\u00e4en, ett\u00e4 turvallisuudesta ei koskaan tingit\u00e4.<\/li>\n<\/ul>\n<p><strong><a href=\"https:\/\/covers4car.com\/wp-content\/uploads\/2025\/09\/8-17.webp\"><img loading=\"lazy\" decoding=\"async\" class=\"wd-lazy-fade alignnone size-full wp-image-30321\" src=\"https:\/\/covers4car.com\/wp-content\/themes\/woodmart\/images\/lazy.svg\" data-src=\"https:\/\/covers4car.com\/wp-content\/uploads\/2025\/09\/8-17.webp\" alt=\"\" width=\"1000\" height=\"1000\" srcset=\"\" data-srcset=\"https:\/\/covers4car.com\/wp-content\/uploads\/2025\/09\/8-17.webp 1000w, https:\/\/covers4car.com\/wp-content\/uploads\/2025\/09\/8-17-300x300.webp 300w, https:\/\/covers4car.com\/wp-content\/uploads\/2025\/09\/8-17-150x150.webp 150w, https:\/\/covers4car.com\/wp-content\/uploads\/2025\/09\/8-17-768x768.webp 768w, https:\/\/covers4car.com\/wp-content\/uploads\/2025\/09\/8-17-12x12.webp 12w, https:\/\/covers4car.com\/wp-content\/uploads\/2025\/09\/8-17-600x600.webp 600w, https:\/\/covers4car.com\/wp-content\/uploads\/2025\/09\/8-17-148x148.webp 148w, https:\/\/covers4car.com\/wp-content\/uploads\/2025\/09\/8-17-50x50.webp 50w, https:\/\/covers4car.com\/wp-content\/uploads\/2025\/09\/8-17-100x100.webp 100w\" sizes=\"(max-width: 1000px) 100vw, 1000px\" \/><\/a><\/strong><\/p>\n<ul>\n<li><strong>Nopea ja helppo asennus: <\/strong>Asenna minuuteissa ilman ty\u00f6kaluja yksinkertaisen hihna- ja solkij\u00e4rjestelm\u00e4n ansiosta. Nauti napakasta ja rypytt\u00f6m\u00e4st\u00e4 istuvuudesta joka kerta.<strong><br \/>\n<\/strong><\/li>\n<li><strong>Valmistettu ensiluokkaisesta nahasta: <\/strong>Valmistettu korkealaatuisesta, kulutusta kest\u00e4v\u00e4st\u00e4, vedenpit\u00e4v\u00e4st\u00e4 ja rypistym\u00e4tt\u00f6m\u00e4st\u00e4 nahasta, ja rei&#039;itetty, koko auton peitt\u00e4v\u00e4 rakenne suojaa alkuper\u00e4isi\u00e4 istuimiasi. Pehme\u00e4, kest\u00e4v\u00e4 ja tyylik\u00e4s \u2013 parantaa sis\u00e4tilojen mukavuutta v\u00e4litt\u00f6m\u00e4sti.<\/li>\n<\/ul>\n<p><a href=\"https:\/\/covers4car.com\/wp-content\/uploads\/2025\/09\/5-19.webp\"><img loading=\"lazy\" decoding=\"async\" class=\"wd-lazy-fade alignnone size-full wp-image-30286\" src=\"https:\/\/covers4car.com\/wp-content\/themes\/woodmart\/images\/lazy.svg\" data-src=\"https:\/\/covers4car.com\/wp-content\/uploads\/2025\/09\/5-19.webp\" alt=\"\" width=\"1000\" height=\"1000\" \/><\/a><\/p>\n<ul>\n<li><strong>Erilaisia v\u00e4rej\u00e4 ja tyylej\u00e4: <\/strong>Saatavilla on useita eri v\u00e4rej\u00e4, jotka parantavat autosi sis\u00e4tilojen kauneutta ja korostavat muotia ja persoonallisuutta.<\/li>\n<\/ul>\n<\/div>\n<\/div>\n<\/div>\n<\/div>\n<\/div>\n<\/div>\n<p><strong>T\u00e4ysi setti:<\/strong><\/p>\n<ul>\n<li>2x etuistuimen p\u00e4\u00e4lliset<\/li>\n<li>1x t\u00e4ysi takaistuimen suojus<\/li>\n<\/ul>\n<p><strong>Vain etuistuimet<\/strong><\/p>\n<ul>\n<li>1 x koko etuistuinten suojukset<\/li>\n<\/ul>\n<p><strong>Vain takaistuimet<\/strong><\/p>\n<ul>\n<li>1x t\u00e4ysi takaistuimen suojus<\/li>\n<\/ul>\n<p><strong>Asennusopas:<br \/>\n<\/strong><br \/>\n<iframe title=\"YouTube-videosoitin\" src=\"https:\/\/www.youtube.com\/embed\/XyWGEmrdpvg?si=kLoKUgUQATQi4Nbv\" width=\"800\" height=\"450\" frameborder=\"0\" allowfullscreen=\"allowfullscreen\"><\/iframe><\/p>\n<\/div>\n<\/div>\n<\/div>\n<\/div>\n<\/div>\n<\/div>","protected":false},"excerpt":{"rendered":"<p>Muuta ajokokemuksesi Covers4carin kaikenkattavilla istuinsuojilla, jotka on suunniteltu yksinomaan Toyota Rav4:lle vuosimalleissa 2013\u20132025+. N\u00e4m\u00e4 mittatilausty\u00f6n\u00e4 tehdyt Toyota Rav4 -istuimet...<\/p>","protected":false},"featured_media":22705,"comment_status":"open","ping_status":"closed","template":"","meta":{"_acf_changed":false,"_monsterinsights_skip_tracking":false,"_monsterinsights_sitenote_active":false,"_monsterinsights_sitenote_note":"","_monsterinsights_sitenote_category":0},"product_brand":[],"product_cat":[124,11560,11561],"product_tag":[54968],"jet_color":[],"jet_material":[],"jet_coverage":[],"class_list":{"0":"post-22695","1":"product","2":"type-product","3":"status-publish","4":"has-post-thumbnail","6":"product_cat-seat-cover","7":"product_cat-seat-cover-for-toyota","8":"product_cat-seat-cover-for-toyota-rav4","9":"product_tag-fit-rav4","11":"first","12":"instock","13":"shipping-taxable","14":"purchasable","15":"product-type-variable","16":"has-default-attributes","17":"wvs-archive-product-wrapper"},"acf":[],"yoast_head":"<!-- This site is optimized with the Yoast SEO Premium plugin v26.4 (Yoast SEO v26.4) - https:\/\/yoast.com\/wordpress\/plugins\/seo\/ -->\n<title>Custom Fit Toyota Rav4 Seat Covers: Leather Comfort<\/title>\n<meta name=\"description\" content=\"Protect your SUV with Custom Fit Toyota Rav4 Seat Covers, designed for 2013\u20132025+ models. Leather style, comfort, and durability.\" \/>\n<meta name=\"robots\" content=\"index, follow, max-snippet:-1, max-image-preview:large, max-video-preview:-1\" \/>\n<link rel=\"canonical\" href=\"https:\/\/covers4car.com\/fi\/tuote\/custom-fit-toyota-rav4-leather-seat-cover-all-inclusive-seat-cover-10\/\" \/>\n<meta property=\"og:locale\" content=\"fi_FI\" \/>\n<meta property=\"og:type\" content=\"article\" \/>\n<meta property=\"og:title\" content=\"Custom Fit Toyota Rav4 Leather Seat Cover All Inclusive Seat Cover 10\" \/>\n<meta property=\"og:description\" content=\"Protect your SUV with Custom Fit Toyota Rav4 Seat Covers, designed for 2013\u20132025+ models. Leather style, comfort, and durability.\" \/>\n<meta property=\"og:url\" content=\"https:\/\/covers4car.com\/fi\/tuote\/custom-fit-toyota-rav4-leather-seat-cover-all-inclusive-seat-cover-10\/\" \/>\n<meta property=\"og:site_name\" content=\"Covers4Car\" \/>\n<meta property=\"article:publisher\" content=\"https:\/\/www.facebook.com\/profile.php?id=61564533557142\" \/>\n<meta property=\"article:modified_time\" content=\"2025-12-12T01:35:36+00:00\" \/>\n<meta property=\"og:image\" content=\"https:\/\/covers4car.com\/wp-content\/uploads\/2025\/09\/new_1-2-7.webp\" \/>\n\t<meta property=\"og:image:width\" content=\"1000\" \/>\n\t<meta property=\"og:image:height\" content=\"1000\" \/>\n\t<meta property=\"og:image:type\" content=\"image\/webp\" \/>\n<meta name=\"twitter:card\" content=\"summary_large_image\" \/>\n<meta name=\"twitter:site\" content=\"@covers4carstore\" \/>\n<meta name=\"twitter:label1\" content=\"Arvioitu lukuaika\" \/>\n\t<meta name=\"twitter:data1\" content=\"4 minuuttia\" \/>\n<script type=\"application\/ld+json\" class=\"yoast-schema-graph\">{\"@context\":\"https:\/\/schema.org\",\"@graph\":[{\"@type\":\"WebPage\",\"@id\":\"https:\/\/covers4car.com\/product\/custom-fit-toyota-rav4-leather-seat-cover-all-inclusive-seat-cover-10\/\",\"url\":\"https:\/\/covers4car.com\/product\/custom-fit-toyota-rav4-leather-seat-cover-all-inclusive-seat-cover-10\/\",\"name\":\"Custom Fit Toyota Rav4 Seat Covers: Leather Comfort\",\"isPartOf\":{\"@id\":\"https:\/\/covers4car.com\/#website\"},\"primaryImageOfPage\":{\"@id\":\"https:\/\/covers4car.com\/product\/custom-fit-toyota-rav4-leather-seat-cover-all-inclusive-seat-cover-10\/#primaryimage\"},\"image\":{\"@id\":\"https:\/\/covers4car.com\/product\/custom-fit-toyota-rav4-leather-seat-cover-all-inclusive-seat-cover-10\/#primaryimage\"},\"thumbnailUrl\":\"https:\/\/covers4car.com\/wp-content\/uploads\/2025\/09\/new_1-2-7.webp\",\"datePublished\":\"2025-09-12T10:32:50+00:00\",\"dateModified\":\"2025-12-12T01:35:36+00:00\",\"description\":\"Protect your SUV with Custom Fit Toyota Rav4 Seat Covers, designed for 2013\u20132025+ models. Leather style, comfort, and durability.\",\"breadcrumb\":{\"@id\":\"https:\/\/covers4car.com\/product\/custom-fit-toyota-rav4-leather-seat-cover-all-inclusive-seat-cover-10\/#breadcrumb\"},\"inLanguage\":\"fi\",\"potentialAction\":[{\"@type\":\"ReadAction\",\"target\":[\"https:\/\/covers4car.com\/product\/custom-fit-toyota-rav4-leather-seat-cover-all-inclusive-seat-cover-10\/\"]}]},{\"@type\":\"ImageObject\",\"inLanguage\":\"fi\",\"@id\":\"https:\/\/covers4car.com\/product\/custom-fit-toyota-rav4-leather-seat-cover-all-inclusive-seat-cover-10\/#primaryimage\",\"url\":\"https:\/\/covers4car.com\/wp-content\/uploads\/2025\/09\/new_1-2-7.webp\",\"contentUrl\":\"https:\/\/covers4car.com\/wp-content\/uploads\/2025\/09\/new_1-2-7.webp\",\"width\":1000,\"height\":1000},{\"@type\":\"BreadcrumbList\",\"@id\":\"https:\/\/covers4car.com\/product\/custom-fit-toyota-rav4-leather-seat-cover-all-inclusive-seat-cover-10\/#breadcrumb\",\"itemListElement\":[{\"@type\":\"ListItem\",\"position\":1,\"name\":\"Home\",\"item\":\"https:\/\/covers4car.com\/\"},{\"@type\":\"ListItem\",\"position\":2,\"name\":\"Shop\",\"item\":\"https:\/\/covers4car.com\/shop\/\"},{\"@type\":\"ListItem\",\"position\":3,\"name\":\"Custom Fit Toyota Rav4 Leather Seat Cover All Inclusive Seat Cover 10\"}]},{\"@type\":\"WebSite\",\"@id\":\"https:\/\/covers4car.com\/#website\",\"url\":\"https:\/\/covers4car.com\/\",\"name\":\"Covers4Car\",\"description\":\"Professional Seat Covers Tailored for Your Vehicle\",\"publisher\":{\"@id\":\"https:\/\/covers4car.com\/#organization\"},\"potentialAction\":[{\"@type\":\"SearchAction\",\"target\":{\"@type\":\"EntryPoint\",\"urlTemplate\":\"https:\/\/covers4car.com\/?s={search_term_string}\"},\"query-input\":{\"@type\":\"PropertyValueSpecification\",\"valueRequired\":true,\"valueName\":\"search_term_string\"}}],\"inLanguage\":\"fi\"},{\"@type\":\"Organization\",\"@id\":\"https:\/\/covers4car.com\/#organization\",\"name\":\"Covers4Car\",\"url\":\"https:\/\/covers4car.com\/\",\"logo\":{\"@type\":\"ImageObject\",\"inLanguage\":\"fi\",\"@id\":\"https:\/\/covers4car.com\/#\/schema\/logo\/image\/\",\"url\":\"https:\/\/covers4car.com\/wp-content\/uploads\/2024\/11\/Asset-2@5x-copy.jpg\",\"contentUrl\":\"https:\/\/covers4car.com\/wp-content\/uploads\/2024\/11\/Asset-2@5x-copy.jpg\",\"width\":877,\"height\":877,\"caption\":\"Covers4Car\"},\"image\":{\"@id\":\"https:\/\/covers4car.com\/#\/schema\/logo\/image\/\"},\"sameAs\":[\"https:\/\/www.facebook.com\/profile.php?id=61564533557142\",\"https:\/\/x.com\/covers4carstore\"]}]}<\/script>\n<!-- \/ Yoast SEO Premium plugin. -->","yoast_head_json":{"title":"Custom Fit Toyota Rav4 Seat Covers: Leather Comfort","description":"Protect your SUV with Custom Fit Toyota Rav4 Seat Covers, designed for 2013\u20132025+ models. Leather style, comfort, and durability.","robots":{"index":"index","follow":"follow","max-snippet":"max-snippet:-1","max-image-preview":"max-image-preview:large","max-video-preview":"max-video-preview:-1"},"canonical":"https:\/\/covers4car.com\/fi\/tuote\/custom-fit-toyota-rav4-leather-seat-cover-all-inclusive-seat-cover-10\/","og_locale":"fi_FI","og_type":"article","og_title":"Custom Fit Toyota Rav4 Leather Seat Cover All Inclusive Seat Cover 10","og_description":"Protect your SUV with Custom Fit Toyota Rav4 Seat Covers, designed for 2013\u20132025+ models. Leather style, comfort, and durability.","og_url":"https:\/\/covers4car.com\/fi\/tuote\/custom-fit-toyota-rav4-leather-seat-cover-all-inclusive-seat-cover-10\/","og_site_name":"Covers4Car","article_publisher":"https:\/\/www.facebook.com\/profile.php?id=61564533557142","article_modified_time":"2025-12-12T01:35:36+00:00","og_image":[{"width":1000,"height":1000,"url":"https:\/\/covers4car.com\/wp-content\/uploads\/2025\/09\/new_1-2-7.webp","type":"image\/webp"}],"twitter_card":"summary_large_image","twitter_site":"@covers4carstore","twitter_misc":{"Arvioitu lukuaika":"4 minuuttia"},"schema":{"@context":"https:\/\/schema.org","@graph":[{"@type":"WebPage","@id":"https:\/\/covers4car.com\/product\/custom-fit-toyota-rav4-leather-seat-cover-all-inclusive-seat-cover-10\/","url":"https:\/\/covers4car.com\/product\/custom-fit-toyota-rav4-leather-seat-cover-all-inclusive-seat-cover-10\/","name":"Custom Fit Toyota Rav4 Seat Covers: Leather Comfort","isPartOf":{"@id":"https:\/\/covers4car.com\/#website"},"primaryImageOfPage":{"@id":"https:\/\/covers4car.com\/product\/custom-fit-toyota-rav4-leather-seat-cover-all-inclusive-seat-cover-10\/#primaryimage"},"image":{"@id":"https:\/\/covers4car.com\/product\/custom-fit-toyota-rav4-leather-seat-cover-all-inclusive-seat-cover-10\/#primaryimage"},"thumbnailUrl":"https:\/\/covers4car.com\/wp-content\/uploads\/2025\/09\/new_1-2-7.webp","datePublished":"2025-09-12T10:32:50+00:00","dateModified":"2025-12-12T01:35:36+00:00","description":"Protect your SUV with Custom Fit Toyota Rav4 Seat Covers, designed for 2013\u20132025+ models. Leather style, comfort, and durability.","breadcrumb":{"@id":"https:\/\/covers4car.com\/product\/custom-fit-toyota-rav4-leather-seat-cover-all-inclusive-seat-cover-10\/#breadcrumb"},"inLanguage":"fi","potentialAction":[{"@type":"ReadAction","target":["https:\/\/covers4car.com\/product\/custom-fit-toyota-rav4-leather-seat-cover-all-inclusive-seat-cover-10\/"]}]},{"@type":"ImageObject","inLanguage":"fi","@id":"https:\/\/covers4car.com\/product\/custom-fit-toyota-rav4-leather-seat-cover-all-inclusive-seat-cover-10\/#primaryimage","url":"https:\/\/covers4car.com\/wp-content\/uploads\/2025\/09\/new_1-2-7.webp","contentUrl":"https:\/\/covers4car.com\/wp-content\/uploads\/2025\/09\/new_1-2-7.webp","width":1000,"height":1000},{"@type":"BreadcrumbList","@id":"https:\/\/covers4car.com\/product\/custom-fit-toyota-rav4-leather-seat-cover-all-inclusive-seat-cover-10\/#breadcrumb","itemListElement":[{"@type":"ListItem","position":1,"name":"Home","item":"https:\/\/covers4car.com\/"},{"@type":"ListItem","position":2,"name":"Shop","item":"https:\/\/covers4car.com\/shop\/"},{"@type":"ListItem","position":3,"name":"Custom Fit Toyota Rav4 Leather Seat Cover All Inclusive Seat Cover 10"}]},{"@type":"WebSite","@id":"https:\/\/covers4car.com\/#website","url":"https:\/\/covers4car.com\/","name":"Covers4Car","description":"Ammattimaiset istuinsuojat r\u00e4\u00e4t\u00e4l\u00f6ityn\u00e4 ajoneuvoosi","publisher":{"@id":"https:\/\/covers4car.com\/#organization"},"potentialAction":[{"@type":"SearchAction","target":{"@type":"EntryPoint","urlTemplate":"https:\/\/covers4car.com\/?s={search_term_string}"},"query-input":{"@type":"PropertyValueSpecification","valueRequired":true,"valueName":"search_term_string"}}],"inLanguage":"fi"},{"@type":"Organization","@id":"https:\/\/covers4car.com\/#organization","name":"Covers4Car","url":"https:\/\/covers4car.com\/","logo":{"@type":"ImageObject","inLanguage":"fi","@id":"https:\/\/covers4car.com\/#\/schema\/logo\/image\/","url":"https:\/\/covers4car.com\/wp-content\/uploads\/2024\/11\/Asset-2@5x-copy.jpg","contentUrl":"https:\/\/covers4car.com\/wp-content\/uploads\/2024\/11\/Asset-2@5x-copy.jpg","width":877,"height":877,"caption":"Covers4Car"},"image":{"@id":"https:\/\/covers4car.com\/#\/schema\/logo\/image\/"},"sameAs":["https:\/\/www.facebook.com\/profile.php?id=61564533557142","https:\/\/x.com\/covers4carstore"]}]}},"_links":{"self":[{"href":"https:\/\/covers4car.com\/fi\/wp-json\/wp\/v2\/product\/22695","targetHints":{"allow":["GET"]}}],"collection":[{"href":"https:\/\/covers4car.com\/fi\/wp-json\/wp\/v2\/product"}],"about":[{"href":"https:\/\/covers4car.com\/fi\/wp-json\/wp\/v2\/types\/product"}],"replies":[{"embeddable":true,"href":"https:\/\/covers4car.com\/fi\/wp-json\/wp\/v2\/comments?post=22695"}],"version-history":[{"count":0,"href":"https:\/\/covers4car.com\/fi\/wp-json\/wp\/v2\/product\/22695\/revisions"}],"wp:featuredmedia":[{"embeddable":true,"href":"https:\/\/covers4car.com\/fi\/wp-json\/wp\/v2\/media\/22705"}],"wp:attachment":[{"href":"https:\/\/covers4car.com\/fi\/wp-json\/wp\/v2\/media?parent=22695"}],"wp:term":[{"taxonomy":"product_brand","embeddable":true,"href":"https:\/\/covers4car.com\/fi\/wp-json\/wp\/v2\/product_brand?post=22695"},{"taxonomy":"product_cat","embeddable":true,"href":"https:\/\/covers4car.com\/fi\/wp-json\/wp\/v2\/product_cat?post=22695"},{"taxonomy":"product_tag","embeddable":true,"href":"https:\/\/covers4car.com\/fi\/wp-json\/wp\/v2\/product_tag?post=22695"},{"taxonomy":"jet_color","embeddable":true,"href":"https:\/\/covers4car.com\/fi\/wp-json\/wp\/v2\/jet_color?post=22695"},{"taxonomy":"jet_material","embeddable":true,"href":"https:\/\/covers4car.com\/fi\/wp-json\/wp\/v2\/jet_material?post=22695"},{"taxonomy":"jet_coverage","embeddable":true,"href":"https:\/\/covers4car.com\/fi\/wp-json\/wp\/v2\/jet_coverage?post=22695"}],"curies":[{"name":"wp","href":"https:\/\/api.w.org\/{rel}","templated":true}]}}