{"id":26209,"date":"2025-11-03T01:00:47","date_gmt":"2025-11-03T09:00:47","guid":{"rendered":"https:\/\/covers4car.com\/?post_type=product&#038;p=26209"},"modified":"2025-11-19T23:02:42","modified_gmt":"2025-11-20T07:02:42","slug":"custom-fit-premium-leather-car-seat-covers-for-toyota-corolla-front-rear-seat-protector-02-horizontal-stripes","status":"publish","type":"product","link":"https:\/\/covers4car.com\/fi\/tuote\/custom-fit-premium-leather-car-seat-covers-for-toyota-corolla-front-rear-seat-protector-02-horizontal-stripes\/","title":{"rendered":"Mittatilausty\u00f6n\u00e4 tehdyt premium-nahkaiset auton istuinsuojat Toyota Corollalle - etu- ja takaistuinten suojat 02 vaakaraidat"},"content":{"rendered":"<p>P\u00e4ivit\u00e4 Toyota Corollasi Covers4Car Custom Fit -nahkap\u00e4\u00e4llisill\u00e4, jotka on suunniteltu kuljettajille, jotka haluavat tehdastyylisen istuvuuden, pitk\u00e4ik\u00e4isyyden ja t\u00e4ydellisen istuinsuojan. N\u00e4m\u00e4 mittatilausty\u00f6n\u00e4 tehdyt nahkap\u00e4\u00e4lliset eiv\u00e4t ainoastaan suojaa autosi sis\u00e4tiloja lialta, roiskeilta ja naarmuilta, vaan my\u00f6s parantavat mukavuutta jokaisella matkalla. Turvatyynyjen kanssa yhteensopiva muotoilu, helposti puhdistettavat pinnat ja erinomainen ammattitaito varmistavat, ett\u00e4 Toyota Corollasi pysyy tyylikk\u00e4\u00e4n\u00e4, mukavana ja arvokkaana tulevina vuosina.<\/p>\n<ul>\n<li><strong><strong>Sovitus:<\/strong><\/strong>\n<div>\n<div data-zone-id=\"0\" data-line-index=\"0\" data-line=\"true\">\n<p><strong>2020-2024 LE\/XLE\/L (EI vuodelle 2023 LE)<\/strong><\/p>\n<div>\n<div data-zone-id=\"0\" data-line-index=\"0\" data-line=\"true\">\n<p><strong>2020\u20132024 SE\/XSE<\/strong><\/p>\n<div>\n<div data-zone-id=\"0\" data-line-index=\"0\" data-line=\"true\">\n<p><strong>2014\u20132019 LE\/L<\/strong><\/p>\n<div>\n<div data-zone-id=\"0\" data-line-index=\"0\" data-line=\"true\"><strong>2014\u20132019 XLE<\/strong><\/div>\n<\/div>\n<\/div>\n<\/div>\n<\/div>\n<\/div>\n<\/div>\n<\/div>\n<\/li>\n<li>Tehdastyylinen t\u00e4ydellinen istuvuus: Suunniteltu vastaamaan Toyota Corollan tehdasistuinten ylellist\u00e4 ulkon\u00e4k\u00f6\u00e4 ja tuntumaa varmistaen saumattoman istuvuuden ja esteettisen vetovoiman.<\/li>\n<li>Parannettu kest\u00e4vyys: Valmistettu kest\u00e4vist\u00e4 materiaaleista sile\u00e4ll\u00e4, hengitt\u00e4v\u00e4ll\u00e4 pinnalla, joka on helppo puhdistaa ja s\u00e4ilytt\u00e4\u00e4 mukavuuden kaikkina vuodenaikoina.<\/li>\n<li>Ajoturvallisuus: Varatyynyjen aukot lis\u00e4\u00e4v\u00e4t turvallisuutta ja mielenrauhaa.<\/li>\n<li>Kattava suoja: Tarjoaa 360\u00b0 suojan Toyota Corolla -istuimillesi lialta, tahroilta, hankaumilta ja lemmikkien tai lasten aiheuttamalta kulumiselta pit\u00e4en ne siistein\u00e4. Lemmikkien mutaiset tassunj\u00e4ljet ja lasten siemailemat juomat voidaan pyyhki\u00e4 nopeasti pyyhkeell\u00e4, mik\u00e4 tekee istuimistasi kuin uudet.<\/li>\n<li>Pitk\u00e4ik\u00e4isyys ja j\u00e4lleenmyyntiarvo: Pident\u00e4\u00e4 Toyota Corollasi k\u00e4ytt\u00f6ik\u00e4\u00e4 5\u20136 vuodella, suojaa sit\u00e4 vaurioilta ja s\u00e4ilytt\u00e4\u00e4 ajoneuvon j\u00e4lleenmyyntipotentiaalin.<\/li>\n<li>Mukava pitkill\u00e4 matkoilla: Koe vertaansa vailla oleva mukavuus pitkill\u00e4 matkoilla r\u00e4\u00e4t\u00e4l\u00f6idyill\u00e4, all-inclusive-istuinp\u00e4\u00e4llisill\u00e4mme, jotka on suunniteltu tarjoamaan erinomaisen iskunvaimennuksen ja tuen varmistaen, ett\u00e4 pysyt rentoutuneena ja mukavana riippumatta siit\u00e4, kuinka pitk\u00e4lle matkustat.<\/li>\n<\/ul>\n<p><strong>T\u00e4ysi sarja (etu- ja takaistuimet):<\/strong><\/p>\n<ul>\n<li>2x etuistuimen p\u00e4\u00e4lliset<\/li>\n<li>1 x koko takaistuinten suojukset<\/li>\n<\/ul>\n<p><strong>Vain etuistuimet<\/strong><\/p>\n<ul>\n<li>1 x koko etuistuinten suojukset<\/li>\n<\/ul>","protected":false},"excerpt":{"rendered":"<p>Upgrade your Toyota Corolla with Covers4Car Custom Fit Leather Seat Covers, designed for drivers who want factory-style fit, long-lasting durability,<\/p>","protected":false},"featured_media":26236,"comment_status":"open","ping_status":"closed","template":"","meta":{"_acf_changed":false,"_monsterinsights_skip_tracking":false,"_monsterinsights_sitenote_active":false,"_monsterinsights_sitenote_note":"","_monsterinsights_sitenote_category":0},"product_brand":[],"product_cat":[77684,124,11560],"product_tag":[55033],"jet_color":[],"jet_material":[],"jet_coverage":[],"class_list":{"0":"post-26209","1":"product","2":"type-product","3":"status-publish","4":"has-post-thumbnail","6":"product_cat-seat-cover-for-toyota-corolla","7":"product_cat-seat-cover","8":"product_cat-seat-cover-for-toyota","9":"product_tag-fit-corolla","11":"first","12":"instock","13":"shipping-taxable","14":"purchasable","15":"product-type-variable","16":"has-default-attributes","17":"wvs-archive-product-wrapper"},"acf":[],"yoast_head":"<!-- This site is optimized with the Yoast SEO Premium plugin v26.4 (Yoast SEO v26.4) - https:\/\/yoast.com\/wordpress\/plugins\/seo\/ -->\n<title>Custom Fit Leather Seat Covers for Toyota Corolla<\/title>\n<meta name=\"description\" content=\"Custom Fit Premium Leather Car Seat Covers for Toyota Corolla-Front &amp; Rear Seat Protector 02 Horizontal Stripes Upgrade your Toyota Corolla with Covers4Car Custom Fit Leather Seat Covers, designed for drivers who want factory-style fit, long-lasting durability, and\" \/>\n<meta name=\"robots\" content=\"index, follow, max-snippet:-1, max-image-preview:large, max-video-preview:-1\" \/>\n<link rel=\"canonical\" href=\"https:\/\/covers4car.com\/fi\/tuote\/custom-fit-premium-leather-car-seat-covers-for-toyota-corolla-front-rear-seat-protector-02-horizontal-stripes\/\" \/>\n<meta property=\"og:locale\" content=\"fi_FI\" \/>\n<meta property=\"og:type\" content=\"article\" \/>\n<meta property=\"og:title\" content=\"Custom Fit Premium Leather Car Seat Covers for Toyota Corolla-Front &amp; Rear Seat Protector 02 Horizontal Stripes\" \/>\n<meta property=\"og:description\" content=\"Custom Fit Premium Leather Car Seat Covers for Toyota Corolla-Front &amp; Rear Seat Protector 02 Horizontal Stripes Upgrade your Toyota Corolla with Covers4Car Custom Fit Leather Seat Covers, designed for drivers who want factory-style fit, long-lasting durability, and\" \/>\n<meta property=\"og:url\" content=\"https:\/\/covers4car.com\/fi\/tuote\/custom-fit-premium-leather-car-seat-covers-for-toyota-corolla-front-rear-seat-protector-02-horizontal-stripes\/\" \/>\n<meta property=\"og:site_name\" content=\"Covers4Car\" \/>\n<meta property=\"article:publisher\" content=\"https:\/\/www.facebook.com\/profile.php?id=61564533557142\" \/>\n<meta property=\"article:modified_time\" content=\"2025-11-20T07:02:42+00:00\" \/>\n<meta property=\"og:image\" content=\"https:\/\/covers4car.com\/wp-content\/uploads\/2025\/11\/new_B-1.webp\" \/>\n\t<meta property=\"og:image:width\" content=\"1000\" \/>\n\t<meta property=\"og:image:height\" content=\"1000\" \/>\n\t<meta property=\"og:image:type\" content=\"image\/webp\" \/>\n<meta name=\"twitter:card\" content=\"summary_large_image\" \/>\n<meta name=\"twitter:site\" content=\"@covers4carstore\" \/>\n<meta name=\"twitter:label1\" content=\"Arvioitu lukuaika\" \/>\n\t<meta name=\"twitter:data1\" content=\"2 minuuttia\" \/>\n<script type=\"application\/ld+json\" class=\"yoast-schema-graph\">{\"@context\":\"https:\/\/schema.org\",\"@graph\":[{\"@type\":\"WebPage\",\"@id\":\"https:\/\/covers4car.com\/product\/custom-fit-premium-leather-car-seat-covers-for-toyota-corolla-front-rear-seat-protector-02-horizontal-stripes\/\",\"url\":\"https:\/\/covers4car.com\/product\/custom-fit-premium-leather-car-seat-covers-for-toyota-corolla-front-rear-seat-protector-02-horizontal-stripes\/\",\"name\":\"Custom Fit Leather Seat Covers for Toyota Corolla\",\"isPartOf\":{\"@id\":\"https:\/\/covers4car.com\/#website\"},\"primaryImageOfPage\":{\"@id\":\"https:\/\/covers4car.com\/product\/custom-fit-premium-leather-car-seat-covers-for-toyota-corolla-front-rear-seat-protector-02-horizontal-stripes\/#primaryimage\"},\"image\":{\"@id\":\"https:\/\/covers4car.com\/product\/custom-fit-premium-leather-car-seat-covers-for-toyota-corolla-front-rear-seat-protector-02-horizontal-stripes\/#primaryimage\"},\"thumbnailUrl\":\"https:\/\/covers4car.com\/wp-content\/uploads\/2025\/11\/new_B-1.webp\",\"datePublished\":\"2025-11-03T09:00:47+00:00\",\"dateModified\":\"2025-11-20T07:02:42+00:00\",\"description\":\"Custom Fit Premium Leather Car Seat Covers for Toyota Corolla-Front & Rear Seat Protector 02 Horizontal Stripes Upgrade your Toyota Corolla with Covers4Car Custom Fit Leather Seat Covers, designed for drivers who want factory-style fit, long-lasting durability, and\",\"breadcrumb\":{\"@id\":\"https:\/\/covers4car.com\/product\/custom-fit-premium-leather-car-seat-covers-for-toyota-corolla-front-rear-seat-protector-02-horizontal-stripes\/#breadcrumb\"},\"inLanguage\":\"fi\",\"potentialAction\":[{\"@type\":\"ReadAction\",\"target\":[\"https:\/\/covers4car.com\/product\/custom-fit-premium-leather-car-seat-covers-for-toyota-corolla-front-rear-seat-protector-02-horizontal-stripes\/\"]}]},{\"@type\":\"ImageObject\",\"inLanguage\":\"fi\",\"@id\":\"https:\/\/covers4car.com\/product\/custom-fit-premium-leather-car-seat-covers-for-toyota-corolla-front-rear-seat-protector-02-horizontal-stripes\/#primaryimage\",\"url\":\"https:\/\/covers4car.com\/wp-content\/uploads\/2025\/11\/new_B-1.webp\",\"contentUrl\":\"https:\/\/covers4car.com\/wp-content\/uploads\/2025\/11\/new_B-1.webp\",\"width\":1000,\"height\":1000},{\"@type\":\"BreadcrumbList\",\"@id\":\"https:\/\/covers4car.com\/product\/custom-fit-premium-leather-car-seat-covers-for-toyota-corolla-front-rear-seat-protector-02-horizontal-stripes\/#breadcrumb\",\"itemListElement\":[{\"@type\":\"ListItem\",\"position\":1,\"name\":\"Home\",\"item\":\"https:\/\/covers4car.com\/\"},{\"@type\":\"ListItem\",\"position\":2,\"name\":\"Shop\",\"item\":\"https:\/\/covers4car.com\/shop\/\"},{\"@type\":\"ListItem\",\"position\":3,\"name\":\"Custom Fit Premium Leather Car Seat Covers for Toyota Corolla-Front &#038; Rear Seat Protector 02 Horizontal Stripes\"}]},{\"@type\":\"WebSite\",\"@id\":\"https:\/\/covers4car.com\/#website\",\"url\":\"https:\/\/covers4car.com\/\",\"name\":\"Covers4Car\",\"description\":\"Professional Seat Covers Tailored for Your Vehicle\",\"publisher\":{\"@id\":\"https:\/\/covers4car.com\/#organization\"},\"potentialAction\":[{\"@type\":\"SearchAction\",\"target\":{\"@type\":\"EntryPoint\",\"urlTemplate\":\"https:\/\/covers4car.com\/?s={search_term_string}\"},\"query-input\":{\"@type\":\"PropertyValueSpecification\",\"valueRequired\":true,\"valueName\":\"search_term_string\"}}],\"inLanguage\":\"fi\"},{\"@type\":\"Organization\",\"@id\":\"https:\/\/covers4car.com\/#organization\",\"name\":\"Covers4Car\",\"url\":\"https:\/\/covers4car.com\/\",\"logo\":{\"@type\":\"ImageObject\",\"inLanguage\":\"fi\",\"@id\":\"https:\/\/covers4car.com\/#\/schema\/logo\/image\/\",\"url\":\"https:\/\/covers4car.com\/wp-content\/uploads\/2024\/11\/Asset-2@5x-copy.jpg\",\"contentUrl\":\"https:\/\/covers4car.com\/wp-content\/uploads\/2024\/11\/Asset-2@5x-copy.jpg\",\"width\":877,\"height\":877,\"caption\":\"Covers4Car\"},\"image\":{\"@id\":\"https:\/\/covers4car.com\/#\/schema\/logo\/image\/\"},\"sameAs\":[\"https:\/\/www.facebook.com\/profile.php?id=61564533557142\",\"https:\/\/x.com\/covers4carstore\"]}]}<\/script>\n<!-- \/ Yoast SEO Premium plugin. -->","yoast_head_json":{"title":"Custom Fit Leather Seat Covers for Toyota Corolla","description":"Custom Fit Premium Leather Car Seat Covers for Toyota Corolla-Front & Rear Seat Protector 02 Horizontal Stripes Upgrade your Toyota Corolla with Covers4Car Custom Fit Leather Seat Covers, designed for drivers who want factory-style fit, long-lasting durability, and","robots":{"index":"index","follow":"follow","max-snippet":"max-snippet:-1","max-image-preview":"max-image-preview:large","max-video-preview":"max-video-preview:-1"},"canonical":"https:\/\/covers4car.com\/fi\/tuote\/custom-fit-premium-leather-car-seat-covers-for-toyota-corolla-front-rear-seat-protector-02-horizontal-stripes\/","og_locale":"fi_FI","og_type":"article","og_title":"Custom Fit Premium Leather Car Seat Covers for Toyota Corolla-Front & Rear Seat Protector 02 Horizontal Stripes","og_description":"Custom Fit Premium Leather Car Seat Covers for Toyota Corolla-Front & Rear Seat Protector 02 Horizontal Stripes Upgrade your Toyota Corolla with Covers4Car Custom Fit Leather Seat Covers, designed for drivers who want factory-style fit, long-lasting durability, and","og_url":"https:\/\/covers4car.com\/fi\/tuote\/custom-fit-premium-leather-car-seat-covers-for-toyota-corolla-front-rear-seat-protector-02-horizontal-stripes\/","og_site_name":"Covers4Car","article_publisher":"https:\/\/www.facebook.com\/profile.php?id=61564533557142","article_modified_time":"2025-11-20T07:02:42+00:00","og_image":[{"width":1000,"height":1000,"url":"https:\/\/covers4car.com\/wp-content\/uploads\/2025\/11\/new_B-1.webp","type":"image\/webp"}],"twitter_card":"summary_large_image","twitter_site":"@covers4carstore","twitter_misc":{"Arvioitu lukuaika":"2 minuuttia"},"schema":{"@context":"https:\/\/schema.org","@graph":[{"@type":"WebPage","@id":"https:\/\/covers4car.com\/product\/custom-fit-premium-leather-car-seat-covers-for-toyota-corolla-front-rear-seat-protector-02-horizontal-stripes\/","url":"https:\/\/covers4car.com\/product\/custom-fit-premium-leather-car-seat-covers-for-toyota-corolla-front-rear-seat-protector-02-horizontal-stripes\/","name":"Custom Fit Leather Seat Covers for Toyota Corolla","isPartOf":{"@id":"https:\/\/covers4car.com\/#website"},"primaryImageOfPage":{"@id":"https:\/\/covers4car.com\/product\/custom-fit-premium-leather-car-seat-covers-for-toyota-corolla-front-rear-seat-protector-02-horizontal-stripes\/#primaryimage"},"image":{"@id":"https:\/\/covers4car.com\/product\/custom-fit-premium-leather-car-seat-covers-for-toyota-corolla-front-rear-seat-protector-02-horizontal-stripes\/#primaryimage"},"thumbnailUrl":"https:\/\/covers4car.com\/wp-content\/uploads\/2025\/11\/new_B-1.webp","datePublished":"2025-11-03T09:00:47+00:00","dateModified":"2025-11-20T07:02:42+00:00","description":"Custom Fit Premium Leather Car Seat Covers for Toyota Corolla-Front & Rear Seat Protector 02 Horizontal Stripes Upgrade your Toyota Corolla with Covers4Car Custom Fit Leather Seat Covers, designed for drivers who want factory-style fit, long-lasting durability, and","breadcrumb":{"@id":"https:\/\/covers4car.com\/product\/custom-fit-premium-leather-car-seat-covers-for-toyota-corolla-front-rear-seat-protector-02-horizontal-stripes\/#breadcrumb"},"inLanguage":"fi","potentialAction":[{"@type":"ReadAction","target":["https:\/\/covers4car.com\/product\/custom-fit-premium-leather-car-seat-covers-for-toyota-corolla-front-rear-seat-protector-02-horizontal-stripes\/"]}]},{"@type":"ImageObject","inLanguage":"fi","@id":"https:\/\/covers4car.com\/product\/custom-fit-premium-leather-car-seat-covers-for-toyota-corolla-front-rear-seat-protector-02-horizontal-stripes\/#primaryimage","url":"https:\/\/covers4car.com\/wp-content\/uploads\/2025\/11\/new_B-1.webp","contentUrl":"https:\/\/covers4car.com\/wp-content\/uploads\/2025\/11\/new_B-1.webp","width":1000,"height":1000},{"@type":"BreadcrumbList","@id":"https:\/\/covers4car.com\/product\/custom-fit-premium-leather-car-seat-covers-for-toyota-corolla-front-rear-seat-protector-02-horizontal-stripes\/#breadcrumb","itemListElement":[{"@type":"ListItem","position":1,"name":"Home","item":"https:\/\/covers4car.com\/"},{"@type":"ListItem","position":2,"name":"Shop","item":"https:\/\/covers4car.com\/shop\/"},{"@type":"ListItem","position":3,"name":"Custom Fit Premium Leather Car Seat Covers for Toyota Corolla-Front &#038; Rear Seat Protector 02 Horizontal Stripes"}]},{"@type":"WebSite","@id":"https:\/\/covers4car.com\/#website","url":"https:\/\/covers4car.com\/","name":"Covers4Car","description":"Ammattimaiset istuinsuojat r\u00e4\u00e4t\u00e4l\u00f6ityn\u00e4 ajoneuvoosi","publisher":{"@id":"https:\/\/covers4car.com\/#organization"},"potentialAction":[{"@type":"SearchAction","target":{"@type":"EntryPoint","urlTemplate":"https:\/\/covers4car.com\/?s={search_term_string}"},"query-input":{"@type":"PropertyValueSpecification","valueRequired":true,"valueName":"search_term_string"}}],"inLanguage":"fi"},{"@type":"Organization","@id":"https:\/\/covers4car.com\/#organization","name":"Covers4Car","url":"https:\/\/covers4car.com\/","logo":{"@type":"ImageObject","inLanguage":"fi","@id":"https:\/\/covers4car.com\/#\/schema\/logo\/image\/","url":"https:\/\/covers4car.com\/wp-content\/uploads\/2024\/11\/Asset-2@5x-copy.jpg","contentUrl":"https:\/\/covers4car.com\/wp-content\/uploads\/2024\/11\/Asset-2@5x-copy.jpg","width":877,"height":877,"caption":"Covers4Car"},"image":{"@id":"https:\/\/covers4car.com\/#\/schema\/logo\/image\/"},"sameAs":["https:\/\/www.facebook.com\/profile.php?id=61564533557142","https:\/\/x.com\/covers4carstore"]}]}},"_links":{"self":[{"href":"https:\/\/covers4car.com\/fi\/wp-json\/wp\/v2\/product\/26209","targetHints":{"allow":["GET"]}}],"collection":[{"href":"https:\/\/covers4car.com\/fi\/wp-json\/wp\/v2\/product"}],"about":[{"href":"https:\/\/covers4car.com\/fi\/wp-json\/wp\/v2\/types\/product"}],"replies":[{"embeddable":true,"href":"https:\/\/covers4car.com\/fi\/wp-json\/wp\/v2\/comments?post=26209"}],"version-history":[{"count":0,"href":"https:\/\/covers4car.com\/fi\/wp-json\/wp\/v2\/product\/26209\/revisions"}],"wp:featuredmedia":[{"embeddable":true,"href":"https:\/\/covers4car.com\/fi\/wp-json\/wp\/v2\/media\/26236"}],"wp:attachment":[{"href":"https:\/\/covers4car.com\/fi\/wp-json\/wp\/v2\/media?parent=26209"}],"wp:term":[{"taxonomy":"product_brand","embeddable":true,"href":"https:\/\/covers4car.com\/fi\/wp-json\/wp\/v2\/product_brand?post=26209"},{"taxonomy":"product_cat","embeddable":true,"href":"https:\/\/covers4car.com\/fi\/wp-json\/wp\/v2\/product_cat?post=26209"},{"taxonomy":"product_tag","embeddable":true,"href":"https:\/\/covers4car.com\/fi\/wp-json\/wp\/v2\/product_tag?post=26209"},{"taxonomy":"jet_color","embeddable":true,"href":"https:\/\/covers4car.com\/fi\/wp-json\/wp\/v2\/jet_color?post=26209"},{"taxonomy":"jet_material","embeddable":true,"href":"https:\/\/covers4car.com\/fi\/wp-json\/wp\/v2\/jet_material?post=26209"},{"taxonomy":"jet_coverage","embeddable":true,"href":"https:\/\/covers4car.com\/fi\/wp-json\/wp\/v2\/jet_coverage?post=26209"}],"curies":[{"name":"wp","href":"https:\/\/api.w.org\/{rel}","templated":true}]}}