{"id":28392,"date":"2025-11-16T21:56:58","date_gmt":"2025-11-17T05:56:58","guid":{"rendered":"https:\/\/covers4car.com\/?post_type=product&#038;p=28392"},"modified":"2025-12-19T22:37:17","modified_gmt":"2025-12-20T06:37:17","slug":"custom-fit-seat-covers-for-ford-ranger-pick-up-truck-front-rear-seat-protector-sporty-style-04","status":"publish","type":"product","link":"https:\/\/covers4car.com\/fi\/tuote\/custom-fit-seat-covers-for-ford-ranger-pick-up-truck-front-rear-seat-protector-sporty-style-04\/","title":{"rendered":"Ford Ranger -pakettiauton istuinsuojat mittatilausty\u00f6n\u00e4 - etu- ja takapenkkien suojat, urheilullinen tyyli 04"},"content":{"rendered":"<p>P\u00e4ivit\u00e4 Ford Rangerisi Covers4Car Ford Rangerin urheilullisilla istuinsuojilla, jotka sopivat mittatilausty\u00f6n\u00e4 vuosien 2019\u20132025 lava-automalleihin. N\u00e4m\u00e4 nahkaiset istuinsuojukset antavat kuorma-autollesi urheilullisemman tehdastyylisen ilmeen ja suojaavat samalla alkuper\u00e4isi\u00e4 istuimia lialta, roiskeilta ja naarmuilta. Turvatyynyjen kanssa yhteensopivien paneelien, helposti puhdistettavien pintojen ja etu- ja takaistuinten t\u00e4ydellisen peitt\u00e4vyyden ansiosta ne pit\u00e4v\u00e4t Ford Rangerisi tyylikk\u00e4\u00e4n\u00e4, mukavana ja hyvin suojattuna jokaisella ajomatkalla.<\/p>\n<ul>\n<li><strong>Sopii: 2019-2025 Ford Ranger<\/strong><\/li>\n<li>Tehdastyylinen t\u00e4ydellinen istuvuus: Suunniteltu vastaamaan Ford Rangerin tehdasistuinten ylellist\u00e4 ulkon\u00e4k\u00f6\u00e4 ja tuntumaa varmistaen saumattoman istuvuuden ja esteettisen vetovoiman.<\/li>\n<li>Parannettu kest\u00e4vyys: Valmistettu kest\u00e4vist\u00e4 materiaaleista sile\u00e4ll\u00e4, hengitt\u00e4v\u00e4ll\u00e4 pinnalla, joka on helppo puhdistaa ja s\u00e4ilytt\u00e4\u00e4 mukavuuden kaikkina vuodenaikoina.<\/li>\n<li>Ajoturvallisuus: Varatyynyjen aukot lis\u00e4\u00e4v\u00e4t turvallisuutta ja mielenrauhaa.<\/li>\n<li>Kattava suoja: Tarjoaa 360 asteen suojan Ford Rangerin istuimille lialta, tahroilta, hankaumilta ja lemmikkien tai lasten aiheuttamalta kulumiselta pit\u00e4en ne siistein\u00e4. Lemmikkien mutaiset tassunj\u00e4ljet ja lasten siemailemat juomat voidaan pyyhki\u00e4 nopeasti pyyhkeell\u00e4, mik\u00e4 tekee istuimistasi kuin uudet.<\/li>\n<li>Pitk\u00e4ik\u00e4isyys ja j\u00e4lleenmyyntiarvo: Pident\u00e4\u00e4 Ford Rangerisi k\u00e4ytt\u00f6ik\u00e4\u00e4 5\u20136 vuodella, suojaa sit\u00e4 vaurioilta ja s\u00e4ilytt\u00e4\u00e4 ajoneuvon j\u00e4lleenmyyntipotentiaalin.<\/li>\n<li>Mukava pitkill\u00e4 matkoilla: Koe vertaansa vailla oleva mukavuus pitkill\u00e4 matkoilla r\u00e4\u00e4t\u00e4l\u00f6idyill\u00e4, all-inclusive-istuinp\u00e4\u00e4llisill\u00e4mme, jotka on suunniteltu tarjoamaan erinomaisen iskunvaimennuksen ja tuen varmistaen, ett\u00e4 pysyt rentoutuneena ja mukavana riippumatta siit\u00e4, kuinka pitk\u00e4lle matkustat.<\/li>\n<\/ul>\n<p><strong>T\u00e4ysi setti:<\/strong><\/p>\n<ul>\n<li>2x etuistuimen p\u00e4\u00e4lliset<\/li>\n<li>1 x koko takaistuinten suojukset<\/li>\n<\/ul>\n<p><strong>Vain etuistuimet<\/strong><\/p>\n<ul>\n<li>1 x koko etuistuinten suojukset<\/li>\n<\/ul>","protected":false},"excerpt":{"rendered":"<p>P\u00e4ivit\u00e4 Ford Rangerisi Covers4Car Ford Rangerin urheilullisilla istuinsuojilla, jotka sopivat mittatilausty\u00f6n\u00e4 vuosien 2019\u20132025 lava-autoihin. N\u00e4m\u00e4 nahkaistuimet...<\/p>","protected":false},"featured_media":32761,"comment_status":"open","ping_status":"closed","template":"","meta":{"_acf_changed":false,"_monsterinsights_skip_tracking":false,"_monsterinsights_sitenote_active":false,"_monsterinsights_sitenote_note":"","_monsterinsights_sitenote_category":0},"product_brand":[],"product_cat":[77688,124,118],"product_tag":[66341],"jet_color":[],"jet_material":[],"jet_coverage":[],"class_list":{"0":"post-28392","1":"product","2":"type-product","3":"status-publish","4":"has-post-thumbnail","6":"product_cat-seat-cover-for-ford-ranger","7":"product_cat-seat-cover","8":"product_cat-seat-cover-for-ford","9":"product_tag-fit-ranger","11":"first","12":"instock","13":"shipping-taxable","14":"purchasable","15":"product-type-variable","16":"has-default-attributes","17":"wvs-archive-product-wrapper"},"acf":[],"yoast_head":"<!-- This site is optimized with the Yoast SEO Premium plugin v26.4 (Yoast SEO v26.4) - https:\/\/yoast.com\/wordpress\/plugins\/seo\/ -->\n<title>Custom Fit Ford Ranger Seat Covers<\/title>\n<meta name=\"description\" content=\"Ford Ranger sporty seat covers for 2019\u20132025 models with custom fit leather design, airbag-safe panels and full front &amp; rear seat protection.\" \/>\n<meta name=\"robots\" content=\"index, follow, max-snippet:-1, max-image-preview:large, max-video-preview:-1\" \/>\n<link rel=\"canonical\" href=\"https:\/\/covers4car.com\/fi\/tuote\/custom-fit-seat-covers-for-ford-ranger-pick-up-truck-front-rear-seat-protector-sporty-style-04\/\" \/>\n<meta property=\"og:locale\" content=\"fi_FI\" \/>\n<meta property=\"og:type\" content=\"article\" \/>\n<meta property=\"og:title\" content=\"Custom Fit Seat Covers for Ford Ranger Pick-up Truck-Front &amp; Rear Seat Protector Sporty Style 04\" \/>\n<meta property=\"og:description\" content=\"Ford Ranger sporty seat covers for 2019\u20132025 models with custom fit leather design, airbag-safe panels and full front &amp; rear seat protection.\" \/>\n<meta property=\"og:url\" content=\"https:\/\/covers4car.com\/fi\/tuote\/custom-fit-seat-covers-for-ford-ranger-pick-up-truck-front-rear-seat-protector-sporty-style-04\/\" \/>\n<meta property=\"og:site_name\" content=\"Covers4Car\" \/>\n<meta property=\"article:publisher\" content=\"https:\/\/www.facebook.com\/profile.php?id=61564533557142\" \/>\n<meta property=\"article:modified_time\" content=\"2025-12-20T06:37:17+00:00\" \/>\n<meta property=\"og:image\" content=\"https:\/\/covers4car.com\/wp-content\/uploads\/2025\/11\/2-16.webp\" \/>\n\t<meta property=\"og:image:width\" content=\"1000\" \/>\n\t<meta property=\"og:image:height\" content=\"1000\" \/>\n\t<meta property=\"og:image:type\" content=\"image\/webp\" \/>\n<meta name=\"twitter:card\" content=\"summary_large_image\" \/>\n<meta name=\"twitter:site\" content=\"@covers4carstore\" \/>\n<meta name=\"twitter:label1\" content=\"Arvioitu lukuaika\" \/>\n\t<meta name=\"twitter:data1\" content=\"2 minuuttia\" \/>\n<script type=\"application\/ld+json\" class=\"yoast-schema-graph\">{\"@context\":\"https:\/\/schema.org\",\"@graph\":[{\"@type\":\"WebPage\",\"@id\":\"https:\/\/covers4car.com\/product\/custom-fit-seat-covers-for-ford-ranger-pick-up-truck-front-rear-seat-protector-sporty-style-04\/\",\"url\":\"https:\/\/covers4car.com\/product\/custom-fit-seat-covers-for-ford-ranger-pick-up-truck-front-rear-seat-protector-sporty-style-04\/\",\"name\":\"Custom Fit Ford Ranger Seat Covers\",\"isPartOf\":{\"@id\":\"https:\/\/covers4car.com\/#website\"},\"primaryImageOfPage\":{\"@id\":\"https:\/\/covers4car.com\/product\/custom-fit-seat-covers-for-ford-ranger-pick-up-truck-front-rear-seat-protector-sporty-style-04\/#primaryimage\"},\"image\":{\"@id\":\"https:\/\/covers4car.com\/product\/custom-fit-seat-covers-for-ford-ranger-pick-up-truck-front-rear-seat-protector-sporty-style-04\/#primaryimage\"},\"thumbnailUrl\":\"https:\/\/covers4car.com\/wp-content\/uploads\/2025\/11\/2-16.webp\",\"datePublished\":\"2025-11-17T05:56:58+00:00\",\"dateModified\":\"2025-12-20T06:37:17+00:00\",\"description\":\"Ford Ranger sporty seat covers for 2019\u20132025 models with custom fit leather design, airbag-safe panels and full front & rear seat protection.\",\"breadcrumb\":{\"@id\":\"https:\/\/covers4car.com\/product\/custom-fit-seat-covers-for-ford-ranger-pick-up-truck-front-rear-seat-protector-sporty-style-04\/#breadcrumb\"},\"inLanguage\":\"fi\",\"potentialAction\":[{\"@type\":\"ReadAction\",\"target\":[\"https:\/\/covers4car.com\/product\/custom-fit-seat-covers-for-ford-ranger-pick-up-truck-front-rear-seat-protector-sporty-style-04\/\"]}]},{\"@type\":\"ImageObject\",\"inLanguage\":\"fi\",\"@id\":\"https:\/\/covers4car.com\/product\/custom-fit-seat-covers-for-ford-ranger-pick-up-truck-front-rear-seat-protector-sporty-style-04\/#primaryimage\",\"url\":\"https:\/\/covers4car.com\/wp-content\/uploads\/2025\/11\/2-16.webp\",\"contentUrl\":\"https:\/\/covers4car.com\/wp-content\/uploads\/2025\/11\/2-16.webp\",\"width\":1000,\"height\":1000},{\"@type\":\"BreadcrumbList\",\"@id\":\"https:\/\/covers4car.com\/product\/custom-fit-seat-covers-for-ford-ranger-pick-up-truck-front-rear-seat-protector-sporty-style-04\/#breadcrumb\",\"itemListElement\":[{\"@type\":\"ListItem\",\"position\":1,\"name\":\"Home\",\"item\":\"https:\/\/covers4car.com\/\"},{\"@type\":\"ListItem\",\"position\":2,\"name\":\"Shop\",\"item\":\"https:\/\/covers4car.com\/shop\/\"},{\"@type\":\"ListItem\",\"position\":3,\"name\":\"Custom Fit Seat Covers for Ford Ranger Pick-up Truck-Front &#038; Rear Seat Protector Sporty Style 04\"}]},{\"@type\":\"WebSite\",\"@id\":\"https:\/\/covers4car.com\/#website\",\"url\":\"https:\/\/covers4car.com\/\",\"name\":\"Covers4Car\",\"description\":\"Professional Seat Covers Tailored for Your Vehicle\",\"publisher\":{\"@id\":\"https:\/\/covers4car.com\/#organization\"},\"potentialAction\":[{\"@type\":\"SearchAction\",\"target\":{\"@type\":\"EntryPoint\",\"urlTemplate\":\"https:\/\/covers4car.com\/?s={search_term_string}\"},\"query-input\":{\"@type\":\"PropertyValueSpecification\",\"valueRequired\":true,\"valueName\":\"search_term_string\"}}],\"inLanguage\":\"fi\"},{\"@type\":\"Organization\",\"@id\":\"https:\/\/covers4car.com\/#organization\",\"name\":\"Covers4Car\",\"url\":\"https:\/\/covers4car.com\/\",\"logo\":{\"@type\":\"ImageObject\",\"inLanguage\":\"fi\",\"@id\":\"https:\/\/covers4car.com\/#\/schema\/logo\/image\/\",\"url\":\"https:\/\/covers4car.com\/wp-content\/uploads\/2024\/11\/Asset-2@5x-copy.jpg\",\"contentUrl\":\"https:\/\/covers4car.com\/wp-content\/uploads\/2024\/11\/Asset-2@5x-copy.jpg\",\"width\":877,\"height\":877,\"caption\":\"Covers4Car\"},\"image\":{\"@id\":\"https:\/\/covers4car.com\/#\/schema\/logo\/image\/\"},\"sameAs\":[\"https:\/\/www.facebook.com\/profile.php?id=61564533557142\",\"https:\/\/x.com\/covers4carstore\"]}]}<\/script>\n<!-- \/ Yoast SEO Premium plugin. -->","yoast_head_json":{"title":"Custom Fit Ford Ranger Seat Covers","description":"Ford Ranger sporty seat covers for 2019\u20132025 models with custom fit leather design, airbag-safe panels and full front & rear seat protection.","robots":{"index":"index","follow":"follow","max-snippet":"max-snippet:-1","max-image-preview":"max-image-preview:large","max-video-preview":"max-video-preview:-1"},"canonical":"https:\/\/covers4car.com\/fi\/tuote\/custom-fit-seat-covers-for-ford-ranger-pick-up-truck-front-rear-seat-protector-sporty-style-04\/","og_locale":"fi_FI","og_type":"article","og_title":"Custom Fit Seat Covers for Ford Ranger Pick-up Truck-Front & Rear Seat Protector Sporty Style 04","og_description":"Ford Ranger sporty seat covers for 2019\u20132025 models with custom fit leather design, airbag-safe panels and full front & rear seat protection.","og_url":"https:\/\/covers4car.com\/fi\/tuote\/custom-fit-seat-covers-for-ford-ranger-pick-up-truck-front-rear-seat-protector-sporty-style-04\/","og_site_name":"Covers4Car","article_publisher":"https:\/\/www.facebook.com\/profile.php?id=61564533557142","article_modified_time":"2025-12-20T06:37:17+00:00","og_image":[{"width":1000,"height":1000,"url":"https:\/\/covers4car.com\/wp-content\/uploads\/2025\/11\/2-16.webp","type":"image\/webp"}],"twitter_card":"summary_large_image","twitter_site":"@covers4carstore","twitter_misc":{"Arvioitu lukuaika":"2 minuuttia"},"schema":{"@context":"https:\/\/schema.org","@graph":[{"@type":"WebPage","@id":"https:\/\/covers4car.com\/product\/custom-fit-seat-covers-for-ford-ranger-pick-up-truck-front-rear-seat-protector-sporty-style-04\/","url":"https:\/\/covers4car.com\/product\/custom-fit-seat-covers-for-ford-ranger-pick-up-truck-front-rear-seat-protector-sporty-style-04\/","name":"Custom Fit Ford Ranger Seat Covers","isPartOf":{"@id":"https:\/\/covers4car.com\/#website"},"primaryImageOfPage":{"@id":"https:\/\/covers4car.com\/product\/custom-fit-seat-covers-for-ford-ranger-pick-up-truck-front-rear-seat-protector-sporty-style-04\/#primaryimage"},"image":{"@id":"https:\/\/covers4car.com\/product\/custom-fit-seat-covers-for-ford-ranger-pick-up-truck-front-rear-seat-protector-sporty-style-04\/#primaryimage"},"thumbnailUrl":"https:\/\/covers4car.com\/wp-content\/uploads\/2025\/11\/2-16.webp","datePublished":"2025-11-17T05:56:58+00:00","dateModified":"2025-12-20T06:37:17+00:00","description":"Ford Ranger sporty seat covers for 2019\u20132025 models with custom fit leather design, airbag-safe panels and full front & rear seat protection.","breadcrumb":{"@id":"https:\/\/covers4car.com\/product\/custom-fit-seat-covers-for-ford-ranger-pick-up-truck-front-rear-seat-protector-sporty-style-04\/#breadcrumb"},"inLanguage":"fi","potentialAction":[{"@type":"ReadAction","target":["https:\/\/covers4car.com\/product\/custom-fit-seat-covers-for-ford-ranger-pick-up-truck-front-rear-seat-protector-sporty-style-04\/"]}]},{"@type":"ImageObject","inLanguage":"fi","@id":"https:\/\/covers4car.com\/product\/custom-fit-seat-covers-for-ford-ranger-pick-up-truck-front-rear-seat-protector-sporty-style-04\/#primaryimage","url":"https:\/\/covers4car.com\/wp-content\/uploads\/2025\/11\/2-16.webp","contentUrl":"https:\/\/covers4car.com\/wp-content\/uploads\/2025\/11\/2-16.webp","width":1000,"height":1000},{"@type":"BreadcrumbList","@id":"https:\/\/covers4car.com\/product\/custom-fit-seat-covers-for-ford-ranger-pick-up-truck-front-rear-seat-protector-sporty-style-04\/#breadcrumb","itemListElement":[{"@type":"ListItem","position":1,"name":"Home","item":"https:\/\/covers4car.com\/"},{"@type":"ListItem","position":2,"name":"Shop","item":"https:\/\/covers4car.com\/shop\/"},{"@type":"ListItem","position":3,"name":"Custom Fit Seat Covers for Ford Ranger Pick-up Truck-Front &#038; Rear Seat Protector Sporty Style 04"}]},{"@type":"WebSite","@id":"https:\/\/covers4car.com\/#website","url":"https:\/\/covers4car.com\/","name":"Covers4Car","description":"Ammattimaiset istuinsuojat r\u00e4\u00e4t\u00e4l\u00f6ityn\u00e4 ajoneuvoosi","publisher":{"@id":"https:\/\/covers4car.com\/#organization"},"potentialAction":[{"@type":"SearchAction","target":{"@type":"EntryPoint","urlTemplate":"https:\/\/covers4car.com\/?s={search_term_string}"},"query-input":{"@type":"PropertyValueSpecification","valueRequired":true,"valueName":"search_term_string"}}],"inLanguage":"fi"},{"@type":"Organization","@id":"https:\/\/covers4car.com\/#organization","name":"Covers4Car","url":"https:\/\/covers4car.com\/","logo":{"@type":"ImageObject","inLanguage":"fi","@id":"https:\/\/covers4car.com\/#\/schema\/logo\/image\/","url":"https:\/\/covers4car.com\/wp-content\/uploads\/2024\/11\/Asset-2@5x-copy.jpg","contentUrl":"https:\/\/covers4car.com\/wp-content\/uploads\/2024\/11\/Asset-2@5x-copy.jpg","width":877,"height":877,"caption":"Covers4Car"},"image":{"@id":"https:\/\/covers4car.com\/#\/schema\/logo\/image\/"},"sameAs":["https:\/\/www.facebook.com\/profile.php?id=61564533557142","https:\/\/x.com\/covers4carstore"]}]}},"_links":{"self":[{"href":"https:\/\/covers4car.com\/fi\/wp-json\/wp\/v2\/product\/28392","targetHints":{"allow":["GET"]}}],"collection":[{"href":"https:\/\/covers4car.com\/fi\/wp-json\/wp\/v2\/product"}],"about":[{"href":"https:\/\/covers4car.com\/fi\/wp-json\/wp\/v2\/types\/product"}],"replies":[{"embeddable":true,"href":"https:\/\/covers4car.com\/fi\/wp-json\/wp\/v2\/comments?post=28392"}],"version-history":[{"count":0,"href":"https:\/\/covers4car.com\/fi\/wp-json\/wp\/v2\/product\/28392\/revisions"}],"wp:featuredmedia":[{"embeddable":true,"href":"https:\/\/covers4car.com\/fi\/wp-json\/wp\/v2\/media\/32761"}],"wp:attachment":[{"href":"https:\/\/covers4car.com\/fi\/wp-json\/wp\/v2\/media?parent=28392"}],"wp:term":[{"taxonomy":"product_brand","embeddable":true,"href":"https:\/\/covers4car.com\/fi\/wp-json\/wp\/v2\/product_brand?post=28392"},{"taxonomy":"product_cat","embeddable":true,"href":"https:\/\/covers4car.com\/fi\/wp-json\/wp\/v2\/product_cat?post=28392"},{"taxonomy":"product_tag","embeddable":true,"href":"https:\/\/covers4car.com\/fi\/wp-json\/wp\/v2\/product_tag?post=28392"},{"taxonomy":"jet_color","embeddable":true,"href":"https:\/\/covers4car.com\/fi\/wp-json\/wp\/v2\/jet_color?post=28392"},{"taxonomy":"jet_material","embeddable":true,"href":"https:\/\/covers4car.com\/fi\/wp-json\/wp\/v2\/jet_material?post=28392"},{"taxonomy":"jet_coverage","embeddable":true,"href":"https:\/\/covers4car.com\/fi\/wp-json\/wp\/v2\/jet_coverage?post=28392"}],"curies":[{"name":"wp","href":"https:\/\/api.w.org\/{rel}","templated":true}]}}