{"id":28805,"date":"2025-11-17T04:19:31","date_gmt":"2025-11-17T12:19:31","guid":{"rendered":"https:\/\/covers4car.com\/?post_type=product&#038;p=28805"},"modified":"2025-11-20T01:18:15","modified_gmt":"2025-11-20T09:18:15","slug":"custom-fit-premium-leather-car-seat-covers-for-honda-ridgeline-pick-up-truck-front-rear-seat-protector-01","status":"publish","type":"product","link":"https:\/\/covers4car.com\/fi\/tuote\/custom-fit-premium-leather-car-seat-covers-for-honda-ridgeline-pick-up-truck-front-rear-seat-protector-01\/","title":{"rendered":"Mittatilausty\u00f6n\u00e4 valmistetut ensiluokkaiset nahkaiset auton istuinsuojat Honda Ridgeline -avolava-autoon - etu- ja takaistuinten suojukset ristisel\u00e4n tuella 01"},"content":{"rendered":"<p>P\u00e4ivit\u00e4 Honda Ridgeline -autosi Covers4Car Custom Fit -nahkap\u00e4\u00e4llisill\u00e4, jotka on suunniteltu kuljettajille, jotka haluavat tehdastyylisen istuvuuden, pitk\u00e4ik\u00e4isyyden ja t\u00e4ydellisen istuinsuojan. N\u00e4m\u00e4 mittatilausty\u00f6n\u00e4 tehdyt nahkap\u00e4\u00e4lliset eiv\u00e4t ainoastaan suojaa autosi sis\u00e4tiloja lialta, roiskeilta ja naarmuilta, vaan my\u00f6s parantavat mukavuutta jokaisella matkalla. Turvatyynyjen kanssa yhteensopiva muotoilu, helposti puhdistettavat pinnat ja erinomainen ammattitaito varmistavat, ett\u00e4 Honda Ridgeline -autosi pysyy tyylikk\u00e4\u00e4n\u00e4, mukavana ja arvokkaana tulevina vuosina.<\/p>\n<ul>\n<li><strong>Sopii: 2006-2023 Honda Ridgeline<\/strong><\/li>\n<li>Tehdastyylinen t\u00e4ydellinen istuvuus: Suunniteltu vastaamaan Honda Ridgelinen tehdasistuinten ylellist\u00e4 ulkon\u00e4k\u00f6\u00e4 ja tuntumaa varmistaen saumattoman istuvuuden ja esteettisen vetovoiman.<\/li>\n<li>Parannettu kest\u00e4vyys: Valmistettu kest\u00e4vist\u00e4 materiaaleista sile\u00e4ll\u00e4, hengitt\u00e4v\u00e4ll\u00e4 pinnalla, joka on helppo puhdistaa ja s\u00e4ilytt\u00e4\u00e4 mukavuuden kaikkina vuodenaikoina.<\/li>\n<li>Ajoturvallisuus: Varatyynyjen aukot lis\u00e4\u00e4v\u00e4t turvallisuutta ja mielenrauhaa.<\/li>\n<li>Kattava suoja: Tarjoaa 360\u00b0 suojan Honda Ridgeline -istuimillesi lialta, tahroilta, hankaumilta ja lemmikkien tai lasten aiheuttamalta kulumiselta pit\u00e4en ne siistein\u00e4. Lemmikkien mutaiset tassunj\u00e4ljet ja lasten siemailemat juomat voidaan pyyhki\u00e4 nopeasti pyyhkeell\u00e4, mik\u00e4 tekee istuimistasi kuin uudet.<\/li>\n<li>Pitk\u00e4ik\u00e4isyys ja j\u00e4lleenmyyntiarvo: Pident\u00e4\u00e4 Honda Ridgeline -autosi k\u00e4ytt\u00f6ik\u00e4\u00e4 5\u20136 vuodella, suojaa sit\u00e4 vaurioilta ja s\u00e4ilytt\u00e4\u00e4 ajoneuvon j\u00e4lleenmyyntipotentiaalin.<\/li>\n<li>Mukava pitkill\u00e4 matkoilla: Koe vertaansa vailla oleva mukavuus pitkill\u00e4 matkoilla r\u00e4\u00e4t\u00e4l\u00f6idyill\u00e4, all-inclusive-istuinp\u00e4\u00e4llisill\u00e4mme, jotka on suunniteltu tarjoamaan erinomaisen iskunvaimennuksen ja tuen varmistaen, ett\u00e4 pysyt rentoutuneena ja mukavana riippumatta siit\u00e4, kuinka pitk\u00e4lle matkustat.<\/li>\n<\/ul>\n<p><strong>T\u00e4ysi setti:<\/strong><\/p>\n<ul>\n<li>2x etuistuimen p\u00e4\u00e4lliset<\/li>\n<li>1 x koko takaistuinten suojukset<\/li>\n<\/ul>\n<p><strong>Vain etuistuimet<\/strong><\/p>\n<ul>\n<li>1 x koko etuistuinten suojukset<\/li>\n<\/ul>","protected":false},"excerpt":{"rendered":"<p>P\u00e4ivit\u00e4 Honda Ridgeline -autosi Covers4Car Custom Fit -nahkap\u00e4\u00e4llisill\u00e4, jotka on suunniteltu kuljettajille, jotka haluavat tehdastyylisen istuvuuden ja pitk\u00e4ik\u00e4isyyden.,<\/p>","protected":false},"featured_media":28836,"comment_status":"open","ping_status":"closed","template":"","meta":{"_acf_changed":false,"_monsterinsights_skip_tracking":false,"_monsterinsights_sitenote_active":false,"_monsterinsights_sitenote_note":"","_monsterinsights_sitenote_category":0},"product_brand":[],"product_cat":[77693,124,54980],"product_tag":[77665],"jet_color":[],"jet_material":[],"jet_coverage":[],"class_list":{"0":"post-28805","1":"product","2":"type-product","3":"status-publish","4":"has-post-thumbnail","6":"product_cat-seat-cover-for-honda-ridgeline","7":"product_cat-seat-cover","8":"product_cat-seat-cover-for-honda","9":"product_tag-fit-ridgeline","11":"first","12":"instock","13":"shipping-taxable","14":"purchasable","15":"product-type-variable","16":"has-default-attributes","17":"wvs-archive-product-wrapper"},"acf":[],"yoast_head":"<!-- This site is optimized with the Yoast SEO Premium plugin v26.4 (Yoast SEO v26.4) - https:\/\/yoast.com\/wordpress\/plugins\/seo\/ -->\n<title>Honda Ridgeline Seat Covers 2006\u20132023 Premium<\/title>\n<meta name=\"description\" content=\"Honda Ridgeline seat covers custom fit for 2006\u20132023 trucks with premium leather, lumbar support, airbag-safe design and full front &amp; rear protection.\" \/>\n<meta name=\"robots\" content=\"index, follow, max-snippet:-1, max-image-preview:large, max-video-preview:-1\" \/>\n<link rel=\"canonical\" href=\"https:\/\/covers4car.com\/fi\/tuote\/custom-fit-premium-leather-car-seat-covers-for-honda-ridgeline-pick-up-truck-front-rear-seat-protector-01\/\" \/>\n<meta property=\"og:locale\" content=\"fi_FI\" \/>\n<meta property=\"og:type\" content=\"article\" \/>\n<meta property=\"og:title\" content=\"Custom Fit Premium Leather Car Seat Covers for Honda Ridgeline Pick-up Truck-Front &amp; Rear Seat Protector With Lumbar Support 01\" \/>\n<meta property=\"og:description\" content=\"Honda Ridgeline seat covers custom fit for 2006\u20132023 trucks with premium leather, lumbar support, airbag-safe design and full front &amp; rear protection.\" \/>\n<meta property=\"og:url\" content=\"https:\/\/covers4car.com\/fi\/tuote\/custom-fit-premium-leather-car-seat-covers-for-honda-ridgeline-pick-up-truck-front-rear-seat-protector-01\/\" \/>\n<meta property=\"og:site_name\" content=\"Covers4Car\" \/>\n<meta property=\"article:publisher\" content=\"https:\/\/www.facebook.com\/profile.php?id=61564533557142\" \/>\n<meta property=\"article:modified_time\" content=\"2025-11-20T09:18:15+00:00\" \/>\n<meta property=\"og:image\" content=\"https:\/\/covers4car.com\/wp-content\/uploads\/2025\/11\/new_01-14.webp\" \/>\n\t<meta property=\"og:image:width\" content=\"1000\" \/>\n\t<meta property=\"og:image:height\" content=\"1000\" \/>\n\t<meta property=\"og:image:type\" content=\"image\/webp\" \/>\n<meta name=\"twitter:card\" content=\"summary_large_image\" \/>\n<meta name=\"twitter:site\" content=\"@covers4carstore\" \/>\n<meta name=\"twitter:label1\" content=\"Arvioitu lukuaika\" \/>\n\t<meta name=\"twitter:data1\" content=\"2 minuuttia\" \/>\n<script type=\"application\/ld+json\" class=\"yoast-schema-graph\">{\"@context\":\"https:\/\/schema.org\",\"@graph\":[{\"@type\":\"WebPage\",\"@id\":\"https:\/\/covers4car.com\/product\/custom-fit-premium-leather-car-seat-covers-for-honda-ridgeline-pick-up-truck-front-rear-seat-protector-01\/\",\"url\":\"https:\/\/covers4car.com\/product\/custom-fit-premium-leather-car-seat-covers-for-honda-ridgeline-pick-up-truck-front-rear-seat-protector-01\/\",\"name\":\"Honda Ridgeline Seat Covers 2006\u20132023 Premium\",\"isPartOf\":{\"@id\":\"https:\/\/covers4car.com\/#website\"},\"primaryImageOfPage\":{\"@id\":\"https:\/\/covers4car.com\/product\/custom-fit-premium-leather-car-seat-covers-for-honda-ridgeline-pick-up-truck-front-rear-seat-protector-01\/#primaryimage\"},\"image\":{\"@id\":\"https:\/\/covers4car.com\/product\/custom-fit-premium-leather-car-seat-covers-for-honda-ridgeline-pick-up-truck-front-rear-seat-protector-01\/#primaryimage\"},\"thumbnailUrl\":\"https:\/\/covers4car.com\/wp-content\/uploads\/2025\/11\/new_01-14.webp\",\"datePublished\":\"2025-11-17T12:19:31+00:00\",\"dateModified\":\"2025-11-20T09:18:15+00:00\",\"description\":\"Honda Ridgeline seat covers custom fit for 2006\u20132023 trucks with premium leather, lumbar support, airbag-safe design and full front & rear protection.\",\"breadcrumb\":{\"@id\":\"https:\/\/covers4car.com\/product\/custom-fit-premium-leather-car-seat-covers-for-honda-ridgeline-pick-up-truck-front-rear-seat-protector-01\/#breadcrumb\"},\"inLanguage\":\"fi\",\"potentialAction\":[{\"@type\":\"ReadAction\",\"target\":[\"https:\/\/covers4car.com\/product\/custom-fit-premium-leather-car-seat-covers-for-honda-ridgeline-pick-up-truck-front-rear-seat-protector-01\/\"]}]},{\"@type\":\"ImageObject\",\"inLanguage\":\"fi\",\"@id\":\"https:\/\/covers4car.com\/product\/custom-fit-premium-leather-car-seat-covers-for-honda-ridgeline-pick-up-truck-front-rear-seat-protector-01\/#primaryimage\",\"url\":\"https:\/\/covers4car.com\/wp-content\/uploads\/2025\/11\/new_01-14.webp\",\"contentUrl\":\"https:\/\/covers4car.com\/wp-content\/uploads\/2025\/11\/new_01-14.webp\",\"width\":1000,\"height\":1000},{\"@type\":\"BreadcrumbList\",\"@id\":\"https:\/\/covers4car.com\/product\/custom-fit-premium-leather-car-seat-covers-for-honda-ridgeline-pick-up-truck-front-rear-seat-protector-01\/#breadcrumb\",\"itemListElement\":[{\"@type\":\"ListItem\",\"position\":1,\"name\":\"Home\",\"item\":\"https:\/\/covers4car.com\/\"},{\"@type\":\"ListItem\",\"position\":2,\"name\":\"Shop\",\"item\":\"https:\/\/covers4car.com\/shop\/\"},{\"@type\":\"ListItem\",\"position\":3,\"name\":\"Custom Fit Premium Leather Car Seat Covers for Honda Ridgeline Pick-up Truck-Front &#038; Rear Seat Protector With Lumbar Support 01\"}]},{\"@type\":\"WebSite\",\"@id\":\"https:\/\/covers4car.com\/#website\",\"url\":\"https:\/\/covers4car.com\/\",\"name\":\"Covers4Car\",\"description\":\"Professional Seat Covers Tailored for Your Vehicle\",\"publisher\":{\"@id\":\"https:\/\/covers4car.com\/#organization\"},\"potentialAction\":[{\"@type\":\"SearchAction\",\"target\":{\"@type\":\"EntryPoint\",\"urlTemplate\":\"https:\/\/covers4car.com\/?s={search_term_string}\"},\"query-input\":{\"@type\":\"PropertyValueSpecification\",\"valueRequired\":true,\"valueName\":\"search_term_string\"}}],\"inLanguage\":\"fi\"},{\"@type\":\"Organization\",\"@id\":\"https:\/\/covers4car.com\/#organization\",\"name\":\"Covers4Car\",\"url\":\"https:\/\/covers4car.com\/\",\"logo\":{\"@type\":\"ImageObject\",\"inLanguage\":\"fi\",\"@id\":\"https:\/\/covers4car.com\/#\/schema\/logo\/image\/\",\"url\":\"https:\/\/covers4car.com\/wp-content\/uploads\/2024\/11\/Asset-2@5x-copy.jpg\",\"contentUrl\":\"https:\/\/covers4car.com\/wp-content\/uploads\/2024\/11\/Asset-2@5x-copy.jpg\",\"width\":877,\"height\":877,\"caption\":\"Covers4Car\"},\"image\":{\"@id\":\"https:\/\/covers4car.com\/#\/schema\/logo\/image\/\"},\"sameAs\":[\"https:\/\/www.facebook.com\/profile.php?id=61564533557142\",\"https:\/\/x.com\/covers4carstore\"]}]}<\/script>\n<!-- \/ Yoast SEO Premium plugin. -->","yoast_head_json":{"title":"Honda Ridgeline Seat Covers 2006\u20132023 Premium","description":"Honda Ridgeline seat covers custom fit for 2006\u20132023 trucks with premium leather, lumbar support, airbag-safe design and full front & rear protection.","robots":{"index":"index","follow":"follow","max-snippet":"max-snippet:-1","max-image-preview":"max-image-preview:large","max-video-preview":"max-video-preview:-1"},"canonical":"https:\/\/covers4car.com\/fi\/tuote\/custom-fit-premium-leather-car-seat-covers-for-honda-ridgeline-pick-up-truck-front-rear-seat-protector-01\/","og_locale":"fi_FI","og_type":"article","og_title":"Custom Fit Premium Leather Car Seat Covers for Honda Ridgeline Pick-up Truck-Front & Rear Seat Protector With Lumbar Support 01","og_description":"Honda Ridgeline seat covers custom fit for 2006\u20132023 trucks with premium leather, lumbar support, airbag-safe design and full front & rear protection.","og_url":"https:\/\/covers4car.com\/fi\/tuote\/custom-fit-premium-leather-car-seat-covers-for-honda-ridgeline-pick-up-truck-front-rear-seat-protector-01\/","og_site_name":"Covers4Car","article_publisher":"https:\/\/www.facebook.com\/profile.php?id=61564533557142","article_modified_time":"2025-11-20T09:18:15+00:00","og_image":[{"width":1000,"height":1000,"url":"https:\/\/covers4car.com\/wp-content\/uploads\/2025\/11\/new_01-14.webp","type":"image\/webp"}],"twitter_card":"summary_large_image","twitter_site":"@covers4carstore","twitter_misc":{"Arvioitu lukuaika":"2 minuuttia"},"schema":{"@context":"https:\/\/schema.org","@graph":[{"@type":"WebPage","@id":"https:\/\/covers4car.com\/product\/custom-fit-premium-leather-car-seat-covers-for-honda-ridgeline-pick-up-truck-front-rear-seat-protector-01\/","url":"https:\/\/covers4car.com\/product\/custom-fit-premium-leather-car-seat-covers-for-honda-ridgeline-pick-up-truck-front-rear-seat-protector-01\/","name":"Honda Ridgeline Seat Covers 2006\u20132023 Premium","isPartOf":{"@id":"https:\/\/covers4car.com\/#website"},"primaryImageOfPage":{"@id":"https:\/\/covers4car.com\/product\/custom-fit-premium-leather-car-seat-covers-for-honda-ridgeline-pick-up-truck-front-rear-seat-protector-01\/#primaryimage"},"image":{"@id":"https:\/\/covers4car.com\/product\/custom-fit-premium-leather-car-seat-covers-for-honda-ridgeline-pick-up-truck-front-rear-seat-protector-01\/#primaryimage"},"thumbnailUrl":"https:\/\/covers4car.com\/wp-content\/uploads\/2025\/11\/new_01-14.webp","datePublished":"2025-11-17T12:19:31+00:00","dateModified":"2025-11-20T09:18:15+00:00","description":"Honda Ridgeline seat covers custom fit for 2006\u20132023 trucks with premium leather, lumbar support, airbag-safe design and full front & rear protection.","breadcrumb":{"@id":"https:\/\/covers4car.com\/product\/custom-fit-premium-leather-car-seat-covers-for-honda-ridgeline-pick-up-truck-front-rear-seat-protector-01\/#breadcrumb"},"inLanguage":"fi","potentialAction":[{"@type":"ReadAction","target":["https:\/\/covers4car.com\/product\/custom-fit-premium-leather-car-seat-covers-for-honda-ridgeline-pick-up-truck-front-rear-seat-protector-01\/"]}]},{"@type":"ImageObject","inLanguage":"fi","@id":"https:\/\/covers4car.com\/product\/custom-fit-premium-leather-car-seat-covers-for-honda-ridgeline-pick-up-truck-front-rear-seat-protector-01\/#primaryimage","url":"https:\/\/covers4car.com\/wp-content\/uploads\/2025\/11\/new_01-14.webp","contentUrl":"https:\/\/covers4car.com\/wp-content\/uploads\/2025\/11\/new_01-14.webp","width":1000,"height":1000},{"@type":"BreadcrumbList","@id":"https:\/\/covers4car.com\/product\/custom-fit-premium-leather-car-seat-covers-for-honda-ridgeline-pick-up-truck-front-rear-seat-protector-01\/#breadcrumb","itemListElement":[{"@type":"ListItem","position":1,"name":"Home","item":"https:\/\/covers4car.com\/"},{"@type":"ListItem","position":2,"name":"Shop","item":"https:\/\/covers4car.com\/shop\/"},{"@type":"ListItem","position":3,"name":"Custom Fit Premium Leather Car Seat Covers for Honda Ridgeline Pick-up Truck-Front &#038; Rear Seat Protector With Lumbar Support 01"}]},{"@type":"WebSite","@id":"https:\/\/covers4car.com\/#website","url":"https:\/\/covers4car.com\/","name":"Covers4Car","description":"Ammattimaiset istuinsuojat r\u00e4\u00e4t\u00e4l\u00f6ityn\u00e4 ajoneuvoosi","publisher":{"@id":"https:\/\/covers4car.com\/#organization"},"potentialAction":[{"@type":"SearchAction","target":{"@type":"EntryPoint","urlTemplate":"https:\/\/covers4car.com\/?s={search_term_string}"},"query-input":{"@type":"PropertyValueSpecification","valueRequired":true,"valueName":"search_term_string"}}],"inLanguage":"fi"},{"@type":"Organization","@id":"https:\/\/covers4car.com\/#organization","name":"Covers4Car","url":"https:\/\/covers4car.com\/","logo":{"@type":"ImageObject","inLanguage":"fi","@id":"https:\/\/covers4car.com\/#\/schema\/logo\/image\/","url":"https:\/\/covers4car.com\/wp-content\/uploads\/2024\/11\/Asset-2@5x-copy.jpg","contentUrl":"https:\/\/covers4car.com\/wp-content\/uploads\/2024\/11\/Asset-2@5x-copy.jpg","width":877,"height":877,"caption":"Covers4Car"},"image":{"@id":"https:\/\/covers4car.com\/#\/schema\/logo\/image\/"},"sameAs":["https:\/\/www.facebook.com\/profile.php?id=61564533557142","https:\/\/x.com\/covers4carstore"]}]}},"_links":{"self":[{"href":"https:\/\/covers4car.com\/fi\/wp-json\/wp\/v2\/product\/28805","targetHints":{"allow":["GET"]}}],"collection":[{"href":"https:\/\/covers4car.com\/fi\/wp-json\/wp\/v2\/product"}],"about":[{"href":"https:\/\/covers4car.com\/fi\/wp-json\/wp\/v2\/types\/product"}],"replies":[{"embeddable":true,"href":"https:\/\/covers4car.com\/fi\/wp-json\/wp\/v2\/comments?post=28805"}],"version-history":[{"count":0,"href":"https:\/\/covers4car.com\/fi\/wp-json\/wp\/v2\/product\/28805\/revisions"}],"wp:featuredmedia":[{"embeddable":true,"href":"https:\/\/covers4car.com\/fi\/wp-json\/wp\/v2\/media\/28836"}],"wp:attachment":[{"href":"https:\/\/covers4car.com\/fi\/wp-json\/wp\/v2\/media?parent=28805"}],"wp:term":[{"taxonomy":"product_brand","embeddable":true,"href":"https:\/\/covers4car.com\/fi\/wp-json\/wp\/v2\/product_brand?post=28805"},{"taxonomy":"product_cat","embeddable":true,"href":"https:\/\/covers4car.com\/fi\/wp-json\/wp\/v2\/product_cat?post=28805"},{"taxonomy":"product_tag","embeddable":true,"href":"https:\/\/covers4car.com\/fi\/wp-json\/wp\/v2\/product_tag?post=28805"},{"taxonomy":"jet_color","embeddable":true,"href":"https:\/\/covers4car.com\/fi\/wp-json\/wp\/v2\/jet_color?post=28805"},{"taxonomy":"jet_material","embeddable":true,"href":"https:\/\/covers4car.com\/fi\/wp-json\/wp\/v2\/jet_material?post=28805"},{"taxonomy":"jet_coverage","embeddable":true,"href":"https:\/\/covers4car.com\/fi\/wp-json\/wp\/v2\/jet_coverage?post=28805"}],"curies":[{"name":"wp","href":"https:\/\/api.w.org\/{rel}","templated":true}]}}