{"id":20051,"date":"2025-08-06T10:45:19","date_gmt":"2025-08-06T17:45:19","guid":{"rendered":"https:\/\/covers4car.com\/?page_id=20051"},"modified":"2025-08-06T11:03:45","modified_gmt":"2025-08-06T18:03:45","slug":"payment-policy","status":"publish","type":"page","link":"https:\/\/covers4car.com\/fr\/payment-policy\/","title":{"rendered":"Politique de paiement"},"content":{"rendered":"<p><strong>Covers4Car <\/strong>Le site dispose d&#039;un certificat SSL, indiqu\u00e9 dans votre navigateur par un cadenas dans l&#039;en-t\u00eate, souvent \u00e0 c\u00f4t\u00e9 de l&#039;adresse URL. Ce certificat crypte les donn\u00e9es que vous nous fournissez, telles que vos informations de paiement. Les paiements sont certifi\u00e9s conformes \u00e0 la norme PCI DSS de niveau 1. La norme de s\u00e9curit\u00e9 des donn\u00e9es de l&#039;industrie des cartes de paiement (PCI DSS) est une norme de s\u00e9curit\u00e9 pour les organisations qui traitent les informations de cartes de cr\u00e9dit et de d\u00e9bit.<\/p>\n\n\n\n<p><strong>Les paiements r\u00e9pondent aux 6 cat\u00e9gories de la norme PCI\u00a0:<\/strong><\/p>\n\n\n\n<p>1. Maintenir un r\u00e9seau s\u00e9curis\u00e9<br>2. Prot\u00e9gez les donn\u00e9es du titulaire de la carte<br>3. Maintenir un programme de gestion des vuln\u00e9rabilit\u00e9s<br>4. Mettre en \u0153uvre des mesures strictes de contr\u00f4le d\u2019acc\u00e8s<br>5. Surveiller et tester r\u00e9guli\u00e8rement les r\u00e9seaux<br>6. Maintenir une politique de s\u00e9curit\u00e9 de l&#039;information<\/p>\n\n\n\n<p>\u00c0 <a href=\"https:\/\/covers4car.com\/fr\/\">https:\/\/covers4car.com\/<\/a> magasin, nous acceptons toutes les principales cartes de cr\u00e9dit\/cartes de d\u00e9bit et les paiements effectu\u00e9s via Visa, MasterCard, American Express, Discover, Dinners Club, JCB, Union Pay et elo.<\/p>\n\n\n\n<p>Le paiement doit \u00eatre effectu\u00e9 en totalit\u00e9 avant l&#039;exp\u00e9dition.<\/p>\n\n\n\n<p><strong>Politique de confidentialit\u00e9<\/strong><\/p>\n\n\n\n<p><strong>Covers4Car <\/strong>Nous ne divulguons pas les informations personnelles que vous nous fournissez. Nous ne louons, ne vendons ni ne partageons vos informations personnelles avec quiconque. Notre politique de confidentialit\u00e9 d\u00e9taille la mani\u00e8re dont vos informations personnelles sont collect\u00e9es et, par cons\u00e9quent, leur utilisation potentielle.<\/p>\n\n\n\n<p>Veuillez en savoir plus sur notre&nbsp;<a href=\"https:\/\/covers4car.com\/fr\/privacy-policy\/\">politique de confidentialit\u00e9<\/a>.<\/p>\n\n\n\n<h3 class=\"wp-block-heading\" id=\"h-contact-us\"><strong>Contactez-nous<\/strong><\/h3>\n\n\n\n<p>Si vous avez d&#039;autres questions, veuillez contacter notre service client \u00e0 l&#039;adresse suivante :<\/p>\n\n\n\n<p>E-mail: <a href=\"mailto:support@covers4car.com\">support@covers4car.com<\/a><br>T\u00e9l. : +1(619)534-4662<\/p>\n\n\n\n<p>Heures de bureau : du lundi au samedi de 10 h \u00e0 20 h (PST)<\/p>","protected":false},"excerpt":{"rendered":"<p>Le site Covers4Car poss\u00e8de un certificat SSL, ce qui est indiqu\u00e9 dans votre navigateur par un cadenas dans l&#039;en-t\u00eate, souvent \u00e0 c\u00f4t\u00e9.<\/p>","protected":false},"author":1583,"featured_media":0,"parent":0,"menu_order":0,"comment_status":"closed","ping_status":"closed","template":"","meta":{"_acf_changed":false,"_monsterinsights_skip_tracking":false,"_monsterinsights_sitenote_active":false,"_monsterinsights_sitenote_note":"","_monsterinsights_sitenote_category":0,"footnotes":""},"class_list":["post-20051","page","type-page","status-publish","hentry"],"acf":[],"yoast_head":"<!-- This site is optimized with the Yoast SEO Premium plugin v26.4 (Yoast SEO v26.4) - https:\/\/yoast.com\/wordpress\/plugins\/seo\/ -->\n<title>Payment Policy - Covers4Car<\/title>\n<meta name=\"description\" content=\"Payment Policy Covers4Car site has an SSL certificate, which is shown on your browser by a padlock in the header, often next to the URL address. This encrypts the data\" \/>\n<meta name=\"robots\" content=\"index, follow, max-snippet:-1, max-image-preview:large, max-video-preview:-1\" \/>\n<link rel=\"canonical\" href=\"https:\/\/covers4car.com\/fr\/payment-policy\/\" \/>\n<meta property=\"og:locale\" content=\"fr_FR\" \/>\n<meta property=\"og:type\" content=\"article\" \/>\n<meta property=\"og:title\" content=\"Payment Policy\" \/>\n<meta property=\"og:description\" content=\"Payment Policy Covers4Car site has an SSL certificate, which is shown on your browser by a padlock in the header, often next to the URL address. This encrypts the data\" \/>\n<meta property=\"og:url\" content=\"https:\/\/covers4car.com\/fr\/payment-policy\/\" \/>\n<meta property=\"og:site_name\" content=\"Covers4Car\" \/>\n<meta property=\"article:publisher\" content=\"https:\/\/www.facebook.com\/profile.php?id=61564533557142\" \/>\n<meta property=\"article:modified_time\" content=\"2025-08-06T18:03:45+00:00\" \/>\n<meta name=\"twitter:card\" content=\"summary_large_image\" \/>\n<meta name=\"twitter:site\" content=\"@covers4carstore\" \/>\n<meta name=\"twitter:label1\" content=\"Dur\u00e9e de lecture estim\u00e9e\" \/>\n\t<meta name=\"twitter:data1\" content=\"1 minute\" \/>\n<script type=\"application\/ld+json\" class=\"yoast-schema-graph\">{\"@context\":\"https:\/\/schema.org\",\"@graph\":[{\"@type\":\"WebPage\",\"@id\":\"https:\/\/covers4car.com\/payment-policy\/\",\"url\":\"https:\/\/covers4car.com\/payment-policy\/\",\"name\":\"Payment Policy - Covers4Car\",\"isPartOf\":{\"@id\":\"https:\/\/covers4car.com\/#website\"},\"datePublished\":\"2025-08-06T17:45:19+00:00\",\"dateModified\":\"2025-08-06T18:03:45+00:00\",\"description\":\"Payment Policy Covers4Car site has an SSL certificate, which is shown on your browser by a padlock in the header, often next to the URL address. This encrypts the data\",\"breadcrumb\":{\"@id\":\"https:\/\/covers4car.com\/payment-policy\/#breadcrumb\"},\"inLanguage\":\"fr-FR\",\"potentialAction\":[{\"@type\":\"ReadAction\",\"target\":[\"https:\/\/covers4car.com\/payment-policy\/\"]}]},{\"@type\":\"BreadcrumbList\",\"@id\":\"https:\/\/covers4car.com\/payment-policy\/#breadcrumb\",\"itemListElement\":[{\"@type\":\"ListItem\",\"position\":1,\"name\":\"Home\",\"item\":\"https:\/\/covers4car.com\/\"},{\"@type\":\"ListItem\",\"position\":2,\"name\":\"Payment Policy\"}]},{\"@type\":\"WebSite\",\"@id\":\"https:\/\/covers4car.com\/#website\",\"url\":\"https:\/\/covers4car.com\/\",\"name\":\"Covers4Car\",\"description\":\"Professional Seat Covers Tailored for Your Vehicle\",\"publisher\":{\"@id\":\"https:\/\/covers4car.com\/#organization\"},\"potentialAction\":[{\"@type\":\"SearchAction\",\"target\":{\"@type\":\"EntryPoint\",\"urlTemplate\":\"https:\/\/covers4car.com\/?s={search_term_string}\"},\"query-input\":{\"@type\":\"PropertyValueSpecification\",\"valueRequired\":true,\"valueName\":\"search_term_string\"}}],\"inLanguage\":\"fr-FR\"},{\"@type\":\"Organization\",\"@id\":\"https:\/\/covers4car.com\/#organization\",\"name\":\"Covers4Car\",\"url\":\"https:\/\/covers4car.com\/\",\"logo\":{\"@type\":\"ImageObject\",\"inLanguage\":\"fr-FR\",\"@id\":\"https:\/\/covers4car.com\/#\/schema\/logo\/image\/\",\"url\":\"https:\/\/covers4car.com\/wp-content\/uploads\/2024\/11\/Asset-2@5x-copy.jpg\",\"contentUrl\":\"https:\/\/covers4car.com\/wp-content\/uploads\/2024\/11\/Asset-2@5x-copy.jpg\",\"width\":877,\"height\":877,\"caption\":\"Covers4Car\"},\"image\":{\"@id\":\"https:\/\/covers4car.com\/#\/schema\/logo\/image\/\"},\"sameAs\":[\"https:\/\/www.facebook.com\/profile.php?id=61564533557142\",\"https:\/\/x.com\/covers4carstore\"]}]}<\/script>\n<!-- \/ Yoast SEO Premium plugin. -->","yoast_head_json":{"title":"Politique de paiement - Covers4Car","description":"Politique de paiement Le site Covers4Car poss\u00e8de un certificat SSL, indiqu\u00e9 dans votre navigateur par un cadenas dans l&#039;en-t\u00eate, g\u00e9n\u00e9ralement \u00e0 c\u00f4t\u00e9 de l&#039;adresse URL. Ce certificat crypte les donn\u00e9es.","robots":{"index":"index","follow":"follow","max-snippet":"max-snippet:-1","max-image-preview":"max-image-preview:large","max-video-preview":"max-video-preview:-1"},"canonical":"https:\/\/covers4car.com\/fr\/payment-policy\/","og_locale":"fr_FR","og_type":"article","og_title":"Payment Policy","og_description":"Payment Policy Covers4Car site has an SSL certificate, which is shown on your browser by a padlock in the header, often next to the URL address. This encrypts the data","og_url":"https:\/\/covers4car.com\/fr\/payment-policy\/","og_site_name":"Covers4Car","article_publisher":"https:\/\/www.facebook.com\/profile.php?id=61564533557142","article_modified_time":"2025-08-06T18:03:45+00:00","twitter_card":"summary_large_image","twitter_site":"@covers4carstore","twitter_misc":{"Dur\u00e9e de lecture estim\u00e9e":"1 minute"},"schema":{"@context":"https:\/\/schema.org","@graph":[{"@type":"WebPage","@id":"https:\/\/covers4car.com\/payment-policy\/","url":"https:\/\/covers4car.com\/payment-policy\/","name":"Politique de paiement - Covers4Car","isPartOf":{"@id":"https:\/\/covers4car.com\/#website"},"datePublished":"2025-08-06T17:45:19+00:00","dateModified":"2025-08-06T18:03:45+00:00","description":"Politique de paiement Le site Covers4Car poss\u00e8de un certificat SSL, indiqu\u00e9 dans votre navigateur par un cadenas dans l&#039;en-t\u00eate, g\u00e9n\u00e9ralement \u00e0 c\u00f4t\u00e9 de l&#039;adresse URL. Ce certificat crypte les donn\u00e9es.","breadcrumb":{"@id":"https:\/\/covers4car.com\/payment-policy\/#breadcrumb"},"inLanguage":"fr-FR","potentialAction":[{"@type":"ReadAction","target":["https:\/\/covers4car.com\/payment-policy\/"]}]},{"@type":"BreadcrumbList","@id":"https:\/\/covers4car.com\/payment-policy\/#breadcrumb","itemListElement":[{"@type":"ListItem","position":1,"name":"Home","item":"https:\/\/covers4car.com\/"},{"@type":"ListItem","position":2,"name":"Payment Policy"}]},{"@type":"WebSite","@id":"https:\/\/covers4car.com\/#website","url":"https:\/\/covers4car.com\/","name":"Covers4Car","description":"Housses de si\u00e8ge professionnelles adapt\u00e9es \u00e0 votre v\u00e9hicule","publisher":{"@id":"https:\/\/covers4car.com\/#organization"},"potentialAction":[{"@type":"SearchAction","target":{"@type":"EntryPoint","urlTemplate":"https:\/\/covers4car.com\/?s={search_term_string}"},"query-input":{"@type":"PropertyValueSpecification","valueRequired":true,"valueName":"search_term_string"}}],"inLanguage":"fr-FR"},{"@type":"Organization","@id":"https:\/\/covers4car.com\/#organization","name":"Covers4Car","url":"https:\/\/covers4car.com\/","logo":{"@type":"ImageObject","inLanguage":"fr-FR","@id":"https:\/\/covers4car.com\/#\/schema\/logo\/image\/","url":"https:\/\/covers4car.com\/wp-content\/uploads\/2024\/11\/Asset-2@5x-copy.jpg","contentUrl":"https:\/\/covers4car.com\/wp-content\/uploads\/2024\/11\/Asset-2@5x-copy.jpg","width":877,"height":877,"caption":"Covers4Car"},"image":{"@id":"https:\/\/covers4car.com\/#\/schema\/logo\/image\/"},"sameAs":["https:\/\/www.facebook.com\/profile.php?id=61564533557142","https:\/\/x.com\/covers4carstore"]}]}},"_links":{"self":[{"href":"https:\/\/covers4car.com\/fr\/wp-json\/wp\/v2\/pages\/20051","targetHints":{"allow":["GET"]}}],"collection":[{"href":"https:\/\/covers4car.com\/fr\/wp-json\/wp\/v2\/pages"}],"about":[{"href":"https:\/\/covers4car.com\/fr\/wp-json\/wp\/v2\/types\/page"}],"author":[{"embeddable":true,"href":"https:\/\/covers4car.com\/fr\/wp-json\/wp\/v2\/users\/1583"}],"replies":[{"embeddable":true,"href":"https:\/\/covers4car.com\/fr\/wp-json\/wp\/v2\/comments?post=20051"}],"version-history":[{"count":0,"href":"https:\/\/covers4car.com\/fr\/wp-json\/wp\/v2\/pages\/20051\/revisions"}],"wp:attachment":[{"href":"https:\/\/covers4car.com\/fr\/wp-json\/wp\/v2\/media?parent=20051"}],"curies":[{"name":"wp","href":"https:\/\/api.w.org\/{rel}","templated":true}]}}