{"id":20479,"date":"2025-08-21T02:50:52","date_gmt":"2025-08-21T09:50:52","guid":{"rendered":"https:\/\/covers4car.com\/?post_type=product&#038;p=20479"},"modified":"2026-03-15T09:38:44","modified_gmt":"2026-03-15T16:38:44","slug":"custom-fit-all-inclusive-seat-for-tesla-model-y-7-seat-2nd-row-40-60-split-bench-design","status":"publish","type":"product","link":"https:\/\/covers4car.com\/fr\/produit\/custom-fit-all-inclusive-seat-for-tesla-model-y-7-seat-2nd-row-40-60-split-bench-design\/","title":{"rendered":"Housse de si\u00e8ge sur mesure tout compris pour Tesla Model Y 7 places (banquette divis\u00e9e 40\/60 pour la 2e rang\u00e9e)"},"content":{"rendered":"<p>Transformez votre exp\u00e9rience de conduite avec la housse de si\u00e8ge tout compris 2021-2024 Model Y 7 de Covers4car<strong>(Conception de banquette divis\u00e9e 40\/60 \u00e0 la 2e rang\u00e9e) <\/strong>pour Tesla, m\u00e9ticuleusement con\u00e7u pour offrir une \u00e9l\u00e9gance de style usine, une durabilit\u00e9 sup\u00e9rieure, une protection compl\u00e8te et un confort personnalisable, garantissant que votre Tesla reste \u00e9l\u00e9gant et confortable pour les ann\u00e9es \u00e0 venir tout en am\u00e9liorant sa valeur de revente.<\/p>\n<ul>\n<li><strong>Compatibilit\u00e9\u00a0: Mod\u00e8le 7 places Model Y (Ne convient pas au mod\u00e8le 5 places Model Y),<span style=\"background-color: #f20101; color: #f5f8fd;\"> Il ne comprend que la premi\u00e8re et la deuxi\u00e8me rang\u00e9e, pas de troisi\u00e8me rang\u00e9e de si\u00e8ges.<\/span><\/strong><\/li>\n<li><strong><span style=\"background-color: #fdf5f5;\">Banquette divis\u00e9e 40\/60 \u00e0 la 2e rang\u00e9e<\/span>:<\/strong> Con\u00e7u sur mesure pour Model Y 7 places. <strong>Permet un mouvement ind\u00e9pendant du si\u00e8ge de la deuxi\u00e8me rang\u00e9e sans g\u00eaner l&#039;acc\u00e8s des passagers arri\u00e8re.<\/strong><\/li>\n<\/ul>\n<p><a href=\"https:\/\/covers4car.com\/wp-content\/uploads\/2025\/08\/1-37.webp\"><img fetchpriority=\"high\" decoding=\"async\" class=\"wd-lazy-fade alignnone size-full wp-image-21797\" src=\"https:\/\/covers4car.com\/wp-content\/themes\/woodmart\/images\/lazy.svg\" data-src=\"https:\/\/covers4car.com\/wp-content\/uploads\/2025\/08\/1-37.webp\" alt=\"\" width=\"1000\" height=\"1000\" srcset=\"\" data-srcset=\"https:\/\/covers4car.com\/wp-content\/uploads\/2025\/08\/1-37.webp 1000w, https:\/\/covers4car.com\/wp-content\/uploads\/2025\/08\/1-37-300x300.webp 300w, https:\/\/covers4car.com\/wp-content\/uploads\/2025\/08\/1-37-150x150.webp 150w, https:\/\/covers4car.com\/wp-content\/uploads\/2025\/08\/1-37-768x768.webp 768w, https:\/\/covers4car.com\/wp-content\/uploads\/2025\/08\/1-37-12x12.webp 12w, https:\/\/covers4car.com\/wp-content\/uploads\/2025\/08\/1-37-600x600.webp 600w, https:\/\/covers4car.com\/wp-content\/uploads\/2025\/08\/1-37-148x148.webp 148w, https:\/\/covers4car.com\/wp-content\/uploads\/2025\/08\/1-37-50x50.webp 50w, https:\/\/covers4car.com\/wp-content\/uploads\/2025\/08\/1-37-100x100.webp 100w\" sizes=\"(max-width: 1000px) 100vw, 1000px\" \/><\/a><\/p>\n<p>&nbsp;<\/p>\n<ul>\n<li>Ajustement parfait de style usine : con\u00e7u pour correspondre \u00e0 l&#039;aspect et \u00e0 la sensation luxueux des si\u00e8ges d&#039;usine Tesla, garantissant un ajustement parfait et un attrait esth\u00e9tique.<\/li>\n<\/ul>\n<div>\n<div><img decoding=\"async\" class=\"wd-lazy-fade alignnone wp-image-10042 size-full\" src=\"https:\/\/covers4car.com\/wp-content\/themes\/woodmart\/images\/lazy.svg\" data-src=\"https:\/\/covers4car.com\/wp-content\/uploads\/2024\/11\/01.jpg\" alt=\"\" width=\"750\" height=\"463\" srcset=\"\" data-srcset=\"https:\/\/covers4car.com\/wp-content\/uploads\/2024\/11\/01.jpg 750w, https:\/\/covers4car.com\/wp-content\/uploads\/2024\/11\/01-148x91.jpg 148w, https:\/\/covers4car.com\/wp-content\/uploads\/2024\/11\/01-300x185.jpg 300w\" sizes=\"(max-width: 750px) 100vw, 750px\" \/><br \/>\n<a href=\"https:\/\/covers4car.com\/wp-content\/uploads\/2025\/08\/IMG_7914.webp\"><img decoding=\"async\" class=\"wd-lazy-fade alignnone size-full wp-image-21292\" src=\"https:\/\/covers4car.com\/wp-content\/themes\/woodmart\/images\/lazy.svg\" data-src=\"https:\/\/covers4car.com\/wp-content\/uploads\/2025\/08\/IMG_7914.webp\" alt=\"\" width=\"1000\" height=\"1000\" srcset=\"\" data-srcset=\"https:\/\/covers4car.com\/wp-content\/uploads\/2025\/08\/IMG_7914.webp 1000w, https:\/\/covers4car.com\/wp-content\/uploads\/2025\/08\/IMG_7914-300x300.webp 300w, https:\/\/covers4car.com\/wp-content\/uploads\/2025\/08\/IMG_7914-150x150.webp 150w, https:\/\/covers4car.com\/wp-content\/uploads\/2025\/08\/IMG_7914-768x768.webp 768w, https:\/\/covers4car.com\/wp-content\/uploads\/2025\/08\/IMG_7914-12x12.webp 12w, https:\/\/covers4car.com\/wp-content\/uploads\/2025\/08\/IMG_7914-600x600.webp 600w, https:\/\/covers4car.com\/wp-content\/uploads\/2025\/08\/IMG_7914-148x148.webp 148w, https:\/\/covers4car.com\/wp-content\/uploads\/2025\/08\/IMG_7914-50x50.webp 50w, https:\/\/covers4car.com\/wp-content\/uploads\/2025\/08\/IMG_7914-100x100.webp 100w\" sizes=\"(max-width: 1000px) 100vw, 1000px\" \/><\/a><\/div>\n<div><img loading=\"lazy\" decoding=\"async\" class=\"wd-lazy-fade alignnone size-full wp-image-10047\" src=\"https:\/\/covers4car.com\/wp-content\/themes\/woodmart\/images\/lazy.svg\" data-src=\"https:\/\/covers4car.com\/wp-content\/uploads\/2024\/11\/A3_9429b3ae-1351-4f18-a89f-c6c862338a9b.jpg\" alt=\"\" width=\"750\" height=\"463\" srcset=\"\" data-srcset=\"https:\/\/covers4car.com\/wp-content\/uploads\/2024\/11\/A3_9429b3ae-1351-4f18-a89f-c6c862338a9b.jpg 750w, https:\/\/covers4car.com\/wp-content\/uploads\/2024\/11\/A3_9429b3ae-1351-4f18-a89f-c6c862338a9b-148x91.jpg 148w, https:\/\/covers4car.com\/wp-content\/uploads\/2024\/11\/A3_9429b3ae-1351-4f18-a89f-c6c862338a9b-300x185.jpg 300w\" sizes=\"(max-width: 750px) 100vw, 750px\" \/><\/div>\n<\/div>\n<div><\/div>\n<ul>\n<li>Durabilit\u00e9 am\u00e9lior\u00e9e : Fabriqu\u00e9 \u00e0 partir de mat\u00e9riaux durables avec une surface lisse et respirante, facile \u00e0 nettoyer et qui maintient le confort en toutes saisons.<\/li>\n<\/ul>\n<div><img loading=\"lazy\" decoding=\"async\" class=\"wd-lazy-fade alignnone size-full wp-image-10043\" src=\"https:\/\/covers4car.com\/wp-content\/themes\/woodmart\/images\/lazy.svg\" data-src=\"https:\/\/covers4car.com\/wp-content\/uploads\/2024\/11\/7_6fc764b9-134c-405f-ae69-5fb20a3db79e.jpg\" alt=\"\" width=\"750\" height=\"750\" srcset=\"\" data-srcset=\"https:\/\/covers4car.com\/wp-content\/uploads\/2024\/11\/7_6fc764b9-134c-405f-ae69-5fb20a3db79e.jpg 750w, https:\/\/covers4car.com\/wp-content\/uploads\/2024\/11\/7_6fc764b9-134c-405f-ae69-5fb20a3db79e-600x600.jpg 600w, https:\/\/covers4car.com\/wp-content\/uploads\/2024\/11\/7_6fc764b9-134c-405f-ae69-5fb20a3db79e-148x148.jpg 148w, https:\/\/covers4car.com\/wp-content\/uploads\/2024\/11\/7_6fc764b9-134c-405f-ae69-5fb20a3db79e-300x300.jpg 300w, https:\/\/covers4car.com\/wp-content\/uploads\/2024\/11\/7_6fc764b9-134c-405f-ae69-5fb20a3db79e-150x150.jpg 150w\" sizes=\"(max-width: 750px) 100vw, 750px\" \/><\/div>\n<ul>\n<li>S\u00e9curit\u00e9 de conduite : Comprend des ouvertures d&#039;airbag r\u00e9serv\u00e9es pour une s\u00e9curit\u00e9 et une tranquillit\u00e9 d&#039;esprit accrues.<\/li>\n<\/ul>\n<div><img loading=\"lazy\" decoding=\"async\" class=\"wd-lazy-fade alignnone size-full wp-image-10044\" src=\"https:\/\/covers4car.com\/wp-content\/themes\/woodmart\/images\/lazy.svg\" data-src=\"https:\/\/covers4car.com\/wp-content\/uploads\/2024\/11\/8_b77d6639-8841-4f08-ac69-caaea0a285bd.jpg\" alt=\"\" width=\"750\" height=\"750\" srcset=\"\" data-srcset=\"https:\/\/covers4car.com\/wp-content\/uploads\/2024\/11\/8_b77d6639-8841-4f08-ac69-caaea0a285bd.jpg 750w, https:\/\/covers4car.com\/wp-content\/uploads\/2024\/11\/8_b77d6639-8841-4f08-ac69-caaea0a285bd-600x600.jpg 600w, https:\/\/covers4car.com\/wp-content\/uploads\/2024\/11\/8_b77d6639-8841-4f08-ac69-caaea0a285bd-148x148.jpg 148w, https:\/\/covers4car.com\/wp-content\/uploads\/2024\/11\/8_b77d6639-8841-4f08-ac69-caaea0a285bd-300x300.jpg 300w, https:\/\/covers4car.com\/wp-content\/uploads\/2024\/11\/8_b77d6639-8841-4f08-ac69-caaea0a285bd-150x150.jpg 150w\" sizes=\"(max-width: 750px) 100vw, 750px\" \/><\/div>\n<ul>\n<li>Protection int\u00e9grale\u00a0: Offre une protection \u00e0 360\u00b0 pour pr\u00e9server l\u2019aspect impeccable des si\u00e8ges de votre Toyota Land Cruiser Tesla\/Model contre la salet\u00e9, les taches, les \u00e9raflures et l\u2019usure caus\u00e9e par les animaux domestiques ou les enfants. Les traces de pattes boueuses et les boissons renvers\u00e9es par les enfants s\u2019enl\u00e8vent facilement d\u2019un simple coup de chiffon, redonnant \u00e0 vos si\u00e8ges leur aspect neuf.<\/li>\n<\/ul>\n<div><img loading=\"lazy\" decoding=\"async\" class=\"wd-lazy-fade alignnone size-full wp-image-10048\" src=\"https:\/\/covers4car.com\/wp-content\/themes\/woodmart\/images\/lazy.svg\" data-src=\"https:\/\/covers4car.com\/wp-content\/uploads\/2024\/11\/A4_a7f33a7e-b5d8-4877-b302-171eb64df151.jpg\" alt=\"\" width=\"750\" height=\"463\" srcset=\"\" data-srcset=\"https:\/\/covers4car.com\/wp-content\/uploads\/2024\/11\/A4_a7f33a7e-b5d8-4877-b302-171eb64df151.jpg 750w, https:\/\/covers4car.com\/wp-content\/uploads\/2024\/11\/A4_a7f33a7e-b5d8-4877-b302-171eb64df151-148x91.jpg 148w, https:\/\/covers4car.com\/wp-content\/uploads\/2024\/11\/A4_a7f33a7e-b5d8-4877-b302-171eb64df151-300x185.jpg 300w\" sizes=\"(max-width: 750px) 100vw, 750px\" \/><\/div>\n<ul>\n<li>Long\u00e9vit\u00e9 et valeur de revente : Prolonge la dur\u00e9e de vie de vos si\u00e8ges Tesla de 5 \u00e0 6 ans, les prot\u00e9geant des dommages et pr\u00e9servant le potentiel de revente du v\u00e9hicule.<\/li>\n<\/ul>\n<div><img loading=\"lazy\" decoding=\"async\" class=\"wd-lazy-fade alignnone size-full wp-image-10050\" src=\"https:\/\/covers4car.com\/wp-content\/themes\/woodmart\/images\/lazy.svg\" data-src=\"https:\/\/covers4car.com\/wp-content\/uploads\/2024\/11\/B6_dd615875-ce16-4f9a-a1c1-f298f3c03383.jpg\" alt=\"\" width=\"750\" height=\"463\" srcset=\"\" data-srcset=\"https:\/\/covers4car.com\/wp-content\/uploads\/2024\/11\/B6_dd615875-ce16-4f9a-a1c1-f298f3c03383.jpg 750w, https:\/\/covers4car.com\/wp-content\/uploads\/2024\/11\/B6_dd615875-ce16-4f9a-a1c1-f298f3c03383-148x91.jpg 148w, https:\/\/covers4car.com\/wp-content\/uploads\/2024\/11\/B6_dd615875-ce16-4f9a-a1c1-f298f3c03383-300x185.jpg 300w\" sizes=\"(max-width: 750px) 100vw, 750px\" \/><\/div>\n<ul>\n<li>Confortable sur les longs trajets : B\u00e9n\u00e9ficiez d&#039;un confort in\u00e9gal\u00e9 sur les longs trajets avec nos housses de si\u00e8ge personnalis\u00e9es et tout compris, con\u00e7ues pour offrir un amorti et un soutien sup\u00e9rieurs, vous assurant de rester d\u00e9tendu et confortable, quelle que soit la distance que vous parcourez.<\/li>\n<\/ul>\n<div><img loading=\"lazy\" decoding=\"async\" class=\"wd-lazy-fade alignnone size-full wp-image-10049\" src=\"https:\/\/covers4car.com\/wp-content\/themes\/woodmart\/images\/lazy.svg\" data-src=\"https:\/\/covers4car.com\/wp-content\/uploads\/2024\/11\/A5_439d7976-5d38-4d1f-9c7f-1edda6314879.jpg\" alt=\"\" width=\"750\" height=\"463\" srcset=\"\" data-srcset=\"https:\/\/covers4car.com\/wp-content\/uploads\/2024\/11\/A5_439d7976-5d38-4d1f-9c7f-1edda6314879.jpg 750w, https:\/\/covers4car.com\/wp-content\/uploads\/2024\/11\/A5_439d7976-5d38-4d1f-9c7f-1edda6314879-148x91.jpg 148w, https:\/\/covers4car.com\/wp-content\/uploads\/2024\/11\/A5_439d7976-5d38-4d1f-9c7f-1edda6314879-300x185.jpg 300w\" sizes=\"(max-width: 750px) 100vw, 750px\" \/><\/div>\n<p><strong>Compatibilit\u00e9\u00a0: Mod\u00e8les 7 places Model Y (2021-2024) (Non compatible avec les mod\u00e8les 5 places Model Y)<\/strong><\/p>\n<p><strong>Le forfait comprend:<\/strong><\/p>\n<p><strong>Si\u00e8ges avant et 2e rang\u00e9e :<\/strong><\/p>\n<ul>\n<li>2x housses de si\u00e8ge avant<\/li>\n<li>1x housse d&#039;accoudoir<\/li>\n<li>1x plein <span style=\"color: #0f1111; font-family: Amazon Ember, Arial, sans-serif;\"><span style=\"font-size: 14px;\">deuxi\u00e8me rang\u00e9e <\/span><\/span>housse de si\u00e8ge<\/li>\n<\/ul>\n<p><strong>Si\u00e8ges avant uniquement<\/strong><\/p>\n<ul>\n<li>2x housses de si\u00e8ge avant<\/li>\n<li>1x housse d&#039;accoudoir<\/li>\n<\/ul>\n<p><strong>Si\u00e8ges de 2e rang\u00e9e uniquement<\/strong><\/p>\n<ul>\n<li>1x plein <span style=\"color: #0f1111; font-family: Amazon Ember, Arial, sans-serif;\"><span style=\"font-size: 14px;\">deuxi\u00e8me rang\u00e9e <\/span><\/span>housse de si\u00e8ge<\/li>\n<\/ul>","protected":false},"excerpt":{"rendered":"<p>Transformez votre exp\u00e9rience de conduite avec la housse de si\u00e8ge Covers4car All-Inclusive 2021-2024 Model Y 7 (banquette 2e rang\u00e9e fractionnable 40\/60) pour Tesla, m\u00e9ticuleusement con\u00e7ue.<\/p>","protected":false},"featured_media":21721,"comment_status":"open","ping_status":"closed","template":"","meta":{"_acf_changed":false,"_monsterinsights_skip_tracking":false,"_monsterinsights_sitenote_active":false,"_monsterinsights_sitenote_note":"","_monsterinsights_sitenote_category":0},"product_brand":[],"product_cat":[124,87,22972],"product_tag":[55009],"jet_color":[],"jet_material":[],"jet_coverage":[],"class_list":{"0":"post-20479","1":"product","2":"type-product","3":"status-publish","4":"has-post-thumbnail","6":"product_cat-seat-cover","7":"product_cat-seat-cover-for-tesla","8":"product_cat-seat-cover-for-tesla-model-y","9":"product_tag-fit-my-7-seater","11":"first","12":"instock","13":"shipping-taxable","14":"purchasable","15":"product-type-variable","16":"has-default-attributes","17":"wvs-archive-product-wrapper"},"acf":[],"yoast_head":"<!-- This site is optimized with the Yoast SEO Premium plugin v26.4 (Yoast SEO v26.4) - https:\/\/yoast.com\/wordpress\/plugins\/seo\/ -->\n<title>Custom Fit Seat Cover for Tesla Model Y 7 Seater 2021-2024<\/title>\n<meta name=\"description\" content=\"Premium all-inclusive seat covers for Tesla Model Y 7 Seater (2021-2024). Fits 1st &amp; 2nd rows, 40\/60 split bench design, stylish &amp; durable.\" \/>\n<meta name=\"robots\" content=\"index, follow, max-snippet:-1, max-image-preview:large, max-video-preview:-1\" \/>\n<link rel=\"canonical\" href=\"https:\/\/covers4car.com\/fr\/produit\/custom-fit-all-inclusive-seat-for-tesla-model-y-7-seat-2nd-row-40-60-split-bench-design\/\" \/>\n<meta property=\"og:locale\" content=\"fr_FR\" \/>\n<meta property=\"og:type\" content=\"article\" \/>\n<meta property=\"og:title\" content=\"Custom Fit All Inclusive Seat Cover for Tesla Model Y 7 Seater( 2nd-Row 40\/60 Split Bench Design)\" \/>\n<meta property=\"og:description\" content=\"Premium all-inclusive seat covers for Tesla Model Y 7 Seater (2021-2024). Fits 1st &amp; 2nd rows, 40\/60 split bench design, stylish &amp; durable.\" \/>\n<meta property=\"og:url\" content=\"https:\/\/covers4car.com\/fr\/produit\/custom-fit-all-inclusive-seat-for-tesla-model-y-7-seat-2nd-row-40-60-split-bench-design\/\" \/>\n<meta property=\"og:site_name\" content=\"Covers4Car\" \/>\n<meta property=\"article:publisher\" content=\"https:\/\/www.facebook.com\/profile.php?id=61564533557142\" \/>\n<meta property=\"article:modified_time\" content=\"2026-03-15T16:38:44+00:00\" \/>\n<meta property=\"og:image\" content=\"https:\/\/covers4car.com\/wp-content\/uploads\/2025\/08\/new_1-13.webp\" \/>\n\t<meta property=\"og:image:width\" content=\"1000\" \/>\n\t<meta property=\"og:image:height\" content=\"1000\" \/>\n\t<meta property=\"og:image:type\" content=\"image\/webp\" \/>\n<meta name=\"twitter:card\" content=\"summary_large_image\" \/>\n<meta name=\"twitter:site\" content=\"@covers4carstore\" \/>\n<meta name=\"twitter:label1\" content=\"Dur\u00e9e de lecture estim\u00e9e\" \/>\n\t<meta name=\"twitter:data1\" content=\"4 minutes\" \/>\n<script type=\"application\/ld+json\" class=\"yoast-schema-graph\">{\"@context\":\"https:\/\/schema.org\",\"@graph\":[{\"@type\":\"WebPage\",\"@id\":\"https:\/\/covers4car.com\/product\/custom-fit-all-inclusive-seat-for-tesla-model-y-7-seat-2nd-row-40-60-split-bench-design\/\",\"url\":\"https:\/\/covers4car.com\/product\/custom-fit-all-inclusive-seat-for-tesla-model-y-7-seat-2nd-row-40-60-split-bench-design\/\",\"name\":\"Custom Fit Seat Cover for Tesla Model Y 7 Seater 2021-2024\",\"isPartOf\":{\"@id\":\"https:\/\/covers4car.com\/#website\"},\"primaryImageOfPage\":{\"@id\":\"https:\/\/covers4car.com\/product\/custom-fit-all-inclusive-seat-for-tesla-model-y-7-seat-2nd-row-40-60-split-bench-design\/#primaryimage\"},\"image\":{\"@id\":\"https:\/\/covers4car.com\/product\/custom-fit-all-inclusive-seat-for-tesla-model-y-7-seat-2nd-row-40-60-split-bench-design\/#primaryimage\"},\"thumbnailUrl\":\"https:\/\/covers4car.com\/wp-content\/uploads\/2025\/08\/new_1-13.webp\",\"datePublished\":\"2025-08-21T09:50:52+00:00\",\"dateModified\":\"2026-03-15T16:38:44+00:00\",\"description\":\"Premium all-inclusive seat covers for Tesla Model Y 7 Seater (2021-2024). Fits 1st & 2nd rows, 40\/60 split bench design, stylish & durable.\",\"breadcrumb\":{\"@id\":\"https:\/\/covers4car.com\/product\/custom-fit-all-inclusive-seat-for-tesla-model-y-7-seat-2nd-row-40-60-split-bench-design\/#breadcrumb\"},\"inLanguage\":\"fr-FR\",\"potentialAction\":[{\"@type\":\"ReadAction\",\"target\":[\"https:\/\/covers4car.com\/product\/custom-fit-all-inclusive-seat-for-tesla-model-y-7-seat-2nd-row-40-60-split-bench-design\/\"]}]},{\"@type\":\"ImageObject\",\"inLanguage\":\"fr-FR\",\"@id\":\"https:\/\/covers4car.com\/product\/custom-fit-all-inclusive-seat-for-tesla-model-y-7-seat-2nd-row-40-60-split-bench-design\/#primaryimage\",\"url\":\"https:\/\/covers4car.com\/wp-content\/uploads\/2025\/08\/new_1-13.webp\",\"contentUrl\":\"https:\/\/covers4car.com\/wp-content\/uploads\/2025\/08\/new_1-13.webp\",\"width\":1000,\"height\":1000},{\"@type\":\"BreadcrumbList\",\"@id\":\"https:\/\/covers4car.com\/product\/custom-fit-all-inclusive-seat-for-tesla-model-y-7-seat-2nd-row-40-60-split-bench-design\/#breadcrumb\",\"itemListElement\":[{\"@type\":\"ListItem\",\"position\":1,\"name\":\"Home\",\"item\":\"https:\/\/covers4car.com\/\"},{\"@type\":\"ListItem\",\"position\":2,\"name\":\"Shop\",\"item\":\"https:\/\/covers4car.com\/shop\/\"},{\"@type\":\"ListItem\",\"position\":3,\"name\":\"Custom Fit All Inclusive Seat Cover for Tesla Model Y 7 Seater( 2nd-Row 40\/60 Split Bench Design)\"}]},{\"@type\":\"WebSite\",\"@id\":\"https:\/\/covers4car.com\/#website\",\"url\":\"https:\/\/covers4car.com\/\",\"name\":\"Covers4Car\",\"description\":\"Professional Seat Covers Tailored for Your Vehicle\",\"publisher\":{\"@id\":\"https:\/\/covers4car.com\/#organization\"},\"potentialAction\":[{\"@type\":\"SearchAction\",\"target\":{\"@type\":\"EntryPoint\",\"urlTemplate\":\"https:\/\/covers4car.com\/?s={search_term_string}\"},\"query-input\":{\"@type\":\"PropertyValueSpecification\",\"valueRequired\":true,\"valueName\":\"search_term_string\"}}],\"inLanguage\":\"fr-FR\"},{\"@type\":\"Organization\",\"@id\":\"https:\/\/covers4car.com\/#organization\",\"name\":\"Covers4Car\",\"url\":\"https:\/\/covers4car.com\/\",\"logo\":{\"@type\":\"ImageObject\",\"inLanguage\":\"fr-FR\",\"@id\":\"https:\/\/covers4car.com\/#\/schema\/logo\/image\/\",\"url\":\"https:\/\/covers4car.com\/wp-content\/uploads\/2024\/11\/Asset-2@5x-copy.jpg\",\"contentUrl\":\"https:\/\/covers4car.com\/wp-content\/uploads\/2024\/11\/Asset-2@5x-copy.jpg\",\"width\":877,\"height\":877,\"caption\":\"Covers4Car\"},\"image\":{\"@id\":\"https:\/\/covers4car.com\/#\/schema\/logo\/image\/\"},\"sameAs\":[\"https:\/\/www.facebook.com\/profile.php?id=61564533557142\",\"https:\/\/x.com\/covers4carstore\"]}]}<\/script>\n<!-- \/ Yoast SEO Premium plugin. -->","yoast_head_json":{"title":"Custom Fit Seat Cover for Tesla Model Y 7 Seater 2021-2024","description":"Premium all-inclusive seat covers for Tesla Model Y 7 Seater (2021-2024). Fits 1st & 2nd rows, 40\/60 split bench design, stylish & durable.","robots":{"index":"index","follow":"follow","max-snippet":"max-snippet:-1","max-image-preview":"max-image-preview:large","max-video-preview":"max-video-preview:-1"},"canonical":"https:\/\/covers4car.com\/fr\/produit\/custom-fit-all-inclusive-seat-for-tesla-model-y-7-seat-2nd-row-40-60-split-bench-design\/","og_locale":"fr_FR","og_type":"article","og_title":"Custom Fit All Inclusive Seat Cover for Tesla Model Y 7 Seater( 2nd-Row 40\/60 Split Bench Design)","og_description":"Premium all-inclusive seat covers for Tesla Model Y 7 Seater (2021-2024). Fits 1st & 2nd rows, 40\/60 split bench design, stylish & durable.","og_url":"https:\/\/covers4car.com\/fr\/produit\/custom-fit-all-inclusive-seat-for-tesla-model-y-7-seat-2nd-row-40-60-split-bench-design\/","og_site_name":"Covers4Car","article_publisher":"https:\/\/www.facebook.com\/profile.php?id=61564533557142","article_modified_time":"2026-03-15T16:38:44+00:00","og_image":[{"width":1000,"height":1000,"url":"https:\/\/covers4car.com\/wp-content\/uploads\/2025\/08\/new_1-13.webp","type":"image\/webp"}],"twitter_card":"summary_large_image","twitter_site":"@covers4carstore","twitter_misc":{"Dur\u00e9e de lecture estim\u00e9e":"4 minutes"},"schema":{"@context":"https:\/\/schema.org","@graph":[{"@type":"WebPage","@id":"https:\/\/covers4car.com\/product\/custom-fit-all-inclusive-seat-for-tesla-model-y-7-seat-2nd-row-40-60-split-bench-design\/","url":"https:\/\/covers4car.com\/product\/custom-fit-all-inclusive-seat-for-tesla-model-y-7-seat-2nd-row-40-60-split-bench-design\/","name":"Custom Fit Seat Cover for Tesla Model Y 7 Seater 2021-2024","isPartOf":{"@id":"https:\/\/covers4car.com\/#website"},"primaryImageOfPage":{"@id":"https:\/\/covers4car.com\/product\/custom-fit-all-inclusive-seat-for-tesla-model-y-7-seat-2nd-row-40-60-split-bench-design\/#primaryimage"},"image":{"@id":"https:\/\/covers4car.com\/product\/custom-fit-all-inclusive-seat-for-tesla-model-y-7-seat-2nd-row-40-60-split-bench-design\/#primaryimage"},"thumbnailUrl":"https:\/\/covers4car.com\/wp-content\/uploads\/2025\/08\/new_1-13.webp","datePublished":"2025-08-21T09:50:52+00:00","dateModified":"2026-03-15T16:38:44+00:00","description":"Premium all-inclusive seat covers for Tesla Model Y 7 Seater (2021-2024). Fits 1st & 2nd rows, 40\/60 split bench design, stylish & durable.","breadcrumb":{"@id":"https:\/\/covers4car.com\/product\/custom-fit-all-inclusive-seat-for-tesla-model-y-7-seat-2nd-row-40-60-split-bench-design\/#breadcrumb"},"inLanguage":"fr-FR","potentialAction":[{"@type":"ReadAction","target":["https:\/\/covers4car.com\/product\/custom-fit-all-inclusive-seat-for-tesla-model-y-7-seat-2nd-row-40-60-split-bench-design\/"]}]},{"@type":"ImageObject","inLanguage":"fr-FR","@id":"https:\/\/covers4car.com\/product\/custom-fit-all-inclusive-seat-for-tesla-model-y-7-seat-2nd-row-40-60-split-bench-design\/#primaryimage","url":"https:\/\/covers4car.com\/wp-content\/uploads\/2025\/08\/new_1-13.webp","contentUrl":"https:\/\/covers4car.com\/wp-content\/uploads\/2025\/08\/new_1-13.webp","width":1000,"height":1000},{"@type":"BreadcrumbList","@id":"https:\/\/covers4car.com\/product\/custom-fit-all-inclusive-seat-for-tesla-model-y-7-seat-2nd-row-40-60-split-bench-design\/#breadcrumb","itemListElement":[{"@type":"ListItem","position":1,"name":"Home","item":"https:\/\/covers4car.com\/"},{"@type":"ListItem","position":2,"name":"Shop","item":"https:\/\/covers4car.com\/shop\/"},{"@type":"ListItem","position":3,"name":"Custom Fit All Inclusive Seat Cover for Tesla Model Y 7 Seater( 2nd-Row 40\/60 Split Bench Design)"}]},{"@type":"WebSite","@id":"https:\/\/covers4car.com\/#website","url":"https:\/\/covers4car.com\/","name":"Covers4Car","description":"Housses de si\u00e8ge professionnelles adapt\u00e9es \u00e0 votre v\u00e9hicule","publisher":{"@id":"https:\/\/covers4car.com\/#organization"},"potentialAction":[{"@type":"SearchAction","target":{"@type":"EntryPoint","urlTemplate":"https:\/\/covers4car.com\/?s={search_term_string}"},"query-input":{"@type":"PropertyValueSpecification","valueRequired":true,"valueName":"search_term_string"}}],"inLanguage":"fr-FR"},{"@type":"Organization","@id":"https:\/\/covers4car.com\/#organization","name":"Covers4Car","url":"https:\/\/covers4car.com\/","logo":{"@type":"ImageObject","inLanguage":"fr-FR","@id":"https:\/\/covers4car.com\/#\/schema\/logo\/image\/","url":"https:\/\/covers4car.com\/wp-content\/uploads\/2024\/11\/Asset-2@5x-copy.jpg","contentUrl":"https:\/\/covers4car.com\/wp-content\/uploads\/2024\/11\/Asset-2@5x-copy.jpg","width":877,"height":877,"caption":"Covers4Car"},"image":{"@id":"https:\/\/covers4car.com\/#\/schema\/logo\/image\/"},"sameAs":["https:\/\/www.facebook.com\/profile.php?id=61564533557142","https:\/\/x.com\/covers4carstore"]}]}},"_links":{"self":[{"href":"https:\/\/covers4car.com\/fr\/wp-json\/wp\/v2\/product\/20479","targetHints":{"allow":["GET"]}}],"collection":[{"href":"https:\/\/covers4car.com\/fr\/wp-json\/wp\/v2\/product"}],"about":[{"href":"https:\/\/covers4car.com\/fr\/wp-json\/wp\/v2\/types\/product"}],"replies":[{"embeddable":true,"href":"https:\/\/covers4car.com\/fr\/wp-json\/wp\/v2\/comments?post=20479"}],"version-history":[{"count":0,"href":"https:\/\/covers4car.com\/fr\/wp-json\/wp\/v2\/product\/20479\/revisions"}],"wp:featuredmedia":[{"embeddable":true,"href":"https:\/\/covers4car.com\/fr\/wp-json\/wp\/v2\/media\/21721"}],"wp:attachment":[{"href":"https:\/\/covers4car.com\/fr\/wp-json\/wp\/v2\/media?parent=20479"}],"wp:term":[{"taxonomy":"product_brand","embeddable":true,"href":"https:\/\/covers4car.com\/fr\/wp-json\/wp\/v2\/product_brand?post=20479"},{"taxonomy":"product_cat","embeddable":true,"href":"https:\/\/covers4car.com\/fr\/wp-json\/wp\/v2\/product_cat?post=20479"},{"taxonomy":"product_tag","embeddable":true,"href":"https:\/\/covers4car.com\/fr\/wp-json\/wp\/v2\/product_tag?post=20479"},{"taxonomy":"jet_color","embeddable":true,"href":"https:\/\/covers4car.com\/fr\/wp-json\/wp\/v2\/jet_color?post=20479"},{"taxonomy":"jet_material","embeddable":true,"href":"https:\/\/covers4car.com\/fr\/wp-json\/wp\/v2\/jet_material?post=20479"},{"taxonomy":"jet_coverage","embeddable":true,"href":"https:\/\/covers4car.com\/fr\/wp-json\/wp\/v2\/jet_coverage?post=20479"}],"curies":[{"name":"wp","href":"https:\/\/api.w.org\/{rel}","templated":true}]}}