{"id":20719,"date":"2025-08-21T22:10:34","date_gmt":"2025-08-22T05:10:34","guid":{"rendered":"https:\/\/covers4car.com\/?post_type=product&#038;p=20719"},"modified":"2026-04-04T03:07:15","modified_gmt":"2026-04-04T10:07:15","slug":"custom-fit-all-inclusive-seat-cover-for-new-tesla-model-y-juniper-2025","status":"publish","type":"product","link":"https:\/\/covers4car.com\/fr\/produit\/custom-fit-all-inclusive-seat-cover-for-new-tesla-model-y-juniper-2025\/","title":{"rendered":"Housse de si\u00e8ge sur mesure tout compris pour les nouveaux mod\u00e8les Tesla, Model et Juniper 2025+"},"content":{"rendered":"<p><iframe title=\"Lecteur vid\u00e9o YouTube\" src=\"https:\/\/www.youtube.com\/embed\/2zIkTJwJjxE?si=igJaLYkMUs6DF0UJ\" width=\"560\" height=\"315\" frameborder=\"0\" allowfullscreen=\"allowfullscreen\"><\/iframe><br \/>\nAm\u00e9liorez votre Tesla avec la housse de si\u00e8ge int\u00e9grale sur mesure Covers4Car pour Model Y Juniper 2025+. Con\u00e7ue pour un ajustement parfait, elle offre une protection optimale et un confort durable. Covers4Car garantit que chaque housse de si\u00e8ge reproduit fid\u00e8lement l&#039;aspect et le toucher des si\u00e8ges d&#039;origine de votre Tesla, pr\u00e9servant ainsi l&#039;\u00e9l\u00e9gance et la protection de votre int\u00e9rieur au quotidien.<\/p>\n<h3><span style=\"background-color: #ff0202; color: #f3f4f5;\"><strong>En stock maintenant ! <\/strong><\/span><span style=\"background-color: #ff0202; color: #f3f4f5;\"><strong>En stock maintenant !<\/strong><\/span><\/h3>\n<ul>\n<li><strong>Compatibilit\u00e9 : 2025+ Tesla Model Y Juniper (ne convient pas aux 7 places Model Y ou 2020-2024 Model Y)<\/strong><\/li>\n<li>Ajustement parfait de style usine : con\u00e7u pour correspondre \u00e0 l&#039;aspect et \u00e0 la sensation luxueux des si\u00e8ges d&#039;usine Tesla, garantissant un ajustement parfait et un attrait esth\u00e9tique.<\/li>\n<\/ul>\n<div><img decoding=\"async\" src=\"https:\/\/cdn.shopify.com\/s\/files\/1\/0645\/2199\/4463\/files\/MY_Juniper_Seat_Cover_10_ae19cff9-09f3-4221-a9ec-9b951d53e8fd.jpg?v=1744165769\" alt=\"\" \/><img decoding=\"async\" src=\"https:\/\/cdn.shopify.com\/s\/files\/1\/0645\/2199\/4463\/files\/MY_Juniper_Seat_Cover_5_249ceda3-4c4c-4de2-9186-99fb6ea40296.jpg?v=1744165785\" alt=\"\" \/><\/div>\n<ul>\n<li>Pr\u00e9sentation du nouveau Nappa avec logo + insigne \u00e0 3 lignes : une mise \u00e0 niveau raffin\u00e9e qui allie parfaitement le style signature \u00e0 notre logo de la s\u00e9rie Launch.<\/li>\n<\/ul>\n<p><a href=\"https:\/\/covers4car.com\/wp-content\/uploads\/2025\/08\/1-3-4.webp\"><img fetchpriority=\"high\" decoding=\"async\" class=\"wd-lazy-fade alignnone size-full wp-image-21822\" src=\"https:\/\/covers4car.com\/wp-content\/themes\/woodmart\/images\/lazy.svg\" data-src=\"https:\/\/covers4car.com\/wp-content\/uploads\/2025\/08\/1-3-4.webp\" alt=\"\" width=\"1000\" height=\"1000\" srcset=\"\" data-srcset=\"https:\/\/covers4car.com\/wp-content\/uploads\/2025\/08\/1-3-4.webp 1000w, https:\/\/covers4car.com\/wp-content\/uploads\/2025\/08\/1-3-4-300x300.webp 300w, https:\/\/covers4car.com\/wp-content\/uploads\/2025\/08\/1-3-4-150x150.webp 150w, https:\/\/covers4car.com\/wp-content\/uploads\/2025\/08\/1-3-4-768x768.webp 768w, https:\/\/covers4car.com\/wp-content\/uploads\/2025\/08\/1-3-4-12x12.webp 12w, https:\/\/covers4car.com\/wp-content\/uploads\/2025\/08\/1-3-4-600x600.webp 600w, https:\/\/covers4car.com\/wp-content\/uploads\/2025\/08\/1-3-4-148x148.webp 148w, https:\/\/covers4car.com\/wp-content\/uploads\/2025\/08\/1-3-4-50x50.webp 50w, https:\/\/covers4car.com\/wp-content\/uploads\/2025\/08\/1-3-4-100x100.webp 100w\" sizes=\"(max-width: 1000px) 100vw, 1000px\" \/><\/a><\/p>\n<p>&nbsp;<\/p>\n<ul>\n<li><strong>N&#039;affecte pas l&#039;utilisation de votre bouton lat\u00e9ral.<\/strong><\/li>\n<\/ul>\n<p><a href=\"https:\/\/covers4car.com\/wp-content\/uploads\/2025\/08\/14-1.webp\"><img decoding=\"async\" class=\"wd-lazy-fade alignnone size-full wp-image-21649\" src=\"https:\/\/covers4car.com\/wp-content\/themes\/woodmart\/images\/lazy.svg\" data-src=\"https:\/\/covers4car.com\/wp-content\/uploads\/2025\/08\/14-1.webp\" alt=\"\" width=\"1000\" height=\"1000\" srcset=\"\" data-srcset=\"https:\/\/covers4car.com\/wp-content\/uploads\/2025\/08\/14-1.webp 1000w, https:\/\/covers4car.com\/wp-content\/uploads\/2025\/08\/14-1-300x300.webp 300w, https:\/\/covers4car.com\/wp-content\/uploads\/2025\/08\/14-1-150x150.webp 150w, https:\/\/covers4car.com\/wp-content\/uploads\/2025\/08\/14-1-768x768.webp 768w, https:\/\/covers4car.com\/wp-content\/uploads\/2025\/08\/14-1-12x12.webp 12w, https:\/\/covers4car.com\/wp-content\/uploads\/2025\/08\/14-1-600x600.webp 600w, https:\/\/covers4car.com\/wp-content\/uploads\/2025\/08\/14-1-148x148.webp 148w, https:\/\/covers4car.com\/wp-content\/uploads\/2025\/08\/14-1-50x50.webp 50w, https:\/\/covers4car.com\/wp-content\/uploads\/2025\/08\/14-1-100x100.webp 100w\" sizes=\"(max-width: 1000px) 100vw, 1000px\" \/><\/a><\/p>\n<ul>\n<li>Durabilit\u00e9 am\u00e9lior\u00e9e : Fabriqu\u00e9 \u00e0 partir de mat\u00e9riaux durables avec une surface lisse et respirante, facile \u00e0 nettoyer et qui maintient le confort en toutes saisons.<\/li>\n<\/ul>\n<div>\n<div>\n<div>\n<div><img decoding=\"async\" class=\"wd-lazy-fade alignnone wp-image-10054\" src=\"https:\/\/covers4car.com\/wp-content\/themes\/woodmart\/images\/lazy.svg\" data-src=\"https:\/\/covers4car.com\/wp-content\/uploads\/2024\/11\/7.jpg\" alt=\"\" width=\"750\" height=\"750\" srcset=\"\" data-srcset=\"https:\/\/covers4car.com\/wp-content\/uploads\/2024\/11\/7.jpg 2000w, https:\/\/covers4car.com\/wp-content\/uploads\/2024\/11\/7-600x600.jpg 600w, https:\/\/covers4car.com\/wp-content\/uploads\/2024\/11\/7-148x148.jpg 148w, https:\/\/covers4car.com\/wp-content\/uploads\/2024\/11\/7-1200x1200.jpg 1200w, https:\/\/covers4car.com\/wp-content\/uploads\/2024\/11\/7-300x300.jpg 300w, https:\/\/covers4car.com\/wp-content\/uploads\/2024\/11\/7-1024x1024.jpg 1024w, https:\/\/covers4car.com\/wp-content\/uploads\/2024\/11\/7-150x150.jpg 150w, https:\/\/covers4car.com\/wp-content\/uploads\/2024\/11\/7-768x768.jpg 768w, https:\/\/covers4car.com\/wp-content\/uploads\/2024\/11\/7-1536x1536.jpg 1536w\" sizes=\"(max-width: 750px) 100vw, 750px\" \/><\/div>\n<\/div>\n<\/div>\n<\/div>\n<ul>\n<li>S\u00e9curit\u00e9 de conduite : Comprend des ouvertures d&#039;airbag r\u00e9serv\u00e9es pour une s\u00e9curit\u00e9 et une tranquillit\u00e9 d&#039;esprit accrues.<\/li>\n<\/ul>\n<div><a href=\"https:\/\/covers4car.com\/wp-content\/uploads\/2025\/08\/10-3.webp\"><img loading=\"lazy\" decoding=\"async\" class=\"wd-lazy-fade alignnone size-full wp-image-21582\" src=\"https:\/\/covers4car.com\/wp-content\/themes\/woodmart\/images\/lazy.svg\" data-src=\"https:\/\/covers4car.com\/wp-content\/uploads\/2025\/08\/10-3.webp\" alt=\"\" width=\"1000\" height=\"1000\" srcset=\"\" data-srcset=\"https:\/\/covers4car.com\/wp-content\/uploads\/2025\/08\/10-3.webp 1000w, https:\/\/covers4car.com\/wp-content\/uploads\/2025\/08\/10-3-300x300.webp 300w, https:\/\/covers4car.com\/wp-content\/uploads\/2025\/08\/10-3-150x150.webp 150w, https:\/\/covers4car.com\/wp-content\/uploads\/2025\/08\/10-3-768x768.webp 768w, https:\/\/covers4car.com\/wp-content\/uploads\/2025\/08\/10-3-12x12.webp 12w, https:\/\/covers4car.com\/wp-content\/uploads\/2025\/08\/10-3-600x600.webp 600w, https:\/\/covers4car.com\/wp-content\/uploads\/2025\/08\/10-3-148x148.webp 148w, https:\/\/covers4car.com\/wp-content\/uploads\/2025\/08\/10-3-50x50.webp 50w, https:\/\/covers4car.com\/wp-content\/uploads\/2025\/08\/10-3-100x100.webp 100w\" sizes=\"(max-width: 1000px) 100vw, 1000px\" \/><\/a><\/div>\n<ul>\n<li>Protection int\u00e9grale\u00a0: Offre une protection \u00e0 360\u00b0 pour pr\u00e9server l\u2019aspect impeccable des si\u00e8ges de votre Model Y Juniper, les prot\u00e9geant ainsi de la salet\u00e9, des taches, des \u00e9raflures et de l\u2019usure caus\u00e9e par les animaux domestiques ou les enfants. Les traces de pattes boueuses de vos animaux et les boissons renvers\u00e9es par les enfants s\u2019enl\u00e8vent facilement d\u2019un simple coup de chiffon, redonnant \u00e0 vos si\u00e8ges leur aspect neuf.<\/li>\n<\/ul>\n<div><img decoding=\"async\" src=\"https:\/\/cdn.shopify.com\/s\/files\/1\/0645\/2199\/4463\/files\/MY_Juniper_Seat_Cover_7_0a148592-3765-42a4-b374-f1285e5354e0.jpg?v=1744165859\" alt=\"\" \/><\/div>\n<ul>\n<li>Long\u00e9vit\u00e9 et valeur de revente : Prolonge la dur\u00e9e de vie de vos si\u00e8ges Tesla de 5 \u00e0 6 ans, les prot\u00e9geant des dommages et pr\u00e9servant le potentiel de revente du v\u00e9hicule.<\/li>\n<\/ul>\n<div>\n<div>\n<div>\n<div><img loading=\"lazy\" decoding=\"async\" class=\"wd-lazy-fade alignnone size-full wp-image-10050\" src=\"https:\/\/covers4car.com\/wp-content\/themes\/woodmart\/images\/lazy.svg\" data-src=\"https:\/\/covers4car.com\/wp-content\/uploads\/2024\/11\/B6_dd615875-ce16-4f9a-a1c1-f298f3c03383.jpg\" alt=\"\" width=\"750\" height=\"463\" srcset=\"\" data-srcset=\"https:\/\/covers4car.com\/wp-content\/uploads\/2024\/11\/B6_dd615875-ce16-4f9a-a1c1-f298f3c03383.jpg 750w, https:\/\/covers4car.com\/wp-content\/uploads\/2024\/11\/B6_dd615875-ce16-4f9a-a1c1-f298f3c03383-148x91.jpg 148w, https:\/\/covers4car.com\/wp-content\/uploads\/2024\/11\/B6_dd615875-ce16-4f9a-a1c1-f298f3c03383-300x185.jpg 300w\" sizes=\"(max-width: 750px) 100vw, 750px\" \/><img decoding=\"async\" src=\"https:\/\/cdn.shopify.com\/s\/files\/1\/0645\/2199\/4463\/files\/MY_Juniper_Seat_Cover_12_2f7f7961-836f-4138-8ba1-5d22349f64ea.jpg?v=1744165891\" alt=\"\" \/><\/div>\n<\/div>\n<\/div>\n<\/div>\n<ul>\n<li>Conception enti\u00e8rement envelopp\u00e9e : pr\u00e9sente une conception enti\u00e8rement enveloppante qui couvre chaque centim\u00e8tre de vos nouveaux si\u00e8ges Juniper Tesla Model Y, ne laissant aucun coin sans protection pour une protection compl\u00e8te du si\u00e8ge.<\/li>\n<\/ul>\n<p><a href=\"https:\/\/covers4car.com\/wp-content\/uploads\/2025\/08\/4-4.webp\"><img loading=\"lazy\" decoding=\"async\" class=\"wd-lazy-fade alignnone size-full wp-image-21576\" src=\"https:\/\/covers4car.com\/wp-content\/themes\/woodmart\/images\/lazy.svg\" data-src=\"https:\/\/covers4car.com\/wp-content\/uploads\/2025\/08\/4-4.webp\" alt=\"\" width=\"1000\" height=\"1000\" srcset=\"\" data-srcset=\"https:\/\/covers4car.com\/wp-content\/uploads\/2025\/08\/4-4.webp 1000w, https:\/\/covers4car.com\/wp-content\/uploads\/2025\/08\/4-4-300x300.webp 300w, https:\/\/covers4car.com\/wp-content\/uploads\/2025\/08\/4-4-150x150.webp 150w, https:\/\/covers4car.com\/wp-content\/uploads\/2025\/08\/4-4-768x768.webp 768w, https:\/\/covers4car.com\/wp-content\/uploads\/2025\/08\/4-4-12x12.webp 12w, https:\/\/covers4car.com\/wp-content\/uploads\/2025\/08\/4-4-600x600.webp 600w, https:\/\/covers4car.com\/wp-content\/uploads\/2025\/08\/4-4-148x148.webp 148w, https:\/\/covers4car.com\/wp-content\/uploads\/2025\/08\/4-4-50x50.webp 50w, https:\/\/covers4car.com\/wp-content\/uploads\/2025\/08\/4-4-100x100.webp 100w\" sizes=\"(max-width: 1000px) 100vw, 1000px\" \/><\/a><\/p>\n<ul>\n<li>Couleurs multiples : Disponible en plusieurs couleurs avec des options de combinaisons de couleurs bicolores, vous permettant de personnaliser l&#039;int\u00e9rieur de votre Model Y Juniper 2025+.<\/li>\n<\/ul>\n<div>\n<div>\n<div>\n<div><img loading=\"lazy\" decoding=\"async\" class=\"wd-lazy-fade alignnone size-full wp-image-10099\" src=\"https:\/\/covers4car.com\/wp-content\/themes\/woodmart\/images\/lazy.svg\" data-src=\"https:\/\/covers4car.com\/wp-content\/uploads\/2024\/11\/750-888.jpg\" alt=\"\" width=\"750\" height=\"750\" srcset=\"\" data-srcset=\"https:\/\/covers4car.com\/wp-content\/uploads\/2024\/11\/750-888.jpg 750w, https:\/\/covers4car.com\/wp-content\/uploads\/2024\/11\/750-888-600x600.jpg 600w, https:\/\/covers4car.com\/wp-content\/uploads\/2024\/11\/750-888-148x148.jpg 148w, https:\/\/covers4car.com\/wp-content\/uploads\/2024\/11\/750-888-300x300.jpg 300w, https:\/\/covers4car.com\/wp-content\/uploads\/2024\/11\/750-888-150x150.jpg 150w\" sizes=\"(max-width: 750px) 100vw, 750px\" \/><\/div>\n<\/div>\n<\/div>\n<\/div>\n<p><strong>Ensemble complet (si\u00e8ges avant et arri\u00e8re) :<\/strong><\/p>\n<ul>\n<li>2x housses de si\u00e8ge avant<\/li>\n<li>1x housse d&#039;accoudoir<\/li>\n<li>1x housse de si\u00e8ge arri\u00e8re compl\u00e8te<\/li>\n<\/ul>\n<p><strong>Si\u00e8ges avant uniquement<\/strong><\/p>\n<ul>\n<li>2x housses de si\u00e8ge avant<\/li>\n<li>1x housse d&#039;accoudoir<\/li>\n<\/ul>\n<p><strong>Si\u00e8ges arri\u00e8re uniquement<\/strong><\/p>\n<ul>\n<li>1x housse de si\u00e8ge arri\u00e8re compl\u00e8te<\/li>\n<\/ul>\n<p><strong>Guide d&#039;installation :<\/strong><br \/>\n<iframe title=\"Lecteur vid\u00e9o YouTube\" src=\"https:\/\/www.youtube.com\/embed\/NFjQ6E52cWo?si=iWXG1mTDw6Qig9Uc\" width=\"560\" height=\"315\" frameborder=\"0\" allowfullscreen=\"allowfullscreen\"><\/iframe><\/p>","protected":false},"excerpt":{"rendered":"<p>Am\u00e9liorez votre Tesla avec la housse de si\u00e8ge int\u00e9grale sur mesure Covers4Car pour Model Y Juniper 2025+. Con\u00e7ue pour un ajustement parfait, comme \u00e0 l&#039;origine,<\/p>","protected":false},"featured_media":21557,"comment_status":"open","ping_status":"closed","template":"","meta":{"_acf_changed":false,"_monsterinsights_skip_tracking":false,"_monsterinsights_sitenote_active":false,"_monsterinsights_sitenote_note":"","_monsterinsights_sitenote_category":0},"product_brand":[],"product_cat":[124,87,22972],"product_tag":[55006],"jet_color":[],"jet_material":[],"jet_coverage":[],"class_list":{"0":"post-20719","1":"product","2":"type-product","3":"status-publish","4":"has-post-thumbnail","6":"product_cat-seat-cover","7":"product_cat-seat-cover-for-tesla","8":"product_cat-seat-cover-for-tesla-model-y","9":"product_tag-fit-model-y-juniper","11":"first","12":"instock","13":"shipping-taxable","14":"purchasable","15":"product-type-variable","16":"has-default-attributes","17":"wvs-archive-product-wrapper"},"acf":[],"yoast_head":"<!-- This site is optimized with the Yoast SEO Premium plugin v26.4 (Yoast SEO v26.4) - https:\/\/yoast.com\/wordpress\/plugins\/seo\/ -->\n<title>Custom Fit All-Inclusive Seat Cover for New Tesla Model Y Juniper 2025+<\/title>\n<meta name=\"description\" content=\"Covers4Car Custom Fit All-Inclusive Seat Cover for Tesla Model Y Juniper 2025+. Durable, stylish, and factory-style protection for your Tesla interior.\" \/>\n<meta name=\"robots\" content=\"index, follow, max-snippet:-1, max-image-preview:large, max-video-preview:-1\" \/>\n<link rel=\"canonical\" href=\"https:\/\/covers4car.com\/fr\/produit\/custom-fit-all-inclusive-seat-cover-for-new-tesla-model-y-juniper-2025\/\" \/>\n<meta property=\"og:locale\" content=\"fr_FR\" \/>\n<meta property=\"og:type\" content=\"article\" \/>\n<meta property=\"og:title\" content=\"Custom Fit All-Inclusive Seat Cover for New Tesla Model Y Juniper 2025+\" \/>\n<meta property=\"og:description\" content=\"Covers4Car Custom Fit All-Inclusive Seat Cover for Tesla Model Y Juniper 2025+. Durable, stylish, and factory-style protection for your Tesla interior.\" \/>\n<meta property=\"og:url\" content=\"https:\/\/covers4car.com\/fr\/produit\/custom-fit-all-inclusive-seat-cover-for-new-tesla-model-y-juniper-2025\/\" \/>\n<meta property=\"og:site_name\" content=\"Covers4Car\" \/>\n<meta property=\"article:publisher\" content=\"https:\/\/www.facebook.com\/profile.php?id=61564533557142\" \/>\n<meta property=\"article:modified_time\" content=\"2026-04-04T10:07:15+00:00\" \/>\n<meta property=\"og:image\" content=\"https:\/\/covers4car.com\/wp-content\/uploads\/2025\/08\/1-33.webp\" \/>\n\t<meta property=\"og:image:width\" content=\"1000\" \/>\n\t<meta property=\"og:image:height\" content=\"1000\" \/>\n\t<meta property=\"og:image:type\" content=\"image\/webp\" \/>\n<meta name=\"twitter:card\" content=\"summary_large_image\" \/>\n<meta name=\"twitter:site\" content=\"@covers4carstore\" \/>\n<meta name=\"twitter:label1\" content=\"Dur\u00e9e de lecture estim\u00e9e\" \/>\n\t<meta name=\"twitter:data1\" content=\"4 minutes\" \/>\n<script type=\"application\/ld+json\" class=\"yoast-schema-graph\">{\"@context\":\"https:\/\/schema.org\",\"@graph\":[{\"@type\":\"WebPage\",\"@id\":\"https:\/\/covers4car.com\/product\/custom-fit-all-inclusive-seat-cover-for-new-tesla-model-y-juniper-2025\/\",\"url\":\"https:\/\/covers4car.com\/product\/custom-fit-all-inclusive-seat-cover-for-new-tesla-model-y-juniper-2025\/\",\"name\":\"Custom Fit All-Inclusive Seat Cover for New Tesla Model Y Juniper 2025+\",\"isPartOf\":{\"@id\":\"https:\/\/covers4car.com\/#website\"},\"primaryImageOfPage\":{\"@id\":\"https:\/\/covers4car.com\/product\/custom-fit-all-inclusive-seat-cover-for-new-tesla-model-y-juniper-2025\/#primaryimage\"},\"image\":{\"@id\":\"https:\/\/covers4car.com\/product\/custom-fit-all-inclusive-seat-cover-for-new-tesla-model-y-juniper-2025\/#primaryimage\"},\"thumbnailUrl\":\"https:\/\/covers4car.com\/wp-content\/uploads\/2025\/08\/1-33.webp\",\"datePublished\":\"2025-08-22T05:10:34+00:00\",\"dateModified\":\"2026-04-04T10:07:15+00:00\",\"description\":\"Covers4Car Custom Fit All-Inclusive Seat Cover for Tesla Model Y Juniper 2025+. Durable, stylish, and factory-style protection for your Tesla interior.\",\"breadcrumb\":{\"@id\":\"https:\/\/covers4car.com\/product\/custom-fit-all-inclusive-seat-cover-for-new-tesla-model-y-juniper-2025\/#breadcrumb\"},\"inLanguage\":\"fr-FR\",\"potentialAction\":[{\"@type\":\"ReadAction\",\"target\":[\"https:\/\/covers4car.com\/product\/custom-fit-all-inclusive-seat-cover-for-new-tesla-model-y-juniper-2025\/\"]}]},{\"@type\":\"ImageObject\",\"inLanguage\":\"fr-FR\",\"@id\":\"https:\/\/covers4car.com\/product\/custom-fit-all-inclusive-seat-cover-for-new-tesla-model-y-juniper-2025\/#primaryimage\",\"url\":\"https:\/\/covers4car.com\/wp-content\/uploads\/2025\/08\/1-33.webp\",\"contentUrl\":\"https:\/\/covers4car.com\/wp-content\/uploads\/2025\/08\/1-33.webp\",\"width\":1000,\"height\":1000},{\"@type\":\"BreadcrumbList\",\"@id\":\"https:\/\/covers4car.com\/product\/custom-fit-all-inclusive-seat-cover-for-new-tesla-model-y-juniper-2025\/#breadcrumb\",\"itemListElement\":[{\"@type\":\"ListItem\",\"position\":1,\"name\":\"Home\",\"item\":\"https:\/\/covers4car.com\/\"},{\"@type\":\"ListItem\",\"position\":2,\"name\":\"Shop\",\"item\":\"https:\/\/covers4car.com\/shop\/\"},{\"@type\":\"ListItem\",\"position\":3,\"name\":\"Custom Fit All-Inclusive Seat Cover for New Tesla Model Y Juniper 2025+\"}]},{\"@type\":\"WebSite\",\"@id\":\"https:\/\/covers4car.com\/#website\",\"url\":\"https:\/\/covers4car.com\/\",\"name\":\"Covers4Car\",\"description\":\"Professional Seat Covers Tailored for Your Vehicle\",\"publisher\":{\"@id\":\"https:\/\/covers4car.com\/#organization\"},\"potentialAction\":[{\"@type\":\"SearchAction\",\"target\":{\"@type\":\"EntryPoint\",\"urlTemplate\":\"https:\/\/covers4car.com\/?s={search_term_string}\"},\"query-input\":{\"@type\":\"PropertyValueSpecification\",\"valueRequired\":true,\"valueName\":\"search_term_string\"}}],\"inLanguage\":\"fr-FR\"},{\"@type\":\"Organization\",\"@id\":\"https:\/\/covers4car.com\/#organization\",\"name\":\"Covers4Car\",\"url\":\"https:\/\/covers4car.com\/\",\"logo\":{\"@type\":\"ImageObject\",\"inLanguage\":\"fr-FR\",\"@id\":\"https:\/\/covers4car.com\/#\/schema\/logo\/image\/\",\"url\":\"https:\/\/covers4car.com\/wp-content\/uploads\/2024\/11\/Asset-2@5x-copy.jpg\",\"contentUrl\":\"https:\/\/covers4car.com\/wp-content\/uploads\/2024\/11\/Asset-2@5x-copy.jpg\",\"width\":877,\"height\":877,\"caption\":\"Covers4Car\"},\"image\":{\"@id\":\"https:\/\/covers4car.com\/#\/schema\/logo\/image\/\"},\"sameAs\":[\"https:\/\/www.facebook.com\/profile.php?id=61564533557142\",\"https:\/\/x.com\/covers4carstore\"]}]}<\/script>\n<!-- \/ Yoast SEO Premium plugin. -->","yoast_head_json":{"title":"Housse de si\u00e8ge sur mesure tout compris pour les nouveaux mod\u00e8les Tesla, Model et Juniper 2025+","description":"Housse de si\u00e8ge int\u00e9grale sur mesure Covers4Car pour Tesla, Model et Juniper (\u00e0 partir de 2025). Protection durable, \u00e9l\u00e9gante et conforme \u00e0 l&#039;origine pour l&#039;int\u00e9rieur de votre Tesla.","robots":{"index":"index","follow":"follow","max-snippet":"max-snippet:-1","max-image-preview":"max-image-preview:large","max-video-preview":"max-video-preview:-1"},"canonical":"https:\/\/covers4car.com\/fr\/produit\/custom-fit-all-inclusive-seat-cover-for-new-tesla-model-y-juniper-2025\/","og_locale":"fr_FR","og_type":"article","og_title":"Custom Fit All-Inclusive Seat Cover for New Tesla Model Y Juniper 2025+","og_description":"Covers4Car Custom Fit All-Inclusive Seat Cover for Tesla Model Y Juniper 2025+. Durable, stylish, and factory-style protection for your Tesla interior.","og_url":"https:\/\/covers4car.com\/fr\/produit\/custom-fit-all-inclusive-seat-cover-for-new-tesla-model-y-juniper-2025\/","og_site_name":"Covers4Car","article_publisher":"https:\/\/www.facebook.com\/profile.php?id=61564533557142","article_modified_time":"2026-04-04T10:07:15+00:00","og_image":[{"width":1000,"height":1000,"url":"https:\/\/covers4car.com\/wp-content\/uploads\/2025\/08\/1-33.webp","type":"image\/webp"}],"twitter_card":"summary_large_image","twitter_site":"@covers4carstore","twitter_misc":{"Dur\u00e9e de lecture estim\u00e9e":"4 minutes"},"schema":{"@context":"https:\/\/schema.org","@graph":[{"@type":"WebPage","@id":"https:\/\/covers4car.com\/product\/custom-fit-all-inclusive-seat-cover-for-new-tesla-model-y-juniper-2025\/","url":"https:\/\/covers4car.com\/product\/custom-fit-all-inclusive-seat-cover-for-new-tesla-model-y-juniper-2025\/","name":"Housse de si\u00e8ge sur mesure tout compris pour les nouveaux mod\u00e8les Tesla, Model et Juniper 2025+","isPartOf":{"@id":"https:\/\/covers4car.com\/#website"},"primaryImageOfPage":{"@id":"https:\/\/covers4car.com\/product\/custom-fit-all-inclusive-seat-cover-for-new-tesla-model-y-juniper-2025\/#primaryimage"},"image":{"@id":"https:\/\/covers4car.com\/product\/custom-fit-all-inclusive-seat-cover-for-new-tesla-model-y-juniper-2025\/#primaryimage"},"thumbnailUrl":"https:\/\/covers4car.com\/wp-content\/uploads\/2025\/08\/1-33.webp","datePublished":"2025-08-22T05:10:34+00:00","dateModified":"2026-04-04T10:07:15+00:00","description":"Housse de si\u00e8ge int\u00e9grale sur mesure Covers4Car pour Tesla, Model et Juniper (\u00e0 partir de 2025). Protection durable, \u00e9l\u00e9gante et conforme \u00e0 l&#039;origine pour l&#039;int\u00e9rieur de votre Tesla.","breadcrumb":{"@id":"https:\/\/covers4car.com\/product\/custom-fit-all-inclusive-seat-cover-for-new-tesla-model-y-juniper-2025\/#breadcrumb"},"inLanguage":"fr-FR","potentialAction":[{"@type":"ReadAction","target":["https:\/\/covers4car.com\/product\/custom-fit-all-inclusive-seat-cover-for-new-tesla-model-y-juniper-2025\/"]}]},{"@type":"ImageObject","inLanguage":"fr-FR","@id":"https:\/\/covers4car.com\/product\/custom-fit-all-inclusive-seat-cover-for-new-tesla-model-y-juniper-2025\/#primaryimage","url":"https:\/\/covers4car.com\/wp-content\/uploads\/2025\/08\/1-33.webp","contentUrl":"https:\/\/covers4car.com\/wp-content\/uploads\/2025\/08\/1-33.webp","width":1000,"height":1000},{"@type":"BreadcrumbList","@id":"https:\/\/covers4car.com\/product\/custom-fit-all-inclusive-seat-cover-for-new-tesla-model-y-juniper-2025\/#breadcrumb","itemListElement":[{"@type":"ListItem","position":1,"name":"Home","item":"https:\/\/covers4car.com\/"},{"@type":"ListItem","position":2,"name":"Shop","item":"https:\/\/covers4car.com\/shop\/"},{"@type":"ListItem","position":3,"name":"Custom Fit All-Inclusive Seat Cover for New Tesla Model Y Juniper 2025+"}]},{"@type":"WebSite","@id":"https:\/\/covers4car.com\/#website","url":"https:\/\/covers4car.com\/","name":"Covers4Car","description":"Housses de si\u00e8ge professionnelles adapt\u00e9es \u00e0 votre v\u00e9hicule","publisher":{"@id":"https:\/\/covers4car.com\/#organization"},"potentialAction":[{"@type":"SearchAction","target":{"@type":"EntryPoint","urlTemplate":"https:\/\/covers4car.com\/?s={search_term_string}"},"query-input":{"@type":"PropertyValueSpecification","valueRequired":true,"valueName":"search_term_string"}}],"inLanguage":"fr-FR"},{"@type":"Organization","@id":"https:\/\/covers4car.com\/#organization","name":"Covers4Car","url":"https:\/\/covers4car.com\/","logo":{"@type":"ImageObject","inLanguage":"fr-FR","@id":"https:\/\/covers4car.com\/#\/schema\/logo\/image\/","url":"https:\/\/covers4car.com\/wp-content\/uploads\/2024\/11\/Asset-2@5x-copy.jpg","contentUrl":"https:\/\/covers4car.com\/wp-content\/uploads\/2024\/11\/Asset-2@5x-copy.jpg","width":877,"height":877,"caption":"Covers4Car"},"image":{"@id":"https:\/\/covers4car.com\/#\/schema\/logo\/image\/"},"sameAs":["https:\/\/www.facebook.com\/profile.php?id=61564533557142","https:\/\/x.com\/covers4carstore"]}]}},"_links":{"self":[{"href":"https:\/\/covers4car.com\/fr\/wp-json\/wp\/v2\/product\/20719","targetHints":{"allow":["GET"]}}],"collection":[{"href":"https:\/\/covers4car.com\/fr\/wp-json\/wp\/v2\/product"}],"about":[{"href":"https:\/\/covers4car.com\/fr\/wp-json\/wp\/v2\/types\/product"}],"replies":[{"embeddable":true,"href":"https:\/\/covers4car.com\/fr\/wp-json\/wp\/v2\/comments?post=20719"}],"version-history":[{"count":0,"href":"https:\/\/covers4car.com\/fr\/wp-json\/wp\/v2\/product\/20719\/revisions"}],"wp:featuredmedia":[{"embeddable":true,"href":"https:\/\/covers4car.com\/fr\/wp-json\/wp\/v2\/media\/21557"}],"wp:attachment":[{"href":"https:\/\/covers4car.com\/fr\/wp-json\/wp\/v2\/media?parent=20719"}],"wp:term":[{"taxonomy":"product_brand","embeddable":true,"href":"https:\/\/covers4car.com\/fr\/wp-json\/wp\/v2\/product_brand?post=20719"},{"taxonomy":"product_cat","embeddable":true,"href":"https:\/\/covers4car.com\/fr\/wp-json\/wp\/v2\/product_cat?post=20719"},{"taxonomy":"product_tag","embeddable":true,"href":"https:\/\/covers4car.com\/fr\/wp-json\/wp\/v2\/product_tag?post=20719"},{"taxonomy":"jet_color","embeddable":true,"href":"https:\/\/covers4car.com\/fr\/wp-json\/wp\/v2\/jet_color?post=20719"},{"taxonomy":"jet_material","embeddable":true,"href":"https:\/\/covers4car.com\/fr\/wp-json\/wp\/v2\/jet_material?post=20719"},{"taxonomy":"jet_coverage","embeddable":true,"href":"https:\/\/covers4car.com\/fr\/wp-json\/wp\/v2\/jet_coverage?post=20719"}],"curies":[{"name":"wp","href":"https:\/\/api.w.org\/{rel}","templated":true}]}}