{"id":20900,"date":"2025-08-22T02:45:30","date_gmt":"2025-08-22T09:45:30","guid":{"rendered":"https:\/\/covers4car.com\/?post_type=product&#038;p=20900"},"modified":"2026-03-31T13:31:53","modified_gmt":"2026-03-31T20:31:53","slug":"custom-fit-all-inclusive-seat-cover-for-tesla-model-3-highland-performance-2024","status":"publish","type":"product","link":"https:\/\/covers4car.com\/fr\/produit\/custom-fit-all-inclusive-seat-cover-for-tesla-model-3-highland-performance-2024\/","title":{"rendered":"Housse de si\u00e8ge tout compris sur mesure pour Tesla Model 3 Highland Performance 2024+"},"content":{"rendered":"<p>Am\u00e9liorez votre Tesla avec la housse de si\u00e8ge int\u00e9grale sur mesure Covers4Car pour Model 3 Highland Performance 2024+. Con\u00e7ue pour un ajustement parfait, cette housse de si\u00e8ge allie durabilit\u00e9, confort et protection, pr\u00e9servant ainsi l&#039;\u00e9l\u00e9gance et la beaut\u00e9 de l&#039;int\u00e9rieur de votre Tesla.<\/p>\n<ul>\n<li><strong>Compatibilit\u00e9 : 2024+ Model 3 Highland Performance<span style=\"background-color: #ed1717; color: #f6f8fa;\">(Ne convient pas aux mod\u00e8les 2024+ Model 3 Highland\u00a0 <span style=\"background-color: #ed1717; color: #f6f8fa;\">Longue port\u00e9e<\/span>) <span style=\"background-color: #fff6f6; color: #111112;\">, pour la version longue port\u00e9e, veuillez cliquer sur ce lien : <span style=\"background-color: #f25f5f; color: #0b0b0b;\"><a style=\"background-color: #f25f5f; color: #0b0b0b;\" title=\"Housse de si\u00e8ge Highland tout compris 2024+ Tesla Model 3\" href=\"https:\/\/covers4car.com\/fr\/produit\/all-inclusive-seat-cover-for-tesla-model-3-highland-2024\/\" target=\"_blank\" rel=\"noopener\">Housse de si\u00e8ge Highland tout compris 2024+ Tesla Model 3<\/a><\/span><\/span><\/span><\/strong><\/li>\n<\/ul>\n<ul>\n<li>Ajustement parfait de style usine : con\u00e7u pour correspondre \u00e0 l&#039;aspect et \u00e0 la sensation luxueux des si\u00e8ges d&#039;usine Tesla, garantissant un ajustement parfait et un attrait esth\u00e9tique.<\/li>\n<\/ul>\n<div><img decoding=\"async\" src=\"https:\/\/cdn.shopify.com\/s\/files\/1\/0645\/2199\/4463\/files\/A1_1__750.jpg?v=1744811183\" alt=\"\" \/><\/div>\n<div>\n<div>\n<div>\n<div><img decoding=\"async\" src=\"https:\/\/cdn.shopify.com\/s\/files\/1\/0645\/2199\/4463\/files\/10004.jpg?v=1719053796\" alt=\"\" \/><\/div>\n<\/div>\n<\/div>\n<\/div>\n<ul>\n<li>Durabilit\u00e9 am\u00e9lior\u00e9e : Fabriqu\u00e9 \u00e0 partir de mat\u00e9riaux durables avec une surface lisse et respirante, facile \u00e0 nettoyer et qui maintient le confort en toutes saisons.<\/li>\n<\/ul>\n<div>\n<div>\n<div>\n<div><img decoding=\"async\" src=\"https:\/\/cdn.shopify.com\/s\/files\/1\/0645\/2199\/4463\/files\/7_46413ae7-9b8e-41ad-984a-859cd1ceb33f.jpg?v=1721909539\" alt=\"\" \/><\/div>\n<\/div>\n<\/div>\n<\/div>\n<ul>\n<li>S\u00e9curit\u00e9 de conduite : Comprend des ouvertures d&#039;airbag r\u00e9serv\u00e9es pour une s\u00e9curit\u00e9 et une tranquillit\u00e9 d&#039;esprit accrues.<\/li>\n<\/ul>\n<div>\n<div>\n<div>\n<div>\n<div><a href=\"https:\/\/covers4car.com\/wp-content\/uploads\/2025\/08\/3-5.webp\"><img fetchpriority=\"high\" decoding=\"async\" class=\"wd-lazy-fade alignnone size-full wp-image-21715\" src=\"https:\/\/covers4car.com\/wp-content\/themes\/woodmart\/images\/lazy.svg\" data-src=\"https:\/\/covers4car.com\/wp-content\/uploads\/2025\/08\/3-5.webp\" alt=\"\" width=\"1000\" height=\"1000\" srcset=\"\" data-srcset=\"https:\/\/covers4car.com\/wp-content\/uploads\/2025\/08\/3-5.webp 1000w, https:\/\/covers4car.com\/wp-content\/uploads\/2025\/08\/3-5-300x300.webp 300w, https:\/\/covers4car.com\/wp-content\/uploads\/2025\/08\/3-5-150x150.webp 150w, https:\/\/covers4car.com\/wp-content\/uploads\/2025\/08\/3-5-768x768.webp 768w, https:\/\/covers4car.com\/wp-content\/uploads\/2025\/08\/3-5-12x12.webp 12w, https:\/\/covers4car.com\/wp-content\/uploads\/2025\/08\/3-5-600x600.webp 600w, https:\/\/covers4car.com\/wp-content\/uploads\/2025\/08\/3-5-148x148.webp 148w, https:\/\/covers4car.com\/wp-content\/uploads\/2025\/08\/3-5-50x50.webp 50w, https:\/\/covers4car.com\/wp-content\/uploads\/2025\/08\/3-5-100x100.webp 100w\" sizes=\"(max-width: 1000px) 100vw, 1000px\" \/><\/a><\/div>\n<\/div>\n<\/div>\n<\/div>\n<\/div>\n<ul>\n<li>Protection compl\u00e8te\u00a0: Offre une protection \u00e0 360\u00b0 pour prot\u00e9ger vos si\u00e8ges Highland Tesla Model 3 de la salet\u00e9, des taches, de l&#039;abrasion et de l&#039;usure caus\u00e9e par les animaux ou les enfants, les gardant impeccables. Les traces de pattes boueuses et les boissons renvers\u00e9es par les enfants s&#039;effacent rapidement avec une serviette, pour des si\u00e8ges comme neufs.<\/li>\n<\/ul>\n<div>\n<div>\n<div>\n<div><img decoding=\"async\" src=\"https:\/\/cdn.shopify.com\/s\/files\/1\/0645\/2199\/4463\/files\/A4_d2bd231f-596b-4526-be35-898923683860.jpg?v=1721909621\" alt=\"\" \/><\/div>\n<\/div>\n<\/div>\n<\/div>\n<ul>\n<li>Long\u00e9vit\u00e9 et valeur de revente : Prolonge la dur\u00e9e de vie de vos si\u00e8ges Tesla de 5 \u00e0 6 ans, les prot\u00e9geant des dommages et pr\u00e9servant le potentiel de revente du v\u00e9hicule.<\/li>\n<\/ul>\n<div>\n<div>\n<div>\n<div><img decoding=\"async\" src=\"https:\/\/cdn.shopify.com\/s\/files\/1\/0645\/2199\/4463\/files\/10001_1a882ed7-fd5e-4b75-ac84-6157a1725ed4.jpg?v=1721909646\" alt=\"\" \/><\/div>\n<\/div>\n<\/div>\n<\/div>\n<ul>\n<li>Couleurs multiples : Disponible en plusieurs couleurs avec des options de combinaisons bicolores, vous permettant de personnaliser l&#039;int\u00e9rieur de votre Tesla Model 3 Highland.<\/li>\n<\/ul>\n<div>\n<div>\n<div>\n<div><img decoding=\"async\" src=\"https:\/\/cdn.shopify.com\/s\/files\/1\/0645\/2199\/4463\/files\/750-888.jpg?v=1723020886\" alt=\"\" \/><\/div>\n<\/div>\n<\/div>\n<\/div>\n<div><\/div>\n<p><strong>Ensemble complet (si\u00e8ges avant et arri\u00e8re) :<\/strong><\/p>\n<ul>\n<li>2x housses de si\u00e8ge avant<\/li>\n<li>1x housse d&#039;accoudoir<\/li>\n<li>1x housse de si\u00e8ge arri\u00e8re compl\u00e8te<\/li>\n<\/ul>\n<p><strong>Si\u00e8ges avant uniquement<\/strong><\/p>\n<ul>\n<li>2x housses de si\u00e8ge avant<\/li>\n<li>1x housse d&#039;accoudoir<\/li>\n<\/ul>\n<p><strong>Si\u00e8ges arri\u00e8re uniquement<\/strong><\/p>\n<ul>\n<li>1x housse de si\u00e8ge arri\u00e8re compl\u00e8te<\/li>\n<\/ul>\n<p><iframe title=\"Lecteur vid\u00e9o YouTube\" src=\"https:\/\/www.youtube.com\/embed\/mHfcbLZHCb4?si=7w8Qx8BjGptAkW7p\" width=\"560\" height=\"315\" frameborder=\"0\" allowfullscreen=\"allowfullscreen\"><\/iframe><\/p>","protected":false},"excerpt":{"rendered":"<p>Am\u00e9liorez votre Tesla avec la housse de si\u00e8ge int\u00e9grale sur mesure Covers4Car pour Model 3 Highland Performance 2024+. Con\u00e7ue pour un ajustement parfait.<\/p>","protected":false},"featured_media":21751,"comment_status":"open","ping_status":"closed","template":"","meta":{"_acf_changed":false,"_monsterinsights_skip_tracking":false,"_monsterinsights_sitenote_active":false,"_monsterinsights_sitenote_note":"","_monsterinsights_sitenote_category":0},"product_brand":[],"product_cat":[124,87,22971],"product_tag":[55021],"jet_color":[],"jet_material":[],"jet_coverage":[],"class_list":{"0":"post-20900","1":"product","2":"type-product","3":"status-publish","4":"has-post-thumbnail","6":"product_cat-seat-cover","7":"product_cat-seat-cover-for-tesla","8":"product_cat-seat-cover-for-tesla-model-3","9":"product_tag-fit-m3phighland","11":"first","12":"instock","13":"shipping-taxable","14":"purchasable","15":"product-type-variable","16":"has-default-attributes","17":"wvs-archive-product-wrapper"},"acf":[],"yoast_head":"<!-- This site is optimized with the Yoast SEO Premium plugin v26.4 (Yoast SEO v26.4) - https:\/\/yoast.com\/wordpress\/plugins\/seo\/ -->\n<title>Custom Fit All-Inclusive Seat Cover for Tesla Model 3 Highland Performance 2024+<\/title>\n<meta name=\"description\" content=\"Custom fit Tesla Model 3 Highland Performance 2024 seat cover from Covers4Car. Stylish, durable, and protective for your Tesla interior.\" \/>\n<meta name=\"robots\" content=\"index, follow, max-snippet:-1, max-image-preview:large, max-video-preview:-1\" \/>\n<link rel=\"canonical\" href=\"https:\/\/covers4car.com\/fr\/produit\/custom-fit-all-inclusive-seat-cover-for-tesla-model-3-highland-performance-2024\/\" \/>\n<meta property=\"og:locale\" content=\"fr_FR\" \/>\n<meta property=\"og:type\" content=\"article\" \/>\n<meta property=\"og:title\" content=\"Custom Fit All-Inclusive Seat Cover for Tesla Model 3 Highland Performance 2024+\" \/>\n<meta property=\"og:description\" content=\"Custom fit Tesla Model 3 Highland Performance 2024 seat cover from Covers4Car. Stylish, durable, and protective for your Tesla interior.\" \/>\n<meta property=\"og:url\" content=\"https:\/\/covers4car.com\/fr\/produit\/custom-fit-all-inclusive-seat-cover-for-tesla-model-3-highland-performance-2024\/\" \/>\n<meta property=\"og:site_name\" content=\"Covers4Car\" \/>\n<meta property=\"article:publisher\" content=\"https:\/\/www.facebook.com\/profile.php?id=61564533557142\" \/>\n<meta property=\"article:modified_time\" content=\"2026-03-31T20:31:53+00:00\" \/>\n<meta property=\"og:image\" content=\"https:\/\/covers4car.com\/wp-content\/uploads\/2025\/08\/new_B.webp\" \/>\n\t<meta property=\"og:image:width\" content=\"1000\" \/>\n\t<meta property=\"og:image:height\" content=\"1000\" \/>\n\t<meta property=\"og:image:type\" content=\"image\/webp\" \/>\n<meta name=\"twitter:card\" content=\"summary_large_image\" \/>\n<meta name=\"twitter:site\" content=\"@covers4carstore\" \/>\n<meta name=\"twitter:label1\" content=\"Dur\u00e9e de lecture estim\u00e9e\" \/>\n\t<meta name=\"twitter:data1\" content=\"3 minutes\" \/>\n<script type=\"application\/ld+json\" class=\"yoast-schema-graph\">{\"@context\":\"https:\/\/schema.org\",\"@graph\":[{\"@type\":\"WebPage\",\"@id\":\"https:\/\/covers4car.com\/product\/custom-fit-all-inclusive-seat-cover-for-tesla-model-3-highland-performance-2024\/\",\"url\":\"https:\/\/covers4car.com\/product\/custom-fit-all-inclusive-seat-cover-for-tesla-model-3-highland-performance-2024\/\",\"name\":\"Custom Fit All-Inclusive Seat Cover for Tesla Model 3 Highland Performance 2024+\",\"isPartOf\":{\"@id\":\"https:\/\/covers4car.com\/#website\"},\"primaryImageOfPage\":{\"@id\":\"https:\/\/covers4car.com\/product\/custom-fit-all-inclusive-seat-cover-for-tesla-model-3-highland-performance-2024\/#primaryimage\"},\"image\":{\"@id\":\"https:\/\/covers4car.com\/product\/custom-fit-all-inclusive-seat-cover-for-tesla-model-3-highland-performance-2024\/#primaryimage\"},\"thumbnailUrl\":\"https:\/\/covers4car.com\/wp-content\/uploads\/2025\/08\/new_B.webp\",\"datePublished\":\"2025-08-22T09:45:30+00:00\",\"dateModified\":\"2026-03-31T20:31:53+00:00\",\"description\":\"Custom fit Tesla Model 3 Highland Performance 2024 seat cover from Covers4Car. Stylish, durable, and protective for your Tesla interior.\",\"breadcrumb\":{\"@id\":\"https:\/\/covers4car.com\/product\/custom-fit-all-inclusive-seat-cover-for-tesla-model-3-highland-performance-2024\/#breadcrumb\"},\"inLanguage\":\"fr-FR\",\"potentialAction\":[{\"@type\":\"ReadAction\",\"target\":[\"https:\/\/covers4car.com\/product\/custom-fit-all-inclusive-seat-cover-for-tesla-model-3-highland-performance-2024\/\"]}]},{\"@type\":\"ImageObject\",\"inLanguage\":\"fr-FR\",\"@id\":\"https:\/\/covers4car.com\/product\/custom-fit-all-inclusive-seat-cover-for-tesla-model-3-highland-performance-2024\/#primaryimage\",\"url\":\"https:\/\/covers4car.com\/wp-content\/uploads\/2025\/08\/new_B.webp\",\"contentUrl\":\"https:\/\/covers4car.com\/wp-content\/uploads\/2025\/08\/new_B.webp\",\"width\":1000,\"height\":1000},{\"@type\":\"BreadcrumbList\",\"@id\":\"https:\/\/covers4car.com\/product\/custom-fit-all-inclusive-seat-cover-for-tesla-model-3-highland-performance-2024\/#breadcrumb\",\"itemListElement\":[{\"@type\":\"ListItem\",\"position\":1,\"name\":\"Home\",\"item\":\"https:\/\/covers4car.com\/\"},{\"@type\":\"ListItem\",\"position\":2,\"name\":\"Shop\",\"item\":\"https:\/\/covers4car.com\/shop\/\"},{\"@type\":\"ListItem\",\"position\":3,\"name\":\"Custom Fit All-Inclusive Seat Cover for Tesla Model 3 Highland Performance 2024+\"}]},{\"@type\":\"WebSite\",\"@id\":\"https:\/\/covers4car.com\/#website\",\"url\":\"https:\/\/covers4car.com\/\",\"name\":\"Covers4Car\",\"description\":\"Professional Seat Covers Tailored for Your Vehicle\",\"publisher\":{\"@id\":\"https:\/\/covers4car.com\/#organization\"},\"potentialAction\":[{\"@type\":\"SearchAction\",\"target\":{\"@type\":\"EntryPoint\",\"urlTemplate\":\"https:\/\/covers4car.com\/?s={search_term_string}\"},\"query-input\":{\"@type\":\"PropertyValueSpecification\",\"valueRequired\":true,\"valueName\":\"search_term_string\"}}],\"inLanguage\":\"fr-FR\"},{\"@type\":\"Organization\",\"@id\":\"https:\/\/covers4car.com\/#organization\",\"name\":\"Covers4Car\",\"url\":\"https:\/\/covers4car.com\/\",\"logo\":{\"@type\":\"ImageObject\",\"inLanguage\":\"fr-FR\",\"@id\":\"https:\/\/covers4car.com\/#\/schema\/logo\/image\/\",\"url\":\"https:\/\/covers4car.com\/wp-content\/uploads\/2024\/11\/Asset-2@5x-copy.jpg\",\"contentUrl\":\"https:\/\/covers4car.com\/wp-content\/uploads\/2024\/11\/Asset-2@5x-copy.jpg\",\"width\":877,\"height\":877,\"caption\":\"Covers4Car\"},\"image\":{\"@id\":\"https:\/\/covers4car.com\/#\/schema\/logo\/image\/\"},\"sameAs\":[\"https:\/\/www.facebook.com\/profile.php?id=61564533557142\",\"https:\/\/x.com\/covers4carstore\"]}]}<\/script>\n<!-- \/ Yoast SEO Premium plugin. -->","yoast_head_json":{"title":"Housse de si\u00e8ge tout compris sur mesure pour Tesla Model 3 Highland Performance 2024+","description":"Housse de si\u00e8ge sur mesure pour Toyota Highlander Performance Tesla\/Model (2024) de Covers4Car. \u00c9l\u00e9gante, r\u00e9sistante et protectrice pour l&#039;int\u00e9rieur de votre Tesla.","robots":{"index":"index","follow":"follow","max-snippet":"max-snippet:-1","max-image-preview":"max-image-preview:large","max-video-preview":"max-video-preview:-1"},"canonical":"https:\/\/covers4car.com\/fr\/produit\/custom-fit-all-inclusive-seat-cover-for-tesla-model-3-highland-performance-2024\/","og_locale":"fr_FR","og_type":"article","og_title":"Custom Fit All-Inclusive Seat Cover for Tesla Model 3 Highland Performance 2024+","og_description":"Custom fit Tesla Model 3 Highland Performance 2024 seat cover from Covers4Car. Stylish, durable, and protective for your Tesla interior.","og_url":"https:\/\/covers4car.com\/fr\/produit\/custom-fit-all-inclusive-seat-cover-for-tesla-model-3-highland-performance-2024\/","og_site_name":"Covers4Car","article_publisher":"https:\/\/www.facebook.com\/profile.php?id=61564533557142","article_modified_time":"2026-03-31T20:31:53+00:00","og_image":[{"width":1000,"height":1000,"url":"https:\/\/covers4car.com\/wp-content\/uploads\/2025\/08\/new_B.webp","type":"image\/webp"}],"twitter_card":"summary_large_image","twitter_site":"@covers4carstore","twitter_misc":{"Dur\u00e9e de lecture estim\u00e9e":"3 minutes"},"schema":{"@context":"https:\/\/schema.org","@graph":[{"@type":"WebPage","@id":"https:\/\/covers4car.com\/product\/custom-fit-all-inclusive-seat-cover-for-tesla-model-3-highland-performance-2024\/","url":"https:\/\/covers4car.com\/product\/custom-fit-all-inclusive-seat-cover-for-tesla-model-3-highland-performance-2024\/","name":"Housse de si\u00e8ge tout compris sur mesure pour Tesla Model 3 Highland Performance 2024+","isPartOf":{"@id":"https:\/\/covers4car.com\/#website"},"primaryImageOfPage":{"@id":"https:\/\/covers4car.com\/product\/custom-fit-all-inclusive-seat-cover-for-tesla-model-3-highland-performance-2024\/#primaryimage"},"image":{"@id":"https:\/\/covers4car.com\/product\/custom-fit-all-inclusive-seat-cover-for-tesla-model-3-highland-performance-2024\/#primaryimage"},"thumbnailUrl":"https:\/\/covers4car.com\/wp-content\/uploads\/2025\/08\/new_B.webp","datePublished":"2025-08-22T09:45:30+00:00","dateModified":"2026-03-31T20:31:53+00:00","description":"Housse de si\u00e8ge sur mesure pour Toyota Highlander Performance Tesla\/Model (2024) de Covers4Car. \u00c9l\u00e9gante, r\u00e9sistante et protectrice pour l&#039;int\u00e9rieur de votre Tesla.","breadcrumb":{"@id":"https:\/\/covers4car.com\/product\/custom-fit-all-inclusive-seat-cover-for-tesla-model-3-highland-performance-2024\/#breadcrumb"},"inLanguage":"fr-FR","potentialAction":[{"@type":"ReadAction","target":["https:\/\/covers4car.com\/product\/custom-fit-all-inclusive-seat-cover-for-tesla-model-3-highland-performance-2024\/"]}]},{"@type":"ImageObject","inLanguage":"fr-FR","@id":"https:\/\/covers4car.com\/product\/custom-fit-all-inclusive-seat-cover-for-tesla-model-3-highland-performance-2024\/#primaryimage","url":"https:\/\/covers4car.com\/wp-content\/uploads\/2025\/08\/new_B.webp","contentUrl":"https:\/\/covers4car.com\/wp-content\/uploads\/2025\/08\/new_B.webp","width":1000,"height":1000},{"@type":"BreadcrumbList","@id":"https:\/\/covers4car.com\/product\/custom-fit-all-inclusive-seat-cover-for-tesla-model-3-highland-performance-2024\/#breadcrumb","itemListElement":[{"@type":"ListItem","position":1,"name":"Home","item":"https:\/\/covers4car.com\/"},{"@type":"ListItem","position":2,"name":"Shop","item":"https:\/\/covers4car.com\/shop\/"},{"@type":"ListItem","position":3,"name":"Custom Fit All-Inclusive Seat Cover for Tesla Model 3 Highland Performance 2024+"}]},{"@type":"WebSite","@id":"https:\/\/covers4car.com\/#website","url":"https:\/\/covers4car.com\/","name":"Covers4Car","description":"Housses de si\u00e8ge professionnelles adapt\u00e9es \u00e0 votre v\u00e9hicule","publisher":{"@id":"https:\/\/covers4car.com\/#organization"},"potentialAction":[{"@type":"SearchAction","target":{"@type":"EntryPoint","urlTemplate":"https:\/\/covers4car.com\/?s={search_term_string}"},"query-input":{"@type":"PropertyValueSpecification","valueRequired":true,"valueName":"search_term_string"}}],"inLanguage":"fr-FR"},{"@type":"Organization","@id":"https:\/\/covers4car.com\/#organization","name":"Covers4Car","url":"https:\/\/covers4car.com\/","logo":{"@type":"ImageObject","inLanguage":"fr-FR","@id":"https:\/\/covers4car.com\/#\/schema\/logo\/image\/","url":"https:\/\/covers4car.com\/wp-content\/uploads\/2024\/11\/Asset-2@5x-copy.jpg","contentUrl":"https:\/\/covers4car.com\/wp-content\/uploads\/2024\/11\/Asset-2@5x-copy.jpg","width":877,"height":877,"caption":"Covers4Car"},"image":{"@id":"https:\/\/covers4car.com\/#\/schema\/logo\/image\/"},"sameAs":["https:\/\/www.facebook.com\/profile.php?id=61564533557142","https:\/\/x.com\/covers4carstore"]}]}},"_links":{"self":[{"href":"https:\/\/covers4car.com\/fr\/wp-json\/wp\/v2\/product\/20900","targetHints":{"allow":["GET"]}}],"collection":[{"href":"https:\/\/covers4car.com\/fr\/wp-json\/wp\/v2\/product"}],"about":[{"href":"https:\/\/covers4car.com\/fr\/wp-json\/wp\/v2\/types\/product"}],"replies":[{"embeddable":true,"href":"https:\/\/covers4car.com\/fr\/wp-json\/wp\/v2\/comments?post=20900"}],"version-history":[{"count":0,"href":"https:\/\/covers4car.com\/fr\/wp-json\/wp\/v2\/product\/20900\/revisions"}],"wp:featuredmedia":[{"embeddable":true,"href":"https:\/\/covers4car.com\/fr\/wp-json\/wp\/v2\/media\/21751"}],"wp:attachment":[{"href":"https:\/\/covers4car.com\/fr\/wp-json\/wp\/v2\/media?parent=20900"}],"wp:term":[{"taxonomy":"product_brand","embeddable":true,"href":"https:\/\/covers4car.com\/fr\/wp-json\/wp\/v2\/product_brand?post=20900"},{"taxonomy":"product_cat","embeddable":true,"href":"https:\/\/covers4car.com\/fr\/wp-json\/wp\/v2\/product_cat?post=20900"},{"taxonomy":"product_tag","embeddable":true,"href":"https:\/\/covers4car.com\/fr\/wp-json\/wp\/v2\/product_tag?post=20900"},{"taxonomy":"jet_color","embeddable":true,"href":"https:\/\/covers4car.com\/fr\/wp-json\/wp\/v2\/jet_color?post=20900"},{"taxonomy":"jet_material","embeddable":true,"href":"https:\/\/covers4car.com\/fr\/wp-json\/wp\/v2\/jet_material?post=20900"},{"taxonomy":"jet_coverage","embeddable":true,"href":"https:\/\/covers4car.com\/fr\/wp-json\/wp\/v2\/jet_coverage?post=20900"}],"curies":[{"name":"wp","href":"https:\/\/api.w.org\/{rel}","templated":true}]}}